{"id":756,"date":"2024-07-26T17:04:02","date_gmt":"2024-07-26T17:04:02","guid":{"rendered":"https:\/\/www.cltweb.org\/recherche-collaborative\/"},"modified":"2024-08-22T22:22:38","modified_gmt":"2024-08-22T22:22:38","slug":"recherche-collaborative","status":"publish","type":"page","link":"https:\/\/www.cltweb.org\/fr\/programmes-et-projets\/recherche-collaborative\/","title":{"rendered":"Recherche collaborative"},"content":{"rendered":"","protected":false},"excerpt":{"rendered":"","protected":false},"author":1,"featured_media":0,"parent":907,"menu_order":0,"comment_status":"closed","ping_status":"closed","template":"","meta":{"give_campaign_id":0,"_tec_requires_first_save":true,"_kad_blocks_custom_css":"","_kad_blocks_head_custom_js":"","_kad_blocks_body_custom_js":"","_kad_blocks_footer_custom_js":"","_EventAllDay":false,"_EventTimezone":"","_EventStartDate":"","_EventEndDate":"","_EventStartDateUTC":"","_EventEndDateUTC":"","_EventShowMap":false,"_EventShowMapLink":false,"_EventURL":"","_EventCost":"","_EventCostDescription":"","_EventCurrencySymbol":"","_EventCurrencyCode":"","_EventCurrencyPosition":"","_EventDateTimeSeparator":"","_EventTimeRangeSeparator":"","_EventOrganizerID":[],"_EventVenueID":[],"_OrganizerEmail":"","_OrganizerPhone":"","_OrganizerWebsite":"","_VenueAddress":"","_VenueCity":"","_VenueCountry":"","_VenueProvince":"","_VenueState":"","_VenueZip":"","_VenuePhone":"","_VenueURL":"","_VenueStateProvince":"","_VenueLat":"","_VenueLng":"","_VenueShowMap":false,"_VenueShowMapLink":false,"_tribe_blocks_recurrence_rules":"","_tribe_blocks_recurrence_description":"","_tribe_blocks_recurrence_exclusions":"","footnotes":""},"categories":[59],"tags":[],"class_list":["post-756","page","type-page","status-publish","hentry","category-programmes-et-projets"],"blocksy_meta":[],"yoast_head":"<!-- This site is optimized with the Yoast SEO Premium plugin v27.5 (Yoast SEO v27.5) - https:\/\/yoast.com\/product\/yoast-seo-premium-wordpress\/ -->\n<title>Recherche collaborative - International Center for Community Land Trusts<\/title>\n<meta name=\"robots\" content=\"index, follow, max-snippet:-1, max-image-preview:large, max-video-preview:-1\" \/>\n<link rel=\"canonical\" href=\"https:\/\/www.cltweb.org\/fr\/programmes-et-projets\/recherche-collaborative\/\" \/>\n<meta property=\"og:locale\" content=\"fr_FR\" \/>\n<meta property=\"og:type\" content=\"article\" \/>\n<meta property=\"og:title\" content=\"Recherche collaborative\" \/>\n<meta property=\"og:url\" content=\"https:\/\/www.cltweb.org\/fr\/programmes-et-projets\/recherche-collaborative\/\" \/>\n<meta property=\"og:site_name\" content=\"International Center for Community Land Trusts\" \/>\n<meta property=\"article:publisher\" content=\"https:\/\/www.facebook.com\/cltcenter\" \/>\n<meta property=\"article:modified_time\" content=\"2024-08-22T22:22:38+00:00\" \/>\n<meta name=\"twitter:card\" content=\"summary_large_image\" \/>\n<meta name=\"twitter:site\" content=\"@Center4CLTs\" \/>\n<script type=\"application\/ld+json\" class=\"yoast-schema-graph\">{\"@context\":\"https:\\\/\\\/schema.org\",\"@graph\":[{\"@type\":\"WebPage\",\"@id\":\"https:\\\/\\\/www.cltweb.org\\\/fr\\\/programmes-et-projets\\\/recherche-collaborative\\\/\",\"url\":\"https:\\\/\\\/www.cltweb.org\\\/fr\\\/programmes-et-projets\\\/recherche-collaborative\\\/\",\"name\":\"Recherche collaborative - International Center for Community Land Trusts\",\"isPartOf\":{\"@id\":\"https:\\\/\\\/www.cltweb.org\\\/fr\\\/#website\"},\"datePublished\":\"2024-07-26T17:04:02+00:00\",\"dateModified\":\"2024-08-22T22:22:38+00:00\",\"breadcrumb\":{\"@id\":\"https:\\\/\\\/www.cltweb.org\\\/fr\\\/programmes-et-projets\\\/recherche-collaborative\\\/#breadcrumb\"},\"inLanguage\":\"fr-FR\",\"potentialAction\":[{\"@type\":\"ReadAction\",\"target\":[\"https:\\\/\\\/www.cltweb.org\\\/fr\\\/programmes-et-projets\\\/recherche-collaborative\\\/\"]}]},{\"@type\":\"BreadcrumbList\",\"@id\":\"https:\\\/\\\/www.cltweb.org\\\/fr\\\/programmes-et-projets\\\/recherche-collaborative\\\/#breadcrumb\",\"itemListElement\":[{\"@type\":\"ListItem\",\"position\":1,\"name\":\"Home\",\"item\":\"https:\\\/\\\/www.cltweb.org\\\/fr\\\/\"},{\"@type\":\"ListItem\",\"position\":2,\"name\":\"Programmes et projets\",\"item\":\"https:\\\/\\\/www.cltweb.org\\\/fr\\\/programs\\\/\"},{\"@type\":\"ListItem\",\"position\":3,\"name\":\"Recherche collaborative\"}]},{\"@type\":\"WebSite\",\"@id\":\"https:\\\/\\\/www.cltweb.org\\\/fr\\\/#website\",\"url\":\"https:\\\/\\\/www.cltweb.org\\\/fr\\\/\",\"name\":\"International Center for Community Land Trusts\",\"description\":\"\",\"publisher\":{\"@id\":\"https:\\\/\\\/www.cltweb.org\\\/fr\\\/#organization\"},\"potentialAction\":[{\"@type\":\"SearchAction\",\"target\":{\"@type\":\"EntryPoint\",\"urlTemplate\":\"https:\\\/\\\/www.cltweb.org\\\/fr\\\/?s={search_term_string}\"},\"query-input\":{\"@type\":\"PropertyValueSpecification\",\"valueRequired\":true,\"valueName\":\"search_term_string\"}}],\"inLanguage\":\"fr-FR\"},{\"@type\":\"Organization\",\"@id\":\"https:\\\/\\\/www.cltweb.org\\\/fr\\\/#organization\",\"name\":\"International Center for Community Land Trusts\",\"url\":\"https:\\\/\\\/www.cltweb.org\\\/fr\\\/\",\"logo\":{\"@type\":\"ImageObject\",\"inLanguage\":\"fr-FR\",\"@id\":\"https:\\\/\\\/www.cltweb.org\\\/fr\\\/#\\\/schema\\\/logo\\\/image\\\/\",\"url\":\"https:\\\/\\\/www.cltweb.org\\\/wp-content\\\/uploads\\\/2024\\\/11\\\/New-CLT-Center-Text-logo.png\",\"contentUrl\":\"https:\\\/\\\/www.cltweb.org\\\/wp-content\\\/uploads\\\/2024\\\/11\\\/New-CLT-Center-Text-logo.png\",\"width\":227,\"height\":80,\"caption\":\"International Center for Community Land Trusts\"},\"image\":{\"@id\":\"https:\\\/\\\/www.cltweb.org\\\/fr\\\/#\\\/schema\\\/logo\\\/image\\\/\"},\"sameAs\":[\"https:\\\/\\\/www.facebook.com\\\/cltcenter\",\"https:\\\/\\\/x.com\\\/Center4CLTs\",\"https:\\\/\\\/www.instagram.com\\\/cltcenter\\\/\",\"https:\\\/\\\/www.linkedin.com\\\/company\\\/cltcenter\",\"https:\\\/\\\/www.youtube.com\\\/@centerforcltinnovation5313\"],\"description\":\"The International Center for Community Land Trusts is a not-for-profit nongovernmental organization established in 2018 to promote and to support community land trusts and similar strategies of community-led development on community-owned land in countries throughout the world.\",\"email\":\"info@communitylandtrust.net\",\"legalName\":\"International Center for Community Land Trusts\",\"foundingDate\":\"2018-12-01\",\"taxID\":\"84-3858933\",\"numberOfEmployees\":{\"@type\":\"QuantitativeValue\",\"minValue\":\"1\",\"maxValue\":\"10\"}}]}<\/script>\n<!-- \/ Yoast SEO Premium plugin. -->","yoast_head_json":{"title":"Recherche collaborative - International Center for Community Land Trusts","robots":{"index":"index","follow":"follow","max-snippet":"max-snippet:-1","max-image-preview":"max-image-preview:large","max-video-preview":"max-video-preview:-1"},"canonical":"https:\/\/www.cltweb.org\/fr\/programmes-et-projets\/recherche-collaborative\/","og_locale":"fr_FR","og_type":"article","og_title":"Recherche collaborative","og_url":"https:\/\/www.cltweb.org\/fr\/programmes-et-projets\/recherche-collaborative\/","og_site_name":"International Center for Community Land Trusts","article_publisher":"https:\/\/www.facebook.com\/cltcenter","article_modified_time":"2024-08-22T22:22:38+00:00","twitter_card":"summary_large_image","twitter_site":"@Center4CLTs","schema":{"@context":"https:\/\/schema.org","@graph":[{"@type":"WebPage","@id":"https:\/\/www.cltweb.org\/fr\/programmes-et-projets\/recherche-collaborative\/","url":"https:\/\/www.cltweb.org\/fr\/programmes-et-projets\/recherche-collaborative\/","name":"Recherche collaborative - International Center for Community Land Trusts","isPartOf":{"@id":"https:\/\/www.cltweb.org\/fr\/#website"},"datePublished":"2024-07-26T17:04:02+00:00","dateModified":"2024-08-22T22:22:38+00:00","breadcrumb":{"@id":"https:\/\/www.cltweb.org\/fr\/programmes-et-projets\/recherche-collaborative\/#breadcrumb"},"inLanguage":"fr-FR","potentialAction":[{"@type":"ReadAction","target":["https:\/\/www.cltweb.org\/fr\/programmes-et-projets\/recherche-collaborative\/"]}]},{"@type":"BreadcrumbList","@id":"https:\/\/www.cltweb.org\/fr\/programmes-et-projets\/recherche-collaborative\/#breadcrumb","itemListElement":[{"@type":"ListItem","position":1,"name":"Home","item":"https:\/\/www.cltweb.org\/fr\/"},{"@type":"ListItem","position":2,"name":"Programmes et projets","item":"https:\/\/www.cltweb.org\/fr\/programs\/"},{"@type":"ListItem","position":3,"name":"Recherche collaborative"}]},{"@type":"WebSite","@id":"https:\/\/www.cltweb.org\/fr\/#website","url":"https:\/\/www.cltweb.org\/fr\/","name":"International Center for Community Land Trusts","description":"","publisher":{"@id":"https:\/\/www.cltweb.org\/fr\/#organization"},"potentialAction":[{"@type":"SearchAction","target":{"@type":"EntryPoint","urlTemplate":"https:\/\/www.cltweb.org\/fr\/?s={search_term_string}"},"query-input":{"@type":"PropertyValueSpecification","valueRequired":true,"valueName":"search_term_string"}}],"inLanguage":"fr-FR"},{"@type":"Organization","@id":"https:\/\/www.cltweb.org\/fr\/#organization","name":"International Center for Community Land Trusts","url":"https:\/\/www.cltweb.org\/fr\/","logo":{"@type":"ImageObject","inLanguage":"fr-FR","@id":"https:\/\/www.cltweb.org\/fr\/#\/schema\/logo\/image\/","url":"https:\/\/www.cltweb.org\/wp-content\/uploads\/2024\/11\/New-CLT-Center-Text-logo.png","contentUrl":"https:\/\/www.cltweb.org\/wp-content\/uploads\/2024\/11\/New-CLT-Center-Text-logo.png","width":227,"height":80,"caption":"International Center for Community Land Trusts"},"image":{"@id":"https:\/\/www.cltweb.org\/fr\/#\/schema\/logo\/image\/"},"sameAs":["https:\/\/www.facebook.com\/cltcenter","https:\/\/x.com\/Center4CLTs","https:\/\/www.instagram.com\/cltcenter\/","https:\/\/www.linkedin.com\/company\/cltcenter","https:\/\/www.youtube.com\/@centerforcltinnovation5313"],"description":"The International Center for Community Land Trusts is a not-for-profit nongovernmental organization established in 2018 to promote and to support community land trusts and similar strategies of community-led development on community-owned land in countries throughout the world.","email":"info@communitylandtrust.net","legalName":"International Center for Community Land Trusts","foundingDate":"2018-12-01","taxID":"84-3858933","numberOfEmployees":{"@type":"QuantitativeValue","minValue":"1","maxValue":"10"}}]}},"campaignId":"","taxonomy_info":{"category":[{"value":59,"label":"Programmes et projets"}]},"featured_image_src_large":false,"author_info":{"display_name":"cltredesign_0jp0l4","author_link":"https:\/\/www.cltweb.org\/fr\/author\/cltredesign_0jp0l4\/"},"comment_info":0,"jetpack_sharing_enabled":true,"jetpack-related-posts":[{"id":907,"url":"https:\/\/www.cltweb.org\/fr\/programmes-et-projets\/","url_meta":{"origin":756,"position":0},"title":"Programmes et projets","author":"cltredesign_0jp0l4","date":"26 juillet 2024","format":false,"excerpt":"L'\u00e9ducation Am\u00e9liorer la sensibilisation, les ressources et le soutien aux praticiens et aux communaut\u00e9s CLT. Biblioth\u00e8que en ligne et archives CLT : Collecter et conserver des documents - en plusieurs langues - pr\u00e9sentant le CLT, des \u00e9tudes de cas, les meilleures pratiques et l'histoire du mouvement CLT. Carte et r\u00e9pertoire\u2026","rel":"","context":"Dans &quot;Non classifi\u00e9(e)&quot;","block_context":{"text":"Non classifi\u00e9(e)","link":"https:\/\/www.cltweb.org\/fr\/category\/non-classifiee\/"},"img":{"alt_text":"","src":"","width":0,"height":0},"classes":[]},{"id":770,"url":"https:\/\/www.cltweb.org\/fr\/programmes-et-projets\/collaboration-juridique\/","url_meta":{"origin":756,"position":1},"title":"Collaboration juridique","author":"cltredesign_0jp0l4","date":"26 juillet 2024","format":false,"excerpt":"","rel":"","context":"Dans &quot;Programmes et projets&quot;","block_context":{"text":"Programmes et projets","link":"https:\/\/www.cltweb.org\/fr\/category\/programmes-et-projets\/"},"img":{"alt_text":"","src":"","width":0,"height":0},"classes":[]},{"id":796,"url":"https:\/\/www.cltweb.org\/fr\/nouvelles-et-evenements\/emplois-clt\/","url_meta":{"origin":756,"position":2},"title":"Emplois CLT","author":"cltredesign_0jp0l4","date":"26 juillet 2024","format":false,"excerpt":"Une liste s\u00e9lective des offres d'emploi du CLT.","rel":"","context":"Dans &quot;Nouvelles et \u00e9v\u00e9nements&quot;","block_context":{"text":"Nouvelles et \u00e9v\u00e9nements","link":"https:\/\/www.cltweb.org\/fr\/category\/nouvelles-et-evenements\/"},"img":{"alt_text":"","src":"","width":0,"height":0},"classes":[]},{"id":769,"url":"https:\/\/www.cltweb.org\/fr\/programmes-et-projets\/projet-clt-2030-just-transition\/","url_meta":{"origin":756,"position":3},"title":"Projet CLT 2030 Just Transition","author":"cltredesign_0jp0l4","date":"26 juillet 2024","format":false,"excerpt":"","rel":"","context":"Dans &quot;Programmes et projets&quot;","block_context":{"text":"Programmes et projets","link":"https:\/\/www.cltweb.org\/fr\/category\/programmes-et-projets\/"},"img":{"alt_text":"","src":"","width":0,"height":0},"classes":[]},{"id":779,"url":"https:\/\/www.cltweb.org\/fr\/programmes-et-projets\/initiative-clt-dans-le-sud\/","url_meta":{"origin":756,"position":4},"title":"Initiative de fiducie fonci\u00e8re communautaire dans les pays du Sud","author":"cltredesign_0jp0l4","date":"26 juillet 2024","format":false,"excerpt":"Faire progresser le droit au logement et la propri\u00e9t\u00e9 collective dans les pays du Sud Vue d'ensemble La s\u00e9curit\u00e9 des terres et des logements est un droit de l'homme - et une lutte mondiale. Dans toute l'Afrique, l'Asie, l'Am\u00e9rique latine et les Cara\u00efbes, les communaut\u00e9s construisent des mouvements puissants pour\u2026","rel":"","context":"Dans &quot;Programmes et projets&quot;","block_context":{"text":"Programmes et projets","link":"https:\/\/www.cltweb.org\/fr\/category\/programmes-et-projets\/"},"img":{"alt_text":"","src":"","width":0,"height":0},"classes":[]},{"id":4059,"url":"https:\/\/www.cltweb.org\/fr\/bibliotheque-de-ressources\/etudes-de-cas-clt\/community-land-trust-bruxelles\/","url_meta":{"origin":756,"position":5},"title":"Community Land Trust Bruxelles","author":"cltredesign_0jp0l4","date":"21 octobre 2024","format":false,"excerpt":"\u00c9tabli en 2012 (Bruxelles, Belgique) Profil r\u00e9dig\u00e9 par Geert De Pauw (2015) Le Community Land Trust Bruxelles (CLTB) a \u00e9t\u00e9 officiellement constitu\u00e9 en 2012, apr\u00e8s quatre ann\u00e9es de planification et d'organisation, une initiative men\u00e9e par des activistes de plusieurs associations de logement et de quartier existantes. Le CLTB a \u00e9t\u00e9\u2026","rel":"","context":"Dans &quot;\u00c9tudes de cas&quot;","block_context":{"text":"\u00c9tudes de cas","link":"https:\/\/www.cltweb.org\/fr\/category\/etudes-de-cas\/"},"img":{"alt_text":"","src":"","width":0,"height":0},"classes":[]}],"_links":{"self":[{"href":"https:\/\/www.cltweb.org\/fr\/wp-json\/wp\/v2\/pages\/756","targetHints":{"allow":["GET"]}}],"collection":[{"href":"https:\/\/www.cltweb.org\/fr\/wp-json\/wp\/v2\/pages"}],"about":[{"href":"https:\/\/www.cltweb.org\/fr\/wp-json\/wp\/v2\/types\/page"}],"author":[{"embeddable":true,"href":"https:\/\/www.cltweb.org\/fr\/wp-json\/wp\/v2\/users\/1"}],"replies":[{"embeddable":true,"href":"https:\/\/www.cltweb.org\/fr\/wp-json\/wp\/v2\/comments?post=756"}],"version-history":[{"count":1,"href":"https:\/\/www.cltweb.org\/fr\/wp-json\/wp\/v2\/pages\/756\/revisions"}],"predecessor-version":[{"id":911,"href":"https:\/\/www.cltweb.org\/fr\/wp-json\/wp\/v2\/pages\/756\/revisions\/911"}],"up":[{"embeddable":true,"href":"https:\/\/www.cltweb.org\/fr\/wp-json\/wp\/v2\/pages\/907"}],"wp:attachment":[{"href":"https:\/\/www.cltweb.org\/fr\/wp-json\/wp\/v2\/media?parent=756"}],"wp:term":[{"taxonomy":"category","embeddable":true,"href":"https:\/\/www.cltweb.org\/fr\/wp-json\/wp\/v2\/categories?post=756"},{"taxonomy":"post_tag","embeddable":true,"href":"https:\/\/www.cltweb.org\/fr\/wp-json\/wp\/v2\/tags?post=756"}],"curies":[{"name":"wp","href":"https:\/\/api.w.org\/{rel}","templated":true}]}}