{"id":769,"date":"2024-07-26T17:03:25","date_gmt":"2024-07-26T17:03:25","guid":{"rendered":"https:\/\/www.cltweb.org\/projet-clt-2030-just-transition\/"},"modified":"2024-08-22T22:22:38","modified_gmt":"2024-08-22T22:22:38","slug":"projet-clt-2030-just-transition","status":"publish","type":"page","link":"https:\/\/www.cltweb.org\/fr\/programmes-et-projets\/projet-clt-2030-just-transition\/","title":{"rendered":"Projet CLT 2030 Just Transition"},"content":{"rendered":"","protected":false},"excerpt":{"rendered":"","protected":false},"author":1,"featured_media":0,"parent":907,"menu_order":0,"comment_status":"closed","ping_status":"closed","template":"","meta":{"give_campaign_id":0,"_tec_requires_first_save":true,"_kad_blocks_custom_css":"","_kad_blocks_head_custom_js":"","_kad_blocks_body_custom_js":"","_kad_blocks_footer_custom_js":"","_EventAllDay":false,"_EventTimezone":"","_EventStartDate":"","_EventEndDate":"","_EventStartDateUTC":"","_EventEndDateUTC":"","_EventShowMap":false,"_EventShowMapLink":false,"_EventURL":"","_EventCost":"","_EventCostDescription":"","_EventCurrencySymbol":"","_EventCurrencyCode":"","_EventCurrencyPosition":"","_EventDateTimeSeparator":"","_EventTimeRangeSeparator":"","_EventOrganizerID":[],"_EventVenueID":[],"_OrganizerEmail":"","_OrganizerPhone":"","_OrganizerWebsite":"","_VenueAddress":"","_VenueCity":"","_VenueCountry":"","_VenueProvince":"","_VenueState":"","_VenueZip":"","_VenuePhone":"","_VenueURL":"","_VenueStateProvince":"","_VenueLat":"","_VenueLng":"","_VenueShowMap":false,"_VenueShowMapLink":false,"_tribe_blocks_recurrence_rules":"","_tribe_blocks_recurrence_description":"","_tribe_blocks_recurrence_exclusions":"","footnotes":""},"categories":[59],"tags":[],"class_list":["post-769","page","type-page","status-publish","hentry","category-programmes-et-projets"],"blocksy_meta":[],"yoast_head":"<!-- This site is optimized with the Yoast SEO Premium plugin v27.5 (Yoast SEO v27.5) - https:\/\/yoast.com\/product\/yoast-seo-premium-wordpress\/ -->\n<title>Projet CLT 2030 Just Transition - International Center for Community Land Trusts<\/title>\n<meta name=\"robots\" content=\"index, follow, max-snippet:-1, max-image-preview:large, max-video-preview:-1\" \/>\n<link rel=\"canonical\" href=\"https:\/\/www.cltweb.org\/fr\/programmes-et-projets\/projet-clt-2030-just-transition\/\" \/>\n<meta property=\"og:locale\" content=\"fr_FR\" \/>\n<meta property=\"og:type\" content=\"article\" \/>\n<meta property=\"og:title\" content=\"Projet CLT 2030 Just Transition\" \/>\n<meta property=\"og:url\" content=\"https:\/\/www.cltweb.org\/fr\/programmes-et-projets\/projet-clt-2030-just-transition\/\" \/>\n<meta property=\"og:site_name\" content=\"International Center for Community Land Trusts\" \/>\n<meta property=\"article:publisher\" content=\"https:\/\/www.facebook.com\/cltcenter\" \/>\n<meta property=\"article:modified_time\" content=\"2024-08-22T22:22:38+00:00\" \/>\n<meta name=\"twitter:card\" content=\"summary_large_image\" \/>\n<meta name=\"twitter:site\" content=\"@Center4CLTs\" \/>\n<script type=\"application\/ld+json\" class=\"yoast-schema-graph\">{\"@context\":\"https:\\\/\\\/schema.org\",\"@graph\":[{\"@type\":\"WebPage\",\"@id\":\"https:\\\/\\\/www.cltweb.org\\\/fr\\\/programmes-et-projets\\\/projet-clt-2030-just-transition\\\/\",\"url\":\"https:\\\/\\\/www.cltweb.org\\\/fr\\\/programmes-et-projets\\\/projet-clt-2030-just-transition\\\/\",\"name\":\"Projet CLT 2030 Just Transition - International Center for Community Land Trusts\",\"isPartOf\":{\"@id\":\"https:\\\/\\\/www.cltweb.org\\\/fr\\\/#website\"},\"datePublished\":\"2024-07-26T17:03:25+00:00\",\"dateModified\":\"2024-08-22T22:22:38+00:00\",\"breadcrumb\":{\"@id\":\"https:\\\/\\\/www.cltweb.org\\\/fr\\\/programmes-et-projets\\\/projet-clt-2030-just-transition\\\/#breadcrumb\"},\"inLanguage\":\"fr-FR\",\"potentialAction\":[{\"@type\":\"ReadAction\",\"target\":[\"https:\\\/\\\/www.cltweb.org\\\/fr\\\/programmes-et-projets\\\/projet-clt-2030-just-transition\\\/\"]}]},{\"@type\":\"BreadcrumbList\",\"@id\":\"https:\\\/\\\/www.cltweb.org\\\/fr\\\/programmes-et-projets\\\/projet-clt-2030-just-transition\\\/#breadcrumb\",\"itemListElement\":[{\"@type\":\"ListItem\",\"position\":1,\"name\":\"Home\",\"item\":\"https:\\\/\\\/www.cltweb.org\\\/fr\\\/\"},{\"@type\":\"ListItem\",\"position\":2,\"name\":\"Programmes et projets\",\"item\":\"https:\\\/\\\/www.cltweb.org\\\/fr\\\/programs\\\/\"},{\"@type\":\"ListItem\",\"position\":3,\"name\":\"Projet CLT 2030 Just Transition\"}]},{\"@type\":\"WebSite\",\"@id\":\"https:\\\/\\\/www.cltweb.org\\\/fr\\\/#website\",\"url\":\"https:\\\/\\\/www.cltweb.org\\\/fr\\\/\",\"name\":\"International Center for Community Land Trusts\",\"description\":\"\",\"publisher\":{\"@id\":\"https:\\\/\\\/www.cltweb.org\\\/fr\\\/#organization\"},\"potentialAction\":[{\"@type\":\"SearchAction\",\"target\":{\"@type\":\"EntryPoint\",\"urlTemplate\":\"https:\\\/\\\/www.cltweb.org\\\/fr\\\/?s={search_term_string}\"},\"query-input\":{\"@type\":\"PropertyValueSpecification\",\"valueRequired\":true,\"valueName\":\"search_term_string\"}}],\"inLanguage\":\"fr-FR\"},{\"@type\":\"Organization\",\"@id\":\"https:\\\/\\\/www.cltweb.org\\\/fr\\\/#organization\",\"name\":\"International Center for Community Land Trusts\",\"url\":\"https:\\\/\\\/www.cltweb.org\\\/fr\\\/\",\"logo\":{\"@type\":\"ImageObject\",\"inLanguage\":\"fr-FR\",\"@id\":\"https:\\\/\\\/www.cltweb.org\\\/fr\\\/#\\\/schema\\\/logo\\\/image\\\/\",\"url\":\"https:\\\/\\\/www.cltweb.org\\\/wp-content\\\/uploads\\\/2024\\\/11\\\/New-CLT-Center-Text-logo.png\",\"contentUrl\":\"https:\\\/\\\/www.cltweb.org\\\/wp-content\\\/uploads\\\/2024\\\/11\\\/New-CLT-Center-Text-logo.png\",\"width\":227,\"height\":80,\"caption\":\"International Center for Community Land Trusts\"},\"image\":{\"@id\":\"https:\\\/\\\/www.cltweb.org\\\/fr\\\/#\\\/schema\\\/logo\\\/image\\\/\"},\"sameAs\":[\"https:\\\/\\\/www.facebook.com\\\/cltcenter\",\"https:\\\/\\\/x.com\\\/Center4CLTs\",\"https:\\\/\\\/www.instagram.com\\\/cltcenter\\\/\",\"https:\\\/\\\/www.linkedin.com\\\/company\\\/cltcenter\",\"https:\\\/\\\/www.youtube.com\\\/@centerforcltinnovation5313\"],\"description\":\"The International Center for Community Land Trusts is a not-for-profit nongovernmental organization established in 2018 to promote and to support community land trusts and similar strategies of community-led development on community-owned land in countries throughout the world.\",\"email\":\"info@communitylandtrust.net\",\"legalName\":\"International Center for Community Land Trusts\",\"foundingDate\":\"2018-12-01\",\"taxID\":\"84-3858933\",\"numberOfEmployees\":{\"@type\":\"QuantitativeValue\",\"minValue\":\"1\",\"maxValue\":\"10\"}}]}<\/script>\n<!-- \/ Yoast SEO Premium plugin. -->","yoast_head_json":{"title":"Projet CLT 2030 Just Transition - International Center for Community Land Trusts","robots":{"index":"index","follow":"follow","max-snippet":"max-snippet:-1","max-image-preview":"max-image-preview:large","max-video-preview":"max-video-preview:-1"},"canonical":"https:\/\/www.cltweb.org\/fr\/programmes-et-projets\/projet-clt-2030-just-transition\/","og_locale":"fr_FR","og_type":"article","og_title":"Projet CLT 2030 Just Transition","og_url":"https:\/\/www.cltweb.org\/fr\/programmes-et-projets\/projet-clt-2030-just-transition\/","og_site_name":"International Center for Community Land Trusts","article_publisher":"https:\/\/www.facebook.com\/cltcenter","article_modified_time":"2024-08-22T22:22:38+00:00","twitter_card":"summary_large_image","twitter_site":"@Center4CLTs","schema":{"@context":"https:\/\/schema.org","@graph":[{"@type":"WebPage","@id":"https:\/\/www.cltweb.org\/fr\/programmes-et-projets\/projet-clt-2030-just-transition\/","url":"https:\/\/www.cltweb.org\/fr\/programmes-et-projets\/projet-clt-2030-just-transition\/","name":"Projet CLT 2030 Just Transition - International Center for Community Land Trusts","isPartOf":{"@id":"https:\/\/www.cltweb.org\/fr\/#website"},"datePublished":"2024-07-26T17:03:25+00:00","dateModified":"2024-08-22T22:22:38+00:00","breadcrumb":{"@id":"https:\/\/www.cltweb.org\/fr\/programmes-et-projets\/projet-clt-2030-just-transition\/#breadcrumb"},"inLanguage":"fr-FR","potentialAction":[{"@type":"ReadAction","target":["https:\/\/www.cltweb.org\/fr\/programmes-et-projets\/projet-clt-2030-just-transition\/"]}]},{"@type":"BreadcrumbList","@id":"https:\/\/www.cltweb.org\/fr\/programmes-et-projets\/projet-clt-2030-just-transition\/#breadcrumb","itemListElement":[{"@type":"ListItem","position":1,"name":"Home","item":"https:\/\/www.cltweb.org\/fr\/"},{"@type":"ListItem","position":2,"name":"Programmes et projets","item":"https:\/\/www.cltweb.org\/fr\/programs\/"},{"@type":"ListItem","position":3,"name":"Projet CLT 2030 Just Transition"}]},{"@type":"WebSite","@id":"https:\/\/www.cltweb.org\/fr\/#website","url":"https:\/\/www.cltweb.org\/fr\/","name":"International Center for Community Land Trusts","description":"","publisher":{"@id":"https:\/\/www.cltweb.org\/fr\/#organization"},"potentialAction":[{"@type":"SearchAction","target":{"@type":"EntryPoint","urlTemplate":"https:\/\/www.cltweb.org\/fr\/?s={search_term_string}"},"query-input":{"@type":"PropertyValueSpecification","valueRequired":true,"valueName":"search_term_string"}}],"inLanguage":"fr-FR"},{"@type":"Organization","@id":"https:\/\/www.cltweb.org\/fr\/#organization","name":"International Center for Community Land Trusts","url":"https:\/\/www.cltweb.org\/fr\/","logo":{"@type":"ImageObject","inLanguage":"fr-FR","@id":"https:\/\/www.cltweb.org\/fr\/#\/schema\/logo\/image\/","url":"https:\/\/www.cltweb.org\/wp-content\/uploads\/2024\/11\/New-CLT-Center-Text-logo.png","contentUrl":"https:\/\/www.cltweb.org\/wp-content\/uploads\/2024\/11\/New-CLT-Center-Text-logo.png","width":227,"height":80,"caption":"International Center for Community Land Trusts"},"image":{"@id":"https:\/\/www.cltweb.org\/fr\/#\/schema\/logo\/image\/"},"sameAs":["https:\/\/www.facebook.com\/cltcenter","https:\/\/x.com\/Center4CLTs","https:\/\/www.instagram.com\/cltcenter\/","https:\/\/www.linkedin.com\/company\/cltcenter","https:\/\/www.youtube.com\/@centerforcltinnovation5313"],"description":"The International Center for Community Land Trusts is a not-for-profit nongovernmental organization established in 2018 to promote and to support community land trusts and similar strategies of community-led development on community-owned land in countries throughout the world.","email":"info@communitylandtrust.net","legalName":"International Center for Community Land Trusts","foundingDate":"2018-12-01","taxID":"84-3858933","numberOfEmployees":{"@type":"QuantitativeValue","minValue":"1","maxValue":"10"}}]}},"campaignId":"","taxonomy_info":{"category":[{"value":59,"label":"Programmes et projets"}]},"featured_image_src_large":false,"author_info":{"display_name":"cltredesign_0jp0l4","author_link":"https:\/\/www.cltweb.org\/fr\/author\/cltredesign_0jp0l4\/"},"comment_info":0,"jetpack_sharing_enabled":true,"jetpack-related-posts":[{"id":907,"url":"https:\/\/www.cltweb.org\/fr\/programmes-et-projets\/","url_meta":{"origin":769,"position":0},"title":"Programmes et projets","author":"cltredesign_0jp0l4","date":"26 juillet 2024","format":false,"excerpt":"L'\u00e9ducation Am\u00e9liorer la sensibilisation, les ressources et le soutien aux praticiens et aux communaut\u00e9s CLT. Biblioth\u00e8que en ligne et archives CLT : Collecter et conserver des documents - en plusieurs langues - pr\u00e9sentant le CLT, des \u00e9tudes de cas, les meilleures pratiques et l'histoire du mouvement CLT. Carte et r\u00e9pertoire\u2026","rel":"","context":"Dans &quot;Non classifi\u00e9(e)&quot;","block_context":{"text":"Non classifi\u00e9(e)","link":"https:\/\/www.cltweb.org\/fr\/category\/non-classifiee\/"},"img":{"alt_text":"","src":"","width":0,"height":0},"classes":[]},{"id":1512,"url":"https:\/\/www.cltweb.org\/fr\/bibliotheque-de-ressources\/journee-mondiale-du-clt\/","url_meta":{"origin":769,"position":1},"title":"Journ\u00e9e mondiale du CLT","author":"cltredesign_0jp0l4","date":"26 juillet 2024","format":false,"excerpt":"R\u00e9servez la date de l'ann\u00e9e prochaine : 16-17 mai 2025 ! En tant que c\u00e9l\u00e9bration annuelle, les principaux objectifs de la Journ\u00e9e mondiale du CLT sont de c\u00e9l\u00e9brer, de promouvoir et d'amplifier le mouvement mondial du CLT. C'est l'occasion de mettre en lumi\u00e8re la diversit\u00e9 de notre communaut\u00e9 CLT, de\u2026","rel":"","context":"Dans &quot;Les CLT dans le monde&quot;","block_context":{"text":"Les CLT dans le monde","link":"https:\/\/www.cltweb.org\/fr\/category\/les-clt-dans-le-monde\/"},"img":{"alt_text":"World CLT Day Logo","src":"https:\/\/i0.wp.com\/www.cltweb.org\/wp-content\/uploads\/2024\/11\/WCLTD-Logo-No-Year.png?resize=350%2C200&ssl=1","width":350,"height":200},"classes":[]},{"id":1840,"url":"https:\/\/www.cltweb.org\/fr\/bibliotheque-de-ressources\/manuels-et-guides\/banques-foncieres-et-fonds-fonciers-communautaires\/","url_meta":{"origin":769,"position":2},"title":"L&#8217;Europe","author":"cltredesign_0jp0l4","date":"7 septembre 2024","format":false,"excerpt":"Manuels et guides d'Europe People Powered Homes : Comment le CLT de Londres et Citizens UK s'organisent pour acc\u00e9der \u00e0 des terrains destin\u00e9s \u00e0 la construction de logements abordables Le CLT de London est n\u00e9 des efforts d'organisation communautaire de London Citizens, qui renforce la capacit\u00e9 des gens \u00e0 participer\u2026","rel":"","context":"Dans &quot;Manuels&quot;","block_context":{"text":"Manuels","link":"https:\/\/www.cltweb.org\/fr\/category\/manuels\/"},"img":{"alt_text":"","src":"","width":0,"height":0},"classes":[]},{"id":4059,"url":"https:\/\/www.cltweb.org\/fr\/bibliotheque-de-ressources\/etudes-de-cas-clt\/community-land-trust-bruxelles\/","url_meta":{"origin":769,"position":3},"title":"Community Land Trust Bruxelles","author":"cltredesign_0jp0l4","date":"21 octobre 2024","format":false,"excerpt":"\u00c9tabli en 2012 (Bruxelles, Belgique) Profil r\u00e9dig\u00e9 par Geert De Pauw (2015) Le Community Land Trust Bruxelles (CLTB) a \u00e9t\u00e9 officiellement constitu\u00e9 en 2012, apr\u00e8s quatre ann\u00e9es de planification et d'organisation, une initiative men\u00e9e par des activistes de plusieurs associations de logement et de quartier existantes. Le CLTB a \u00e9t\u00e9\u2026","rel":"","context":"Dans &quot;\u00c9tudes de cas&quot;","block_context":{"text":"\u00c9tudes de cas","link":"https:\/\/www.cltweb.org\/fr\/category\/etudes-de-cas\/"},"img":{"alt_text":"","src":"","width":0,"height":0},"classes":[]},{"id":756,"url":"https:\/\/www.cltweb.org\/fr\/programmes-et-projets\/recherche-collaborative\/","url_meta":{"origin":769,"position":4},"title":"Recherche collaborative","author":"cltredesign_0jp0l4","date":"26 juillet 2024","format":false,"excerpt":"","rel":"","context":"Dans &quot;Programmes et projets&quot;","block_context":{"text":"Programmes et projets","link":"https:\/\/www.cltweb.org\/fr\/category\/programmes-et-projets\/"},"img":{"alt_text":"","src":"","width":0,"height":0},"classes":[]},{"id":770,"url":"https:\/\/www.cltweb.org\/fr\/programmes-et-projets\/collaboration-juridique\/","url_meta":{"origin":769,"position":5},"title":"Collaboration juridique","author":"cltredesign_0jp0l4","date":"26 juillet 2024","format":false,"excerpt":"","rel":"","context":"Dans &quot;Programmes et projets&quot;","block_context":{"text":"Programmes et projets","link":"https:\/\/www.cltweb.org\/fr\/category\/programmes-et-projets\/"},"img":{"alt_text":"","src":"","width":0,"height":0},"classes":[]}],"_links":{"self":[{"href":"https:\/\/www.cltweb.org\/fr\/wp-json\/wp\/v2\/pages\/769","targetHints":{"allow":["GET"]}}],"collection":[{"href":"https:\/\/www.cltweb.org\/fr\/wp-json\/wp\/v2\/pages"}],"about":[{"href":"https:\/\/www.cltweb.org\/fr\/wp-json\/wp\/v2\/types\/page"}],"author":[{"embeddable":true,"href":"https:\/\/www.cltweb.org\/fr\/wp-json\/wp\/v2\/users\/1"}],"replies":[{"embeddable":true,"href":"https:\/\/www.cltweb.org\/fr\/wp-json\/wp\/v2\/comments?post=769"}],"version-history":[{"count":1,"href":"https:\/\/www.cltweb.org\/fr\/wp-json\/wp\/v2\/pages\/769\/revisions"}],"predecessor-version":[{"id":909,"href":"https:\/\/www.cltweb.org\/fr\/wp-json\/wp\/v2\/pages\/769\/revisions\/909"}],"up":[{"embeddable":true,"href":"https:\/\/www.cltweb.org\/fr\/wp-json\/wp\/v2\/pages\/907"}],"wp:attachment":[{"href":"https:\/\/www.cltweb.org\/fr\/wp-json\/wp\/v2\/media?parent=769"}],"wp:term":[{"taxonomy":"category","embeddable":true,"href":"https:\/\/www.cltweb.org\/fr\/wp-json\/wp\/v2\/categories?post=769"},{"taxonomy":"post_tag","embeddable":true,"href":"https:\/\/www.cltweb.org\/fr\/wp-json\/wp\/v2\/tags?post=769"}],"curies":[{"name":"wp","href":"https:\/\/api.w.org\/{rel}","templated":true}]}}