{"id":780,"date":"2024-07-26T16:34:43","date_gmt":"2024-07-26T16:34:43","guid":{"rendered":"https:\/\/www.cltweb.org\/evenements-a-venir\/"},"modified":"2025-10-26T18:38:23","modified_gmt":"2025-10-26T18:38:23","slug":"evenements-a-venir","status":"publish","type":"page","link":"https:\/\/www.cltweb.org\/fr\/nouvelles-et-evenements\/evenements-a-venir\/","title":{"rendered":"\u00c9v\u00e9nements \u00e0 venir"},"content":{"rendered":"","protected":false},"excerpt":{"rendered":"","protected":false},"author":1,"featured_media":0,"parent":961,"menu_order":0,"comment_status":"closed","ping_status":"closed","template":"","meta":{"give_campaign_id":0,"_tec_requires_first_save":true,"_kad_blocks_custom_css":"","_kad_blocks_head_custom_js":"","_kad_blocks_body_custom_js":"","_kad_blocks_footer_custom_js":"","_EventAllDay":false,"_EventTimezone":"","_EventStartDate":"","_EventEndDate":"","_EventStartDateUTC":"","_EventEndDateUTC":"","_EventShowMap":false,"_EventShowMapLink":false,"_EventURL":"","_EventCost":"","_EventCostDescription":"","_EventCurrencySymbol":"","_EventCurrencyCode":"","_EventCurrencyPosition":"","_EventDateTimeSeparator":"","_EventTimeRangeSeparator":"","_EventOrganizerID":[],"_EventVenueID":[],"_OrganizerEmail":"","_OrganizerPhone":"","_OrganizerWebsite":"","_VenueAddress":"","_VenueCity":"","_VenueCountry":"","_VenueProvince":"","_VenueState":"","_VenueZip":"","_VenuePhone":"","_VenueURL":"","_VenueStateProvince":"","_VenueLat":"","_VenueLng":"","_VenueShowMap":false,"_VenueShowMapLink":false,"_tribe_blocks_recurrence_rules":"","_tribe_blocks_recurrence_description":"","_tribe_blocks_recurrence_exclusions":"","footnotes":""},"categories":[],"tags":[],"class_list":["post-780","page","type-page","status-publish","hentry"],"blocksy_meta":[],"yoast_head":"<!-- This site is optimized with the Yoast SEO Premium plugin v27.5 (Yoast SEO v27.5) - https:\/\/yoast.com\/product\/yoast-seo-premium-wordpress\/ -->\n<title>\u00c9v\u00e9nements \u00e0 venir - International Center for Community Land Trusts<\/title>\n<meta name=\"robots\" content=\"index, follow, max-snippet:-1, max-image-preview:large, max-video-preview:-1\" \/>\n<link rel=\"canonical\" href=\"https:\/\/www.cltweb.org\/fr\/nouvelles-et-evenements\/evenements-a-venir\/\" \/>\n<meta property=\"og:locale\" content=\"fr_FR\" \/>\n<meta property=\"og:type\" content=\"article\" \/>\n<meta property=\"og:title\" content=\"\u00c9v\u00e9nements \u00e0 venir\" \/>\n<meta property=\"og:url\" content=\"https:\/\/www.cltweb.org\/fr\/nouvelles-et-evenements\/evenements-a-venir\/\" \/>\n<meta property=\"og:site_name\" content=\"International Center for Community Land Trusts\" \/>\n<meta property=\"article:publisher\" content=\"https:\/\/www.facebook.com\/cltcenter\" \/>\n<meta property=\"article:modified_time\" content=\"2025-10-26T18:38:23+00:00\" \/>\n<meta name=\"twitter:card\" content=\"summary_large_image\" \/>\n<meta name=\"twitter:site\" content=\"@Center4CLTs\" \/>\n<script type=\"application\/ld+json\" class=\"yoast-schema-graph\">{\"@context\":\"https:\\\/\\\/schema.org\",\"@graph\":[{\"@type\":\"WebPage\",\"@id\":\"https:\\\/\\\/www.cltweb.org\\\/fr\\\/nouvelles-et-evenements\\\/evenements-a-venir\\\/\",\"url\":\"https:\\\/\\\/www.cltweb.org\\\/fr\\\/nouvelles-et-evenements\\\/evenements-a-venir\\\/\",\"name\":\"\u00c9v\u00e9nements \u00e0 venir - International Center for Community Land Trusts\",\"isPartOf\":{\"@id\":\"https:\\\/\\\/www.cltweb.org\\\/fr\\\/#website\"},\"datePublished\":\"2024-07-26T16:34:43+00:00\",\"dateModified\":\"2025-10-26T18:38:23+00:00\",\"breadcrumb\":{\"@id\":\"https:\\\/\\\/www.cltweb.org\\\/fr\\\/nouvelles-et-evenements\\\/evenements-a-venir\\\/#breadcrumb\"},\"inLanguage\":\"fr-FR\",\"potentialAction\":[{\"@type\":\"ReadAction\",\"target\":[\"https:\\\/\\\/www.cltweb.org\\\/fr\\\/nouvelles-et-evenements\\\/evenements-a-venir\\\/\"]}]},{\"@type\":\"BreadcrumbList\",\"@id\":\"https:\\\/\\\/www.cltweb.org\\\/fr\\\/nouvelles-et-evenements\\\/evenements-a-venir\\\/#breadcrumb\",\"itemListElement\":[{\"@type\":\"ListItem\",\"position\":1,\"name\":\"Home\",\"item\":\"https:\\\/\\\/www.cltweb.org\\\/fr\\\/\"},{\"@type\":\"ListItem\",\"position\":2,\"name\":\"Nouvelles et \u00e9v\u00e9nements\",\"item\":\"https:\\\/\\\/www.cltweb.org\\\/fr\\\/news\\\/\"},{\"@type\":\"ListItem\",\"position\":3,\"name\":\"\u00c9v\u00e9nements \u00e0 venir\"}]},{\"@type\":\"WebSite\",\"@id\":\"https:\\\/\\\/www.cltweb.org\\\/fr\\\/#website\",\"url\":\"https:\\\/\\\/www.cltweb.org\\\/fr\\\/\",\"name\":\"International Center for Community Land Trusts\",\"description\":\"\",\"publisher\":{\"@id\":\"https:\\\/\\\/www.cltweb.org\\\/fr\\\/#organization\"},\"potentialAction\":[{\"@type\":\"SearchAction\",\"target\":{\"@type\":\"EntryPoint\",\"urlTemplate\":\"https:\\\/\\\/www.cltweb.org\\\/fr\\\/?s={search_term_string}\"},\"query-input\":{\"@type\":\"PropertyValueSpecification\",\"valueRequired\":true,\"valueName\":\"search_term_string\"}}],\"inLanguage\":\"fr-FR\"},{\"@type\":\"Organization\",\"@id\":\"https:\\\/\\\/www.cltweb.org\\\/fr\\\/#organization\",\"name\":\"International Center for Community Land Trusts\",\"url\":\"https:\\\/\\\/www.cltweb.org\\\/fr\\\/\",\"logo\":{\"@type\":\"ImageObject\",\"inLanguage\":\"fr-FR\",\"@id\":\"https:\\\/\\\/www.cltweb.org\\\/fr\\\/#\\\/schema\\\/logo\\\/image\\\/\",\"url\":\"https:\\\/\\\/www.cltweb.org\\\/wp-content\\\/uploads\\\/2024\\\/11\\\/New-CLT-Center-Text-logo.png\",\"contentUrl\":\"https:\\\/\\\/www.cltweb.org\\\/wp-content\\\/uploads\\\/2024\\\/11\\\/New-CLT-Center-Text-logo.png\",\"width\":227,\"height\":80,\"caption\":\"International Center for Community Land Trusts\"},\"image\":{\"@id\":\"https:\\\/\\\/www.cltweb.org\\\/fr\\\/#\\\/schema\\\/logo\\\/image\\\/\"},\"sameAs\":[\"https:\\\/\\\/www.facebook.com\\\/cltcenter\",\"https:\\\/\\\/x.com\\\/Center4CLTs\",\"https:\\\/\\\/www.instagram.com\\\/cltcenter\\\/\",\"https:\\\/\\\/www.linkedin.com\\\/company\\\/cltcenter\",\"https:\\\/\\\/www.youtube.com\\\/@centerforcltinnovation5313\"],\"description\":\"The International Center for Community Land Trusts is a not-for-profit nongovernmental organization established in 2018 to promote and to support community land trusts and similar strategies of community-led development on community-owned land in countries throughout the world.\",\"email\":\"info@communitylandtrust.net\",\"legalName\":\"International Center for Community Land Trusts\",\"foundingDate\":\"2018-12-01\",\"taxID\":\"84-3858933\",\"numberOfEmployees\":{\"@type\":\"QuantitativeValue\",\"minValue\":\"1\",\"maxValue\":\"10\"}}]}<\/script>\n<!-- \/ Yoast SEO Premium plugin. -->","yoast_head_json":{"title":"\u00c9v\u00e9nements \u00e0 venir - International Center for Community Land Trusts","robots":{"index":"index","follow":"follow","max-snippet":"max-snippet:-1","max-image-preview":"max-image-preview:large","max-video-preview":"max-video-preview:-1"},"canonical":"https:\/\/www.cltweb.org\/fr\/nouvelles-et-evenements\/evenements-a-venir\/","og_locale":"fr_FR","og_type":"article","og_title":"\u00c9v\u00e9nements \u00e0 venir","og_url":"https:\/\/www.cltweb.org\/fr\/nouvelles-et-evenements\/evenements-a-venir\/","og_site_name":"International Center for Community Land Trusts","article_publisher":"https:\/\/www.facebook.com\/cltcenter","article_modified_time":"2025-10-26T18:38:23+00:00","twitter_card":"summary_large_image","twitter_site":"@Center4CLTs","schema":{"@context":"https:\/\/schema.org","@graph":[{"@type":"WebPage","@id":"https:\/\/www.cltweb.org\/fr\/nouvelles-et-evenements\/evenements-a-venir\/","url":"https:\/\/www.cltweb.org\/fr\/nouvelles-et-evenements\/evenements-a-venir\/","name":"\u00c9v\u00e9nements \u00e0 venir - International Center for Community Land Trusts","isPartOf":{"@id":"https:\/\/www.cltweb.org\/fr\/#website"},"datePublished":"2024-07-26T16:34:43+00:00","dateModified":"2025-10-26T18:38:23+00:00","breadcrumb":{"@id":"https:\/\/www.cltweb.org\/fr\/nouvelles-et-evenements\/evenements-a-venir\/#breadcrumb"},"inLanguage":"fr-FR","potentialAction":[{"@type":"ReadAction","target":["https:\/\/www.cltweb.org\/fr\/nouvelles-et-evenements\/evenements-a-venir\/"]}]},{"@type":"BreadcrumbList","@id":"https:\/\/www.cltweb.org\/fr\/nouvelles-et-evenements\/evenements-a-venir\/#breadcrumb","itemListElement":[{"@type":"ListItem","position":1,"name":"Home","item":"https:\/\/www.cltweb.org\/fr\/"},{"@type":"ListItem","position":2,"name":"Nouvelles et \u00e9v\u00e9nements","item":"https:\/\/www.cltweb.org\/fr\/news\/"},{"@type":"ListItem","position":3,"name":"\u00c9v\u00e9nements \u00e0 venir"}]},{"@type":"WebSite","@id":"https:\/\/www.cltweb.org\/fr\/#website","url":"https:\/\/www.cltweb.org\/fr\/","name":"International Center for Community Land Trusts","description":"","publisher":{"@id":"https:\/\/www.cltweb.org\/fr\/#organization"},"potentialAction":[{"@type":"SearchAction","target":{"@type":"EntryPoint","urlTemplate":"https:\/\/www.cltweb.org\/fr\/?s={search_term_string}"},"query-input":{"@type":"PropertyValueSpecification","valueRequired":true,"valueName":"search_term_string"}}],"inLanguage":"fr-FR"},{"@type":"Organization","@id":"https:\/\/www.cltweb.org\/fr\/#organization","name":"International Center for Community Land Trusts","url":"https:\/\/www.cltweb.org\/fr\/","logo":{"@type":"ImageObject","inLanguage":"fr-FR","@id":"https:\/\/www.cltweb.org\/fr\/#\/schema\/logo\/image\/","url":"https:\/\/www.cltweb.org\/wp-content\/uploads\/2024\/11\/New-CLT-Center-Text-logo.png","contentUrl":"https:\/\/www.cltweb.org\/wp-content\/uploads\/2024\/11\/New-CLT-Center-Text-logo.png","width":227,"height":80,"caption":"International Center for Community Land Trusts"},"image":{"@id":"https:\/\/www.cltweb.org\/fr\/#\/schema\/logo\/image\/"},"sameAs":["https:\/\/www.facebook.com\/cltcenter","https:\/\/x.com\/Center4CLTs","https:\/\/www.instagram.com\/cltcenter\/","https:\/\/www.linkedin.com\/company\/cltcenter","https:\/\/www.youtube.com\/@centerforcltinnovation5313"],"description":"The International Center for Community Land Trusts is a not-for-profit nongovernmental organization established in 2018 to promote and to support community land trusts and similar strategies of community-led development on community-owned land in countries throughout the world.","email":"info@communitylandtrust.net","legalName":"International Center for Community Land Trusts","foundingDate":"2018-12-01","taxID":"84-3858933","numberOfEmployees":{"@type":"QuantitativeValue","minValue":"1","maxValue":"10"}}]}},"campaignId":"","taxonomy_info":[],"featured_image_src_large":false,"author_info":{"display_name":"cltredesign_0jp0l4","author_link":"https:\/\/www.cltweb.org\/fr\/author\/cltredesign_0jp0l4\/"},"comment_info":0,"jetpack_sharing_enabled":true,"jetpack-related-posts":[{"id":4360,"url":"https:\/\/www.cltweb.org\/fr\/bibliotheque-de-ressources\/interviews\/pionniers-des-nouvelles-communautes\/","url_meta":{"origin":780,"position":0},"title":"Les pionniers des nouvelles communaut\u00e9s (1971)","author":"cltredesign_0jp0l4","date":"22 octobre 2024","format":false,"excerpt":"Au fil des ans, quelques dirigeants de New Communities Inc. (NCI) ont fait l'objet d'articles et de films. Les voix de participants moins connus \u00e0 cette histoire inspirante ont rarement \u00e9t\u00e9 entendues. Une exception est une rare interview r\u00e9alis\u00e9e par Ed Feaver en 1971, un an apr\u00e8s que New Communities\u2026","rel":"","context":"Dans &quot;Interviews&quot;","block_context":{"text":"Interviews","link":"https:\/\/www.cltweb.org\/fr\/category\/interviews-fr\/"},"img":{"alt_text":"","src":"","width":0,"height":0},"classes":[]},{"id":8714,"url":"https:\/\/www.cltweb.org\/fr\/bibliotheque-de-ressources\/agriculture\/concepts-cles\/respect-du-lieu\/","url_meta":{"origin":780,"position":1},"title":"Respect du lieu","author":"cltredesign_0jp0l4","date":"2 f\u00e9vrier 2025","format":false,"excerpt":"En intervenant dans ce paysage, les cultivateurs urbains et leurs alli\u00e9s doivent comprendre que lorsque la terre est bon march\u00e9, elle l'est pour une raison. Un terrain vague qui pourrait \u00eatre un site abordable pour une ferme urbaine a presque toujours une histoire sociale et environnementale compliqu\u00e9e qui est inscrite\u2026","rel":"","context":"Dans &quot;Agriculture&quot;","block_context":{"text":"Agriculture","link":"https:\/\/www.cltweb.org\/fr\/category\/agriculture-fr\/"},"img":{"alt_text":"","src":"","width":0,"height":0},"classes":[]},{"id":1509,"url":"https:\/\/www.cltweb.org\/fr\/bibliotheque-de-ressources\/reseaux-clt\/","url_meta":{"origin":780,"position":2},"title":"R\u00e9seaux CLT","author":"cltredesign_0jp0l4","date":"26 juillet 2024","format":false,"excerpt":"R\u00e9seau australien des fonds fonciers communautaires (Community Land Trust Network) australiancltnetwork.org.au Nos objectifs sont de soutenir l'\u00e9tablissement des CLT en tant que mod\u00e8le de logement viable et s\u00fbr dans toute l'Australie : \u00catre un centre d'\u00e9change d'informations qui met l'information \u00e0 disposition gratuitement. Partager les connaissances, les ressources et le\u2026","rel":"","context":"Dans &quot;Biblioth\u00e8que de ressources&quot;","block_context":{"text":"Biblioth\u00e8que de ressources","link":"https:\/\/www.cltweb.org\/fr\/category\/bibliotheque-de-ressources\/"},"img":{"alt_text":"","src":"","width":0,"height":0},"classes":[]},{"id":796,"url":"https:\/\/www.cltweb.org\/fr\/nouvelles-et-evenements\/emplois-clt\/","url_meta":{"origin":780,"position":3},"title":"Emplois CLT","author":"cltredesign_0jp0l4","date":"26 juillet 2024","format":false,"excerpt":"Une liste s\u00e9lective des offres d'emploi du CLT.","rel":"","context":"Dans &quot;Nouvelles et \u00e9v\u00e9nements&quot;","block_context":{"text":"Nouvelles et \u00e9v\u00e9nements","link":"https:\/\/www.cltweb.org\/fr\/category\/nouvelles-et-evenements\/"},"img":{"alt_text":"","src":"","width":0,"height":0},"classes":[]},{"id":961,"url":"https:\/\/www.cltweb.org\/fr\/nouvelles-et-evenements\/","url_meta":{"origin":780,"position":4},"title":"Nouvelles et \u00e9v\u00e9nements","author":"cltredesign_0jp0l4","date":"26 juillet 2024","format":false,"excerpt":"Nouvelles et \u00e9v\u00e9nements Nous avons rassembl\u00e9 des nouvelles sur les community land trusts du monde entier, ainsi que des offres d'emploi pour ceux d'entre vous qui souhaitent travailler pour un CLT. Vous trouverez \u00e9galement d'anciens num\u00e9ros de notre lettre d'information, ainsi qu'une liste de nos prochains \u00e9v\u00e9nements \u00e9ducatifs.","rel":"","context":"Dans &quot;Non classifi\u00e9(e)&quot;","block_context":{"text":"Non classifi\u00e9(e)","link":"https:\/\/www.cltweb.org\/fr\/category\/non-classifiee\/"},"img":{"alt_text":"","src":"","width":0,"height":0},"classes":[]},{"id":4454,"url":"https:\/\/www.cltweb.org\/fr\/bibliotheque-de-ressources\/interviews\/gus-newport-2020\/","url_meta":{"origin":780,"position":5},"title":"Gus Newport (2020)","author":"cltredesign_0jp0l4","date":"22 octobre 2024","format":false,"excerpt":"Eugene \"Gus\" Newport est l'ancien maire de Berkeley (Californie). Il a ensuite \u00e9t\u00e9 directeur ex\u00e9cutif de la Dudley Street Neighborhood Initiative \u00e0 Boston MA, de l'Institute for Community Economics \u00e0 Springfield MA et du Partnership for Neighborhood Initiatives dans le comt\u00e9 de Palm Beach FL. Il a \u00e9t\u00e9 chercheur invit\u00e9\u2026","rel":"","context":"Dans &quot;Interviews&quot;","block_context":{"text":"Interviews","link":"https:\/\/www.cltweb.org\/fr\/category\/interviews-fr\/"},"img":{"alt_text":"","src":"","width":0,"height":0},"classes":[]}],"_links":{"self":[{"href":"https:\/\/www.cltweb.org\/fr\/wp-json\/wp\/v2\/pages\/780","targetHints":{"allow":["GET"]}}],"collection":[{"href":"https:\/\/www.cltweb.org\/fr\/wp-json\/wp\/v2\/pages"}],"about":[{"href":"https:\/\/www.cltweb.org\/fr\/wp-json\/wp\/v2\/types\/page"}],"author":[{"embeddable":true,"href":"https:\/\/www.cltweb.org\/fr\/wp-json\/wp\/v2\/users\/1"}],"replies":[{"embeddable":true,"href":"https:\/\/www.cltweb.org\/fr\/wp-json\/wp\/v2\/comments?post=780"}],"version-history":[{"count":1,"href":"https:\/\/www.cltweb.org\/fr\/wp-json\/wp\/v2\/pages\/780\/revisions"}],"predecessor-version":[{"id":968,"href":"https:\/\/www.cltweb.org\/fr\/wp-json\/wp\/v2\/pages\/780\/revisions\/968"}],"up":[{"embeddable":true,"href":"https:\/\/www.cltweb.org\/fr\/wp-json\/wp\/v2\/pages\/961"}],"wp:attachment":[{"href":"https:\/\/www.cltweb.org\/fr\/wp-json\/wp\/v2\/media?parent=780"}],"wp:term":[{"taxonomy":"category","embeddable":true,"href":"https:\/\/www.cltweb.org\/fr\/wp-json\/wp\/v2\/categories?post=780"},{"taxonomy":"post_tag","embeddable":true,"href":"https:\/\/www.cltweb.org\/fr\/wp-json\/wp\/v2\/tags?post=780"}],"curies":[{"name":"wp","href":"https:\/\/api.w.org\/{rel}","templated":true}]}}