{"id":8160,"date":"2024-12-28T21:09:20","date_gmt":"2024-12-28T21:09:20","guid":{"rendered":"https:\/\/www.cltweb.org\/bibliotheque-de-ressources\/modele-de-sous-section-des-ressources\/reseaux-clt\/reseaux-nationaux-et-regionaux-aux-etats-unis\/"},"modified":"2024-12-28T21:09:20","modified_gmt":"2024-12-28T21:09:20","slug":"reseaux-nationaux-et-regionaux-aux-etats-unis","status":"publish","type":"page","link":"https:\/\/www.cltweb.org\/fr\/bibliotheque-de-ressources\/reseaux-clt\/reseaux-nationaux-et-regionaux-aux-etats-unis\/","title":{"rendered":"R\u00e9seaux nationaux et r\u00e9gionaux aux \u00c9tats-Unis"},"content":{"rendered":"","protected":false},"excerpt":{"rendered":"","protected":false},"author":1,"featured_media":0,"parent":1509,"menu_order":0,"comment_status":"closed","ping_status":"closed","template":"","meta":{"give_campaign_id":0,"_tec_requires_first_save":true,"_kad_blocks_custom_css":"","_kad_blocks_head_custom_js":"","_kad_blocks_body_custom_js":"","_kad_blocks_footer_custom_js":"","_EventAllDay":false,"_EventTimezone":"","_EventStartDate":"","_EventEndDate":"","_EventStartDateUTC":"","_EventEndDateUTC":"","_EventShowMap":false,"_EventShowMapLink":false,"_EventURL":"","_EventCost":"","_EventCostDescription":"","_EventCurrencySymbol":"","_EventCurrencyCode":"","_EventCurrencyPosition":"","_EventDateTimeSeparator":"","_EventTimeRangeSeparator":"","_EventOrganizerID":[],"_EventVenueID":[],"_OrganizerEmail":"","_OrganizerPhone":"","_OrganizerWebsite":"","_VenueAddress":"","_VenueCity":"","_VenueCountry":"","_VenueProvince":"","_VenueState":"","_VenueZip":"","_VenuePhone":"","_VenueURL":"","_VenueStateProvince":"","_VenueLat":"","_VenueLng":"","_VenueShowMap":false,"_VenueShowMapLink":false,"_tribe_blocks_recurrence_rules":"","_tribe_blocks_recurrence_description":"","_tribe_blocks_recurrence_exclusions":"","footnotes":""},"categories":[],"tags":[],"class_list":["post-8160","page","type-page","status-publish","hentry"],"blocksy_meta":[],"yoast_head":"<!-- This site is optimized with the Yoast SEO Premium plugin v27.5 (Yoast SEO v27.5) - https:\/\/yoast.com\/product\/yoast-seo-premium-wordpress\/ -->\n<title>R\u00e9seaux nationaux et r\u00e9gionaux aux \u00c9tats-Unis - International Center for Community Land Trusts<\/title>\n<meta name=\"robots\" content=\"index, follow, max-snippet:-1, max-image-preview:large, max-video-preview:-1\" \/>\n<link rel=\"canonical\" href=\"https:\/\/www.cltweb.org\/fr\/bibliotheque-de-ressources\/reseaux-clt\/reseaux-nationaux-et-regionaux-aux-etats-unis\/\" \/>\n<meta property=\"og:locale\" content=\"fr_FR\" \/>\n<meta property=\"og:type\" content=\"article\" \/>\n<meta property=\"og:title\" content=\"R\u00e9seaux nationaux et r\u00e9gionaux aux \u00c9tats-Unis\" \/>\n<meta property=\"og:url\" content=\"https:\/\/www.cltweb.org\/fr\/bibliotheque-de-ressources\/reseaux-clt\/reseaux-nationaux-et-regionaux-aux-etats-unis\/\" \/>\n<meta property=\"og:site_name\" content=\"International Center for Community Land Trusts\" \/>\n<meta property=\"article:publisher\" content=\"https:\/\/www.facebook.com\/cltcenter\" \/>\n<meta name=\"twitter:card\" content=\"summary_large_image\" \/>\n<meta name=\"twitter:site\" content=\"@Center4CLTs\" \/>\n<script type=\"application\/ld+json\" class=\"yoast-schema-graph\">{\"@context\":\"https:\\\/\\\/schema.org\",\"@graph\":[{\"@type\":\"WebPage\",\"@id\":\"https:\\\/\\\/www.cltweb.org\\\/fr\\\/bibliotheque-de-ressources\\\/reseaux-clt\\\/reseaux-nationaux-et-regionaux-aux-etats-unis\\\/\",\"url\":\"https:\\\/\\\/www.cltweb.org\\\/fr\\\/bibliotheque-de-ressources\\\/reseaux-clt\\\/reseaux-nationaux-et-regionaux-aux-etats-unis\\\/\",\"name\":\"R\u00e9seaux nationaux et r\u00e9gionaux aux \u00c9tats-Unis - International Center for Community Land Trusts\",\"isPartOf\":{\"@id\":\"https:\\\/\\\/www.cltweb.org\\\/fr\\\/#website\"},\"datePublished\":\"2024-12-28T21:09:20+00:00\",\"breadcrumb\":{\"@id\":\"https:\\\/\\\/www.cltweb.org\\\/fr\\\/bibliotheque-de-ressources\\\/reseaux-clt\\\/reseaux-nationaux-et-regionaux-aux-etats-unis\\\/#breadcrumb\"},\"inLanguage\":\"fr-FR\",\"potentialAction\":[{\"@type\":\"ReadAction\",\"target\":[\"https:\\\/\\\/www.cltweb.org\\\/fr\\\/bibliotheque-de-ressources\\\/reseaux-clt\\\/reseaux-nationaux-et-regionaux-aux-etats-unis\\\/\"]}]},{\"@type\":\"BreadcrumbList\",\"@id\":\"https:\\\/\\\/www.cltweb.org\\\/fr\\\/bibliotheque-de-ressources\\\/reseaux-clt\\\/reseaux-nationaux-et-regionaux-aux-etats-unis\\\/#breadcrumb\",\"itemListElement\":[{\"@type\":\"ListItem\",\"position\":1,\"name\":\"Home\",\"item\":\"https:\\\/\\\/www.cltweb.org\\\/fr\\\/\"},{\"@type\":\"ListItem\",\"position\":2,\"name\":\"Biblioth\u00e8que de ressources\",\"item\":\"https:\\\/\\\/www.cltweb.org\\\/fr\\\/bibliotheque-de-ressources\\\/\"},{\"@type\":\"ListItem\",\"position\":3,\"name\":\"R\u00e9seau mondial CLT\",\"item\":\"https:\\\/\\\/www.cltweb.org\\\/fr\\\/bibliotheque-de-ressources\\\/modele-de-sous-section-des-ressources\\\/\"},{\"@type\":\"ListItem\",\"position\":4,\"name\":\"R\u00e9seaux CLT\",\"item\":\"https:\\\/\\\/www.cltweb.org\\\/fr\\\/bibliotheque-de-ressources\\\/modele-de-sous-section-des-ressources\\\/reseaux-clt\\\/\"},{\"@type\":\"ListItem\",\"position\":5,\"name\":\"R\u00e9seaux nationaux et r\u00e9gionaux aux \u00c9tats-Unis\"}]},{\"@type\":\"WebSite\",\"@id\":\"https:\\\/\\\/www.cltweb.org\\\/fr\\\/#website\",\"url\":\"https:\\\/\\\/www.cltweb.org\\\/fr\\\/\",\"name\":\"International Center for Community Land Trusts\",\"description\":\"\",\"publisher\":{\"@id\":\"https:\\\/\\\/www.cltweb.org\\\/fr\\\/#organization\"},\"potentialAction\":[{\"@type\":\"SearchAction\",\"target\":{\"@type\":\"EntryPoint\",\"urlTemplate\":\"https:\\\/\\\/www.cltweb.org\\\/fr\\\/?s={search_term_string}\"},\"query-input\":{\"@type\":\"PropertyValueSpecification\",\"valueRequired\":true,\"valueName\":\"search_term_string\"}}],\"inLanguage\":\"fr-FR\"},{\"@type\":\"Organization\",\"@id\":\"https:\\\/\\\/www.cltweb.org\\\/fr\\\/#organization\",\"name\":\"International Center for Community Land Trusts\",\"url\":\"https:\\\/\\\/www.cltweb.org\\\/fr\\\/\",\"logo\":{\"@type\":\"ImageObject\",\"inLanguage\":\"fr-FR\",\"@id\":\"https:\\\/\\\/www.cltweb.org\\\/fr\\\/#\\\/schema\\\/logo\\\/image\\\/\",\"url\":\"https:\\\/\\\/www.cltweb.org\\\/wp-content\\\/uploads\\\/2024\\\/11\\\/New-CLT-Center-Text-logo.png\",\"contentUrl\":\"https:\\\/\\\/www.cltweb.org\\\/wp-content\\\/uploads\\\/2024\\\/11\\\/New-CLT-Center-Text-logo.png\",\"width\":227,\"height\":80,\"caption\":\"International Center for Community Land Trusts\"},\"image\":{\"@id\":\"https:\\\/\\\/www.cltweb.org\\\/fr\\\/#\\\/schema\\\/logo\\\/image\\\/\"},\"sameAs\":[\"https:\\\/\\\/www.facebook.com\\\/cltcenter\",\"https:\\\/\\\/x.com\\\/Center4CLTs\",\"https:\\\/\\\/www.instagram.com\\\/cltcenter\\\/\",\"https:\\\/\\\/www.linkedin.com\\\/company\\\/cltcenter\",\"https:\\\/\\\/www.youtube.com\\\/@centerforcltinnovation5313\"],\"description\":\"The International Center for Community Land Trusts is a not-for-profit nongovernmental organization established in 2018 to promote and to support community land trusts and similar strategies of community-led development on community-owned land in countries throughout the world.\",\"email\":\"info@communitylandtrust.net\",\"legalName\":\"International Center for Community Land Trusts\",\"foundingDate\":\"2018-12-01\",\"taxID\":\"84-3858933\",\"numberOfEmployees\":{\"@type\":\"QuantitativeValue\",\"minValue\":\"1\",\"maxValue\":\"10\"}}]}<\/script>\n<!-- \/ Yoast SEO Premium plugin. -->","yoast_head_json":{"title":"R\u00e9seaux nationaux et r\u00e9gionaux aux \u00c9tats-Unis - International Center for Community Land Trusts","robots":{"index":"index","follow":"follow","max-snippet":"max-snippet:-1","max-image-preview":"max-image-preview:large","max-video-preview":"max-video-preview:-1"},"canonical":"https:\/\/www.cltweb.org\/fr\/bibliotheque-de-ressources\/reseaux-clt\/reseaux-nationaux-et-regionaux-aux-etats-unis\/","og_locale":"fr_FR","og_type":"article","og_title":"R\u00e9seaux nationaux et r\u00e9gionaux aux \u00c9tats-Unis","og_url":"https:\/\/www.cltweb.org\/fr\/bibliotheque-de-ressources\/reseaux-clt\/reseaux-nationaux-et-regionaux-aux-etats-unis\/","og_site_name":"International Center for Community Land Trusts","article_publisher":"https:\/\/www.facebook.com\/cltcenter","twitter_card":"summary_large_image","twitter_site":"@Center4CLTs","schema":{"@context":"https:\/\/schema.org","@graph":[{"@type":"WebPage","@id":"https:\/\/www.cltweb.org\/fr\/bibliotheque-de-ressources\/reseaux-clt\/reseaux-nationaux-et-regionaux-aux-etats-unis\/","url":"https:\/\/www.cltweb.org\/fr\/bibliotheque-de-ressources\/reseaux-clt\/reseaux-nationaux-et-regionaux-aux-etats-unis\/","name":"R\u00e9seaux nationaux et r\u00e9gionaux aux \u00c9tats-Unis - International Center for Community Land Trusts","isPartOf":{"@id":"https:\/\/www.cltweb.org\/fr\/#website"},"datePublished":"2024-12-28T21:09:20+00:00","breadcrumb":{"@id":"https:\/\/www.cltweb.org\/fr\/bibliotheque-de-ressources\/reseaux-clt\/reseaux-nationaux-et-regionaux-aux-etats-unis\/#breadcrumb"},"inLanguage":"fr-FR","potentialAction":[{"@type":"ReadAction","target":["https:\/\/www.cltweb.org\/fr\/bibliotheque-de-ressources\/reseaux-clt\/reseaux-nationaux-et-regionaux-aux-etats-unis\/"]}]},{"@type":"BreadcrumbList","@id":"https:\/\/www.cltweb.org\/fr\/bibliotheque-de-ressources\/reseaux-clt\/reseaux-nationaux-et-regionaux-aux-etats-unis\/#breadcrumb","itemListElement":[{"@type":"ListItem","position":1,"name":"Home","item":"https:\/\/www.cltweb.org\/fr\/"},{"@type":"ListItem","position":2,"name":"Biblioth\u00e8que de ressources","item":"https:\/\/www.cltweb.org\/fr\/bibliotheque-de-ressources\/"},{"@type":"ListItem","position":3,"name":"R\u00e9seau mondial CLT","item":"https:\/\/www.cltweb.org\/fr\/bibliotheque-de-ressources\/modele-de-sous-section-des-ressources\/"},{"@type":"ListItem","position":4,"name":"R\u00e9seaux CLT","item":"https:\/\/www.cltweb.org\/fr\/bibliotheque-de-ressources\/modele-de-sous-section-des-ressources\/reseaux-clt\/"},{"@type":"ListItem","position":5,"name":"R\u00e9seaux nationaux et r\u00e9gionaux aux \u00c9tats-Unis"}]},{"@type":"WebSite","@id":"https:\/\/www.cltweb.org\/fr\/#website","url":"https:\/\/www.cltweb.org\/fr\/","name":"International Center for Community Land Trusts","description":"","publisher":{"@id":"https:\/\/www.cltweb.org\/fr\/#organization"},"potentialAction":[{"@type":"SearchAction","target":{"@type":"EntryPoint","urlTemplate":"https:\/\/www.cltweb.org\/fr\/?s={search_term_string}"},"query-input":{"@type":"PropertyValueSpecification","valueRequired":true,"valueName":"search_term_string"}}],"inLanguage":"fr-FR"},{"@type":"Organization","@id":"https:\/\/www.cltweb.org\/fr\/#organization","name":"International Center for Community Land Trusts","url":"https:\/\/www.cltweb.org\/fr\/","logo":{"@type":"ImageObject","inLanguage":"fr-FR","@id":"https:\/\/www.cltweb.org\/fr\/#\/schema\/logo\/image\/","url":"https:\/\/www.cltweb.org\/wp-content\/uploads\/2024\/11\/New-CLT-Center-Text-logo.png","contentUrl":"https:\/\/www.cltweb.org\/wp-content\/uploads\/2024\/11\/New-CLT-Center-Text-logo.png","width":227,"height":80,"caption":"International Center for Community Land Trusts"},"image":{"@id":"https:\/\/www.cltweb.org\/fr\/#\/schema\/logo\/image\/"},"sameAs":["https:\/\/www.facebook.com\/cltcenter","https:\/\/x.com\/Center4CLTs","https:\/\/www.instagram.com\/cltcenter\/","https:\/\/www.linkedin.com\/company\/cltcenter","https:\/\/www.youtube.com\/@centerforcltinnovation5313"],"description":"The International Center for Community Land Trusts is a not-for-profit nongovernmental organization established in 2018 to promote and to support community land trusts and similar strategies of community-led development on community-owned land in countries throughout the world.","email":"info@communitylandtrust.net","legalName":"International Center for Community Land Trusts","foundingDate":"2018-12-01","taxID":"84-3858933","numberOfEmployees":{"@type":"QuantitativeValue","minValue":"1","maxValue":"10"}}]}},"campaignId":"","taxonomy_info":[],"featured_image_src_large":false,"author_info":{"display_name":"cltredesign_0jp0l4","author_link":"https:\/\/www.cltweb.org\/fr\/author\/cltredesign_0jp0l4\/"},"comment_info":0,"jetpack_sharing_enabled":true,"jetpack-related-posts":[{"id":1973,"url":"https:\/\/www.cltweb.org\/fr\/bibliotheque-de-ressources\/carte-mondiale-du-clt\/","url_meta":{"origin":8160,"position":0},"title":"Carte et annuaire des CLT","author":"cltredesign_0jp0l4","date":"26 juillet 2024","format":false,"excerpt":"A propos de Global Map + Directory Cette carte mondiale et ce r\u00e9pertoire ne pr\u00e9tendent pas \u00eatre exhaustifs ou complets. Dans certains cas, il existe des organisations qui se d\u00e9crivent elles-m\u00eames comme des CLT et qui pr\u00e9sentent les caract\u00e9ristiques essentielles d'un CLT, que nous avons peut-\u00eatre accidentellement oubli\u00e9es. En effet,\u2026","rel":"","context":"Dans &quot;Biblioth\u00e8que de ressources&quot;","block_context":{"text":"Biblioth\u00e8que de ressources","link":"https:\/\/www.cltweb.org\/fr\/category\/bibliotheque-de-ressources\/"},"img":{"alt_text":"","src":"","width":0,"height":0},"classes":[]},{"id":7443,"url":"https:\/\/www.cltweb.org\/fr\/bibliotheque-de-ressources\/les-racines-du-mouvement-clt\/","url_meta":{"origin":8160,"position":1},"title":"Les racines du mouvement CLT","author":"cltredesign_0jp0l4","date":"5 novembre 2024","format":false,"excerpt":"Racines et branchesRacines et branches : Guide du jardinier sur les origines et l'\u00e9volution du Community Land Trust est une archive num\u00e9rique de documents historiques retra\u00e7ant les origines et l'\u00e9volution du community land trust. Racines et branches a \u00e9t\u00e9 d\u00e9velopp\u00e9 par John Emmeus Davis, Greg Rosenberg et l'artiste Bonnie Acker\u2026","rel":"","context":"Dans &quot;Histoire du mouvement&quot;","block_context":{"text":"Histoire du mouvement","link":"https:\/\/www.cltweb.org\/fr\/category\/histoire-du-mouvement\/"},"img":{"alt_text":"Roots and Branches graphic","src":"https:\/\/i0.wp.com\/www.cltweb.org\/wp-content\/uploads\/2024\/11\/Roots-and-Branches-1536x1265-1.jpg?resize=350%2C200&ssl=1","width":350,"height":200,"srcset":"https:\/\/i0.wp.com\/www.cltweb.org\/wp-content\/uploads\/2024\/11\/Roots-and-Branches-1536x1265-1.jpg?resize=350%2C200&ssl=1 1x, https:\/\/i0.wp.com\/www.cltweb.org\/wp-content\/uploads\/2024\/11\/Roots-and-Branches-1536x1265-1.jpg?resize=525%2C300&ssl=1 1.5x, https:\/\/i0.wp.com\/www.cltweb.org\/wp-content\/uploads\/2024\/11\/Roots-and-Branches-1536x1265-1.jpg?resize=700%2C400&ssl=1 2x, https:\/\/i0.wp.com\/www.cltweb.org\/wp-content\/uploads\/2024\/11\/Roots-and-Branches-1536x1265-1.jpg?resize=1050%2C600&ssl=1 3x, https:\/\/i0.wp.com\/www.cltweb.org\/wp-content\/uploads\/2024\/11\/Roots-and-Branches-1536x1265-1.jpg?resize=1400%2C800&ssl=1 4x"},"classes":[]},{"id":1509,"url":"https:\/\/www.cltweb.org\/fr\/bibliotheque-de-ressources\/reseaux-clt\/","url_meta":{"origin":8160,"position":2},"title":"R\u00e9seaux CLT","author":"cltredesign_0jp0l4","date":"26 juillet 2024","format":false,"excerpt":"R\u00e9seau australien des fonds fonciers communautaires (Community Land Trust Network) australiancltnetwork.org.au Nos objectifs sont de soutenir l'\u00e9tablissement des CLT en tant que mod\u00e8le de logement viable et s\u00fbr dans toute l'Australie : \u00catre un centre d'\u00e9change d'informations qui met l'information \u00e0 disposition gratuitement. Partager les connaissances, les ressources et le\u2026","rel":"","context":"Dans &quot;Biblioth\u00e8que de ressources&quot;","block_context":{"text":"Biblioth\u00e8que de ressources","link":"https:\/\/www.cltweb.org\/fr\/category\/bibliotheque-de-ressources\/"},"img":{"alt_text":"","src":"","width":0,"height":0},"classes":[]},{"id":11319,"url":"https:\/\/www.cltweb.org\/fr\/ressources-livres-aba\/","url_meta":{"origin":8160,"position":3},"title":"Ressources livres ABA","author":"cltredesign_0jp0l4","date":"17 mars 2026","format":false,"excerpt":"Articles de juristes Nous aurions aim\u00e9 inclure un certain nombre d'articles de revues dans A Community Land Trust Digest, mais nous n'avons pas pu le faire pour des raisons d'espace. Voici quelques articles suppl\u00e9mentaires qui valent la peine d'\u00eatre publi\u00e9s. Barbara L. Bezdek. 2020. \"Avoir et d\u00e9tenir ? La fiducie\u2026","rel":"","context":"Article similaire","block_context":{"text":"Article similaire","link":""},"img":{"alt_text":"","src":"","width":0,"height":0},"classes":[]},{"id":907,"url":"https:\/\/www.cltweb.org\/fr\/programmes-et-projets\/","url_meta":{"origin":8160,"position":4},"title":"Programmes et projets","author":"cltredesign_0jp0l4","date":"26 juillet 2024","format":false,"excerpt":"L'\u00e9ducation Am\u00e9liorer la sensibilisation, les ressources et le soutien aux praticiens et aux communaut\u00e9s CLT. Biblioth\u00e8que en ligne et archives CLT : Collecter et conserver des documents - en plusieurs langues - pr\u00e9sentant le CLT, des \u00e9tudes de cas, les meilleures pratiques et l'histoire du mouvement CLT. Carte et r\u00e9pertoire\u2026","rel":"","context":"Dans &quot;Non classifi\u00e9(e)&quot;","block_context":{"text":"Non classifi\u00e9(e)","link":"https:\/\/www.cltweb.org\/fr\/category\/non-classifiee\/"},"img":{"alt_text":"","src":"","width":0,"height":0},"classes":[]},{"id":2902,"url":"https:\/\/www.cltweb.org\/fr\/bibliotheque-de-ressources\/manuels-et-guides\/etats-unis\/","url_meta":{"origin":8160,"position":5},"title":"\u00c9tats-Unis","author":"cltredesign_0jp0l4","date":"4 octobre 2024","format":false,"excerpt":"Manuels et guides des \u00c9tats-Unis Cr\u00e9ation d'une fiducie fonci\u00e8re communautaire (2007) \u00c9crit par John Emmeus Davis en 2007, Starting a Community Land Trust : Organizational and Operational Choices, est un manuel qui dit rarement quelle devrait \u00eatre la \"bonne\" d\u00e9cision. La cr\u00e9ation d'un fonds foncier communautaire ne consiste pas \u00e0\u2026","rel":"","context":"Dans &quot;Manuels&quot;","block_context":{"text":"Manuels","link":"https:\/\/www.cltweb.org\/fr\/category\/manuels\/"},"img":{"alt_text":"","src":"","width":0,"height":0},"classes":[]}],"_links":{"self":[{"href":"https:\/\/www.cltweb.org\/fr\/wp-json\/wp\/v2\/pages\/8160","targetHints":{"allow":["GET"]}}],"collection":[{"href":"https:\/\/www.cltweb.org\/fr\/wp-json\/wp\/v2\/pages"}],"about":[{"href":"https:\/\/www.cltweb.org\/fr\/wp-json\/wp\/v2\/types\/page"}],"author":[{"embeddable":true,"href":"https:\/\/www.cltweb.org\/fr\/wp-json\/wp\/v2\/users\/1"}],"replies":[{"embeddable":true,"href":"https:\/\/www.cltweb.org\/fr\/wp-json\/wp\/v2\/comments?post=8160"}],"version-history":[{"count":0,"href":"https:\/\/www.cltweb.org\/fr\/wp-json\/wp\/v2\/pages\/8160\/revisions"}],"up":[{"embeddable":true,"href":"https:\/\/www.cltweb.org\/fr\/wp-json\/wp\/v2\/pages\/1509"}],"wp:attachment":[{"href":"https:\/\/www.cltweb.org\/fr\/wp-json\/wp\/v2\/media?parent=8160"}],"wp:term":[{"taxonomy":"category","embeddable":true,"href":"https:\/\/www.cltweb.org\/fr\/wp-json\/wp\/v2\/categories?post=8160"},{"taxonomy":"post_tag","embeddable":true,"href":"https:\/\/www.cltweb.org\/fr\/wp-json\/wp\/v2\/tags?post=8160"}],"curies":[{"name":"wp","href":"https:\/\/api.w.org\/{rel}","templated":true}]}}