{"id":856,"date":"2024-07-26T16:04:05","date_gmt":"2024-07-26T16:04:05","guid":{"rendered":"https:\/\/www.cltweb.org\/a-propos-de-nous\/finances\/"},"modified":"2025-07-15T19:22:36","modified_gmt":"2025-07-15T19:22:36","slug":"finances","status":"publish","type":"page","link":"https:\/\/www.cltweb.org\/fr\/a-propos-de-nous\/finances\/","title":{"rendered":"Biblioth\u00e8que de documents"},"content":{"rendered":"<style>.kb-row-layout-id43_a891fc-96 > .kt-row-column-wrap{align-content:start;}:where(.kb-row-layout-id43_a891fc-96 > .kt-row-column-wrap) > .wp-block-kadence-column{justify-content:start;}.kb-row-layout-id43_a891fc-96 > .kt-row-column-wrap{column-gap:var(--global-kb-gap-md, 2rem);row-gap:var(--global-kb-gap-sm, 1rem);max-width:1290px;padding-top:var(--global-kb-spacing-xs, 1rem);padding-bottom:var(--global-kb-spacing-sm, 1.5rem);grid-template-columns:minmax(0, 1fr);}.kb-row-layout-id43_a891fc-96{box-shadow:0px 0px 14px 0px rgba(0, 0, 0, 0.2);}.kb-row-layout-id43_a891fc-96 > .kt-row-layout-overlay{opacity:0.80;background-color:var(--theme-palette-color-8, #ffffff);}.kb-row-layout-id43_a891fc-96 ,.kb-row-layout-id43_a891fc-96 h1,.kb-row-layout-id43_a891fc-96 h2,.kb-row-layout-id43_a891fc-96 h3,.kb-row-layout-id43_a891fc-96 h4,.kb-row-layout-id43_a891fc-96 h5,.kb-row-layout-id43_a891fc-96 h6{color:var(--global-palette3, #1A202C);}@media all and (max-width: 1024px){.kb-row-layout-id43_a891fc-96 > .kt-row-column-wrap{grid-template-columns:minmax(0, 1fr);}}@media all and (max-width: 767px){.kb-row-layout-id43_a891fc-96 > .kt-row-column-wrap{grid-template-columns:minmax(0, 1fr);}}<\/style><div class=\"kb-row-layout-wrap kb-row-layout-id43_a891fc-96 alignfull has-palette-color-8-background-color kt-row-has-bg wp-block-kadence-rowlayout\"><div class=\"kt-row-layout-overlay kt-row-overlay-normal\"><\/div><div class=\"kt-row-column-wrap kt-has-2-columns kt-row-layout-row kt-tab-layout-row kt-mobile-layout-row kt-row-valign-top kb-theme-content-width\">\n<style>.kadence-column43_b88fe2-31 > .kt-inside-inner-col,.kadence-column43_b88fe2-31 > .kt-inside-inner-col:before{border-top-left-radius:0px;border-top-right-radius:0px;border-bottom-right-radius:0px;border-bottom-left-radius:0px;}.kadence-column43_b88fe2-31 > .kt-inside-inner-col{column-gap:var(--global-kb-gap-sm, 1rem);}.kadence-column43_b88fe2-31 > .kt-inside-inner-col{flex-direction:column;}.kadence-column43_b88fe2-31 > .kt-inside-inner-col > .aligncenter{width:100%;}.kadence-column43_b88fe2-31 > .kt-inside-inner-col:before{opacity:0.3;}.kadence-column43_b88fe2-31{position:relative;}@media all and (max-width: 1024px){.kadence-column43_b88fe2-31 > .kt-inside-inner-col{flex-direction:column;justify-content:center;}}@media all and (max-width: 767px){.kadence-column43_b88fe2-31 > .kt-inside-inner-col{flex-direction:column;justify-content:center;}}<\/style>\n<div class=\"wp-block-kadence-column kadence-column43_b88fe2-31\"><div class=\"kt-inside-inner-col\">\n<h2 class=\"wp-block-heading has-medium-font-size\" id=\"h-990-irs-forms\">990 Formulaires IRS<\/h2>\n\n\n\n<p><strong><a href=\"https:\/\/www.cltweb.org\/wp-content\/uploads\/2025\/07\/CLT-Center-990-for-2024-Public-Disclosure-Copy.pdf\" target=\"_blank\" rel=\"noreferrer noopener\">2024<\/a><\/strong><\/p>\n\n\n\n<p><a data-type=\"attachment\" data-id=\"3338\" href=\"https:\/\/www.cltweb.org\/wp-content\/uploads\/2024\/10\/ICCLT-Form-990-for-2023-Public-Disclosure-Copy.pdf\" target=\"_blank\" rel=\"noreferrer noopener\"><strong>2023<\/strong><\/a><\/p>\n\n\n\n<p><a data-type=\"attachment\" data-id=\"3332\" href=\"https:\/\/www.cltweb.org\/wp-content\/uploads\/2024\/10\/CLT-Center-990EZ-for-2022-Public-Disclosure-Copy.pdf\" target=\"_blank\" rel=\"noreferrer noopener\"><strong>2022<\/strong><\/a><\/p>\n\n\n\n<p><a data-type=\"attachment\" data-id=\"3326\" href=\"https:\/\/www.cltweb.org\/wp-content\/uploads\/2024\/10\/Final-2021-990-EZ-Efiled-5-10-22.pdf\" target=\"_blank\" rel=\"noreferrer noopener\"><strong>2021<\/strong><\/a><\/p>\n\n\n\n<h2 class=\"wp-block-heading has-medium-font-size\" id=\"h-audited-financial-statements\">\u00c9tats financiers v\u00e9rifi\u00e9s<\/h2>\n\n\n\n<p><a href=\"https:\/\/www.cltweb.org\/wp-content\/uploads\/2025\/04\/Audited-Financial-Statements-for-2024.pdf\" target=\"_blank\" rel=\"noreferrer noopener\"><strong>2024<\/strong><\/a><\/p>\n\n\n\n<p><a data-type=\"attachment\" data-id=\"3320\" href=\"https:\/\/www.cltweb.org\/wp-content\/uploads\/2024\/10\/Financial-Statements-2023-ICCLT.pdf\" target=\"_blank\" rel=\"noreferrer noopener\"><strong>2023<\/strong><\/a><\/p>\n\n\n\n<h2 class=\"wp-block-heading has-medium-font-size\" id=\"h-legal\"><strong>Juridique<\/strong><\/h2>\n\n\n\n<p><a data-type=\"attachment\" data-id=\"3397\" href=\"https:\/\/www.cltweb.org\/wp-content\/uploads\/2024\/10\/CLT-Center-Amended-Bylaws-Approved-032124.pdf\"><strong>Statuts<\/strong><\/a><\/p>\n\n\n\n<h2 class=\"wp-block-heading has-medium-font-size\" id=\"h-planning\"><strong>Planification<\/strong><\/h2>\n\n\n\n<p><a data-type=\"attachment\" data-id=\"1209\" href=\"https:\/\/www.cltweb.org\/wp-content\/uploads\/2024\/09\/CLT-Center-Strategic-Plan-080224.pdf\" target=\"_blank\" rel=\"noreferrer noopener\"><strong>Plan strat\u00e9gique pour 2024 &#8211; 2027<\/strong><\/a><\/p>\n\n\n\n<h2 class=\"wp-block-heading has-medium-font-size\" id=\"h-impact-report\">Rapport d&#8217;impact<\/h2>\n\n\n\n<p><a href=\"https:\/\/www.cltweb.org\/wp-content\/uploads\/2025\/06\/2024-Impact-Report_FINAL.pdf\" target=\"_blank\" rel=\"noreferrer noopener\"><strong>Rapport d&#8217;impact 2024<\/strong><\/a><\/p>\n<\/div><\/div>\n\n\n<style>.kadence-column43_0dff68-5b > .kt-inside-inner-col,.kadence-column43_0dff68-5b > .kt-inside-inner-col:before{border-top-left-radius:0px;border-top-right-radius:0px;border-bottom-right-radius:0px;border-bottom-left-radius:0px;}.kadence-column43_0dff68-5b > .kt-inside-inner-col{column-gap:var(--global-kb-gap-sm, 1rem);}.kadence-column43_0dff68-5b > .kt-inside-inner-col{flex-direction:column;}.kadence-column43_0dff68-5b > .kt-inside-inner-col > .aligncenter{width:100%;}.kadence-column43_0dff68-5b > .kt-inside-inner-col:before{opacity:0.3;}.kadence-column43_0dff68-5b{position:relative;}@media all and (max-width: 1024px){.kadence-column43_0dff68-5b > .kt-inside-inner-col{flex-direction:column;justify-content:center;}}@media all and (max-width: 767px){.kadence-column43_0dff68-5b > .kt-inside-inner-col{flex-direction:column;justify-content:center;}}<\/style>\n<div class=\"wp-block-kadence-column kadence-column43_0dff68-5b\"><div class=\"kt-inside-inner-col\"><\/div><\/div>\n\n<\/div><\/div>\n<p><\/p>\n","protected":false},"excerpt":{"rendered":"<p>Une biblioth\u00e8que de nos documents financiers, juridiques et de planification.<\/p>\n","protected":false},"author":1,"featured_media":0,"parent":743,"menu_order":2,"comment_status":"closed","ping_status":"closed","template":"","meta":{"give_campaign_id":0,"_tec_requires_first_save":true,"_kad_blocks_custom_css":"","_kad_blocks_head_custom_js":"","_kad_blocks_body_custom_js":"","_kad_blocks_footer_custom_js":"","_EventAllDay":false,"_EventTimezone":"","_EventStartDate":"","_EventEndDate":"","_EventStartDateUTC":"","_EventEndDateUTC":"","_EventShowMap":false,"_EventShowMapLink":false,"_EventURL":"","_EventCost":"","_EventCostDescription":"","_EventCurrencySymbol":"","_EventCurrencyCode":"","_EventCurrencyPosition":"","_EventDateTimeSeparator":"","_EventTimeRangeSeparator":"","_EventOrganizerID":[],"_EventVenueID":[],"_OrganizerEmail":"","_OrganizerPhone":"","_OrganizerWebsite":"","_VenueAddress":"","_VenueCity":"","_VenueCountry":"","_VenueProvince":"","_VenueState":"","_VenueZip":"","_VenuePhone":"","_VenueURL":"","_VenueStateProvince":"","_VenueLat":"","_VenueLng":"","_VenueShowMap":false,"_VenueShowMapLink":false,"_tribe_blocks_recurrence_rules":"","_tribe_blocks_recurrence_description":"","_tribe_blocks_recurrence_exclusions":"","footnotes":""},"categories":[78],"tags":[],"class_list":["post-856","page","type-page","status-publish","hentry","category-a-propos-de-nous"],"blocksy_meta":[],"yoast_head":"<!-- This site is optimized with the Yoast SEO Premium plugin v27.5 (Yoast SEO v27.5) - https:\/\/yoast.com\/product\/yoast-seo-premium-wordpress\/ -->\n<title>Biblioth\u00e8que de documents - International Center for Community Land Trusts<\/title>\n<meta name=\"robots\" content=\"index, follow, max-snippet:-1, max-image-preview:large, max-video-preview:-1\" \/>\n<link rel=\"canonical\" href=\"https:\/\/www.cltweb.org\/fr\/a-propos-de-nous\/finances\/\" \/>\n<meta property=\"og:locale\" content=\"fr_FR\" \/>\n<meta property=\"og:type\" content=\"article\" \/>\n<meta property=\"og:title\" content=\"Biblioth\u00e8que de documents\" \/>\n<meta property=\"og:description\" content=\"Une biblioth\u00e8que de nos documents financiers, juridiques et de planification.\" \/>\n<meta property=\"og:url\" content=\"https:\/\/www.cltweb.org\/fr\/a-propos-de-nous\/finances\/\" \/>\n<meta property=\"og:site_name\" content=\"International Center for Community Land Trusts\" \/>\n<meta property=\"article:publisher\" content=\"https:\/\/www.facebook.com\/cltcenter\" \/>\n<meta property=\"article:modified_time\" content=\"2025-07-15T19:22:36+00:00\" \/>\n<meta name=\"twitter:card\" content=\"summary_large_image\" \/>\n<meta name=\"twitter:site\" content=\"@Center4CLTs\" \/>\n<script type=\"application\/ld+json\" class=\"yoast-schema-graph\">{\"@context\":\"https:\\\/\\\/schema.org\",\"@graph\":[{\"@type\":\"WebPage\",\"@id\":\"https:\\\/\\\/www.cltweb.org\\\/fr\\\/a-propos-de-nous\\\/finances\\\/\",\"url\":\"https:\\\/\\\/www.cltweb.org\\\/fr\\\/a-propos-de-nous\\\/finances\\\/\",\"name\":\"Biblioth\u00e8que de documents - International Center for Community Land Trusts\",\"isPartOf\":{\"@id\":\"https:\\\/\\\/www.cltweb.org\\\/fr\\\/#website\"},\"datePublished\":\"2024-07-26T16:04:05+00:00\",\"dateModified\":\"2025-07-15T19:22:36+00:00\",\"breadcrumb\":{\"@id\":\"https:\\\/\\\/www.cltweb.org\\\/fr\\\/a-propos-de-nous\\\/finances\\\/#breadcrumb\"},\"inLanguage\":\"fr-FR\",\"potentialAction\":[{\"@type\":\"ReadAction\",\"target\":[\"https:\\\/\\\/www.cltweb.org\\\/fr\\\/a-propos-de-nous\\\/finances\\\/\"]}]},{\"@type\":\"BreadcrumbList\",\"@id\":\"https:\\\/\\\/www.cltweb.org\\\/fr\\\/a-propos-de-nous\\\/finances\\\/#breadcrumb\",\"itemListElement\":[{\"@type\":\"ListItem\",\"position\":1,\"name\":\"Home\",\"item\":\"https:\\\/\\\/www.cltweb.org\\\/fr\\\/\"},{\"@type\":\"ListItem\",\"position\":2,\"name\":\"A propos de nous\",\"item\":\"https:\\\/\\\/www.cltweb.org\\\/fr\\\/a-propos-de-nous\\\/\"},{\"@type\":\"ListItem\",\"position\":3,\"name\":\"Biblioth\u00e8que de documents\"}]},{\"@type\":\"WebSite\",\"@id\":\"https:\\\/\\\/www.cltweb.org\\\/fr\\\/#website\",\"url\":\"https:\\\/\\\/www.cltweb.org\\\/fr\\\/\",\"name\":\"International Center for Community Land Trusts\",\"description\":\"\",\"publisher\":{\"@id\":\"https:\\\/\\\/www.cltweb.org\\\/fr\\\/#organization\"},\"potentialAction\":[{\"@type\":\"SearchAction\",\"target\":{\"@type\":\"EntryPoint\",\"urlTemplate\":\"https:\\\/\\\/www.cltweb.org\\\/fr\\\/?s={search_term_string}\"},\"query-input\":{\"@type\":\"PropertyValueSpecification\",\"valueRequired\":true,\"valueName\":\"search_term_string\"}}],\"inLanguage\":\"fr-FR\"},{\"@type\":\"Organization\",\"@id\":\"https:\\\/\\\/www.cltweb.org\\\/fr\\\/#organization\",\"name\":\"International Center for Community Land Trusts\",\"url\":\"https:\\\/\\\/www.cltweb.org\\\/fr\\\/\",\"logo\":{\"@type\":\"ImageObject\",\"inLanguage\":\"fr-FR\",\"@id\":\"https:\\\/\\\/www.cltweb.org\\\/fr\\\/#\\\/schema\\\/logo\\\/image\\\/\",\"url\":\"https:\\\/\\\/www.cltweb.org\\\/wp-content\\\/uploads\\\/2024\\\/11\\\/New-CLT-Center-Text-logo.png\",\"contentUrl\":\"https:\\\/\\\/www.cltweb.org\\\/wp-content\\\/uploads\\\/2024\\\/11\\\/New-CLT-Center-Text-logo.png\",\"width\":227,\"height\":80,\"caption\":\"International Center for Community Land Trusts\"},\"image\":{\"@id\":\"https:\\\/\\\/www.cltweb.org\\\/fr\\\/#\\\/schema\\\/logo\\\/image\\\/\"},\"sameAs\":[\"https:\\\/\\\/www.facebook.com\\\/cltcenter\",\"https:\\\/\\\/x.com\\\/Center4CLTs\",\"https:\\\/\\\/www.instagram.com\\\/cltcenter\\\/\",\"https:\\\/\\\/www.linkedin.com\\\/company\\\/cltcenter\",\"https:\\\/\\\/www.youtube.com\\\/@centerforcltinnovation5313\"],\"description\":\"The International Center for Community Land Trusts is a not-for-profit nongovernmental organization established in 2018 to promote and to support community land trusts and similar strategies of community-led development on community-owned land in countries throughout the world.\",\"email\":\"info@communitylandtrust.net\",\"legalName\":\"International Center for Community Land Trusts\",\"foundingDate\":\"2018-12-01\",\"taxID\":\"84-3858933\",\"numberOfEmployees\":{\"@type\":\"QuantitativeValue\",\"minValue\":\"1\",\"maxValue\":\"10\"}}]}<\/script>\n<!-- \/ Yoast SEO Premium plugin. -->","yoast_head_json":{"title":"Biblioth\u00e8que de documents - International Center for Community Land Trusts","robots":{"index":"index","follow":"follow","max-snippet":"max-snippet:-1","max-image-preview":"max-image-preview:large","max-video-preview":"max-video-preview:-1"},"canonical":"https:\/\/www.cltweb.org\/fr\/a-propos-de-nous\/finances\/","og_locale":"fr_FR","og_type":"article","og_title":"Biblioth\u00e8que de documents","og_description":"Une biblioth\u00e8que de nos documents financiers, juridiques et de planification.","og_url":"https:\/\/www.cltweb.org\/fr\/a-propos-de-nous\/finances\/","og_site_name":"International Center for Community Land Trusts","article_publisher":"https:\/\/www.facebook.com\/cltcenter","article_modified_time":"2025-07-15T19:22:36+00:00","twitter_card":"summary_large_image","twitter_site":"@Center4CLTs","schema":{"@context":"https:\/\/schema.org","@graph":[{"@type":"WebPage","@id":"https:\/\/www.cltweb.org\/fr\/a-propos-de-nous\/finances\/","url":"https:\/\/www.cltweb.org\/fr\/a-propos-de-nous\/finances\/","name":"Biblioth\u00e8que de documents - International Center for Community Land Trusts","isPartOf":{"@id":"https:\/\/www.cltweb.org\/fr\/#website"},"datePublished":"2024-07-26T16:04:05+00:00","dateModified":"2025-07-15T19:22:36+00:00","breadcrumb":{"@id":"https:\/\/www.cltweb.org\/fr\/a-propos-de-nous\/finances\/#breadcrumb"},"inLanguage":"fr-FR","potentialAction":[{"@type":"ReadAction","target":["https:\/\/www.cltweb.org\/fr\/a-propos-de-nous\/finances\/"]}]},{"@type":"BreadcrumbList","@id":"https:\/\/www.cltweb.org\/fr\/a-propos-de-nous\/finances\/#breadcrumb","itemListElement":[{"@type":"ListItem","position":1,"name":"Home","item":"https:\/\/www.cltweb.org\/fr\/"},{"@type":"ListItem","position":2,"name":"A propos de nous","item":"https:\/\/www.cltweb.org\/fr\/a-propos-de-nous\/"},{"@type":"ListItem","position":3,"name":"Biblioth\u00e8que de documents"}]},{"@type":"WebSite","@id":"https:\/\/www.cltweb.org\/fr\/#website","url":"https:\/\/www.cltweb.org\/fr\/","name":"International Center for Community Land Trusts","description":"","publisher":{"@id":"https:\/\/www.cltweb.org\/fr\/#organization"},"potentialAction":[{"@type":"SearchAction","target":{"@type":"EntryPoint","urlTemplate":"https:\/\/www.cltweb.org\/fr\/?s={search_term_string}"},"query-input":{"@type":"PropertyValueSpecification","valueRequired":true,"valueName":"search_term_string"}}],"inLanguage":"fr-FR"},{"@type":"Organization","@id":"https:\/\/www.cltweb.org\/fr\/#organization","name":"International Center for Community Land Trusts","url":"https:\/\/www.cltweb.org\/fr\/","logo":{"@type":"ImageObject","inLanguage":"fr-FR","@id":"https:\/\/www.cltweb.org\/fr\/#\/schema\/logo\/image\/","url":"https:\/\/www.cltweb.org\/wp-content\/uploads\/2024\/11\/New-CLT-Center-Text-logo.png","contentUrl":"https:\/\/www.cltweb.org\/wp-content\/uploads\/2024\/11\/New-CLT-Center-Text-logo.png","width":227,"height":80,"caption":"International Center for Community Land Trusts"},"image":{"@id":"https:\/\/www.cltweb.org\/fr\/#\/schema\/logo\/image\/"},"sameAs":["https:\/\/www.facebook.com\/cltcenter","https:\/\/x.com\/Center4CLTs","https:\/\/www.instagram.com\/cltcenter\/","https:\/\/www.linkedin.com\/company\/cltcenter","https:\/\/www.youtube.com\/@centerforcltinnovation5313"],"description":"The International Center for Community Land Trusts is a not-for-profit nongovernmental organization established in 2018 to promote and to support community land trusts and similar strategies of community-led development on community-owned land in countries throughout the world.","email":"info@communitylandtrust.net","legalName":"International Center for Community Land Trusts","foundingDate":"2018-12-01","taxID":"84-3858933","numberOfEmployees":{"@type":"QuantitativeValue","minValue":"1","maxValue":"10"}}]}},"campaignId":"","taxonomy_info":{"category":[{"value":78,"label":"A propos de nous"}]},"featured_image_src_large":false,"author_info":{"display_name":"cltredesign_0jp0l4","author_link":"https:\/\/www.cltweb.org\/fr\/author\/cltredesign_0jp0l4\/"},"comment_info":0,"jetpack_sharing_enabled":true,"jetpack-related-posts":[{"id":906,"url":"https:\/\/www.cltweb.org\/fr\/bibliotheque-de-ressources\/","url_meta":{"origin":856,"position":0},"title":"Biblioth\u00e8que de ressources","author":"cltredesign_0jp0l4","date":"26 juillet 2024","format":false,"excerpt":"R\u00e9seau mondial Il existe 616 CLT dans 13 pays. Consultez la carte mondiale, notre liste de r\u00e9seaux de CLT et une section consacr\u00e9e aux CLT dans le Sud. Profils Nous avons recueilli des \u00e9tudes de cas sur le CLT, ainsi que des entretiens avec des personnalit\u00e9s cl\u00e9s du mouvement CLT.\u2026","rel":"","context":"Dans &quot;Biblioth\u00e8que de ressources&quot;","block_context":{"text":"Biblioth\u00e8que de ressources","link":"https:\/\/www.cltweb.org\/fr\/category\/bibliotheque-de-ressources\/"},"img":{"alt_text":"","src":"","width":0,"height":0},"classes":[]},{"id":1649,"url":"https:\/\/www.cltweb.org\/fr\/bibliotheque-de-ressources\/agriculture\/ressources-complementaires\/","url_meta":{"origin":856,"position":1},"title":"Ressources compl\u00e9mentaires","author":"cltredesign_0jp0l4","date":"29 juillet 2024","format":false,"excerpt":"Cette section propose une s\u00e9rie d'outils qui seront utiles pour la mise en \u0153uvre d'approches de l'agriculture urbaine bas\u00e9es sur les CLT, ainsi que pour toute personne souhaitant garantir la p\u00e9rennit\u00e9 de la propri\u00e9t\u00e9 fonci\u00e8re pour l'agriculture urbaine. Nous avons fourni neuf \u00e9tudes de cas de CLT impliqu\u00e9s dans des\u2026","rel":"","context":"Dans &quot;Agriculture&quot;","block_context":{"text":"Agriculture","link":"https:\/\/www.cltweb.org\/fr\/category\/agriculture-fr\/"},"img":{"alt_text":"","src":"","width":0,"height":0},"classes":[]},{"id":1882,"url":"https:\/\/www.cltweb.org\/fr\/bibliotheque-de-ressources\/recherche-universitaire\/","url_meta":{"origin":856,"position":2},"title":"Documents acad\u00e9miques","author":"cltredesign_0jp0l4","date":"26 juillet 2024","format":false,"excerpt":"Introduction de John Emmeus Davis L'un des principaux objectifs et programmes de l'International Center for Community Land Trusts est de \"cataloguer et diffuser les recherches universitaires et non universitaires\" sur les community land trusts et les strat\u00e9gies similaires de d\u00e9veloppement communautaire sur des terres appartenant \u00e0 la communaut\u00e9. Certaines de\u2026","rel":"","context":"Dans &quot;Biblioth\u00e8que de ressources&quot;","block_context":{"text":"Biblioth\u00e8que de ressources","link":"https:\/\/www.cltweb.org\/fr\/category\/bibliotheque-de-ressources\/"},"img":{"alt_text":"","src":"","width":0,"height":0},"classes":[]},{"id":3933,"url":"https:\/\/www.cltweb.org\/fr\/bibliotheque-de-ressources\/etudes-de-cas-clt\/","url_meta":{"origin":856,"position":3},"title":"\u00c9tudes de cas","author":"cltredesign_0jp0l4","date":"20 octobre 2024","format":false,"excerpt":"Histoires d'origine CLT Bien que le mouvement des community land trust soit relativement jeune dans son ensemble, il existe aujourd'hui aux \u00c9tats-Unis un certain nombre de CLT qui fonctionnent depuis plus de 20 ans. Quelques-uns d'entre eux ont f\u00eat\u00e9 leur 30e anniversaire. Des CLT plus jeunes ont commenc\u00e9 \u00e0 appara\u00eetre\u2026","rel":"","context":"Dans &quot;Biblioth\u00e8que de ressources&quot;","block_context":{"text":"Biblioth\u00e8que de ressources","link":"https:\/\/www.cltweb.org\/fr\/category\/bibliotheque-de-ressources\/"},"img":{"alt_text":"","src":"","width":0,"height":0},"classes":[]},{"id":1840,"url":"https:\/\/www.cltweb.org\/fr\/bibliotheque-de-ressources\/manuels-et-guides\/banques-foncieres-et-fonds-fonciers-communautaires\/","url_meta":{"origin":856,"position":4},"title":"L&#8217;Europe","author":"cltredesign_0jp0l4","date":"7 septembre 2024","format":false,"excerpt":"Manuels et guides d'Europe People Powered Homes : Comment le CLT de Londres et Citizens UK s'organisent pour acc\u00e9der \u00e0 des terrains destin\u00e9s \u00e0 la construction de logements abordables Le CLT de London est n\u00e9 des efforts d'organisation communautaire de London Citizens, qui renforce la capacit\u00e9 des gens \u00e0 participer\u2026","rel":"","context":"Dans &quot;Manuels&quot;","block_context":{"text":"Manuels","link":"https:\/\/www.cltweb.org\/fr\/category\/manuels\/"},"img":{"alt_text":"","src":"","width":0,"height":0},"classes":[]},{"id":1973,"url":"https:\/\/www.cltweb.org\/fr\/bibliotheque-de-ressources\/carte-mondiale-du-clt\/","url_meta":{"origin":856,"position":5},"title":"Carte et annuaire des CLT","author":"cltredesign_0jp0l4","date":"26 juillet 2024","format":false,"excerpt":"A propos de Global Map + Directory Cette carte mondiale et ce r\u00e9pertoire ne pr\u00e9tendent pas \u00eatre exhaustifs ou complets. Dans certains cas, il existe des organisations qui se d\u00e9crivent elles-m\u00eames comme des CLT et qui pr\u00e9sentent les caract\u00e9ristiques essentielles d'un CLT, que nous avons peut-\u00eatre accidentellement oubli\u00e9es. En effet,\u2026","rel":"","context":"Dans &quot;Biblioth\u00e8que de ressources&quot;","block_context":{"text":"Biblioth\u00e8que de ressources","link":"https:\/\/www.cltweb.org\/fr\/category\/bibliotheque-de-ressources\/"},"img":{"alt_text":"","src":"","width":0,"height":0},"classes":[]}],"_links":{"self":[{"href":"https:\/\/www.cltweb.org\/fr\/wp-json\/wp\/v2\/pages\/856","targetHints":{"allow":["GET"]}}],"collection":[{"href":"https:\/\/www.cltweb.org\/fr\/wp-json\/wp\/v2\/pages"}],"about":[{"href":"https:\/\/www.cltweb.org\/fr\/wp-json\/wp\/v2\/types\/page"}],"author":[{"embeddable":true,"href":"https:\/\/www.cltweb.org\/fr\/wp-json\/wp\/v2\/users\/1"}],"replies":[{"embeddable":true,"href":"https:\/\/www.cltweb.org\/fr\/wp-json\/wp\/v2\/comments?post=856"}],"version-history":[{"count":16,"href":"https:\/\/www.cltweb.org\/fr\/wp-json\/wp\/v2\/pages\/856\/revisions"}],"predecessor-version":[{"id":9751,"href":"https:\/\/www.cltweb.org\/fr\/wp-json\/wp\/v2\/pages\/856\/revisions\/9751"}],"up":[{"embeddable":true,"href":"https:\/\/www.cltweb.org\/fr\/wp-json\/wp\/v2\/pages\/743"}],"wp:attachment":[{"href":"https:\/\/www.cltweb.org\/fr\/wp-json\/wp\/v2\/media?parent=856"}],"wp:term":[{"taxonomy":"category","embeddable":true,"href":"https:\/\/www.cltweb.org\/fr\/wp-json\/wp\/v2\/categories?post=856"},{"taxonomy":"post_tag","embeddable":true,"href":"https:\/\/www.cltweb.org\/fr\/wp-json\/wp\/v2\/tags?post=856"}],"curies":[{"name":"wp","href":"https:\/\/api.w.org\/{rel}","templated":true}]}}