{"id":8714,"date":"2025-02-02T20:35:30","date_gmt":"2025-02-02T20:35:30","guid":{"rendered":"https:\/\/www.cltweb.org\/bibliotheque-de-ressources\/agriculture\/concepts-cles\/respect-du-lieu\/"},"modified":"2025-02-03T19:37:23","modified_gmt":"2025-02-03T19:37:23","slug":"respect-du-lieu","status":"publish","type":"page","link":"https:\/\/www.cltweb.org\/fr\/bibliotheque-de-ressources\/agriculture\/concepts-cles\/respect-du-lieu\/","title":{"rendered":"Respect du lieu"},"content":{"rendered":"\n<p>En intervenant dans ce paysage, les cultivateurs urbains et leurs alli\u00e9s doivent comprendre que lorsque la terre est bon march\u00e9, elle l&#8217;est pour une raison. Un terrain vague qui pourrait \u00eatre un site abordable pour une ferme urbaine a presque toujours une histoire sociale et environnementale compliqu\u00e9e qui est inscrite \u00e0 la fois dans le sol lui-m\u00eame et dans le quartier o\u00f9 il se trouve. Lorsque des terrains urbains sont mis \u00e0 disposition gratuitement ou \u00e0 tr\u00e8s bas prix, c&#8217;est peut-\u00eatre pr\u00e9cis\u00e9ment parce qu&#8217;ils sont situ\u00e9s dans des quartiers d\u00e9sinvestis o\u00f9 vivent des habitants qui ont \u00e9t\u00e9 historiquement exclus des ressources et des opportunit\u00e9s en raison de leur race. Ces quartiers sont plus susceptibles d&#8217;avoir \u00e9t\u00e9 soumis \u00e0 la pollution de l&#8217;air, du sol et\/ou de l&#8217;eau. Les producteurs et leurs alli\u00e9s qui cherchent des terres abordables pour des fermes urbaines doivent donc comprendre et respecter l&#8217;histoire sociale et environnementale de leur ville.    <\/p>\n\n<p>L&#8217;histoire des r\u00e9formateurs sociaux et de leurs strat\u00e9gies fait partie de cette histoire. Les cultivateurs urbains ne sont pas les premiers \u00e0 venir dans les quartiers d\u00e9favoris\u00e9s avec des projets de redressement passionnants et les meilleures intentions du monde. (Cela ne veut pas dire que tous les cultivateurs viennent de l&#8217;ext\u00e9rieur du quartier ; en effet, il peut y avoir des aspirants cultivateurs dans le quartier qui ont moins acc\u00e8s \u00e0 la terre et au capital que les groupes venant de l&#8217;ext\u00e9rieur). Quiconque esp\u00e8re utiliser l&#8217;agriculture urbaine pour reconstruire un quartier doit \u00eatre conscient de la mani\u00e8re dont sa pratique peut reproduire un mod\u00e8le d&#8217;entreprises et d&#8217;organisations \u00e0 but non lucratif cherchant \u00e0 extraire des ressources d&#8217;un quartier.   <\/p>\n\n<p>Pour les personnes et les organisations \u00e0 la recherche de terres agricoles urbaines abordables, il est primordial de comprendre que nombre de ces propri\u00e9t\u00e9s sont situ\u00e9es dans des quartiers ayant un lourd pass\u00e9 d&#8217;exploitation raciale. Ceci est li\u00e9 \u00e0 la question du contr\u00f4le communautaire et \u00e0 l&#8217;importance pour les organisations \u00e0 but non lucratif ext\u00e9rieures au quartier local d&#8217;\u00eatre pr\u00e9par\u00e9es au scepticisme et \u00e0 la r\u00e9sistance l\u00e9gitimes qu&#8217;elles rencontrent lorsqu&#8217;elles proposent des solutions fonci\u00e8res pour les communaut\u00e9s non blanches et historiquement d\u00e9favoris\u00e9es\/opprim\u00e9es, et d&#8217;y r\u00e9pondre de mani\u00e8re constructive. <\/p>\n","protected":false},"excerpt":{"rendered":"<p>En intervenant dans ce paysage, les cultivateurs urbains et leurs alli\u00e9s doivent comprendre que lorsque la terre est bon march\u00e9, elle l&#8217;est pour une raison. Un terrain vague qui pourrait [&hellip;]<\/p>\n","protected":false},"author":1,"featured_media":0,"parent":1669,"menu_order":6,"comment_status":"closed","ping_status":"closed","template":"","meta":{"give_campaign_id":0,"_tec_requires_first_save":true,"_kad_blocks_custom_css":"","_kad_blocks_head_custom_js":"","_kad_blocks_body_custom_js":"","_kad_blocks_footer_custom_js":"","_EventAllDay":false,"_EventTimezone":"","_EventStartDate":"","_EventEndDate":"","_EventStartDateUTC":"","_EventEndDateUTC":"","_EventShowMap":false,"_EventShowMapLink":false,"_EventURL":"","_EventCost":"","_EventCostDescription":"","_EventCurrencySymbol":"","_EventCurrencyCode":"","_EventCurrencyPosition":"","_EventDateTimeSeparator":"","_EventTimeRangeSeparator":"","_EventOrganizerID":[],"_EventVenueID":[],"_OrganizerEmail":"","_OrganizerPhone":"","_OrganizerWebsite":"","_VenueAddress":"","_VenueCity":"","_VenueCountry":"","_VenueProvince":"","_VenueState":"","_VenueZip":"","_VenuePhone":"","_VenueURL":"","_VenueStateProvince":"","_VenueLat":"","_VenueLng":"","_VenueShowMap":false,"_VenueShowMapLink":false,"_tribe_blocks_recurrence_rules":"","_tribe_blocks_recurrence_description":"","_tribe_blocks_recurrence_exclusions":"","footnotes":""},"categories":[125],"tags":[],"class_list":["post-8714","page","type-page","status-publish","hentry","category-agriculture-fr"],"blocksy_meta":[],"yoast_head":"<!-- This site is optimized with the Yoast SEO Premium plugin v27.5 (Yoast SEO v27.5) - https:\/\/yoast.com\/product\/yoast-seo-premium-wordpress\/ -->\n<title>Respect du lieu - International Center for Community Land Trusts<\/title>\n<meta name=\"robots\" content=\"index, follow, max-snippet:-1, max-image-preview:large, max-video-preview:-1\" \/>\n<link rel=\"canonical\" href=\"https:\/\/www.cltweb.org\/fr\/bibliotheque-de-ressources\/agriculture\/concepts-cles\/respect-du-lieu\/\" \/>\n<meta property=\"og:locale\" content=\"fr_FR\" \/>\n<meta property=\"og:type\" content=\"article\" \/>\n<meta property=\"og:title\" content=\"Respect du lieu\" \/>\n<meta property=\"og:description\" content=\"En intervenant dans ce paysage, les cultivateurs urbains et leurs alli\u00e9s doivent comprendre que lorsque la terre est bon march\u00e9, elle l&#8217;est pour une raison. Un terrain vague qui pourrait [&hellip;]\" \/>\n<meta property=\"og:url\" content=\"https:\/\/www.cltweb.org\/fr\/bibliotheque-de-ressources\/agriculture\/concepts-cles\/respect-du-lieu\/\" \/>\n<meta property=\"og:site_name\" content=\"International Center for Community Land Trusts\" \/>\n<meta property=\"article:publisher\" content=\"https:\/\/www.facebook.com\/cltcenter\" \/>\n<meta property=\"article:modified_time\" content=\"2025-02-03T19:37:23+00:00\" \/>\n<meta name=\"twitter:card\" content=\"summary_large_image\" \/>\n<meta name=\"twitter:site\" content=\"@Center4CLTs\" \/>\n<meta name=\"twitter:label1\" content=\"Dur\u00e9e de lecture estim\u00e9e\" \/>\n\t<meta name=\"twitter:data1\" content=\"2 minutes\" \/>\n<script type=\"application\/ld+json\" class=\"yoast-schema-graph\">{\"@context\":\"https:\\\/\\\/schema.org\",\"@graph\":[{\"@type\":\"WebPage\",\"@id\":\"https:\\\/\\\/www.cltweb.org\\\/fr\\\/bibliotheque-de-ressources\\\/agriculture\\\/concepts-cles\\\/respect-du-lieu\\\/\",\"url\":\"https:\\\/\\\/www.cltweb.org\\\/fr\\\/bibliotheque-de-ressources\\\/agriculture\\\/concepts-cles\\\/respect-du-lieu\\\/\",\"name\":\"Respect du lieu - International Center for Community Land Trusts\",\"isPartOf\":{\"@id\":\"https:\\\/\\\/www.cltweb.org\\\/fr\\\/#website\"},\"datePublished\":\"2025-02-02T20:35:30+00:00\",\"dateModified\":\"2025-02-03T19:37:23+00:00\",\"breadcrumb\":{\"@id\":\"https:\\\/\\\/www.cltweb.org\\\/fr\\\/bibliotheque-de-ressources\\\/agriculture\\\/concepts-cles\\\/respect-du-lieu\\\/#breadcrumb\"},\"inLanguage\":\"fr-FR\",\"potentialAction\":[{\"@type\":\"ReadAction\",\"target\":[\"https:\\\/\\\/www.cltweb.org\\\/fr\\\/bibliotheque-de-ressources\\\/agriculture\\\/concepts-cles\\\/respect-du-lieu\\\/\"]}]},{\"@type\":\"BreadcrumbList\",\"@id\":\"https:\\\/\\\/www.cltweb.org\\\/fr\\\/bibliotheque-de-ressources\\\/agriculture\\\/concepts-cles\\\/respect-du-lieu\\\/#breadcrumb\",\"itemListElement\":[{\"@type\":\"ListItem\",\"position\":1,\"name\":\"Home\",\"item\":\"https:\\\/\\\/www.cltweb.org\\\/fr\\\/\"},{\"@type\":\"ListItem\",\"position\":2,\"name\":\"Biblioth\u00e8que de ressources\",\"item\":\"https:\\\/\\\/www.cltweb.org\\\/fr\\\/bibliotheque-de-ressources\\\/\"},{\"@type\":\"ListItem\",\"position\":3,\"name\":\"R\u00e9gime foncier pour l&#8217;agriculture urbaine\",\"item\":\"https:\\\/\\\/www.cltweb.org\\\/fr\\\/bibliotheque-de-ressources\\\/agriculture\\\/\"},{\"@type\":\"ListItem\",\"position\":4,\"name\":\"Concepts cl\u00e9s\",\"item\":\"https:\\\/\\\/www.cltweb.org\\\/fr\\\/bibliotheque-de-ressources\\\/agriculture\\\/concepts-cles\\\/\"},{\"@type\":\"ListItem\",\"position\":5,\"name\":\"Respect du lieu\"}]},{\"@type\":\"WebSite\",\"@id\":\"https:\\\/\\\/www.cltweb.org\\\/fr\\\/#website\",\"url\":\"https:\\\/\\\/www.cltweb.org\\\/fr\\\/\",\"name\":\"International Center for Community Land Trusts\",\"description\":\"\",\"publisher\":{\"@id\":\"https:\\\/\\\/www.cltweb.org\\\/fr\\\/#organization\"},\"potentialAction\":[{\"@type\":\"SearchAction\",\"target\":{\"@type\":\"EntryPoint\",\"urlTemplate\":\"https:\\\/\\\/www.cltweb.org\\\/fr\\\/?s={search_term_string}\"},\"query-input\":{\"@type\":\"PropertyValueSpecification\",\"valueRequired\":true,\"valueName\":\"search_term_string\"}}],\"inLanguage\":\"fr-FR\"},{\"@type\":\"Organization\",\"@id\":\"https:\\\/\\\/www.cltweb.org\\\/fr\\\/#organization\",\"name\":\"International Center for Community Land Trusts\",\"url\":\"https:\\\/\\\/www.cltweb.org\\\/fr\\\/\",\"logo\":{\"@type\":\"ImageObject\",\"inLanguage\":\"fr-FR\",\"@id\":\"https:\\\/\\\/www.cltweb.org\\\/fr\\\/#\\\/schema\\\/logo\\\/image\\\/\",\"url\":\"https:\\\/\\\/www.cltweb.org\\\/wp-content\\\/uploads\\\/2024\\\/11\\\/New-CLT-Center-Text-logo.png\",\"contentUrl\":\"https:\\\/\\\/www.cltweb.org\\\/wp-content\\\/uploads\\\/2024\\\/11\\\/New-CLT-Center-Text-logo.png\",\"width\":227,\"height\":80,\"caption\":\"International Center for Community Land Trusts\"},\"image\":{\"@id\":\"https:\\\/\\\/www.cltweb.org\\\/fr\\\/#\\\/schema\\\/logo\\\/image\\\/\"},\"sameAs\":[\"https:\\\/\\\/www.facebook.com\\\/cltcenter\",\"https:\\\/\\\/x.com\\\/Center4CLTs\",\"https:\\\/\\\/www.instagram.com\\\/cltcenter\\\/\",\"https:\\\/\\\/www.linkedin.com\\\/company\\\/cltcenter\",\"https:\\\/\\\/www.youtube.com\\\/@centerforcltinnovation5313\"],\"description\":\"The International Center for Community Land Trusts is a not-for-profit nongovernmental organization established in 2018 to promote and to support community land trusts and similar strategies of community-led development on community-owned land in countries throughout the world.\",\"email\":\"info@communitylandtrust.net\",\"legalName\":\"International Center for Community Land Trusts\",\"foundingDate\":\"2018-12-01\",\"taxID\":\"84-3858933\",\"numberOfEmployees\":{\"@type\":\"QuantitativeValue\",\"minValue\":\"1\",\"maxValue\":\"10\"}}]}<\/script>\n<!-- \/ Yoast SEO Premium plugin. -->","yoast_head_json":{"title":"Respect du lieu - International Center for Community Land Trusts","robots":{"index":"index","follow":"follow","max-snippet":"max-snippet:-1","max-image-preview":"max-image-preview:large","max-video-preview":"max-video-preview:-1"},"canonical":"https:\/\/www.cltweb.org\/fr\/bibliotheque-de-ressources\/agriculture\/concepts-cles\/respect-du-lieu\/","og_locale":"fr_FR","og_type":"article","og_title":"Respect du lieu","og_description":"En intervenant dans ce paysage, les cultivateurs urbains et leurs alli\u00e9s doivent comprendre que lorsque la terre est bon march\u00e9, elle l&#8217;est pour une raison. Un terrain vague qui pourrait [&hellip;]","og_url":"https:\/\/www.cltweb.org\/fr\/bibliotheque-de-ressources\/agriculture\/concepts-cles\/respect-du-lieu\/","og_site_name":"International Center for Community Land Trusts","article_publisher":"https:\/\/www.facebook.com\/cltcenter","article_modified_time":"2025-02-03T19:37:23+00:00","twitter_card":"summary_large_image","twitter_site":"@Center4CLTs","twitter_misc":{"Dur\u00e9e de lecture estim\u00e9e":"2 minutes"},"schema":{"@context":"https:\/\/schema.org","@graph":[{"@type":"WebPage","@id":"https:\/\/www.cltweb.org\/fr\/bibliotheque-de-ressources\/agriculture\/concepts-cles\/respect-du-lieu\/","url":"https:\/\/www.cltweb.org\/fr\/bibliotheque-de-ressources\/agriculture\/concepts-cles\/respect-du-lieu\/","name":"Respect du lieu - International Center for Community Land Trusts","isPartOf":{"@id":"https:\/\/www.cltweb.org\/fr\/#website"},"datePublished":"2025-02-02T20:35:30+00:00","dateModified":"2025-02-03T19:37:23+00:00","breadcrumb":{"@id":"https:\/\/www.cltweb.org\/fr\/bibliotheque-de-ressources\/agriculture\/concepts-cles\/respect-du-lieu\/#breadcrumb"},"inLanguage":"fr-FR","potentialAction":[{"@type":"ReadAction","target":["https:\/\/www.cltweb.org\/fr\/bibliotheque-de-ressources\/agriculture\/concepts-cles\/respect-du-lieu\/"]}]},{"@type":"BreadcrumbList","@id":"https:\/\/www.cltweb.org\/fr\/bibliotheque-de-ressources\/agriculture\/concepts-cles\/respect-du-lieu\/#breadcrumb","itemListElement":[{"@type":"ListItem","position":1,"name":"Home","item":"https:\/\/www.cltweb.org\/fr\/"},{"@type":"ListItem","position":2,"name":"Biblioth\u00e8que de ressources","item":"https:\/\/www.cltweb.org\/fr\/bibliotheque-de-ressources\/"},{"@type":"ListItem","position":3,"name":"R\u00e9gime foncier pour l&#8217;agriculture urbaine","item":"https:\/\/www.cltweb.org\/fr\/bibliotheque-de-ressources\/agriculture\/"},{"@type":"ListItem","position":4,"name":"Concepts cl\u00e9s","item":"https:\/\/www.cltweb.org\/fr\/bibliotheque-de-ressources\/agriculture\/concepts-cles\/"},{"@type":"ListItem","position":5,"name":"Respect du lieu"}]},{"@type":"WebSite","@id":"https:\/\/www.cltweb.org\/fr\/#website","url":"https:\/\/www.cltweb.org\/fr\/","name":"International Center for Community Land Trusts","description":"","publisher":{"@id":"https:\/\/www.cltweb.org\/fr\/#organization"},"potentialAction":[{"@type":"SearchAction","target":{"@type":"EntryPoint","urlTemplate":"https:\/\/www.cltweb.org\/fr\/?s={search_term_string}"},"query-input":{"@type":"PropertyValueSpecification","valueRequired":true,"valueName":"search_term_string"}}],"inLanguage":"fr-FR"},{"@type":"Organization","@id":"https:\/\/www.cltweb.org\/fr\/#organization","name":"International Center for Community Land Trusts","url":"https:\/\/www.cltweb.org\/fr\/","logo":{"@type":"ImageObject","inLanguage":"fr-FR","@id":"https:\/\/www.cltweb.org\/fr\/#\/schema\/logo\/image\/","url":"https:\/\/www.cltweb.org\/wp-content\/uploads\/2024\/11\/New-CLT-Center-Text-logo.png","contentUrl":"https:\/\/www.cltweb.org\/wp-content\/uploads\/2024\/11\/New-CLT-Center-Text-logo.png","width":227,"height":80,"caption":"International Center for Community Land Trusts"},"image":{"@id":"https:\/\/www.cltweb.org\/fr\/#\/schema\/logo\/image\/"},"sameAs":["https:\/\/www.facebook.com\/cltcenter","https:\/\/x.com\/Center4CLTs","https:\/\/www.instagram.com\/cltcenter\/","https:\/\/www.linkedin.com\/company\/cltcenter","https:\/\/www.youtube.com\/@centerforcltinnovation5313"],"description":"The International Center for Community Land Trusts is a not-for-profit nongovernmental organization established in 2018 to promote and to support community land trusts and similar strategies of community-led development on community-owned land in countries throughout the world.","email":"info@communitylandtrust.net","legalName":"International Center for Community Land Trusts","foundingDate":"2018-12-01","taxID":"84-3858933","numberOfEmployees":{"@type":"QuantitativeValue","minValue":"1","maxValue":"10"}}]}},"campaignId":"","taxonomy_info":{"category":[{"value":125,"label":"Agriculture"}]},"featured_image_src_large":false,"author_info":{"display_name":"cltredesign_0jp0l4","author_link":"https:\/\/www.cltweb.org\/fr\/author\/cltredesign_0jp0l4\/"},"comment_info":0,"jetpack_sharing_enabled":true,"jetpack-related-posts":[{"id":1678,"url":"https:\/\/www.cltweb.org\/fr\/bibliotheque-de-ressources\/agriculture\/defis\/","url_meta":{"origin":8714,"position":0},"title":"D\u00e9fis","author":"cltredesign_0jp0l4","date":"29 juillet 2024","format":false,"excerpt":"Le besoin de terrains abordables Le co\u00fbt \u00e9lev\u00e9 des terres urbaines par rapport aux terres rurales pose un probl\u00e8me majeur aux agriculteurs urbains potentiels. Contrairement aux agriculteurs ruraux, ils sont en concurrence pour les terres avec une multitude d'autres utilisateurs potentiels, ce qui cr\u00e9e des pressions inflationnistes sur les prix\u2026","rel":"","context":"Dans &quot;Agriculture&quot;","block_context":{"text":"Agriculture","link":"https:\/\/www.cltweb.org\/fr\/category\/agriculture-fr\/"},"img":{"alt_text":"","src":"","width":0,"height":0},"classes":[]},{"id":8719,"url":"https:\/\/www.cltweb.org\/fr\/bibliotheque-de-ressources\/agriculture\/concepts-cles\/lagriculture-engagee-dans-la-communaute\/","url_meta":{"origin":8714,"position":1},"title":"L&#8217;agriculture engag\u00e9e dans la communaut\u00e9","author":"cltredesign_0jp0l4","date":"2 f\u00e9vrier 2025","format":false,"excerpt":"En dehors des villes, les agriculteurs peuvent travailler leurs terres sans trop se soucier de leurs voisins. Mais en milieu urbain, les voisins sont beaucoup plus proches - les agriculteurs urbains seront probablement soumis \u00e0 de fortes pressions pour \u00eatre de bons membres de la communaut\u00e9. En s'engageant activement aupr\u00e8s\u2026","rel":"","context":"Dans &quot;Agriculture&quot;","block_context":{"text":"Agriculture","link":"https:\/\/www.cltweb.org\/fr\/category\/agriculture-fr\/"},"img":{"alt_text":"","src":"","width":0,"height":0},"classes":[]},{"id":1668,"url":"https:\/\/www.cltweb.org\/fr\/bibliotheque-de-ressources\/agriculture\/le-role-des-organisations-a-but-non-lucratif\/","url_meta":{"origin":8714,"position":2},"title":"Le r\u00f4le des organisations \u00e0 but non lucratif","author":"cltredesign_0jp0l4","date":"29 juillet 2024","format":false,"excerpt":"Comme dans d'autres domaines du d\u00e9veloppement \u00e9conomique communautaire, le secteur \u00e0 but non lucratif a un r\u00f4le particulier \u00e0 jouer lorsqu'il s'agit de donner un coup de fouet \u00e0 l'agriculture urbaine. L'agriculture urbaine est une approche relativement peu co\u00fbteuse de la revitalisation des communaut\u00e9s, le co\u00fbt de l'investissement \u00e9tant inf\u00e9rieur\u2026","rel":"","context":"Dans &quot;Agriculture&quot;","block_context":{"text":"Agriculture","link":"https:\/\/www.cltweb.org\/fr\/category\/agriculture-fr\/"},"img":{"alt_text":"","src":"","width":0,"height":0},"classes":[]},{"id":8764,"url":"https:\/\/www.cltweb.org\/fr\/bibliotheque-de-ressources\/agriculture\/le-modele-du-serveur-central\/une-fiducie-fonciere-pour-les-fermes-commerciales-urbaines\/","url_meta":{"origin":8714,"position":3},"title":"Une fiducie fonci\u00e8re pour les fermes commerciales urbaines ?","author":"cltredesign_0jp0l4","date":"2 f\u00e9vrier 2025","format":false,"excerpt":"La d\u00e9tention de terres agricoles en fiducie est un compl\u00e9ment potentiel pour les mod\u00e8les d'agriculture urbaine \u00e0 but lucratif et entrepreneurial. Les responsables des fondations, en particulier, s'int\u00e9ressent \u00e0 la possibilit\u00e9 pour le secteur de l'agriculture urbaine de d\u00e9passer les mod\u00e8les d'entreprise \u00e0 but non lucratif qui d\u00e9pendent des subventions.\u2026","rel":"","context":"Dans &quot;Agriculture&quot;","block_context":{"text":"Agriculture","link":"https:\/\/www.cltweb.org\/fr\/category\/agriculture-fr\/"},"img":{"alt_text":"","src":"","width":0,"height":0},"classes":[]},{"id":1648,"url":"https:\/\/www.cltweb.org\/fr\/bibliotheque-de-ressources\/agriculture\/questions-strategiques\/","url_meta":{"origin":8714,"position":4},"title":"Questions strat\u00e9giques","author":"cltredesign_0jp0l4","date":"29 juillet 2024","format":false,"excerpt":"Comment les terres seront-elles s\u00e9curis\u00e9es pour les agriculteurs ? Bien qu'il s'agisse de la question centrale \u00e0 laquelle doit r\u00e9pondre un mod\u00e8le foncier, nous ne nous attendons pas \u00e0 ce qu'il y ait une r\u00e9ponse unique. En effet, comme nous l'avons sugg\u00e9r\u00e9 dans la section pr\u00e9c\u00e9dente, les terres peuvent \u00eatre\u2026","rel":"","context":"Dans &quot;Agriculture&quot;","block_context":{"text":"Agriculture","link":"https:\/\/www.cltweb.org\/fr\/category\/agriculture-fr\/"},"img":{"alt_text":"","src":"","width":0,"height":0},"classes":[]},{"id":3968,"url":"https:\/\/www.cltweb.org\/fr\/bibliotheque-de-ressources\/etudes-de-cas-clt\/athens-land-trust\/","url_meta":{"origin":8714,"position":5},"title":"Athens Land Trust","author":"cltredesign_0jp0l4","date":"20 octobre 2024","format":false,"excerpt":"\u00c9tabli en 1994 (Athens, G\u00e9orgie) Profil fourni par Nancy Stangle (2015) Vers 1993, Skipper StipeMaas et Nancy Stangle faisaient partie d'un groupe d'une dizaine de familles qui \u00e9tablissaient une communaut\u00e9 sur 132 acres pr\u00e8s d'Athens, en G\u00e9orgie. La communaut\u00e9 s'inspirait vaguement d'un mod\u00e8le de cohabitation, o\u00f9 les ressources \u00e9taient partag\u00e9es,\u2026","rel":"","context":"Dans &quot;\u00c9tudes de cas&quot;","block_context":{"text":"\u00c9tudes de cas","link":"https:\/\/www.cltweb.org\/fr\/category\/etudes-de-cas\/"},"img":{"alt_text":"","src":"","width":0,"height":0},"classes":[]}],"_links":{"self":[{"href":"https:\/\/www.cltweb.org\/fr\/wp-json\/wp\/v2\/pages\/8714","targetHints":{"allow":["GET"]}}],"collection":[{"href":"https:\/\/www.cltweb.org\/fr\/wp-json\/wp\/v2\/pages"}],"about":[{"href":"https:\/\/www.cltweb.org\/fr\/wp-json\/wp\/v2\/types\/page"}],"author":[{"embeddable":true,"href":"https:\/\/www.cltweb.org\/fr\/wp-json\/wp\/v2\/users\/1"}],"replies":[{"embeddable":true,"href":"https:\/\/www.cltweb.org\/fr\/wp-json\/wp\/v2\/comments?post=8714"}],"version-history":[{"count":2,"href":"https:\/\/www.cltweb.org\/fr\/wp-json\/wp\/v2\/pages\/8714\/revisions"}],"predecessor-version":[{"id":8859,"href":"https:\/\/www.cltweb.org\/fr\/wp-json\/wp\/v2\/pages\/8714\/revisions\/8859"}],"up":[{"embeddable":true,"href":"https:\/\/www.cltweb.org\/fr\/wp-json\/wp\/v2\/pages\/1669"}],"wp:attachment":[{"href":"https:\/\/www.cltweb.org\/fr\/wp-json\/wp\/v2\/media?parent=8714"}],"wp:term":[{"taxonomy":"category","embeddable":true,"href":"https:\/\/www.cltweb.org\/fr\/wp-json\/wp\/v2\/categories?post=8714"},{"taxonomy":"post_tag","embeddable":true,"href":"https:\/\/www.cltweb.org\/fr\/wp-json\/wp\/v2\/tags?post=8714"}],"curies":[{"name":"wp","href":"https:\/\/api.w.org\/{rel}","templated":true}]}}