{"id":8719,"date":"2025-02-02T20:39:31","date_gmt":"2025-02-02T20:39:31","guid":{"rendered":"https:\/\/www.cltweb.org\/bibliotheque-de-ressources\/agriculture\/concepts-cles\/lagriculture-engagee-dans-la-communaute\/"},"modified":"2025-02-03T19:38:10","modified_gmt":"2025-02-03T19:38:10","slug":"lagriculture-engagee-dans-la-communaute","status":"publish","type":"page","link":"https:\/\/www.cltweb.org\/fr\/bibliotheque-de-ressources\/agriculture\/concepts-cles\/lagriculture-engagee-dans-la-communaute\/","title":{"rendered":"L&#8217;agriculture engag\u00e9e dans la communaut\u00e9"},"content":{"rendered":"\n<p>En dehors des villes, les agriculteurs peuvent travailler leurs terres sans trop se soucier de leurs voisins. Mais en milieu urbain, les voisins sont beaucoup plus proches &#8211; les agriculteurs urbains seront probablement soumis \u00e0 de fortes pressions pour \u00eatre de bons membres de la communaut\u00e9. En s&#8217;engageant activement aupr\u00e8s des communaut\u00e9s dans lesquelles ils travaillent, les agriculteurs urbains peuvent augmenter leurs chances de r\u00e9ussite. L&#8217;engagement peut contribuer \u00e0 la cr\u00e9ation d&#8217;un march\u00e9 local pour leurs produits et contrecarrer les perceptions selon lesquelles les cultivateurs veulent simplement exploiter des terres bon march\u00e9, sans s&#8217;engager sinc\u00e8rement \u00e0 apporter des avantages \u00e0 la communaut\u00e9. L&#8217;engagement peut \u00e9galement permettre de r\u00e9aliser que l&#8217;agriculture urbaine n&#8217;est peut-\u00eatre pas la meilleure utilisation des terres dans certains espaces &#8211; soit parce que les membres de la communaut\u00e9 pr\u00e9f\u00e8rent une autre utilisation, soit parce qu&#8217;ils sont si d\u00e9sesp\u00e9r\u00e9s par une quelconque utilisation qu&#8217;ils sont pr\u00eats \u00e0 soutenir un projet qui est probablement vou\u00e9 \u00e0 l&#8217;\u00e9chec.    <\/p>\n\n<p>Une agriculture urbaine engag\u00e9e doit reconna\u00eetre et chercher \u00e0 rompre avec l&#8217;histoire de l&#8217;exploitation et de l&#8217;exclusion \u00e9voqu\u00e9e ci-dessus, tout en int\u00e9grant des voies permettant aux habitants du quartier de s&#8217;exprimer et de contr\u00f4ler les d\u00e9cisions cl\u00e9s en mati\u00e8re d&#8217;utilisation des terres. Il est important qu&#8217;un mod\u00e8le foncier int\u00e8gre des possibilit\u00e9s de partenariat entre les habitants du quartier et les agriculteurs urbains (et id\u00e9alement d&#8217;autres types de d\u00e9veloppeurs) pour prendre des d\u00e9cisions cl\u00e9s en mati\u00e8re d&#8217;utilisation des terres qui ont un impact sur la communaut\u00e9. <\/p>\n\n<p>Il n&#8217;est pas toujours facile de d\u00e9terminer ce qu&#8217;est exactement une d\u00e9cision &#8220;cl\u00e9&#8221;. Il arrive que les quartiers agissent de mani\u00e8re per\u00e7ue comme contre-productive (comportements NIMBY), ce qui a pour effet de d\u00e9l\u00e9gitimer injustement les int\u00e9r\u00eats de l&#8217;investisseur. Donner \u00e0 tous les habitants d&#8217;un quartier un droit de veto sur chaque d\u00e9tail d&#8217;un projet d&#8217;agriculture urbaine rendrait la plupart, sinon la totalit\u00e9, des projets d&#8217;agriculture urbaine irr\u00e9alisables. Mais la cr\u00e9ation d&#8217;une structure permettant \u00e0 la communaut\u00e9 de participer \u00e0 l&#8217;am\u00e9nagement du territoire et \u00e0 la planification de l&#8217;utilisation des terres peut contribuer \u00e0 faire en sorte que les fermes urbaines soient un \u00e9l\u00e9ment additionnel qui cr\u00e9e de multiples avantages pour un quartier, plut\u00f4t que de servir simplement de moyen pour un cultivateur d&#8217;extraire un maximum de profits.   <\/p>\n\n<p>Trouver un \u00e9quilibre entre la protection des terres agricoles et la flexibilit\u00e9 des quartiers. M\u00eame si les cultivateurs urbains et leurs alli\u00e9s travaillent avec z\u00e8le pour s\u00e9curiser et prot\u00e9ger les terres destin\u00e9es \u00e0 l&#8217;agriculture urbaine, ils ne doivent pas oublier qu&#8217;une utilisation des terres qui a du sens aujourd&#8217;hui n&#8217;en aura peut-\u00eatre plus dans deux ou trois d\u00e9cennies. Les mesures de protection des terres agricoles urbaines prot\u00e8gent les int\u00e9r\u00eats des cultivateurs, mais peuvent \u00e9galement entrer en conflit avec les besoins \u00e0 long terme d&#8217;un quartier. Au fur et \u00e0 mesure que les quartiers se d\u00e9veloppent, les terrains non b\u00e2tis se rar\u00e9fient et l&#8217;agriculture au sol n&#8217;est peut-\u00eatre pas la solution la plus judicieuse pour la communaut\u00e9. Bien que l&#8217;espace ne nous permette pas de d\u00e9velopper une proposition d\u00e9taill\u00e9e, nous notons qu&#8217;un mod\u00e8le de r\u00e9gime foncier pourrait inclure des dispositions qui pr\u00e9voient comment les fermes urbaines pourraient \u00eatre d\u00e9plac\u00e9es du niveau du sol vers les toits au fur et \u00e0 mesure du d\u00e9veloppement d&#8217;un quartier. Cette approche pourrait \u00e9liminer ou minimiser le conflit entre la production alimentaire urbaine \u00e0 long terme et la cr\u00e9ation de logements et de commerces denses et \u00e0 usage mixte.     <\/p>\n","protected":false},"excerpt":{"rendered":"<p>En dehors des villes, les agriculteurs peuvent travailler leurs terres sans trop se soucier de leurs voisins. Mais en milieu urbain, les voisins sont beaucoup plus proches &#8211; les agriculteurs [&hellip;]<\/p>\n","protected":false},"author":1,"featured_media":0,"parent":1669,"menu_order":7,"comment_status":"closed","ping_status":"closed","template":"","meta":{"give_campaign_id":0,"_tec_requires_first_save":true,"_kad_blocks_custom_css":"","_kad_blocks_head_custom_js":"","_kad_blocks_body_custom_js":"","_kad_blocks_footer_custom_js":"","_EventAllDay":false,"_EventTimezone":"","_EventStartDate":"","_EventEndDate":"","_EventStartDateUTC":"","_EventEndDateUTC":"","_EventShowMap":false,"_EventShowMapLink":false,"_EventURL":"","_EventCost":"","_EventCostDescription":"","_EventCurrencySymbol":"","_EventCurrencyCode":"","_EventCurrencyPosition":"","_EventDateTimeSeparator":"","_EventTimeRangeSeparator":"","_EventOrganizerID":[],"_EventVenueID":[],"_OrganizerEmail":"","_OrganizerPhone":"","_OrganizerWebsite":"","_VenueAddress":"","_VenueCity":"","_VenueCountry":"","_VenueProvince":"","_VenueState":"","_VenueZip":"","_VenuePhone":"","_VenueURL":"","_VenueStateProvince":"","_VenueLat":"","_VenueLng":"","_VenueShowMap":false,"_VenueShowMapLink":false,"_tribe_blocks_recurrence_rules":"","_tribe_blocks_recurrence_description":"","_tribe_blocks_recurrence_exclusions":"","footnotes":""},"categories":[125],"tags":[],"class_list":["post-8719","page","type-page","status-publish","hentry","category-agriculture-fr"],"blocksy_meta":[],"yoast_head":"<!-- This site is optimized with the Yoast SEO Premium plugin v27.5 (Yoast SEO v27.5) - https:\/\/yoast.com\/product\/yoast-seo-premium-wordpress\/ -->\n<title>L&#039;agriculture engag\u00e9e dans la communaut\u00e9 - International Center for Community Land Trusts<\/title>\n<meta name=\"robots\" content=\"index, follow, max-snippet:-1, max-image-preview:large, max-video-preview:-1\" \/>\n<link rel=\"canonical\" href=\"https:\/\/www.cltweb.org\/fr\/bibliotheque-de-ressources\/agriculture\/concepts-cles\/lagriculture-engagee-dans-la-communaute\/\" \/>\n<meta property=\"og:locale\" content=\"fr_FR\" \/>\n<meta property=\"og:type\" content=\"article\" \/>\n<meta property=\"og:title\" content=\"L&#039;agriculture engag\u00e9e dans la communaut\u00e9\" \/>\n<meta property=\"og:description\" content=\"En dehors des villes, les agriculteurs peuvent travailler leurs terres sans trop se soucier de leurs voisins. Mais en milieu urbain, les voisins sont beaucoup plus proches &#8211; les agriculteurs [&hellip;]\" \/>\n<meta property=\"og:url\" content=\"https:\/\/www.cltweb.org\/fr\/bibliotheque-de-ressources\/agriculture\/concepts-cles\/lagriculture-engagee-dans-la-communaute\/\" \/>\n<meta property=\"og:site_name\" content=\"International Center for Community Land Trusts\" \/>\n<meta property=\"article:publisher\" content=\"https:\/\/www.facebook.com\/cltcenter\" \/>\n<meta property=\"article:modified_time\" content=\"2025-02-03T19:38:10+00:00\" \/>\n<meta name=\"twitter:card\" content=\"summary_large_image\" \/>\n<meta name=\"twitter:site\" content=\"@Center4CLTs\" \/>\n<meta name=\"twitter:label1\" content=\"Dur\u00e9e de lecture estim\u00e9e\" \/>\n\t<meta name=\"twitter:data1\" content=\"3 minutes\" \/>\n<script type=\"application\/ld+json\" class=\"yoast-schema-graph\">{\"@context\":\"https:\\\/\\\/schema.org\",\"@graph\":[{\"@type\":\"WebPage\",\"@id\":\"https:\\\/\\\/www.cltweb.org\\\/fr\\\/bibliotheque-de-ressources\\\/agriculture\\\/concepts-cles\\\/lagriculture-engagee-dans-la-communaute\\\/\",\"url\":\"https:\\\/\\\/www.cltweb.org\\\/fr\\\/bibliotheque-de-ressources\\\/agriculture\\\/concepts-cles\\\/lagriculture-engagee-dans-la-communaute\\\/\",\"name\":\"L'agriculture engag\u00e9e dans la communaut\u00e9 - International Center for Community Land Trusts\",\"isPartOf\":{\"@id\":\"https:\\\/\\\/www.cltweb.org\\\/fr\\\/#website\"},\"datePublished\":\"2025-02-02T20:39:31+00:00\",\"dateModified\":\"2025-02-03T19:38:10+00:00\",\"breadcrumb\":{\"@id\":\"https:\\\/\\\/www.cltweb.org\\\/fr\\\/bibliotheque-de-ressources\\\/agriculture\\\/concepts-cles\\\/lagriculture-engagee-dans-la-communaute\\\/#breadcrumb\"},\"inLanguage\":\"fr-FR\",\"potentialAction\":[{\"@type\":\"ReadAction\",\"target\":[\"https:\\\/\\\/www.cltweb.org\\\/fr\\\/bibliotheque-de-ressources\\\/agriculture\\\/concepts-cles\\\/lagriculture-engagee-dans-la-communaute\\\/\"]}]},{\"@type\":\"BreadcrumbList\",\"@id\":\"https:\\\/\\\/www.cltweb.org\\\/fr\\\/bibliotheque-de-ressources\\\/agriculture\\\/concepts-cles\\\/lagriculture-engagee-dans-la-communaute\\\/#breadcrumb\",\"itemListElement\":[{\"@type\":\"ListItem\",\"position\":1,\"name\":\"Home\",\"item\":\"https:\\\/\\\/www.cltweb.org\\\/fr\\\/\"},{\"@type\":\"ListItem\",\"position\":2,\"name\":\"Biblioth\u00e8que de ressources\",\"item\":\"https:\\\/\\\/www.cltweb.org\\\/fr\\\/bibliotheque-de-ressources\\\/\"},{\"@type\":\"ListItem\",\"position\":3,\"name\":\"R\u00e9gime foncier pour l&#8217;agriculture urbaine\",\"item\":\"https:\\\/\\\/www.cltweb.org\\\/fr\\\/bibliotheque-de-ressources\\\/agriculture\\\/\"},{\"@type\":\"ListItem\",\"position\":4,\"name\":\"Concepts cl\u00e9s\",\"item\":\"https:\\\/\\\/www.cltweb.org\\\/fr\\\/bibliotheque-de-ressources\\\/agriculture\\\/concepts-cles\\\/\"},{\"@type\":\"ListItem\",\"position\":5,\"name\":\"L&#8217;agriculture engag\u00e9e dans la communaut\u00e9\"}]},{\"@type\":\"WebSite\",\"@id\":\"https:\\\/\\\/www.cltweb.org\\\/fr\\\/#website\",\"url\":\"https:\\\/\\\/www.cltweb.org\\\/fr\\\/\",\"name\":\"International Center for Community Land Trusts\",\"description\":\"\",\"publisher\":{\"@id\":\"https:\\\/\\\/www.cltweb.org\\\/fr\\\/#organization\"},\"potentialAction\":[{\"@type\":\"SearchAction\",\"target\":{\"@type\":\"EntryPoint\",\"urlTemplate\":\"https:\\\/\\\/www.cltweb.org\\\/fr\\\/?s={search_term_string}\"},\"query-input\":{\"@type\":\"PropertyValueSpecification\",\"valueRequired\":true,\"valueName\":\"search_term_string\"}}],\"inLanguage\":\"fr-FR\"},{\"@type\":\"Organization\",\"@id\":\"https:\\\/\\\/www.cltweb.org\\\/fr\\\/#organization\",\"name\":\"International Center for Community Land Trusts\",\"url\":\"https:\\\/\\\/www.cltweb.org\\\/fr\\\/\",\"logo\":{\"@type\":\"ImageObject\",\"inLanguage\":\"fr-FR\",\"@id\":\"https:\\\/\\\/www.cltweb.org\\\/fr\\\/#\\\/schema\\\/logo\\\/image\\\/\",\"url\":\"https:\\\/\\\/www.cltweb.org\\\/wp-content\\\/uploads\\\/2024\\\/11\\\/New-CLT-Center-Text-logo.png\",\"contentUrl\":\"https:\\\/\\\/www.cltweb.org\\\/wp-content\\\/uploads\\\/2024\\\/11\\\/New-CLT-Center-Text-logo.png\",\"width\":227,\"height\":80,\"caption\":\"International Center for Community Land Trusts\"},\"image\":{\"@id\":\"https:\\\/\\\/www.cltweb.org\\\/fr\\\/#\\\/schema\\\/logo\\\/image\\\/\"},\"sameAs\":[\"https:\\\/\\\/www.facebook.com\\\/cltcenter\",\"https:\\\/\\\/x.com\\\/Center4CLTs\",\"https:\\\/\\\/www.instagram.com\\\/cltcenter\\\/\",\"https:\\\/\\\/www.linkedin.com\\\/company\\\/cltcenter\",\"https:\\\/\\\/www.youtube.com\\\/@centerforcltinnovation5313\"],\"description\":\"The International Center for Community Land Trusts is a not-for-profit nongovernmental organization established in 2018 to promote and to support community land trusts and similar strategies of community-led development on community-owned land in countries throughout the world.\",\"email\":\"info@communitylandtrust.net\",\"legalName\":\"International Center for Community Land Trusts\",\"foundingDate\":\"2018-12-01\",\"taxID\":\"84-3858933\",\"numberOfEmployees\":{\"@type\":\"QuantitativeValue\",\"minValue\":\"1\",\"maxValue\":\"10\"}}]}<\/script>\n<!-- \/ Yoast SEO Premium plugin. -->","yoast_head_json":{"title":"L'agriculture engag\u00e9e dans la communaut\u00e9 - International Center for Community Land Trusts","robots":{"index":"index","follow":"follow","max-snippet":"max-snippet:-1","max-image-preview":"max-image-preview:large","max-video-preview":"max-video-preview:-1"},"canonical":"https:\/\/www.cltweb.org\/fr\/bibliotheque-de-ressources\/agriculture\/concepts-cles\/lagriculture-engagee-dans-la-communaute\/","og_locale":"fr_FR","og_type":"article","og_title":"L'agriculture engag\u00e9e dans la communaut\u00e9","og_description":"En dehors des villes, les agriculteurs peuvent travailler leurs terres sans trop se soucier de leurs voisins. Mais en milieu urbain, les voisins sont beaucoup plus proches &#8211; les agriculteurs [&hellip;]","og_url":"https:\/\/www.cltweb.org\/fr\/bibliotheque-de-ressources\/agriculture\/concepts-cles\/lagriculture-engagee-dans-la-communaute\/","og_site_name":"International Center for Community Land Trusts","article_publisher":"https:\/\/www.facebook.com\/cltcenter","article_modified_time":"2025-02-03T19:38:10+00:00","twitter_card":"summary_large_image","twitter_site":"@Center4CLTs","twitter_misc":{"Dur\u00e9e de lecture estim\u00e9e":"3 minutes"},"schema":{"@context":"https:\/\/schema.org","@graph":[{"@type":"WebPage","@id":"https:\/\/www.cltweb.org\/fr\/bibliotheque-de-ressources\/agriculture\/concepts-cles\/lagriculture-engagee-dans-la-communaute\/","url":"https:\/\/www.cltweb.org\/fr\/bibliotheque-de-ressources\/agriculture\/concepts-cles\/lagriculture-engagee-dans-la-communaute\/","name":"L'agriculture engag\u00e9e dans la communaut\u00e9 - International Center for Community Land Trusts","isPartOf":{"@id":"https:\/\/www.cltweb.org\/fr\/#website"},"datePublished":"2025-02-02T20:39:31+00:00","dateModified":"2025-02-03T19:38:10+00:00","breadcrumb":{"@id":"https:\/\/www.cltweb.org\/fr\/bibliotheque-de-ressources\/agriculture\/concepts-cles\/lagriculture-engagee-dans-la-communaute\/#breadcrumb"},"inLanguage":"fr-FR","potentialAction":[{"@type":"ReadAction","target":["https:\/\/www.cltweb.org\/fr\/bibliotheque-de-ressources\/agriculture\/concepts-cles\/lagriculture-engagee-dans-la-communaute\/"]}]},{"@type":"BreadcrumbList","@id":"https:\/\/www.cltweb.org\/fr\/bibliotheque-de-ressources\/agriculture\/concepts-cles\/lagriculture-engagee-dans-la-communaute\/#breadcrumb","itemListElement":[{"@type":"ListItem","position":1,"name":"Home","item":"https:\/\/www.cltweb.org\/fr\/"},{"@type":"ListItem","position":2,"name":"Biblioth\u00e8que de ressources","item":"https:\/\/www.cltweb.org\/fr\/bibliotheque-de-ressources\/"},{"@type":"ListItem","position":3,"name":"R\u00e9gime foncier pour l&#8217;agriculture urbaine","item":"https:\/\/www.cltweb.org\/fr\/bibliotheque-de-ressources\/agriculture\/"},{"@type":"ListItem","position":4,"name":"Concepts cl\u00e9s","item":"https:\/\/www.cltweb.org\/fr\/bibliotheque-de-ressources\/agriculture\/concepts-cles\/"},{"@type":"ListItem","position":5,"name":"L&#8217;agriculture engag\u00e9e dans la communaut\u00e9"}]},{"@type":"WebSite","@id":"https:\/\/www.cltweb.org\/fr\/#website","url":"https:\/\/www.cltweb.org\/fr\/","name":"International Center for Community Land Trusts","description":"","publisher":{"@id":"https:\/\/www.cltweb.org\/fr\/#organization"},"potentialAction":[{"@type":"SearchAction","target":{"@type":"EntryPoint","urlTemplate":"https:\/\/www.cltweb.org\/fr\/?s={search_term_string}"},"query-input":{"@type":"PropertyValueSpecification","valueRequired":true,"valueName":"search_term_string"}}],"inLanguage":"fr-FR"},{"@type":"Organization","@id":"https:\/\/www.cltweb.org\/fr\/#organization","name":"International Center for Community Land Trusts","url":"https:\/\/www.cltweb.org\/fr\/","logo":{"@type":"ImageObject","inLanguage":"fr-FR","@id":"https:\/\/www.cltweb.org\/fr\/#\/schema\/logo\/image\/","url":"https:\/\/www.cltweb.org\/wp-content\/uploads\/2024\/11\/New-CLT-Center-Text-logo.png","contentUrl":"https:\/\/www.cltweb.org\/wp-content\/uploads\/2024\/11\/New-CLT-Center-Text-logo.png","width":227,"height":80,"caption":"International Center for Community Land Trusts"},"image":{"@id":"https:\/\/www.cltweb.org\/fr\/#\/schema\/logo\/image\/"},"sameAs":["https:\/\/www.facebook.com\/cltcenter","https:\/\/x.com\/Center4CLTs","https:\/\/www.instagram.com\/cltcenter\/","https:\/\/www.linkedin.com\/company\/cltcenter","https:\/\/www.youtube.com\/@centerforcltinnovation5313"],"description":"The International Center for Community Land Trusts is a not-for-profit nongovernmental organization established in 2018 to promote and to support community land trusts and similar strategies of community-led development on community-owned land in countries throughout the world.","email":"info@communitylandtrust.net","legalName":"International Center for Community Land Trusts","foundingDate":"2018-12-01","taxID":"84-3858933","numberOfEmployees":{"@type":"QuantitativeValue","minValue":"1","maxValue":"10"}}]}},"campaignId":"","taxonomy_info":{"category":[{"value":125,"label":"Agriculture"}]},"featured_image_src_large":false,"author_info":{"display_name":"cltredesign_0jp0l4","author_link":"https:\/\/www.cltweb.org\/fr\/author\/cltredesign_0jp0l4\/"},"comment_info":0,"jetpack_sharing_enabled":true,"jetpack-related-posts":[{"id":1648,"url":"https:\/\/www.cltweb.org\/fr\/bibliotheque-de-ressources\/agriculture\/questions-strategiques\/","url_meta":{"origin":8719,"position":0},"title":"Questions strat\u00e9giques","author":"cltredesign_0jp0l4","date":"29 juillet 2024","format":false,"excerpt":"Comment les terres seront-elles s\u00e9curis\u00e9es pour les agriculteurs ? Bien qu'il s'agisse de la question centrale \u00e0 laquelle doit r\u00e9pondre un mod\u00e8le foncier, nous ne nous attendons pas \u00e0 ce qu'il y ait une r\u00e9ponse unique. En effet, comme nous l'avons sugg\u00e9r\u00e9 dans la section pr\u00e9c\u00e9dente, les terres peuvent \u00eatre\u2026","rel":"","context":"Dans &quot;Agriculture&quot;","block_context":{"text":"Agriculture","link":"https:\/\/www.cltweb.org\/fr\/category\/agriculture-fr\/"},"img":{"alt_text":"","src":"","width":0,"height":0},"classes":[]},{"id":1668,"url":"https:\/\/www.cltweb.org\/fr\/bibliotheque-de-ressources\/agriculture\/le-role-des-organisations-a-but-non-lucratif\/","url_meta":{"origin":8719,"position":1},"title":"Le r\u00f4le des organisations \u00e0 but non lucratif","author":"cltredesign_0jp0l4","date":"29 juillet 2024","format":false,"excerpt":"Comme dans d'autres domaines du d\u00e9veloppement \u00e9conomique communautaire, le secteur \u00e0 but non lucratif a un r\u00f4le particulier \u00e0 jouer lorsqu'il s'agit de donner un coup de fouet \u00e0 l'agriculture urbaine. L'agriculture urbaine est une approche relativement peu co\u00fbteuse de la revitalisation des communaut\u00e9s, le co\u00fbt de l'investissement \u00e9tant inf\u00e9rieur\u2026","rel":"","context":"Dans &quot;Agriculture&quot;","block_context":{"text":"Agriculture","link":"https:\/\/www.cltweb.org\/fr\/category\/agriculture-fr\/"},"img":{"alt_text":"","src":"","width":0,"height":0},"classes":[]},{"id":1678,"url":"https:\/\/www.cltweb.org\/fr\/bibliotheque-de-ressources\/agriculture\/defis\/","url_meta":{"origin":8719,"position":2},"title":"D\u00e9fis","author":"cltredesign_0jp0l4","date":"29 juillet 2024","format":false,"excerpt":"Le besoin de terrains abordables Le co\u00fbt \u00e9lev\u00e9 des terres urbaines par rapport aux terres rurales pose un probl\u00e8me majeur aux agriculteurs urbains potentiels. Contrairement aux agriculteurs ruraux, ils sont en concurrence pour les terres avec une multitude d'autres utilisateurs potentiels, ce qui cr\u00e9e des pressions inflationnistes sur les prix\u2026","rel":"","context":"Dans &quot;Agriculture&quot;","block_context":{"text":"Agriculture","link":"https:\/\/www.cltweb.org\/fr\/category\/agriculture-fr\/"},"img":{"alt_text":"","src":"","width":0,"height":0},"classes":[]},{"id":8709,"url":"https:\/\/www.cltweb.org\/fr\/bibliotheque-de-ressources\/agriculture\/concepts-cles\/travailler-en-equipe\/","url_meta":{"origin":8719,"position":3},"title":"Travailler en \u00e9quipe","author":"cltredesign_0jp0l4","date":"2 f\u00e9vrier 2025","format":false,"excerpt":"Les cultivateurs urbains qui cherchent \u00e0 acc\u00e9der \u00e0 des terres abordables se tournent souvent vers les fonctionnaires des villes et des comt\u00e9s pour obtenir de l'aide. Les fonctionnaires municipaux et les responsables des banques fonci\u00e8res peuvent aider \u00e0 identifier les terrains vacants qui pourraient \u00eatre disponibles pour l'agriculture. Les \u00e9valuateurs\u2026","rel":"","context":"Dans &quot;Agriculture&quot;","block_context":{"text":"Agriculture","link":"https:\/\/www.cltweb.org\/fr\/category\/agriculture-fr\/"},"img":{"alt_text":"","src":"","width":0,"height":0},"classes":[]},{"id":835,"url":"https:\/\/www.cltweb.org\/fr\/bibliotheque-de-ressources\/agriculture\/","url_meta":{"origin":8719,"position":4},"title":"R\u00e9gime foncier pour l&#8217;agriculture urbaine","author":"cltredesign_0jp0l4","date":"26 juillet 2024","format":false,"excerpt":"R\u00e9gime foncier pour l'agriculture urbaine Dans les villes des \u00c9tats-Unis, les habitants se tournent vers les fermes urbaines pour b\u00e9n\u00e9ficier d'un large \u00e9ventail d'avantages. Les fermes urbaines fournissent des aliments frais aux habitants du quartier, ainsi qu'aux magasins et aux restaurants. Elles contribuent \u00e0 promouvoir des habitudes alimentaires saines et\u2026","rel":"","context":"Dans &quot;Recherche&quot;","block_context":{"text":"Recherche","link":"https:\/\/www.cltweb.org\/fr\/category\/recherche\/"},"img":{"alt_text":"","src":"","width":0,"height":0},"classes":[]},{"id":8769,"url":"https:\/\/www.cltweb.org\/fr\/bibliotheque-de-ressources\/agriculture\/le-modele-du-serveur-central\/meilleures-pratiques\/","url_meta":{"origin":8719,"position":5},"title":"Meilleures pratiques","author":"cltredesign_0jp0l4","date":"2 f\u00e9vrier 2025","format":false,"excerpt":"Encourager l'adh\u00e9sion des pouvoirs publics : La grande majorit\u00e9 des terres destin\u00e9es \u00e0 l'agriculture urbaine proviendront probablement du secteur public. En outre, des subventions publiques pour l'assainissement et les op\u00e9rations seront n\u00e9cessaires dans de nombreux cas, si ce n'est dans la plupart des cas. S'engager avec les communaut\u00e9s : Le\u2026","rel":"","context":"Dans &quot;Agriculture&quot;","block_context":{"text":"Agriculture","link":"https:\/\/www.cltweb.org\/fr\/category\/agriculture-fr\/"},"img":{"alt_text":"","src":"","width":0,"height":0},"classes":[]}],"_links":{"self":[{"href":"https:\/\/www.cltweb.org\/fr\/wp-json\/wp\/v2\/pages\/8719","targetHints":{"allow":["GET"]}}],"collection":[{"href":"https:\/\/www.cltweb.org\/fr\/wp-json\/wp\/v2\/pages"}],"about":[{"href":"https:\/\/www.cltweb.org\/fr\/wp-json\/wp\/v2\/types\/page"}],"author":[{"embeddable":true,"href":"https:\/\/www.cltweb.org\/fr\/wp-json\/wp\/v2\/users\/1"}],"replies":[{"embeddable":true,"href":"https:\/\/www.cltweb.org\/fr\/wp-json\/wp\/v2\/comments?post=8719"}],"version-history":[{"count":2,"href":"https:\/\/www.cltweb.org\/fr\/wp-json\/wp\/v2\/pages\/8719\/revisions"}],"predecessor-version":[{"id":8865,"href":"https:\/\/www.cltweb.org\/fr\/wp-json\/wp\/v2\/pages\/8719\/revisions\/8865"}],"up":[{"embeddable":true,"href":"https:\/\/www.cltweb.org\/fr\/wp-json\/wp\/v2\/pages\/1669"}],"wp:attachment":[{"href":"https:\/\/www.cltweb.org\/fr\/wp-json\/wp\/v2\/media?parent=8719"}],"wp:term":[{"taxonomy":"category","embeddable":true,"href":"https:\/\/www.cltweb.org\/fr\/wp-json\/wp\/v2\/categories?post=8719"},{"taxonomy":"post_tag","embeddable":true,"href":"https:\/\/www.cltweb.org\/fr\/wp-json\/wp\/v2\/tags?post=8719"}],"curies":[{"name":"wp","href":"https:\/\/api.w.org\/{rel}","templated":true}]}}