{"id":8726,"date":"2025-02-02T20:47:32","date_gmt":"2025-02-02T20:47:32","guid":{"rendered":"https:\/\/www.cltweb.org\/bibliotheque-de-ressources\/agriculture\/le-role-des-fiducies-foncieres\/fiducies-foncieres-de-lespace-ouvert\/"},"modified":"2025-02-03T19:47:01","modified_gmt":"2025-02-03T19:47:01","slug":"fiducies-foncieres-de-lespace-ouvert","status":"publish","type":"page","link":"https:\/\/www.cltweb.org\/fr\/bibliotheque-de-ressources\/agriculture\/le-role-des-fiducies-foncieres\/fiducies-foncieres-de-lespace-ouvert\/","title":{"rendered":"Fiducies fonci\u00e8res de l&#8217;espace ouvert"},"content":{"rendered":"\n<h2 class=\"wp-block-heading\" id=\"h-neighborspace\">Espace Voisin<\/h2>\n\n<p>NeighborSpace est une fiducie fonci\u00e8re qui d\u00e9tient des terres pour des jardins communautaires et, de plus en plus, des fermes urbaines \u00e0 Chicago. Il a \u00e9t\u00e9 fond\u00e9 en 1996 en r\u00e9ponse \u00e0 une recommandation d&#8217;un rapport d&#8217;urbanisme selon lequel Chicago se classait au 18e rang des 20 grandes villes en termes d&#8217;espace ouvert par habitant. NeighborSpace a \u00e9t\u00e9 cr\u00e9\u00e9 par un accord intergouvernemental approuv\u00e9 par le conseil municipal de Chicago, le conseil des commissaires du comt\u00e9 de Cook et le conseil d&#8217;administration du Chicago Park District. Il fonctionne comme une association \u00e0 but non lucratif, mais b\u00e9n\u00e9ficie d&#8217;un soutien et d&#8217;un contr\u00f4le importants de la part des pouvoirs publics. Chacun des gouvernements fondateurs apporte un financement de 100 000 dollars par an et dispose de trois si\u00e8ges au conseil d&#8217;administration de NeighborSpace.    <\/p>\n\n<p>NeighborSpace poss\u00e8de actuellement un peu plus de 100 propri\u00e9t\u00e9s dans la ville de Chicago. La plupart sont des jardins communautaires, mais vers 2010, la fiducie fonci\u00e8re a commenc\u00e9 \u00e0 d\u00e9tenir de plus grandes propri\u00e9t\u00e9s pour des fermes urbaines. Le conseil d&#8217;administration de NeighborSpace a en effet d\u00e9cid\u00e9 que l&#8217;agriculture urbaine s&#8217;inscrivait dans le cadre de sa mission, \u00e0 condition que les fermes soient \u00e0 but non lucratif, qu&#8217;elles n&#8217;aient pas de structures permanentes sur les sites de NeighborSpace et qu&#8217;elles ne soient pas trop grandes pour le contexte du quartier. La ferme de Honore Street \u00e0 Englewood, un site de pr\u00e8s d&#8217;un acre exploit\u00e9 par Growing Home, est devenue la premi\u00e8re terre agricole d\u00e9tenue par NeighborSpace. La fiducie fonci\u00e8re a ensuite pris possession de 2,5 acres de terres \u00e0 East Garfield Park, qui sont exploit\u00e9es par Chicago FarmWorks, une association \u00e0 but non lucratif qui distribue les produits via le Greater Chicagoland Food Depository (d\u00e9p\u00f4t alimentaire de la r\u00e9gion de Chicago).    <\/p>\n\n<p>En 2015, NeighborSpace a commenc\u00e9 \u00e0 faciliter un processus de planification visant \u00e0 d\u00e9terminer un mod\u00e8le de r\u00e9gime foncier pour les exploitations agricoles \u00e0 but lucratif \u00e0 Chicago. Actuellement, les exploitations agricoles \u00e0 but lucratif ont tendance \u00e0 louer des terres \u00e0 des propri\u00e9taires priv\u00e9s. Le processus en cours pr\u00e9voit que NeighborSpace ou une nouvelle entit\u00e9 d\u00e9tiendrait des terres en fiducie pour une coop\u00e9rative agricole \u00e0 but non lucratif, dont les membres pourraient eux-m\u00eames \u00eatre des organisations \u00e0 but non lucratif ou \u00e0 but lucratif.  <\/p>\n\n<h2 class=\"wp-block-heading\" id=\"h-new-york-community-garden-land-trusts\">New York Community Garden Land Trusts (en anglais)<\/h2>\n\n<p>En 1999, l&#8217;administration du maire Giuliani a annonc\u00e9 un projet de vente aux ench\u00e8res de plus d&#8217;une centaine de terrains appartenant \u00e0 la ville et abritant des jardins communautaires. Les jardiniers et leurs alli\u00e9s se sont mobilis\u00e9s pour s&#8217;opposer \u00e0 ce projet, en organisant des manifestations et en intentant des actions en justice. En 2002, ces actions en justice ont abouti \u00e0 un accord n\u00e9goci\u00e9 avec l&#8217;administration du maire Bloomberg, dans le cadre duquel 69 jardins ont \u00e9t\u00e9 achet\u00e9s et conserv\u00e9s en fiducie par le Trust for Public Lands (TPL). Le New York Restoration Project (NYRP), une organisation \u00e0 but non lucratif fond\u00e9e et financ\u00e9e par l&#8217;actrice Bette Midler, a pris possession de dizaines d&#8217;autres jardins.   <\/p>\n\n<p>Dans les ann\u00e9es qui ont suivi, TPL a cr\u00e9\u00e9 trois fiducies fonci\u00e8res locales pour conserver et g\u00e9rer les jardins : la Manhattan Land Trust, la Brooklyn-Queens Land Trust et la Bronx Land Trust. Le conseil d&#8217;administration de chacune de ces fiducies fonci\u00e8res est compos\u00e9 de dirigeants de jardins communautaires et de membres du personnel d&#8217;organisations \u00e0 but non lucratif de la ville de New York. Le NYRP s&#8217;est donn\u00e9 une mission plus large, celle de fournir des espaces verts aux zones mal desservies de la ville, et il est dirig\u00e9 non pas par des jardiniers, mais par un \u00e9ventail de philanthropes, d&#8217;hommes d&#8217;affaires et de responsables civiques new-yorkais. Certains de ses sites ont \u00e9t\u00e9 r\u00e9nov\u00e9s avec le soutien d&#8217;entreprises telles que Target, ce qui a r\u00e9duit l&#8217;espace disponible pour les jardins g\u00e9r\u00e9s par la communaut\u00e9, au profit de parcs de poche bien rang\u00e9s.   <\/p>\n","protected":false},"excerpt":{"rendered":"<p>Espace Voisin NeighborSpace est une fiducie fonci\u00e8re qui d\u00e9tient des terres pour des jardins communautaires et, de plus en plus, des fermes urbaines \u00e0 Chicago. Il a \u00e9t\u00e9 fond\u00e9 en [&hellip;]<\/p>\n","protected":false},"author":1,"featured_media":0,"parent":1659,"menu_order":1,"comment_status":"closed","ping_status":"closed","template":"","meta":{"give_campaign_id":0,"_tec_requires_first_save":true,"_kad_blocks_custom_css":"","_kad_blocks_head_custom_js":"","_kad_blocks_body_custom_js":"","_kad_blocks_footer_custom_js":"","_EventAllDay":false,"_EventTimezone":"","_EventStartDate":"","_EventEndDate":"","_EventStartDateUTC":"","_EventEndDateUTC":"","_EventShowMap":false,"_EventShowMapLink":false,"_EventURL":"","_EventCost":"","_EventCostDescription":"","_EventCurrencySymbol":"","_EventCurrencyCode":"","_EventCurrencyPosition":"","_EventDateTimeSeparator":"","_EventTimeRangeSeparator":"","_EventOrganizerID":[],"_EventVenueID":[],"_OrganizerEmail":"","_OrganizerPhone":"","_OrganizerWebsite":"","_VenueAddress":"","_VenueCity":"","_VenueCountry":"","_VenueProvince":"","_VenueState":"","_VenueZip":"","_VenuePhone":"","_VenueURL":"","_VenueStateProvince":"","_VenueLat":"","_VenueLng":"","_VenueShowMap":false,"_VenueShowMapLink":false,"_tribe_blocks_recurrence_rules":"","_tribe_blocks_recurrence_description":"","_tribe_blocks_recurrence_exclusions":"","footnotes":""},"categories":[125],"tags":[],"class_list":["post-8726","page","type-page","status-publish","hentry","category-agriculture-fr"],"blocksy_meta":[],"yoast_head":"<!-- This site is optimized with the Yoast SEO Premium plugin v27.5 (Yoast SEO v27.5) - https:\/\/yoast.com\/product\/yoast-seo-premium-wordpress\/ -->\n<title>Fiducies fonci\u00e8res de l&#039;espace ouvert - International Center for Community Land Trusts<\/title>\n<meta name=\"robots\" content=\"index, follow, max-snippet:-1, max-image-preview:large, max-video-preview:-1\" \/>\n<link rel=\"canonical\" href=\"https:\/\/www.cltweb.org\/fr\/bibliotheque-de-ressources\/agriculture\/le-role-des-fiducies-foncieres\/fiducies-foncieres-de-lespace-ouvert\/\" \/>\n<meta property=\"og:locale\" content=\"fr_FR\" \/>\n<meta property=\"og:type\" content=\"article\" \/>\n<meta property=\"og:title\" content=\"Fiducies fonci\u00e8res de l&#039;espace ouvert\" \/>\n<meta property=\"og:description\" content=\"Espace Voisin NeighborSpace est une fiducie fonci\u00e8re qui d\u00e9tient des terres pour des jardins communautaires et, de plus en plus, des fermes urbaines \u00e0 Chicago. Il a \u00e9t\u00e9 fond\u00e9 en [&hellip;]\" \/>\n<meta property=\"og:url\" content=\"https:\/\/www.cltweb.org\/fr\/bibliotheque-de-ressources\/agriculture\/le-role-des-fiducies-foncieres\/fiducies-foncieres-de-lespace-ouvert\/\" \/>\n<meta property=\"og:site_name\" content=\"International Center for Community Land Trusts\" \/>\n<meta property=\"article:publisher\" content=\"https:\/\/www.facebook.com\/cltcenter\" \/>\n<meta property=\"article:modified_time\" content=\"2025-02-03T19:47:01+00:00\" \/>\n<meta name=\"twitter:card\" content=\"summary_large_image\" \/>\n<meta name=\"twitter:site\" content=\"@Center4CLTs\" \/>\n<meta name=\"twitter:label1\" content=\"Dur\u00e9e de lecture estim\u00e9e\" \/>\n\t<meta name=\"twitter:data1\" content=\"3 minutes\" \/>\n<script type=\"application\/ld+json\" class=\"yoast-schema-graph\">{\"@context\":\"https:\\\/\\\/schema.org\",\"@graph\":[{\"@type\":\"WebPage\",\"@id\":\"https:\\\/\\\/www.cltweb.org\\\/fr\\\/bibliotheque-de-ressources\\\/agriculture\\\/le-role-des-fiducies-foncieres\\\/fiducies-foncieres-de-lespace-ouvert\\\/\",\"url\":\"https:\\\/\\\/www.cltweb.org\\\/fr\\\/bibliotheque-de-ressources\\\/agriculture\\\/le-role-des-fiducies-foncieres\\\/fiducies-foncieres-de-lespace-ouvert\\\/\",\"name\":\"Fiducies fonci\u00e8res de l'espace ouvert - International Center for Community Land Trusts\",\"isPartOf\":{\"@id\":\"https:\\\/\\\/www.cltweb.org\\\/fr\\\/#website\"},\"datePublished\":\"2025-02-02T20:47:32+00:00\",\"dateModified\":\"2025-02-03T19:47:01+00:00\",\"breadcrumb\":{\"@id\":\"https:\\\/\\\/www.cltweb.org\\\/fr\\\/bibliotheque-de-ressources\\\/agriculture\\\/le-role-des-fiducies-foncieres\\\/fiducies-foncieres-de-lespace-ouvert\\\/#breadcrumb\"},\"inLanguage\":\"fr-FR\",\"potentialAction\":[{\"@type\":\"ReadAction\",\"target\":[\"https:\\\/\\\/www.cltweb.org\\\/fr\\\/bibliotheque-de-ressources\\\/agriculture\\\/le-role-des-fiducies-foncieres\\\/fiducies-foncieres-de-lespace-ouvert\\\/\"]}]},{\"@type\":\"BreadcrumbList\",\"@id\":\"https:\\\/\\\/www.cltweb.org\\\/fr\\\/bibliotheque-de-ressources\\\/agriculture\\\/le-role-des-fiducies-foncieres\\\/fiducies-foncieres-de-lespace-ouvert\\\/#breadcrumb\",\"itemListElement\":[{\"@type\":\"ListItem\",\"position\":1,\"name\":\"Home\",\"item\":\"https:\\\/\\\/www.cltweb.org\\\/fr\\\/\"},{\"@type\":\"ListItem\",\"position\":2,\"name\":\"Biblioth\u00e8que de ressources\",\"item\":\"https:\\\/\\\/www.cltweb.org\\\/fr\\\/bibliotheque-de-ressources\\\/\"},{\"@type\":\"ListItem\",\"position\":3,\"name\":\"R\u00e9gime foncier pour l&#8217;agriculture urbaine\",\"item\":\"https:\\\/\\\/www.cltweb.org\\\/fr\\\/bibliotheque-de-ressources\\\/agriculture\\\/\"},{\"@type\":\"ListItem\",\"position\":4,\"name\":\"Le r\u00f4le des fiducies fonci\u00e8res\",\"item\":\"https:\\\/\\\/www.cltweb.org\\\/fr\\\/bibliotheque-de-ressources\\\/agriculture\\\/le-role-des-fiducies-foncieres\\\/\"},{\"@type\":\"ListItem\",\"position\":5,\"name\":\"Fiducies fonci\u00e8res de l&#8217;espace ouvert\"}]},{\"@type\":\"WebSite\",\"@id\":\"https:\\\/\\\/www.cltweb.org\\\/fr\\\/#website\",\"url\":\"https:\\\/\\\/www.cltweb.org\\\/fr\\\/\",\"name\":\"International Center for Community Land Trusts\",\"description\":\"\",\"publisher\":{\"@id\":\"https:\\\/\\\/www.cltweb.org\\\/fr\\\/#organization\"},\"potentialAction\":[{\"@type\":\"SearchAction\",\"target\":{\"@type\":\"EntryPoint\",\"urlTemplate\":\"https:\\\/\\\/www.cltweb.org\\\/fr\\\/?s={search_term_string}\"},\"query-input\":{\"@type\":\"PropertyValueSpecification\",\"valueRequired\":true,\"valueName\":\"search_term_string\"}}],\"inLanguage\":\"fr-FR\"},{\"@type\":\"Organization\",\"@id\":\"https:\\\/\\\/www.cltweb.org\\\/fr\\\/#organization\",\"name\":\"International Center for Community Land Trusts\",\"url\":\"https:\\\/\\\/www.cltweb.org\\\/fr\\\/\",\"logo\":{\"@type\":\"ImageObject\",\"inLanguage\":\"fr-FR\",\"@id\":\"https:\\\/\\\/www.cltweb.org\\\/fr\\\/#\\\/schema\\\/logo\\\/image\\\/\",\"url\":\"https:\\\/\\\/www.cltweb.org\\\/wp-content\\\/uploads\\\/2024\\\/11\\\/New-CLT-Center-Text-logo.png\",\"contentUrl\":\"https:\\\/\\\/www.cltweb.org\\\/wp-content\\\/uploads\\\/2024\\\/11\\\/New-CLT-Center-Text-logo.png\",\"width\":227,\"height\":80,\"caption\":\"International Center for Community Land Trusts\"},\"image\":{\"@id\":\"https:\\\/\\\/www.cltweb.org\\\/fr\\\/#\\\/schema\\\/logo\\\/image\\\/\"},\"sameAs\":[\"https:\\\/\\\/www.facebook.com\\\/cltcenter\",\"https:\\\/\\\/x.com\\\/Center4CLTs\",\"https:\\\/\\\/www.instagram.com\\\/cltcenter\\\/\",\"https:\\\/\\\/www.linkedin.com\\\/company\\\/cltcenter\",\"https:\\\/\\\/www.youtube.com\\\/@centerforcltinnovation5313\"],\"description\":\"The International Center for Community Land Trusts is a not-for-profit nongovernmental organization established in 2018 to promote and to support community land trusts and similar strategies of community-led development on community-owned land in countries throughout the world.\",\"email\":\"info@communitylandtrust.net\",\"legalName\":\"International Center for Community Land Trusts\",\"foundingDate\":\"2018-12-01\",\"taxID\":\"84-3858933\",\"numberOfEmployees\":{\"@type\":\"QuantitativeValue\",\"minValue\":\"1\",\"maxValue\":\"10\"}}]}<\/script>\n<!-- \/ Yoast SEO Premium plugin. -->","yoast_head_json":{"title":"Fiducies fonci\u00e8res de l'espace ouvert - International Center for Community Land Trusts","robots":{"index":"index","follow":"follow","max-snippet":"max-snippet:-1","max-image-preview":"max-image-preview:large","max-video-preview":"max-video-preview:-1"},"canonical":"https:\/\/www.cltweb.org\/fr\/bibliotheque-de-ressources\/agriculture\/le-role-des-fiducies-foncieres\/fiducies-foncieres-de-lespace-ouvert\/","og_locale":"fr_FR","og_type":"article","og_title":"Fiducies fonci\u00e8res de l'espace ouvert","og_description":"Espace Voisin NeighborSpace est une fiducie fonci\u00e8re qui d\u00e9tient des terres pour des jardins communautaires et, de plus en plus, des fermes urbaines \u00e0 Chicago. Il a \u00e9t\u00e9 fond\u00e9 en [&hellip;]","og_url":"https:\/\/www.cltweb.org\/fr\/bibliotheque-de-ressources\/agriculture\/le-role-des-fiducies-foncieres\/fiducies-foncieres-de-lespace-ouvert\/","og_site_name":"International Center for Community Land Trusts","article_publisher":"https:\/\/www.facebook.com\/cltcenter","article_modified_time":"2025-02-03T19:47:01+00:00","twitter_card":"summary_large_image","twitter_site":"@Center4CLTs","twitter_misc":{"Dur\u00e9e de lecture estim\u00e9e":"3 minutes"},"schema":{"@context":"https:\/\/schema.org","@graph":[{"@type":"WebPage","@id":"https:\/\/www.cltweb.org\/fr\/bibliotheque-de-ressources\/agriculture\/le-role-des-fiducies-foncieres\/fiducies-foncieres-de-lespace-ouvert\/","url":"https:\/\/www.cltweb.org\/fr\/bibliotheque-de-ressources\/agriculture\/le-role-des-fiducies-foncieres\/fiducies-foncieres-de-lespace-ouvert\/","name":"Fiducies fonci\u00e8res de l'espace ouvert - International Center for Community Land Trusts","isPartOf":{"@id":"https:\/\/www.cltweb.org\/fr\/#website"},"datePublished":"2025-02-02T20:47:32+00:00","dateModified":"2025-02-03T19:47:01+00:00","breadcrumb":{"@id":"https:\/\/www.cltweb.org\/fr\/bibliotheque-de-ressources\/agriculture\/le-role-des-fiducies-foncieres\/fiducies-foncieres-de-lespace-ouvert\/#breadcrumb"},"inLanguage":"fr-FR","potentialAction":[{"@type":"ReadAction","target":["https:\/\/www.cltweb.org\/fr\/bibliotheque-de-ressources\/agriculture\/le-role-des-fiducies-foncieres\/fiducies-foncieres-de-lespace-ouvert\/"]}]},{"@type":"BreadcrumbList","@id":"https:\/\/www.cltweb.org\/fr\/bibliotheque-de-ressources\/agriculture\/le-role-des-fiducies-foncieres\/fiducies-foncieres-de-lespace-ouvert\/#breadcrumb","itemListElement":[{"@type":"ListItem","position":1,"name":"Home","item":"https:\/\/www.cltweb.org\/fr\/"},{"@type":"ListItem","position":2,"name":"Biblioth\u00e8que de ressources","item":"https:\/\/www.cltweb.org\/fr\/bibliotheque-de-ressources\/"},{"@type":"ListItem","position":3,"name":"R\u00e9gime foncier pour l&#8217;agriculture urbaine","item":"https:\/\/www.cltweb.org\/fr\/bibliotheque-de-ressources\/agriculture\/"},{"@type":"ListItem","position":4,"name":"Le r\u00f4le des fiducies fonci\u00e8res","item":"https:\/\/www.cltweb.org\/fr\/bibliotheque-de-ressources\/agriculture\/le-role-des-fiducies-foncieres\/"},{"@type":"ListItem","position":5,"name":"Fiducies fonci\u00e8res de l&#8217;espace ouvert"}]},{"@type":"WebSite","@id":"https:\/\/www.cltweb.org\/fr\/#website","url":"https:\/\/www.cltweb.org\/fr\/","name":"International Center for Community Land Trusts","description":"","publisher":{"@id":"https:\/\/www.cltweb.org\/fr\/#organization"},"potentialAction":[{"@type":"SearchAction","target":{"@type":"EntryPoint","urlTemplate":"https:\/\/www.cltweb.org\/fr\/?s={search_term_string}"},"query-input":{"@type":"PropertyValueSpecification","valueRequired":true,"valueName":"search_term_string"}}],"inLanguage":"fr-FR"},{"@type":"Organization","@id":"https:\/\/www.cltweb.org\/fr\/#organization","name":"International Center for Community Land Trusts","url":"https:\/\/www.cltweb.org\/fr\/","logo":{"@type":"ImageObject","inLanguage":"fr-FR","@id":"https:\/\/www.cltweb.org\/fr\/#\/schema\/logo\/image\/","url":"https:\/\/www.cltweb.org\/wp-content\/uploads\/2024\/11\/New-CLT-Center-Text-logo.png","contentUrl":"https:\/\/www.cltweb.org\/wp-content\/uploads\/2024\/11\/New-CLT-Center-Text-logo.png","width":227,"height":80,"caption":"International Center for Community Land Trusts"},"image":{"@id":"https:\/\/www.cltweb.org\/fr\/#\/schema\/logo\/image\/"},"sameAs":["https:\/\/www.facebook.com\/cltcenter","https:\/\/x.com\/Center4CLTs","https:\/\/www.instagram.com\/cltcenter\/","https:\/\/www.linkedin.com\/company\/cltcenter","https:\/\/www.youtube.com\/@centerforcltinnovation5313"],"description":"The International Center for Community Land Trusts is a not-for-profit nongovernmental organization established in 2018 to promote and to support community land trusts and similar strategies of community-led development on community-owned land in countries throughout the world.","email":"info@communitylandtrust.net","legalName":"International Center for Community Land Trusts","foundingDate":"2018-12-01","taxID":"84-3858933","numberOfEmployees":{"@type":"QuantitativeValue","minValue":"1","maxValue":"10"}}]}},"campaignId":"","taxonomy_info":{"category":[{"value":125,"label":"Agriculture"}]},"featured_image_src_large":false,"author_info":{"display_name":"cltredesign_0jp0l4","author_link":"https:\/\/www.cltweb.org\/fr\/author\/cltredesign_0jp0l4\/"},"comment_info":0,"jetpack_sharing_enabled":true,"jetpack-related-posts":[{"id":8761,"url":"https:\/\/www.cltweb.org\/fr\/bibliotheque-de-ressources\/agriculture\/le-modele-du-serveur-central\/etude-de-cas-neighborspace-chicago-il\/","url_meta":{"origin":8726,"position":0},"title":"\u00c9tude de cas : NeighborSpace (Chicago, IL)","author":"cltredesign_0jp0l4","date":"2 f\u00e9vrier 2025","format":false,"excerpt":"NeighborSpace est peut-\u00eatre l'organisation existante la plus proche de ce qui pourrait \u00eatre consid\u00e9r\u00e9 comme un mod\u00e8le de fiducie fonci\u00e8re \u00e0 serveur central pour l'agriculture urbaine. Un examen plus approfondi de l'histoire et de la structure de NeighborSpace montre comment un mod\u00e8le de serveur central pour l'agriculture urbaine pourrait \u00eatre\u2026","rel":"","context":"Dans &quot;Agriculture&quot;","block_context":{"text":"Agriculture","link":"https:\/\/www.cltweb.org\/fr\/category\/agriculture-fr\/"},"img":{"alt_text":"","src":"","width":0,"height":0},"classes":[]},{"id":1659,"url":"https:\/\/www.cltweb.org\/fr\/bibliotheque-de-ressources\/agriculture\/le-role-des-fiducies-foncieres\/","url_meta":{"origin":8726,"position":1},"title":"Le r\u00f4le des fiducies fonci\u00e8res","author":"cltredesign_0jp0l4","date":"29 juillet 2024","format":false,"excerpt":"Au cours des trente derni\u00e8res ann\u00e9es, la fiducie fonci\u00e8re s'est impos\u00e9e comme un mod\u00e8le privil\u00e9gi\u00e9 de d\u00e9tention de terres pour les jardins communautaires et les fermes urbaines. Cette \u00e9volution refl\u00e8te la convergence de deux tendances : la cr\u00e9ation de fiducies fonci\u00e8res sp\u00e9cialis\u00e9es dans les espaces ouverts afin de conserver les\u2026","rel":"","context":"Dans &quot;Agriculture&quot;","block_context":{"text":"Agriculture","link":"https:\/\/www.cltweb.org\/fr\/category\/agriculture-fr\/"},"img":{"alt_text":"","src":"https:\/\/i0.wp.com\/www.cltweb.org\/wp-content\/uploads\/2025\/02\/Urban-Farming-Map.jpg?resize=350%2C200&ssl=1","width":350,"height":200,"srcset":"https:\/\/i0.wp.com\/www.cltweb.org\/wp-content\/uploads\/2025\/02\/Urban-Farming-Map.jpg?resize=350%2C200&ssl=1 1x, https:\/\/i0.wp.com\/www.cltweb.org\/wp-content\/uploads\/2025\/02\/Urban-Farming-Map.jpg?resize=525%2C300&ssl=1 1.5x, https:\/\/i0.wp.com\/www.cltweb.org\/wp-content\/uploads\/2025\/02\/Urban-Farming-Map.jpg?resize=700%2C400&ssl=1 2x"},"classes":[]},{"id":8731,"url":"https:\/\/www.cltweb.org\/fr\/bibliotheque-de-ressources\/agriculture\/le-role-des-fiducies-foncieres\/fonds-fonciers-communautaires\/","url_meta":{"origin":8726,"position":2},"title":"Fonds fonciers communautaires","author":"cltredesign_0jp0l4","date":"2 f\u00e9vrier 2025","format":false,"excerpt":"Depuis les ann\u00e9es 1960, le Community Land Trust a \u00e9t\u00e9 d\u00e9velopp\u00e9 pour soutenir le logement abordable aux \u00c9tats-Unis. Dans le secteur du logement, le mod\u00e8le CLT combine deux innovations fondamentales en mati\u00e8re de gouvernance fonci\u00e8re. La premi\u00e8re innovation consiste \u00e0 s\u00e9parer la propri\u00e9t\u00e9 d'un logement de la propri\u00e9t\u00e9 du terrain\u2026","rel":"","context":"Article similaire","block_context":{"text":"Article similaire","link":""},"img":{"alt_text":"","src":"","width":0,"height":0},"classes":[]},{"id":3968,"url":"https:\/\/www.cltweb.org\/fr\/bibliotheque-de-ressources\/etudes-de-cas-clt\/athens-land-trust\/","url_meta":{"origin":8726,"position":3},"title":"Athens Land Trust","author":"cltredesign_0jp0l4","date":"20 octobre 2024","format":false,"excerpt":"\u00c9tabli en 1994 (Athens, G\u00e9orgie) Profil fourni par Nancy Stangle (2015) Vers 1993, Skipper StipeMaas et Nancy Stangle faisaient partie d'un groupe d'une dizaine de familles qui \u00e9tablissaient une communaut\u00e9 sur 132 acres pr\u00e8s d'Athens, en G\u00e9orgie. La communaut\u00e9 s'inspirait vaguement d'un mod\u00e8le de cohabitation, o\u00f9 les ressources \u00e9taient partag\u00e9es,\u2026","rel":"","context":"Dans &quot;\u00c9tudes de cas&quot;","block_context":{"text":"\u00c9tudes de cas","link":"https:\/\/www.cltweb.org\/fr\/category\/etudes-de-cas\/"},"img":{"alt_text":"","src":"","width":0,"height":0},"classes":[]},{"id":857,"url":"https:\/\/www.cltweb.org\/fr\/a-propos-de-nous\/lhistoire\/","url_meta":{"origin":8726,"position":4},"title":"Notre histoire","author":"cltredesign_0jp0l4","date":"26 juillet 2024","format":false,"excerpt":"Une chronologie de l'\u00e9volution du mouvement CLT international.","rel":"","context":"Dans &quot;A propos de nous&quot;","block_context":{"text":"A propos de nous","link":"https:\/\/www.cltweb.org\/fr\/category\/a-propos-de-nous\/"},"img":{"alt_text":"","src":"","width":0,"height":0},"classes":[]},{"id":4509,"url":"https:\/\/www.cltweb.org\/fr\/bibliotheque-de-ressources\/interviews\/bob-swann-1992\/","url_meta":{"origin":8726,"position":5},"title":"Bob Swann (1992)","author":"cltredesign_0jp0l4","date":"22 octobre 2024","format":false,"excerpt":"Deux d\u00e9cennies apr\u00e8s avoir \u00e9t\u00e9 interview\u00e9 par le magazine Lifestyle ! Magazine, Bob s'est entretenu avec Kirby White, co-r\u00e9dacteur en chef de Community Economics, une lettre d'information publi\u00e9e pendant quatorze ans par l'Institute for Community Economics. Entre-temps, de nombreux changements sont intervenus dans la vie de Bob et dans le\u2026","rel":"","context":"Dans &quot;Interviews&quot;","block_context":{"text":"Interviews","link":"https:\/\/www.cltweb.org\/fr\/category\/interviews-fr\/"},"img":{"alt_text":"","src":"","width":0,"height":0},"classes":[]}],"_links":{"self":[{"href":"https:\/\/www.cltweb.org\/fr\/wp-json\/wp\/v2\/pages\/8726","targetHints":{"allow":["GET"]}}],"collection":[{"href":"https:\/\/www.cltweb.org\/fr\/wp-json\/wp\/v2\/pages"}],"about":[{"href":"https:\/\/www.cltweb.org\/fr\/wp-json\/wp\/v2\/types\/page"}],"author":[{"embeddable":true,"href":"https:\/\/www.cltweb.org\/fr\/wp-json\/wp\/v2\/users\/1"}],"replies":[{"embeddable":true,"href":"https:\/\/www.cltweb.org\/fr\/wp-json\/wp\/v2\/comments?post=8726"}],"version-history":[{"count":2,"href":"https:\/\/www.cltweb.org\/fr\/wp-json\/wp\/v2\/pages\/8726\/revisions"}],"predecessor-version":[{"id":8899,"href":"https:\/\/www.cltweb.org\/fr\/wp-json\/wp\/v2\/pages\/8726\/revisions\/8899"}],"up":[{"embeddable":true,"href":"https:\/\/www.cltweb.org\/fr\/wp-json\/wp\/v2\/pages\/1659"}],"wp:attachment":[{"href":"https:\/\/www.cltweb.org\/fr\/wp-json\/wp\/v2\/media?parent=8726"}],"wp:term":[{"taxonomy":"category","embeddable":true,"href":"https:\/\/www.cltweb.org\/fr\/wp-json\/wp\/v2\/categories?post=8726"},{"taxonomy":"post_tag","embeddable":true,"href":"https:\/\/www.cltweb.org\/fr\/wp-json\/wp\/v2\/tags?post=8726"}],"curies":[{"name":"wp","href":"https:\/\/api.w.org\/{rel}","templated":true}]}}