{"id":8735,"date":"2025-02-02T20:49:14","date_gmt":"2025-02-02T20:49:14","guid":{"rendered":"https:\/\/www.cltweb.org\/bibliotheque-de-ressources\/agriculture\/le-role-des-fiducies-foncieres\/les-fiducies-foncieres-impliquees-dans-lagriculture-urbaine\/"},"modified":"2025-02-03T19:50:12","modified_gmt":"2025-02-03T19:50:12","slug":"les-fiducies-foncieres-impliquees-dans-lagriculture-urbaine","status":"publish","type":"page","link":"https:\/\/www.cltweb.org\/fr\/bibliotheque-de-ressources\/agriculture\/le-role-des-fiducies-foncieres\/les-fiducies-foncieres-impliquees-dans-lagriculture-urbaine\/","title":{"rendered":"Les fiducies fonci\u00e8res impliqu\u00e9es dans l&#8217;agriculture urbaine"},"content":{"rendered":"\n<figure class=\"wp-block-table\"><table class=\"has-fixed-layout\"><tbody><tr><td><strong>VILLE<\/strong><\/td><td><strong>FIDUCIE FONCI\u00c8RE<\/strong><\/td><td><strong>TYPE<\/strong><\/td><\/tr><tr><td>Athens, GA<\/td><td><a href=\"http:\/\/www.athenslandtrust.org\/\" target=\"_blank\" rel=\"noreferrer noopener\">Athens Land Trust<\/a><\/td><td>  CLT<\/td><\/tr><tr><td>Baltimore, MD<\/td><td><a href=\"http:\/\/baltimoregreenspace.org\/\" target=\"_blank\" rel=\"noreferrer noopener\">Espace vert de Baltimore<\/a><\/td><td>Espace ouvert<\/td><\/tr><tr><td>Boston, MA<\/td><td><a href=\"https:\/\/thetrustees.org\/places-to-go\/farms-community-gardens\/\" target=\"_blank\" rel=\"noreferrer noopener\">Les administrateurs des r\u00e9serves<\/a><\/td><td>Espace ouvert<\/td><\/tr><tr><td>New York City, NY<\/td><td><a href=\"http:\/\/www.bronxlandtrust.org\/\" target=\"_blank\" rel=\"noreferrer noopener\">Bronx Land Trust<\/a><\/td><td>Espace ouvert<\/td><\/tr><tr><td>New York City, NY<\/td><td><a href=\"http:\/\/www.bqlt.org\/\" target=\"_blank\" rel=\"noreferrer noopener\">Brooklyn Queens Land Trust<\/a><\/td><td>Espace ouvert<\/td><\/tr><tr><td>Washington, DC<\/td><td>Capitol Hill Community Garden Land Trust<\/td><td>Espace ouvert<\/td><\/tr><tr><td>Boston, MA<\/td><td><a href=\"http:\/\/www.dudleyneighbors.org\/\" target=\"_blank\" rel=\"noreferrer noopener\">Dudley Neighbors, Inc.<\/a><\/td><td>CLT<\/td><\/tr><tr><td>Tacoma, WA<\/td><td><a href=\"https:\/\/www.facebook.com\/tacomaurbanlandtrust\" target=\"_blank\" rel=\"noreferrer noopener\">Tacoma Urban Land Trust<\/a><\/td><td>Espace ouvert<\/td><\/tr><tr><td>Los Angeles, CA<\/td><td><a href=\"http:\/\/www.lanlt.org\/\" target=\"_blank\" rel=\"noreferrer noopener\">Los Angeles Neighborhood Land Trust<\/a><\/td><td>Espace ouvert<\/td><\/tr><tr><td>Ville de New York<\/td><td><a href=\"http:\/\/www.manhattanlandtrust.org\/\" target=\"_blank\" rel=\"noreferrer noopener\">Manhattan Land Trust<\/a><\/td><td>Espace ouvert<\/td><\/tr><tr><td>Milwaukee, WI<\/td><td><a href=\"https:\/\/www.groundworkmke.org\/\" target=\"_blank\" rel=\"noreferrer noopener\">Groundwork Milwaukee<\/a><\/td><td>Espace ouvert<\/td><\/tr><tr><td>Chicago, IL<\/td><td><a href=\"http:\/\/neighbor-space.org\/\" target=\"_blank\" rel=\"noreferrer noopener\">Espace Voisin<\/a><\/td><td>Espace ouvert<\/td><\/tr><tr><td>New Haven, CT<\/td><td><a href=\"https:\/\/gathernewhaven.org\/\" target=\"_blank\" rel=\"noreferrer noopener\">Rassembler New Haven<\/a><\/td><td>Espace ouvert<\/td><\/tr><tr><td>Baltimore, MD et Seattle, WA<\/td><td><a href=\"http:\/\/www.seattle.gov\/neighborhoods\/p-patch-community-gardening\/about-the-p-patch-program\" target=\"_blank\" rel=\"noreferrer noopener\">P-Patch<\/a><\/td><td>Espace ouvert<\/td><\/tr><tr><td>Philadelphie, PA<\/td><td><a href=\"https:\/\/www.facebook.com\/ngtrust\/\" target=\"_blank\" rel=\"noreferrer noopener\">Neighborhood Gardens Trust<\/a><\/td><td>Espace ouvert<\/td><\/tr><tr><td>Albuquerque, NM<\/td><td><a href=\"http:\/\/www.sawmillclt.org\/\" target=\"_blank\" rel=\"noreferrer noopener\">Sawmill Community Land Trust<\/a><\/td><td>CLT<\/td><\/tr><tr><td>Boston, MA<\/td><td><a href=\"https:\/\/en.wikipedia.org\/wiki\/South_End_Lower_Roxbury_Open_Space_Land_Trust\" target=\"_blank\" rel=\"noreferrer noopener\">South End Lower Roxbury Open Space Land Trust<\/a><\/td><td>Espace ouvert<\/td><\/tr><tr><td>Providence, RI<\/td><td><a href=\"http:\/\/www.southsideclt.org\/\" target=\"_blank\" rel=\"noreferrer noopener\">Southside Community Land Trust (Fonds foncier communautaire)<\/a><\/td><td>CLT<\/td><\/tr><tr><td>Madison, WI<\/td><td><a href=\"http:\/\/affordablehome.org\/\" target=\"_blank\" rel=\"noreferrer noopener\">Troy Gardens (Madison Area Community Land Trust)<\/a><\/td><td>CLT<\/td><\/tr><tr><td>Minneapolis<\/td><td><a href=\"https:\/\/tcalt.wordpress.com\/\" target=\"_blank\" rel=\"noreferrer noopener\">Fonds agricole communautaire des villes jumelles (Twin Cities Community Agricultural Land Trust)<\/a><\/td><td>Espace ouvert<\/td><\/tr><tr><td>Portland, OR<\/td><td><a href=\"https:\/\/urbanfarmcollective.org\/\" target=\"_blank\" rel=\"noreferrer noopener\">Collectif de fermes urbaines<\/a><\/td><td>Espace ouvert<\/td><\/tr><tr><td>Worcester, MA<\/td><td><a href=\"http:\/\/www.wcgcdc.org\/\" target=\"_blank\" rel=\"noreferrer noopener\">Terrain d&#8217;entente de Worcester<\/a><\/td><td>Espace ouvert<\/td><\/tr><\/tbody><\/table><\/figure>\n","protected":false},"excerpt":{"rendered":"<p>VILLE FIDUCIE FONCI\u00c8RE TYPE Athens, GA Athens Land Trust CLT Baltimore, MD Espace vert de Baltimore Espace ouvert Boston, MA Les administrateurs des r\u00e9serves Espace ouvert New York City, NY [&hellip;]<\/p>\n","protected":false},"author":1,"featured_media":0,"parent":1659,"menu_order":3,"comment_status":"closed","ping_status":"closed","template":"","meta":{"give_campaign_id":0,"_tec_requires_first_save":true,"_kad_blocks_custom_css":"","_kad_blocks_head_custom_js":"","_kad_blocks_body_custom_js":"","_kad_blocks_footer_custom_js":"","_EventAllDay":false,"_EventTimezone":"","_EventStartDate":"","_EventEndDate":"","_EventStartDateUTC":"","_EventEndDateUTC":"","_EventShowMap":false,"_EventShowMapLink":false,"_EventURL":"","_EventCost":"","_EventCostDescription":"","_EventCurrencySymbol":"","_EventCurrencyCode":"","_EventCurrencyPosition":"","_EventDateTimeSeparator":"","_EventTimeRangeSeparator":"","_EventOrganizerID":[],"_EventVenueID":[],"_OrganizerEmail":"","_OrganizerPhone":"","_OrganizerWebsite":"","_VenueAddress":"","_VenueCity":"","_VenueCountry":"","_VenueProvince":"","_VenueState":"","_VenueZip":"","_VenuePhone":"","_VenueURL":"","_VenueStateProvince":"","_VenueLat":"","_VenueLng":"","_VenueShowMap":false,"_VenueShowMapLink":false,"_tribe_blocks_recurrence_rules":"","_tribe_blocks_recurrence_description":"","_tribe_blocks_recurrence_exclusions":"","footnotes":""},"categories":[],"tags":[],"class_list":["post-8735","page","type-page","status-publish","hentry"],"blocksy_meta":[],"yoast_head":"<!-- This site is optimized with the Yoast SEO Premium plugin v27.5 (Yoast SEO v27.5) - https:\/\/yoast.com\/product\/yoast-seo-premium-wordpress\/ -->\n<title>Les fiducies fonci\u00e8res impliqu\u00e9es dans l&#039;agriculture urbaine - International Center for Community Land Trusts<\/title>\n<meta name=\"robots\" content=\"index, follow, max-snippet:-1, max-image-preview:large, max-video-preview:-1\" \/>\n<link rel=\"canonical\" href=\"https:\/\/www.cltweb.org\/fr\/bibliotheque-de-ressources\/agriculture\/le-role-des-fiducies-foncieres\/les-fiducies-foncieres-impliquees-dans-lagriculture-urbaine\/\" \/>\n<meta property=\"og:locale\" content=\"fr_FR\" \/>\n<meta property=\"og:type\" content=\"article\" \/>\n<meta property=\"og:title\" content=\"Les fiducies fonci\u00e8res impliqu\u00e9es dans l&#039;agriculture urbaine\" \/>\n<meta property=\"og:description\" content=\"VILLE FIDUCIE FONCI\u00c8RE TYPE Athens, GA Athens Land Trust CLT Baltimore, MD Espace vert de Baltimore Espace ouvert Boston, MA Les administrateurs des r\u00e9serves Espace ouvert New York City, NY [&hellip;]\" \/>\n<meta property=\"og:url\" content=\"https:\/\/www.cltweb.org\/fr\/bibliotheque-de-ressources\/agriculture\/le-role-des-fiducies-foncieres\/les-fiducies-foncieres-impliquees-dans-lagriculture-urbaine\/\" \/>\n<meta property=\"og:site_name\" content=\"International Center for Community Land Trusts\" \/>\n<meta property=\"article:publisher\" content=\"https:\/\/www.facebook.com\/cltcenter\" \/>\n<meta property=\"article:modified_time\" content=\"2025-02-03T19:50:12+00:00\" \/>\n<meta name=\"twitter:card\" content=\"summary_large_image\" \/>\n<meta name=\"twitter:site\" content=\"@Center4CLTs\" \/>\n<meta name=\"twitter:label1\" content=\"Dur\u00e9e de lecture estim\u00e9e\" \/>\n\t<meta name=\"twitter:data1\" content=\"1 minute\" \/>\n<script type=\"application\/ld+json\" class=\"yoast-schema-graph\">{\"@context\":\"https:\\\/\\\/schema.org\",\"@graph\":[{\"@type\":\"WebPage\",\"@id\":\"https:\\\/\\\/www.cltweb.org\\\/fr\\\/bibliotheque-de-ressources\\\/agriculture\\\/le-role-des-fiducies-foncieres\\\/les-fiducies-foncieres-impliquees-dans-lagriculture-urbaine\\\/\",\"url\":\"https:\\\/\\\/www.cltweb.org\\\/fr\\\/bibliotheque-de-ressources\\\/agriculture\\\/le-role-des-fiducies-foncieres\\\/les-fiducies-foncieres-impliquees-dans-lagriculture-urbaine\\\/\",\"name\":\"Les fiducies fonci\u00e8res impliqu\u00e9es dans l'agriculture urbaine - International Center for Community Land Trusts\",\"isPartOf\":{\"@id\":\"https:\\\/\\\/www.cltweb.org\\\/fr\\\/#website\"},\"datePublished\":\"2025-02-02T20:49:14+00:00\",\"dateModified\":\"2025-02-03T19:50:12+00:00\",\"breadcrumb\":{\"@id\":\"https:\\\/\\\/www.cltweb.org\\\/fr\\\/bibliotheque-de-ressources\\\/agriculture\\\/le-role-des-fiducies-foncieres\\\/les-fiducies-foncieres-impliquees-dans-lagriculture-urbaine\\\/#breadcrumb\"},\"inLanguage\":\"fr-FR\",\"potentialAction\":[{\"@type\":\"ReadAction\",\"target\":[\"https:\\\/\\\/www.cltweb.org\\\/fr\\\/bibliotheque-de-ressources\\\/agriculture\\\/le-role-des-fiducies-foncieres\\\/les-fiducies-foncieres-impliquees-dans-lagriculture-urbaine\\\/\"]}]},{\"@type\":\"BreadcrumbList\",\"@id\":\"https:\\\/\\\/www.cltweb.org\\\/fr\\\/bibliotheque-de-ressources\\\/agriculture\\\/le-role-des-fiducies-foncieres\\\/les-fiducies-foncieres-impliquees-dans-lagriculture-urbaine\\\/#breadcrumb\",\"itemListElement\":[{\"@type\":\"ListItem\",\"position\":1,\"name\":\"Home\",\"item\":\"https:\\\/\\\/www.cltweb.org\\\/fr\\\/\"},{\"@type\":\"ListItem\",\"position\":2,\"name\":\"Biblioth\u00e8que de ressources\",\"item\":\"https:\\\/\\\/www.cltweb.org\\\/fr\\\/bibliotheque-de-ressources\\\/\"},{\"@type\":\"ListItem\",\"position\":3,\"name\":\"R\u00e9gime foncier pour l&#8217;agriculture urbaine\",\"item\":\"https:\\\/\\\/www.cltweb.org\\\/fr\\\/bibliotheque-de-ressources\\\/agriculture\\\/\"},{\"@type\":\"ListItem\",\"position\":4,\"name\":\"Le r\u00f4le des fiducies fonci\u00e8res\",\"item\":\"https:\\\/\\\/www.cltweb.org\\\/fr\\\/bibliotheque-de-ressources\\\/agriculture\\\/le-role-des-fiducies-foncieres\\\/\"},{\"@type\":\"ListItem\",\"position\":5,\"name\":\"Les fiducies fonci\u00e8res impliqu\u00e9es dans l&#8217;agriculture urbaine\"}]},{\"@type\":\"WebSite\",\"@id\":\"https:\\\/\\\/www.cltweb.org\\\/fr\\\/#website\",\"url\":\"https:\\\/\\\/www.cltweb.org\\\/fr\\\/\",\"name\":\"International Center for Community Land Trusts\",\"description\":\"\",\"publisher\":{\"@id\":\"https:\\\/\\\/www.cltweb.org\\\/fr\\\/#organization\"},\"potentialAction\":[{\"@type\":\"SearchAction\",\"target\":{\"@type\":\"EntryPoint\",\"urlTemplate\":\"https:\\\/\\\/www.cltweb.org\\\/fr\\\/?s={search_term_string}\"},\"query-input\":{\"@type\":\"PropertyValueSpecification\",\"valueRequired\":true,\"valueName\":\"search_term_string\"}}],\"inLanguage\":\"fr-FR\"},{\"@type\":\"Organization\",\"@id\":\"https:\\\/\\\/www.cltweb.org\\\/fr\\\/#organization\",\"name\":\"International Center for Community Land Trusts\",\"url\":\"https:\\\/\\\/www.cltweb.org\\\/fr\\\/\",\"logo\":{\"@type\":\"ImageObject\",\"inLanguage\":\"fr-FR\",\"@id\":\"https:\\\/\\\/www.cltweb.org\\\/fr\\\/#\\\/schema\\\/logo\\\/image\\\/\",\"url\":\"https:\\\/\\\/www.cltweb.org\\\/wp-content\\\/uploads\\\/2024\\\/11\\\/New-CLT-Center-Text-logo.png\",\"contentUrl\":\"https:\\\/\\\/www.cltweb.org\\\/wp-content\\\/uploads\\\/2024\\\/11\\\/New-CLT-Center-Text-logo.png\",\"width\":227,\"height\":80,\"caption\":\"International Center for Community Land Trusts\"},\"image\":{\"@id\":\"https:\\\/\\\/www.cltweb.org\\\/fr\\\/#\\\/schema\\\/logo\\\/image\\\/\"},\"sameAs\":[\"https:\\\/\\\/www.facebook.com\\\/cltcenter\",\"https:\\\/\\\/x.com\\\/Center4CLTs\",\"https:\\\/\\\/www.instagram.com\\\/cltcenter\\\/\",\"https:\\\/\\\/www.linkedin.com\\\/company\\\/cltcenter\",\"https:\\\/\\\/www.youtube.com\\\/@centerforcltinnovation5313\"],\"description\":\"The International Center for Community Land Trusts is a not-for-profit nongovernmental organization established in 2018 to promote and to support community land trusts and similar strategies of community-led development on community-owned land in countries throughout the world.\",\"email\":\"info@communitylandtrust.net\",\"legalName\":\"International Center for Community Land Trusts\",\"foundingDate\":\"2018-12-01\",\"taxID\":\"84-3858933\",\"numberOfEmployees\":{\"@type\":\"QuantitativeValue\",\"minValue\":\"1\",\"maxValue\":\"10\"}}]}<\/script>\n<!-- \/ Yoast SEO Premium plugin. -->","yoast_head_json":{"title":"Les fiducies fonci\u00e8res impliqu\u00e9es dans l'agriculture urbaine - International Center for Community Land Trusts","robots":{"index":"index","follow":"follow","max-snippet":"max-snippet:-1","max-image-preview":"max-image-preview:large","max-video-preview":"max-video-preview:-1"},"canonical":"https:\/\/www.cltweb.org\/fr\/bibliotheque-de-ressources\/agriculture\/le-role-des-fiducies-foncieres\/les-fiducies-foncieres-impliquees-dans-lagriculture-urbaine\/","og_locale":"fr_FR","og_type":"article","og_title":"Les fiducies fonci\u00e8res impliqu\u00e9es dans l'agriculture urbaine","og_description":"VILLE FIDUCIE FONCI\u00c8RE TYPE Athens, GA Athens Land Trust CLT Baltimore, MD Espace vert de Baltimore Espace ouvert Boston, MA Les administrateurs des r\u00e9serves Espace ouvert New York City, NY [&hellip;]","og_url":"https:\/\/www.cltweb.org\/fr\/bibliotheque-de-ressources\/agriculture\/le-role-des-fiducies-foncieres\/les-fiducies-foncieres-impliquees-dans-lagriculture-urbaine\/","og_site_name":"International Center for Community Land Trusts","article_publisher":"https:\/\/www.facebook.com\/cltcenter","article_modified_time":"2025-02-03T19:50:12+00:00","twitter_card":"summary_large_image","twitter_site":"@Center4CLTs","twitter_misc":{"Dur\u00e9e de lecture estim\u00e9e":"1 minute"},"schema":{"@context":"https:\/\/schema.org","@graph":[{"@type":"WebPage","@id":"https:\/\/www.cltweb.org\/fr\/bibliotheque-de-ressources\/agriculture\/le-role-des-fiducies-foncieres\/les-fiducies-foncieres-impliquees-dans-lagriculture-urbaine\/","url":"https:\/\/www.cltweb.org\/fr\/bibliotheque-de-ressources\/agriculture\/le-role-des-fiducies-foncieres\/les-fiducies-foncieres-impliquees-dans-lagriculture-urbaine\/","name":"Les fiducies fonci\u00e8res impliqu\u00e9es dans l'agriculture urbaine - International Center for Community Land Trusts","isPartOf":{"@id":"https:\/\/www.cltweb.org\/fr\/#website"},"datePublished":"2025-02-02T20:49:14+00:00","dateModified":"2025-02-03T19:50:12+00:00","breadcrumb":{"@id":"https:\/\/www.cltweb.org\/fr\/bibliotheque-de-ressources\/agriculture\/le-role-des-fiducies-foncieres\/les-fiducies-foncieres-impliquees-dans-lagriculture-urbaine\/#breadcrumb"},"inLanguage":"fr-FR","potentialAction":[{"@type":"ReadAction","target":["https:\/\/www.cltweb.org\/fr\/bibliotheque-de-ressources\/agriculture\/le-role-des-fiducies-foncieres\/les-fiducies-foncieres-impliquees-dans-lagriculture-urbaine\/"]}]},{"@type":"BreadcrumbList","@id":"https:\/\/www.cltweb.org\/fr\/bibliotheque-de-ressources\/agriculture\/le-role-des-fiducies-foncieres\/les-fiducies-foncieres-impliquees-dans-lagriculture-urbaine\/#breadcrumb","itemListElement":[{"@type":"ListItem","position":1,"name":"Home","item":"https:\/\/www.cltweb.org\/fr\/"},{"@type":"ListItem","position":2,"name":"Biblioth\u00e8que de ressources","item":"https:\/\/www.cltweb.org\/fr\/bibliotheque-de-ressources\/"},{"@type":"ListItem","position":3,"name":"R\u00e9gime foncier pour l&#8217;agriculture urbaine","item":"https:\/\/www.cltweb.org\/fr\/bibliotheque-de-ressources\/agriculture\/"},{"@type":"ListItem","position":4,"name":"Le r\u00f4le des fiducies fonci\u00e8res","item":"https:\/\/www.cltweb.org\/fr\/bibliotheque-de-ressources\/agriculture\/le-role-des-fiducies-foncieres\/"},{"@type":"ListItem","position":5,"name":"Les fiducies fonci\u00e8res impliqu\u00e9es dans l&#8217;agriculture urbaine"}]},{"@type":"WebSite","@id":"https:\/\/www.cltweb.org\/fr\/#website","url":"https:\/\/www.cltweb.org\/fr\/","name":"International Center for Community Land Trusts","description":"","publisher":{"@id":"https:\/\/www.cltweb.org\/fr\/#organization"},"potentialAction":[{"@type":"SearchAction","target":{"@type":"EntryPoint","urlTemplate":"https:\/\/www.cltweb.org\/fr\/?s={search_term_string}"},"query-input":{"@type":"PropertyValueSpecification","valueRequired":true,"valueName":"search_term_string"}}],"inLanguage":"fr-FR"},{"@type":"Organization","@id":"https:\/\/www.cltweb.org\/fr\/#organization","name":"International Center for Community Land Trusts","url":"https:\/\/www.cltweb.org\/fr\/","logo":{"@type":"ImageObject","inLanguage":"fr-FR","@id":"https:\/\/www.cltweb.org\/fr\/#\/schema\/logo\/image\/","url":"https:\/\/www.cltweb.org\/wp-content\/uploads\/2024\/11\/New-CLT-Center-Text-logo.png","contentUrl":"https:\/\/www.cltweb.org\/wp-content\/uploads\/2024\/11\/New-CLT-Center-Text-logo.png","width":227,"height":80,"caption":"International Center for Community Land Trusts"},"image":{"@id":"https:\/\/www.cltweb.org\/fr\/#\/schema\/logo\/image\/"},"sameAs":["https:\/\/www.facebook.com\/cltcenter","https:\/\/x.com\/Center4CLTs","https:\/\/www.instagram.com\/cltcenter\/","https:\/\/www.linkedin.com\/company\/cltcenter","https:\/\/www.youtube.com\/@centerforcltinnovation5313"],"description":"The International Center for Community Land Trusts is a not-for-profit nongovernmental organization established in 2018 to promote and to support community land trusts and similar strategies of community-led development on community-owned land in countries throughout the world.","email":"info@communitylandtrust.net","legalName":"International Center for Community Land Trusts","foundingDate":"2018-12-01","taxID":"84-3858933","numberOfEmployees":{"@type":"QuantitativeValue","minValue":"1","maxValue":"10"}}]}},"campaignId":"","taxonomy_info":[],"featured_image_src_large":false,"author_info":{"display_name":"cltredesign_0jp0l4","author_link":"https:\/\/www.cltweb.org\/fr\/author\/cltredesign_0jp0l4\/"},"comment_info":0,"jetpack_sharing_enabled":true,"jetpack-related-posts":[{"id":8734,"url":"https:\/\/www.cltweb.org\/pt-br\/biblioteca-de-recursos\/agricultura\/o-papel-dos-fundos-fiduciarios\/fundos-fiduciarios-envolvidos-na-agricultura-urbana\/","url_meta":{"origin":8735,"position":0},"title":"Fundos fiduci\u00e1rios envolvidos na agricultura urbana","author":"cltredesign_0jp0l4","date":"2 f\u00e9vrier 2025","format":false,"excerpt":"CIDADECONFIAN\u00c7A NA TERRATIPOAthens, GAFundo de terras de Athens CLTBaltimore, MDEspa\u00e7o verde de BaltimoreEspa\u00e7o abertoBoston, MAOs curadores de reservasEspa\u00e7o abertoCidade de Nova York, NYFundo de terras do BronxEspa\u00e7o abertoCidade de Nova York, NYBrooklyn Queens Land TrustEspa\u00e7o abertoWashington, DCFundo de Terras do Jardim Comunit\u00e1rio de Capitol HillEspa\u00e7o abertoBoston, MADudley Neighbors, Inc.CLTTacoma, WAFundo\u2026","rel":"","context":"Article similaire","block_context":{"text":"Article similaire","link":""},"img":{"alt_text":"","src":"","width":0,"height":0},"classes":[]},{"id":3889,"url":"https:\/\/www.cltweb.org\/pt-br\/biblioteca-de-recursos\/bibliografia\/bibliografia-internacional-sobre-clt-todos-os-idiomas\/","url_meta":{"origin":8735,"position":1},"title":"Bibliografia internacional sobre CLT &#8211; Todos os idiomas","author":"cltredesign_0jp0l4","date":"19 octobre 2024","format":false,"excerpt":"Atualizado em 7\/1\/24 Livros e artigos Abello, Oscar Perry. 2021. Um fundo de terras comunit\u00e1rio incomum no Colorado est\u00e1 deixando sua marca. Next City (10 de agosto). Dispon\u00edvel em: https:\/\/nextcity.org\/daily\/entry\/an-unusual-community-land-trust-in-colorado-is-making-its-mark Abrams, Amanda. 2019. Ajudando propriet\u00e1rios de im\u00f3veis em risco a permanecerem no local com um fundo de terras. Shelterforce (25\u2026","rel":"","context":"Article similaire","block_context":{"text":"Article similaire","link":""},"img":{"alt_text":"","src":"","width":0,"height":0},"classes":[]},{"id":3901,"url":"https:\/\/www.cltweb.org\/fr\/bibliotheque-de-ressources\/bibliographie\/bibliographie-internationale-clt-toutes-les-langues\/","url_meta":{"origin":8735,"position":2},"title":"Bibliographie internationale CLT &#8211; Toutes les langues","author":"cltredesign_0jp0l4","date":"19 octobre 2024","format":false,"excerpt":"Mise \u00e0 jour 7\/1\/24 Livres et articles Abello, Oscar Perry. 2021. Une fiducie fonci\u00e8re communautaire inhabituelle du Colorado fait sa marque. Next City (10 ao\u00fbt). Disponible \u00e0 l'adresse : https:\/\/nextcity.org\/daily\/entry\/an-unusual-community-land-trust-in-colorado-is-making-its-mark Abrams, Amanda. 2019. Aider les propri\u00e9taires \u00e0 risque \u00e0 rester sur place avec une fiducie fonci\u00e8re. Shelterforce (25 avril). Disponible\u2026","rel":"","context":"Article similaire","block_context":{"text":"Article similaire","link":""},"img":{"alt_text":"","src":"","width":0,"height":0},"classes":[]},{"id":3885,"url":"https:\/\/www.cltweb.org\/nl\/bibliotheek-met-bronnen\/bibliografie\/internationale-clt-bibliografie-alle-talen\/","url_meta":{"origin":8735,"position":3},"title":"Internationale CLT-bibliografie &#8211; Alle talen","author":"cltredesign_0jp0l4","date":"19 octobre 2024","format":false,"excerpt":"Bijgewerkt op 7\/1\/24 Boeken en artikelen Abello, Oscar Perry. 2021. Een ongewone community land trust in Colorado drukt zijn stempel. Next City (10 augustus). Beschikbaar op: https:\/\/nextcity.org\/daily\/entry\/an-unusual-community-land-trust-in-colorado-is-making-its-mark Abrams, Amanda. 2019. Huiseigenaren met een verhoogd risico helpen om te blijven wonen met een land trust. Shelterforce (25 april). Online beschikbaar op:\u2026","rel":"","context":"Article similaire","block_context":{"text":"Article similaire","link":""},"img":{"alt_text":"","src":"","width":0,"height":0},"classes":[]},{"id":3853,"url":"https:\/\/www.cltweb.org\/resources\/bibliography\/international-clt-bibliography-all-languages\/","url_meta":{"origin":8735,"position":4},"title":"International CLT Bibliography &#8211; All Languages","author":"cltredesign_0jp0l4","date":"19 octobre 2024","format":false,"excerpt":"Updated 7\/1\/24 Books and Articles Abello, Oscar Perry. 2021. An unusual community land trust in Colorado is making its mark.\u00a0Next City\u00a0(August 10). Available at:\u00a0https:\/\/nextcity.org\/daily\/entry\/an-unusual-community-land-trust-in-colorado-is-making-its-mark Abrams, Amanda. 2019. Helping at-risk homeowners stay put with a land trust.\u00a0Shelterforce\u00a0(April 25). Available online at:\u00a0https:\/\/shelterforce.org\/2019\/04\/25\/a-land-trust-model-for-seniors\/ ---. 2020. Lessons from the last housing crisis: how to\u2026","rel":"","context":"Article similaire","block_context":{"text":"Article similaire","link":""},"img":{"alt_text":"","src":"","width":0,"height":0},"classes":[]},{"id":3899,"url":"https:\/\/www.cltweb.org\/de\/ressourcenbibliothek\/bibliographie\/internationale-clt-bibliographie-alle-sprachen\/","url_meta":{"origin":8735,"position":5},"title":"Internationale CLT-Bibliographie &#8211; Alle Sprachen","author":"cltredesign_0jp0l4","date":"19 octobre 2024","format":false,"excerpt":"Aktualisiert 7\/1\/24 B\u00fccher und Artikel Abello, Oscar Perry. 2021. Ein ungew\u00f6hnlicher Community Land Trust in Colorado macht sich einen Namen. N\u00e4chste Stadt (August 10). Verf\u00fcgbar unter: https:\/\/nextcity.org\/daily\/entry\/an-unusual-community-land-trust-in-colorado-is-making-its-mark Abrams, Amanda. 2019. Hilfe f\u00fcr gef\u00e4hrdete Hauseigent\u00fcmer mit einem Land Trust. Shelterforce (April 25). Online verf\u00fcgbar unter: https:\/\/shelterforce.org\/2019\/04\/25\/a-land-trust-model-for-seniors\/ ---. 2020. Lessons from the\u2026","rel":"","context":"Article similaire","block_context":{"text":"Article similaire","link":""},"img":{"alt_text":"","src":"","width":0,"height":0},"classes":[]}],"_links":{"self":[{"href":"https:\/\/www.cltweb.org\/fr\/wp-json\/wp\/v2\/pages\/8735","targetHints":{"allow":["GET"]}}],"collection":[{"href":"https:\/\/www.cltweb.org\/fr\/wp-json\/wp\/v2\/pages"}],"about":[{"href":"https:\/\/www.cltweb.org\/fr\/wp-json\/wp\/v2\/types\/page"}],"author":[{"embeddable":true,"href":"https:\/\/www.cltweb.org\/fr\/wp-json\/wp\/v2\/users\/1"}],"replies":[{"embeddable":true,"href":"https:\/\/www.cltweb.org\/fr\/wp-json\/wp\/v2\/comments?post=8735"}],"version-history":[{"count":2,"href":"https:\/\/www.cltweb.org\/fr\/wp-json\/wp\/v2\/pages\/8735\/revisions"}],"predecessor-version":[{"id":8924,"href":"https:\/\/www.cltweb.org\/fr\/wp-json\/wp\/v2\/pages\/8735\/revisions\/8924"}],"up":[{"embeddable":true,"href":"https:\/\/www.cltweb.org\/fr\/wp-json\/wp\/v2\/pages\/1659"}],"wp:attachment":[{"href":"https:\/\/www.cltweb.org\/fr\/wp-json\/wp\/v2\/media?parent=8735"}],"wp:term":[{"taxonomy":"category","embeddable":true,"href":"https:\/\/www.cltweb.org\/fr\/wp-json\/wp\/v2\/categories?post=8735"},{"taxonomy":"post_tag","embeddable":true,"href":"https:\/\/www.cltweb.org\/fr\/wp-json\/wp\/v2\/tags?post=8735"}],"curies":[{"name":"wp","href":"https:\/\/api.w.org\/{rel}","templated":true}]}}