{"id":8764,"date":"2025-02-02T21:06:31","date_gmt":"2025-02-02T21:06:31","guid":{"rendered":"https:\/\/www.cltweb.org\/bibliotheque-de-ressources\/agriculture\/le-modele-du-serveur-central\/une-fiducie-fonciere-pour-les-fermes-commerciales-urbaines\/"},"modified":"2025-02-03T19:54:32","modified_gmt":"2025-02-03T19:54:32","slug":"une-fiducie-fonciere-pour-les-fermes-commerciales-urbaines","status":"publish","type":"page","link":"https:\/\/www.cltweb.org\/fr\/bibliotheque-de-ressources\/agriculture\/le-modele-du-serveur-central\/une-fiducie-fonciere-pour-les-fermes-commerciales-urbaines\/","title":{"rendered":"Une fiducie fonci\u00e8re pour les fermes commerciales urbaines ?"},"content":{"rendered":"\n<p>La d\u00e9tention de terres agricoles en fiducie est un compl\u00e9ment potentiel pour les mod\u00e8les d&#8217;agriculture urbaine \u00e0 but lucratif et entrepreneurial. Les responsables des fondations, en particulier, s&#8217;int\u00e9ressent \u00e0 la possibilit\u00e9 pour le secteur de l&#8217;agriculture urbaine de d\u00e9passer les mod\u00e8les d&#8217;entreprise \u00e0 but non lucratif qui d\u00e9pendent des subventions. En 2015, quelques fondations de Chicago ont cr\u00e9\u00e9 un programme commun appel\u00e9 &#8220;Food:Land:Opportunity&#8221;, qui finance un effort men\u00e9 par NeighborSpace pour d\u00e9velopper un mod\u00e8le de propri\u00e9t\u00e9 fonci\u00e8re qui pourrait soutenir les producteurs commerciaux \u00e0 but lucratif dans le quartier South Side d&#8217;Englewood. (Food:Land:Opportunity 2015)   <\/p>\n\n<p>Ce nouveau r\u00f4le potentiel pour NeighborSpace, ou pour une nouvelle entit\u00e9 fonci\u00e8re, r\u00e9pond \u00e0 un probl\u00e8me susceptible de se poser gr\u00e2ce \u00e0 la croissance des programmes ax\u00e9s sur la formation de nouveaux agriculteurs urbains commerciaux. En 2013, le maire Rahm Emanuel a annonc\u00e9 le programme Farmers for Chicago, qui engage la ville \u00e0 aider \u00e0 trouver des terres pour les agriculteurs stagiaires d&#8217;organisations telles que Growing Home. Le Chicago Botanic Garden et Growing Power ont depuis d\u00e9velopp\u00e9 des &#8220;fermes incubatrices&#8221; o\u00f9 les agriculteurs urbains d\u00e9butants peuvent affiner leurs comp\u00e9tences en mati\u00e8re de culture, tester leurs mod\u00e8les commerciaux et partager des \u00e9quipements et des installations de distribution. (Chicago Botanic Garden 2013 ; Growing Power 2013) Cependant, lorsque la p\u00e9riode d&#8217;incubation se termine pour ces nouveaux agriculteurs, la question reste de savoir o\u00f9 ils peuvent aller pour \u00e9tablir leurs entreprises agricoles. Pourront-ils s&#8217;offrir des terres au prix du march\u00e9 en ville, ou devront-ils s&#8217;installer \u00e0 la campagne pour trouver des terres ?     <\/p>\n\n<p>Le processus de planification financ\u00e9 par Food:Land:Opportunity vise \u00e0 trouver un moyen pour les agriculteurs urbains \u00e0 but lucratif d&#8217;acqu\u00e9rir des terres \u00e0 Englewood. \u00c0 la fin de l&#8217;ann\u00e9e 2015, de nombreux points restaient \u00e0 r\u00e9gler. Si les terres pouvaient \u00eatre rendues abordables en les d\u00e9tenant en fiducie et en les louant aux agriculteurs, est-ce quelque chose que NeighborSpace pourrait faire, sans r\u00e9viser sa mission ? L&#8217;une des options \u00e9voqu\u00e9es par les participants au processus est la possibilit\u00e9 de cr\u00e9er une coop\u00e9rative de producteurs \u00e0 but non lucratif qui louerait des terres \u00e0 NeighborSpace ou \u00e0 une autre fiducie fonci\u00e8re. Les membres de la coop\u00e9rative pourraient alors se constituer en soci\u00e9t\u00e9 sous la forme commerciale de leur choix, qu&#8217;il s&#8217;agisse d&#8217;une association \u00e0 but non lucratif ou d&#8217;une entit\u00e9 \u00e0 but lucratif. Ces discussions, qui se poursuivent \u00e0 l&#8217;heure o\u00f9 nous \u00e9crivons ces lignes, ont \u00e9galement soulev\u00e9 la question de savoir s&#8217;il ne serait pas pr\u00e9f\u00e9rable que les terres soient d\u00e9tenues par une fiducie fonci\u00e8re communautaire bas\u00e9e \u00e0 Englewood, dont la direction serait plus enracin\u00e9e et repr\u00e9sentative de la population afro-am\u00e9ricaine majoritaire de ce quartier et d&#8217;autres quartiers du South Side. Toutefois, on peut se demander si les autorit\u00e9s municipales seraient dispos\u00e9es \u00e0 transf\u00e9rer des terrains \u00e0 une nouvelle entit\u00e9 fonci\u00e8re, alors qu&#8217;elles ont d\u00e9j\u00e0 \u00e9tabli une relation suivie avec NeighborSpace.     <\/p>\n","protected":false},"excerpt":{"rendered":"<p>La d\u00e9tention de terres agricoles en fiducie est un compl\u00e9ment potentiel pour les mod\u00e8les d&#8217;agriculture urbaine \u00e0 but lucratif et entrepreneurial. Les responsables des fondations, en particulier, s&#8217;int\u00e9ressent \u00e0 la [&hellip;]<\/p>\n","protected":false},"author":1,"featured_media":0,"parent":1658,"menu_order":5,"comment_status":"closed","ping_status":"closed","template":"","meta":{"give_campaign_id":0,"_tec_requires_first_save":true,"_kad_blocks_custom_css":"","_kad_blocks_head_custom_js":"","_kad_blocks_body_custom_js":"","_kad_blocks_footer_custom_js":"","_EventAllDay":false,"_EventTimezone":"","_EventStartDate":"","_EventEndDate":"","_EventStartDateUTC":"","_EventEndDateUTC":"","_EventShowMap":false,"_EventShowMapLink":false,"_EventURL":"","_EventCost":"","_EventCostDescription":"","_EventCurrencySymbol":"","_EventCurrencyCode":"","_EventCurrencyPosition":"","_EventDateTimeSeparator":"","_EventTimeRangeSeparator":"","_EventOrganizerID":[],"_EventVenueID":[],"_OrganizerEmail":"","_OrganizerPhone":"","_OrganizerWebsite":"","_VenueAddress":"","_VenueCity":"","_VenueCountry":"","_VenueProvince":"","_VenueState":"","_VenueZip":"","_VenuePhone":"","_VenueURL":"","_VenueStateProvince":"","_VenueLat":"","_VenueLng":"","_VenueShowMap":false,"_VenueShowMapLink":false,"_tribe_blocks_recurrence_rules":"","_tribe_blocks_recurrence_description":"","_tribe_blocks_recurrence_exclusions":"","footnotes":""},"categories":[125],"tags":[],"class_list":["post-8764","page","type-page","status-publish","hentry","category-agriculture-fr"],"blocksy_meta":[],"yoast_head":"<!-- This site is optimized with the Yoast SEO Premium plugin v27.5 (Yoast SEO v27.5) - https:\/\/yoast.com\/product\/yoast-seo-premium-wordpress\/ -->\n<title>Une fiducie fonci\u00e8re pour les fermes commerciales urbaines ? - International Center for Community Land Trusts<\/title>\n<meta name=\"robots\" content=\"index, follow, max-snippet:-1, max-image-preview:large, max-video-preview:-1\" \/>\n<link rel=\"canonical\" href=\"https:\/\/www.cltweb.org\/fr\/bibliotheque-de-ressources\/agriculture\/le-modele-du-serveur-central\/une-fiducie-fonciere-pour-les-fermes-commerciales-urbaines\/\" \/>\n<meta property=\"og:locale\" content=\"fr_FR\" \/>\n<meta property=\"og:type\" content=\"article\" \/>\n<meta property=\"og:title\" content=\"Une fiducie fonci\u00e8re pour les fermes commerciales urbaines ?\" \/>\n<meta property=\"og:description\" content=\"La d\u00e9tention de terres agricoles en fiducie est un compl\u00e9ment potentiel pour les mod\u00e8les d&#8217;agriculture urbaine \u00e0 but lucratif et entrepreneurial. Les responsables des fondations, en particulier, s&#8217;int\u00e9ressent \u00e0 la [&hellip;]\" \/>\n<meta property=\"og:url\" content=\"https:\/\/www.cltweb.org\/fr\/bibliotheque-de-ressources\/agriculture\/le-modele-du-serveur-central\/une-fiducie-fonciere-pour-les-fermes-commerciales-urbaines\/\" \/>\n<meta property=\"og:site_name\" content=\"International Center for Community Land Trusts\" \/>\n<meta property=\"article:publisher\" content=\"https:\/\/www.facebook.com\/cltcenter\" \/>\n<meta property=\"article:modified_time\" content=\"2025-02-03T19:54:32+00:00\" \/>\n<meta name=\"twitter:card\" content=\"summary_large_image\" \/>\n<meta name=\"twitter:site\" content=\"@Center4CLTs\" \/>\n<meta name=\"twitter:label1\" content=\"Dur\u00e9e de lecture estim\u00e9e\" \/>\n\t<meta name=\"twitter:data1\" content=\"2 minutes\" \/>\n<script type=\"application\/ld+json\" class=\"yoast-schema-graph\">{\"@context\":\"https:\\\/\\\/schema.org\",\"@graph\":[{\"@type\":\"WebPage\",\"@id\":\"https:\\\/\\\/www.cltweb.org\\\/fr\\\/bibliotheque-de-ressources\\\/agriculture\\\/le-modele-du-serveur-central\\\/une-fiducie-fonciere-pour-les-fermes-commerciales-urbaines\\\/\",\"url\":\"https:\\\/\\\/www.cltweb.org\\\/fr\\\/bibliotheque-de-ressources\\\/agriculture\\\/le-modele-du-serveur-central\\\/une-fiducie-fonciere-pour-les-fermes-commerciales-urbaines\\\/\",\"name\":\"Une fiducie fonci\u00e8re pour les fermes commerciales urbaines ? - International Center for Community Land Trusts\",\"isPartOf\":{\"@id\":\"https:\\\/\\\/www.cltweb.org\\\/fr\\\/#website\"},\"datePublished\":\"2025-02-02T21:06:31+00:00\",\"dateModified\":\"2025-02-03T19:54:32+00:00\",\"breadcrumb\":{\"@id\":\"https:\\\/\\\/www.cltweb.org\\\/fr\\\/bibliotheque-de-ressources\\\/agriculture\\\/le-modele-du-serveur-central\\\/une-fiducie-fonciere-pour-les-fermes-commerciales-urbaines\\\/#breadcrumb\"},\"inLanguage\":\"fr-FR\",\"potentialAction\":[{\"@type\":\"ReadAction\",\"target\":[\"https:\\\/\\\/www.cltweb.org\\\/fr\\\/bibliotheque-de-ressources\\\/agriculture\\\/le-modele-du-serveur-central\\\/une-fiducie-fonciere-pour-les-fermes-commerciales-urbaines\\\/\"]}]},{\"@type\":\"BreadcrumbList\",\"@id\":\"https:\\\/\\\/www.cltweb.org\\\/fr\\\/bibliotheque-de-ressources\\\/agriculture\\\/le-modele-du-serveur-central\\\/une-fiducie-fonciere-pour-les-fermes-commerciales-urbaines\\\/#breadcrumb\",\"itemListElement\":[{\"@type\":\"ListItem\",\"position\":1,\"name\":\"Home\",\"item\":\"https:\\\/\\\/www.cltweb.org\\\/fr\\\/\"},{\"@type\":\"ListItem\",\"position\":2,\"name\":\"Biblioth\u00e8que de ressources\",\"item\":\"https:\\\/\\\/www.cltweb.org\\\/fr\\\/bibliotheque-de-ressources\\\/\"},{\"@type\":\"ListItem\",\"position\":3,\"name\":\"R\u00e9gime foncier pour l&#8217;agriculture urbaine\",\"item\":\"https:\\\/\\\/www.cltweb.org\\\/fr\\\/bibliotheque-de-ressources\\\/agriculture\\\/\"},{\"@type\":\"ListItem\",\"position\":4,\"name\":\"Le mod\u00e8le du serveur central\",\"item\":\"https:\\\/\\\/www.cltweb.org\\\/fr\\\/bibliotheque-de-ressources\\\/agriculture\\\/le-modele-du-serveur-central\\\/\"},{\"@type\":\"ListItem\",\"position\":5,\"name\":\"Une fiducie fonci\u00e8re pour les fermes commerciales urbaines ?\"}]},{\"@type\":\"WebSite\",\"@id\":\"https:\\\/\\\/www.cltweb.org\\\/fr\\\/#website\",\"url\":\"https:\\\/\\\/www.cltweb.org\\\/fr\\\/\",\"name\":\"International Center for Community Land Trusts\",\"description\":\"\",\"publisher\":{\"@id\":\"https:\\\/\\\/www.cltweb.org\\\/fr\\\/#organization\"},\"potentialAction\":[{\"@type\":\"SearchAction\",\"target\":{\"@type\":\"EntryPoint\",\"urlTemplate\":\"https:\\\/\\\/www.cltweb.org\\\/fr\\\/?s={search_term_string}\"},\"query-input\":{\"@type\":\"PropertyValueSpecification\",\"valueRequired\":true,\"valueName\":\"search_term_string\"}}],\"inLanguage\":\"fr-FR\"},{\"@type\":\"Organization\",\"@id\":\"https:\\\/\\\/www.cltweb.org\\\/fr\\\/#organization\",\"name\":\"International Center for Community Land Trusts\",\"url\":\"https:\\\/\\\/www.cltweb.org\\\/fr\\\/\",\"logo\":{\"@type\":\"ImageObject\",\"inLanguage\":\"fr-FR\",\"@id\":\"https:\\\/\\\/www.cltweb.org\\\/fr\\\/#\\\/schema\\\/logo\\\/image\\\/\",\"url\":\"https:\\\/\\\/www.cltweb.org\\\/wp-content\\\/uploads\\\/2024\\\/11\\\/New-CLT-Center-Text-logo.png\",\"contentUrl\":\"https:\\\/\\\/www.cltweb.org\\\/wp-content\\\/uploads\\\/2024\\\/11\\\/New-CLT-Center-Text-logo.png\",\"width\":227,\"height\":80,\"caption\":\"International Center for Community Land Trusts\"},\"image\":{\"@id\":\"https:\\\/\\\/www.cltweb.org\\\/fr\\\/#\\\/schema\\\/logo\\\/image\\\/\"},\"sameAs\":[\"https:\\\/\\\/www.facebook.com\\\/cltcenter\",\"https:\\\/\\\/x.com\\\/Center4CLTs\",\"https:\\\/\\\/www.instagram.com\\\/cltcenter\\\/\",\"https:\\\/\\\/www.linkedin.com\\\/company\\\/cltcenter\",\"https:\\\/\\\/www.youtube.com\\\/@centerforcltinnovation5313\"],\"description\":\"The International Center for Community Land Trusts is a not-for-profit nongovernmental organization established in 2018 to promote and to support community land trusts and similar strategies of community-led development on community-owned land in countries throughout the world.\",\"email\":\"info@communitylandtrust.net\",\"legalName\":\"International Center for Community Land Trusts\",\"foundingDate\":\"2018-12-01\",\"taxID\":\"84-3858933\",\"numberOfEmployees\":{\"@type\":\"QuantitativeValue\",\"minValue\":\"1\",\"maxValue\":\"10\"}}]}<\/script>\n<!-- \/ Yoast SEO Premium plugin. -->","yoast_head_json":{"title":"Une fiducie fonci\u00e8re pour les fermes commerciales urbaines ? - International Center for Community Land Trusts","robots":{"index":"index","follow":"follow","max-snippet":"max-snippet:-1","max-image-preview":"max-image-preview:large","max-video-preview":"max-video-preview:-1"},"canonical":"https:\/\/www.cltweb.org\/fr\/bibliotheque-de-ressources\/agriculture\/le-modele-du-serveur-central\/une-fiducie-fonciere-pour-les-fermes-commerciales-urbaines\/","og_locale":"fr_FR","og_type":"article","og_title":"Une fiducie fonci\u00e8re pour les fermes commerciales urbaines ?","og_description":"La d\u00e9tention de terres agricoles en fiducie est un compl\u00e9ment potentiel pour les mod\u00e8les d&#8217;agriculture urbaine \u00e0 but lucratif et entrepreneurial. Les responsables des fondations, en particulier, s&#8217;int\u00e9ressent \u00e0 la [&hellip;]","og_url":"https:\/\/www.cltweb.org\/fr\/bibliotheque-de-ressources\/agriculture\/le-modele-du-serveur-central\/une-fiducie-fonciere-pour-les-fermes-commerciales-urbaines\/","og_site_name":"International Center for Community Land Trusts","article_publisher":"https:\/\/www.facebook.com\/cltcenter","article_modified_time":"2025-02-03T19:54:32+00:00","twitter_card":"summary_large_image","twitter_site":"@Center4CLTs","twitter_misc":{"Dur\u00e9e de lecture estim\u00e9e":"2 minutes"},"schema":{"@context":"https:\/\/schema.org","@graph":[{"@type":"WebPage","@id":"https:\/\/www.cltweb.org\/fr\/bibliotheque-de-ressources\/agriculture\/le-modele-du-serveur-central\/une-fiducie-fonciere-pour-les-fermes-commerciales-urbaines\/","url":"https:\/\/www.cltweb.org\/fr\/bibliotheque-de-ressources\/agriculture\/le-modele-du-serveur-central\/une-fiducie-fonciere-pour-les-fermes-commerciales-urbaines\/","name":"Une fiducie fonci\u00e8re pour les fermes commerciales urbaines ? - International Center for Community Land Trusts","isPartOf":{"@id":"https:\/\/www.cltweb.org\/fr\/#website"},"datePublished":"2025-02-02T21:06:31+00:00","dateModified":"2025-02-03T19:54:32+00:00","breadcrumb":{"@id":"https:\/\/www.cltweb.org\/fr\/bibliotheque-de-ressources\/agriculture\/le-modele-du-serveur-central\/une-fiducie-fonciere-pour-les-fermes-commerciales-urbaines\/#breadcrumb"},"inLanguage":"fr-FR","potentialAction":[{"@type":"ReadAction","target":["https:\/\/www.cltweb.org\/fr\/bibliotheque-de-ressources\/agriculture\/le-modele-du-serveur-central\/une-fiducie-fonciere-pour-les-fermes-commerciales-urbaines\/"]}]},{"@type":"BreadcrumbList","@id":"https:\/\/www.cltweb.org\/fr\/bibliotheque-de-ressources\/agriculture\/le-modele-du-serveur-central\/une-fiducie-fonciere-pour-les-fermes-commerciales-urbaines\/#breadcrumb","itemListElement":[{"@type":"ListItem","position":1,"name":"Home","item":"https:\/\/www.cltweb.org\/fr\/"},{"@type":"ListItem","position":2,"name":"Biblioth\u00e8que de ressources","item":"https:\/\/www.cltweb.org\/fr\/bibliotheque-de-ressources\/"},{"@type":"ListItem","position":3,"name":"R\u00e9gime foncier pour l&#8217;agriculture urbaine","item":"https:\/\/www.cltweb.org\/fr\/bibliotheque-de-ressources\/agriculture\/"},{"@type":"ListItem","position":4,"name":"Le mod\u00e8le du serveur central","item":"https:\/\/www.cltweb.org\/fr\/bibliotheque-de-ressources\/agriculture\/le-modele-du-serveur-central\/"},{"@type":"ListItem","position":5,"name":"Une fiducie fonci\u00e8re pour les fermes commerciales urbaines ?"}]},{"@type":"WebSite","@id":"https:\/\/www.cltweb.org\/fr\/#website","url":"https:\/\/www.cltweb.org\/fr\/","name":"International Center for Community Land Trusts","description":"","publisher":{"@id":"https:\/\/www.cltweb.org\/fr\/#organization"},"potentialAction":[{"@type":"SearchAction","target":{"@type":"EntryPoint","urlTemplate":"https:\/\/www.cltweb.org\/fr\/?s={search_term_string}"},"query-input":{"@type":"PropertyValueSpecification","valueRequired":true,"valueName":"search_term_string"}}],"inLanguage":"fr-FR"},{"@type":"Organization","@id":"https:\/\/www.cltweb.org\/fr\/#organization","name":"International Center for Community Land Trusts","url":"https:\/\/www.cltweb.org\/fr\/","logo":{"@type":"ImageObject","inLanguage":"fr-FR","@id":"https:\/\/www.cltweb.org\/fr\/#\/schema\/logo\/image\/","url":"https:\/\/www.cltweb.org\/wp-content\/uploads\/2024\/11\/New-CLT-Center-Text-logo.png","contentUrl":"https:\/\/www.cltweb.org\/wp-content\/uploads\/2024\/11\/New-CLT-Center-Text-logo.png","width":227,"height":80,"caption":"International Center for Community Land Trusts"},"image":{"@id":"https:\/\/www.cltweb.org\/fr\/#\/schema\/logo\/image\/"},"sameAs":["https:\/\/www.facebook.com\/cltcenter","https:\/\/x.com\/Center4CLTs","https:\/\/www.instagram.com\/cltcenter\/","https:\/\/www.linkedin.com\/company\/cltcenter","https:\/\/www.youtube.com\/@centerforcltinnovation5313"],"description":"The International Center for Community Land Trusts is a not-for-profit nongovernmental organization established in 2018 to promote and to support community land trusts and similar strategies of community-led development on community-owned land in countries throughout the world.","email":"info@communitylandtrust.net","legalName":"International Center for Community Land Trusts","foundingDate":"2018-12-01","taxID":"84-3858933","numberOfEmployees":{"@type":"QuantitativeValue","minValue":"1","maxValue":"10"}}]}},"campaignId":"","taxonomy_info":{"category":[{"value":125,"label":"Agriculture"}]},"featured_image_src_large":false,"author_info":{"display_name":"cltredesign_0jp0l4","author_link":"https:\/\/www.cltweb.org\/fr\/author\/cltredesign_0jp0l4\/"},"comment_info":0,"jetpack_sharing_enabled":true,"jetpack-related-posts":[{"id":8761,"url":"https:\/\/www.cltweb.org\/fr\/bibliotheque-de-ressources\/agriculture\/le-modele-du-serveur-central\/etude-de-cas-neighborspace-chicago-il\/","url_meta":{"origin":8764,"position":0},"title":"\u00c9tude de cas : NeighborSpace (Chicago, IL)","author":"cltredesign_0jp0l4","date":"2 f\u00e9vrier 2025","format":false,"excerpt":"NeighborSpace est peut-\u00eatre l'organisation existante la plus proche de ce qui pourrait \u00eatre consid\u00e9r\u00e9 comme un mod\u00e8le de fiducie fonci\u00e8re \u00e0 serveur central pour l'agriculture urbaine. Un examen plus approfondi de l'histoire et de la structure de NeighborSpace montre comment un mod\u00e8le de serveur central pour l'agriculture urbaine pourrait \u00eatre\u2026","rel":"","context":"Dans &quot;Agriculture&quot;","block_context":{"text":"Agriculture","link":"https:\/\/www.cltweb.org\/fr\/category\/agriculture-fr\/"},"img":{"alt_text":"","src":"","width":0,"height":0},"classes":[]},{"id":8726,"url":"https:\/\/www.cltweb.org\/fr\/bibliotheque-de-ressources\/agriculture\/le-role-des-fiducies-foncieres\/fiducies-foncieres-de-lespace-ouvert\/","url_meta":{"origin":8764,"position":1},"title":"Fiducies fonci\u00e8res de l&#8217;espace ouvert","author":"cltredesign_0jp0l4","date":"2 f\u00e9vrier 2025","format":false,"excerpt":"Espace Voisin NeighborSpace est une fiducie fonci\u00e8re qui d\u00e9tient des terres pour des jardins communautaires et, de plus en plus, des fermes urbaines \u00e0 Chicago. Il a \u00e9t\u00e9 fond\u00e9 en 1996 en r\u00e9ponse \u00e0 une recommandation d'un rapport d'urbanisme selon lequel Chicago se classait au 18e rang des 20 grandes\u2026","rel":"","context":"Dans &quot;Agriculture&quot;","block_context":{"text":"Agriculture","link":"https:\/\/www.cltweb.org\/fr\/category\/agriculture-fr\/"},"img":{"alt_text":"","src":"","width":0,"height":0},"classes":[]},{"id":1648,"url":"https:\/\/www.cltweb.org\/fr\/bibliotheque-de-ressources\/agriculture\/questions-strategiques\/","url_meta":{"origin":8764,"position":2},"title":"Questions strat\u00e9giques","author":"cltredesign_0jp0l4","date":"29 juillet 2024","format":false,"excerpt":"Comment les terres seront-elles s\u00e9curis\u00e9es pour les agriculteurs ? Bien qu'il s'agisse de la question centrale \u00e0 laquelle doit r\u00e9pondre un mod\u00e8le foncier, nous ne nous attendons pas \u00e0 ce qu'il y ait une r\u00e9ponse unique. En effet, comme nous l'avons sugg\u00e9r\u00e9 dans la section pr\u00e9c\u00e9dente, les terres peuvent \u00eatre\u2026","rel":"","context":"Dans &quot;Agriculture&quot;","block_context":{"text":"Agriculture","link":"https:\/\/www.cltweb.org\/fr\/category\/agriculture-fr\/"},"img":{"alt_text":"","src":"","width":0,"height":0},"classes":[]},{"id":2857,"url":"https:\/\/www.cltweb.org\/fr\/bibliotheque-de-ressources\/agriculture\/concepts-cles\/proteger-les-terres-de-la-speculation\/","url_meta":{"origin":8764,"position":3},"title":"Prot\u00e9ger les terres de la sp\u00e9culation","author":"cltredesign_0jp0l4","date":"4 octobre 2024","format":false,"excerpt":"Si des terres abordables sont la cl\u00e9 d'une agriculture urbaine commercialement viable et impliqu\u00e9e dans la communaut\u00e9, la question est de savoir comment prot\u00e9ger l'accessibilit\u00e9 \u00e0 long terme. Cela signifie, d'une part, qu'il faut veiller \u00e0 ce que les exploitations agricoles urbaines ne soient pas d\u00e9plac\u00e9es par la hausse rapide\u2026","rel":"","context":"Article similaire","block_context":{"text":"Article similaire","link":""},"img":{"alt_text":"","src":"","width":0,"height":0},"classes":[]},{"id":1659,"url":"https:\/\/www.cltweb.org\/fr\/bibliotheque-de-ressources\/agriculture\/le-role-des-fiducies-foncieres\/","url_meta":{"origin":8764,"position":4},"title":"Le r\u00f4le des fiducies fonci\u00e8res","author":"cltredesign_0jp0l4","date":"29 juillet 2024","format":false,"excerpt":"Au cours des trente derni\u00e8res ann\u00e9es, la fiducie fonci\u00e8re s'est impos\u00e9e comme un mod\u00e8le privil\u00e9gi\u00e9 de d\u00e9tention de terres pour les jardins communautaires et les fermes urbaines. Cette \u00e9volution refl\u00e8te la convergence de deux tendances : la cr\u00e9ation de fiducies fonci\u00e8res sp\u00e9cialis\u00e9es dans les espaces ouverts afin de conserver les\u2026","rel":"","context":"Dans &quot;Agriculture&quot;","block_context":{"text":"Agriculture","link":"https:\/\/www.cltweb.org\/fr\/category\/agriculture-fr\/"},"img":{"alt_text":"","src":"https:\/\/i0.wp.com\/www.cltweb.org\/wp-content\/uploads\/2025\/02\/Urban-Farming-Map.jpg?resize=350%2C200&ssl=1","width":350,"height":200,"srcset":"https:\/\/i0.wp.com\/www.cltweb.org\/wp-content\/uploads\/2025\/02\/Urban-Farming-Map.jpg?resize=350%2C200&ssl=1 1x, https:\/\/i0.wp.com\/www.cltweb.org\/wp-content\/uploads\/2025\/02\/Urban-Farming-Map.jpg?resize=525%2C300&ssl=1 1.5x, https:\/\/i0.wp.com\/www.cltweb.org\/wp-content\/uploads\/2025\/02\/Urban-Farming-Map.jpg?resize=700%2C400&ssl=1 2x"},"classes":[]},{"id":1668,"url":"https:\/\/www.cltweb.org\/fr\/bibliotheque-de-ressources\/agriculture\/le-role-des-organisations-a-but-non-lucratif\/","url_meta":{"origin":8764,"position":5},"title":"Le r\u00f4le des organisations \u00e0 but non lucratif","author":"cltredesign_0jp0l4","date":"29 juillet 2024","format":false,"excerpt":"Comme dans d'autres domaines du d\u00e9veloppement \u00e9conomique communautaire, le secteur \u00e0 but non lucratif a un r\u00f4le particulier \u00e0 jouer lorsqu'il s'agit de donner un coup de fouet \u00e0 l'agriculture urbaine. L'agriculture urbaine est une approche relativement peu co\u00fbteuse de la revitalisation des communaut\u00e9s, le co\u00fbt de l'investissement \u00e9tant inf\u00e9rieur\u2026","rel":"","context":"Dans &quot;Agriculture&quot;","block_context":{"text":"Agriculture","link":"https:\/\/www.cltweb.org\/fr\/category\/agriculture-fr\/"},"img":{"alt_text":"","src":"","width":0,"height":0},"classes":[]}],"_links":{"self":[{"href":"https:\/\/www.cltweb.org\/fr\/wp-json\/wp\/v2\/pages\/8764","targetHints":{"allow":["GET"]}}],"collection":[{"href":"https:\/\/www.cltweb.org\/fr\/wp-json\/wp\/v2\/pages"}],"about":[{"href":"https:\/\/www.cltweb.org\/fr\/wp-json\/wp\/v2\/types\/page"}],"author":[{"embeddable":true,"href":"https:\/\/www.cltweb.org\/fr\/wp-json\/wp\/v2\/users\/1"}],"replies":[{"embeddable":true,"href":"https:\/\/www.cltweb.org\/fr\/wp-json\/wp\/v2\/comments?post=8764"}],"version-history":[{"count":2,"href":"https:\/\/www.cltweb.org\/fr\/wp-json\/wp\/v2\/pages\/8764\/revisions"}],"predecessor-version":[{"id":8953,"href":"https:\/\/www.cltweb.org\/fr\/wp-json\/wp\/v2\/pages\/8764\/revisions\/8953"}],"up":[{"embeddable":true,"href":"https:\/\/www.cltweb.org\/fr\/wp-json\/wp\/v2\/pages\/1658"}],"wp:attachment":[{"href":"https:\/\/www.cltweb.org\/fr\/wp-json\/wp\/v2\/media?parent=8764"}],"wp:term":[{"taxonomy":"category","embeddable":true,"href":"https:\/\/www.cltweb.org\/fr\/wp-json\/wp\/v2\/categories?post=8764"},{"taxonomy":"post_tag","embeddable":true,"href":"https:\/\/www.cltweb.org\/fr\/wp-json\/wp\/v2\/tags?post=8764"}],"curies":[{"name":"wp","href":"https:\/\/api.w.org\/{rel}","templated":true}]}}