{"id":8769,"date":"2025-02-02T21:07:13","date_gmt":"2025-02-02T21:07:13","guid":{"rendered":"https:\/\/www.cltweb.org\/bibliotheque-de-ressources\/agriculture\/le-modele-du-serveur-central\/meilleures-pratiques\/"},"modified":"2025-02-03T19:55:08","modified_gmt":"2025-02-03T19:55:08","slug":"meilleures-pratiques","status":"publish","type":"page","link":"https:\/\/www.cltweb.org\/fr\/bibliotheque-de-ressources\/agriculture\/le-modele-du-serveur-central\/meilleures-pratiques\/","title":{"rendered":"Meilleures pratiques"},"content":{"rendered":"\n<ul class=\"wp-block-list\">\n<li><strong>Encourager l&#8217;adh\u00e9sion des pouvoirs publics : <\/strong>La grande majorit\u00e9 des terres destin\u00e9es \u00e0 l&#8217;agriculture urbaine proviendront probablement du secteur public. En outre, des subventions publiques pour l&#8217;assainissement et les op\u00e9rations seront n\u00e9cessaires dans de nombreux cas, si ce n&#8217;est dans la plupart des cas. <\/li>\n\n\n\n<li><strong>S&#8217;engager avec les communaut\u00e9s :<\/strong> Le serveur central apporte un soutien essentiel aux projets d&#8217;agriculture urbaine organis\u00e9s par la communaut\u00e9, mais il ne dicte pas la mani\u00e8re dont la communaut\u00e9 doit g\u00e9rer les terres. L&#8217;engagement de la communaut\u00e9 dans la gouvernance du serveur central est \u00e9galement important pour l&#8217;adh\u00e9sion de la communaut\u00e9, mais peut \u00eatre en tension avec l&#8217;int\u00e9r\u00eat du gouvernement pour le contr\u00f4le des fonctions du serveur central. <\/li>\n\n\n\n<li><strong>Une r\u00e9partition claire des r\u00f4les et des responsabilit\u00e9s : <\/strong>Les r\u00f4les et les responsabilit\u00e9s doivent \u00eatre clairement r\u00e9partis entre le serveur central, le gouvernement, les organisations communautaires et les agriculteurs.<\/li>\n\n\n\n<li><strong>Propri\u00e9t\u00e9 fonci\u00e8re par le serveur central :<\/strong> La propri\u00e9t\u00e9 fonci\u00e8re peut g\u00e9n\u00e9ralement fonctionner de mani\u00e8re optimale avec le serveur central en tant qu&#8217;entit\u00e9 propri\u00e9taire, mais avec une option d&#8217;achat pour les entit\u00e9s locales (avec un retour au serveur central si l&#8217;entit\u00e9 satellite fait faillite).<\/li>\n\n\n\n<li><strong>Le serveur central s&#8217;occupe des d\u00e9tails techniques : <\/strong>Le serveur central doit accorder une attention particuli\u00e8re aux questions qui requi\u00e8rent une expertise technique d\u00e9passant celle des cultivateurs, et qui sont mieux r\u00e9alis\u00e9es gr\u00e2ce \u00e0 une relation continue entre l&#8217;entit\u00e9 propri\u00e9taire et le gouvernement, les banques fonci\u00e8res, etc. Cela inclut (mais n&#8217;est pas limit\u00e9 \u00e0) : \n<ul class=\"wp-block-list\">\n<li>Titre<\/li>\n\n\n\n<li>Assurance<\/li>\n\n\n\n<li>Pr\u00e9paration du terrain\/infrastructure &#8211; \u00e9valuation environnementale et assainissement, eau<\/li>\n\n\n\n<li>Fiscalit\u00e9 fonci\u00e8re<\/li>\n<\/ul>\n<\/li>\n\n\n\n<li><strong>Le serveur central favorise la communication et l&#8217;\u00e9ducation :<\/strong> Le serveur central peut permettre la communication et le partage d&#8217;informations entre les producteurs en ce qui concerne les meilleures pratiques.<\/li>\n\n\n\n<li><strong>Rechercher les possibilit\u00e9s de traitement de l&#8217;imp\u00f4t foncier : <\/strong>Le serveur central doit toujours rechercher le traitement le plus favorable en mati\u00e8re d&#8217;imp\u00f4ts fonciers afin de prot\u00e9ger l&#8217;accessibilit\u00e9 des terres agricoles urbaines. Dans certains cas, cela peut amener le serveur central \u00e0 conclure des accords de bail foncier \u00e0 long terme avec des entit\u00e9s publiques, en \u00e9change d&#8217;un certain contr\u00f4le et d&#8217;exon\u00e9rations de l&#8217;imp\u00f4t foncier. <\/li>\n<\/ul>\n","protected":false},"excerpt":{"rendered":"","protected":false},"author":1,"featured_media":0,"parent":1658,"menu_order":6,"comment_status":"closed","ping_status":"closed","template":"","meta":{"give_campaign_id":0,"_tec_requires_first_save":true,"_kad_blocks_custom_css":"","_kad_blocks_head_custom_js":"","_kad_blocks_body_custom_js":"","_kad_blocks_footer_custom_js":"","_EventAllDay":false,"_EventTimezone":"","_EventStartDate":"","_EventEndDate":"","_EventStartDateUTC":"","_EventEndDateUTC":"","_EventShowMap":false,"_EventShowMapLink":false,"_EventURL":"","_EventCost":"","_EventCostDescription":"","_EventCurrencySymbol":"","_EventCurrencyCode":"","_EventCurrencyPosition":"","_EventDateTimeSeparator":"","_EventTimeRangeSeparator":"","_EventOrganizerID":[],"_EventVenueID":[],"_OrganizerEmail":"","_OrganizerPhone":"","_OrganizerWebsite":"","_VenueAddress":"","_VenueCity":"","_VenueCountry":"","_VenueProvince":"","_VenueState":"","_VenueZip":"","_VenuePhone":"","_VenueURL":"","_VenueStateProvince":"","_VenueLat":"","_VenueLng":"","_VenueShowMap":false,"_VenueShowMapLink":false,"_tribe_blocks_recurrence_rules":"","_tribe_blocks_recurrence_description":"","_tribe_blocks_recurrence_exclusions":"","footnotes":""},"categories":[125],"tags":[],"class_list":["post-8769","page","type-page","status-publish","hentry","category-agriculture-fr"],"blocksy_meta":[],"yoast_head":"<!-- This site is optimized with the Yoast SEO Premium plugin v27.5 (Yoast SEO v27.5) - https:\/\/yoast.com\/product\/yoast-seo-premium-wordpress\/ -->\n<title>Meilleures pratiques - International Center for Community Land Trusts<\/title>\n<meta name=\"robots\" content=\"index, follow, max-snippet:-1, max-image-preview:large, max-video-preview:-1\" \/>\n<link rel=\"canonical\" href=\"https:\/\/www.cltweb.org\/fr\/bibliotheque-de-ressources\/agriculture\/le-modele-du-serveur-central\/meilleures-pratiques\/\" \/>\n<meta property=\"og:locale\" content=\"fr_FR\" \/>\n<meta property=\"og:type\" content=\"article\" \/>\n<meta property=\"og:title\" content=\"Meilleures pratiques\" \/>\n<meta property=\"og:url\" content=\"https:\/\/www.cltweb.org\/fr\/bibliotheque-de-ressources\/agriculture\/le-modele-du-serveur-central\/meilleures-pratiques\/\" \/>\n<meta property=\"og:site_name\" content=\"International Center for Community Land Trusts\" \/>\n<meta property=\"article:publisher\" content=\"https:\/\/www.facebook.com\/cltcenter\" \/>\n<meta property=\"article:modified_time\" content=\"2025-02-03T19:55:08+00:00\" \/>\n<meta name=\"twitter:card\" content=\"summary_large_image\" \/>\n<meta name=\"twitter:site\" content=\"@Center4CLTs\" \/>\n<meta name=\"twitter:label1\" content=\"Dur\u00e9e de lecture estim\u00e9e\" \/>\n\t<meta name=\"twitter:data1\" content=\"2 minutes\" \/>\n<script type=\"application\/ld+json\" class=\"yoast-schema-graph\">{\"@context\":\"https:\\\/\\\/schema.org\",\"@graph\":[{\"@type\":\"WebPage\",\"@id\":\"https:\\\/\\\/www.cltweb.org\\\/fr\\\/bibliotheque-de-ressources\\\/agriculture\\\/le-modele-du-serveur-central\\\/meilleures-pratiques\\\/\",\"url\":\"https:\\\/\\\/www.cltweb.org\\\/fr\\\/bibliotheque-de-ressources\\\/agriculture\\\/le-modele-du-serveur-central\\\/meilleures-pratiques\\\/\",\"name\":\"Meilleures pratiques - International Center for Community Land Trusts\",\"isPartOf\":{\"@id\":\"https:\\\/\\\/www.cltweb.org\\\/fr\\\/#website\"},\"datePublished\":\"2025-02-02T21:07:13+00:00\",\"dateModified\":\"2025-02-03T19:55:08+00:00\",\"breadcrumb\":{\"@id\":\"https:\\\/\\\/www.cltweb.org\\\/fr\\\/bibliotheque-de-ressources\\\/agriculture\\\/le-modele-du-serveur-central\\\/meilleures-pratiques\\\/#breadcrumb\"},\"inLanguage\":\"fr-FR\",\"potentialAction\":[{\"@type\":\"ReadAction\",\"target\":[\"https:\\\/\\\/www.cltweb.org\\\/fr\\\/bibliotheque-de-ressources\\\/agriculture\\\/le-modele-du-serveur-central\\\/meilleures-pratiques\\\/\"]}]},{\"@type\":\"BreadcrumbList\",\"@id\":\"https:\\\/\\\/www.cltweb.org\\\/fr\\\/bibliotheque-de-ressources\\\/agriculture\\\/le-modele-du-serveur-central\\\/meilleures-pratiques\\\/#breadcrumb\",\"itemListElement\":[{\"@type\":\"ListItem\",\"position\":1,\"name\":\"Home\",\"item\":\"https:\\\/\\\/www.cltweb.org\\\/fr\\\/\"},{\"@type\":\"ListItem\",\"position\":2,\"name\":\"Biblioth\u00e8que de ressources\",\"item\":\"https:\\\/\\\/www.cltweb.org\\\/fr\\\/bibliotheque-de-ressources\\\/\"},{\"@type\":\"ListItem\",\"position\":3,\"name\":\"R\u00e9gime foncier pour l&#8217;agriculture urbaine\",\"item\":\"https:\\\/\\\/www.cltweb.org\\\/fr\\\/bibliotheque-de-ressources\\\/agriculture\\\/\"},{\"@type\":\"ListItem\",\"position\":4,\"name\":\"Le mod\u00e8le du serveur central\",\"item\":\"https:\\\/\\\/www.cltweb.org\\\/fr\\\/bibliotheque-de-ressources\\\/agriculture\\\/le-modele-du-serveur-central\\\/\"},{\"@type\":\"ListItem\",\"position\":5,\"name\":\"Meilleures pratiques\"}]},{\"@type\":\"WebSite\",\"@id\":\"https:\\\/\\\/www.cltweb.org\\\/fr\\\/#website\",\"url\":\"https:\\\/\\\/www.cltweb.org\\\/fr\\\/\",\"name\":\"International Center for Community Land Trusts\",\"description\":\"\",\"publisher\":{\"@id\":\"https:\\\/\\\/www.cltweb.org\\\/fr\\\/#organization\"},\"potentialAction\":[{\"@type\":\"SearchAction\",\"target\":{\"@type\":\"EntryPoint\",\"urlTemplate\":\"https:\\\/\\\/www.cltweb.org\\\/fr\\\/?s={search_term_string}\"},\"query-input\":{\"@type\":\"PropertyValueSpecification\",\"valueRequired\":true,\"valueName\":\"search_term_string\"}}],\"inLanguage\":\"fr-FR\"},{\"@type\":\"Organization\",\"@id\":\"https:\\\/\\\/www.cltweb.org\\\/fr\\\/#organization\",\"name\":\"International Center for Community Land Trusts\",\"url\":\"https:\\\/\\\/www.cltweb.org\\\/fr\\\/\",\"logo\":{\"@type\":\"ImageObject\",\"inLanguage\":\"fr-FR\",\"@id\":\"https:\\\/\\\/www.cltweb.org\\\/fr\\\/#\\\/schema\\\/logo\\\/image\\\/\",\"url\":\"https:\\\/\\\/www.cltweb.org\\\/wp-content\\\/uploads\\\/2024\\\/11\\\/New-CLT-Center-Text-logo.png\",\"contentUrl\":\"https:\\\/\\\/www.cltweb.org\\\/wp-content\\\/uploads\\\/2024\\\/11\\\/New-CLT-Center-Text-logo.png\",\"width\":227,\"height\":80,\"caption\":\"International Center for Community Land Trusts\"},\"image\":{\"@id\":\"https:\\\/\\\/www.cltweb.org\\\/fr\\\/#\\\/schema\\\/logo\\\/image\\\/\"},\"sameAs\":[\"https:\\\/\\\/www.facebook.com\\\/cltcenter\",\"https:\\\/\\\/x.com\\\/Center4CLTs\",\"https:\\\/\\\/www.instagram.com\\\/cltcenter\\\/\",\"https:\\\/\\\/www.linkedin.com\\\/company\\\/cltcenter\",\"https:\\\/\\\/www.youtube.com\\\/@centerforcltinnovation5313\"],\"description\":\"The International Center for Community Land Trusts is a not-for-profit nongovernmental organization established in 2018 to promote and to support community land trusts and similar strategies of community-led development on community-owned land in countries throughout the world.\",\"email\":\"info@communitylandtrust.net\",\"legalName\":\"International Center for Community Land Trusts\",\"foundingDate\":\"2018-12-01\",\"taxID\":\"84-3858933\",\"numberOfEmployees\":{\"@type\":\"QuantitativeValue\",\"minValue\":\"1\",\"maxValue\":\"10\"}}]}<\/script>\n<!-- \/ Yoast SEO Premium plugin. -->","yoast_head_json":{"title":"Meilleures pratiques - International Center for Community Land Trusts","robots":{"index":"index","follow":"follow","max-snippet":"max-snippet:-1","max-image-preview":"max-image-preview:large","max-video-preview":"max-video-preview:-1"},"canonical":"https:\/\/www.cltweb.org\/fr\/bibliotheque-de-ressources\/agriculture\/le-modele-du-serveur-central\/meilleures-pratiques\/","og_locale":"fr_FR","og_type":"article","og_title":"Meilleures pratiques","og_url":"https:\/\/www.cltweb.org\/fr\/bibliotheque-de-ressources\/agriculture\/le-modele-du-serveur-central\/meilleures-pratiques\/","og_site_name":"International Center for Community Land Trusts","article_publisher":"https:\/\/www.facebook.com\/cltcenter","article_modified_time":"2025-02-03T19:55:08+00:00","twitter_card":"summary_large_image","twitter_site":"@Center4CLTs","twitter_misc":{"Dur\u00e9e de lecture estim\u00e9e":"2 minutes"},"schema":{"@context":"https:\/\/schema.org","@graph":[{"@type":"WebPage","@id":"https:\/\/www.cltweb.org\/fr\/bibliotheque-de-ressources\/agriculture\/le-modele-du-serveur-central\/meilleures-pratiques\/","url":"https:\/\/www.cltweb.org\/fr\/bibliotheque-de-ressources\/agriculture\/le-modele-du-serveur-central\/meilleures-pratiques\/","name":"Meilleures pratiques - International Center for Community Land Trusts","isPartOf":{"@id":"https:\/\/www.cltweb.org\/fr\/#website"},"datePublished":"2025-02-02T21:07:13+00:00","dateModified":"2025-02-03T19:55:08+00:00","breadcrumb":{"@id":"https:\/\/www.cltweb.org\/fr\/bibliotheque-de-ressources\/agriculture\/le-modele-du-serveur-central\/meilleures-pratiques\/#breadcrumb"},"inLanguage":"fr-FR","potentialAction":[{"@type":"ReadAction","target":["https:\/\/www.cltweb.org\/fr\/bibliotheque-de-ressources\/agriculture\/le-modele-du-serveur-central\/meilleures-pratiques\/"]}]},{"@type":"BreadcrumbList","@id":"https:\/\/www.cltweb.org\/fr\/bibliotheque-de-ressources\/agriculture\/le-modele-du-serveur-central\/meilleures-pratiques\/#breadcrumb","itemListElement":[{"@type":"ListItem","position":1,"name":"Home","item":"https:\/\/www.cltweb.org\/fr\/"},{"@type":"ListItem","position":2,"name":"Biblioth\u00e8que de ressources","item":"https:\/\/www.cltweb.org\/fr\/bibliotheque-de-ressources\/"},{"@type":"ListItem","position":3,"name":"R\u00e9gime foncier pour l&#8217;agriculture urbaine","item":"https:\/\/www.cltweb.org\/fr\/bibliotheque-de-ressources\/agriculture\/"},{"@type":"ListItem","position":4,"name":"Le mod\u00e8le du serveur central","item":"https:\/\/www.cltweb.org\/fr\/bibliotheque-de-ressources\/agriculture\/le-modele-du-serveur-central\/"},{"@type":"ListItem","position":5,"name":"Meilleures pratiques"}]},{"@type":"WebSite","@id":"https:\/\/www.cltweb.org\/fr\/#website","url":"https:\/\/www.cltweb.org\/fr\/","name":"International Center for Community Land Trusts","description":"","publisher":{"@id":"https:\/\/www.cltweb.org\/fr\/#organization"},"potentialAction":[{"@type":"SearchAction","target":{"@type":"EntryPoint","urlTemplate":"https:\/\/www.cltweb.org\/fr\/?s={search_term_string}"},"query-input":{"@type":"PropertyValueSpecification","valueRequired":true,"valueName":"search_term_string"}}],"inLanguage":"fr-FR"},{"@type":"Organization","@id":"https:\/\/www.cltweb.org\/fr\/#organization","name":"International Center for Community Land Trusts","url":"https:\/\/www.cltweb.org\/fr\/","logo":{"@type":"ImageObject","inLanguage":"fr-FR","@id":"https:\/\/www.cltweb.org\/fr\/#\/schema\/logo\/image\/","url":"https:\/\/www.cltweb.org\/wp-content\/uploads\/2024\/11\/New-CLT-Center-Text-logo.png","contentUrl":"https:\/\/www.cltweb.org\/wp-content\/uploads\/2024\/11\/New-CLT-Center-Text-logo.png","width":227,"height":80,"caption":"International Center for Community Land Trusts"},"image":{"@id":"https:\/\/www.cltweb.org\/fr\/#\/schema\/logo\/image\/"},"sameAs":["https:\/\/www.facebook.com\/cltcenter","https:\/\/x.com\/Center4CLTs","https:\/\/www.instagram.com\/cltcenter\/","https:\/\/www.linkedin.com\/company\/cltcenter","https:\/\/www.youtube.com\/@centerforcltinnovation5313"],"description":"The International Center for Community Land Trusts is a not-for-profit nongovernmental organization established in 2018 to promote and to support community land trusts and similar strategies of community-led development on community-owned land in countries throughout the world.","email":"info@communitylandtrust.net","legalName":"International Center for Community Land Trusts","foundingDate":"2018-12-01","taxID":"84-3858933","numberOfEmployees":{"@type":"QuantitativeValue","minValue":"1","maxValue":"10"}}]}},"campaignId":"","taxonomy_info":{"category":[{"value":125,"label":"Agriculture"}]},"featured_image_src_large":false,"author_info":{"display_name":"cltredesign_0jp0l4","author_link":"https:\/\/www.cltweb.org\/fr\/author\/cltredesign_0jp0l4\/"},"comment_info":0,"jetpack_sharing_enabled":true,"jetpack-related-posts":[{"id":8750,"url":"https:\/\/www.cltweb.org\/fr\/bibliotheque-de-ressources\/agriculture\/le-modele-du-serveur-central\/satellites-de-quartier\/","url_meta":{"origin":8769,"position":0},"title":"Satellites de quartier","author":"cltredesign_0jp0l4","date":"2 f\u00e9vrier 2025","format":false,"excerpt":"Les organisations satellites sont la voix de la communaut\u00e9. Il peut s'agir d'organisations \u00e0 but non lucratif existantes (soci\u00e9t\u00e9s de d\u00e9veloppement communautaire, fiducies fonci\u00e8res communautaires, etc.), de nouvelles entreprises ou d'entit\u00e9s plus informelles. Ce qu'elles ont en commun, c'est la capacit\u00e9 de s'exprimer au nom des quartiers dans lesquels elles\u2026","rel":"","context":"Article similaire","block_context":{"text":"Article similaire","link":""},"img":{"alt_text":"","src":"","width":0,"height":0},"classes":[]},{"id":8719,"url":"https:\/\/www.cltweb.org\/fr\/bibliotheque-de-ressources\/agriculture\/concepts-cles\/lagriculture-engagee-dans-la-communaute\/","url_meta":{"origin":8769,"position":1},"title":"L&#8217;agriculture engag\u00e9e dans la communaut\u00e9","author":"cltredesign_0jp0l4","date":"2 f\u00e9vrier 2025","format":false,"excerpt":"En dehors des villes, les agriculteurs peuvent travailler leurs terres sans trop se soucier de leurs voisins. Mais en milieu urbain, les voisins sont beaucoup plus proches - les agriculteurs urbains seront probablement soumis \u00e0 de fortes pressions pour \u00eatre de bons membres de la communaut\u00e9. En s'engageant activement aupr\u00e8s\u2026","rel":"","context":"Dans &quot;Agriculture&quot;","block_context":{"text":"Agriculture","link":"https:\/\/www.cltweb.org\/fr\/category\/agriculture-fr\/"},"img":{"alt_text":"","src":"","width":0,"height":0},"classes":[]},{"id":8761,"url":"https:\/\/www.cltweb.org\/fr\/bibliotheque-de-ressources\/agriculture\/le-modele-du-serveur-central\/etude-de-cas-neighborspace-chicago-il\/","url_meta":{"origin":8769,"position":2},"title":"\u00c9tude de cas : NeighborSpace (Chicago, IL)","author":"cltredesign_0jp0l4","date":"2 f\u00e9vrier 2025","format":false,"excerpt":"NeighborSpace est peut-\u00eatre l'organisation existante la plus proche de ce qui pourrait \u00eatre consid\u00e9r\u00e9 comme un mod\u00e8le de fiducie fonci\u00e8re \u00e0 serveur central pour l'agriculture urbaine. Un examen plus approfondi de l'histoire et de la structure de NeighborSpace montre comment un mod\u00e8le de serveur central pour l'agriculture urbaine pourrait \u00eatre\u2026","rel":"","context":"Dans &quot;Agriculture&quot;","block_context":{"text":"Agriculture","link":"https:\/\/www.cltweb.org\/fr\/category\/agriculture-fr\/"},"img":{"alt_text":"","src":"","width":0,"height":0},"classes":[]},{"id":8731,"url":"https:\/\/www.cltweb.org\/fr\/bibliotheque-de-ressources\/agriculture\/le-role-des-fiducies-foncieres\/fonds-fonciers-communautaires\/","url_meta":{"origin":8769,"position":3},"title":"Fonds fonciers communautaires","author":"cltredesign_0jp0l4","date":"2 f\u00e9vrier 2025","format":false,"excerpt":"Depuis les ann\u00e9es 1960, le Community Land Trust a \u00e9t\u00e9 d\u00e9velopp\u00e9 pour soutenir le logement abordable aux \u00c9tats-Unis. Dans le secteur du logement, le mod\u00e8le CLT combine deux innovations fondamentales en mati\u00e8re de gouvernance fonci\u00e8re. La premi\u00e8re innovation consiste \u00e0 s\u00e9parer la propri\u00e9t\u00e9 d'un logement de la propri\u00e9t\u00e9 du terrain\u2026","rel":"","context":"Article similaire","block_context":{"text":"Article similaire","link":""},"img":{"alt_text":"","src":"","width":0,"height":0},"classes":[]},{"id":8755,"url":"https:\/\/www.cltweb.org\/fr\/bibliotheque-de-ressources\/agriculture\/le-modele-du-serveur-central\/a-qui-appartient-la-terre\/","url_meta":{"origin":8769,"position":4},"title":"\u00c0 qui appartient la terre ?","author":"cltredesign_0jp0l4","date":"2 f\u00e9vrier 2025","format":false,"excerpt":"Pour les impl\u00e9mentations du serveur central \u00e0 Atlanta et \u00e0 la Nouvelle-Orl\u00e9ans, ce sont les entit\u00e9s satellites qui \u00e9taient cens\u00e9es \u00eatre les entit\u00e9s d\u00e9tentrices des terres. Toutefois, dans un contexte d'agriculture urbaine, il est probablement plus logique que l'entit\u00e9 du serveur central soit l'entit\u00e9 d\u00e9tentrice des terres. C'est l'approche que\u2026","rel":"","context":"Dans &quot;Agriculture&quot;","block_context":{"text":"Agriculture","link":"https:\/\/www.cltweb.org\/fr\/category\/agriculture-fr\/"},"img":{"alt_text":"","src":"","width":0,"height":0},"classes":[]},{"id":2857,"url":"https:\/\/www.cltweb.org\/fr\/bibliotheque-de-ressources\/agriculture\/concepts-cles\/proteger-les-terres-de-la-speculation\/","url_meta":{"origin":8769,"position":5},"title":"Prot\u00e9ger les terres de la sp\u00e9culation","author":"cltredesign_0jp0l4","date":"4 octobre 2024","format":false,"excerpt":"Si des terres abordables sont la cl\u00e9 d'une agriculture urbaine commercialement viable et impliqu\u00e9e dans la communaut\u00e9, la question est de savoir comment prot\u00e9ger l'accessibilit\u00e9 \u00e0 long terme. Cela signifie, d'une part, qu'il faut veiller \u00e0 ce que les exploitations agricoles urbaines ne soient pas d\u00e9plac\u00e9es par la hausse rapide\u2026","rel":"","context":"Article similaire","block_context":{"text":"Article similaire","link":""},"img":{"alt_text":"","src":"","width":0,"height":0},"classes":[]}],"_links":{"self":[{"href":"https:\/\/www.cltweb.org\/fr\/wp-json\/wp\/v2\/pages\/8769","targetHints":{"allow":["GET"]}}],"collection":[{"href":"https:\/\/www.cltweb.org\/fr\/wp-json\/wp\/v2\/pages"}],"about":[{"href":"https:\/\/www.cltweb.org\/fr\/wp-json\/wp\/v2\/types\/page"}],"author":[{"embeddable":true,"href":"https:\/\/www.cltweb.org\/fr\/wp-json\/wp\/v2\/users\/1"}],"replies":[{"embeddable":true,"href":"https:\/\/www.cltweb.org\/fr\/wp-json\/wp\/v2\/comments?post=8769"}],"version-history":[{"count":2,"href":"https:\/\/www.cltweb.org\/fr\/wp-json\/wp\/v2\/pages\/8769\/revisions"}],"predecessor-version":[{"id":8958,"href":"https:\/\/www.cltweb.org\/fr\/wp-json\/wp\/v2\/pages\/8769\/revisions\/8958"}],"up":[{"embeddable":true,"href":"https:\/\/www.cltweb.org\/fr\/wp-json\/wp\/v2\/pages\/1658"}],"wp:attachment":[{"href":"https:\/\/www.cltweb.org\/fr\/wp-json\/wp\/v2\/media?parent=8769"}],"wp:term":[{"taxonomy":"category","embeddable":true,"href":"https:\/\/www.cltweb.org\/fr\/wp-json\/wp\/v2\/categories?post=8769"},{"taxonomy":"post_tag","embeddable":true,"href":"https:\/\/www.cltweb.org\/fr\/wp-json\/wp\/v2\/tags?post=8769"}],"curies":[{"name":"wp","href":"https:\/\/api.w.org\/{rel}","templated":true}]}}