{"id":8776,"date":"2025-02-02T21:11:09","date_gmt":"2025-02-02T21:11:09","guid":{"rendered":"https:\/\/www.cltweb.org\/bibliotheque-de-ressources\/agriculture\/ressources-complementaires\/etudes-de-cas-clt\/"},"modified":"2025-02-03T20:14:34","modified_gmt":"2025-02-03T20:14:34","slug":"etudes-de-cas-clt","status":"publish","type":"page","link":"https:\/\/www.cltweb.org\/fr\/bibliotheque-de-ressources\/agriculture\/ressources-complementaires\/etudes-de-cas-clt\/","title":{"rendered":"\u00c9tudes de cas CLT"},"content":{"rendered":"\n<h3 class=\"wp-block-heading\" id=\"h-urban-agriculture-and-community-land-trusts\">Agriculture urbaine et fonds fonciers communautaires<\/h3>\n\n<p>Ce projet d&#8217;\u00e9tude de cas du National Community Land Trust Network (aujourd&#8217;hui <a href=\"https:\/\/groundedsolutions.org\/\" target=\"_blank\" rel=\"noreferrer noopener\">Grounded Solutions Network<\/a>) a \u00e9t\u00e9 dirig\u00e9 par Jeffrey Yuen, avec l&#8217;aide de Greg Rosenberg.<\/p>\n\n<ul class=\"wp-block-list\">\n<li><a href=\"https:\/\/drive.google.com\/file\/d\/0B-QVTxoYndp3eWJZXzF2MzRtV0E\/view?usp=sharing&amp;resourcekey=0-EpalOj29ARtDGlwaj0uOBw\" target=\"_blank\" rel=\"noreferrer noopener\">Athens Land Trust<\/a><\/li>\n\n\n\n<li><a href=\"https:\/\/drive.google.com\/file\/d\/0B-QVTxoYndp3WElvVEhjSEJvSjQ\/view?usp=sharing&amp;resourcekey=0-jKJg0PGCM56frDQ97H1R-w\" target=\"_blank\" rel=\"noreferrer noopener\">Logement de la communaut\u00e9 eccl\u00e9siale<\/a><\/li>\n\n\n\n<li><a href=\"https:\/\/drive.google.com\/file\/d\/0B-QVTxoYndp3Q3ZjbzVkaFZfWmM\/view?usp=sharing&amp;resourcekey=0-Q5t5iK2m4NoFPXV_YsP63A\" target=\"_blank\" rel=\"noreferrer noopener\">Dudley Neighbors Inc.<\/a><\/li>\n\n\n\n<li><a href=\"https:\/\/drive.google.com\/file\/d\/0B-QVTxoYndp3X3hFUGVZYnhrVTQ\/view?usp=sharing&amp;resourcekey=0-EhM7j2cyOwtAUziaRV-SJQ\" target=\"_blank\" rel=\"noreferrer noopener\">Fonds foncier communautaire de Durham<\/a><\/li>\n\n\n\n<li><a href=\"https:\/\/drive.google.com\/file\/d\/0B-QVTxoYndp3c1prNmtleGVtMzg\/view?usp=sharing&amp;resourcekey=0-B-DeMjkUpL6QJqyOMkE6wA\" target=\"_blank\" rel=\"noreferrer noopener\">Fonds foncier communautaire de Kulshan<\/a><\/li>\n\n\n\n<li><a href=\"https:\/\/drive.google.com\/file\/d\/0B-QVTxoYndp3TjZHQWZmSVlLUm8\/view?usp=sharing&amp;resourcekey=0-dtO8CAQhX27t7DvANGETVw\" target=\"_blank\" rel=\"noreferrer noopener\">Lopez Community Land Trust<\/a><\/li>\n\n\n\n<li><a href=\"https:\/\/drive.google.com\/file\/d\/0B-QVTxoYndp3UGk1Tk0zLTFGN1k\/view?usp=sharing&amp;resourcekey=0-5pWkJ3VWMdnVSA_f2hZqAQ\" target=\"_blank\" rel=\"noreferrer noopener\">Madison Area Community Land Trust (Fonds foncier communautaire de la r\u00e9gion de Madison)<\/a><\/li>\n\n\n\n<li><a href=\"https:\/\/drive.google.com\/file\/d\/0B-QVTxoYndp3UndRQnFYNmVxQWM\/view?usp=sharing&amp;resourcekey=0-q8NnWkeGExaGSkafUoesHQ\" target=\"_blank\" rel=\"noreferrer noopener\">Sawmill Community Land Trust<\/a><\/li>\n\n\n\n<li><a href=\"https:\/\/drive.google.com\/file\/d\/0B-QVTxoYndp3ZHRJN0tvMVQxcFU\/view?usp=sharing&amp;resourcekey=0-KhcxH34bRC5JEVAohlaCmQ\" target=\"_blank\" rel=\"noreferrer noopener\">Southside Community Land Trust (Fonds foncier communautaire)<\/a><\/li>\n<\/ul>\n\n<p><\/p>\n","protected":false},"excerpt":{"rendered":"<p>Agriculture urbaine et fonds fonciers communautaires Ce projet d&#8217;\u00e9tude de cas du National Community Land Trust Network (aujourd&#8217;hui Grounded Solutions Network) a \u00e9t\u00e9 dirig\u00e9 par Jeffrey Yuen, avec l&#8217;aide de [&hellip;]<\/p>\n","protected":false},"author":1,"featured_media":0,"parent":1649,"menu_order":1,"comment_status":"closed","ping_status":"closed","template":"","meta":{"give_campaign_id":0,"_tec_requires_first_save":true,"_kad_blocks_custom_css":"","_kad_blocks_head_custom_js":"","_kad_blocks_body_custom_js":"","_kad_blocks_footer_custom_js":"","_EventAllDay":false,"_EventTimezone":"","_EventStartDate":"","_EventEndDate":"","_EventStartDateUTC":"","_EventEndDateUTC":"","_EventShowMap":false,"_EventShowMapLink":false,"_EventURL":"","_EventCost":"","_EventCostDescription":"","_EventCurrencySymbol":"","_EventCurrencyCode":"","_EventCurrencyPosition":"","_EventDateTimeSeparator":"","_EventTimeRangeSeparator":"","_EventOrganizerID":[],"_EventVenueID":[],"_OrganizerEmail":"","_OrganizerPhone":"","_OrganizerWebsite":"","_VenueAddress":"","_VenueCity":"","_VenueCountry":"","_VenueProvince":"","_VenueState":"","_VenueZip":"","_VenuePhone":"","_VenueURL":"","_VenueStateProvince":"","_VenueLat":"","_VenueLng":"","_VenueShowMap":false,"_VenueShowMapLink":false,"_tribe_blocks_recurrence_rules":"","_tribe_blocks_recurrence_description":"","_tribe_blocks_recurrence_exclusions":"","footnotes":""},"categories":[125],"tags":[],"class_list":["post-8776","page","type-page","status-publish","hentry","category-agriculture-fr"],"blocksy_meta":[],"yoast_head":"<!-- This site is optimized with the Yoast SEO Premium plugin v27.5 (Yoast SEO v27.5) - https:\/\/yoast.com\/product\/yoast-seo-premium-wordpress\/ -->\n<title>\u00c9tudes de cas CLT - International Center for Community Land Trusts<\/title>\n<meta name=\"robots\" content=\"index, follow, max-snippet:-1, max-image-preview:large, max-video-preview:-1\" \/>\n<link rel=\"canonical\" href=\"https:\/\/www.cltweb.org\/fr\/bibliotheque-de-ressources\/agriculture\/ressources-complementaires\/etudes-de-cas-clt\/\" \/>\n<meta property=\"og:locale\" content=\"fr_FR\" \/>\n<meta property=\"og:type\" content=\"article\" \/>\n<meta property=\"og:title\" content=\"\u00c9tudes de cas CLT\" \/>\n<meta property=\"og:description\" content=\"Agriculture urbaine et fonds fonciers communautaires Ce projet d&#8217;\u00e9tude de cas du National Community Land Trust Network (aujourd&#8217;hui Grounded Solutions Network) a \u00e9t\u00e9 dirig\u00e9 par Jeffrey Yuen, avec l&#8217;aide de [&hellip;]\" \/>\n<meta property=\"og:url\" content=\"https:\/\/www.cltweb.org\/fr\/bibliotheque-de-ressources\/agriculture\/ressources-complementaires\/etudes-de-cas-clt\/\" \/>\n<meta property=\"og:site_name\" content=\"International Center for Community Land Trusts\" \/>\n<meta property=\"article:publisher\" content=\"https:\/\/www.facebook.com\/cltcenter\" \/>\n<meta property=\"article:modified_time\" content=\"2025-02-03T20:14:34+00:00\" \/>\n<meta name=\"twitter:card\" content=\"summary_large_image\" \/>\n<meta name=\"twitter:site\" content=\"@Center4CLTs\" \/>\n<script type=\"application\/ld+json\" class=\"yoast-schema-graph\">{\"@context\":\"https:\\\/\\\/schema.org\",\"@graph\":[{\"@type\":\"WebPage\",\"@id\":\"https:\\\/\\\/www.cltweb.org\\\/fr\\\/bibliotheque-de-ressources\\\/agriculture\\\/ressources-complementaires\\\/etudes-de-cas-clt\\\/\",\"url\":\"https:\\\/\\\/www.cltweb.org\\\/fr\\\/bibliotheque-de-ressources\\\/agriculture\\\/ressources-complementaires\\\/etudes-de-cas-clt\\\/\",\"name\":\"\u00c9tudes de cas CLT - International Center for Community Land Trusts\",\"isPartOf\":{\"@id\":\"https:\\\/\\\/www.cltweb.org\\\/fr\\\/#website\"},\"datePublished\":\"2025-02-02T21:11:09+00:00\",\"dateModified\":\"2025-02-03T20:14:34+00:00\",\"breadcrumb\":{\"@id\":\"https:\\\/\\\/www.cltweb.org\\\/fr\\\/bibliotheque-de-ressources\\\/agriculture\\\/ressources-complementaires\\\/etudes-de-cas-clt\\\/#breadcrumb\"},\"inLanguage\":\"fr-FR\",\"potentialAction\":[{\"@type\":\"ReadAction\",\"target\":[\"https:\\\/\\\/www.cltweb.org\\\/fr\\\/bibliotheque-de-ressources\\\/agriculture\\\/ressources-complementaires\\\/etudes-de-cas-clt\\\/\"]}]},{\"@type\":\"BreadcrumbList\",\"@id\":\"https:\\\/\\\/www.cltweb.org\\\/fr\\\/bibliotheque-de-ressources\\\/agriculture\\\/ressources-complementaires\\\/etudes-de-cas-clt\\\/#breadcrumb\",\"itemListElement\":[{\"@type\":\"ListItem\",\"position\":1,\"name\":\"Home\",\"item\":\"https:\\\/\\\/www.cltweb.org\\\/fr\\\/\"},{\"@type\":\"ListItem\",\"position\":2,\"name\":\"Biblioth\u00e8que de ressources\",\"item\":\"https:\\\/\\\/www.cltweb.org\\\/fr\\\/bibliotheque-de-ressources\\\/\"},{\"@type\":\"ListItem\",\"position\":3,\"name\":\"R\u00e9gime foncier pour l&#8217;agriculture urbaine\",\"item\":\"https:\\\/\\\/www.cltweb.org\\\/fr\\\/bibliotheque-de-ressources\\\/agriculture\\\/\"},{\"@type\":\"ListItem\",\"position\":4,\"name\":\"Ressources compl\u00e9mentaires\",\"item\":\"https:\\\/\\\/www.cltweb.org\\\/fr\\\/bibliotheque-de-ressources\\\/agriculture\\\/ressources-complementaires\\\/\"},{\"@type\":\"ListItem\",\"position\":5,\"name\":\"\u00c9tudes de cas CLT\"}]},{\"@type\":\"WebSite\",\"@id\":\"https:\\\/\\\/www.cltweb.org\\\/fr\\\/#website\",\"url\":\"https:\\\/\\\/www.cltweb.org\\\/fr\\\/\",\"name\":\"International Center for Community Land Trusts\",\"description\":\"\",\"publisher\":{\"@id\":\"https:\\\/\\\/www.cltweb.org\\\/fr\\\/#organization\"},\"potentialAction\":[{\"@type\":\"SearchAction\",\"target\":{\"@type\":\"EntryPoint\",\"urlTemplate\":\"https:\\\/\\\/www.cltweb.org\\\/fr\\\/?s={search_term_string}\"},\"query-input\":{\"@type\":\"PropertyValueSpecification\",\"valueRequired\":true,\"valueName\":\"search_term_string\"}}],\"inLanguage\":\"fr-FR\"},{\"@type\":\"Organization\",\"@id\":\"https:\\\/\\\/www.cltweb.org\\\/fr\\\/#organization\",\"name\":\"International Center for Community Land Trusts\",\"url\":\"https:\\\/\\\/www.cltweb.org\\\/fr\\\/\",\"logo\":{\"@type\":\"ImageObject\",\"inLanguage\":\"fr-FR\",\"@id\":\"https:\\\/\\\/www.cltweb.org\\\/fr\\\/#\\\/schema\\\/logo\\\/image\\\/\",\"url\":\"https:\\\/\\\/www.cltweb.org\\\/wp-content\\\/uploads\\\/2024\\\/11\\\/New-CLT-Center-Text-logo.png\",\"contentUrl\":\"https:\\\/\\\/www.cltweb.org\\\/wp-content\\\/uploads\\\/2024\\\/11\\\/New-CLT-Center-Text-logo.png\",\"width\":227,\"height\":80,\"caption\":\"International Center for Community Land Trusts\"},\"image\":{\"@id\":\"https:\\\/\\\/www.cltweb.org\\\/fr\\\/#\\\/schema\\\/logo\\\/image\\\/\"},\"sameAs\":[\"https:\\\/\\\/www.facebook.com\\\/cltcenter\",\"https:\\\/\\\/x.com\\\/Center4CLTs\",\"https:\\\/\\\/www.instagram.com\\\/cltcenter\\\/\",\"https:\\\/\\\/www.linkedin.com\\\/company\\\/cltcenter\",\"https:\\\/\\\/www.youtube.com\\\/@centerforcltinnovation5313\"],\"description\":\"The International Center for Community Land Trusts is a not-for-profit nongovernmental organization established in 2018 to promote and to support community land trusts and similar strategies of community-led development on community-owned land in countries throughout the world.\",\"email\":\"info@communitylandtrust.net\",\"legalName\":\"International Center for Community Land Trusts\",\"foundingDate\":\"2018-12-01\",\"taxID\":\"84-3858933\",\"numberOfEmployees\":{\"@type\":\"QuantitativeValue\",\"minValue\":\"1\",\"maxValue\":\"10\"}}]}<\/script>\n<!-- \/ Yoast SEO Premium plugin. -->","yoast_head_json":{"title":"\u00c9tudes de cas CLT - International Center for Community Land Trusts","robots":{"index":"index","follow":"follow","max-snippet":"max-snippet:-1","max-image-preview":"max-image-preview:large","max-video-preview":"max-video-preview:-1"},"canonical":"https:\/\/www.cltweb.org\/fr\/bibliotheque-de-ressources\/agriculture\/ressources-complementaires\/etudes-de-cas-clt\/","og_locale":"fr_FR","og_type":"article","og_title":"\u00c9tudes de cas CLT","og_description":"Agriculture urbaine et fonds fonciers communautaires Ce projet d&#8217;\u00e9tude de cas du National Community Land Trust Network (aujourd&#8217;hui Grounded Solutions Network) a \u00e9t\u00e9 dirig\u00e9 par Jeffrey Yuen, avec l&#8217;aide de [&hellip;]","og_url":"https:\/\/www.cltweb.org\/fr\/bibliotheque-de-ressources\/agriculture\/ressources-complementaires\/etudes-de-cas-clt\/","og_site_name":"International Center for Community Land Trusts","article_publisher":"https:\/\/www.facebook.com\/cltcenter","article_modified_time":"2025-02-03T20:14:34+00:00","twitter_card":"summary_large_image","twitter_site":"@Center4CLTs","schema":{"@context":"https:\/\/schema.org","@graph":[{"@type":"WebPage","@id":"https:\/\/www.cltweb.org\/fr\/bibliotheque-de-ressources\/agriculture\/ressources-complementaires\/etudes-de-cas-clt\/","url":"https:\/\/www.cltweb.org\/fr\/bibliotheque-de-ressources\/agriculture\/ressources-complementaires\/etudes-de-cas-clt\/","name":"\u00c9tudes de cas CLT - International Center for Community Land Trusts","isPartOf":{"@id":"https:\/\/www.cltweb.org\/fr\/#website"},"datePublished":"2025-02-02T21:11:09+00:00","dateModified":"2025-02-03T20:14:34+00:00","breadcrumb":{"@id":"https:\/\/www.cltweb.org\/fr\/bibliotheque-de-ressources\/agriculture\/ressources-complementaires\/etudes-de-cas-clt\/#breadcrumb"},"inLanguage":"fr-FR","potentialAction":[{"@type":"ReadAction","target":["https:\/\/www.cltweb.org\/fr\/bibliotheque-de-ressources\/agriculture\/ressources-complementaires\/etudes-de-cas-clt\/"]}]},{"@type":"BreadcrumbList","@id":"https:\/\/www.cltweb.org\/fr\/bibliotheque-de-ressources\/agriculture\/ressources-complementaires\/etudes-de-cas-clt\/#breadcrumb","itemListElement":[{"@type":"ListItem","position":1,"name":"Home","item":"https:\/\/www.cltweb.org\/fr\/"},{"@type":"ListItem","position":2,"name":"Biblioth\u00e8que de ressources","item":"https:\/\/www.cltweb.org\/fr\/bibliotheque-de-ressources\/"},{"@type":"ListItem","position":3,"name":"R\u00e9gime foncier pour l&#8217;agriculture urbaine","item":"https:\/\/www.cltweb.org\/fr\/bibliotheque-de-ressources\/agriculture\/"},{"@type":"ListItem","position":4,"name":"Ressources compl\u00e9mentaires","item":"https:\/\/www.cltweb.org\/fr\/bibliotheque-de-ressources\/agriculture\/ressources-complementaires\/"},{"@type":"ListItem","position":5,"name":"\u00c9tudes de cas CLT"}]},{"@type":"WebSite","@id":"https:\/\/www.cltweb.org\/fr\/#website","url":"https:\/\/www.cltweb.org\/fr\/","name":"International Center for Community Land Trusts","description":"","publisher":{"@id":"https:\/\/www.cltweb.org\/fr\/#organization"},"potentialAction":[{"@type":"SearchAction","target":{"@type":"EntryPoint","urlTemplate":"https:\/\/www.cltweb.org\/fr\/?s={search_term_string}"},"query-input":{"@type":"PropertyValueSpecification","valueRequired":true,"valueName":"search_term_string"}}],"inLanguage":"fr-FR"},{"@type":"Organization","@id":"https:\/\/www.cltweb.org\/fr\/#organization","name":"International Center for Community Land Trusts","url":"https:\/\/www.cltweb.org\/fr\/","logo":{"@type":"ImageObject","inLanguage":"fr-FR","@id":"https:\/\/www.cltweb.org\/fr\/#\/schema\/logo\/image\/","url":"https:\/\/www.cltweb.org\/wp-content\/uploads\/2024\/11\/New-CLT-Center-Text-logo.png","contentUrl":"https:\/\/www.cltweb.org\/wp-content\/uploads\/2024\/11\/New-CLT-Center-Text-logo.png","width":227,"height":80,"caption":"International Center for Community Land Trusts"},"image":{"@id":"https:\/\/www.cltweb.org\/fr\/#\/schema\/logo\/image\/"},"sameAs":["https:\/\/www.facebook.com\/cltcenter","https:\/\/x.com\/Center4CLTs","https:\/\/www.instagram.com\/cltcenter\/","https:\/\/www.linkedin.com\/company\/cltcenter","https:\/\/www.youtube.com\/@centerforcltinnovation5313"],"description":"The International Center for Community Land Trusts is a not-for-profit nongovernmental organization established in 2018 to promote and to support community land trusts and similar strategies of community-led development on community-owned land in countries throughout the world.","email":"info@communitylandtrust.net","legalName":"International Center for Community Land Trusts","foundingDate":"2018-12-01","taxID":"84-3858933","numberOfEmployees":{"@type":"QuantitativeValue","minValue":"1","maxValue":"10"}}]}},"campaignId":"","taxonomy_info":{"category":[{"value":125,"label":"Agriculture"}]},"featured_image_src_large":false,"author_info":{"display_name":"cltredesign_0jp0l4","author_link":"https:\/\/www.cltweb.org\/fr\/author\/cltredesign_0jp0l4\/"},"comment_info":0,"jetpack_sharing_enabled":true,"jetpack-related-posts":[{"id":8735,"url":"https:\/\/www.cltweb.org\/fr\/bibliotheque-de-ressources\/agriculture\/le-role-des-fiducies-foncieres\/les-fiducies-foncieres-impliquees-dans-lagriculture-urbaine\/","url_meta":{"origin":8776,"position":0},"title":"Les fiducies fonci\u00e8res impliqu\u00e9es dans l&#8217;agriculture urbaine","author":"cltredesign_0jp0l4","date":"2 f\u00e9vrier 2025","format":false,"excerpt":"VILLEFIDUCIE FONCI\u00c8RETYPEAthens, GAAthens Land Trust CLTBaltimore, MDEspace vert de BaltimoreEspace ouvertBoston, MALes administrateurs des r\u00e9servesEspace ouvertNew York City, NYBronx Land TrustEspace ouvertNew York City, NYBrooklyn Queens Land TrustEspace ouvertWashington, DCCapitol Hill Community Garden Land TrustEspace ouvertBoston, MADudley Neighbors, Inc.CLTTacoma, WATacoma Urban Land TrustEspace ouvertLos Angeles, CALos Angeles Neighborhood Land TrustEspace\u2026","rel":"","context":"Article similaire","block_context":{"text":"Article similaire","link":""},"img":{"alt_text":"","src":"","width":0,"height":0},"classes":[]},{"id":1659,"url":"https:\/\/www.cltweb.org\/fr\/bibliotheque-de-ressources\/agriculture\/le-role-des-fiducies-foncieres\/","url_meta":{"origin":8776,"position":1},"title":"Le r\u00f4le des fiducies fonci\u00e8res","author":"cltredesign_0jp0l4","date":"29 juillet 2024","format":false,"excerpt":"Au cours des trente derni\u00e8res ann\u00e9es, la fiducie fonci\u00e8re s'est impos\u00e9e comme un mod\u00e8le privil\u00e9gi\u00e9 de d\u00e9tention de terres pour les jardins communautaires et les fermes urbaines. Cette \u00e9volution refl\u00e8te la convergence de deux tendances : la cr\u00e9ation de fiducies fonci\u00e8res sp\u00e9cialis\u00e9es dans les espaces ouverts afin de conserver les\u2026","rel":"","context":"Dans &quot;Agriculture&quot;","block_context":{"text":"Agriculture","link":"https:\/\/www.cltweb.org\/fr\/category\/agriculture-fr\/"},"img":{"alt_text":"","src":"https:\/\/i0.wp.com\/www.cltweb.org\/wp-content\/uploads\/2025\/02\/Urban-Farming-Map.jpg?resize=350%2C200&ssl=1","width":350,"height":200,"srcset":"https:\/\/i0.wp.com\/www.cltweb.org\/wp-content\/uploads\/2025\/02\/Urban-Farming-Map.jpg?resize=350%2C200&ssl=1 1x, https:\/\/i0.wp.com\/www.cltweb.org\/wp-content\/uploads\/2025\/02\/Urban-Farming-Map.jpg?resize=525%2C300&ssl=1 1.5x, https:\/\/i0.wp.com\/www.cltweb.org\/wp-content\/uploads\/2025\/02\/Urban-Farming-Map.jpg?resize=700%2C400&ssl=1 2x"},"classes":[]},{"id":8986,"url":"https:\/\/www.cltweb.org\/fr\/bibliotheque-de-ressources\/agriculture\/ressources-complementaires\/comment-les-clt-securisent-et-protegent-les-terres\/baux-fonciers\/","url_meta":{"origin":8776,"position":2},"title":"Baux fonciers","author":"cltredesign_0jp0l4","date":"3 f\u00e9vrier 2025","format":false,"excerpt":"Les baux fonciers sont un deuxi\u00e8me mode de tenure utilis\u00e9 par les CLT pour s\u00e9curiser les terres. Un CLT peut \u00eatre le bailleur ou le preneur d'un bail agricole. Parfois, le CLT peut \u00eatre le propri\u00e9taire foncier et louer des terres \u00e0 une entit\u00e9 externe pour g\u00e9rer des programmes agricoles,\u2026","rel":"","context":"Dans &quot;Agriculture&quot;","block_context":{"text":"Agriculture","link":"https:\/\/www.cltweb.org\/fr\/category\/agriculture-fr\/"},"img":{"alt_text":"","src":"","width":0,"height":0},"classes":[]},{"id":260,"url":"https:\/\/www.cltweb.org\/resources\/academic-research\/","url_meta":{"origin":8776,"position":3},"title":"Academic Papers","author":"cltredesign_0jp0l4","date":"26 juillet 2024","format":false,"excerpt":"Introduction by John Emmeus Davis One of the main purposes and programs of the International Center for Community Land Trusts is \u201ccataloging and disseminating academic and non-academic research\u201d into community land trusts and similar strategies of community-led development on community-owned land. Some of this research has been previously published in\u2026","rel":"","context":"Dans &quot;Research&quot;","block_context":{"text":"Research","link":"https:\/\/www.cltweb.org\/category\/research\/"},"img":{"alt_text":"","src":"","width":0,"height":0},"classes":[]},{"id":8728,"url":"https:\/\/www.cltweb.org\/resources\/agriculture\/the-role-of-land-trusts\/land-trusts-involved-in-urban-agriculture\/","url_meta":{"origin":8776,"position":4},"title":"Land Trusts Involved in Urban Agriculture","author":"cltredesign_0jp0l4","date":"2 f\u00e9vrier 2025","format":false,"excerpt":"CITYLAND TRUSTTYPEAthens, GAAthens Land Trust\u00a0CLTBaltimore, MDBaltimore Green SpaceOpen SpaceBoston, MAThe Trustees of ReservationsOpen SpaceNew York City, NYBronx Land TrustOpen SpaceNew York City, NYBrooklyn Queens Land TrustOpen SpaceWashington, DCCapitol Hill Community Garden Land TrustOpen SpaceBoston, MADudley Neighbors, Inc.CLTTacoma, WATacoma Urban Land TrustOpen SpaceLos Angeles, CALos Angeles Neighborhood Land TrustOpen SpaceNew York\u2026","rel":"","context":"Article similaire","block_context":{"text":"Article similaire","link":""},"img":{"alt_text":"","src":"","width":0,"height":0},"classes":[]},{"id":3933,"url":"https:\/\/www.cltweb.org\/fr\/bibliotheque-de-ressources\/etudes-de-cas-clt\/","url_meta":{"origin":8776,"position":5},"title":"\u00c9tudes de cas","author":"cltredesign_0jp0l4","date":"20 octobre 2024","format":false,"excerpt":"Histoires d'origine CLT Bien que le mouvement des community land trust soit relativement jeune dans son ensemble, il existe aujourd'hui aux \u00c9tats-Unis un certain nombre de CLT qui fonctionnent depuis plus de 20 ans. Quelques-uns d'entre eux ont f\u00eat\u00e9 leur 30e anniversaire. Des CLT plus jeunes ont commenc\u00e9 \u00e0 appara\u00eetre\u2026","rel":"","context":"Dans &quot;Biblioth\u00e8que de ressources&quot;","block_context":{"text":"Biblioth\u00e8que de ressources","link":"https:\/\/www.cltweb.org\/fr\/category\/bibliotheque-de-ressources\/"},"img":{"alt_text":"","src":"","width":0,"height":0},"classes":[]}],"_links":{"self":[{"href":"https:\/\/www.cltweb.org\/fr\/wp-json\/wp\/v2\/pages\/8776","targetHints":{"allow":["GET"]}}],"collection":[{"href":"https:\/\/www.cltweb.org\/fr\/wp-json\/wp\/v2\/pages"}],"about":[{"href":"https:\/\/www.cltweb.org\/fr\/wp-json\/wp\/v2\/types\/page"}],"author":[{"embeddable":true,"href":"https:\/\/www.cltweb.org\/fr\/wp-json\/wp\/v2\/users\/1"}],"replies":[{"embeddable":true,"href":"https:\/\/www.cltweb.org\/fr\/wp-json\/wp\/v2\/comments?post=8776"}],"version-history":[{"count":2,"href":"https:\/\/www.cltweb.org\/fr\/wp-json\/wp\/v2\/pages\/8776\/revisions"}],"predecessor-version":[{"id":9015,"href":"https:\/\/www.cltweb.org\/fr\/wp-json\/wp\/v2\/pages\/8776\/revisions\/9015"}],"up":[{"embeddable":true,"href":"https:\/\/www.cltweb.org\/fr\/wp-json\/wp\/v2\/pages\/1649"}],"wp:attachment":[{"href":"https:\/\/www.cltweb.org\/fr\/wp-json\/wp\/v2\/media?parent=8776"}],"wp:term":[{"taxonomy":"category","embeddable":true,"href":"https:\/\/www.cltweb.org\/fr\/wp-json\/wp\/v2\/categories?post=8776"},{"taxonomy":"post_tag","embeddable":true,"href":"https:\/\/www.cltweb.org\/fr\/wp-json\/wp\/v2\/tags?post=8776"}],"curies":[{"name":"wp","href":"https:\/\/api.w.org\/{rel}","templated":true}]}}