{"id":9008,"date":"2025-02-03T20:07:42","date_gmt":"2025-02-03T20:07:42","guid":{"rendered":"https:\/\/www.cltweb.org\/bibliotheque-de-ressources\/agriculture\/ressources-complementaires\/comment-les-clt-securisent-et-protegent-les-terres\/tableau-recapitulatif\/"},"modified":"2025-02-03T20:13:54","modified_gmt":"2025-02-03T20:13:54","slug":"tableau-recapitulatif","status":"publish","type":"page","link":"https:\/\/www.cltweb.org\/fr\/bibliotheque-de-ressources\/agriculture\/ressources-complementaires\/comment-les-clt-securisent-et-protegent-les-terres\/tableau-recapitulatif\/","title":{"rendered":"Tableau r\u00e9capitulatif"},"content":{"rendered":"\n<figure class=\"wp-block-table\"><table class=\"has-fixed-layout\"><tbody><tr><td><strong>CONTRAT DE LOCATION<\/strong><\/td><td><strong>EXEMPLES D&#8217;ORGANISATIONS<\/strong><\/td><td><strong>AVANTAGES<\/strong><\/td><td><strong>INCONV\u00c9NIENTS<\/strong><\/td><\/tr><tr><td><em><strong>Frais simples<\/strong><\/em><\/td><td><a href=\"https:\/\/cltweb.dreamhosters.com\/wp-content\/uploads\/2022\/07\/Church-Cmmty-Housing.pdf\" target=\"_blank\" rel=\"noreferrer noopener\">CCHC<\/a>, <a href=\"https:\/\/cltweb.dreamhosters.com\/wp-content\/uploads\/2022\/07\/Dudley.pdf\" target=\"_blank\" rel=\"noreferrer noopener\">DNI<\/a>, <a href=\"https:\/\/cltweb.dreamhosters.com\/wp-content\/uploads\/2022\/07\/Durham-CLT.pdf\" target=\"_blank\" rel=\"noreferrer noopener\">Durham CLT<\/a>, <a href=\"https:\/\/cltweb.dreamhosters.com\/wp-content\/uploads\/2022\/07\/Madison-Area-CLT.pdf\" target=\"_blank\" rel=\"noreferrer noopener\">Madison Area CLT<\/a>, <a href=\"https:\/\/cltweb.dreamhosters.com\/wp-content\/uploads\/2022\/07\/Sawmill-CLT.pdf\" target=\"_blank\" rel=\"noreferrer noopener\">Sawmill CLT<\/a>, <a href=\"https:\/\/cltweb.dreamhosters.com\/wp-content\/uploads\/2022\/07\/Southside-CLT.pdf\" target=\"_blank\" rel=\"noreferrer noopener\">Southside CLT<\/a><\/td><td>s\u00e9curit\u00e9 \u00e0 long terme<\/td><td>co\u00fbt d&#8217;acquisition, imp\u00f4ts fonciers, obligations de gestion<\/td><\/tr><tr><td><em><strong>Bail foncier<\/strong><\/em><\/td><td><a href=\"https:\/\/cltweb.dreamhosters.com\/wp-content\/uploads\/2022\/07\/Athens-Land-Trust.pdf\" target=\"_blank\" rel=\"noreferrer noopener\">Athens Land Trust<\/a>, <a href=\"https:\/\/cltweb.dreamhosters.com\/wp-content\/uploads\/2022\/07\/Madison-Area-CLT.pdf\" target=\"_blank\" rel=\"noreferrer noopener\">Madison Area CLT<\/a>, <a href=\"https:\/\/cltweb.dreamhosters.com\/wp-content\/uploads\/2022\/07\/Southside-CLT.pdf\" target=\"_blank\" rel=\"noreferrer noopener\">Southside CLT<\/a><\/td><td>faible co\u00fbt, haut niveau de contr\u00f4le<\/td><td>complexit\u00e9 juridique, co\u00fbts de transaction<\/td><\/tr><tr><td><em><strong>Restrictions des actes de propri\u00e9t\u00e9<\/strong><\/em><\/td><td><a href=\"https:\/\/cltweb.dreamhosters.com\/wp-content\/uploads\/2022\/07\/Madison-Area-CLT.pdf\" target=\"_blank\" rel=\"noreferrer noopener\">CLT de la r\u00e9gion de Madison<\/a><\/td><td>peu co\u00fbteux, assure une utilisation agricole<\/td><td>applicabilit\u00e9<\/td><\/tr><tr><td><em><strong>Servitude<\/strong><\/em><\/td><td><a href=\"https:\/\/cltweb.dreamhosters.com\/wp-content\/uploads\/2022\/07\/Madison-Area-CLT.pdf\" target=\"_blank\" rel=\"noreferrer noopener\">CLT de la r\u00e9gion de Madison<\/a><\/td><td>peu co\u00fbteux, assure une utilisation agricole<\/td><td>co\u00fbts de transaction<\/td><\/tr><\/tbody><\/table><\/figure>\n","protected":false},"excerpt":{"rendered":"<p>CONTRAT DE LOCATION EXEMPLES D&#8217;ORGANISATIONS AVANTAGES INCONV\u00c9NIENTS Frais simples CCHC, DNI, Durham CLT, Madison Area CLT, Sawmill CLT, Southside CLT s\u00e9curit\u00e9 \u00e0 long terme co\u00fbt d&#8217;acquisition, imp\u00f4ts fonciers, obligations de [&hellip;]<\/p>\n","protected":false},"author":1,"featured_media":0,"parent":8781,"menu_order":0,"comment_status":"closed","ping_status":"closed","template":"","meta":{"give_campaign_id":0,"_tec_requires_first_save":true,"_kad_blocks_custom_css":"","_kad_blocks_head_custom_js":"","_kad_blocks_body_custom_js":"","_kad_blocks_footer_custom_js":"","_EventAllDay":false,"_EventTimezone":"","_EventStartDate":"","_EventEndDate":"","_EventStartDateUTC":"","_EventEndDateUTC":"","_EventShowMap":false,"_EventShowMapLink":false,"_EventURL":"","_EventCost":"","_EventCostDescription":"","_EventCurrencySymbol":"","_EventCurrencyCode":"","_EventCurrencyPosition":"","_EventDateTimeSeparator":"","_EventTimeRangeSeparator":"","_EventOrganizerID":[],"_EventVenueID":[],"_OrganizerEmail":"","_OrganizerPhone":"","_OrganizerWebsite":"","_VenueAddress":"","_VenueCity":"","_VenueCountry":"","_VenueProvince":"","_VenueState":"","_VenueZip":"","_VenuePhone":"","_VenueURL":"","_VenueStateProvince":"","_VenueLat":"","_VenueLng":"","_VenueShowMap":false,"_VenueShowMapLink":false,"_tribe_blocks_recurrence_rules":"","_tribe_blocks_recurrence_description":"","_tribe_blocks_recurrence_exclusions":"","footnotes":""},"categories":[125],"tags":[],"class_list":["post-9008","page","type-page","status-publish","hentry","category-agriculture-fr"],"blocksy_meta":[],"yoast_head":"<!-- This site is optimized with the Yoast SEO Premium plugin v27.5 (Yoast SEO v27.5) - https:\/\/yoast.com\/product\/yoast-seo-premium-wordpress\/ -->\n<title>Tableau r\u00e9capitulatif - International Center for Community Land Trusts<\/title>\n<meta name=\"robots\" content=\"index, follow, max-snippet:-1, max-image-preview:large, max-video-preview:-1\" \/>\n<link rel=\"canonical\" href=\"https:\/\/www.cltweb.org\/fr\/bibliotheque-de-ressources\/agriculture\/ressources-complementaires\/comment-les-clt-securisent-et-protegent-les-terres\/tableau-recapitulatif\/\" \/>\n<meta property=\"og:locale\" content=\"fr_FR\" \/>\n<meta property=\"og:type\" content=\"article\" \/>\n<meta property=\"og:title\" content=\"Tableau r\u00e9capitulatif\" \/>\n<meta property=\"og:description\" content=\"CONTRAT DE LOCATION EXEMPLES D&#8217;ORGANISATIONS AVANTAGES INCONV\u00c9NIENTS Frais simples CCHC, DNI, Durham CLT, Madison Area CLT, Sawmill CLT, Southside CLT s\u00e9curit\u00e9 \u00e0 long terme co\u00fbt d&#8217;acquisition, imp\u00f4ts fonciers, obligations de [&hellip;]\" \/>\n<meta property=\"og:url\" content=\"https:\/\/www.cltweb.org\/fr\/bibliotheque-de-ressources\/agriculture\/ressources-complementaires\/comment-les-clt-securisent-et-protegent-les-terres\/tableau-recapitulatif\/\" \/>\n<meta property=\"og:site_name\" content=\"International Center for Community Land Trusts\" \/>\n<meta property=\"article:publisher\" content=\"https:\/\/www.facebook.com\/cltcenter\" \/>\n<meta property=\"article:modified_time\" content=\"2025-02-03T20:13:54+00:00\" \/>\n<meta name=\"twitter:card\" content=\"summary_large_image\" \/>\n<meta name=\"twitter:site\" content=\"@Center4CLTs\" \/>\n<script type=\"application\/ld+json\" class=\"yoast-schema-graph\">{\"@context\":\"https:\\\/\\\/schema.org\",\"@graph\":[{\"@type\":\"WebPage\",\"@id\":\"https:\\\/\\\/www.cltweb.org\\\/fr\\\/bibliotheque-de-ressources\\\/agriculture\\\/ressources-complementaires\\\/comment-les-clt-securisent-et-protegent-les-terres\\\/tableau-recapitulatif\\\/\",\"url\":\"https:\\\/\\\/www.cltweb.org\\\/fr\\\/bibliotheque-de-ressources\\\/agriculture\\\/ressources-complementaires\\\/comment-les-clt-securisent-et-protegent-les-terres\\\/tableau-recapitulatif\\\/\",\"name\":\"Tableau r\u00e9capitulatif - International Center for Community Land Trusts\",\"isPartOf\":{\"@id\":\"https:\\\/\\\/www.cltweb.org\\\/fr\\\/#website\"},\"datePublished\":\"2025-02-03T20:07:42+00:00\",\"dateModified\":\"2025-02-03T20:13:54+00:00\",\"breadcrumb\":{\"@id\":\"https:\\\/\\\/www.cltweb.org\\\/fr\\\/bibliotheque-de-ressources\\\/agriculture\\\/ressources-complementaires\\\/comment-les-clt-securisent-et-protegent-les-terres\\\/tableau-recapitulatif\\\/#breadcrumb\"},\"inLanguage\":\"fr-FR\",\"potentialAction\":[{\"@type\":\"ReadAction\",\"target\":[\"https:\\\/\\\/www.cltweb.org\\\/fr\\\/bibliotheque-de-ressources\\\/agriculture\\\/ressources-complementaires\\\/comment-les-clt-securisent-et-protegent-les-terres\\\/tableau-recapitulatif\\\/\"]}]},{\"@type\":\"BreadcrumbList\",\"@id\":\"https:\\\/\\\/www.cltweb.org\\\/fr\\\/bibliotheque-de-ressources\\\/agriculture\\\/ressources-complementaires\\\/comment-les-clt-securisent-et-protegent-les-terres\\\/tableau-recapitulatif\\\/#breadcrumb\",\"itemListElement\":[{\"@type\":\"ListItem\",\"position\":1,\"name\":\"Home\",\"item\":\"https:\\\/\\\/www.cltweb.org\\\/fr\\\/\"},{\"@type\":\"ListItem\",\"position\":2,\"name\":\"Biblioth\u00e8que de ressources\",\"item\":\"https:\\\/\\\/www.cltweb.org\\\/fr\\\/bibliotheque-de-ressources\\\/\"},{\"@type\":\"ListItem\",\"position\":3,\"name\":\"R\u00e9gime foncier pour l&#8217;agriculture urbaine\",\"item\":\"https:\\\/\\\/www.cltweb.org\\\/fr\\\/bibliotheque-de-ressources\\\/agriculture\\\/\"},{\"@type\":\"ListItem\",\"position\":4,\"name\":\"Ressources compl\u00e9mentaires\",\"item\":\"https:\\\/\\\/www.cltweb.org\\\/fr\\\/bibliotheque-de-ressources\\\/agriculture\\\/ressources-complementaires\\\/\"},{\"@type\":\"ListItem\",\"position\":5,\"name\":\"Comment les CLT s\u00e9curisent et prot\u00e8gent les terres\",\"item\":\"https:\\\/\\\/www.cltweb.org\\\/fr\\\/bibliotheque-de-ressources\\\/agriculture\\\/ressources-complementaires\\\/comment-les-clt-securisent-et-protegent-les-terres\\\/\"},{\"@type\":\"ListItem\",\"position\":6,\"name\":\"Tableau r\u00e9capitulatif\"}]},{\"@type\":\"WebSite\",\"@id\":\"https:\\\/\\\/www.cltweb.org\\\/fr\\\/#website\",\"url\":\"https:\\\/\\\/www.cltweb.org\\\/fr\\\/\",\"name\":\"International Center for Community Land Trusts\",\"description\":\"\",\"publisher\":{\"@id\":\"https:\\\/\\\/www.cltweb.org\\\/fr\\\/#organization\"},\"potentialAction\":[{\"@type\":\"SearchAction\",\"target\":{\"@type\":\"EntryPoint\",\"urlTemplate\":\"https:\\\/\\\/www.cltweb.org\\\/fr\\\/?s={search_term_string}\"},\"query-input\":{\"@type\":\"PropertyValueSpecification\",\"valueRequired\":true,\"valueName\":\"search_term_string\"}}],\"inLanguage\":\"fr-FR\"},{\"@type\":\"Organization\",\"@id\":\"https:\\\/\\\/www.cltweb.org\\\/fr\\\/#organization\",\"name\":\"International Center for Community Land Trusts\",\"url\":\"https:\\\/\\\/www.cltweb.org\\\/fr\\\/\",\"logo\":{\"@type\":\"ImageObject\",\"inLanguage\":\"fr-FR\",\"@id\":\"https:\\\/\\\/www.cltweb.org\\\/fr\\\/#\\\/schema\\\/logo\\\/image\\\/\",\"url\":\"https:\\\/\\\/www.cltweb.org\\\/wp-content\\\/uploads\\\/2024\\\/11\\\/New-CLT-Center-Text-logo.png\",\"contentUrl\":\"https:\\\/\\\/www.cltweb.org\\\/wp-content\\\/uploads\\\/2024\\\/11\\\/New-CLT-Center-Text-logo.png\",\"width\":227,\"height\":80,\"caption\":\"International Center for Community Land Trusts\"},\"image\":{\"@id\":\"https:\\\/\\\/www.cltweb.org\\\/fr\\\/#\\\/schema\\\/logo\\\/image\\\/\"},\"sameAs\":[\"https:\\\/\\\/www.facebook.com\\\/cltcenter\",\"https:\\\/\\\/x.com\\\/Center4CLTs\",\"https:\\\/\\\/www.instagram.com\\\/cltcenter\\\/\",\"https:\\\/\\\/www.linkedin.com\\\/company\\\/cltcenter\",\"https:\\\/\\\/www.youtube.com\\\/@centerforcltinnovation5313\"],\"description\":\"The International Center for Community Land Trusts is a not-for-profit nongovernmental organization established in 2018 to promote and to support community land trusts and similar strategies of community-led development on community-owned land in countries throughout the world.\",\"email\":\"info@communitylandtrust.net\",\"legalName\":\"International Center for Community Land Trusts\",\"foundingDate\":\"2018-12-01\",\"taxID\":\"84-3858933\",\"numberOfEmployees\":{\"@type\":\"QuantitativeValue\",\"minValue\":\"1\",\"maxValue\":\"10\"}}]}<\/script>\n<!-- \/ Yoast SEO Premium plugin. -->","yoast_head_json":{"title":"Tableau r\u00e9capitulatif - International Center for Community Land Trusts","robots":{"index":"index","follow":"follow","max-snippet":"max-snippet:-1","max-image-preview":"max-image-preview:large","max-video-preview":"max-video-preview:-1"},"canonical":"https:\/\/www.cltweb.org\/fr\/bibliotheque-de-ressources\/agriculture\/ressources-complementaires\/comment-les-clt-securisent-et-protegent-les-terres\/tableau-recapitulatif\/","og_locale":"fr_FR","og_type":"article","og_title":"Tableau r\u00e9capitulatif","og_description":"CONTRAT DE LOCATION EXEMPLES D&#8217;ORGANISATIONS AVANTAGES INCONV\u00c9NIENTS Frais simples CCHC, DNI, Durham CLT, Madison Area CLT, Sawmill CLT, Southside CLT s\u00e9curit\u00e9 \u00e0 long terme co\u00fbt d&#8217;acquisition, imp\u00f4ts fonciers, obligations de [&hellip;]","og_url":"https:\/\/www.cltweb.org\/fr\/bibliotheque-de-ressources\/agriculture\/ressources-complementaires\/comment-les-clt-securisent-et-protegent-les-terres\/tableau-recapitulatif\/","og_site_name":"International Center for Community Land Trusts","article_publisher":"https:\/\/www.facebook.com\/cltcenter","article_modified_time":"2025-02-03T20:13:54+00:00","twitter_card":"summary_large_image","twitter_site":"@Center4CLTs","schema":{"@context":"https:\/\/schema.org","@graph":[{"@type":"WebPage","@id":"https:\/\/www.cltweb.org\/fr\/bibliotheque-de-ressources\/agriculture\/ressources-complementaires\/comment-les-clt-securisent-et-protegent-les-terres\/tableau-recapitulatif\/","url":"https:\/\/www.cltweb.org\/fr\/bibliotheque-de-ressources\/agriculture\/ressources-complementaires\/comment-les-clt-securisent-et-protegent-les-terres\/tableau-recapitulatif\/","name":"Tableau r\u00e9capitulatif - International Center for Community Land Trusts","isPartOf":{"@id":"https:\/\/www.cltweb.org\/fr\/#website"},"datePublished":"2025-02-03T20:07:42+00:00","dateModified":"2025-02-03T20:13:54+00:00","breadcrumb":{"@id":"https:\/\/www.cltweb.org\/fr\/bibliotheque-de-ressources\/agriculture\/ressources-complementaires\/comment-les-clt-securisent-et-protegent-les-terres\/tableau-recapitulatif\/#breadcrumb"},"inLanguage":"fr-FR","potentialAction":[{"@type":"ReadAction","target":["https:\/\/www.cltweb.org\/fr\/bibliotheque-de-ressources\/agriculture\/ressources-complementaires\/comment-les-clt-securisent-et-protegent-les-terres\/tableau-recapitulatif\/"]}]},{"@type":"BreadcrumbList","@id":"https:\/\/www.cltweb.org\/fr\/bibliotheque-de-ressources\/agriculture\/ressources-complementaires\/comment-les-clt-securisent-et-protegent-les-terres\/tableau-recapitulatif\/#breadcrumb","itemListElement":[{"@type":"ListItem","position":1,"name":"Home","item":"https:\/\/www.cltweb.org\/fr\/"},{"@type":"ListItem","position":2,"name":"Biblioth\u00e8que de ressources","item":"https:\/\/www.cltweb.org\/fr\/bibliotheque-de-ressources\/"},{"@type":"ListItem","position":3,"name":"R\u00e9gime foncier pour l&#8217;agriculture urbaine","item":"https:\/\/www.cltweb.org\/fr\/bibliotheque-de-ressources\/agriculture\/"},{"@type":"ListItem","position":4,"name":"Ressources compl\u00e9mentaires","item":"https:\/\/www.cltweb.org\/fr\/bibliotheque-de-ressources\/agriculture\/ressources-complementaires\/"},{"@type":"ListItem","position":5,"name":"Comment les CLT s\u00e9curisent et prot\u00e8gent les terres","item":"https:\/\/www.cltweb.org\/fr\/bibliotheque-de-ressources\/agriculture\/ressources-complementaires\/comment-les-clt-securisent-et-protegent-les-terres\/"},{"@type":"ListItem","position":6,"name":"Tableau r\u00e9capitulatif"}]},{"@type":"WebSite","@id":"https:\/\/www.cltweb.org\/fr\/#website","url":"https:\/\/www.cltweb.org\/fr\/","name":"International Center for Community Land Trusts","description":"","publisher":{"@id":"https:\/\/www.cltweb.org\/fr\/#organization"},"potentialAction":[{"@type":"SearchAction","target":{"@type":"EntryPoint","urlTemplate":"https:\/\/www.cltweb.org\/fr\/?s={search_term_string}"},"query-input":{"@type":"PropertyValueSpecification","valueRequired":true,"valueName":"search_term_string"}}],"inLanguage":"fr-FR"},{"@type":"Organization","@id":"https:\/\/www.cltweb.org\/fr\/#organization","name":"International Center for Community Land Trusts","url":"https:\/\/www.cltweb.org\/fr\/","logo":{"@type":"ImageObject","inLanguage":"fr-FR","@id":"https:\/\/www.cltweb.org\/fr\/#\/schema\/logo\/image\/","url":"https:\/\/www.cltweb.org\/wp-content\/uploads\/2024\/11\/New-CLT-Center-Text-logo.png","contentUrl":"https:\/\/www.cltweb.org\/wp-content\/uploads\/2024\/11\/New-CLT-Center-Text-logo.png","width":227,"height":80,"caption":"International Center for Community Land Trusts"},"image":{"@id":"https:\/\/www.cltweb.org\/fr\/#\/schema\/logo\/image\/"},"sameAs":["https:\/\/www.facebook.com\/cltcenter","https:\/\/x.com\/Center4CLTs","https:\/\/www.instagram.com\/cltcenter\/","https:\/\/www.linkedin.com\/company\/cltcenter","https:\/\/www.youtube.com\/@centerforcltinnovation5313"],"description":"The International Center for Community Land Trusts is a not-for-profit nongovernmental organization established in 2018 to promote and to support community land trusts and similar strategies of community-led development on community-owned land in countries throughout the world.","email":"info@communitylandtrust.net","legalName":"International Center for Community Land Trusts","foundingDate":"2018-12-01","taxID":"84-3858933","numberOfEmployees":{"@type":"QuantitativeValue","minValue":"1","maxValue":"10"}}]}},"campaignId":"","taxonomy_info":{"category":[{"value":125,"label":"Agriculture"}]},"featured_image_src_large":false,"author_info":{"display_name":"cltredesign_0jp0l4","author_link":"https:\/\/www.cltweb.org\/fr\/author\/cltredesign_0jp0l4\/"},"comment_info":0,"jetpack_sharing_enabled":true,"jetpack-related-posts":[{"id":15,"url":"https:\/\/www.cltweb.org\/programs\/","url_meta":{"origin":9008,"position":0},"title":"Programs and Projects","author":"cltredesign_0jp0l4","date":"26 juillet 2024","format":false,"excerpt":"Education Enhance educational outreach, resources, and support for CLT practitioners and communities. Online Library and CLT Archive:\u00a0Collect and curate materials\u2014in multiple languages\u2014introducing the CLT, presenting case studies, documenting best practices, and tracing the history of the CLT movement. Global CLT Map and Directory:\u00a0\u00a0Document the location of CLTs around the world.\u2026","rel":"","context":"Article similaire","block_context":{"text":"Article similaire","link":""},"img":{"alt_text":"","src":"","width":0,"height":0},"classes":[]},{"id":17,"url":"https:\/\/www.cltweb.org\/resources\/","url_meta":{"origin":9008,"position":1},"title":"Resource Library","author":"cltredesign_0jp0l4","date":"26 juillet 2024","format":false,"excerpt":"Global Network There are 616 CLTs in 13 countries. Check out the global map, our listing of CLT networks, and a section devoted to CLTs in the Global South. Profiles We have collected CLT case studies, as well as interviews with pivotal figures in the CLT movement. Research We have\u2026","rel":"","context":"Dans &quot;RESOURCE LIBRARY&quot;","block_context":{"text":"RESOURCE LIBRARY","link":"https:\/\/www.cltweb.org\/category\/resource-library\/"},"img":{"alt_text":"","src":"","width":0,"height":0},"classes":[]},{"id":47,"url":"https:\/\/www.cltweb.org\/about\/mission-strategy\/","url_meta":{"origin":9008,"position":2},"title":"Mission &#038; Strategy","author":"cltredesign_0jp0l4","date":"26 juillet 2024","format":false,"excerpt":"The vision, mission, and overarching strategy for our work.","rel":"","context":"Dans &quot;About Us&quot;","block_context":{"text":"About Us","link":"https:\/\/www.cltweb.org\/category\/about-us\/"},"img":{"alt_text":"","src":"","width":0,"height":0},"classes":[]},{"id":885,"url":"https:\/\/www.cltweb.org\/de\/ressourcenbibliothek\/","url_meta":{"origin":9008,"position":3},"title":"Ressourcenbibliothek","author":"cltredesign_0jp0l4","date":"26 juillet 2024","format":false,"excerpt":"Globales Netzwerk Es gibt 616 CLTs in 13 L\u00e4ndern. Sehen Sie sich die Weltkarte, unsere Liste der CLT-Netzwerke und einen Abschnitt \u00fcber CLTs im globalen S\u00fcden an. Profile Wir haben CLT-Fallstudien sowie Interviews mit Schl\u00fcsselfiguren der CLT-Bewegung gesammelt. Forschung Wir haben akademische Arbeiten von jungen Wissenschaftlern gesammelt - die ma\u00dfgebliche\u2026","rel":"","context":"Dans &quot;Ressourcenbibliothek&quot;","block_context":{"text":"Ressourcenbibliothek","link":"https:\/\/www.cltweb.org\/de\/category\/ressourcenbibliothek\/"},"img":{"alt_text":"","src":"","width":0,"height":0},"classes":[]},{"id":890,"url":"https:\/\/www.cltweb.org\/pt-br\/biblioteca-de-recursos\/","url_meta":{"origin":9008,"position":4},"title":"Biblioteca de recursos","author":"cltredesign_0jp0l4","date":"26 juillet 2024","format":false,"excerpt":"Rede global Existem 616 CLTs em 13 pa\u00edses. Confira o mapa global, nossa listagem de redes CLT e uma se\u00e7\u00e3o dedicada aos CLTs no Sul Global. Perfis Coletamos estudos de casos de CLT, bem como entrevistas com figuras centrais do movimento CLT. Pesquisa Coletamos artigos acad\u00eamicos de jovens estudiosos, fizemos\u2026","rel":"","context":"Dans &quot;Biblioteca de recursos&quot;","block_context":{"text":"Biblioteca de recursos","link":"https:\/\/www.cltweb.org\/pt-br\/category\/biblioteca-de-recursos\/"},"img":{"alt_text":"","src":"","width":0,"height":0},"classes":[]},{"id":8998,"url":"https:\/\/www.cltweb.org\/resources\/agriculture\/additional-resources\/how-clts-secure-and-protect-land\/summary-table\/","url_meta":{"origin":9008,"position":5},"title":"Summary Table","author":"cltredesign_0jp0l4","date":"3 f\u00e9vrier 2025","format":false,"excerpt":"TENURE ARRANGEMENTEXAMPLE ORGANIZATIONSADVANTAGESDISADVANTAGESFee SimpleCCHC,\u00a0DNI,\u00a0Durham CLT,\u00a0Madison Area CLT,\u00a0Sawmill CLT,\u00a0Southside CLTlong-term securitycost to acquire, property taxation, management obligationsGround LeaseAthens Land Trust,\u00a0Madison Area CLT,\u00a0Southside CLTlow-cost, high level of controllegal complexity, transaction costsDeed RestrictionsMadison Area CLTlow-cost, ensures agricultural useenforceabilityEasementMadison Area CLTlow-cost, ensures agricultural usetransaction costs","rel":"","context":"Dans &quot;Agriculture&quot;","block_context":{"text":"Agriculture","link":"https:\/\/www.cltweb.org\/category\/agriculture\/"},"img":{"alt_text":"","src":"","width":0,"height":0},"classes":[]}],"_links":{"self":[{"href":"https:\/\/www.cltweb.org\/fr\/wp-json\/wp\/v2\/pages\/9008","targetHints":{"allow":["GET"]}}],"collection":[{"href":"https:\/\/www.cltweb.org\/fr\/wp-json\/wp\/v2\/pages"}],"about":[{"href":"https:\/\/www.cltweb.org\/fr\/wp-json\/wp\/v2\/types\/page"}],"author":[{"embeddable":true,"href":"https:\/\/www.cltweb.org\/fr\/wp-json\/wp\/v2\/users\/1"}],"replies":[{"embeddable":true,"href":"https:\/\/www.cltweb.org\/fr\/wp-json\/wp\/v2\/comments?post=9008"}],"version-history":[{"count":1,"href":"https:\/\/www.cltweb.org\/fr\/wp-json\/wp\/v2\/pages\/9008\/revisions"}],"predecessor-version":[{"id":9011,"href":"https:\/\/www.cltweb.org\/fr\/wp-json\/wp\/v2\/pages\/9008\/revisions\/9011"}],"up":[{"embeddable":true,"href":"https:\/\/www.cltweb.org\/fr\/wp-json\/wp\/v2\/pages\/8781"}],"wp:attachment":[{"href":"https:\/\/www.cltweb.org\/fr\/wp-json\/wp\/v2\/media?parent=9008"}],"wp:term":[{"taxonomy":"category","embeddable":true,"href":"https:\/\/www.cltweb.org\/fr\/wp-json\/wp\/v2\/categories?post=9008"},{"taxonomy":"post_tag","embeddable":true,"href":"https:\/\/www.cltweb.org\/fr\/wp-json\/wp\/v2\/tags?post=9008"}],"curies":[{"name":"wp","href":"https:\/\/api.w.org\/{rel}","templated":true}]}}