{"id":10371,"date":"2025-10-28T16:00:00","date_gmt":"2025-10-28T16:00:00","guid":{"rendered":"https:\/\/www.cltweb.org\/falha-na-doacao\/"},"modified":"2025-10-28T16:00:00","modified_gmt":"2025-10-28T16:00:00","slug":"falha-na-doacao","status":"publish","type":"page","link":"https:\/\/www.cltweb.org\/pt-br\/falha-na-doacao\/","title":{"rendered":"Falha na doa\u00e7\u00e3o"},"content":{"rendered":"<p>Lamentamos, mas sua doa\u00e7\u00e3o n\u00e3o foi processada. Tente novamente ou entre em contato com o suporte do site. <\/p>\n","protected":false},"excerpt":{"rendered":"<p>Lamentamos, mas sua doa\u00e7\u00e3o n\u00e3o foi processada. Tente novamente ou entre em contato com o suporte do site.<\/p>\n","protected":false},"author":1,"featured_media":0,"parent":0,"menu_order":0,"comment_status":"closed","ping_status":"closed","template":"","meta":{"give_campaign_id":0,"_tec_requires_first_save":true,"_kad_blocks_custom_css":"","_kad_blocks_head_custom_js":"","_kad_blocks_body_custom_js":"","_kad_blocks_footer_custom_js":"","_EventAllDay":false,"_EventTimezone":"","_EventStartDate":"","_EventEndDate":"","_EventStartDateUTC":"","_EventEndDateUTC":"","_EventShowMap":false,"_EventShowMapLink":false,"_EventURL":"","_EventCost":"","_EventCostDescription":"","_EventCurrencySymbol":"","_EventCurrencyCode":"","_EventCurrencyPosition":"","_EventDateTimeSeparator":"","_EventTimeRangeSeparator":"","_EventOrganizerID":[],"_EventVenueID":[],"_OrganizerEmail":"","_OrganizerPhone":"","_OrganizerWebsite":"","_VenueAddress":"","_VenueCity":"","_VenueCountry":"","_VenueProvince":"","_VenueState":"","_VenueZip":"","_VenuePhone":"","_VenueURL":"","_VenueStateProvince":"","_VenueLat":"","_VenueLng":"","_VenueShowMap":false,"_VenueShowMapLink":false,"_tribe_blocks_recurrence_rules":"","_tribe_blocks_recurrence_description":"","_tribe_blocks_recurrence_exclusions":"","footnotes":""},"categories":[],"tags":[],"class_list":["post-10371","page","type-page","status-publish","hentry"],"blocksy_meta":[],"yoast_head":"<!-- This site is optimized with the Yoast SEO Premium plugin v27.5 (Yoast SEO v27.5) - https:\/\/yoast.com\/product\/yoast-seo-premium-wordpress\/ -->\n<title>Falha na doa\u00e7\u00e3o - International Center for Community Land Trusts<\/title>\n<meta name=\"robots\" content=\"index, follow, max-snippet:-1, max-image-preview:large, max-video-preview:-1\" \/>\n<link rel=\"canonical\" href=\"https:\/\/www.cltweb.org\/pt-br\/falha-na-doacao\/\" \/>\n<meta property=\"og:locale\" content=\"pt_BR\" \/>\n<meta property=\"og:type\" content=\"article\" \/>\n<meta property=\"og:title\" content=\"Falha na doa\u00e7\u00e3o\" \/>\n<meta property=\"og:description\" content=\"Lamentamos, mas sua doa\u00e7\u00e3o n\u00e3o foi processada. Tente novamente ou entre em contato com o suporte do site.\" \/>\n<meta property=\"og:url\" content=\"https:\/\/www.cltweb.org\/pt-br\/falha-na-doacao\/\" \/>\n<meta property=\"og:site_name\" content=\"International Center for Community Land Trusts\" \/>\n<meta property=\"article:publisher\" content=\"https:\/\/www.facebook.com\/cltcenter\" \/>\n<meta name=\"twitter:card\" content=\"summary_large_image\" \/>\n<meta name=\"twitter:site\" content=\"@Center4CLTs\" \/>\n<script type=\"application\/ld+json\" class=\"yoast-schema-graph\">{\"@context\":\"https:\\\/\\\/schema.org\",\"@graph\":[{\"@type\":\"WebPage\",\"@id\":\"https:\\\/\\\/www.cltweb.org\\\/pt-br\\\/falha-na-doacao\\\/\",\"url\":\"https:\\\/\\\/www.cltweb.org\\\/pt-br\\\/falha-na-doacao\\\/\",\"name\":\"Falha na doa\u00e7\u00e3o - International Center for Community Land Trusts\",\"isPartOf\":{\"@id\":\"https:\\\/\\\/www.cltweb.org\\\/pt-br\\\/#website\"},\"datePublished\":\"2025-10-28T16:00:00+00:00\",\"breadcrumb\":{\"@id\":\"https:\\\/\\\/www.cltweb.org\\\/pt-br\\\/falha-na-doacao\\\/#breadcrumb\"},\"inLanguage\":\"pt-BR\",\"potentialAction\":[{\"@type\":\"ReadAction\",\"target\":[\"https:\\\/\\\/www.cltweb.org\\\/pt-br\\\/falha-na-doacao\\\/\"]}]},{\"@type\":\"BreadcrumbList\",\"@id\":\"https:\\\/\\\/www.cltweb.org\\\/pt-br\\\/falha-na-doacao\\\/#breadcrumb\",\"itemListElement\":[{\"@type\":\"ListItem\",\"position\":1,\"name\":\"Home\",\"item\":\"https:\\\/\\\/www.cltweb.org\\\/pt-br\\\/\"},{\"@type\":\"ListItem\",\"position\":2,\"name\":\"Falha na doa\u00e7\u00e3o\"}]},{\"@type\":\"WebSite\",\"@id\":\"https:\\\/\\\/www.cltweb.org\\\/pt-br\\\/#website\",\"url\":\"https:\\\/\\\/www.cltweb.org\\\/pt-br\\\/\",\"name\":\"International Center for Community Land Trusts\",\"description\":\"\",\"publisher\":{\"@id\":\"https:\\\/\\\/www.cltweb.org\\\/pt-br\\\/#organization\"},\"potentialAction\":[{\"@type\":\"SearchAction\",\"target\":{\"@type\":\"EntryPoint\",\"urlTemplate\":\"https:\\\/\\\/www.cltweb.org\\\/pt-br\\\/?s={search_term_string}\"},\"query-input\":{\"@type\":\"PropertyValueSpecification\",\"valueRequired\":true,\"valueName\":\"search_term_string\"}}],\"inLanguage\":\"pt-BR\"},{\"@type\":\"Organization\",\"@id\":\"https:\\\/\\\/www.cltweb.org\\\/pt-br\\\/#organization\",\"name\":\"International Center for Community Land Trusts\",\"url\":\"https:\\\/\\\/www.cltweb.org\\\/pt-br\\\/\",\"logo\":{\"@type\":\"ImageObject\",\"inLanguage\":\"pt-BR\",\"@id\":\"https:\\\/\\\/www.cltweb.org\\\/pt-br\\\/#\\\/schema\\\/logo\\\/image\\\/\",\"url\":\"https:\\\/\\\/www.cltweb.org\\\/wp-content\\\/uploads\\\/2024\\\/11\\\/New-CLT-Center-Text-logo.png\",\"contentUrl\":\"https:\\\/\\\/www.cltweb.org\\\/wp-content\\\/uploads\\\/2024\\\/11\\\/New-CLT-Center-Text-logo.png\",\"width\":227,\"height\":80,\"caption\":\"International Center for Community Land Trusts\"},\"image\":{\"@id\":\"https:\\\/\\\/www.cltweb.org\\\/pt-br\\\/#\\\/schema\\\/logo\\\/image\\\/\"},\"sameAs\":[\"https:\\\/\\\/www.facebook.com\\\/cltcenter\",\"https:\\\/\\\/x.com\\\/Center4CLTs\",\"https:\\\/\\\/www.instagram.com\\\/cltcenter\\\/\",\"https:\\\/\\\/www.linkedin.com\\\/company\\\/cltcenter\",\"https:\\\/\\\/www.youtube.com\\\/@centerforcltinnovation5313\"],\"description\":\"The International Center for Community Land Trusts is a not-for-profit nongovernmental organization established in 2018 to promote and to support community land trusts and similar strategies of community-led development on community-owned land in countries throughout the world.\",\"email\":\"info@communitylandtrust.net\",\"legalName\":\"International Center for Community Land Trusts\",\"foundingDate\":\"2018-12-01\",\"taxID\":\"84-3858933\",\"numberOfEmployees\":{\"@type\":\"QuantitativeValue\",\"minValue\":\"1\",\"maxValue\":\"10\"}}]}<\/script>\n<!-- \/ Yoast SEO Premium plugin. -->","yoast_head_json":{"title":"Falha na doa\u00e7\u00e3o - International Center for Community Land Trusts","robots":{"index":"index","follow":"follow","max-snippet":"max-snippet:-1","max-image-preview":"max-image-preview:large","max-video-preview":"max-video-preview:-1"},"canonical":"https:\/\/www.cltweb.org\/pt-br\/falha-na-doacao\/","og_locale":"pt_BR","og_type":"article","og_title":"Falha na doa\u00e7\u00e3o","og_description":"Lamentamos, mas sua doa\u00e7\u00e3o n\u00e3o foi processada. Tente novamente ou entre em contato com o suporte do site.","og_url":"https:\/\/www.cltweb.org\/pt-br\/falha-na-doacao\/","og_site_name":"International Center for Community Land Trusts","article_publisher":"https:\/\/www.facebook.com\/cltcenter","twitter_card":"summary_large_image","twitter_site":"@Center4CLTs","schema":{"@context":"https:\/\/schema.org","@graph":[{"@type":"WebPage","@id":"https:\/\/www.cltweb.org\/pt-br\/falha-na-doacao\/","url":"https:\/\/www.cltweb.org\/pt-br\/falha-na-doacao\/","name":"Falha na doa\u00e7\u00e3o - International Center for Community Land Trusts","isPartOf":{"@id":"https:\/\/www.cltweb.org\/pt-br\/#website"},"datePublished":"2025-10-28T16:00:00+00:00","breadcrumb":{"@id":"https:\/\/www.cltweb.org\/pt-br\/falha-na-doacao\/#breadcrumb"},"inLanguage":"pt-BR","potentialAction":[{"@type":"ReadAction","target":["https:\/\/www.cltweb.org\/pt-br\/falha-na-doacao\/"]}]},{"@type":"BreadcrumbList","@id":"https:\/\/www.cltweb.org\/pt-br\/falha-na-doacao\/#breadcrumb","itemListElement":[{"@type":"ListItem","position":1,"name":"Home","item":"https:\/\/www.cltweb.org\/pt-br\/"},{"@type":"ListItem","position":2,"name":"Falha na doa\u00e7\u00e3o"}]},{"@type":"WebSite","@id":"https:\/\/www.cltweb.org\/pt-br\/#website","url":"https:\/\/www.cltweb.org\/pt-br\/","name":"International Center for Community Land Trusts","description":"","publisher":{"@id":"https:\/\/www.cltweb.org\/pt-br\/#organization"},"potentialAction":[{"@type":"SearchAction","target":{"@type":"EntryPoint","urlTemplate":"https:\/\/www.cltweb.org\/pt-br\/?s={search_term_string}"},"query-input":{"@type":"PropertyValueSpecification","valueRequired":true,"valueName":"search_term_string"}}],"inLanguage":"pt-BR"},{"@type":"Organization","@id":"https:\/\/www.cltweb.org\/pt-br\/#organization","name":"International Center for Community Land Trusts","url":"https:\/\/www.cltweb.org\/pt-br\/","logo":{"@type":"ImageObject","inLanguage":"pt-BR","@id":"https:\/\/www.cltweb.org\/pt-br\/#\/schema\/logo\/image\/","url":"https:\/\/www.cltweb.org\/wp-content\/uploads\/2024\/11\/New-CLT-Center-Text-logo.png","contentUrl":"https:\/\/www.cltweb.org\/wp-content\/uploads\/2024\/11\/New-CLT-Center-Text-logo.png","width":227,"height":80,"caption":"International Center for Community Land Trusts"},"image":{"@id":"https:\/\/www.cltweb.org\/pt-br\/#\/schema\/logo\/image\/"},"sameAs":["https:\/\/www.facebook.com\/cltcenter","https:\/\/x.com\/Center4CLTs","https:\/\/www.instagram.com\/cltcenter\/","https:\/\/www.linkedin.com\/company\/cltcenter","https:\/\/www.youtube.com\/@centerforcltinnovation5313"],"description":"The International Center for Community Land Trusts is a not-for-profit nongovernmental organization established in 2018 to promote and to support community land trusts and similar strategies of community-led development on community-owned land in countries throughout the world.","email":"info@communitylandtrust.net","legalName":"International Center for Community Land Trusts","foundingDate":"2018-12-01","taxID":"84-3858933","numberOfEmployees":{"@type":"QuantitativeValue","minValue":"1","maxValue":"10"}}]}},"campaignId":"","taxonomy_info":[],"featured_image_src_large":false,"author_info":{"display_name":"cltredesign_0jp0l4","author_link":"https:\/\/www.cltweb.org\/pt-br\/author\/cltredesign_0jp0l4\/"},"comment_info":0,"jetpack_sharing_enabled":true,"jetpack-related-posts":[{"id":4255,"url":"https:\/\/www.cltweb.org\/pt-br\/biblioteca-de-recursos\/raizes-da-clt\/precursores-internacionais\/graos-antigos\/vilas-gramdan-na-india\/","url_meta":{"origin":10371,"position":0},"title":"Vilas Gramdan na \u00cdndia","author":"cltredesign_0jp0l4","date":"22 de outubro de 2024","format":false,"excerpt":"Depois que Gandhi foi assassinado em 1948, a lideran\u00e7a pol\u00edtica de seu movimento ficou com Nehru. A lideran\u00e7a espiritual coube a Vinoba Bhava. O \"programa construtivo\" de Gandhi para a \u00cdndia p\u00f3s-colonial previa uma sociedade descentralizada, constru\u00edda com base em vilarejos aut\u00f4nomos e autossuficientes. Gandhi tamb\u00e9m Vinoba Bhave articulou um\u2026","rel":"","context":"Em &quot;Precursores internacionais&quot;","block_context":{"text":"Precursores internacionais","link":"https:\/\/www.cltweb.org\/pt-br\/category\/precursores-internacionais\/"},"img":{"alt_text":"","src":"","width":0,"height":0},"classes":[]},{"id":3952,"url":"https:\/\/www.cltweb.org\/pt-br\/biblioteca-de-recursos\/estudos-de-caso-clt\/albany-community-land-trust\/","url_meta":{"origin":10371,"position":1},"title":"Albany Community Land Trust","author":"cltredesign_0jp0l4","date":"20 de outubro de 2024","format":false,"excerpt":"Estabelecida em 1987 (Albany, Nova York) Perfil contribu\u00eddo por Kirby White (2015) O Albany Community Land Trust foi lan\u00e7ado na d\u00e9cada de 1980 por meio dos esfor\u00e7os da United Tenants of Albany (UTA), cuja equipe se interessou pelos modelos de desenvolvimento comunit\u00e1rio e finan\u00e7as comunit\u00e1rias promovidos pelo Institute for Community\u2026","rel":"","context":"Em &quot;Estudos de caso&quot;","block_context":{"text":"Estudos de caso","link":"https:\/\/www.cltweb.org\/pt-br\/category\/estudos-de-caso\/"},"img":{"alt_text":"","src":"","width":0,"height":0},"classes":[]},{"id":4017,"url":"https:\/\/www.cltweb.org\/pt-br\/biblioteca-de-recursos\/estudos-de-caso-clt\/albany-community-land-trust-2\/","url_meta":{"origin":10371,"position":2},"title":"Albany Community Land Trust","author":"cltredesign_0jp0l4","date":"21 de outubro de 2024","format":false,"excerpt":"Estabelecida em 1987 (Albany, Nova York) Perfil contribu\u00eddo por Kirby White (2015) O Albany Community Land Trust foi lan\u00e7ado na d\u00e9cada de 1980 por meio dos esfor\u00e7os da United Tenants of Albany (UTA), cuja equipe se interessou pelos modelos de desenvolvimento comunit\u00e1rio e finan\u00e7as comunit\u00e1rias promovidos pelo Institute for Community\u2026","rel":"","context":"Post similar","block_context":{"text":"Post similar","link":""},"img":{"alt_text":"","src":"","width":0,"height":0},"classes":[]},{"id":4465,"url":"https:\/\/www.cltweb.org\/pt-br\/biblioteca-de-recursos\/entrevistas\/garantia-dos-direitos-a-terra-clts-em-assentamentos-informais-2020\/","url_meta":{"origin":10371,"position":3},"title":"Garantia dos direitos \u00e0 terra: CLTs em assentamentos informais (2020)","author":"cltredesign_0jp0l4","date":"22 de outubro de 2024","format":false,"excerpt":"Em 29 de outubro de 2020, a World Habitat apresentou um painel de discuss\u00e3o com foco no papel do fundo comunit\u00e1rio de terras na garantia dos direitos \u00e0 terra para os moradores de assentamentos informais. Entre os participantes do painel estavam: Mariolga Juli\u00e1 Pacheco e Don Jos\u00e9 Caraballo, do CLT\u2026","rel":"","context":"Em &quot;Entrevistas&quot;","block_context":{"text":"Entrevistas","link":"https:\/\/www.cltweb.org\/pt-br\/category\/entrevistas-pt-br\/"},"img":{"alt_text":"","src":"","width":0,"height":0},"classes":[]},{"id":4520,"url":"https:\/\/www.cltweb.org\/pt-br\/biblioteca-de-recursos\/entrevistas\/liz-alden-wily-2020\/","url_meta":{"origin":10371,"position":4},"title":"Liz Alden Wily (2020)","author":"cltredesign_0jp0l4","date":"22 de outubro de 2024","format":false,"excerpt":"Liz Alden Wily, PhD (Ci\u00eancia Pol\u00edtica), \u00e9 especialista em posse de terra e trabalha como pesquisadora, consultora t\u00e9cnica e profissional em posse de terra comunit\u00e1ria. Ela j\u00e1 trabalhou com essa quest\u00e3o em aproximadamente vinte pa\u00edses. Ela contribuiu com um cap\u00edtulo do livro On Common Ground intitulado \"Challenges for the New\u2026","rel":"","context":"Em &quot;Entrevistas&quot;","block_context":{"text":"Entrevistas","link":"https:\/\/www.cltweb.org\/pt-br\/category\/entrevistas-pt-br\/"},"img":{"alt_text":"","src":"","width":0,"height":0},"classes":[]},{"id":3763,"url":"https:\/\/www.cltweb.org\/pt-br\/biblioteca-de-recursos\/sul-global\/brasil\/fundo-de-terras-da-comunidade-da-favela\/","url_meta":{"origin":10371,"position":5},"title":"Fundo de Terras da Comunidade da Favela","author":"cltredesign_0jp0l4","date":"19 de outubro de 2024","format":false,"excerpt":"O projeto Favela Community Land Trust (Favela-CLT) nasceu em agosto de 2018, logo ap\u00f3s a cidade do Rio de Janeiro ter passado pela maior onda de despejos de sua hist\u00f3ria. Na ocasi\u00e3o, cerca de 80.000 pessoas foram removidas de suas casas, justificadas pela suposta necessidade de preparar a cidade para\u2026","rel":"","context":"Post similar","block_context":{"text":"Post similar","link":""},"img":{"alt_text":"","src":"","width":0,"height":0},"classes":[]}],"_links":{"self":[{"href":"https:\/\/www.cltweb.org\/pt-br\/wp-json\/wp\/v2\/pages\/10371","targetHints":{"allow":["GET"]}}],"collection":[{"href":"https:\/\/www.cltweb.org\/pt-br\/wp-json\/wp\/v2\/pages"}],"about":[{"href":"https:\/\/www.cltweb.org\/pt-br\/wp-json\/wp\/v2\/types\/page"}],"author":[{"embeddable":true,"href":"https:\/\/www.cltweb.org\/pt-br\/wp-json\/wp\/v2\/users\/1"}],"replies":[{"embeddable":true,"href":"https:\/\/www.cltweb.org\/pt-br\/wp-json\/wp\/v2\/comments?post=10371"}],"version-history":[{"count":0,"href":"https:\/\/www.cltweb.org\/pt-br\/wp-json\/wp\/v2\/pages\/10371\/revisions"}],"wp:attachment":[{"href":"https:\/\/www.cltweb.org\/pt-br\/wp-json\/wp\/v2\/media?parent=10371"}],"wp:term":[{"taxonomy":"category","embeddable":true,"href":"https:\/\/www.cltweb.org\/pt-br\/wp-json\/wp\/v2\/categories?post=10371"},{"taxonomy":"post_tag","embeddable":true,"href":"https:\/\/www.cltweb.org\/pt-br\/wp-json\/wp\/v2\/tags?post=10371"}],"curies":[{"name":"wp","href":"https:\/\/api.w.org\/{rel}","templated":true}]}}