{"id":10398,"date":"2025-10-28T17:38:19","date_gmt":"2025-10-28T17:38:19","guid":{"rendered":"https:\/\/www.cltweb.org\/doar\/"},"modified":"2025-11-04T22:26:27","modified_gmt":"2025-11-04T22:26:27","slug":"doar","status":"publish","type":"page","link":"https:\/\/www.cltweb.org\/pt-br\/sobre-nos\/doar\/","title":{"rendered":"Apoie nosso trabalho"},"content":{"rendered":"<div class='root-data-givewp-embed' data-form-locale='pt_BR' data-form-url='https:\/\/www.cltweb.org\/?post_type=give_forms&amp;p=10382' data-form-view-url='https:\/\/www.cltweb.org\/pt-br\/?givewp-route=donation-form-view&amp;form-id=10382' data-src='https:\/\/www.cltweb.org\/pt-br\/?givewp-route=donation-form-view&amp;form-id=10382' data-givewp-embed-id='give-form-shortcode-1' data-form-format='' data-open-form-button='Doar agora' style='--givewp-primary-color: #0b72d9; --givewp-secondary-color: #27ae60;'><\/div>\n\n\n\n<p><\/p>\n","protected":false},"excerpt":{"rendered":"<p>Apoiar o trabalho do Centro Internacional para CLTs.<\/p>\n","protected":false},"author":1,"featured_media":0,"parent":947,"menu_order":0,"comment_status":"closed","ping_status":"closed","template":"","meta":{"give_campaign_id":0,"_tec_requires_first_save":true,"_kad_blocks_custom_css":"","_kad_blocks_head_custom_js":"","_kad_blocks_body_custom_js":"","_kad_blocks_footer_custom_js":"","_EventAllDay":false,"_EventTimezone":"","_EventStartDate":"","_EventEndDate":"","_EventStartDateUTC":"","_EventEndDateUTC":"","_EventShowMap":false,"_EventShowMapLink":false,"_EventURL":"","_EventCost":"","_EventCostDescription":"","_EventCurrencySymbol":"","_EventCurrencyCode":"","_EventCurrencyPosition":"","_EventDateTimeSeparator":"","_EventTimeRangeSeparator":"","_EventOrganizerID":[],"_EventVenueID":[],"_OrganizerEmail":"","_OrganizerPhone":"","_OrganizerWebsite":"","_VenueAddress":"","_VenueCity":"","_VenueCountry":"","_VenueProvince":"","_VenueState":"","_VenueZip":"","_VenuePhone":"","_VenueURL":"","_VenueStateProvince":"","_VenueLat":"","_VenueLng":"","_VenueShowMap":false,"_VenueShowMapLink":false,"_tribe_blocks_recurrence_rules":"","_tribe_blocks_recurrence_description":"","_tribe_blocks_recurrence_exclusions":"","footnotes":""},"categories":[76],"tags":[],"class_list":["post-10398","page","type-page","status-publish","hentry","category-sobre-nos"],"blocksy_meta":[],"yoast_head":"<!-- This site is optimized with the Yoast SEO Premium plugin v27.5 (Yoast SEO v27.5) - https:\/\/yoast.com\/product\/yoast-seo-premium-wordpress\/ -->\n<title>Apoie nosso trabalho - International Center for Community Land Trusts<\/title>\n<meta name=\"robots\" content=\"index, follow, max-snippet:-1, max-image-preview:large, max-video-preview:-1\" \/>\n<link rel=\"canonical\" href=\"https:\/\/www.cltweb.org\/pt-br\/sobre-nos\/doar\/\" \/>\n<meta property=\"og:locale\" content=\"pt_BR\" \/>\n<meta property=\"og:type\" content=\"article\" \/>\n<meta property=\"og:title\" content=\"Apoie nosso trabalho\" \/>\n<meta property=\"og:description\" content=\"Apoiar o trabalho do Centro Internacional para CLTs.\" \/>\n<meta property=\"og:url\" content=\"https:\/\/www.cltweb.org\/pt-br\/sobre-nos\/doar\/\" \/>\n<meta property=\"og:site_name\" content=\"International Center for Community Land Trusts\" \/>\n<meta property=\"article:publisher\" content=\"https:\/\/www.facebook.com\/cltcenter\" \/>\n<meta property=\"article:modified_time\" content=\"2025-11-04T22:26:27+00:00\" \/>\n<meta name=\"twitter:card\" content=\"summary_large_image\" \/>\n<meta name=\"twitter:site\" content=\"@Center4CLTs\" \/>\n<script type=\"application\/ld+json\" class=\"yoast-schema-graph\">{\"@context\":\"https:\\\/\\\/schema.org\",\"@graph\":[{\"@type\":\"WebPage\",\"@id\":\"https:\\\/\\\/www.cltweb.org\\\/pt-br\\\/sobre-nos\\\/doar\\\/\",\"url\":\"https:\\\/\\\/www.cltweb.org\\\/pt-br\\\/sobre-nos\\\/doar\\\/\",\"name\":\"Apoie nosso trabalho - International Center for Community Land Trusts\",\"isPartOf\":{\"@id\":\"https:\\\/\\\/www.cltweb.org\\\/pt-br\\\/#website\"},\"datePublished\":\"2025-10-28T17:38:19+00:00\",\"dateModified\":\"2025-11-04T22:26:27+00:00\",\"breadcrumb\":{\"@id\":\"https:\\\/\\\/www.cltweb.org\\\/pt-br\\\/sobre-nos\\\/doar\\\/#breadcrumb\"},\"inLanguage\":\"pt-BR\",\"potentialAction\":[{\"@type\":\"ReadAction\",\"target\":[\"https:\\\/\\\/www.cltweb.org\\\/pt-br\\\/sobre-nos\\\/doar\\\/\"]}]},{\"@type\":\"BreadcrumbList\",\"@id\":\"https:\\\/\\\/www.cltweb.org\\\/pt-br\\\/sobre-nos\\\/doar\\\/#breadcrumb\",\"itemListElement\":[{\"@type\":\"ListItem\",\"position\":1,\"name\":\"Home\",\"item\":\"https:\\\/\\\/www.cltweb.org\\\/pt-br\\\/\"},{\"@type\":\"ListItem\",\"position\":2,\"name\":\"Sobre n\u00f3s\",\"item\":\"https:\\\/\\\/www.cltweb.org\\\/pt-br\\\/sobre-nos\\\/\"},{\"@type\":\"ListItem\",\"position\":3,\"name\":\"Apoie nosso trabalho\"}]},{\"@type\":\"WebSite\",\"@id\":\"https:\\\/\\\/www.cltweb.org\\\/pt-br\\\/#website\",\"url\":\"https:\\\/\\\/www.cltweb.org\\\/pt-br\\\/\",\"name\":\"International Center for Community Land Trusts\",\"description\":\"\",\"publisher\":{\"@id\":\"https:\\\/\\\/www.cltweb.org\\\/pt-br\\\/#organization\"},\"potentialAction\":[{\"@type\":\"SearchAction\",\"target\":{\"@type\":\"EntryPoint\",\"urlTemplate\":\"https:\\\/\\\/www.cltweb.org\\\/pt-br\\\/?s={search_term_string}\"},\"query-input\":{\"@type\":\"PropertyValueSpecification\",\"valueRequired\":true,\"valueName\":\"search_term_string\"}}],\"inLanguage\":\"pt-BR\"},{\"@type\":\"Organization\",\"@id\":\"https:\\\/\\\/www.cltweb.org\\\/pt-br\\\/#organization\",\"name\":\"International Center for Community Land Trusts\",\"url\":\"https:\\\/\\\/www.cltweb.org\\\/pt-br\\\/\",\"logo\":{\"@type\":\"ImageObject\",\"inLanguage\":\"pt-BR\",\"@id\":\"https:\\\/\\\/www.cltweb.org\\\/pt-br\\\/#\\\/schema\\\/logo\\\/image\\\/\",\"url\":\"https:\\\/\\\/www.cltweb.org\\\/wp-content\\\/uploads\\\/2024\\\/11\\\/New-CLT-Center-Text-logo.png\",\"contentUrl\":\"https:\\\/\\\/www.cltweb.org\\\/wp-content\\\/uploads\\\/2024\\\/11\\\/New-CLT-Center-Text-logo.png\",\"width\":227,\"height\":80,\"caption\":\"International Center for Community Land Trusts\"},\"image\":{\"@id\":\"https:\\\/\\\/www.cltweb.org\\\/pt-br\\\/#\\\/schema\\\/logo\\\/image\\\/\"},\"sameAs\":[\"https:\\\/\\\/www.facebook.com\\\/cltcenter\",\"https:\\\/\\\/x.com\\\/Center4CLTs\",\"https:\\\/\\\/www.instagram.com\\\/cltcenter\\\/\",\"https:\\\/\\\/www.linkedin.com\\\/company\\\/cltcenter\",\"https:\\\/\\\/www.youtube.com\\\/@centerforcltinnovation5313\"],\"description\":\"The International Center for Community Land Trusts is a not-for-profit nongovernmental organization established in 2018 to promote and to support community land trusts and similar strategies of community-led development on community-owned land in countries throughout the world.\",\"email\":\"info@communitylandtrust.net\",\"legalName\":\"International Center for Community Land Trusts\",\"foundingDate\":\"2018-12-01\",\"taxID\":\"84-3858933\",\"numberOfEmployees\":{\"@type\":\"QuantitativeValue\",\"minValue\":\"1\",\"maxValue\":\"10\"}}]}<\/script>\n<!-- \/ Yoast SEO Premium plugin. -->","yoast_head_json":{"title":"Apoie nosso trabalho - International Center for Community Land Trusts","robots":{"index":"index","follow":"follow","max-snippet":"max-snippet:-1","max-image-preview":"max-image-preview:large","max-video-preview":"max-video-preview:-1"},"canonical":"https:\/\/www.cltweb.org\/pt-br\/sobre-nos\/doar\/","og_locale":"pt_BR","og_type":"article","og_title":"Apoie nosso trabalho","og_description":"Apoiar o trabalho do Centro Internacional para CLTs.","og_url":"https:\/\/www.cltweb.org\/pt-br\/sobre-nos\/doar\/","og_site_name":"International Center for Community Land Trusts","article_publisher":"https:\/\/www.facebook.com\/cltcenter","article_modified_time":"2025-11-04T22:26:27+00:00","twitter_card":"summary_large_image","twitter_site":"@Center4CLTs","schema":{"@context":"https:\/\/schema.org","@graph":[{"@type":"WebPage","@id":"https:\/\/www.cltweb.org\/pt-br\/sobre-nos\/doar\/","url":"https:\/\/www.cltweb.org\/pt-br\/sobre-nos\/doar\/","name":"Apoie nosso trabalho - International Center for Community Land Trusts","isPartOf":{"@id":"https:\/\/www.cltweb.org\/pt-br\/#website"},"datePublished":"2025-10-28T17:38:19+00:00","dateModified":"2025-11-04T22:26:27+00:00","breadcrumb":{"@id":"https:\/\/www.cltweb.org\/pt-br\/sobre-nos\/doar\/#breadcrumb"},"inLanguage":"pt-BR","potentialAction":[{"@type":"ReadAction","target":["https:\/\/www.cltweb.org\/pt-br\/sobre-nos\/doar\/"]}]},{"@type":"BreadcrumbList","@id":"https:\/\/www.cltweb.org\/pt-br\/sobre-nos\/doar\/#breadcrumb","itemListElement":[{"@type":"ListItem","position":1,"name":"Home","item":"https:\/\/www.cltweb.org\/pt-br\/"},{"@type":"ListItem","position":2,"name":"Sobre n\u00f3s","item":"https:\/\/www.cltweb.org\/pt-br\/sobre-nos\/"},{"@type":"ListItem","position":3,"name":"Apoie nosso trabalho"}]},{"@type":"WebSite","@id":"https:\/\/www.cltweb.org\/pt-br\/#website","url":"https:\/\/www.cltweb.org\/pt-br\/","name":"International Center for Community Land Trusts","description":"","publisher":{"@id":"https:\/\/www.cltweb.org\/pt-br\/#organization"},"potentialAction":[{"@type":"SearchAction","target":{"@type":"EntryPoint","urlTemplate":"https:\/\/www.cltweb.org\/pt-br\/?s={search_term_string}"},"query-input":{"@type":"PropertyValueSpecification","valueRequired":true,"valueName":"search_term_string"}}],"inLanguage":"pt-BR"},{"@type":"Organization","@id":"https:\/\/www.cltweb.org\/pt-br\/#organization","name":"International Center for Community Land Trusts","url":"https:\/\/www.cltweb.org\/pt-br\/","logo":{"@type":"ImageObject","inLanguage":"pt-BR","@id":"https:\/\/www.cltweb.org\/pt-br\/#\/schema\/logo\/image\/","url":"https:\/\/www.cltweb.org\/wp-content\/uploads\/2024\/11\/New-CLT-Center-Text-logo.png","contentUrl":"https:\/\/www.cltweb.org\/wp-content\/uploads\/2024\/11\/New-CLT-Center-Text-logo.png","width":227,"height":80,"caption":"International Center for Community Land Trusts"},"image":{"@id":"https:\/\/www.cltweb.org\/pt-br\/#\/schema\/logo\/image\/"},"sameAs":["https:\/\/www.facebook.com\/cltcenter","https:\/\/x.com\/Center4CLTs","https:\/\/www.instagram.com\/cltcenter\/","https:\/\/www.linkedin.com\/company\/cltcenter","https:\/\/www.youtube.com\/@centerforcltinnovation5313"],"description":"The International Center for Community Land Trusts is a not-for-profit nongovernmental organization established in 2018 to promote and to support community land trusts and similar strategies of community-led development on community-owned land in countries throughout the world.","email":"info@communitylandtrust.net","legalName":"International Center for Community Land Trusts","foundingDate":"2018-12-01","taxID":"84-3858933","numberOfEmployees":{"@type":"QuantitativeValue","minValue":"1","maxValue":"10"}}]}},"campaignId":"","taxonomy_info":{"category":[{"value":76,"label":"Sobre n\u00f3s"}]},"featured_image_src_large":false,"author_info":{"display_name":"cltredesign_0jp0l4","author_link":"https:\/\/www.cltweb.org\/pt-br\/author\/cltredesign_0jp0l4\/"},"comment_info":0,"jetpack_sharing_enabled":true,"jetpack-related-posts":[{"id":842,"url":"https:\/\/www.cltweb.org\/pt-br\/sobre-nos\/missao-e-estrategia\/","url_meta":{"origin":10398,"position":0},"title":"Miss\u00e3o e estrat\u00e9gia","author":"cltredesign_0jp0l4","date":"26 de julho de 2024","format":false,"excerpt":"A vis\u00e3o, a miss\u00e3o e a estrat\u00e9gia abrangente de nosso trabalho.","rel":"","context":"Em &quot;Sobre n\u00f3s&quot;","block_context":{"text":"Sobre n\u00f3s","link":"https:\/\/www.cltweb.org\/pt-br\/category\/sobre-nos\/"},"img":{"alt_text":"","src":"","width":0,"height":0},"classes":[]},{"id":852,"url":"https:\/\/www.cltweb.org\/pt-br\/sobre-nos\/historia\/","url_meta":{"origin":10398,"position":1},"title":"Nossa hist\u00f3ria","author":"cltredesign_0jp0l4","date":"26 de julho de 2024","format":false,"excerpt":"Uma linha do tempo da evolu\u00e7\u00e3o do movimento internacional do CLT.","rel":"","context":"Em &quot;Sobre n\u00f3s&quot;","block_context":{"text":"Sobre n\u00f3s","link":"https:\/\/www.cltweb.org\/pt-br\/category\/sobre-nos\/"},"img":{"alt_text":"","src":"","width":0,"height":0},"classes":[]},{"id":10396,"url":"https:\/\/www.cltweb.org\/es\/sobre-nosotros\/dona\/","url_meta":{"origin":10398,"position":2},"title":"Apoya nuestro trabajo","author":"cltredesign_0jp0l4","date":"28 de outubro de 2025","format":false,"excerpt":"Apoyar el trabajo del Centro Internacional de CLTs.","rel":"","context":"Em &quot;Sobre nosotros&quot;","block_context":{"text":"Sobre nosotros","link":"https:\/\/www.cltweb.org\/es\/category\/sobre-nosotros\/"},"img":{"alt_text":"","src":"","width":0,"height":0},"classes":[]},{"id":862,"url":"https:\/\/www.cltweb.org\/pt-br\/sobre-nos\/diretoria\/","url_meta":{"origin":10398,"position":3},"title":"Diretoria e equipe","author":"cltredesign_0jp0l4","date":"26 de julho de 2024","format":false,"excerpt":"A equipe que est\u00e1 liderando o trabalho do Centro CLT.","rel":"","context":"Em &quot;Sobre n\u00f3s&quot;","block_context":{"text":"Sobre n\u00f3s","link":"https:\/\/www.cltweb.org\/pt-br\/category\/sobre-nos\/"},"img":{"alt_text":"","src":"","width":0,"height":0},"classes":[]},{"id":9447,"url":"https:\/\/www.cltweb.org\/pt-br\/sobre-nos\/oportunidades-de-carreira\/consultor-de-desenvolvimento\/","url_meta":{"origin":10398,"position":4},"title":"Consultor de desenvolvimento","author":"cltredesign_0jp0l4","date":"19 de maio de 2025","format":false,"excerpt":"Estamos buscando um consultor de desenvolvimento experiente para ajudar a liderar nossos esfor\u00e7os de capta\u00e7\u00e3o de recursos. Esse cargo contratado trabalhar\u00e1 vinte (20) horas por semana em estreita colabora\u00e7\u00e3o com nosso Diretor Executivo, Diretor de Comunica\u00e7\u00f5es, consultores de projetos, bem como membros do conselho que estejam ativamente envolvidos em esfor\u00e7os\u2026","rel":"","context":"Em &quot;Empregos&quot;","block_context":{"text":"Empregos","link":"https:\/\/www.cltweb.org\/pt-br\/category\/empregos\/"},"img":{"alt_text":"","src":"","width":0,"height":0},"classes":[]},{"id":6195,"url":"https:\/\/www.cltweb.org\/pt-br\/","url_meta":{"origin":10398,"position":5},"title":"In\u00edcio","author":"cltredesign_0jp0l4","date":"29 de outubro de 2024","format":false,"excerpt":"Centro Internacional para Fundos de Terras Comunit\u00e1rios Somos uma organiza\u00e7\u00e3o n\u00e3o governamental sem fins lucrativos criada em 2018 para promover e apoiar fundos de terras comunit\u00e1rios e estrat\u00e9gias semelhantes de desenvolvimento liderado pela comunidade em terras de propriedade da comunidade em pa\u00edses de todo o mundo. Foto da comunidade do\u2026","rel":"","context":"Post similar","block_context":{"text":"Post similar","link":""},"img":{"alt_text":"Virtual Summit Banner","src":"https:\/\/i0.wp.com\/www.cltweb.org\/wp-content\/uploads\/2026\/03\/VS-banner-2026.png?resize=350%2C200&ssl=1","width":350,"height":200,"srcset":"https:\/\/i0.wp.com\/www.cltweb.org\/wp-content\/uploads\/2026\/03\/VS-banner-2026.png?resize=350%2C200&ssl=1 1x, https:\/\/i0.wp.com\/www.cltweb.org\/wp-content\/uploads\/2026\/03\/VS-banner-2026.png?resize=525%2C300&ssl=1 1.5x, https:\/\/i0.wp.com\/www.cltweb.org\/wp-content\/uploads\/2026\/03\/VS-banner-2026.png?resize=700%2C400&ssl=1 2x"},"classes":[]}],"_links":{"self":[{"href":"https:\/\/www.cltweb.org\/pt-br\/wp-json\/wp\/v2\/pages\/10398","targetHints":{"allow":["GET"]}}],"collection":[{"href":"https:\/\/www.cltweb.org\/pt-br\/wp-json\/wp\/v2\/pages"}],"about":[{"href":"https:\/\/www.cltweb.org\/pt-br\/wp-json\/wp\/v2\/types\/page"}],"author":[{"embeddable":true,"href":"https:\/\/www.cltweb.org\/pt-br\/wp-json\/wp\/v2\/users\/1"}],"replies":[{"embeddable":true,"href":"https:\/\/www.cltweb.org\/pt-br\/wp-json\/wp\/v2\/comments?post=10398"}],"version-history":[{"count":3,"href":"https:\/\/www.cltweb.org\/pt-br\/wp-json\/wp\/v2\/pages\/10398\/revisions"}],"predecessor-version":[{"id":10570,"href":"https:\/\/www.cltweb.org\/pt-br\/wp-json\/wp\/v2\/pages\/10398\/revisions\/10570"}],"up":[{"embeddable":true,"href":"https:\/\/www.cltweb.org\/pt-br\/wp-json\/wp\/v2\/pages\/947"}],"wp:attachment":[{"href":"https:\/\/www.cltweb.org\/pt-br\/wp-json\/wp\/v2\/media?parent=10398"}],"wp:term":[{"taxonomy":"category","embeddable":true,"href":"https:\/\/www.cltweb.org\/pt-br\/wp-json\/wp\/v2\/categories?post=10398"},{"taxonomy":"post_tag","embeddable":true,"href":"https:\/\/www.cltweb.org\/pt-br\/wp-json\/wp\/v2\/tags?post=10398"}],"curies":[{"name":"wp","href":"https:\/\/api.w.org\/{rel}","templated":true}]}}