{"id":1544,"date":"2024-08-12T19:00:17","date_gmt":"2024-08-12T19:00:17","guid":{"rendered":"https:\/\/www.cltweb.org\/o-que-os-clts-fazem\/alojamento\/condominio\/"},"modified":"2024-08-12T19:00:17","modified_gmt":"2024-08-12T19:00:17","slug":"condominio","status":"publish","type":"page","link":"https:\/\/www.cltweb.org\/pt-br\/o-que-os-clts-fazem\/alojamento\/condominio\/","title":{"rendered":"Condom\u00ednio"},"content":{"rendered":"","protected":false},"excerpt":{"rendered":"","protected":false},"author":1,"featured_media":0,"parent":803,"menu_order":0,"comment_status":"closed","ping_status":"closed","template":"","meta":{"give_campaign_id":0,"_tec_requires_first_save":true,"_kad_blocks_custom_css":"","_kad_blocks_head_custom_js":"","_kad_blocks_body_custom_js":"","_kad_blocks_footer_custom_js":"","_EventAllDay":false,"_EventTimezone":"","_EventStartDate":"","_EventEndDate":"","_EventStartDateUTC":"","_EventEndDateUTC":"","_EventShowMap":false,"_EventShowMapLink":false,"_EventURL":"","_EventCost":"","_EventCostDescription":"","_EventCurrencySymbol":"","_EventCurrencyCode":"","_EventCurrencyPosition":"","_EventDateTimeSeparator":"","_EventTimeRangeSeparator":"","_EventOrganizerID":[],"_EventVenueID":[],"_OrganizerEmail":"","_OrganizerPhone":"","_OrganizerWebsite":"","_VenueAddress":"","_VenueCity":"","_VenueCountry":"","_VenueProvince":"","_VenueState":"","_VenueZip":"","_VenuePhone":"","_VenueURL":"","_VenueStateProvince":"","_VenueLat":"","_VenueLng":"","_VenueShowMap":false,"_VenueShowMapLink":false,"_tribe_blocks_recurrence_rules":"","_tribe_blocks_recurrence_description":"","_tribe_blocks_recurrence_exclusions":"","footnotes":""},"categories":[112],"tags":[],"class_list":["post-1544","page","type-page","status-publish","hentry","category-alojamento"],"blocksy_meta":[],"yoast_head":"<!-- This site is optimized with the Yoast SEO Premium plugin v27.5 (Yoast SEO v27.5) - https:\/\/yoast.com\/product\/yoast-seo-premium-wordpress\/ -->\n<title>Condom\u00ednio - International Center for Community Land Trusts<\/title>\n<meta name=\"robots\" content=\"index, follow, max-snippet:-1, max-image-preview:large, max-video-preview:-1\" \/>\n<link rel=\"canonical\" href=\"https:\/\/www.cltweb.org\/pt-br\/o-que-os-clts-fazem\/alojamento\/condominio\/\" \/>\n<meta property=\"og:locale\" content=\"pt_BR\" \/>\n<meta property=\"og:type\" content=\"article\" \/>\n<meta property=\"og:title\" content=\"Condom\u00ednio\" \/>\n<meta property=\"og:url\" content=\"https:\/\/www.cltweb.org\/pt-br\/o-que-os-clts-fazem\/alojamento\/condominio\/\" \/>\n<meta property=\"og:site_name\" content=\"International Center for Community Land Trusts\" \/>\n<meta property=\"article:publisher\" content=\"https:\/\/www.facebook.com\/cltcenter\" \/>\n<meta name=\"twitter:card\" content=\"summary_large_image\" \/>\n<meta name=\"twitter:site\" content=\"@Center4CLTs\" \/>\n<script type=\"application\/ld+json\" class=\"yoast-schema-graph\">{\"@context\":\"https:\\\/\\\/schema.org\",\"@graph\":[{\"@type\":\"WebPage\",\"@id\":\"https:\\\/\\\/www.cltweb.org\\\/pt-br\\\/o-que-os-clts-fazem\\\/alojamento\\\/condominio\\\/\",\"url\":\"https:\\\/\\\/www.cltweb.org\\\/pt-br\\\/o-que-os-clts-fazem\\\/alojamento\\\/condominio\\\/\",\"name\":\"Condom\u00ednio - International Center for Community Land Trusts\",\"isPartOf\":{\"@id\":\"https:\\\/\\\/www.cltweb.org\\\/pt-br\\\/#website\"},\"datePublished\":\"2024-08-12T19:00:17+00:00\",\"breadcrumb\":{\"@id\":\"https:\\\/\\\/www.cltweb.org\\\/pt-br\\\/o-que-os-clts-fazem\\\/alojamento\\\/condominio\\\/#breadcrumb\"},\"inLanguage\":\"pt-BR\",\"potentialAction\":[{\"@type\":\"ReadAction\",\"target\":[\"https:\\\/\\\/www.cltweb.org\\\/pt-br\\\/o-que-os-clts-fazem\\\/alojamento\\\/condominio\\\/\"]}]},{\"@type\":\"BreadcrumbList\",\"@id\":\"https:\\\/\\\/www.cltweb.org\\\/pt-br\\\/o-que-os-clts-fazem\\\/alojamento\\\/condominio\\\/#breadcrumb\",\"itemListElement\":[{\"@type\":\"ListItem\",\"position\":1,\"name\":\"Home\",\"item\":\"https:\\\/\\\/www.cltweb.org\\\/pt-br\\\/\"},{\"@type\":\"ListItem\",\"position\":2,\"name\":\"O que os CLTs fazem\",\"item\":\"https:\\\/\\\/www.cltweb.org\\\/pt-br\\\/what-clts-do\\\/\"},{\"@type\":\"ListItem\",\"position\":3,\"name\":\"Alojamento\",\"item\":\"https:\\\/\\\/www.cltweb.org\\\/pt-br\\\/what-clts-do\\\/housing\\\/\"},{\"@type\":\"ListItem\",\"position\":4,\"name\":\"Condom\u00ednio\"}]},{\"@type\":\"WebSite\",\"@id\":\"https:\\\/\\\/www.cltweb.org\\\/pt-br\\\/#website\",\"url\":\"https:\\\/\\\/www.cltweb.org\\\/pt-br\\\/\",\"name\":\"International Center for Community Land Trusts\",\"description\":\"\",\"publisher\":{\"@id\":\"https:\\\/\\\/www.cltweb.org\\\/pt-br\\\/#organization\"},\"potentialAction\":[{\"@type\":\"SearchAction\",\"target\":{\"@type\":\"EntryPoint\",\"urlTemplate\":\"https:\\\/\\\/www.cltweb.org\\\/pt-br\\\/?s={search_term_string}\"},\"query-input\":{\"@type\":\"PropertyValueSpecification\",\"valueRequired\":true,\"valueName\":\"search_term_string\"}}],\"inLanguage\":\"pt-BR\"},{\"@type\":\"Organization\",\"@id\":\"https:\\\/\\\/www.cltweb.org\\\/pt-br\\\/#organization\",\"name\":\"International Center for Community Land Trusts\",\"url\":\"https:\\\/\\\/www.cltweb.org\\\/pt-br\\\/\",\"logo\":{\"@type\":\"ImageObject\",\"inLanguage\":\"pt-BR\",\"@id\":\"https:\\\/\\\/www.cltweb.org\\\/pt-br\\\/#\\\/schema\\\/logo\\\/image\\\/\",\"url\":\"https:\\\/\\\/www.cltweb.org\\\/wp-content\\\/uploads\\\/2024\\\/11\\\/New-CLT-Center-Text-logo.png\",\"contentUrl\":\"https:\\\/\\\/www.cltweb.org\\\/wp-content\\\/uploads\\\/2024\\\/11\\\/New-CLT-Center-Text-logo.png\",\"width\":227,\"height\":80,\"caption\":\"International Center for Community Land Trusts\"},\"image\":{\"@id\":\"https:\\\/\\\/www.cltweb.org\\\/pt-br\\\/#\\\/schema\\\/logo\\\/image\\\/\"},\"sameAs\":[\"https:\\\/\\\/www.facebook.com\\\/cltcenter\",\"https:\\\/\\\/x.com\\\/Center4CLTs\",\"https:\\\/\\\/www.instagram.com\\\/cltcenter\\\/\",\"https:\\\/\\\/www.linkedin.com\\\/company\\\/cltcenter\",\"https:\\\/\\\/www.youtube.com\\\/@centerforcltinnovation5313\"],\"description\":\"The International Center for Community Land Trusts is a not-for-profit nongovernmental organization established in 2018 to promote and to support community land trusts and similar strategies of community-led development on community-owned land in countries throughout the world.\",\"email\":\"info@communitylandtrust.net\",\"legalName\":\"International Center for Community Land Trusts\",\"foundingDate\":\"2018-12-01\",\"taxID\":\"84-3858933\",\"numberOfEmployees\":{\"@type\":\"QuantitativeValue\",\"minValue\":\"1\",\"maxValue\":\"10\"}}]}<\/script>\n<!-- \/ Yoast SEO Premium plugin. -->","yoast_head_json":{"title":"Condom\u00ednio - International Center for Community Land Trusts","robots":{"index":"index","follow":"follow","max-snippet":"max-snippet:-1","max-image-preview":"max-image-preview:large","max-video-preview":"max-video-preview:-1"},"canonical":"https:\/\/www.cltweb.org\/pt-br\/o-que-os-clts-fazem\/alojamento\/condominio\/","og_locale":"pt_BR","og_type":"article","og_title":"Condom\u00ednio","og_url":"https:\/\/www.cltweb.org\/pt-br\/o-que-os-clts-fazem\/alojamento\/condominio\/","og_site_name":"International Center for Community Land Trusts","article_publisher":"https:\/\/www.facebook.com\/cltcenter","twitter_card":"summary_large_image","twitter_site":"@Center4CLTs","schema":{"@context":"https:\/\/schema.org","@graph":[{"@type":"WebPage","@id":"https:\/\/www.cltweb.org\/pt-br\/o-que-os-clts-fazem\/alojamento\/condominio\/","url":"https:\/\/www.cltweb.org\/pt-br\/o-que-os-clts-fazem\/alojamento\/condominio\/","name":"Condom\u00ednio - International Center for Community Land Trusts","isPartOf":{"@id":"https:\/\/www.cltweb.org\/pt-br\/#website"},"datePublished":"2024-08-12T19:00:17+00:00","breadcrumb":{"@id":"https:\/\/www.cltweb.org\/pt-br\/o-que-os-clts-fazem\/alojamento\/condominio\/#breadcrumb"},"inLanguage":"pt-BR","potentialAction":[{"@type":"ReadAction","target":["https:\/\/www.cltweb.org\/pt-br\/o-que-os-clts-fazem\/alojamento\/condominio\/"]}]},{"@type":"BreadcrumbList","@id":"https:\/\/www.cltweb.org\/pt-br\/o-que-os-clts-fazem\/alojamento\/condominio\/#breadcrumb","itemListElement":[{"@type":"ListItem","position":1,"name":"Home","item":"https:\/\/www.cltweb.org\/pt-br\/"},{"@type":"ListItem","position":2,"name":"O que os CLTs fazem","item":"https:\/\/www.cltweb.org\/pt-br\/what-clts-do\/"},{"@type":"ListItem","position":3,"name":"Alojamento","item":"https:\/\/www.cltweb.org\/pt-br\/what-clts-do\/housing\/"},{"@type":"ListItem","position":4,"name":"Condom\u00ednio"}]},{"@type":"WebSite","@id":"https:\/\/www.cltweb.org\/pt-br\/#website","url":"https:\/\/www.cltweb.org\/pt-br\/","name":"International Center for Community Land Trusts","description":"","publisher":{"@id":"https:\/\/www.cltweb.org\/pt-br\/#organization"},"potentialAction":[{"@type":"SearchAction","target":{"@type":"EntryPoint","urlTemplate":"https:\/\/www.cltweb.org\/pt-br\/?s={search_term_string}"},"query-input":{"@type":"PropertyValueSpecification","valueRequired":true,"valueName":"search_term_string"}}],"inLanguage":"pt-BR"},{"@type":"Organization","@id":"https:\/\/www.cltweb.org\/pt-br\/#organization","name":"International Center for Community Land Trusts","url":"https:\/\/www.cltweb.org\/pt-br\/","logo":{"@type":"ImageObject","inLanguage":"pt-BR","@id":"https:\/\/www.cltweb.org\/pt-br\/#\/schema\/logo\/image\/","url":"https:\/\/www.cltweb.org\/wp-content\/uploads\/2024\/11\/New-CLT-Center-Text-logo.png","contentUrl":"https:\/\/www.cltweb.org\/wp-content\/uploads\/2024\/11\/New-CLT-Center-Text-logo.png","width":227,"height":80,"caption":"International Center for Community Land Trusts"},"image":{"@id":"https:\/\/www.cltweb.org\/pt-br\/#\/schema\/logo\/image\/"},"sameAs":["https:\/\/www.facebook.com\/cltcenter","https:\/\/x.com\/Center4CLTs","https:\/\/www.instagram.com\/cltcenter\/","https:\/\/www.linkedin.com\/company\/cltcenter","https:\/\/www.youtube.com\/@centerforcltinnovation5313"],"description":"The International Center for Community Land Trusts is a not-for-profit nongovernmental organization established in 2018 to promote and to support community land trusts and similar strategies of community-led development on community-owned land in countries throughout the world.","email":"info@communitylandtrust.net","legalName":"International Center for Community Land Trusts","foundingDate":"2018-12-01","taxID":"84-3858933","numberOfEmployees":{"@type":"QuantitativeValue","minValue":"1","maxValue":"10"}}]}},"campaignId":"","taxonomy_info":{"category":[{"value":112,"label":"Alojamento"}]},"featured_image_src_large":false,"author_info":{"display_name":"cltredesign_0jp0l4","author_link":"https:\/\/www.cltweb.org\/pt-br\/author\/cltredesign_0jp0l4\/"},"comment_info":0,"jetpack_sharing_enabled":true,"jetpack-related-posts":[{"id":1548,"url":"https:\/\/www.cltweb.org\/pt-br\/o-que-os-clts-fazem\/alojamento\/coabitacao\/","url_meta":{"origin":1544,"position":0},"title":"Coabita\u00e7\u00e3o","author":"cltredesign_0jp0l4","date":"12 de agosto de 2024","format":false,"excerpt":"","rel":"","context":"Em &quot;Alojamento&quot;","block_context":{"text":"Alojamento","link":"https:\/\/www.cltweb.org\/pt-br\/category\/alojamento\/"},"img":{"alt_text":"","src":"","width":0,"height":0},"classes":[]},{"id":1554,"url":"https:\/\/www.cltweb.org\/pt-br\/o-que-os-clts-fazem\/alojamento\/aluguel\/","url_meta":{"origin":1544,"position":1},"title":"Aluguel","author":"cltredesign_0jp0l4","date":"12 de agosto de 2024","format":false,"excerpt":"","rel":"","context":"Em &quot;Alojamento&quot;","block_context":{"text":"Alojamento","link":"https:\/\/www.cltweb.org\/pt-br\/category\/alojamento\/"},"img":{"alt_text":"","src":"","width":0,"height":0},"classes":[]},{"id":1565,"url":"https:\/\/www.cltweb.org\/pt-br\/o-que-os-clts-fazem\/alojamento\/cooperativas-habitacionais\/","url_meta":{"origin":1544,"position":2},"title":"Cooperativas habitacionais","author":"cltredesign_0jp0l4","date":"12 de agosto de 2024","format":false,"excerpt":"","rel":"","context":"Em &quot;Alojamento&quot;","block_context":{"text":"Alojamento","link":"https:\/\/www.cltweb.org\/pt-br\/category\/alojamento\/"},"img":{"alt_text":"","src":"","width":0,"height":0},"classes":[]},{"id":1555,"url":"https:\/\/www.cltweb.org\/pt-br\/o-que-os-clts-fazem\/alojamento\/propriedade-de-taxa-simples\/","url_meta":{"origin":1544,"position":3},"title":"Propriedade de taxa simples","author":"cltredesign_0jp0l4","date":"12 de agosto de 2024","format":false,"excerpt":"","rel":"","context":"Em &quot;Alojamento&quot;","block_context":{"text":"Alojamento","link":"https:\/\/www.cltweb.org\/pt-br\/category\/alojamento\/"},"img":{"alt_text":"","src":"","width":0,"height":0},"classes":[]},{"id":803,"url":"https:\/\/www.cltweb.org\/pt-br\/o-que-os-clts-fazem\/alojamento\/","url_meta":{"origin":1544,"position":4},"title":"Alojamento","author":"cltredesign_0jp0l4","date":"26 de julho de 2024","format":false,"excerpt":"Sobreposi\u00e7\u00e3o Alojamento Use esta se\u00e7\u00e3o de par\u00e1grafo para que os visitantes do seu site conhe\u00e7am voc\u00ea. Escreva sobre voc\u00ea ou sua organiza\u00e7\u00e3o, os produtos ou servi\u00e7os que voc\u00ea oferece ou por que voc\u00ea existe. Mantenha um estilo de comunica\u00e7\u00e3o consistente. Considere us\u00e1-lo se precisar fornecer mais contexto sobre por que\u2026","rel":"","context":"Em &quot;O que os CLTs fazem&quot;","block_context":{"text":"O que os CLTs fazem","link":"https:\/\/www.cltweb.org\/pt-br\/category\/o-que-os-clts-fazem\/"},"img":{"alt_text":"","src":"","width":0,"height":0},"classes":[]},{"id":1547,"url":"https:\/\/www.cltweb.org\/es\/que-hacen-los-clt\/vivienda\/condominio\/","url_meta":{"origin":1544,"position":5},"title":"Condominio","author":"cltredesign_0jp0l4","date":"12 de agosto de 2024","format":false,"excerpt":"","rel":"","context":"Em &quot;Vivienda&quot;","block_context":{"text":"Vivienda","link":"https:\/\/www.cltweb.org\/es\/category\/vivienda\/"},"img":{"alt_text":"","src":"","width":0,"height":0},"classes":[]}],"_links":{"self":[{"href":"https:\/\/www.cltweb.org\/pt-br\/wp-json\/wp\/v2\/pages\/1544","targetHints":{"allow":["GET"]}}],"collection":[{"href":"https:\/\/www.cltweb.org\/pt-br\/wp-json\/wp\/v2\/pages"}],"about":[{"href":"https:\/\/www.cltweb.org\/pt-br\/wp-json\/wp\/v2\/types\/page"}],"author":[{"embeddable":true,"href":"https:\/\/www.cltweb.org\/pt-br\/wp-json\/wp\/v2\/users\/1"}],"replies":[{"embeddable":true,"href":"https:\/\/www.cltweb.org\/pt-br\/wp-json\/wp\/v2\/comments?post=1544"}],"version-history":[{"count":0,"href":"https:\/\/www.cltweb.org\/pt-br\/wp-json\/wp\/v2\/pages\/1544\/revisions"}],"up":[{"embeddable":true,"href":"https:\/\/www.cltweb.org\/pt-br\/wp-json\/wp\/v2\/pages\/803"}],"wp:attachment":[{"href":"https:\/\/www.cltweb.org\/pt-br\/wp-json\/wp\/v2\/media?parent=1544"}],"wp:term":[{"taxonomy":"category","embeddable":true,"href":"https:\/\/www.cltweb.org\/pt-br\/wp-json\/wp\/v2\/categories?post=1544"},{"taxonomy":"post_tag","embeddable":true,"href":"https:\/\/www.cltweb.org\/pt-br\/wp-json\/wp\/v2\/tags?post=1544"}],"curies":[{"name":"wp","href":"https:\/\/api.w.org\/{rel}","templated":true}]}}