{"id":1555,"date":"2024-08-12T18:59:07","date_gmt":"2024-08-12T18:59:07","guid":{"rendered":"https:\/\/www.cltweb.org\/o-que-os-clts-fazem\/alojamento\/propriedade-de-taxa-simples\/"},"modified":"2024-08-12T18:59:07","modified_gmt":"2024-08-12T18:59:07","slug":"propriedade-de-taxa-simples","status":"publish","type":"page","link":"https:\/\/www.cltweb.org\/pt-br\/o-que-os-clts-fazem\/alojamento\/propriedade-de-taxa-simples\/","title":{"rendered":"Propriedade de taxa simples"},"content":{"rendered":"","protected":false},"excerpt":{"rendered":"","protected":false},"author":1,"featured_media":0,"parent":803,"menu_order":0,"comment_status":"closed","ping_status":"closed","template":"","meta":{"give_campaign_id":0,"_tec_requires_first_save":true,"_kad_blocks_custom_css":"","_kad_blocks_head_custom_js":"","_kad_blocks_body_custom_js":"","_kad_blocks_footer_custom_js":"","_EventAllDay":false,"_EventTimezone":"","_EventStartDate":"","_EventEndDate":"","_EventStartDateUTC":"","_EventEndDateUTC":"","_EventShowMap":false,"_EventShowMapLink":false,"_EventURL":"","_EventCost":"","_EventCostDescription":"","_EventCurrencySymbol":"","_EventCurrencyCode":"","_EventCurrencyPosition":"","_EventDateTimeSeparator":"","_EventTimeRangeSeparator":"","_EventOrganizerID":[],"_EventVenueID":[],"_OrganizerEmail":"","_OrganizerPhone":"","_OrganizerWebsite":"","_VenueAddress":"","_VenueCity":"","_VenueCountry":"","_VenueProvince":"","_VenueState":"","_VenueZip":"","_VenuePhone":"","_VenueURL":"","_VenueStateProvince":"","_VenueLat":"","_VenueLng":"","_VenueShowMap":false,"_VenueShowMapLink":false,"_tribe_blocks_recurrence_rules":"","_tribe_blocks_recurrence_description":"","_tribe_blocks_recurrence_exclusions":"","footnotes":""},"categories":[112],"tags":[],"class_list":["post-1555","page","type-page","status-publish","hentry","category-alojamento"],"blocksy_meta":[],"yoast_head":"<!-- This site is optimized with the Yoast SEO Premium plugin v27.5 (Yoast SEO v27.5) - https:\/\/yoast.com\/product\/yoast-seo-premium-wordpress\/ -->\n<title>Propriedade de taxa simples - International Center for Community Land Trusts<\/title>\n<meta name=\"robots\" content=\"index, follow, max-snippet:-1, max-image-preview:large, max-video-preview:-1\" \/>\n<link rel=\"canonical\" href=\"https:\/\/www.cltweb.org\/pt-br\/o-que-os-clts-fazem\/alojamento\/propriedade-de-taxa-simples\/\" \/>\n<meta property=\"og:locale\" content=\"pt_BR\" \/>\n<meta property=\"og:type\" content=\"article\" \/>\n<meta property=\"og:title\" content=\"Propriedade de taxa simples\" \/>\n<meta property=\"og:url\" content=\"https:\/\/www.cltweb.org\/pt-br\/o-que-os-clts-fazem\/alojamento\/propriedade-de-taxa-simples\/\" \/>\n<meta property=\"og:site_name\" content=\"International Center for Community Land Trusts\" \/>\n<meta property=\"article:publisher\" content=\"https:\/\/www.facebook.com\/cltcenter\" \/>\n<meta name=\"twitter:card\" content=\"summary_large_image\" \/>\n<meta name=\"twitter:site\" content=\"@Center4CLTs\" \/>\n<script type=\"application\/ld+json\" class=\"yoast-schema-graph\">{\"@context\":\"https:\\\/\\\/schema.org\",\"@graph\":[{\"@type\":\"WebPage\",\"@id\":\"https:\\\/\\\/www.cltweb.org\\\/pt-br\\\/o-que-os-clts-fazem\\\/alojamento\\\/propriedade-de-taxa-simples\\\/\",\"url\":\"https:\\\/\\\/www.cltweb.org\\\/pt-br\\\/o-que-os-clts-fazem\\\/alojamento\\\/propriedade-de-taxa-simples\\\/\",\"name\":\"Propriedade de taxa simples - International Center for Community Land Trusts\",\"isPartOf\":{\"@id\":\"https:\\\/\\\/www.cltweb.org\\\/pt-br\\\/#website\"},\"datePublished\":\"2024-08-12T18:59:07+00:00\",\"breadcrumb\":{\"@id\":\"https:\\\/\\\/www.cltweb.org\\\/pt-br\\\/o-que-os-clts-fazem\\\/alojamento\\\/propriedade-de-taxa-simples\\\/#breadcrumb\"},\"inLanguage\":\"pt-BR\",\"potentialAction\":[{\"@type\":\"ReadAction\",\"target\":[\"https:\\\/\\\/www.cltweb.org\\\/pt-br\\\/o-que-os-clts-fazem\\\/alojamento\\\/propriedade-de-taxa-simples\\\/\"]}]},{\"@type\":\"BreadcrumbList\",\"@id\":\"https:\\\/\\\/www.cltweb.org\\\/pt-br\\\/o-que-os-clts-fazem\\\/alojamento\\\/propriedade-de-taxa-simples\\\/#breadcrumb\",\"itemListElement\":[{\"@type\":\"ListItem\",\"position\":1,\"name\":\"Home\",\"item\":\"https:\\\/\\\/www.cltweb.org\\\/pt-br\\\/\"},{\"@type\":\"ListItem\",\"position\":2,\"name\":\"O que os CLTs fazem\",\"item\":\"https:\\\/\\\/www.cltweb.org\\\/pt-br\\\/what-clts-do\\\/\"},{\"@type\":\"ListItem\",\"position\":3,\"name\":\"Alojamento\",\"item\":\"https:\\\/\\\/www.cltweb.org\\\/pt-br\\\/what-clts-do\\\/housing\\\/\"},{\"@type\":\"ListItem\",\"position\":4,\"name\":\"Propriedade de taxa simples\"}]},{\"@type\":\"WebSite\",\"@id\":\"https:\\\/\\\/www.cltweb.org\\\/pt-br\\\/#website\",\"url\":\"https:\\\/\\\/www.cltweb.org\\\/pt-br\\\/\",\"name\":\"International Center for Community Land Trusts\",\"description\":\"\",\"publisher\":{\"@id\":\"https:\\\/\\\/www.cltweb.org\\\/pt-br\\\/#organization\"},\"potentialAction\":[{\"@type\":\"SearchAction\",\"target\":{\"@type\":\"EntryPoint\",\"urlTemplate\":\"https:\\\/\\\/www.cltweb.org\\\/pt-br\\\/?s={search_term_string}\"},\"query-input\":{\"@type\":\"PropertyValueSpecification\",\"valueRequired\":true,\"valueName\":\"search_term_string\"}}],\"inLanguage\":\"pt-BR\"},{\"@type\":\"Organization\",\"@id\":\"https:\\\/\\\/www.cltweb.org\\\/pt-br\\\/#organization\",\"name\":\"International Center for Community Land Trusts\",\"url\":\"https:\\\/\\\/www.cltweb.org\\\/pt-br\\\/\",\"logo\":{\"@type\":\"ImageObject\",\"inLanguage\":\"pt-BR\",\"@id\":\"https:\\\/\\\/www.cltweb.org\\\/pt-br\\\/#\\\/schema\\\/logo\\\/image\\\/\",\"url\":\"https:\\\/\\\/www.cltweb.org\\\/wp-content\\\/uploads\\\/2024\\\/11\\\/New-CLT-Center-Text-logo.png\",\"contentUrl\":\"https:\\\/\\\/www.cltweb.org\\\/wp-content\\\/uploads\\\/2024\\\/11\\\/New-CLT-Center-Text-logo.png\",\"width\":227,\"height\":80,\"caption\":\"International Center for Community Land Trusts\"},\"image\":{\"@id\":\"https:\\\/\\\/www.cltweb.org\\\/pt-br\\\/#\\\/schema\\\/logo\\\/image\\\/\"},\"sameAs\":[\"https:\\\/\\\/www.facebook.com\\\/cltcenter\",\"https:\\\/\\\/x.com\\\/Center4CLTs\",\"https:\\\/\\\/www.instagram.com\\\/cltcenter\\\/\",\"https:\\\/\\\/www.linkedin.com\\\/company\\\/cltcenter\",\"https:\\\/\\\/www.youtube.com\\\/@centerforcltinnovation5313\"],\"description\":\"The International Center for Community Land Trusts is a not-for-profit nongovernmental organization established in 2018 to promote and to support community land trusts and similar strategies of community-led development on community-owned land in countries throughout the world.\",\"email\":\"info@communitylandtrust.net\",\"legalName\":\"International Center for Community Land Trusts\",\"foundingDate\":\"2018-12-01\",\"taxID\":\"84-3858933\",\"numberOfEmployees\":{\"@type\":\"QuantitativeValue\",\"minValue\":\"1\",\"maxValue\":\"10\"}}]}<\/script>\n<!-- \/ Yoast SEO Premium plugin. -->","yoast_head_json":{"title":"Propriedade de taxa simples - International Center for Community Land Trusts","robots":{"index":"index","follow":"follow","max-snippet":"max-snippet:-1","max-image-preview":"max-image-preview:large","max-video-preview":"max-video-preview:-1"},"canonical":"https:\/\/www.cltweb.org\/pt-br\/o-que-os-clts-fazem\/alojamento\/propriedade-de-taxa-simples\/","og_locale":"pt_BR","og_type":"article","og_title":"Propriedade de taxa simples","og_url":"https:\/\/www.cltweb.org\/pt-br\/o-que-os-clts-fazem\/alojamento\/propriedade-de-taxa-simples\/","og_site_name":"International Center for Community Land Trusts","article_publisher":"https:\/\/www.facebook.com\/cltcenter","twitter_card":"summary_large_image","twitter_site":"@Center4CLTs","schema":{"@context":"https:\/\/schema.org","@graph":[{"@type":"WebPage","@id":"https:\/\/www.cltweb.org\/pt-br\/o-que-os-clts-fazem\/alojamento\/propriedade-de-taxa-simples\/","url":"https:\/\/www.cltweb.org\/pt-br\/o-que-os-clts-fazem\/alojamento\/propriedade-de-taxa-simples\/","name":"Propriedade de taxa simples - International Center for Community Land Trusts","isPartOf":{"@id":"https:\/\/www.cltweb.org\/pt-br\/#website"},"datePublished":"2024-08-12T18:59:07+00:00","breadcrumb":{"@id":"https:\/\/www.cltweb.org\/pt-br\/o-que-os-clts-fazem\/alojamento\/propriedade-de-taxa-simples\/#breadcrumb"},"inLanguage":"pt-BR","potentialAction":[{"@type":"ReadAction","target":["https:\/\/www.cltweb.org\/pt-br\/o-que-os-clts-fazem\/alojamento\/propriedade-de-taxa-simples\/"]}]},{"@type":"BreadcrumbList","@id":"https:\/\/www.cltweb.org\/pt-br\/o-que-os-clts-fazem\/alojamento\/propriedade-de-taxa-simples\/#breadcrumb","itemListElement":[{"@type":"ListItem","position":1,"name":"Home","item":"https:\/\/www.cltweb.org\/pt-br\/"},{"@type":"ListItem","position":2,"name":"O que os CLTs fazem","item":"https:\/\/www.cltweb.org\/pt-br\/what-clts-do\/"},{"@type":"ListItem","position":3,"name":"Alojamento","item":"https:\/\/www.cltweb.org\/pt-br\/what-clts-do\/housing\/"},{"@type":"ListItem","position":4,"name":"Propriedade de taxa simples"}]},{"@type":"WebSite","@id":"https:\/\/www.cltweb.org\/pt-br\/#website","url":"https:\/\/www.cltweb.org\/pt-br\/","name":"International Center for Community Land Trusts","description":"","publisher":{"@id":"https:\/\/www.cltweb.org\/pt-br\/#organization"},"potentialAction":[{"@type":"SearchAction","target":{"@type":"EntryPoint","urlTemplate":"https:\/\/www.cltweb.org\/pt-br\/?s={search_term_string}"},"query-input":{"@type":"PropertyValueSpecification","valueRequired":true,"valueName":"search_term_string"}}],"inLanguage":"pt-BR"},{"@type":"Organization","@id":"https:\/\/www.cltweb.org\/pt-br\/#organization","name":"International Center for Community Land Trusts","url":"https:\/\/www.cltweb.org\/pt-br\/","logo":{"@type":"ImageObject","inLanguage":"pt-BR","@id":"https:\/\/www.cltweb.org\/pt-br\/#\/schema\/logo\/image\/","url":"https:\/\/www.cltweb.org\/wp-content\/uploads\/2024\/11\/New-CLT-Center-Text-logo.png","contentUrl":"https:\/\/www.cltweb.org\/wp-content\/uploads\/2024\/11\/New-CLT-Center-Text-logo.png","width":227,"height":80,"caption":"International Center for Community Land Trusts"},"image":{"@id":"https:\/\/www.cltweb.org\/pt-br\/#\/schema\/logo\/image\/"},"sameAs":["https:\/\/www.facebook.com\/cltcenter","https:\/\/x.com\/Center4CLTs","https:\/\/www.instagram.com\/cltcenter\/","https:\/\/www.linkedin.com\/company\/cltcenter","https:\/\/www.youtube.com\/@centerforcltinnovation5313"],"description":"The International Center for Community Land Trusts is a not-for-profit nongovernmental organization established in 2018 to promote and to support community land trusts and similar strategies of community-led development on community-owned land in countries throughout the world.","email":"info@communitylandtrust.net","legalName":"International Center for Community Land Trusts","foundingDate":"2018-12-01","taxID":"84-3858933","numberOfEmployees":{"@type":"QuantitativeValue","minValue":"1","maxValue":"10"}}]}},"campaignId":"","taxonomy_info":{"category":[{"value":112,"label":"Alojamento"}]},"featured_image_src_large":false,"author_info":{"display_name":"cltredesign_0jp0l4","author_link":"https:\/\/www.cltweb.org\/pt-br\/author\/cltredesign_0jp0l4\/"},"comment_info":0,"jetpack_sharing_enabled":true,"jetpack-related-posts":[{"id":8978,"url":"https:\/\/www.cltweb.org\/pt-br\/biblioteca-de-recursos\/agricultura\/recursos-adicionais\/como-os-clts-asseguram-e-protegem-a-terra\/propriedade-de-taxa-simples\/","url_meta":{"origin":1555,"position":0},"title":"Propriedade de taxa simples","author":"cltredesign_0jp0l4","date":"3 de fevereiro de 2025","format":false,"excerpt":"A propriedade simples permite que um CLT detenha o maior n\u00famero de \"paus\" no conjunto de direitos de propriedade e oferece um alto n\u00edvel de seguran\u00e7a da terra, desde que todos os pagamentos de hipoteca e obriga\u00e7\u00f5es fiscais sejam cumpridos. Nas \u00e1reas urbanas, as \u00e1reas agr\u00edcolas geralmente est\u00e3o localizadas em\u2026","rel":"","context":"Em &quot;Agricultura&quot;","block_context":{"text":"Agricultura","link":"https:\/\/www.cltweb.org\/pt-br\/category\/agricultura\/"},"img":{"alt_text":"","src":"","width":0,"height":0},"classes":[]},{"id":8672,"url":"https:\/\/www.cltweb.org\/pt-br\/biblioteca-de-recursos\/agricultura\/conceitos-chave\/a-armadilha-da-propriedade\/","url_meta":{"origin":1555,"position":1},"title":"A armadilha da propriedade","author":"cltredesign_0jp0l4","date":"2 de fevereiro de 2025","format":false,"excerpt":"Em muitos casos, a propriedade direta pode simplesmente n\u00e3o fazer o maior sentido para os agricultores urbanos. Isso pode ser surpreendente em uma sociedade em que a propriedade tem sido cultivada como o \"padr\u00e3o ouro\" quando se trata de ter seguran\u00e7a e controle sobre uma casa ou parcela de terra.\u2026","rel":"","context":"Em &quot;Agricultura&quot;","block_context":{"text":"Agricultura","link":"https:\/\/www.cltweb.org\/pt-br\/category\/agricultura\/"},"img":{"alt_text":"","src":"","width":0,"height":0},"classes":[]},{"id":9018,"url":"https:\/\/www.cltweb.org\/pt-br\/biblioteca-de-recursos\/agricultura\/recursos-adicionais\/como-os-clts-asseguram-e-protegem-a-terra\/tabela-de-resumo\/","url_meta":{"origin":1555,"position":2},"title":"Tabela de resumo","author":"cltredesign_0jp0l4","date":"3 de fevereiro de 2025","format":false,"excerpt":"ACORDO DE POSSEEXEMPLOS DE ORGANIZA\u00c7\u00d5ESVANTAGENSDESVANTAGENSTaxa simplesCCHC, DNI, Durham CLT, Madison Area CLT, Sawmill CLT, Southside CLTseguran\u00e7a de longo prazocusto de aquisi\u00e7\u00e3o, tributa\u00e7\u00e3o da propriedade, obriga\u00e7\u00f5es de gerenciamentoAluguel de terrenoAthens Land Trust, Madison Area CLT, Southside CLTbaixo custo, alto n\u00edvel de controlecomplexidade jur\u00eddica, custos de transa\u00e7\u00e3oRestri\u00e7\u00f5es de escritura\u00c1rea de Madison CLTde\u2026","rel":"","context":"Em &quot;Agricultura&quot;","block_context":{"text":"Agricultura","link":"https:\/\/www.cltweb.org\/pt-br\/category\/agricultura\/"},"img":{"alt_text":"","src":"","width":0,"height":0},"classes":[]},{"id":8984,"url":"https:\/\/www.cltweb.org\/pt-br\/biblioteca-de-recursos\/agricultura\/recursos-adicionais\/como-os-clts-asseguram-e-protegem-a-terra\/arrendamentos-de-terrenos\/","url_meta":{"origin":1555,"position":3},"title":"Arrendamentos de terrenos","author":"cltredesign_0jp0l4","date":"3 de fevereiro de 2025","format":false,"excerpt":"Os arrendamentos de terras s\u00e3o um segundo acordo de posse usado pelos CLTs para garantir terras. Um CLT pode ser o locador ou o locat\u00e1rio em um arrendamento de terras agr\u00edcolas. \u00c0s vezes, o CLT pode ser o propriet\u00e1rio da terra, arrendando-a a uma entidade externa para administrar a programa\u00e7\u00e3o\u2026","rel":"","context":"Em &quot;Agricultura&quot;","block_context":{"text":"Agricultura","link":"https:\/\/www.cltweb.org\/pt-br\/category\/agricultura\/"},"img":{"alt_text":"","src":"","width":0,"height":0},"classes":[]},{"id":803,"url":"https:\/\/www.cltweb.org\/pt-br\/o-que-os-clts-fazem\/alojamento\/","url_meta":{"origin":1555,"position":4},"title":"Alojamento","author":"cltredesign_0jp0l4","date":"26 de julho de 2024","format":false,"excerpt":"Sobreposi\u00e7\u00e3o Alojamento Use esta se\u00e7\u00e3o de par\u00e1grafo para que os visitantes do seu site conhe\u00e7am voc\u00ea. Escreva sobre voc\u00ea ou sua organiza\u00e7\u00e3o, os produtos ou servi\u00e7os que voc\u00ea oferece ou por que voc\u00ea existe. Mantenha um estilo de comunica\u00e7\u00e3o consistente. Considere us\u00e1-lo se precisar fornecer mais contexto sobre por que\u2026","rel":"","context":"Em &quot;O que os CLTs fazem&quot;","block_context":{"text":"O que os CLTs fazem","link":"https:\/\/www.cltweb.org\/pt-br\/category\/o-que-os-clts-fazem\/"},"img":{"alt_text":"","src":"","width":0,"height":0},"classes":[]},{"id":4369,"url":"https:\/\/www.cltweb.org\/pt-br\/biblioteca-de-recursos\/entrevistas\/john-emmus-davis\/","url_meta":{"origin":1555,"position":5},"title":"John Emmus Davis (2011)","author":"cltredesign_0jp0l4","date":"22 de outubro de 2024","format":false,"excerpt":"Em 2011, John j\u00e1 estava promovendo o desenvolvimento de fundos fiduci\u00e1rios comunit\u00e1rios h\u00e1 30 anos como escritor, professor e prestador de assist\u00eancia t\u00e9cnica. A evolu\u00e7\u00e3o de seu envolvimento pessoal e profissional com o movimento CLT foi explorada nesta entrevista gravada por Steve Dubb, ent\u00e3o diretor de pesquisa da Democracy Collaborative\u2026","rel":"","context":"Em &quot;Entrevistas&quot;","block_context":{"text":"Entrevistas","link":"https:\/\/www.cltweb.org\/pt-br\/category\/entrevistas-pt-br\/"},"img":{"alt_text":"","src":"","width":0,"height":0},"classes":[]}],"_links":{"self":[{"href":"https:\/\/www.cltweb.org\/pt-br\/wp-json\/wp\/v2\/pages\/1555","targetHints":{"allow":["GET"]}}],"collection":[{"href":"https:\/\/www.cltweb.org\/pt-br\/wp-json\/wp\/v2\/pages"}],"about":[{"href":"https:\/\/www.cltweb.org\/pt-br\/wp-json\/wp\/v2\/types\/page"}],"author":[{"embeddable":true,"href":"https:\/\/www.cltweb.org\/pt-br\/wp-json\/wp\/v2\/users\/1"}],"replies":[{"embeddable":true,"href":"https:\/\/www.cltweb.org\/pt-br\/wp-json\/wp\/v2\/comments?post=1555"}],"version-history":[{"count":0,"href":"https:\/\/www.cltweb.org\/pt-br\/wp-json\/wp\/v2\/pages\/1555\/revisions"}],"up":[{"embeddable":true,"href":"https:\/\/www.cltweb.org\/pt-br\/wp-json\/wp\/v2\/pages\/803"}],"wp:attachment":[{"href":"https:\/\/www.cltweb.org\/pt-br\/wp-json\/wp\/v2\/media?parent=1555"}],"wp:term":[{"taxonomy":"category","embeddable":true,"href":"https:\/\/www.cltweb.org\/pt-br\/wp-json\/wp\/v2\/categories?post=1555"},{"taxonomy":"post_tag","embeddable":true,"href":"https:\/\/www.cltweb.org\/pt-br\/wp-json\/wp\/v2\/tags?post=1555"}],"curies":[{"name":"wp","href":"https:\/\/api.w.org\/{rel}","templated":true}]}}