{"id":1574,"date":"2024-07-30T19:01:51","date_gmt":"2024-07-30T19:01:51","guid":{"rendered":"https:\/\/www.cltweb.org\/terra-nostra-press\/noticias-e-avaliacoes\/"},"modified":"2025-01-09T15:40:44","modified_gmt":"2025-01-09T15:40:44","slug":"noticias-e-avaliacoes","status":"publish","type":"page","link":"https:\/\/www.cltweb.org\/pt-br\/terra-nostra-press\/noticias-e-avaliacoes\/","title":{"rendered":"Not\u00edcias e avalia\u00e7\u00f5es"},"content":{"rendered":"\n<h1 class=\"wp-block-heading\" id=\"h-in-the-news\">Nas not\u00edcias<\/h1>\n\n<ul class=\"wp-block-list\">\n<li><a href=\"https:\/\/www.tandfonline.com\/doi\/full\/10.1080\/01944363.2021.1989962\" target=\"_blank\" rel=\"noreferrer noopener\">&#8220;Reviews &#8211; On Common Ground<\/a>&#8220;, Jeffrey Lowe, Journal of the American Planning Association, 24 de novembro de 2021<\/li>\n\n\n\n<li>&#8220;<a href=\"https:\/\/www.frontporchrepublic.com\/2021\/08\/we-hide-behind-the-tomatoes-a-review-of-on-common-ground\/\" target=\"_blank\" rel=\"noreferrer noopener\">We Hide behind the Tomatoes: A Review of On Common Ground<\/a>&#8220;, Elias Crim, Front Porch Republic, 9 de agosto de 2021<\/li>\n\n\n\n<li><a href=\"https:\/\/www.cltweb.org\/pt-br\/biblioteca-de-recursos\/entrevistas\/david-ireland-e-jerry-maldonado-2020\/\">Mar\u00eda E. Hern\u00e1ndez Torrales, do Center for Community Land Trust Innovation, entrevista David Ireland, da World Habitat, e Jerry Maldonado, da Funda\u00e7\u00e3o Ford,<\/a> sobre sua contribui\u00e7\u00e3o para o <em>On Common Ground, <\/em>15 de outubro de 2020<\/li>\n\n\n\n<li><a href=\"https:\/\/shelterforce.org\/2020\/10\/14\/perspectives-on-the-community-land-trust\/\" target=\"_blank\" rel=\"noreferrer noopener\">Perspectivas sobre o Community Land Trust<\/a>: An interview with John Emmeus Davis, Line Algoed, and Mar\u00eda E. Hern\u00e1ndez-Torrales, por James Tracy, Shelterforce Magazine, 14 de outubro de 2020<\/li>\n\n\n\n<li><a href=\"https:\/\/beyondchron.org\/community-land-trusts-the-true-social-housing\/\" target=\"_blank\" rel=\"noreferrer noopener\">&#8220;Community Land Trusts: A verdadeira &#8216;habita\u00e7\u00e3o social&#8217;<\/a>&#8220;, Randy Shaw, Beyond Chron, 13 de outubro de 2020<\/li>\n\n\n\n<li><a href=\"https:\/\/www.claridadpuertorico.com\/una-mirada-a-los-fideicomisos-de-la-tierra\/\" target=\"_blank\" rel=\"noreferrer noopener\">&#8220;Una mirada a los Fideicomisos de la Tierra&#8221;<\/a>, C\u00e1ndida Cotto, Claridad, agosto de 2020 (espanhol)<\/li>\n\n\n\n<li><a href=\"https:\/\/www.neighborworks.org\/blog\/community-land-trusts-creating-housing-opportunities-for-the-common-good\" target=\"_blank\" rel=\"noreferrer noopener\">&#8220;Community Land Trusts: Creating Housing Opportunities for the Common Good&#8221;<\/a>, entrevista com a autora Brenda Torpy, NeighborWorks America, julho de 2020<\/li>\n\n\n\n<li><a href=\"https:\/\/www.observatoriodasmetropoles.net.br\/livro-reune-coletanea-de-artigos-sobre-experiencias-de-implementacao-do-termo-territorial-coletivo-community-land-trust\/?utm_source=Boletim&amp;utm_medium=E-mail&amp;utm_campaign=640&amp;utm_content=Livro+re%C3%BAne+colet%C3%A2nea+de+artigos+sobre+experi%C3%AAncias+de+implementa%C3%A7%C3%A3o+do+%E2%80%9CTermo+Territorial+Coletivo%E2%80%9D\" target=\"_blank\" rel=\"noreferrer noopener\">&#8220;Livro re\u00fane colet\u00e2nea de artigos sobre experi\u00eancias de implementa\u00e7\u00e3o do &#8216;Termo Territorial Coletivo&#8217;<\/a>&#8220;, Observat\u00f3rio das Metr\u00f3poles, 2 de julho de 2020 (portugu\u00eas)<\/li>\n\n\n\n<li><a href=\"https:\/\/community-wealth.org\/content\/common-ground-international-perspectives-community-land-trust\" target=\"_blank\" rel=\"noreferrer noopener\">&#8220;Em um terreno comum: Perspectivas internacionais sobre o Community Land Trust&#8221;<\/a>, Thomas Hanna, Democracy Collaborative, 21 de julho de 2020<\/li>\n\n\n\n<li><a href=\"https:\/\/world-habitat.org\/news\/news-updates\/new-book-exploring-the-growth-of-the-community-land-trust-movement\/\" target=\"_blank\" rel=\"noreferrer noopener\">&#8220;Novo livro que explora o crescimento do movimento Community Land Trust&#8221;<\/a>, World Habitat, 1\u00ba de julho de 2020<\/li>\n\n\n\n<li><a href=\"https:\/\/www.urbanlandc.org\/john-emmeus-davis-and-ulc-pioneering-community-land-trusts-in-denver\/\" target=\"_blank\" rel=\"noreferrer noopener\">&#8220;Parceiro em destaque do m\u00eas: John Emmeus Davis&#8221;<\/a>: John Emmeus Davis, Urban Land Conservancy, 2 de julho de 2020<\/li>\n<\/ul>\n\n<h1 class=\"wp-block-heading\" id=\"h-excerpts-from-reviews-of-nbsp-on-common-ground\">Trechos de resenhas de <em>On Common Ground<\/em><\/h1>\n\n<p>&#8220;De modo geral, os editores compilam com maestria ensaios originais em um argumento persuasivo para solucionar a crise internacional dos direitos \u00e0 terra e \u00e0 moradia. <strong><em>Em terreno comum<\/em><\/strong> demonstra de forma contundente as possibilidades transformadoras que os CLTs podem produzir em todo o mundo quando a organiza\u00e7\u00e3o comunit\u00e1ria, a opera\u00e7\u00e3o e a propriedade da terra se conectam e se expandem. Considerando que o p\u00fablico-alvo inclui aqueles que trabalham com habita\u00e7\u00e3o e desenvolvimento comunit\u00e1rio, organiza\u00e7\u00e3o comunit\u00e1ria e an\u00e1lise de pol\u00edticas, posi\u00e7\u00f5es que muitos planejadores ocupam ou se envolvem, recomendo fortemente este livro para profissionais de planejamento e acad\u00eamicos.&#8221; <\/p>\n\n<p><em>Jeffrey S. Lowe, Journal of the American Planning Association (Jornal da Associa\u00e7\u00e3o Americana de Planejamento)<\/em><\/p>\n\n<p><strong><em>&#8220;On Common Ground<\/em><\/strong> \u00e9 uma leitura essencial para os interessados em lidar com a crise de moradia acess\u00edvel, que continuar\u00e1 a ser exacerbada pelos impactos econ\u00f4micos negativos da COVID-19. Devido a uma longa e dolorosa hist\u00f3ria de racismo institucional e \u00e0 falta de a\u00e7\u00e3o responsiva por parte de muitos l\u00edderes eleitos, a propriedade de casas e o aluguel de moradias de qualidade t\u00eam sido historicamente negados \u00e0s pessoas de cor. O livro examina o crescimento do modelo CLT (Community Land Trust) e como ele se adaptou em ambientes urbanos e rurais, oferecendo aos leitores uma vis\u00e3o geral ponderada e emp\u00e1tica de como iniciar e ampliar um CLT para garantir que a moradia acess\u00edvel incorpore seus residentes. O livro deixa os leitores com um senso de esperan\u00e7a para o futuro e com maneiras pr\u00e1ticas pelas quais esse modelo pode ser constru\u00eddo e sustentado.&#8221;   <\/p>\n\n<p><em>Robert Burns, vice-presidente s\u00eanior do CitiBank e presidente do conselho da Grounded Solutions Network<\/em><\/p>\n\n<p>&#8220;Em todo o mundo, a pandemia da COVID-19 e seus efeitos econ\u00f4micos amea\u00e7am exacerbar desigualdades j\u00e1 graves, especialmente no que diz respeito \u00e0 propriedade, ao acesso e ao controle da terra e da moradia. Nos Estados Unidos, \u00e0 medida que as morat\u00f3rias de despejo em muitos estados e localidades chegam ao fim e os empregos continuam escassos, os especialistas est\u00e3o prevendo uma onda possivelmente sem precedentes de deslocamento e falta de moradia. Diante desse cen\u00e1rio desolador, um novo livro oferece um raio de esperan\u00e7a. <strong><em>On Common Ground<\/em><\/strong>editado por John Emmeus Davis, Line Algoed e Mar\u00eda Hern\u00e1ndez-Torrales, documenta como o interesse em um dos novos modelos econ\u00f4micos mais interessantes que surgiram nas \u00faltimas d\u00e9cadas, o Community Land Trust (CLT), est\u00e1 se espalhando pelo mundo.&#8221;  <\/p>\n\n<p><em>Thomas Hanna, Diretor de Pesquisa, Democracy Collaborative<\/em><\/p>\n","protected":false},"excerpt":{"rendered":"<p>Artigos e resenhas das publica\u00e7\u00f5es da Terra Nostra Press.<\/p>\n","protected":false},"author":1,"featured_media":0,"parent":1333,"menu_order":0,"comment_status":"closed","ping_status":"closed","template":"","meta":{"give_campaign_id":0,"_tec_requires_first_save":true,"_kad_blocks_custom_css":"","_kad_blocks_head_custom_js":"","_kad_blocks_body_custom_js":"","_kad_blocks_footer_custom_js":"","_EventAllDay":false,"_EventTimezone":"","_EventStartDate":"","_EventEndDate":"","_EventStartDateUTC":"","_EventEndDateUTC":"","_EventShowMap":false,"_EventShowMapLink":false,"_EventURL":"","_EventCost":"","_EventCostDescription":"","_EventCurrencySymbol":"","_EventCurrencyCode":"","_EventCurrencyPosition":"","_EventDateTimeSeparator":"","_EventTimeRangeSeparator":"","_EventOrganizerID":[],"_EventVenueID":[],"_OrganizerEmail":"","_OrganizerPhone":"","_OrganizerWebsite":"","_VenueAddress":"","_VenueCity":"","_VenueCountry":"","_VenueProvince":"","_VenueState":"","_VenueZip":"","_VenuePhone":"","_VenueURL":"","_VenueStateProvince":"","_VenueLat":"","_VenueLng":"","_VenueShowMap":false,"_VenueShowMapLink":false,"_tribe_blocks_recurrence_rules":"","_tribe_blocks_recurrence_description":"","_tribe_blocks_recurrence_exclusions":"","footnotes":""},"categories":[100],"tags":[],"class_list":["post-1574","page","type-page","status-publish","hentry","category-terra-nostra-press-pt-br"],"blocksy_meta":[],"yoast_head":"<!-- This site is optimized with the Yoast SEO Premium plugin v27.5 (Yoast SEO v27.5) - https:\/\/yoast.com\/product\/yoast-seo-premium-wordpress\/ -->\n<title>Not\u00edcias e avalia\u00e7\u00f5es - International Center for Community Land Trusts<\/title>\n<meta name=\"robots\" content=\"index, follow, max-snippet:-1, max-image-preview:large, max-video-preview:-1\" \/>\n<link rel=\"canonical\" href=\"https:\/\/www.cltweb.org\/pt-br\/terra-nostra-press\/noticias-e-avaliacoes\/\" \/>\n<meta property=\"og:locale\" content=\"pt_BR\" \/>\n<meta property=\"og:type\" content=\"article\" \/>\n<meta property=\"og:title\" content=\"Not\u00edcias e avalia\u00e7\u00f5es\" \/>\n<meta property=\"og:description\" content=\"Artigos e resenhas das publica\u00e7\u00f5es da Terra Nostra Press.\" \/>\n<meta property=\"og:url\" content=\"https:\/\/www.cltweb.org\/pt-br\/terra-nostra-press\/noticias-e-avaliacoes\/\" \/>\n<meta property=\"og:site_name\" content=\"International Center for Community Land Trusts\" \/>\n<meta property=\"article:publisher\" content=\"https:\/\/www.facebook.com\/cltcenter\" \/>\n<meta property=\"article:modified_time\" content=\"2025-01-09T15:40:44+00:00\" \/>\n<meta name=\"twitter:card\" content=\"summary_large_image\" \/>\n<meta name=\"twitter:site\" content=\"@Center4CLTs\" \/>\n<meta name=\"twitter:label1\" content=\"Est. tempo de leitura\" \/>\n\t<meta name=\"twitter:data1\" content=\"3 minutos\" \/>\n<script type=\"application\/ld+json\" class=\"yoast-schema-graph\">{\"@context\":\"https:\\\/\\\/schema.org\",\"@graph\":[{\"@type\":\"WebPage\",\"@id\":\"https:\\\/\\\/www.cltweb.org\\\/pt-br\\\/terra-nostra-press\\\/noticias-e-avaliacoes\\\/\",\"url\":\"https:\\\/\\\/www.cltweb.org\\\/pt-br\\\/terra-nostra-press\\\/noticias-e-avaliacoes\\\/\",\"name\":\"Not\u00edcias e avalia\u00e7\u00f5es - International Center for Community Land Trusts\",\"isPartOf\":{\"@id\":\"https:\\\/\\\/www.cltweb.org\\\/pt-br\\\/#website\"},\"datePublished\":\"2024-07-30T19:01:51+00:00\",\"dateModified\":\"2025-01-09T15:40:44+00:00\",\"breadcrumb\":{\"@id\":\"https:\\\/\\\/www.cltweb.org\\\/pt-br\\\/terra-nostra-press\\\/noticias-e-avaliacoes\\\/#breadcrumb\"},\"inLanguage\":\"pt-BR\",\"potentialAction\":[{\"@type\":\"ReadAction\",\"target\":[\"https:\\\/\\\/www.cltweb.org\\\/pt-br\\\/terra-nostra-press\\\/noticias-e-avaliacoes\\\/\"]}]},{\"@type\":\"BreadcrumbList\",\"@id\":\"https:\\\/\\\/www.cltweb.org\\\/pt-br\\\/terra-nostra-press\\\/noticias-e-avaliacoes\\\/#breadcrumb\",\"itemListElement\":[{\"@type\":\"ListItem\",\"position\":1,\"name\":\"Home\",\"item\":\"https:\\\/\\\/www.cltweb.org\\\/pt-br\\\/\"},{\"@type\":\"ListItem\",\"position\":2,\"name\":\"Terra Nostra Press\",\"item\":\"https:\\\/\\\/www.cltweb.org\\\/pt-br\\\/terra-nostra-press\\\/\"},{\"@type\":\"ListItem\",\"position\":3,\"name\":\"Not\u00edcias e avalia\u00e7\u00f5es\"}]},{\"@type\":\"WebSite\",\"@id\":\"https:\\\/\\\/www.cltweb.org\\\/pt-br\\\/#website\",\"url\":\"https:\\\/\\\/www.cltweb.org\\\/pt-br\\\/\",\"name\":\"International Center for Community Land Trusts\",\"description\":\"\",\"publisher\":{\"@id\":\"https:\\\/\\\/www.cltweb.org\\\/pt-br\\\/#organization\"},\"potentialAction\":[{\"@type\":\"SearchAction\",\"target\":{\"@type\":\"EntryPoint\",\"urlTemplate\":\"https:\\\/\\\/www.cltweb.org\\\/pt-br\\\/?s={search_term_string}\"},\"query-input\":{\"@type\":\"PropertyValueSpecification\",\"valueRequired\":true,\"valueName\":\"search_term_string\"}}],\"inLanguage\":\"pt-BR\"},{\"@type\":\"Organization\",\"@id\":\"https:\\\/\\\/www.cltweb.org\\\/pt-br\\\/#organization\",\"name\":\"International Center for Community Land Trusts\",\"url\":\"https:\\\/\\\/www.cltweb.org\\\/pt-br\\\/\",\"logo\":{\"@type\":\"ImageObject\",\"inLanguage\":\"pt-BR\",\"@id\":\"https:\\\/\\\/www.cltweb.org\\\/pt-br\\\/#\\\/schema\\\/logo\\\/image\\\/\",\"url\":\"https:\\\/\\\/www.cltweb.org\\\/wp-content\\\/uploads\\\/2024\\\/11\\\/New-CLT-Center-Text-logo.png\",\"contentUrl\":\"https:\\\/\\\/www.cltweb.org\\\/wp-content\\\/uploads\\\/2024\\\/11\\\/New-CLT-Center-Text-logo.png\",\"width\":227,\"height\":80,\"caption\":\"International Center for Community Land Trusts\"},\"image\":{\"@id\":\"https:\\\/\\\/www.cltweb.org\\\/pt-br\\\/#\\\/schema\\\/logo\\\/image\\\/\"},\"sameAs\":[\"https:\\\/\\\/www.facebook.com\\\/cltcenter\",\"https:\\\/\\\/x.com\\\/Center4CLTs\",\"https:\\\/\\\/www.instagram.com\\\/cltcenter\\\/\",\"https:\\\/\\\/www.linkedin.com\\\/company\\\/cltcenter\",\"https:\\\/\\\/www.youtube.com\\\/@centerforcltinnovation5313\"],\"description\":\"The International Center for Community Land Trusts is a not-for-profit nongovernmental organization established in 2018 to promote and to support community land trusts and similar strategies of community-led development on community-owned land in countries throughout the world.\",\"email\":\"info@communitylandtrust.net\",\"legalName\":\"International Center for Community Land Trusts\",\"foundingDate\":\"2018-12-01\",\"taxID\":\"84-3858933\",\"numberOfEmployees\":{\"@type\":\"QuantitativeValue\",\"minValue\":\"1\",\"maxValue\":\"10\"}}]}<\/script>\n<!-- \/ Yoast SEO Premium plugin. -->","yoast_head_json":{"title":"Not\u00edcias e avalia\u00e7\u00f5es - International Center for Community Land Trusts","robots":{"index":"index","follow":"follow","max-snippet":"max-snippet:-1","max-image-preview":"max-image-preview:large","max-video-preview":"max-video-preview:-1"},"canonical":"https:\/\/www.cltweb.org\/pt-br\/terra-nostra-press\/noticias-e-avaliacoes\/","og_locale":"pt_BR","og_type":"article","og_title":"Not\u00edcias e avalia\u00e7\u00f5es","og_description":"Artigos e resenhas das publica\u00e7\u00f5es da Terra Nostra Press.","og_url":"https:\/\/www.cltweb.org\/pt-br\/terra-nostra-press\/noticias-e-avaliacoes\/","og_site_name":"International Center for Community Land Trusts","article_publisher":"https:\/\/www.facebook.com\/cltcenter","article_modified_time":"2025-01-09T15:40:44+00:00","twitter_card":"summary_large_image","twitter_site":"@Center4CLTs","twitter_misc":{"Est. tempo de leitura":"3 minutos"},"schema":{"@context":"https:\/\/schema.org","@graph":[{"@type":"WebPage","@id":"https:\/\/www.cltweb.org\/pt-br\/terra-nostra-press\/noticias-e-avaliacoes\/","url":"https:\/\/www.cltweb.org\/pt-br\/terra-nostra-press\/noticias-e-avaliacoes\/","name":"Not\u00edcias e avalia\u00e7\u00f5es - International Center for Community Land Trusts","isPartOf":{"@id":"https:\/\/www.cltweb.org\/pt-br\/#website"},"datePublished":"2024-07-30T19:01:51+00:00","dateModified":"2025-01-09T15:40:44+00:00","breadcrumb":{"@id":"https:\/\/www.cltweb.org\/pt-br\/terra-nostra-press\/noticias-e-avaliacoes\/#breadcrumb"},"inLanguage":"pt-BR","potentialAction":[{"@type":"ReadAction","target":["https:\/\/www.cltweb.org\/pt-br\/terra-nostra-press\/noticias-e-avaliacoes\/"]}]},{"@type":"BreadcrumbList","@id":"https:\/\/www.cltweb.org\/pt-br\/terra-nostra-press\/noticias-e-avaliacoes\/#breadcrumb","itemListElement":[{"@type":"ListItem","position":1,"name":"Home","item":"https:\/\/www.cltweb.org\/pt-br\/"},{"@type":"ListItem","position":2,"name":"Terra Nostra Press","item":"https:\/\/www.cltweb.org\/pt-br\/terra-nostra-press\/"},{"@type":"ListItem","position":3,"name":"Not\u00edcias e avalia\u00e7\u00f5es"}]},{"@type":"WebSite","@id":"https:\/\/www.cltweb.org\/pt-br\/#website","url":"https:\/\/www.cltweb.org\/pt-br\/","name":"International Center for Community Land Trusts","description":"","publisher":{"@id":"https:\/\/www.cltweb.org\/pt-br\/#organization"},"potentialAction":[{"@type":"SearchAction","target":{"@type":"EntryPoint","urlTemplate":"https:\/\/www.cltweb.org\/pt-br\/?s={search_term_string}"},"query-input":{"@type":"PropertyValueSpecification","valueRequired":true,"valueName":"search_term_string"}}],"inLanguage":"pt-BR"},{"@type":"Organization","@id":"https:\/\/www.cltweb.org\/pt-br\/#organization","name":"International Center for Community Land Trusts","url":"https:\/\/www.cltweb.org\/pt-br\/","logo":{"@type":"ImageObject","inLanguage":"pt-BR","@id":"https:\/\/www.cltweb.org\/pt-br\/#\/schema\/logo\/image\/","url":"https:\/\/www.cltweb.org\/wp-content\/uploads\/2024\/11\/New-CLT-Center-Text-logo.png","contentUrl":"https:\/\/www.cltweb.org\/wp-content\/uploads\/2024\/11\/New-CLT-Center-Text-logo.png","width":227,"height":80,"caption":"International Center for Community Land Trusts"},"image":{"@id":"https:\/\/www.cltweb.org\/pt-br\/#\/schema\/logo\/image\/"},"sameAs":["https:\/\/www.facebook.com\/cltcenter","https:\/\/x.com\/Center4CLTs","https:\/\/www.instagram.com\/cltcenter\/","https:\/\/www.linkedin.com\/company\/cltcenter","https:\/\/www.youtube.com\/@centerforcltinnovation5313"],"description":"The International Center for Community Land Trusts is a not-for-profit nongovernmental organization established in 2018 to promote and to support community land trusts and similar strategies of community-led development on community-owned land in countries throughout the world.","email":"info@communitylandtrust.net","legalName":"International Center for Community Land Trusts","foundingDate":"2018-12-01","taxID":"84-3858933","numberOfEmployees":{"@type":"QuantitativeValue","minValue":"1","maxValue":"10"}}]}},"campaignId":"","taxonomy_info":{"category":[{"value":100,"label":"Terra Nostra Press"}]},"featured_image_src_large":false,"author_info":{"display_name":"cltredesign_0jp0l4","author_link":"https:\/\/www.cltweb.org\/pt-br\/author\/cltredesign_0jp0l4\/"},"comment_info":0,"jetpack_sharing_enabled":true,"jetpack-related-posts":[{"id":1580,"url":"https:\/\/www.cltweb.org\/es\/terra-nostra-press\/noticias-y-resenas\/","url_meta":{"origin":1574,"position":0},"title":"Noticias y rese\u00f1as","author":"cltredesign_0jp0l4","date":"30 de julho de 2024","format":false,"excerpt":"Art\u00edculos y rese\u00f1as de las publicaciones de Terra Nostra Press.","rel":"","context":"Em &quot;Terra Nostra Press&quot;","block_context":{"text":"Terra Nostra Press","link":"https:\/\/www.cltweb.org\/es\/category\/terra-nostra-press-es\/"},"img":{"alt_text":"","src":"","width":0,"height":0},"classes":[]},{"id":534,"url":"https:\/\/www.cltweb.org\/terra-nostra-press\/news-and-reviews\/","url_meta":{"origin":1574,"position":1},"title":"News and Reviews","author":"cltredesign_0jp0l4","date":"30 de julho de 2024","format":false,"excerpt":"Articles and reviews of Terra Nostra Press publications.","rel":"","context":"Em &quot;Terra Nostra Press&quot;","block_context":{"text":"Terra Nostra Press","link":"https:\/\/www.cltweb.org\/category\/terra-nostra-press\/"},"img":{"alt_text":"","src":"","width":0,"height":0},"classes":[]},{"id":1582,"url":"https:\/\/www.cltweb.org\/de\/terra-nostra-presse\/nachrichten-und-rezensionen\/","url_meta":{"origin":1574,"position":2},"title":"Nachrichten und Rezensionen","author":"cltredesign_0jp0l4","date":"30 de julho de 2024","format":false,"excerpt":"Artikel und Rezensionen von Terra Nostra Press Ver\u00f6ffentlichungen.","rel":"","context":"Em &quot;Terra Nostra Presse&quot;","block_context":{"text":"Terra Nostra Presse","link":"https:\/\/www.cltweb.org\/de\/category\/terra-nostra-presse\/"},"img":{"alt_text":"","src":"","width":0,"height":0},"classes":[]},{"id":1615,"url":"https:\/\/www.cltweb.org\/pt-br\/terra-nostra-press\/catalogo\/o-crescimento-dos-community-land-trusts-na-inglaterra-e-na-europa\/","url_meta":{"origin":1574,"position":3},"title":"O crescimento dos Community Land Trusts na Inglaterra e na Europa","author":"cltredesign_0jp0l4","date":"29 de julho de 2024","format":false,"excerpt":"Dispon\u00edvel agora em todo o mundo, 110 pp.PAPERBACK ISBN 9781736275986 $14.00 US Voc\u00ea pode obter descontos para pedidos em massa para ONGs. Para obter mais informa\u00e7\u00f5es e fazer seu pedido, acesse nossa p\u00e1gina de pedidos em massa. Nas duas \u00faltimas d\u00e9cadas, como os mercados elevaram o pre\u00e7o da terra e\u2026","rel":"","context":"Em &quot;Cat\u00e1logo&quot;","block_context":{"text":"Cat\u00e1logo","link":"https:\/\/www.cltweb.org\/pt-br\/category\/catalogo\/"},"img":{"alt_text":"Book Cover for Growth of CLTs in England and Europe","src":"https:\/\/i0.wp.com\/www.cltweb.org\/wp-content\/uploads\/2024\/10\/Growth-in-England-and-Europe-cover.jpg?resize=350%2C200&ssl=1","width":350,"height":200,"srcset":"https:\/\/i0.wp.com\/www.cltweb.org\/wp-content\/uploads\/2024\/10\/Growth-in-England-and-Europe-cover.jpg?resize=350%2C200&ssl=1 1x, https:\/\/i0.wp.com\/www.cltweb.org\/wp-content\/uploads\/2024\/10\/Growth-in-England-and-Europe-cover.jpg?resize=525%2C300&ssl=1 1.5x, https:\/\/i0.wp.com\/www.cltweb.org\/wp-content\/uploads\/2024\/10\/Growth-in-England-and-Europe-cover.jpg?resize=700%2C400&ssl=1 2x, https:\/\/i0.wp.com\/www.cltweb.org\/wp-content\/uploads\/2024\/10\/Growth-in-England-and-Europe-cover.jpg?resize=1050%2C600&ssl=1 3x, https:\/\/i0.wp.com\/www.cltweb.org\/wp-content\/uploads\/2024\/10\/Growth-in-England-and-Europe-cover.jpg?resize=1400%2C800&ssl=1 4x"},"classes":[]},{"id":1578,"url":"https:\/\/www.cltweb.org\/fr\/terra-nostra-press\/nouvelles-et-commentaires\/","url_meta":{"origin":1574,"position":4},"title":"Nouvelles et commentaires","author":"cltredesign_0jp0l4","date":"30 de julho de 2024","format":false,"excerpt":"Articles et critiques des publications de Terra Nostra Press.","rel":"","context":"Em &quot;Terra Nostra Press&quot;","block_context":{"text":"Terra Nostra Press","link":"https:\/\/www.cltweb.org\/fr\/category\/terra-nostra-press-fr\/"},"img":{"alt_text":"","src":"","width":0,"height":0},"classes":[]},{"id":11317,"url":"https:\/\/www.cltweb.org\/pt-br\/recursos-de-livros-da-aba\/","url_meta":{"origin":1574,"position":5},"title":"Recursos de livros da ABA","author":"cltredesign_0jp0l4","date":"17 de mar\u00e7o de 2026","format":false,"excerpt":"Artigos de acad\u00eamicos da \u00e1rea jur\u00eddica H\u00e1 uma s\u00e9rie de artigos de peri\u00f3dicos que gostar\u00edamos de incluir no A Community Land Trust Digest, mas n\u00e3o pudemos faz\u00ea-lo por quest\u00f5es de espa\u00e7o. Aqui est\u00e3o alguns artigos adicionais que valem a pena. Barbara L. Bezdek. 2020. \"Ter e manter? Fundo comunit\u00e1rio de\u2026","rel":"","context":"Post similar","block_context":{"text":"Post similar","link":""},"img":{"alt_text":"","src":"","width":0,"height":0},"classes":[]}],"_links":{"self":[{"href":"https:\/\/www.cltweb.org\/pt-br\/wp-json\/wp\/v2\/pages\/1574","targetHints":{"allow":["GET"]}}],"collection":[{"href":"https:\/\/www.cltweb.org\/pt-br\/wp-json\/wp\/v2\/pages"}],"about":[{"href":"https:\/\/www.cltweb.org\/pt-br\/wp-json\/wp\/v2\/types\/page"}],"author":[{"embeddable":true,"href":"https:\/\/www.cltweb.org\/pt-br\/wp-json\/wp\/v2\/users\/1"}],"replies":[{"embeddable":true,"href":"https:\/\/www.cltweb.org\/pt-br\/wp-json\/wp\/v2\/comments?post=1574"}],"version-history":[{"count":5,"href":"https:\/\/www.cltweb.org\/pt-br\/wp-json\/wp\/v2\/pages\/1574\/revisions"}],"predecessor-version":[{"id":8512,"href":"https:\/\/www.cltweb.org\/pt-br\/wp-json\/wp\/v2\/pages\/1574\/revisions\/8512"}],"up":[{"embeddable":true,"href":"https:\/\/www.cltweb.org\/pt-br\/wp-json\/wp\/v2\/pages\/1333"}],"wp:attachment":[{"href":"https:\/\/www.cltweb.org\/pt-br\/wp-json\/wp\/v2\/media?parent=1574"}],"wp:term":[{"taxonomy":"category","embeddable":true,"href":"https:\/\/www.cltweb.org\/pt-br\/wp-json\/wp\/v2\/categories?post=1574"},{"taxonomy":"post_tag","embeddable":true,"href":"https:\/\/www.cltweb.org\/pt-br\/wp-json\/wp\/v2\/tags?post=1574"}],"curies":[{"name":"wp","href":"https:\/\/api.w.org\/{rel}","templated":true}]}}