{"id":1585,"date":"2024-07-30T19:01:18","date_gmt":"2024-07-30T19:01:18","guid":{"rendered":"https:\/\/www.cltweb.org\/terra-nostra-press\/pedidos-em-massa\/"},"modified":"2024-10-27T19:34:24","modified_gmt":"2024-10-27T19:34:24","slug":"pedidos-em-massa","status":"publish","type":"page","link":"https:\/\/www.cltweb.org\/pt-br\/terra-nostra-press\/pedidos-em-massa\/","title":{"rendered":"Pedidos em massa"},"content":{"rendered":"\n<p>A Terra Nostra Press oferece um desconto de 40% para pedidos em massa de dez livros no total (ou mais) para organiza\u00e7\u00f5es sem fins lucrativos e n\u00e3o governamentais. Para fazer um pedido, preencha este formul\u00e1rio, e n\u00f3s responderemos a voc\u00ea dentro de cinco dias \u00fateis com uma fatura para pagamento antecipado via PayPal. O tempo de envio varia de acordo com o local, levando de uma a quatro semanas para chegar. A fatura tamb\u00e9m incluir\u00e1 o imposto sobre vendas de 5,5%, taxas de processamento (US$ 1,99 por pedido) e taxas de envio.   <\/p>\n\n<p>Se voc\u00ea tiver alguma d\u00favida sobre o processo de pedido em massa, envie-nos um e-mail para <a href=\"mailto:info@terranostrapress.org\">info@terranostrapress.org.<\/a> Muito obrigado pelo seu interesse em nossas publica\u00e7\u00f5es! <\/p>\n\n<script src=\"https:\/\/static.airtable.com\/js\/embed\/embed_snippet_v1.js\"><\/script><iframe loading=\"lazy\" class=\"airtable-embed airtable-dynamic-height\" style=\"background: transparent; border: 1px solid #ccc;\" src=\"https:\/\/airtable.com\/embed\/shrXt2APkaPiIT98D?backgroundColor=orange\" width=\"100%\" height=\"2616\" frameborder=\"0\"><\/iframe>\n","protected":false},"excerpt":{"rendered":"<p>A Terra Nostra Press oferece um desconto de 40% para pedidos em massa de dez livros ou mais para organiza\u00e7\u00f5es sem fins lucrativos.<\/p>\n","protected":false},"author":1,"featured_media":0,"parent":1333,"menu_order":0,"comment_status":"closed","ping_status":"closed","template":"","meta":{"give_campaign_id":0,"_tec_requires_first_save":true,"_kad_blocks_custom_css":"","_kad_blocks_head_custom_js":"","_kad_blocks_body_custom_js":"","_kad_blocks_footer_custom_js":"","_EventAllDay":false,"_EventTimezone":"","_EventStartDate":"","_EventEndDate":"","_EventStartDateUTC":"","_EventEndDateUTC":"","_EventShowMap":false,"_EventShowMapLink":false,"_EventURL":"","_EventCost":"","_EventCostDescription":"","_EventCurrencySymbol":"","_EventCurrencyCode":"","_EventCurrencyPosition":"","_EventDateTimeSeparator":"","_EventTimeRangeSeparator":"","_EventOrganizerID":[],"_EventVenueID":[],"_OrganizerEmail":"","_OrganizerPhone":"","_OrganizerWebsite":"","_VenueAddress":"","_VenueCity":"","_VenueCountry":"","_VenueProvince":"","_VenueState":"","_VenueZip":"","_VenuePhone":"","_VenueURL":"","_VenueStateProvince":"","_VenueLat":"","_VenueLng":"","_VenueShowMap":false,"_VenueShowMapLink":false,"_tribe_blocks_recurrence_rules":"","_tribe_blocks_recurrence_description":"","_tribe_blocks_recurrence_exclusions":"","footnotes":""},"categories":[100],"tags":[],"class_list":["post-1585","page","type-page","status-publish","hentry","category-terra-nostra-press-pt-br"],"blocksy_meta":[],"yoast_head":"<!-- This site is optimized with the Yoast SEO Premium plugin v27.5 (Yoast SEO v27.5) - https:\/\/yoast.com\/product\/yoast-seo-premium-wordpress\/ -->\n<title>Pedidos em massa - International Center for Community Land Trusts<\/title>\n<meta name=\"robots\" content=\"index, follow, max-snippet:-1, max-image-preview:large, max-video-preview:-1\" \/>\n<link rel=\"canonical\" href=\"https:\/\/www.cltweb.org\/pt-br\/terra-nostra-press\/pedidos-em-massa\/\" \/>\n<meta property=\"og:locale\" content=\"pt_BR\" \/>\n<meta property=\"og:type\" content=\"article\" \/>\n<meta property=\"og:title\" content=\"Pedidos em massa\" \/>\n<meta property=\"og:description\" content=\"A Terra Nostra Press oferece um desconto de 40% para pedidos em massa de dez livros ou mais para organiza\u00e7\u00f5es sem fins lucrativos.\" \/>\n<meta property=\"og:url\" content=\"https:\/\/www.cltweb.org\/pt-br\/terra-nostra-press\/pedidos-em-massa\/\" \/>\n<meta property=\"og:site_name\" content=\"International Center for Community Land Trusts\" \/>\n<meta property=\"article:publisher\" content=\"https:\/\/www.facebook.com\/cltcenter\" \/>\n<meta property=\"article:modified_time\" content=\"2024-10-27T19:34:24+00:00\" \/>\n<meta name=\"twitter:card\" content=\"summary_large_image\" \/>\n<meta name=\"twitter:site\" content=\"@Center4CLTs\" \/>\n<meta name=\"twitter:label1\" content=\"Est. tempo de leitura\" \/>\n\t<meta name=\"twitter:data1\" content=\"1 minuto\" \/>\n<script type=\"application\/ld+json\" class=\"yoast-schema-graph\">{\"@context\":\"https:\\\/\\\/schema.org\",\"@graph\":[{\"@type\":\"WebPage\",\"@id\":\"https:\\\/\\\/www.cltweb.org\\\/pt-br\\\/terra-nostra-press\\\/pedidos-em-massa\\\/\",\"url\":\"https:\\\/\\\/www.cltweb.org\\\/pt-br\\\/terra-nostra-press\\\/pedidos-em-massa\\\/\",\"name\":\"Pedidos em massa - International Center for Community Land Trusts\",\"isPartOf\":{\"@id\":\"https:\\\/\\\/www.cltweb.org\\\/pt-br\\\/#website\"},\"datePublished\":\"2024-07-30T19:01:18+00:00\",\"dateModified\":\"2024-10-27T19:34:24+00:00\",\"breadcrumb\":{\"@id\":\"https:\\\/\\\/www.cltweb.org\\\/pt-br\\\/terra-nostra-press\\\/pedidos-em-massa\\\/#breadcrumb\"},\"inLanguage\":\"pt-BR\",\"potentialAction\":[{\"@type\":\"ReadAction\",\"target\":[\"https:\\\/\\\/www.cltweb.org\\\/pt-br\\\/terra-nostra-press\\\/pedidos-em-massa\\\/\"]}]},{\"@type\":\"BreadcrumbList\",\"@id\":\"https:\\\/\\\/www.cltweb.org\\\/pt-br\\\/terra-nostra-press\\\/pedidos-em-massa\\\/#breadcrumb\",\"itemListElement\":[{\"@type\":\"ListItem\",\"position\":1,\"name\":\"Home\",\"item\":\"https:\\\/\\\/www.cltweb.org\\\/pt-br\\\/\"},{\"@type\":\"ListItem\",\"position\":2,\"name\":\"Terra Nostra Press\",\"item\":\"https:\\\/\\\/www.cltweb.org\\\/pt-br\\\/terra-nostra-press\\\/\"},{\"@type\":\"ListItem\",\"position\":3,\"name\":\"Pedidos em massa\"}]},{\"@type\":\"WebSite\",\"@id\":\"https:\\\/\\\/www.cltweb.org\\\/pt-br\\\/#website\",\"url\":\"https:\\\/\\\/www.cltweb.org\\\/pt-br\\\/\",\"name\":\"International Center for Community Land Trusts\",\"description\":\"\",\"publisher\":{\"@id\":\"https:\\\/\\\/www.cltweb.org\\\/pt-br\\\/#organization\"},\"potentialAction\":[{\"@type\":\"SearchAction\",\"target\":{\"@type\":\"EntryPoint\",\"urlTemplate\":\"https:\\\/\\\/www.cltweb.org\\\/pt-br\\\/?s={search_term_string}\"},\"query-input\":{\"@type\":\"PropertyValueSpecification\",\"valueRequired\":true,\"valueName\":\"search_term_string\"}}],\"inLanguage\":\"pt-BR\"},{\"@type\":\"Organization\",\"@id\":\"https:\\\/\\\/www.cltweb.org\\\/pt-br\\\/#organization\",\"name\":\"International Center for Community Land Trusts\",\"url\":\"https:\\\/\\\/www.cltweb.org\\\/pt-br\\\/\",\"logo\":{\"@type\":\"ImageObject\",\"inLanguage\":\"pt-BR\",\"@id\":\"https:\\\/\\\/www.cltweb.org\\\/pt-br\\\/#\\\/schema\\\/logo\\\/image\\\/\",\"url\":\"https:\\\/\\\/www.cltweb.org\\\/wp-content\\\/uploads\\\/2024\\\/11\\\/New-CLT-Center-Text-logo.png\",\"contentUrl\":\"https:\\\/\\\/www.cltweb.org\\\/wp-content\\\/uploads\\\/2024\\\/11\\\/New-CLT-Center-Text-logo.png\",\"width\":227,\"height\":80,\"caption\":\"International Center for Community Land Trusts\"},\"image\":{\"@id\":\"https:\\\/\\\/www.cltweb.org\\\/pt-br\\\/#\\\/schema\\\/logo\\\/image\\\/\"},\"sameAs\":[\"https:\\\/\\\/www.facebook.com\\\/cltcenter\",\"https:\\\/\\\/x.com\\\/Center4CLTs\",\"https:\\\/\\\/www.instagram.com\\\/cltcenter\\\/\",\"https:\\\/\\\/www.linkedin.com\\\/company\\\/cltcenter\",\"https:\\\/\\\/www.youtube.com\\\/@centerforcltinnovation5313\"],\"description\":\"The International Center for Community Land Trusts is a not-for-profit nongovernmental organization established in 2018 to promote and to support community land trusts and similar strategies of community-led development on community-owned land in countries throughout the world.\",\"email\":\"info@communitylandtrust.net\",\"legalName\":\"International Center for Community Land Trusts\",\"foundingDate\":\"2018-12-01\",\"taxID\":\"84-3858933\",\"numberOfEmployees\":{\"@type\":\"QuantitativeValue\",\"minValue\":\"1\",\"maxValue\":\"10\"}}]}<\/script>\n<!-- \/ Yoast SEO Premium plugin. -->","yoast_head_json":{"title":"Pedidos em massa - International Center for Community Land Trusts","robots":{"index":"index","follow":"follow","max-snippet":"max-snippet:-1","max-image-preview":"max-image-preview:large","max-video-preview":"max-video-preview:-1"},"canonical":"https:\/\/www.cltweb.org\/pt-br\/terra-nostra-press\/pedidos-em-massa\/","og_locale":"pt_BR","og_type":"article","og_title":"Pedidos em massa","og_description":"A Terra Nostra Press oferece um desconto de 40% para pedidos em massa de dez livros ou mais para organiza\u00e7\u00f5es sem fins lucrativos.","og_url":"https:\/\/www.cltweb.org\/pt-br\/terra-nostra-press\/pedidos-em-massa\/","og_site_name":"International Center for Community Land Trusts","article_publisher":"https:\/\/www.facebook.com\/cltcenter","article_modified_time":"2024-10-27T19:34:24+00:00","twitter_card":"summary_large_image","twitter_site":"@Center4CLTs","twitter_misc":{"Est. tempo de leitura":"1 minuto"},"schema":{"@context":"https:\/\/schema.org","@graph":[{"@type":"WebPage","@id":"https:\/\/www.cltweb.org\/pt-br\/terra-nostra-press\/pedidos-em-massa\/","url":"https:\/\/www.cltweb.org\/pt-br\/terra-nostra-press\/pedidos-em-massa\/","name":"Pedidos em massa - International Center for Community Land Trusts","isPartOf":{"@id":"https:\/\/www.cltweb.org\/pt-br\/#website"},"datePublished":"2024-07-30T19:01:18+00:00","dateModified":"2024-10-27T19:34:24+00:00","breadcrumb":{"@id":"https:\/\/www.cltweb.org\/pt-br\/terra-nostra-press\/pedidos-em-massa\/#breadcrumb"},"inLanguage":"pt-BR","potentialAction":[{"@type":"ReadAction","target":["https:\/\/www.cltweb.org\/pt-br\/terra-nostra-press\/pedidos-em-massa\/"]}]},{"@type":"BreadcrumbList","@id":"https:\/\/www.cltweb.org\/pt-br\/terra-nostra-press\/pedidos-em-massa\/#breadcrumb","itemListElement":[{"@type":"ListItem","position":1,"name":"Home","item":"https:\/\/www.cltweb.org\/pt-br\/"},{"@type":"ListItem","position":2,"name":"Terra Nostra Press","item":"https:\/\/www.cltweb.org\/pt-br\/terra-nostra-press\/"},{"@type":"ListItem","position":3,"name":"Pedidos em massa"}]},{"@type":"WebSite","@id":"https:\/\/www.cltweb.org\/pt-br\/#website","url":"https:\/\/www.cltweb.org\/pt-br\/","name":"International Center for Community Land Trusts","description":"","publisher":{"@id":"https:\/\/www.cltweb.org\/pt-br\/#organization"},"potentialAction":[{"@type":"SearchAction","target":{"@type":"EntryPoint","urlTemplate":"https:\/\/www.cltweb.org\/pt-br\/?s={search_term_string}"},"query-input":{"@type":"PropertyValueSpecification","valueRequired":true,"valueName":"search_term_string"}}],"inLanguage":"pt-BR"},{"@type":"Organization","@id":"https:\/\/www.cltweb.org\/pt-br\/#organization","name":"International Center for Community Land Trusts","url":"https:\/\/www.cltweb.org\/pt-br\/","logo":{"@type":"ImageObject","inLanguage":"pt-BR","@id":"https:\/\/www.cltweb.org\/pt-br\/#\/schema\/logo\/image\/","url":"https:\/\/www.cltweb.org\/wp-content\/uploads\/2024\/11\/New-CLT-Center-Text-logo.png","contentUrl":"https:\/\/www.cltweb.org\/wp-content\/uploads\/2024\/11\/New-CLT-Center-Text-logo.png","width":227,"height":80,"caption":"International Center for Community Land Trusts"},"image":{"@id":"https:\/\/www.cltweb.org\/pt-br\/#\/schema\/logo\/image\/"},"sameAs":["https:\/\/www.facebook.com\/cltcenter","https:\/\/x.com\/Center4CLTs","https:\/\/www.instagram.com\/cltcenter\/","https:\/\/www.linkedin.com\/company\/cltcenter","https:\/\/www.youtube.com\/@centerforcltinnovation5313"],"description":"The International Center for Community Land Trusts is a not-for-profit nongovernmental organization established in 2018 to promote and to support community land trusts and similar strategies of community-led development on community-owned land in countries throughout the world.","email":"info@communitylandtrust.net","legalName":"International Center for Community Land Trusts","foundingDate":"2018-12-01","taxID":"84-3858933","numberOfEmployees":{"@type":"QuantitativeValue","minValue":"1","maxValue":"10"}}]}},"campaignId":"","taxonomy_info":{"category":[{"value":100,"label":"Terra Nostra Press"}]},"featured_image_src_large":false,"author_info":{"display_name":"cltredesign_0jp0l4","author_link":"https:\/\/www.cltweb.org\/pt-br\/author\/cltredesign_0jp0l4\/"},"comment_info":0,"jetpack_sharing_enabled":true,"jetpack-related-posts":[{"id":1604,"url":"https:\/\/www.cltweb.org\/pt-br\/terra-nostra-press\/catalogo\/por-que-o-fideicomiso-comunitario-de-tierras\/","url_meta":{"origin":1585,"position":0},"title":"Por que o fideicomiso comunitario de tierras?","author":"cltredesign_0jp0l4","date":"29 de julho de 2024","format":false,"excerpt":"Dispon\u00edvel agora em qualquer parte do mundo, 120 pp.Carpeta dura ISBN 9781736275962 $14.50 USEBOOK ISBN 9781736275979 $5.00 US Voc\u00ea pode obter descontos em pedidos a granel para ONGs. Para obter mais informa\u00e7\u00f5es e para fazer pedidos, acesse nossa p\u00e1gina de pedidosem grande quantidade. Os ensaios contidos em\u00bfPorqu\u00e9 el fideicomiso comunitario\u2026","rel":"","context":"Em &quot;Cat\u00e1logo&quot;","block_context":{"text":"Cat\u00e1logo","link":"https:\/\/www.cltweb.org\/pt-br\/category\/catalogo\/"},"img":{"alt_text":"Book cover for ","src":"https:\/\/i0.wp.com\/www.cltweb.org\/wp-content\/uploads\/2024\/10\/Porque-el-fideicomiso-cover.jpg?resize=350%2C200&ssl=1","width":350,"height":200},"classes":[]},{"id":1615,"url":"https:\/\/www.cltweb.org\/pt-br\/terra-nostra-press\/catalogo\/o-crescimento-dos-community-land-trusts-na-inglaterra-e-na-europa\/","url_meta":{"origin":1585,"position":1},"title":"O crescimento dos Community Land Trusts na Inglaterra e na Europa","author":"cltredesign_0jp0l4","date":"29 de julho de 2024","format":false,"excerpt":"Dispon\u00edvel agora em todo o mundo, 110 pp.PAPERBACK ISBN 9781736275986 $14.00 US Voc\u00ea pode obter descontos para pedidos em massa para ONGs. Para obter mais informa\u00e7\u00f5es e fazer seu pedido, acesse nossa p\u00e1gina de pedidos em massa. Nas duas \u00faltimas d\u00e9cadas, como os mercados elevaram o pre\u00e7o da terra e\u2026","rel":"","context":"Em &quot;Cat\u00e1logo&quot;","block_context":{"text":"Cat\u00e1logo","link":"https:\/\/www.cltweb.org\/pt-br\/category\/catalogo\/"},"img":{"alt_text":"Book Cover for Growth of CLTs in England and Europe","src":"https:\/\/i0.wp.com\/www.cltweb.org\/wp-content\/uploads\/2024\/10\/Growth-in-England-and-Europe-cover.jpg?resize=350%2C200&ssl=1","width":350,"height":200,"srcset":"https:\/\/i0.wp.com\/www.cltweb.org\/wp-content\/uploads\/2024\/10\/Growth-in-England-and-Europe-cover.jpg?resize=350%2C200&ssl=1 1x, https:\/\/i0.wp.com\/www.cltweb.org\/wp-content\/uploads\/2024\/10\/Growth-in-England-and-Europe-cover.jpg?resize=525%2C300&ssl=1 1.5x, https:\/\/i0.wp.com\/www.cltweb.org\/wp-content\/uploads\/2024\/10\/Growth-in-England-and-Europe-cover.jpg?resize=700%2C400&ssl=1 2x, https:\/\/i0.wp.com\/www.cltweb.org\/wp-content\/uploads\/2024\/10\/Growth-in-England-and-Europe-cover.jpg?resize=1050%2C600&ssl=1 3x, https:\/\/i0.wp.com\/www.cltweb.org\/wp-content\/uploads\/2024\/10\/Growth-in-England-and-Europe-cover.jpg?resize=1400%2C800&ssl=1 4x"},"classes":[]},{"id":1594,"url":"https:\/\/www.cltweb.org\/pt-br\/terra-nostra-press\/catalogo\/aplicacoes-do-community-land-trust-em-bairros-urbanos\/","url_meta":{"origin":1585,"position":2},"title":"Aplica\u00e7\u00f5es do Community Land Trust em bairros urbanos","author":"cltredesign_0jp0l4","date":"29 de julho de 2024","format":false,"excerpt":"Dispon\u00edvel agora em todo o mundo, 110 pp.PAPERBACK ISBN 9781734403077 $15.00 USEBOOK ISBN 9781734403084 $5.00 US Voc\u00ea pode obter descontos para pedidos em massa para ONGs. Para obter mais informa\u00e7\u00f5es e fazer seu pedido, acesse nossa p\u00e1gina de pedidos em massa. Os oito ensaios contidos nesta monografia foram selecionados de\u2026","rel":"","context":"Em &quot;Cat\u00e1logo&quot;","block_context":{"text":"Cat\u00e1logo","link":"https:\/\/www.cltweb.org\/pt-br\/category\/catalogo\/"},"img":{"alt_text":"Book Cover for Urban Applications","src":"https:\/\/i0.wp.com\/www.cltweb.org\/wp-content\/uploads\/2024\/10\/Urban-Applications-Cover.jpg?resize=350%2C200&ssl=1","width":350,"height":200,"srcset":"https:\/\/i0.wp.com\/www.cltweb.org\/wp-content\/uploads\/2024\/10\/Urban-Applications-Cover.jpg?resize=350%2C200&ssl=1 1x, https:\/\/i0.wp.com\/www.cltweb.org\/wp-content\/uploads\/2024\/10\/Urban-Applications-Cover.jpg?resize=525%2C300&ssl=1 1.5x, https:\/\/i0.wp.com\/www.cltweb.org\/wp-content\/uploads\/2024\/10\/Urban-Applications-Cover.jpg?resize=700%2C400&ssl=1 2x, https:\/\/i0.wp.com\/www.cltweb.org\/wp-content\/uploads\/2024\/10\/Urban-Applications-Cover.jpg?resize=1050%2C600&ssl=1 3x, https:\/\/i0.wp.com\/www.cltweb.org\/wp-content\/uploads\/2024\/10\/Urban-Applications-Cover.jpg?resize=1400%2C800&ssl=1 4x"},"classes":[]},{"id":1595,"url":"https:\/\/www.cltweb.org\/pt-br\/terra-nostra-press\/catalogo\/a-inseguranca-da-posse-da-terra-na-america-latina-e-no-caribe\/","url_meta":{"origin":1585,"position":3},"title":"A inseguran\u00e7a da posse da terra na Am\u00e9rica Latina e no Caribe","author":"cltredesign_0jp0l4","date":"29 de julho de 2024","format":false,"excerpt":"Dispon\u00edvel agora em todo o mundo, 120 pp.PAPERBACK ISBN 9781734403039 $12.50 USEBOOK ISBN 9781734403053 $5.00 US Voc\u00ea pode obter descontos para pedidos em massa para ONGs. Para obter mais informa\u00e7\u00f5es e fazer seu pedido, acesse nossa p\u00e1gina de pedidos em massa. La inseguridad de la tenencia de la tierra en\u2026","rel":"","context":"Em &quot;Cat\u00e1logo&quot;","block_context":{"text":"Cat\u00e1logo","link":"https:\/\/www.cltweb.org\/pt-br\/category\/catalogo\/"},"img":{"alt_text":"Book cover for ","src":"https:\/\/i0.wp.com\/www.cltweb.org\/wp-content\/uploads\/2024\/10\/La_inseguridad_cover.jpg?resize=350%2C200&ssl=1","width":350,"height":200,"srcset":"https:\/\/i0.wp.com\/www.cltweb.org\/wp-content\/uploads\/2024\/10\/La_inseguridad_cover.jpg?resize=350%2C200&ssl=1 1x, https:\/\/i0.wp.com\/www.cltweb.org\/wp-content\/uploads\/2024\/10\/La_inseguridad_cover.jpg?resize=525%2C300&ssl=1 1.5x, https:\/\/i0.wp.com\/www.cltweb.org\/wp-content\/uploads\/2024\/10\/La_inseguridad_cover.jpg?resize=700%2C400&ssl=1 2x, https:\/\/i0.wp.com\/www.cltweb.org\/wp-content\/uploads\/2024\/10\/La_inseguridad_cover.jpg?resize=1050%2C600&ssl=1 3x, https:\/\/i0.wp.com\/www.cltweb.org\/wp-content\/uploads\/2024\/10\/La_inseguridad_cover.jpg?resize=1400%2C800&ssl=1 4x"},"classes":[]},{"id":1624,"url":"https:\/\/www.cltweb.org\/pt-br\/terra-nostra-press\/catalogo\/assuntos-da-comunidade\/","url_meta":{"origin":1585,"position":4},"title":"Assuntos da comunidade","author":"cltredesign_0jp0l4","date":"29 de julho de 2024","format":false,"excerpt":"Dispon\u00edvel agora em todo o mundo, 250 pp.PAPERBACK ISBN 9798986177601 $16.00 USEBOOK ISBN 9798986177618 $7.50 US Voc\u00ea pode obter descontos para pedidos em massa para ONGs. Para obter mais informa\u00e7\u00f5es e fazer seu pedido, acesse nossa p\u00e1gina de pedidos em massa. A comunidade \u00e9 importante: Conversas com profissionais reflexivos sobre\u2026","rel":"","context":"Em &quot;Cat\u00e1logo&quot;","block_context":{"text":"Cat\u00e1logo","link":"https:\/\/www.cltweb.org\/pt-br\/category\/catalogo\/"},"img":{"alt_text":"Book Cover for Community Matters","src":"https:\/\/i0.wp.com\/www.cltweb.org\/wp-content\/uploads\/2024\/10\/Community-Matters-Cover-e1727988732197.jpg?resize=350%2C200&ssl=1","width":350,"height":200,"srcset":"https:\/\/i0.wp.com\/www.cltweb.org\/wp-content\/uploads\/2024\/10\/Community-Matters-Cover-e1727988732197.jpg?resize=350%2C200&ssl=1 1x, https:\/\/i0.wp.com\/www.cltweb.org\/wp-content\/uploads\/2024\/10\/Community-Matters-Cover-e1727988732197.jpg?resize=525%2C300&ssl=1 1.5x, https:\/\/i0.wp.com\/www.cltweb.org\/wp-content\/uploads\/2024\/10\/Community-Matters-Cover-e1727988732197.jpg?resize=700%2C400&ssl=1 2x, https:\/\/i0.wp.com\/www.cltweb.org\/wp-content\/uploads\/2024\/10\/Community-Matters-Cover-e1727988732197.jpg?resize=1050%2C600&ssl=1 3x"},"classes":[]},{"id":1614,"url":"https:\/\/www.cltweb.org\/pt-br\/terra-nostra-press\/catalogo\/por-que-community-land-trusts\/","url_meta":{"origin":1585,"position":5},"title":"Por que Community Land Trusts?","author":"cltredesign_0jp0l4","date":"29 de julho de 2024","format":false,"excerpt":"Dispon\u00edvel agora em todo o mundo, 110 pp.PAPERBACK ISBN 9781734403046 $12.50 USEBOOK ISBN 9781734403060 $5.00 US Voc\u00ea pode obter descontos para pedidos em massa para ONGs. Para obter mais informa\u00e7\u00f5es e fazer seu pedido, acesse nossa p\u00e1gina de pedidos em massa. Why Community Land Trusts: The Philosophy Behind an Unconventional\u2026","rel":"","context":"Em &quot;Cat\u00e1logo&quot;","block_context":{"text":"Cat\u00e1logo","link":"https:\/\/www.cltweb.org\/pt-br\/category\/catalogo\/"},"img":{"alt_text":"Book cover for Why CLTs","src":"https:\/\/i0.wp.com\/www.cltweb.org\/wp-content\/uploads\/2024\/10\/Why-CLTs-cover.jpg?resize=350%2C200&ssl=1","width":350,"height":200,"srcset":"https:\/\/i0.wp.com\/www.cltweb.org\/wp-content\/uploads\/2024\/10\/Why-CLTs-cover.jpg?resize=350%2C200&ssl=1 1x, https:\/\/i0.wp.com\/www.cltweb.org\/wp-content\/uploads\/2024\/10\/Why-CLTs-cover.jpg?resize=525%2C300&ssl=1 1.5x, https:\/\/i0.wp.com\/www.cltweb.org\/wp-content\/uploads\/2024\/10\/Why-CLTs-cover.jpg?resize=700%2C400&ssl=1 2x, https:\/\/i0.wp.com\/www.cltweb.org\/wp-content\/uploads\/2024\/10\/Why-CLTs-cover.jpg?resize=1050%2C600&ssl=1 3x, https:\/\/i0.wp.com\/www.cltweb.org\/wp-content\/uploads\/2024\/10\/Why-CLTs-cover.jpg?resize=1400%2C800&ssl=1 4x"},"classes":[]}],"_links":{"self":[{"href":"https:\/\/www.cltweb.org\/pt-br\/wp-json\/wp\/v2\/pages\/1585","targetHints":{"allow":["GET"]}}],"collection":[{"href":"https:\/\/www.cltweb.org\/pt-br\/wp-json\/wp\/v2\/pages"}],"about":[{"href":"https:\/\/www.cltweb.org\/pt-br\/wp-json\/wp\/v2\/types\/page"}],"author":[{"embeddable":true,"href":"https:\/\/www.cltweb.org\/pt-br\/wp-json\/wp\/v2\/users\/1"}],"replies":[{"embeddable":true,"href":"https:\/\/www.cltweb.org\/pt-br\/wp-json\/wp\/v2\/comments?post=1585"}],"version-history":[{"count":4,"href":"https:\/\/www.cltweb.org\/pt-br\/wp-json\/wp\/v2\/pages\/1585\/revisions"}],"predecessor-version":[{"id":5672,"href":"https:\/\/www.cltweb.org\/pt-br\/wp-json\/wp\/v2\/pages\/1585\/revisions\/5672"}],"up":[{"embeddable":true,"href":"https:\/\/www.cltweb.org\/pt-br\/wp-json\/wp\/v2\/pages\/1333"}],"wp:attachment":[{"href":"https:\/\/www.cltweb.org\/pt-br\/wp-json\/wp\/v2\/media?parent=1585"}],"wp:term":[{"taxonomy":"category","embeddable":true,"href":"https:\/\/www.cltweb.org\/pt-br\/wp-json\/wp\/v2\/categories?post=1585"},{"taxonomy":"post_tag","embeddable":true,"href":"https:\/\/www.cltweb.org\/pt-br\/wp-json\/wp\/v2\/tags?post=1585"}],"curies":[{"name":"wp","href":"https:\/\/api.w.org\/{rel}","templated":true}]}}