{"id":1644,"date":"2024-07-29T23:06:15","date_gmt":"2024-07-29T23:06:15","guid":{"rendered":"https:\/\/www.cltweb.org\/o-que-os-clts-fazem\/agricultura\/perguntas-estrategicas\/"},"modified":"2025-02-03T19:39:47","modified_gmt":"2025-02-03T19:39:47","slug":"perguntas-estrategicas","status":"publish","type":"page","link":"https:\/\/www.cltweb.org\/pt-br\/biblioteca-de-recursos\/agricultura\/perguntas-estrategicas\/","title":{"rendered":"Perguntas estrat\u00e9gicas"},"content":{"rendered":"\n<h2 class=\"wp-block-heading\" id=\"h-how-will-land-be-secured-for-farmers\">Como a terra ser\u00e1 garantida para os agricultores?<\/h2>\n\n<p>Embora essa seja a quest\u00e3o central a ser respondida por um modelo de posse de terra, n\u00e3o esperamos que haja uma \u00fanica resposta. Na verdade, como sugerimos na se\u00e7\u00e3o anterior, a terra pode ser garantida de forma diferente para agricultores com diferentes n\u00edveis de experi\u00eancia. <\/p>\n\n<p>Antes de garantir terras para agricultores espec\u00edficos, no entanto, h\u00e1 a quest\u00e3o de como proteger a terra para uso agr\u00edcola. Isso pode significar a transfer\u00eancia de terras de propriedade p\u00fablica ou privada para um fundo de terras, que, em seguida, concede arrendamentos a agricultores individuais ou organiza\u00e7\u00f5es de agricultura urbana. <\/p>\n\n<p>Se a terra for arrendada por um fundo de terras ou por um \u00f3rg\u00e3o p\u00fablico, faz sentido ter termos diferentes para diferentes tipos de agricultores. As organiza\u00e7\u00f5es de agricultura urbana sem fins lucrativos poderiam se qualificar para arrendamentos de longo prazo, at\u00e9 98 anos renov\u00e1veis para as organiza\u00e7\u00f5es mais bem estabelecidas. Esses arrendamentos garantiriam o uso agr\u00edcola a longo prazo e dariam seguran\u00e7a \u00e0s organiza\u00e7\u00f5es de agricultura urbana comprometidas em ser um recurso cont\u00ednuo para um bairro.  <\/p>\n\n<p>Para agricultores individuais, um arrendamento renov\u00e1vel de curto prazo poderia ter medidas de desempenho negociadas pelo agricultor e pela entidade arrendadora, com a contribui\u00e7\u00e3o de membros da comunidade. Isso significaria que os agricultores poderiam trabalhar para obter uma seguran\u00e7a de posse de longo prazo, demonstrando sua capacidade n\u00e3o apenas de pagar o aluguel (abaixo do mercado), mas tamb\u00e9m de oferecer benef\u00edcios \u00e0 comunidade. <\/p>\n\n<h2 class=\"wp-block-heading\" id=\"h-how-will-land-be-made-affordable\">Como a terra se tornar\u00e1 acess\u00edvel?<\/h2>\n\n<p>Para que os agricultores urbanos tenham alguma esperan\u00e7a de sucesso como empresa em atividade, seus custos de acesso \u00e0 terra devem ser praticamente iguais aos dos agricultores rurais. Assim, uma meta razo\u00e1vel de acessibilidade seria fazer com que os agricultores urbanos dedicassem \u00e0 terra a mesma porcentagem do custo dos insumos que os agricultores rurais. Para os agricultores rurais, essa propor\u00e7\u00e3o depender\u00e1 da cultura, enquanto os agricultores urbanos provavelmente ter\u00e3o uma estrat\u00e9gia de cultivo mais intensiva e diversificada.  <\/p>\n\n<h2 class=\"wp-block-heading\" id=\"h-how-will-land-be-used\">Como a terra ser\u00e1 usada?<\/h2>\n\n<p>O tipo de terra apropriado depender\u00e1, \u00e9 claro, de como os produtores planejam us\u00e1-la. Voc\u00ea vai cultivar em estufas, casas de palha ou ao ar livre? Voc\u00ea cultivar\u00e1 flores, ervas ou legumes? Eles criar\u00e3o os tipos de instala\u00e7\u00f5es de compostagem? \u00c9 claro que o uso da terra depender\u00e1 n\u00e3o apenas dos desejos dos produtores, mas tamb\u00e9m do que o zoneamento e outras regulamenta\u00e7\u00f5es permitirem.    <\/p>\n\n<h2 class=\"wp-block-heading\" id=\"h-who-will-be-the-farmers\">Quem ser\u00e3o os agricultores?<\/h2>\n\n<p>Como j\u00e1 foi discutido, um modelo de posse de terra deve atender a diferentes tipos de agricultores. Esses tipos v\u00e3o desde estagi\u00e1rios que trabalham em fazendas urbanas sem fins lucrativos e novos produtores que testam seus modelos de neg\u00f3cios em fazendas incubadoras at\u00e9 produtores independentes com apenas alguns anos ou d\u00e9cadas de experi\u00eancia. Um modelo de posse tamb\u00e9m pode ajudar a incentivar a agricultura urbana engajada na comunidade por meio de empresas administradas por minorias e priorizando o acesso \u00e0 terra para produtores que cultivar\u00e3o em seu pr\u00f3prio bairro.  <\/p>\n\n<h2 class=\"wp-block-heading\" id=\"h-what-type-of-support-will-farmers-need-to-be-successful\">De que tipo de suporte os agricultores precisar\u00e3o para ter sucesso?<\/h2>\n\n<p>O n\u00edvel e o tipo de suporte variam muito com base na experi\u00eancia do agricultor, nas quest\u00f5es relacionadas \u00e0 terra e nos desafios de acesso ao mercado local para seus produtos. Mas, concentrando-se apenas nas quest\u00f5es relacionadas \u00e0 terra, os agricultores podem precisar de apoio para a recupera\u00e7\u00e3o do solo, a instala\u00e7\u00e3o de infraestrutura (\u00e1gua e eletricidade), a constru\u00e7\u00e3o de pr\u00e9dios agr\u00edcolas, a negocia\u00e7\u00e3o de avalia\u00e7\u00f5es favor\u00e1veis de impostos sobre a propriedade (quando eles s\u00e3o os propriet\u00e1rios da terra) e, em alguns casos, mudan\u00e7as de zoneamento. Mais uma vez, na maioria dos casos, se n\u00e3o em todos, ser\u00e1 necess\u00e1rio o apoio de uma equipe de pessoas e\/ou organiza\u00e7\u00f5es para tratar de todas essas quest\u00f5es.  <\/p>\n\n<h2 class=\"wp-block-heading\" id=\"h-how-is-success-defined-nbsp-what-expectations-are-realistic\">Como o sucesso \u00e9 definido? Quais expectativas s\u00e3o realistas? <\/h2>\n\n<p>Ao definir um sistema para a posse da terra, as pessoas ter\u00e3o de lidar com a apar\u00eancia de um setor de agricultura urbana bem-sucedido. Embora tenha sido demonstrado que as fazendas urbanas sem fins lucrativos s\u00e3o locais eficazes para a programa\u00e7\u00e3o de jovens e treinamento profissional, a maioria das cidades ainda n\u00e3o viu um grande n\u00famero de pequenas fazendas urbanas com fins lucrativos que criem um n\u00famero substancial de empregos bem remunerados. Se as comunidades ou as autoridades governamentais esperam que as fazendas urbanas sejam um ve\u00edculo importante para a cria\u00e7\u00e3o de empregos no curto prazo, essas expectativas podem se revelar irrealistas.  <\/p>\n\n<p>Um modelo de posse de terra bem-sucedido permitiria que a terra permanecesse em uso agr\u00edcola durante o per\u00edodo em que os agricultores urbanos estivessem testando modelos de neg\u00f3cios com e sem fins lucrativos. Levar\u00e1 algum tempo para que os agricultores aprendam quais modelos de neg\u00f3cios proporcionam uma combina\u00e7\u00e3o aceit\u00e1vel de retorno econ\u00f4mico e benef\u00edcios para a comunidade. Ao longo do caminho, como \u00e9 normal em pequenas empresas, mesmo em mercados estabelecidos, algumas empresas agr\u00edcolas fracassar\u00e3o. Em vez de considerar esse fato como um sinal de que a terra n\u00e3o deve ser preservada para uso agr\u00edcola, um modelo bem-sucedido de posse da terra forneceria rapidamente acesso a um novo produtor.   <\/p>\n\n<h2 class=\"wp-block-heading\" id=\"h-who-should-be-the-landholding-entity\">Quem deve ser a entidade propriet\u00e1ria da terra?<\/h2>\n\n<p>Diversos tipos diferentes de entidades podem deter terras para fazendas urbanas, desde ag\u00eancias governamentais e bancos de terras at\u00e9 fideicomissos de terras, cooperativas agr\u00edcolas, fideicomissos de terras ou at\u00e9 mesmo empresas privadas. Em todos os Estados Unidos, as pessoas est\u00e3o cada vez mais procurando os fundos fiduci\u00e1rios de terras como uma entidade adequada para manter terras para fazendas e jardins urbanos. No entanto, ao considerar se um fundo fiduci\u00e1rio deve ter o t\u00edtulo de propriedade da terra ou, em vez disso, administrar terras detidas por entidades p\u00fablicas, as poss\u00edveis quest\u00f5es de impostos sobre a propriedade s\u00e3o uma considera\u00e7\u00e3o inicial importante; a avalia\u00e7\u00e3o do imposto sobre a propriedade de acordo com a taxa de mercado pode tornar a terra inacess\u00edvel, mesmo para um fundo fiduci\u00e1rio sem fins lucrativos.  <\/p>\n\n<h2 class=\"wp-block-heading\" id=\"h-how-will-landholding-entity-relate-to-community-members\">Como a entidade propriet\u00e1ria de terras se relacionar\u00e1 com os membros da comunidade?<\/h2>\n\n<p>Independentemente de a terra ser mantida por um fundo de terras sem fins lucrativos, uma ag\u00eancia governamental ou alguma outra entidade, o relacionamento entre o propriet\u00e1rio da terra e os membros da comunidade ser\u00e1 inevitavelmente uma quest\u00e3o fundamental. Os membros da comunidade s\u00e3o inclu\u00eddos como membros da diretoria de um fundo de terras e, em caso afirmativo, como? Eles s\u00e3o consultados pelos tomadores de decis\u00e3o em um \u00f3rg\u00e3o municipal de propriedade de terras ou em um banco de terras do condado e, em caso afirmativo, por qual processo?  <\/p>\n","protected":false},"excerpt":{"rendered":"<p>Como a terra ser\u00e1 garantida para os agricultores? Embora essa seja a quest\u00e3o central a ser respondida por um modelo de posse de terra, n\u00e3o esperamos que haja uma \u00fanica [&hellip;]<\/p>\n","protected":false},"author":1,"featured_media":0,"parent":829,"menu_order":3,"comment_status":"closed","ping_status":"closed","template":"","meta":{"give_campaign_id":0,"_tec_requires_first_save":true,"_kad_blocks_custom_css":"","_kad_blocks_head_custom_js":"","_kad_blocks_body_custom_js":"","_kad_blocks_footer_custom_js":"","_EventAllDay":false,"_EventTimezone":"","_EventStartDate":"","_EventEndDate":"","_EventStartDateUTC":"","_EventEndDateUTC":"","_EventShowMap":false,"_EventShowMapLink":false,"_EventURL":"","_EventCost":"","_EventCostDescription":"","_EventCurrencySymbol":"","_EventCurrencyCode":"","_EventCurrencyPosition":"","_EventDateTimeSeparator":"","_EventTimeRangeSeparator":"","_EventOrganizerID":[],"_EventVenueID":[],"_OrganizerEmail":"","_OrganizerPhone":"","_OrganizerWebsite":"","_VenueAddress":"","_VenueCity":"","_VenueCountry":"","_VenueProvince":"","_VenueState":"","_VenueZip":"","_VenuePhone":"","_VenueURL":"","_VenueStateProvince":"","_VenueLat":"","_VenueLng":"","_VenueShowMap":false,"_VenueShowMapLink":false,"_tribe_blocks_recurrence_rules":"","_tribe_blocks_recurrence_description":"","_tribe_blocks_recurrence_exclusions":"","footnotes":""},"categories":[122],"tags":[],"class_list":["post-1644","page","type-page","status-publish","hentry","category-agricultura"],"blocksy_meta":[],"yoast_head":"<!-- This site is optimized with the Yoast SEO Premium plugin v27.5 (Yoast SEO v27.5) - https:\/\/yoast.com\/product\/yoast-seo-premium-wordpress\/ -->\n<title>Perguntas estrat\u00e9gicas - International Center for Community Land Trusts<\/title>\n<meta name=\"robots\" content=\"index, follow, max-snippet:-1, max-image-preview:large, max-video-preview:-1\" \/>\n<link rel=\"canonical\" href=\"https:\/\/www.cltweb.org\/pt-br\/biblioteca-de-recursos\/agricultura\/perguntas-estrategicas\/\" \/>\n<meta property=\"og:locale\" content=\"pt_BR\" \/>\n<meta property=\"og:type\" content=\"article\" \/>\n<meta property=\"og:title\" content=\"Perguntas estrat\u00e9gicas\" \/>\n<meta property=\"og:description\" content=\"Como a terra ser\u00e1 garantida para os agricultores? Embora essa seja a quest\u00e3o central a ser respondida por um modelo de posse de terra, n\u00e3o esperamos que haja uma \u00fanica [&hellip;]\" \/>\n<meta property=\"og:url\" content=\"https:\/\/www.cltweb.org\/pt-br\/biblioteca-de-recursos\/agricultura\/perguntas-estrategicas\/\" \/>\n<meta property=\"og:site_name\" content=\"International Center for Community Land Trusts\" \/>\n<meta property=\"article:publisher\" content=\"https:\/\/www.facebook.com\/cltcenter\" \/>\n<meta property=\"article:modified_time\" content=\"2025-02-03T19:39:47+00:00\" \/>\n<meta name=\"twitter:card\" content=\"summary_large_image\" \/>\n<meta name=\"twitter:site\" content=\"@Center4CLTs\" \/>\n<meta name=\"twitter:label1\" content=\"Est. tempo de leitura\" \/>\n\t<meta name=\"twitter:data1\" content=\"6 minutos\" \/>\n<script type=\"application\/ld+json\" class=\"yoast-schema-graph\">{\"@context\":\"https:\\\/\\\/schema.org\",\"@graph\":[{\"@type\":\"WebPage\",\"@id\":\"https:\\\/\\\/www.cltweb.org\\\/pt-br\\\/biblioteca-de-recursos\\\/agricultura\\\/perguntas-estrategicas\\\/\",\"url\":\"https:\\\/\\\/www.cltweb.org\\\/pt-br\\\/biblioteca-de-recursos\\\/agricultura\\\/perguntas-estrategicas\\\/\",\"name\":\"Perguntas estrat\u00e9gicas - International Center for Community Land Trusts\",\"isPartOf\":{\"@id\":\"https:\\\/\\\/www.cltweb.org\\\/pt-br\\\/#website\"},\"datePublished\":\"2024-07-29T23:06:15+00:00\",\"dateModified\":\"2025-02-03T19:39:47+00:00\",\"breadcrumb\":{\"@id\":\"https:\\\/\\\/www.cltweb.org\\\/pt-br\\\/biblioteca-de-recursos\\\/agricultura\\\/perguntas-estrategicas\\\/#breadcrumb\"},\"inLanguage\":\"pt-BR\",\"potentialAction\":[{\"@type\":\"ReadAction\",\"target\":[\"https:\\\/\\\/www.cltweb.org\\\/pt-br\\\/biblioteca-de-recursos\\\/agricultura\\\/perguntas-estrategicas\\\/\"]}]},{\"@type\":\"BreadcrumbList\",\"@id\":\"https:\\\/\\\/www.cltweb.org\\\/pt-br\\\/biblioteca-de-recursos\\\/agricultura\\\/perguntas-estrategicas\\\/#breadcrumb\",\"itemListElement\":[{\"@type\":\"ListItem\",\"position\":1,\"name\":\"Home\",\"item\":\"https:\\\/\\\/www.cltweb.org\\\/pt-br\\\/\"},{\"@type\":\"ListItem\",\"position\":2,\"name\":\"Biblioteca de recursos\",\"item\":\"https:\\\/\\\/www.cltweb.org\\\/pt-br\\\/biblioteca-de-recursos\\\/\"},{\"@type\":\"ListItem\",\"position\":3,\"name\":\"Posse de terra para agricultura urbana\",\"item\":\"https:\\\/\\\/www.cltweb.org\\\/pt-br\\\/biblioteca-de-recursos\\\/agricultura\\\/\"},{\"@type\":\"ListItem\",\"position\":4,\"name\":\"Perguntas estrat\u00e9gicas\"}]},{\"@type\":\"WebSite\",\"@id\":\"https:\\\/\\\/www.cltweb.org\\\/pt-br\\\/#website\",\"url\":\"https:\\\/\\\/www.cltweb.org\\\/pt-br\\\/\",\"name\":\"International Center for Community Land Trusts\",\"description\":\"\",\"publisher\":{\"@id\":\"https:\\\/\\\/www.cltweb.org\\\/pt-br\\\/#organization\"},\"potentialAction\":[{\"@type\":\"SearchAction\",\"target\":{\"@type\":\"EntryPoint\",\"urlTemplate\":\"https:\\\/\\\/www.cltweb.org\\\/pt-br\\\/?s={search_term_string}\"},\"query-input\":{\"@type\":\"PropertyValueSpecification\",\"valueRequired\":true,\"valueName\":\"search_term_string\"}}],\"inLanguage\":\"pt-BR\"},{\"@type\":\"Organization\",\"@id\":\"https:\\\/\\\/www.cltweb.org\\\/pt-br\\\/#organization\",\"name\":\"International Center for Community Land Trusts\",\"url\":\"https:\\\/\\\/www.cltweb.org\\\/pt-br\\\/\",\"logo\":{\"@type\":\"ImageObject\",\"inLanguage\":\"pt-BR\",\"@id\":\"https:\\\/\\\/www.cltweb.org\\\/pt-br\\\/#\\\/schema\\\/logo\\\/image\\\/\",\"url\":\"https:\\\/\\\/www.cltweb.org\\\/wp-content\\\/uploads\\\/2024\\\/11\\\/New-CLT-Center-Text-logo.png\",\"contentUrl\":\"https:\\\/\\\/www.cltweb.org\\\/wp-content\\\/uploads\\\/2024\\\/11\\\/New-CLT-Center-Text-logo.png\",\"width\":227,\"height\":80,\"caption\":\"International Center for Community Land Trusts\"},\"image\":{\"@id\":\"https:\\\/\\\/www.cltweb.org\\\/pt-br\\\/#\\\/schema\\\/logo\\\/image\\\/\"},\"sameAs\":[\"https:\\\/\\\/www.facebook.com\\\/cltcenter\",\"https:\\\/\\\/x.com\\\/Center4CLTs\",\"https:\\\/\\\/www.instagram.com\\\/cltcenter\\\/\",\"https:\\\/\\\/www.linkedin.com\\\/company\\\/cltcenter\",\"https:\\\/\\\/www.youtube.com\\\/@centerforcltinnovation5313\"],\"description\":\"The International Center for Community Land Trusts is a not-for-profit nongovernmental organization established in 2018 to promote and to support community land trusts and similar strategies of community-led development on community-owned land in countries throughout the world.\",\"email\":\"info@communitylandtrust.net\",\"legalName\":\"International Center for Community Land Trusts\",\"foundingDate\":\"2018-12-01\",\"taxID\":\"84-3858933\",\"numberOfEmployees\":{\"@type\":\"QuantitativeValue\",\"minValue\":\"1\",\"maxValue\":\"10\"}}]}<\/script>\n<!-- \/ Yoast SEO Premium plugin. -->","yoast_head_json":{"title":"Perguntas estrat\u00e9gicas - International Center for Community Land Trusts","robots":{"index":"index","follow":"follow","max-snippet":"max-snippet:-1","max-image-preview":"max-image-preview:large","max-video-preview":"max-video-preview:-1"},"canonical":"https:\/\/www.cltweb.org\/pt-br\/biblioteca-de-recursos\/agricultura\/perguntas-estrategicas\/","og_locale":"pt_BR","og_type":"article","og_title":"Perguntas estrat\u00e9gicas","og_description":"Como a terra ser\u00e1 garantida para os agricultores? Embora essa seja a quest\u00e3o central a ser respondida por um modelo de posse de terra, n\u00e3o esperamos que haja uma \u00fanica [&hellip;]","og_url":"https:\/\/www.cltweb.org\/pt-br\/biblioteca-de-recursos\/agricultura\/perguntas-estrategicas\/","og_site_name":"International Center for Community Land Trusts","article_publisher":"https:\/\/www.facebook.com\/cltcenter","article_modified_time":"2025-02-03T19:39:47+00:00","twitter_card":"summary_large_image","twitter_site":"@Center4CLTs","twitter_misc":{"Est. tempo de leitura":"6 minutos"},"schema":{"@context":"https:\/\/schema.org","@graph":[{"@type":"WebPage","@id":"https:\/\/www.cltweb.org\/pt-br\/biblioteca-de-recursos\/agricultura\/perguntas-estrategicas\/","url":"https:\/\/www.cltweb.org\/pt-br\/biblioteca-de-recursos\/agricultura\/perguntas-estrategicas\/","name":"Perguntas estrat\u00e9gicas - International Center for Community Land Trusts","isPartOf":{"@id":"https:\/\/www.cltweb.org\/pt-br\/#website"},"datePublished":"2024-07-29T23:06:15+00:00","dateModified":"2025-02-03T19:39:47+00:00","breadcrumb":{"@id":"https:\/\/www.cltweb.org\/pt-br\/biblioteca-de-recursos\/agricultura\/perguntas-estrategicas\/#breadcrumb"},"inLanguage":"pt-BR","potentialAction":[{"@type":"ReadAction","target":["https:\/\/www.cltweb.org\/pt-br\/biblioteca-de-recursos\/agricultura\/perguntas-estrategicas\/"]}]},{"@type":"BreadcrumbList","@id":"https:\/\/www.cltweb.org\/pt-br\/biblioteca-de-recursos\/agricultura\/perguntas-estrategicas\/#breadcrumb","itemListElement":[{"@type":"ListItem","position":1,"name":"Home","item":"https:\/\/www.cltweb.org\/pt-br\/"},{"@type":"ListItem","position":2,"name":"Biblioteca de recursos","item":"https:\/\/www.cltweb.org\/pt-br\/biblioteca-de-recursos\/"},{"@type":"ListItem","position":3,"name":"Posse de terra para agricultura urbana","item":"https:\/\/www.cltweb.org\/pt-br\/biblioteca-de-recursos\/agricultura\/"},{"@type":"ListItem","position":4,"name":"Perguntas estrat\u00e9gicas"}]},{"@type":"WebSite","@id":"https:\/\/www.cltweb.org\/pt-br\/#website","url":"https:\/\/www.cltweb.org\/pt-br\/","name":"International Center for Community Land Trusts","description":"","publisher":{"@id":"https:\/\/www.cltweb.org\/pt-br\/#organization"},"potentialAction":[{"@type":"SearchAction","target":{"@type":"EntryPoint","urlTemplate":"https:\/\/www.cltweb.org\/pt-br\/?s={search_term_string}"},"query-input":{"@type":"PropertyValueSpecification","valueRequired":true,"valueName":"search_term_string"}}],"inLanguage":"pt-BR"},{"@type":"Organization","@id":"https:\/\/www.cltweb.org\/pt-br\/#organization","name":"International Center for Community Land Trusts","url":"https:\/\/www.cltweb.org\/pt-br\/","logo":{"@type":"ImageObject","inLanguage":"pt-BR","@id":"https:\/\/www.cltweb.org\/pt-br\/#\/schema\/logo\/image\/","url":"https:\/\/www.cltweb.org\/wp-content\/uploads\/2024\/11\/New-CLT-Center-Text-logo.png","contentUrl":"https:\/\/www.cltweb.org\/wp-content\/uploads\/2024\/11\/New-CLT-Center-Text-logo.png","width":227,"height":80,"caption":"International Center for Community Land Trusts"},"image":{"@id":"https:\/\/www.cltweb.org\/pt-br\/#\/schema\/logo\/image\/"},"sameAs":["https:\/\/www.facebook.com\/cltcenter","https:\/\/x.com\/Center4CLTs","https:\/\/www.instagram.com\/cltcenter\/","https:\/\/www.linkedin.com\/company\/cltcenter","https:\/\/www.youtube.com\/@centerforcltinnovation5313"],"description":"The International Center for Community Land Trusts is a not-for-profit nongovernmental organization established in 2018 to promote and to support community land trusts and similar strategies of community-led development on community-owned land in countries throughout the world.","email":"info@communitylandtrust.net","legalName":"International Center for Community Land Trusts","foundingDate":"2018-12-01","taxID":"84-3858933","numberOfEmployees":{"@type":"QuantitativeValue","minValue":"1","maxValue":"10"}}]}},"campaignId":"","taxonomy_info":{"category":[{"value":122,"label":"Agricultura"}]},"featured_image_src_large":false,"author_info":{"display_name":"cltredesign_0jp0l4","author_link":"https:\/\/www.cltweb.org\/pt-br\/author\/cltredesign_0jp0l4\/"},"comment_info":0,"jetpack_sharing_enabled":true,"jetpack-related-posts":[{"id":1674,"url":"https:\/\/www.cltweb.org\/pt-br\/biblioteca-de-recursos\/agricultura\/desafios\/","url_meta":{"origin":1644,"position":0},"title":"Desafios","author":"cltredesign_0jp0l4","date":"29 de julho de 2024","format":false,"excerpt":"A necessidade de terrenos acess\u00edveis O alto custo das terras urbanas em rela\u00e7\u00e3o \u00e0s rurais representa um grande problema para os aspirantes a agricultores urbanos. Ao contr\u00e1rio dos agricultores rurais, eles est\u00e3o competindo por terras com uma infinidade de outros usu\u00e1rios em potencial, o que, por sua vez, cria press\u00f5es\u2026","rel":"","context":"Em &quot;Agricultura&quot;","block_context":{"text":"Agricultura","link":"https:\/\/www.cltweb.org\/pt-br\/category\/agricultura\/"},"img":{"alt_text":"","src":"","width":0,"height":0},"classes":[]},{"id":8763,"url":"https:\/\/www.cltweb.org\/pt-br\/biblioteca-de-recursos\/agricultura\/o-modelo-de-servidor-central\/um-land-trust-para-fazendas-comerciais-urbanas\/","url_meta":{"origin":1644,"position":1},"title":"Um Land Trust para fazendas comerciais urbanas?","author":"cltredesign_0jp0l4","date":"2 de fevereiro de 2025","format":false,"excerpt":"A manuten\u00e7\u00e3o de terras agr\u00edcolas em um fundo fiduci\u00e1rio serve como um complemento em potencial para modelos de agricultura urbana empresarial e com fins lucrativos. As autoridades das funda\u00e7\u00f5es, em particular, est\u00e3o interessadas no potencial do setor de agricultura urbana para ir al\u00e9m dos modelos de neg\u00f3cios sem fins lucrativos\u2026","rel":"","context":"Em &quot;Agricultura&quot;","block_context":{"text":"Agricultura","link":"https:\/\/www.cltweb.org\/pt-br\/category\/agricultura\/"},"img":{"alt_text":"","src":"","width":0,"height":0},"classes":[]},{"id":2855,"url":"https:\/\/www.cltweb.org\/pt-br\/biblioteca-de-recursos\/agricultura\/conceitos-chave\/protegendo-a-terra-da-especulacao\/","url_meta":{"origin":1644,"position":2},"title":"Protegendo a terra da especula\u00e7\u00e3o","author":"cltredesign_0jp0l4","date":"4 de outubro de 2024","format":false,"excerpt":"Se a terra acess\u00edvel \u00e9 fundamental para a agricultura urbana comercialmente vi\u00e1vel e engajada na comunidade, a quest\u00e3o \u00e9 como proteger a acessibilidade a longo prazo. Isso significa, por um lado, garantir que as fazendas urbanas n\u00e3o sejam desalojadas pelo r\u00e1pido aumento dos pre\u00e7os em um mercado imobili\u00e1rio especulativo e,\u2026","rel":"","context":"Post similar","block_context":{"text":"Post similar","link":""},"img":{"alt_text":"","src":"","width":0,"height":0},"classes":[]},{"id":8695,"url":"https:\/\/www.cltweb.org\/pt-br\/biblioteca-de-recursos\/agricultura\/conceitos-chave\/imposto-sobre-a-propriedade\/","url_meta":{"origin":1644,"position":3},"title":"Imposto sobre a propriedade","author":"cltredesign_0jp0l4","date":"2 de fevereiro de 2025","format":false,"excerpt":"Falando da perspectiva do produtor e do propriet\u00e1rio de terras, \u00e9 sempre melhor reduzir ou eliminar os impostos sobre a propriedade para proteger a acessibilidade das terras agr\u00edcolas urbanas. \u00c9 claro que a autoridade tribut\u00e1ria pode ter uma perspectiva diferente, mas h\u00e1 maneiras de estruturar a propriedade da terra para\u2026","rel":"","context":"Em &quot;Agricultura&quot;","block_context":{"text":"Agricultura","link":"https:\/\/www.cltweb.org\/pt-br\/category\/agricultura\/"},"img":{"alt_text":"","src":"","width":0,"height":0},"classes":[]},{"id":8700,"url":"https:\/\/www.cltweb.org\/pt-br\/biblioteca-de-recursos\/agricultura\/conceitos-chave\/posse-de-terra-na-medida-certa\/","url_meta":{"origin":1644,"position":4},"title":"Posse de terra na medida certa","author":"cltredesign_0jp0l4","date":"2 de fevereiro de 2025","format":false,"excerpt":"A posse da terra deve permitir que o produtor recupere seus investimentos. Embora os modelos de neg\u00f3cios \"pop-up\" sejam cada vez mais populares nos setores de restaurantes e varejo, esse \u00e9 um modelo dif\u00edcil para o cultivo urbano. O acesso \u00e0 terra por uma \u00fanica temporada exige que o produtor\u2026","rel":"","context":"Em &quot;Agricultura&quot;","block_context":{"text":"Agricultura","link":"https:\/\/www.cltweb.org\/pt-br\/category\/agricultura\/"},"img":{"alt_text":"","src":"","width":0,"height":0},"classes":[]},{"id":8978,"url":"https:\/\/www.cltweb.org\/pt-br\/biblioteca-de-recursos\/agricultura\/recursos-adicionais\/como-os-clts-asseguram-e-protegem-a-terra\/propriedade-de-taxa-simples\/","url_meta":{"origin":1644,"position":5},"title":"Propriedade de taxa simples","author":"cltredesign_0jp0l4","date":"3 de fevereiro de 2025","format":false,"excerpt":"A propriedade simples permite que um CLT detenha o maior n\u00famero de \"paus\" no conjunto de direitos de propriedade e oferece um alto n\u00edvel de seguran\u00e7a da terra, desde que todos os pagamentos de hipoteca e obriga\u00e7\u00f5es fiscais sejam cumpridos. Nas \u00e1reas urbanas, as \u00e1reas agr\u00edcolas geralmente est\u00e3o localizadas em\u2026","rel":"","context":"Em &quot;Agricultura&quot;","block_context":{"text":"Agricultura","link":"https:\/\/www.cltweb.org\/pt-br\/category\/agricultura\/"},"img":{"alt_text":"","src":"","width":0,"height":0},"classes":[]}],"_links":{"self":[{"href":"https:\/\/www.cltweb.org\/pt-br\/wp-json\/wp\/v2\/pages\/1644","targetHints":{"allow":["GET"]}}],"collection":[{"href":"https:\/\/www.cltweb.org\/pt-br\/wp-json\/wp\/v2\/pages"}],"about":[{"href":"https:\/\/www.cltweb.org\/pt-br\/wp-json\/wp\/v2\/types\/page"}],"author":[{"embeddable":true,"href":"https:\/\/www.cltweb.org\/pt-br\/wp-json\/wp\/v2\/users\/1"}],"replies":[{"embeddable":true,"href":"https:\/\/www.cltweb.org\/pt-br\/wp-json\/wp\/v2\/comments?post=1644"}],"version-history":[{"count":2,"href":"https:\/\/www.cltweb.org\/pt-br\/wp-json\/wp\/v2\/pages\/1644\/revisions"}],"predecessor-version":[{"id":8870,"href":"https:\/\/www.cltweb.org\/pt-br\/wp-json\/wp\/v2\/pages\/1644\/revisions\/8870"}],"up":[{"embeddable":true,"href":"https:\/\/www.cltweb.org\/pt-br\/wp-json\/wp\/v2\/pages\/829"}],"wp:attachment":[{"href":"https:\/\/www.cltweb.org\/pt-br\/wp-json\/wp\/v2\/media?parent=1644"}],"wp:term":[{"taxonomy":"category","embeddable":true,"href":"https:\/\/www.cltweb.org\/pt-br\/wp-json\/wp\/v2\/categories?post=1644"},{"taxonomy":"post_tag","embeddable":true,"href":"https:\/\/www.cltweb.org\/pt-br\/wp-json\/wp\/v2\/tags?post=1644"}],"curies":[{"name":"wp","href":"https:\/\/api.w.org\/{rel}","templated":true}]}}