{"id":1645,"date":"2024-07-29T23:04:40","date_gmt":"2024-07-29T23:04:40","guid":{"rendered":"https:\/\/www.cltweb.org\/o-que-os-clts-fazem\/agricultura\/recursos-adicionais\/"},"modified":"2025-02-03T19:58:32","modified_gmt":"2025-02-03T19:58:32","slug":"recursos-adicionais","status":"publish","type":"page","link":"https:\/\/www.cltweb.org\/pt-br\/biblioteca-de-recursos\/agricultura\/recursos-adicionais\/","title":{"rendered":"Recursos adicionais"},"content":{"rendered":"\n<p><strong>Esta se\u00e7\u00e3o fornece uma variedade de ferramentas que ser\u00e3o \u00fateis na implementa\u00e7\u00e3o de abordagens baseadas em CLT para a agricultura urbana<\/strong>, bem como para qualquer pessoa interessada em garantir a posse da terra a longo prazo para a agricultura urbana.<\/p>\n\n<p>Fornecemos nove <strong><a href=\"https:\/\/www.cltweb.org\/pt-br\/biblioteca-de-recursos\/agricultura\/recursos-adicionais\/estudos-de-caso-clt\/\">estudos de caso<\/a><\/strong> de CLTs envolvidos em projetos de agricultura urbana, alguns dos quais combinam a produ\u00e7\u00e3o de alimentos com moradias populares e outros usos do solo.<\/p>\n\n<p>Extra\u00edmos se\u00e7\u00f5es de um documento de trabalho do Lincoln Institute of Land Policy que aborda os diferentes m\u00e9todos para <strong><a href=\"https:\/\/www.cltweb.org\/pt-br\/biblioteca-de-recursos\/agricultura\/recursos-adicionais\/como-os-clts-asseguram-e-protegem-a-terra\/\">garantir e proteger a posse da terra<\/a><\/strong> para a produ\u00e7\u00e3o urbana de alimentos.<\/p>\n\n<p>Inclu\u00edmos <strong><a href=\"https:\/\/www.cltweb.org\/pt-br\/biblioteca-de-recursos\/agricultura\/recursos-adicionais\/documentos-de-amostra\/\">exemplos de documentos<\/a> <\/strong>(incluindo o arquivo completo do Troy Gardens), bem como <strong><a href=\"https:\/\/www.cltweb.org\/pt-br\/biblioteca-de-recursos\/agricultura\/recursos-adicionais\/publicacoes-e-apresentacoes\/\">apresenta\u00e7\u00f5es e publica\u00e7\u00f5es<\/a><\/strong> sobre CLTs e agricultura urbana<\/p>\n\n<p>Por fim, inclu\u00edmos <strong><a href=\"https:\/\/www.cltweb.org\/pt-br\/biblioteca-de-recursos\/agricultura\/recursos-adicionais\/ferramentas\/\">planilhas e um banco de dados de amostra<\/a><\/strong> para ajudar os propriet\u00e1rios de terras a gerenciar os invent\u00e1rios de terras.<\/p>\n\n<p><\/p>\n","protected":false},"excerpt":{"rendered":"<p>Esta se\u00e7\u00e3o fornece uma variedade de ferramentas que ser\u00e3o \u00fateis na implementa\u00e7\u00e3o de abordagens baseadas em CLT para a agricultura urbana, bem como para qualquer pessoa interessada em garantir a [&hellip;]<\/p>\n","protected":false},"author":1,"featured_media":0,"parent":829,"menu_order":7,"comment_status":"closed","ping_status":"closed","template":"","meta":{"give_campaign_id":0,"_tec_requires_first_save":true,"_kad_blocks_custom_css":"","_kad_blocks_head_custom_js":"","_kad_blocks_body_custom_js":"","_kad_blocks_footer_custom_js":"","_EventAllDay":false,"_EventTimezone":"","_EventStartDate":"","_EventEndDate":"","_EventStartDateUTC":"","_EventEndDateUTC":"","_EventShowMap":false,"_EventShowMapLink":false,"_EventURL":"","_EventCost":"","_EventCostDescription":"","_EventCurrencySymbol":"","_EventCurrencyCode":"","_EventCurrencyPosition":"","_EventDateTimeSeparator":"","_EventTimeRangeSeparator":"","_EventOrganizerID":[],"_EventVenueID":[],"_OrganizerEmail":"","_OrganizerPhone":"","_OrganizerWebsite":"","_VenueAddress":"","_VenueCity":"","_VenueCountry":"","_VenueProvince":"","_VenueState":"","_VenueZip":"","_VenuePhone":"","_VenueURL":"","_VenueStateProvince":"","_VenueLat":"","_VenueLng":"","_VenueShowMap":false,"_VenueShowMapLink":false,"_tribe_blocks_recurrence_rules":"","_tribe_blocks_recurrence_description":"","_tribe_blocks_recurrence_exclusions":"","footnotes":""},"categories":[122],"tags":[],"class_list":["post-1645","page","type-page","status-publish","hentry","category-agricultura"],"blocksy_meta":[],"yoast_head":"<!-- This site is optimized with the Yoast SEO Premium plugin v27.5 (Yoast SEO v27.5) - https:\/\/yoast.com\/product\/yoast-seo-premium-wordpress\/ -->\n<title>Recursos adicionais - International Center for Community Land Trusts<\/title>\n<meta name=\"robots\" content=\"index, follow, max-snippet:-1, max-image-preview:large, max-video-preview:-1\" \/>\n<link rel=\"canonical\" href=\"https:\/\/www.cltweb.org\/pt-br\/biblioteca-de-recursos\/agricultura\/recursos-adicionais\/\" \/>\n<meta property=\"og:locale\" content=\"pt_BR\" \/>\n<meta property=\"og:type\" content=\"article\" \/>\n<meta property=\"og:title\" content=\"Recursos adicionais\" \/>\n<meta property=\"og:description\" content=\"Esta se\u00e7\u00e3o fornece uma variedade de ferramentas que ser\u00e3o \u00fateis na implementa\u00e7\u00e3o de abordagens baseadas em CLT para a agricultura urbana, bem como para qualquer pessoa interessada em garantir a [&hellip;]\" \/>\n<meta property=\"og:url\" content=\"https:\/\/www.cltweb.org\/pt-br\/biblioteca-de-recursos\/agricultura\/recursos-adicionais\/\" \/>\n<meta property=\"og:site_name\" content=\"International Center for Community Land Trusts\" \/>\n<meta property=\"article:publisher\" content=\"https:\/\/www.facebook.com\/cltcenter\" \/>\n<meta property=\"article:modified_time\" content=\"2025-02-03T19:58:32+00:00\" \/>\n<meta name=\"twitter:card\" content=\"summary_large_image\" \/>\n<meta name=\"twitter:site\" content=\"@Center4CLTs\" \/>\n<meta name=\"twitter:label1\" content=\"Est. tempo de leitura\" \/>\n\t<meta name=\"twitter:data1\" content=\"1 minuto\" \/>\n<script type=\"application\/ld+json\" class=\"yoast-schema-graph\">{\"@context\":\"https:\\\/\\\/schema.org\",\"@graph\":[{\"@type\":\"WebPage\",\"@id\":\"https:\\\/\\\/www.cltweb.org\\\/pt-br\\\/biblioteca-de-recursos\\\/agricultura\\\/recursos-adicionais\\\/\",\"url\":\"https:\\\/\\\/www.cltweb.org\\\/pt-br\\\/biblioteca-de-recursos\\\/agricultura\\\/recursos-adicionais\\\/\",\"name\":\"Recursos adicionais - International Center for Community Land Trusts\",\"isPartOf\":{\"@id\":\"https:\\\/\\\/www.cltweb.org\\\/pt-br\\\/#website\"},\"datePublished\":\"2024-07-29T23:04:40+00:00\",\"dateModified\":\"2025-02-03T19:58:32+00:00\",\"breadcrumb\":{\"@id\":\"https:\\\/\\\/www.cltweb.org\\\/pt-br\\\/biblioteca-de-recursos\\\/agricultura\\\/recursos-adicionais\\\/#breadcrumb\"},\"inLanguage\":\"pt-BR\",\"potentialAction\":[{\"@type\":\"ReadAction\",\"target\":[\"https:\\\/\\\/www.cltweb.org\\\/pt-br\\\/biblioteca-de-recursos\\\/agricultura\\\/recursos-adicionais\\\/\"]}]},{\"@type\":\"BreadcrumbList\",\"@id\":\"https:\\\/\\\/www.cltweb.org\\\/pt-br\\\/biblioteca-de-recursos\\\/agricultura\\\/recursos-adicionais\\\/#breadcrumb\",\"itemListElement\":[{\"@type\":\"ListItem\",\"position\":1,\"name\":\"Home\",\"item\":\"https:\\\/\\\/www.cltweb.org\\\/pt-br\\\/\"},{\"@type\":\"ListItem\",\"position\":2,\"name\":\"Biblioteca de recursos\",\"item\":\"https:\\\/\\\/www.cltweb.org\\\/pt-br\\\/biblioteca-de-recursos\\\/\"},{\"@type\":\"ListItem\",\"position\":3,\"name\":\"Posse de terra para agricultura urbana\",\"item\":\"https:\\\/\\\/www.cltweb.org\\\/pt-br\\\/biblioteca-de-recursos\\\/agricultura\\\/\"},{\"@type\":\"ListItem\",\"position\":4,\"name\":\"Recursos adicionais\"}]},{\"@type\":\"WebSite\",\"@id\":\"https:\\\/\\\/www.cltweb.org\\\/pt-br\\\/#website\",\"url\":\"https:\\\/\\\/www.cltweb.org\\\/pt-br\\\/\",\"name\":\"International Center for Community Land Trusts\",\"description\":\"\",\"publisher\":{\"@id\":\"https:\\\/\\\/www.cltweb.org\\\/pt-br\\\/#organization\"},\"potentialAction\":[{\"@type\":\"SearchAction\",\"target\":{\"@type\":\"EntryPoint\",\"urlTemplate\":\"https:\\\/\\\/www.cltweb.org\\\/pt-br\\\/?s={search_term_string}\"},\"query-input\":{\"@type\":\"PropertyValueSpecification\",\"valueRequired\":true,\"valueName\":\"search_term_string\"}}],\"inLanguage\":\"pt-BR\"},{\"@type\":\"Organization\",\"@id\":\"https:\\\/\\\/www.cltweb.org\\\/pt-br\\\/#organization\",\"name\":\"International Center for Community Land Trusts\",\"url\":\"https:\\\/\\\/www.cltweb.org\\\/pt-br\\\/\",\"logo\":{\"@type\":\"ImageObject\",\"inLanguage\":\"pt-BR\",\"@id\":\"https:\\\/\\\/www.cltweb.org\\\/pt-br\\\/#\\\/schema\\\/logo\\\/image\\\/\",\"url\":\"https:\\\/\\\/www.cltweb.org\\\/wp-content\\\/uploads\\\/2024\\\/11\\\/New-CLT-Center-Text-logo.png\",\"contentUrl\":\"https:\\\/\\\/www.cltweb.org\\\/wp-content\\\/uploads\\\/2024\\\/11\\\/New-CLT-Center-Text-logo.png\",\"width\":227,\"height\":80,\"caption\":\"International Center for Community Land Trusts\"},\"image\":{\"@id\":\"https:\\\/\\\/www.cltweb.org\\\/pt-br\\\/#\\\/schema\\\/logo\\\/image\\\/\"},\"sameAs\":[\"https:\\\/\\\/www.facebook.com\\\/cltcenter\",\"https:\\\/\\\/x.com\\\/Center4CLTs\",\"https:\\\/\\\/www.instagram.com\\\/cltcenter\\\/\",\"https:\\\/\\\/www.linkedin.com\\\/company\\\/cltcenter\",\"https:\\\/\\\/www.youtube.com\\\/@centerforcltinnovation5313\"],\"description\":\"The International Center for Community Land Trusts is a not-for-profit nongovernmental organization established in 2018 to promote and to support community land trusts and similar strategies of community-led development on community-owned land in countries throughout the world.\",\"email\":\"info@communitylandtrust.net\",\"legalName\":\"International Center for Community Land Trusts\",\"foundingDate\":\"2018-12-01\",\"taxID\":\"84-3858933\",\"numberOfEmployees\":{\"@type\":\"QuantitativeValue\",\"minValue\":\"1\",\"maxValue\":\"10\"}}]}<\/script>\n<!-- \/ Yoast SEO Premium plugin. -->","yoast_head_json":{"title":"Recursos adicionais - International Center for Community Land Trusts","robots":{"index":"index","follow":"follow","max-snippet":"max-snippet:-1","max-image-preview":"max-image-preview:large","max-video-preview":"max-video-preview:-1"},"canonical":"https:\/\/www.cltweb.org\/pt-br\/biblioteca-de-recursos\/agricultura\/recursos-adicionais\/","og_locale":"pt_BR","og_type":"article","og_title":"Recursos adicionais","og_description":"Esta se\u00e7\u00e3o fornece uma variedade de ferramentas que ser\u00e3o \u00fateis na implementa\u00e7\u00e3o de abordagens baseadas em CLT para a agricultura urbana, bem como para qualquer pessoa interessada em garantir a [&hellip;]","og_url":"https:\/\/www.cltweb.org\/pt-br\/biblioteca-de-recursos\/agricultura\/recursos-adicionais\/","og_site_name":"International Center for Community Land Trusts","article_publisher":"https:\/\/www.facebook.com\/cltcenter","article_modified_time":"2025-02-03T19:58:32+00:00","twitter_card":"summary_large_image","twitter_site":"@Center4CLTs","twitter_misc":{"Est. tempo de leitura":"1 minuto"},"schema":{"@context":"https:\/\/schema.org","@graph":[{"@type":"WebPage","@id":"https:\/\/www.cltweb.org\/pt-br\/biblioteca-de-recursos\/agricultura\/recursos-adicionais\/","url":"https:\/\/www.cltweb.org\/pt-br\/biblioteca-de-recursos\/agricultura\/recursos-adicionais\/","name":"Recursos adicionais - International Center for Community Land Trusts","isPartOf":{"@id":"https:\/\/www.cltweb.org\/pt-br\/#website"},"datePublished":"2024-07-29T23:04:40+00:00","dateModified":"2025-02-03T19:58:32+00:00","breadcrumb":{"@id":"https:\/\/www.cltweb.org\/pt-br\/biblioteca-de-recursos\/agricultura\/recursos-adicionais\/#breadcrumb"},"inLanguage":"pt-BR","potentialAction":[{"@type":"ReadAction","target":["https:\/\/www.cltweb.org\/pt-br\/biblioteca-de-recursos\/agricultura\/recursos-adicionais\/"]}]},{"@type":"BreadcrumbList","@id":"https:\/\/www.cltweb.org\/pt-br\/biblioteca-de-recursos\/agricultura\/recursos-adicionais\/#breadcrumb","itemListElement":[{"@type":"ListItem","position":1,"name":"Home","item":"https:\/\/www.cltweb.org\/pt-br\/"},{"@type":"ListItem","position":2,"name":"Biblioteca de recursos","item":"https:\/\/www.cltweb.org\/pt-br\/biblioteca-de-recursos\/"},{"@type":"ListItem","position":3,"name":"Posse de terra para agricultura urbana","item":"https:\/\/www.cltweb.org\/pt-br\/biblioteca-de-recursos\/agricultura\/"},{"@type":"ListItem","position":4,"name":"Recursos adicionais"}]},{"@type":"WebSite","@id":"https:\/\/www.cltweb.org\/pt-br\/#website","url":"https:\/\/www.cltweb.org\/pt-br\/","name":"International Center for Community Land Trusts","description":"","publisher":{"@id":"https:\/\/www.cltweb.org\/pt-br\/#organization"},"potentialAction":[{"@type":"SearchAction","target":{"@type":"EntryPoint","urlTemplate":"https:\/\/www.cltweb.org\/pt-br\/?s={search_term_string}"},"query-input":{"@type":"PropertyValueSpecification","valueRequired":true,"valueName":"search_term_string"}}],"inLanguage":"pt-BR"},{"@type":"Organization","@id":"https:\/\/www.cltweb.org\/pt-br\/#organization","name":"International Center for Community Land Trusts","url":"https:\/\/www.cltweb.org\/pt-br\/","logo":{"@type":"ImageObject","inLanguage":"pt-BR","@id":"https:\/\/www.cltweb.org\/pt-br\/#\/schema\/logo\/image\/","url":"https:\/\/www.cltweb.org\/wp-content\/uploads\/2024\/11\/New-CLT-Center-Text-logo.png","contentUrl":"https:\/\/www.cltweb.org\/wp-content\/uploads\/2024\/11\/New-CLT-Center-Text-logo.png","width":227,"height":80,"caption":"International Center for Community Land Trusts"},"image":{"@id":"https:\/\/www.cltweb.org\/pt-br\/#\/schema\/logo\/image\/"},"sameAs":["https:\/\/www.facebook.com\/cltcenter","https:\/\/x.com\/Center4CLTs","https:\/\/www.instagram.com\/cltcenter\/","https:\/\/www.linkedin.com\/company\/cltcenter","https:\/\/www.youtube.com\/@centerforcltinnovation5313"],"description":"The International Center for Community Land Trusts is a not-for-profit nongovernmental organization established in 2018 to promote and to support community land trusts and similar strategies of community-led development on community-owned land in countries throughout the world.","email":"info@communitylandtrust.net","legalName":"International Center for Community Land Trusts","foundingDate":"2018-12-01","taxID":"84-3858933","numberOfEmployees":{"@type":"QuantitativeValue","minValue":"1","maxValue":"10"}}]}},"campaignId":"","taxonomy_info":{"category":[{"value":122,"label":"Agricultura"}]},"featured_image_src_large":false,"author_info":{"display_name":"cltredesign_0jp0l4","author_link":"https:\/\/www.cltweb.org\/pt-br\/author\/cltredesign_0jp0l4\/"},"comment_info":0,"jetpack_sharing_enabled":true,"jetpack-related-posts":[{"id":8978,"url":"https:\/\/www.cltweb.org\/pt-br\/biblioteca-de-recursos\/agricultura\/recursos-adicionais\/como-os-clts-asseguram-e-protegem-a-terra\/propriedade-de-taxa-simples\/","url_meta":{"origin":1645,"position":0},"title":"Propriedade de taxa simples","author":"cltredesign_0jp0l4","date":"3 de fevereiro de 2025","format":false,"excerpt":"A propriedade simples permite que um CLT detenha o maior n\u00famero de \"paus\" no conjunto de direitos de propriedade e oferece um alto n\u00edvel de seguran\u00e7a da terra, desde que todos os pagamentos de hipoteca e obriga\u00e7\u00f5es fiscais sejam cumpridos. Nas \u00e1reas urbanas, as \u00e1reas agr\u00edcolas geralmente est\u00e3o localizadas em\u2026","rel":"","context":"Em &quot;Agricultura&quot;","block_context":{"text":"Agricultura","link":"https:\/\/www.cltweb.org\/pt-br\/category\/agricultura\/"},"img":{"alt_text":"","src":"","width":0,"height":0},"classes":[]},{"id":2855,"url":"https:\/\/www.cltweb.org\/pt-br\/biblioteca-de-recursos\/agricultura\/conceitos-chave\/protegendo-a-terra-da-especulacao\/","url_meta":{"origin":1645,"position":1},"title":"Protegendo a terra da especula\u00e7\u00e3o","author":"cltredesign_0jp0l4","date":"4 de outubro de 2024","format":false,"excerpt":"Se a terra acess\u00edvel \u00e9 fundamental para a agricultura urbana comercialmente vi\u00e1vel e engajada na comunidade, a quest\u00e3o \u00e9 como proteger a acessibilidade a longo prazo. Isso significa, por um lado, garantir que as fazendas urbanas n\u00e3o sejam desalojadas pelo r\u00e1pido aumento dos pre\u00e7os em um mercado imobili\u00e1rio especulativo e,\u2026","rel":"","context":"Post similar","block_context":{"text":"Post similar","link":""},"img":{"alt_text":"","src":"","width":0,"height":0},"classes":[]},{"id":8718,"url":"https:\/\/www.cltweb.org\/pt-br\/biblioteca-de-recursos\/agricultura\/conceitos-chave\/agricultura-engajada-na-comunidade\/","url_meta":{"origin":1645,"position":2},"title":"Agricultura engajada na comunidade","author":"cltredesign_0jp0l4","date":"2 de fevereiro de 2025","format":false,"excerpt":"Fora das cidades, os agricultores podem trabalhar em suas terras sem muitas preocupa\u00e7\u00f5es com seus vizinhos. Por\u00e9m, em ambientes urbanos, os vizinhos est\u00e3o muito mais pr\u00f3ximos - os agricultores urbanos provavelmente sentir\u00e3o press\u00f5es significativas para serem bons membros da comunidade. Ao envolver ativamente as comunidades nas quais est\u00e3o cultivando, os\u2026","rel":"","context":"Em &quot;Agricultura&quot;","block_context":{"text":"Agricultura","link":"https:\/\/www.cltweb.org\/pt-br\/category\/agricultura\/"},"img":{"alt_text":"","src":"","width":0,"height":0},"classes":[]},{"id":1665,"url":"https:\/\/www.cltweb.org\/pt-br\/biblioteca-de-recursos\/agricultura\/conceitos-chave\/","url_meta":{"origin":1645,"position":3},"title":"Conceitos-chave","author":"cltredesign_0jp0l4","date":"29 de julho de 2024","format":false,"excerpt":"Ao estabelecer as bases para modelos escalon\u00e1veis de posse da terra para a agricultura urbana, alguns conceitos-chave merecem ser mais explorados, os quais s\u00e3o abordados nas subp\u00e1ginas desta se\u00e7\u00e3o. \u00c9 poss\u00edvel proteger as terras agr\u00edcolas urbanas do mercado imobili\u00e1rio especulativo? Voc\u00ea \u00e9 propriedade O ve\u00edculo ideal para garantir a posse\u2026","rel":"","context":"Em &quot;Agricultura&quot;","block_context":{"text":"Agricultura","link":"https:\/\/www.cltweb.org\/pt-br\/category\/agricultura\/"},"img":{"alt_text":"","src":"","width":0,"height":0},"classes":[]},{"id":1664,"url":"https:\/\/www.cltweb.org\/pt-br\/biblioteca-de-recursos\/agricultura\/o-papel-das-organizacoes-sem-fins-lucrativos\/","url_meta":{"origin":1645,"position":4},"title":"O papel das organiza\u00e7\u00f5es sem fins lucrativos","author":"cltredesign_0jp0l4","date":"29 de julho de 2024","format":false,"excerpt":"Como em outras \u00e1reas do desenvolvimento econ\u00f4mico comunit\u00e1rio, o setor sem fins lucrativos tem um papel especial a desempenhar quando se trata de dar o pontap\u00e9 inicial na agricultura urbana. A agricultura urbana \u00e9 uma abordagem de custo relativamente baixo para a revitaliza\u00e7\u00e3o da comunidade, com o custo do investimento\u2026","rel":"","context":"Em &quot;Agricultura&quot;","block_context":{"text":"Agricultura","link":"https:\/\/www.cltweb.org\/pt-br\/category\/agricultura\/"},"img":{"alt_text":"","src":"","width":0,"height":0},"classes":[]},{"id":8708,"url":"https:\/\/www.cltweb.org\/pt-br\/biblioteca-de-recursos\/agricultura\/conceitos-chave\/trabalho-em-equipe\/","url_meta":{"origin":1645,"position":5},"title":"Trabalho em equipe","author":"cltredesign_0jp0l4","date":"2 de fevereiro de 2025","format":false,"excerpt":"Os produtores urbanos que buscam acesso a terrenos acess\u00edveis geralmente recorrem a funcion\u00e1rios do governo em n\u00edvel municipal e distrital para obter ajuda. As autoridades municipais e os gerentes de bancos de terrenos podem ajudar a identificar terrenos vagos que poderiam estar dispon\u00edveis para a agricultura. Os avaliadores do condado\u2026","rel":"","context":"Em &quot;Agricultura&quot;","block_context":{"text":"Agricultura","link":"https:\/\/www.cltweb.org\/pt-br\/category\/agricultura\/"},"img":{"alt_text":"","src":"","width":0,"height":0},"classes":[]}],"_links":{"self":[{"href":"https:\/\/www.cltweb.org\/pt-br\/wp-json\/wp\/v2\/pages\/1645","targetHints":{"allow":["GET"]}}],"collection":[{"href":"https:\/\/www.cltweb.org\/pt-br\/wp-json\/wp\/v2\/pages"}],"about":[{"href":"https:\/\/www.cltweb.org\/pt-br\/wp-json\/wp\/v2\/types\/page"}],"author":[{"embeddable":true,"href":"https:\/\/www.cltweb.org\/pt-br\/wp-json\/wp\/v2\/users\/1"}],"replies":[{"embeddable":true,"href":"https:\/\/www.cltweb.org\/pt-br\/wp-json\/wp\/v2\/comments?post=1645"}],"version-history":[{"count":2,"href":"https:\/\/www.cltweb.org\/pt-br\/wp-json\/wp\/v2\/pages\/1645\/revisions"}],"predecessor-version":[{"id":8971,"href":"https:\/\/www.cltweb.org\/pt-br\/wp-json\/wp\/v2\/pages\/1645\/revisions\/8971"}],"up":[{"embeddable":true,"href":"https:\/\/www.cltweb.org\/pt-br\/wp-json\/wp\/v2\/pages\/829"}],"wp:attachment":[{"href":"https:\/\/www.cltweb.org\/pt-br\/wp-json\/wp\/v2\/media?parent=1645"}],"wp:term":[{"taxonomy":"category","embeddable":true,"href":"https:\/\/www.cltweb.org\/pt-br\/wp-json\/wp\/v2\/categories?post=1645"},{"taxonomy":"post_tag","embeddable":true,"href":"https:\/\/www.cltweb.org\/pt-br\/wp-json\/wp\/v2\/tags?post=1645"}],"curies":[{"name":"wp","href":"https:\/\/api.w.org\/{rel}","templated":true}]}}