{"id":1655,"date":"2024-07-29T23:03:54","date_gmt":"2024-07-29T23:03:54","guid":{"rendered":"https:\/\/www.cltweb.org\/o-que-os-clts-fazem\/agricultura\/o-papel-dos-fundos-fiduciarios\/"},"modified":"2025-02-03T19:44:10","modified_gmt":"2025-02-03T19:44:10","slug":"o-papel-dos-fundos-fiduciarios","status":"publish","type":"page","link":"https:\/\/www.cltweb.org\/pt-br\/biblioteca-de-recursos\/agricultura\/o-papel-dos-fundos-fiduciarios\/","title":{"rendered":"O papel dos fundos fiduci\u00e1rios"},"content":{"rendered":"\n<p><strong>Nos \u00faltimos trinta anos, o land trust surgiu como um modelo preferido para manter terras para hortas comunit\u00e1rias e fazendas urbanas.<\/strong>  Isso reflete a converg\u00eancia de duas tend\u00eancias: a cria\u00e7\u00e3o de fundos fiduci\u00e1rios especializados em espa\u00e7os abertos para conservar terras para hortas comunit\u00e1rias e os movimentos que alguns fundos fiduci\u00e1rios comunit\u00e1rios fizeram para promover a agricultura urbana.  <\/p>\n\n<figure class=\"wp-block-image aligncenter size-full\"><img loading=\"lazy\" decoding=\"async\" width=\"707\" height=\"379\" src=\"https:\/\/www.cltweb.org\/wp-content\/uploads\/2025\/02\/Urban-Farming-Map.jpg\" alt=\"Mapa mostrando a localiza&#xE7;&#xE3;o dos CLTs envolvidos na agricultura urbana.\" class=\"wp-image-8879\" srcset=\"https:\/\/www.cltweb.org\/wp-content\/uploads\/2025\/02\/Urban-Farming-Map.jpg 707w, https:\/\/www.cltweb.org\/wp-content\/uploads\/2025\/02\/Urban-Farming-Map-300x161.jpg 300w\" sizes=\"auto, (max-width: 707px) 100vw, 707px\" \/><\/figure>\n\n<p>A principal distin\u00e7\u00e3o aqui \u00e9 entre os fundos de terras para espa\u00e7os abertos e os fundos de terras comunit\u00e1rios. Os fundos de terras para espa\u00e7os abertos concentram-se na prote\u00e7\u00e3o de terras e, em geral, n\u00e3o possuem estruturas para administrar terras que est\u00e3o sendo usadas de forma produtiva ou para promover a governan\u00e7a baseada na comunidade. Os fundos de terras comunit\u00e1rios, por outro lado, adquirem e mant\u00eam terras para o benef\u00edcio de uma comunidade e, em geral, possuem uma estrutura de conselho tripartite que inclui assentos dedicados tanto aos benefici\u00e1rios do fundo (em geral, pessoas que moram em moradias mantidas pelo fundo) quanto aos membros da comunidade vizinha.   <\/p>\n\n<p>Para ilustrar as diferentes formas que esses trusts podem assumir, apresentamos quatro breves estudos de caso. Na se\u00e7\u00e3o sobre o <a href=\"https:\/\/cltweb.dreamhosters.com\/land-tenure-for-urban-farming\/central-server\/\">Modelo de Servidor Central<\/a>, aprofundamos o modelo desenvolvido pelo NeighborSpace land trust de Chicago. <\/p>\n","protected":false},"excerpt":{"rendered":"<p>Nos \u00faltimos trinta anos, o land trust surgiu como um modelo preferido para manter terras para hortas comunit\u00e1rias e fazendas urbanas. Isso reflete a converg\u00eancia de duas tend\u00eancias: a cria\u00e7\u00e3o [&hellip;]<\/p>\n","protected":false},"author":1,"featured_media":0,"parent":829,"menu_order":5,"comment_status":"closed","ping_status":"closed","template":"","meta":{"give_campaign_id":0,"_tec_requires_first_save":true,"_kad_blocks_custom_css":"","_kad_blocks_head_custom_js":"","_kad_blocks_body_custom_js":"","_kad_blocks_footer_custom_js":"","_EventAllDay":false,"_EventTimezone":"","_EventStartDate":"","_EventEndDate":"","_EventStartDateUTC":"","_EventEndDateUTC":"","_EventShowMap":false,"_EventShowMapLink":false,"_EventURL":"","_EventCost":"","_EventCostDescription":"","_EventCurrencySymbol":"","_EventCurrencyCode":"","_EventCurrencyPosition":"","_EventDateTimeSeparator":"","_EventTimeRangeSeparator":"","_EventOrganizerID":[],"_EventVenueID":[],"_OrganizerEmail":"","_OrganizerPhone":"","_OrganizerWebsite":"","_VenueAddress":"","_VenueCity":"","_VenueCountry":"","_VenueProvince":"","_VenueState":"","_VenueZip":"","_VenuePhone":"","_VenueURL":"","_VenueStateProvince":"","_VenueLat":"","_VenueLng":"","_VenueShowMap":false,"_VenueShowMapLink":false,"_tribe_blocks_recurrence_rules":"","_tribe_blocks_recurrence_description":"","_tribe_blocks_recurrence_exclusions":"","footnotes":""},"categories":[122],"tags":[],"class_list":["post-1655","page","type-page","status-publish","hentry","category-agricultura"],"blocksy_meta":[],"yoast_head":"<!-- This site is optimized with the Yoast SEO Premium plugin v27.5 (Yoast SEO v27.5) - https:\/\/yoast.com\/product\/yoast-seo-premium-wordpress\/ -->\n<title>O papel dos fundos fiduci\u00e1rios - International Center for Community Land Trusts<\/title>\n<meta name=\"robots\" content=\"index, follow, max-snippet:-1, max-image-preview:large, max-video-preview:-1\" \/>\n<link rel=\"canonical\" href=\"https:\/\/www.cltweb.org\/pt-br\/biblioteca-de-recursos\/agricultura\/o-papel-dos-fundos-fiduciarios\/\" \/>\n<meta property=\"og:locale\" content=\"pt_BR\" \/>\n<meta property=\"og:type\" content=\"article\" \/>\n<meta property=\"og:title\" content=\"O papel dos fundos fiduci\u00e1rios\" \/>\n<meta property=\"og:description\" content=\"Nos \u00faltimos trinta anos, o land trust surgiu como um modelo preferido para manter terras para hortas comunit\u00e1rias e fazendas urbanas. Isso reflete a converg\u00eancia de duas tend\u00eancias: a cria\u00e7\u00e3o [&hellip;]\" \/>\n<meta property=\"og:url\" content=\"https:\/\/www.cltweb.org\/pt-br\/biblioteca-de-recursos\/agricultura\/o-papel-dos-fundos-fiduciarios\/\" \/>\n<meta property=\"og:site_name\" content=\"International Center for Community Land Trusts\" \/>\n<meta property=\"article:publisher\" content=\"https:\/\/www.facebook.com\/cltcenter\" \/>\n<meta property=\"article:modified_time\" content=\"2025-02-03T19:44:10+00:00\" \/>\n<meta property=\"og:image\" content=\"https:\/\/www.cltweb.org\/wp-content\/uploads\/2025\/02\/Urban-Farming-Map.jpg\" \/>\n\t<meta property=\"og:image:width\" content=\"707\" \/>\n\t<meta property=\"og:image:height\" content=\"379\" \/>\n\t<meta property=\"og:image:type\" content=\"image\/jpeg\" \/>\n<meta name=\"twitter:card\" content=\"summary_large_image\" \/>\n<meta name=\"twitter:site\" content=\"@Center4CLTs\" \/>\n<meta name=\"twitter:label1\" content=\"Est. tempo de leitura\" \/>\n\t<meta name=\"twitter:data1\" content=\"1 minuto\" \/>\n<script type=\"application\/ld+json\" class=\"yoast-schema-graph\">{\"@context\":\"https:\\\/\\\/schema.org\",\"@graph\":[{\"@type\":\"WebPage\",\"@id\":\"https:\\\/\\\/www.cltweb.org\\\/pt-br\\\/biblioteca-de-recursos\\\/agricultura\\\/o-papel-dos-fundos-fiduciarios\\\/\",\"url\":\"https:\\\/\\\/www.cltweb.org\\\/pt-br\\\/biblioteca-de-recursos\\\/agricultura\\\/o-papel-dos-fundos-fiduciarios\\\/\",\"name\":\"O papel dos fundos fiduci\u00e1rios - International Center for Community Land Trusts\",\"isPartOf\":{\"@id\":\"https:\\\/\\\/www.cltweb.org\\\/pt-br\\\/#website\"},\"primaryImageOfPage\":{\"@id\":\"https:\\\/\\\/www.cltweb.org\\\/pt-br\\\/biblioteca-de-recursos\\\/agricultura\\\/o-papel-dos-fundos-fiduciarios\\\/#primaryimage\"},\"image\":{\"@id\":\"https:\\\/\\\/www.cltweb.org\\\/pt-br\\\/biblioteca-de-recursos\\\/agricultura\\\/o-papel-dos-fundos-fiduciarios\\\/#primaryimage\"},\"thumbnailUrl\":\"https:\\\/\\\/www.cltweb.org\\\/wp-content\\\/uploads\\\/2025\\\/02\\\/Urban-Farming-Map.jpg\",\"datePublished\":\"2024-07-29T23:03:54+00:00\",\"dateModified\":\"2025-02-03T19:44:10+00:00\",\"breadcrumb\":{\"@id\":\"https:\\\/\\\/www.cltweb.org\\\/pt-br\\\/biblioteca-de-recursos\\\/agricultura\\\/o-papel-dos-fundos-fiduciarios\\\/#breadcrumb\"},\"inLanguage\":\"pt-BR\",\"potentialAction\":[{\"@type\":\"ReadAction\",\"target\":[\"https:\\\/\\\/www.cltweb.org\\\/pt-br\\\/biblioteca-de-recursos\\\/agricultura\\\/o-papel-dos-fundos-fiduciarios\\\/\"]}]},{\"@type\":\"ImageObject\",\"inLanguage\":\"pt-BR\",\"@id\":\"https:\\\/\\\/www.cltweb.org\\\/pt-br\\\/biblioteca-de-recursos\\\/agricultura\\\/o-papel-dos-fundos-fiduciarios\\\/#primaryimage\",\"url\":\"https:\\\/\\\/www.cltweb.org\\\/wp-content\\\/uploads\\\/2025\\\/02\\\/Urban-Farming-Map.jpg\",\"contentUrl\":\"https:\\\/\\\/www.cltweb.org\\\/wp-content\\\/uploads\\\/2025\\\/02\\\/Urban-Farming-Map.jpg\"},{\"@type\":\"BreadcrumbList\",\"@id\":\"https:\\\/\\\/www.cltweb.org\\\/pt-br\\\/biblioteca-de-recursos\\\/agricultura\\\/o-papel-dos-fundos-fiduciarios\\\/#breadcrumb\",\"itemListElement\":[{\"@type\":\"ListItem\",\"position\":1,\"name\":\"Home\",\"item\":\"https:\\\/\\\/www.cltweb.org\\\/pt-br\\\/\"},{\"@type\":\"ListItem\",\"position\":2,\"name\":\"Biblioteca de recursos\",\"item\":\"https:\\\/\\\/www.cltweb.org\\\/pt-br\\\/biblioteca-de-recursos\\\/\"},{\"@type\":\"ListItem\",\"position\":3,\"name\":\"Posse de terra para agricultura urbana\",\"item\":\"https:\\\/\\\/www.cltweb.org\\\/pt-br\\\/biblioteca-de-recursos\\\/agricultura\\\/\"},{\"@type\":\"ListItem\",\"position\":4,\"name\":\"O papel dos fundos fiduci\u00e1rios\"}]},{\"@type\":\"WebSite\",\"@id\":\"https:\\\/\\\/www.cltweb.org\\\/pt-br\\\/#website\",\"url\":\"https:\\\/\\\/www.cltweb.org\\\/pt-br\\\/\",\"name\":\"International Center for Community Land Trusts\",\"description\":\"\",\"publisher\":{\"@id\":\"https:\\\/\\\/www.cltweb.org\\\/pt-br\\\/#organization\"},\"potentialAction\":[{\"@type\":\"SearchAction\",\"target\":{\"@type\":\"EntryPoint\",\"urlTemplate\":\"https:\\\/\\\/www.cltweb.org\\\/pt-br\\\/?s={search_term_string}\"},\"query-input\":{\"@type\":\"PropertyValueSpecification\",\"valueRequired\":true,\"valueName\":\"search_term_string\"}}],\"inLanguage\":\"pt-BR\"},{\"@type\":\"Organization\",\"@id\":\"https:\\\/\\\/www.cltweb.org\\\/pt-br\\\/#organization\",\"name\":\"International Center for Community Land Trusts\",\"url\":\"https:\\\/\\\/www.cltweb.org\\\/pt-br\\\/\",\"logo\":{\"@type\":\"ImageObject\",\"inLanguage\":\"pt-BR\",\"@id\":\"https:\\\/\\\/www.cltweb.org\\\/pt-br\\\/#\\\/schema\\\/logo\\\/image\\\/\",\"url\":\"https:\\\/\\\/www.cltweb.org\\\/wp-content\\\/uploads\\\/2024\\\/11\\\/New-CLT-Center-Text-logo.png\",\"contentUrl\":\"https:\\\/\\\/www.cltweb.org\\\/wp-content\\\/uploads\\\/2024\\\/11\\\/New-CLT-Center-Text-logo.png\",\"width\":227,\"height\":80,\"caption\":\"International Center for Community Land Trusts\"},\"image\":{\"@id\":\"https:\\\/\\\/www.cltweb.org\\\/pt-br\\\/#\\\/schema\\\/logo\\\/image\\\/\"},\"sameAs\":[\"https:\\\/\\\/www.facebook.com\\\/cltcenter\",\"https:\\\/\\\/x.com\\\/Center4CLTs\",\"https:\\\/\\\/www.instagram.com\\\/cltcenter\\\/\",\"https:\\\/\\\/www.linkedin.com\\\/company\\\/cltcenter\",\"https:\\\/\\\/www.youtube.com\\\/@centerforcltinnovation5313\"],\"description\":\"The International Center for Community Land Trusts is a not-for-profit nongovernmental organization established in 2018 to promote and to support community land trusts and similar strategies of community-led development on community-owned land in countries throughout the world.\",\"email\":\"info@communitylandtrust.net\",\"legalName\":\"International Center for Community Land Trusts\",\"foundingDate\":\"2018-12-01\",\"taxID\":\"84-3858933\",\"numberOfEmployees\":{\"@type\":\"QuantitativeValue\",\"minValue\":\"1\",\"maxValue\":\"10\"}}]}<\/script>\n<!-- \/ Yoast SEO Premium plugin. -->","yoast_head_json":{"title":"O papel dos fundos fiduci\u00e1rios - International Center for Community Land Trusts","robots":{"index":"index","follow":"follow","max-snippet":"max-snippet:-1","max-image-preview":"max-image-preview:large","max-video-preview":"max-video-preview:-1"},"canonical":"https:\/\/www.cltweb.org\/pt-br\/biblioteca-de-recursos\/agricultura\/o-papel-dos-fundos-fiduciarios\/","og_locale":"pt_BR","og_type":"article","og_title":"O papel dos fundos fiduci\u00e1rios","og_description":"Nos \u00faltimos trinta anos, o land trust surgiu como um modelo preferido para manter terras para hortas comunit\u00e1rias e fazendas urbanas. Isso reflete a converg\u00eancia de duas tend\u00eancias: a cria\u00e7\u00e3o [&hellip;]","og_url":"https:\/\/www.cltweb.org\/pt-br\/biblioteca-de-recursos\/agricultura\/o-papel-dos-fundos-fiduciarios\/","og_site_name":"International Center for Community Land Trusts","article_publisher":"https:\/\/www.facebook.com\/cltcenter","article_modified_time":"2025-02-03T19:44:10+00:00","og_image":[{"width":707,"height":379,"url":"https:\/\/www.cltweb.org\/wp-content\/uploads\/2025\/02\/Urban-Farming-Map.jpg","type":"image\/jpeg"}],"twitter_card":"summary_large_image","twitter_site":"@Center4CLTs","twitter_misc":{"Est. tempo de leitura":"1 minuto"},"schema":{"@context":"https:\/\/schema.org","@graph":[{"@type":"WebPage","@id":"https:\/\/www.cltweb.org\/pt-br\/biblioteca-de-recursos\/agricultura\/o-papel-dos-fundos-fiduciarios\/","url":"https:\/\/www.cltweb.org\/pt-br\/biblioteca-de-recursos\/agricultura\/o-papel-dos-fundos-fiduciarios\/","name":"O papel dos fundos fiduci\u00e1rios - International Center for Community Land Trusts","isPartOf":{"@id":"https:\/\/www.cltweb.org\/pt-br\/#website"},"primaryImageOfPage":{"@id":"https:\/\/www.cltweb.org\/pt-br\/biblioteca-de-recursos\/agricultura\/o-papel-dos-fundos-fiduciarios\/#primaryimage"},"image":{"@id":"https:\/\/www.cltweb.org\/pt-br\/biblioteca-de-recursos\/agricultura\/o-papel-dos-fundos-fiduciarios\/#primaryimage"},"thumbnailUrl":"https:\/\/www.cltweb.org\/wp-content\/uploads\/2025\/02\/Urban-Farming-Map.jpg","datePublished":"2024-07-29T23:03:54+00:00","dateModified":"2025-02-03T19:44:10+00:00","breadcrumb":{"@id":"https:\/\/www.cltweb.org\/pt-br\/biblioteca-de-recursos\/agricultura\/o-papel-dos-fundos-fiduciarios\/#breadcrumb"},"inLanguage":"pt-BR","potentialAction":[{"@type":"ReadAction","target":["https:\/\/www.cltweb.org\/pt-br\/biblioteca-de-recursos\/agricultura\/o-papel-dos-fundos-fiduciarios\/"]}]},{"@type":"ImageObject","inLanguage":"pt-BR","@id":"https:\/\/www.cltweb.org\/pt-br\/biblioteca-de-recursos\/agricultura\/o-papel-dos-fundos-fiduciarios\/#primaryimage","url":"https:\/\/www.cltweb.org\/wp-content\/uploads\/2025\/02\/Urban-Farming-Map.jpg","contentUrl":"https:\/\/www.cltweb.org\/wp-content\/uploads\/2025\/02\/Urban-Farming-Map.jpg"},{"@type":"BreadcrumbList","@id":"https:\/\/www.cltweb.org\/pt-br\/biblioteca-de-recursos\/agricultura\/o-papel-dos-fundos-fiduciarios\/#breadcrumb","itemListElement":[{"@type":"ListItem","position":1,"name":"Home","item":"https:\/\/www.cltweb.org\/pt-br\/"},{"@type":"ListItem","position":2,"name":"Biblioteca de recursos","item":"https:\/\/www.cltweb.org\/pt-br\/biblioteca-de-recursos\/"},{"@type":"ListItem","position":3,"name":"Posse de terra para agricultura urbana","item":"https:\/\/www.cltweb.org\/pt-br\/biblioteca-de-recursos\/agricultura\/"},{"@type":"ListItem","position":4,"name":"O papel dos fundos fiduci\u00e1rios"}]},{"@type":"WebSite","@id":"https:\/\/www.cltweb.org\/pt-br\/#website","url":"https:\/\/www.cltweb.org\/pt-br\/","name":"International Center for Community Land Trusts","description":"","publisher":{"@id":"https:\/\/www.cltweb.org\/pt-br\/#organization"},"potentialAction":[{"@type":"SearchAction","target":{"@type":"EntryPoint","urlTemplate":"https:\/\/www.cltweb.org\/pt-br\/?s={search_term_string}"},"query-input":{"@type":"PropertyValueSpecification","valueRequired":true,"valueName":"search_term_string"}}],"inLanguage":"pt-BR"},{"@type":"Organization","@id":"https:\/\/www.cltweb.org\/pt-br\/#organization","name":"International Center for Community Land Trusts","url":"https:\/\/www.cltweb.org\/pt-br\/","logo":{"@type":"ImageObject","inLanguage":"pt-BR","@id":"https:\/\/www.cltweb.org\/pt-br\/#\/schema\/logo\/image\/","url":"https:\/\/www.cltweb.org\/wp-content\/uploads\/2024\/11\/New-CLT-Center-Text-logo.png","contentUrl":"https:\/\/www.cltweb.org\/wp-content\/uploads\/2024\/11\/New-CLT-Center-Text-logo.png","width":227,"height":80,"caption":"International Center for Community Land Trusts"},"image":{"@id":"https:\/\/www.cltweb.org\/pt-br\/#\/schema\/logo\/image\/"},"sameAs":["https:\/\/www.facebook.com\/cltcenter","https:\/\/x.com\/Center4CLTs","https:\/\/www.instagram.com\/cltcenter\/","https:\/\/www.linkedin.com\/company\/cltcenter","https:\/\/www.youtube.com\/@centerforcltinnovation5313"],"description":"The International Center for Community Land Trusts is a not-for-profit nongovernmental organization established in 2018 to promote and to support community land trusts and similar strategies of community-led development on community-owned land in countries throughout the world.","email":"info@communitylandtrust.net","legalName":"International Center for Community Land Trusts","foundingDate":"2018-12-01","taxID":"84-3858933","numberOfEmployees":{"@type":"QuantitativeValue","minValue":"1","maxValue":"10"}}]}},"campaignId":"","taxonomy_info":{"category":[{"value":122,"label":"Agricultura"}]},"featured_image_src_large":false,"author_info":{"display_name":"cltredesign_0jp0l4","author_link":"https:\/\/www.cltweb.org\/pt-br\/author\/cltredesign_0jp0l4\/"},"comment_info":0,"jetpack_sharing_enabled":true,"jetpack-related-posts":[{"id":8725,"url":"https:\/\/www.cltweb.org\/pt-br\/biblioteca-de-recursos\/agricultura\/o-papel-dos-fundos-fiduciarios\/fundos-fiduciarios-de-espaco-aberto\/","url_meta":{"origin":1655,"position":0},"title":"Fundos fiduci\u00e1rios de espa\u00e7o aberto","author":"cltredesign_0jp0l4","date":"2 de fevereiro de 2025","format":false,"excerpt":"NeighborSpace O NeighborSpace \u00e9 um fundo de terras que det\u00e9m terras para hortas comunit\u00e1rias e, cada vez mais, fazendas urbanas em Chicago. Foi fundado em 1996 em resposta a uma recomenda\u00e7\u00e3o de um relat\u00f3rio de planejamento da cidade que constatou que Chicago estava em 18\u00ba lugar entre 20 grandes cidades\u2026","rel":"","context":"Em &quot;Agricultura&quot;","block_context":{"text":"Agricultura","link":"https:\/\/www.cltweb.org\/pt-br\/category\/agricultura\/"},"img":{"alt_text":"","src":"","width":0,"height":0},"classes":[]},{"id":8730,"url":"https:\/\/www.cltweb.org\/pt-br\/biblioteca-de-recursos\/agricultura\/o-papel-dos-fundos-fiduciarios\/fundos-fiduciarios-comunitarios\/","url_meta":{"origin":1655,"position":1},"title":"Fundos fiduci\u00e1rios comunit\u00e1rios","author":"cltredesign_0jp0l4","date":"2 de fevereiro de 2025","format":false,"excerpt":"Desde a d\u00e9cada de 1960, o Community Land Trust foi desenvolvido como um suporte para moradias econ\u00f4micas nos Estados Unidos. No setor habitacional, o modelo CLT combina duas inova\u00e7\u00f5es b\u00e1sicas na governan\u00e7a da terra. A primeira inova\u00e7\u00e3o \u00e9 separar a propriedade de uma casa da propriedade do terreno em que\u2026","rel":"","context":"Post similar","block_context":{"text":"Post similar","link":""},"img":{"alt_text":"","src":"","width":0,"height":0},"classes":[]},{"id":8734,"url":"https:\/\/www.cltweb.org\/pt-br\/biblioteca-de-recursos\/agricultura\/o-papel-dos-fundos-fiduciarios\/fundos-fiduciarios-envolvidos-na-agricultura-urbana\/","url_meta":{"origin":1655,"position":2},"title":"Fundos fiduci\u00e1rios envolvidos na agricultura urbana","author":"cltredesign_0jp0l4","date":"2 de fevereiro de 2025","format":false,"excerpt":"CIDADECONFIAN\u00c7A NA TERRATIPOAthens, GAFundo de terras de Athens CLTBaltimore, MDEspa\u00e7o verde de BaltimoreEspa\u00e7o abertoBoston, MAOs curadores de reservasEspa\u00e7o abertoCidade de Nova York, NYFundo de terras do BronxEspa\u00e7o abertoCidade de Nova York, NYBrooklyn Queens Land TrustEspa\u00e7o abertoWashington, DCFundo de Terras do Jardim Comunit\u00e1rio de Capitol HillEspa\u00e7o abertoBoston, MADudley Neighbors, Inc.CLTTacoma, WAFundo\u2026","rel":"","context":"Post similar","block_context":{"text":"Post similar","link":""},"img":{"alt_text":"","src":"","width":0,"height":0},"classes":[]},{"id":2855,"url":"https:\/\/www.cltweb.org\/pt-br\/biblioteca-de-recursos\/agricultura\/conceitos-chave\/protegendo-a-terra-da-especulacao\/","url_meta":{"origin":1655,"position":3},"title":"Protegendo a terra da especula\u00e7\u00e3o","author":"cltredesign_0jp0l4","date":"4 de outubro de 2024","format":false,"excerpt":"Se a terra acess\u00edvel \u00e9 fundamental para a agricultura urbana comercialmente vi\u00e1vel e engajada na comunidade, a quest\u00e3o \u00e9 como proteger a acessibilidade a longo prazo. Isso significa, por um lado, garantir que as fazendas urbanas n\u00e3o sejam desalojadas pelo r\u00e1pido aumento dos pre\u00e7os em um mercado imobili\u00e1rio especulativo e,\u2026","rel":"","context":"Post similar","block_context":{"text":"Post similar","link":""},"img":{"alt_text":"","src":"","width":0,"height":0},"classes":[]},{"id":8766,"url":"https:\/\/www.cltweb.org\/pt-br\/biblioteca-de-recursos\/agricultura\/o-modelo-de-servidor-central\/estudo-de-caso-neighborspace-chicago-il\/","url_meta":{"origin":1655,"position":4},"title":"Estudo de caso: NeighborSpace (Chicago, IL)","author":"cltredesign_0jp0l4","date":"2 de fevereiro de 2025","format":false,"excerpt":"O NeighborSpace talvez seja a organiza\u00e7\u00e3o existente mais pr\u00f3xima do que pode ser considerado um modelo de land trust de servidor central para a agricultura urbana. Um olhar mais atento \u00e0 hist\u00f3ria e \u00e0 estrutura do NeighborSpace indica como um modelo de servidor central para a agricultura urbana pode ser\u2026","rel":"","context":"Em &quot;Agricultura&quot;","block_context":{"text":"Agricultura","link":"https:\/\/www.cltweb.org\/pt-br\/category\/agricultura\/"},"img":{"alt_text":"","src":"","width":0,"height":0},"classes":[]},{"id":1644,"url":"https:\/\/www.cltweb.org\/pt-br\/biblioteca-de-recursos\/agricultura\/perguntas-estrategicas\/","url_meta":{"origin":1655,"position":5},"title":"Perguntas estrat\u00e9gicas","author":"cltredesign_0jp0l4","date":"29 de julho de 2024","format":false,"excerpt":"Como a terra ser\u00e1 garantida para os agricultores? Embora essa seja a quest\u00e3o central a ser respondida por um modelo de posse de terra, n\u00e3o esperamos que haja uma \u00fanica resposta. Na verdade, como sugerimos na se\u00e7\u00e3o anterior, a terra pode ser garantida de forma diferente para agricultores com diferentes\u2026","rel":"","context":"Em &quot;Agricultura&quot;","block_context":{"text":"Agricultura","link":"https:\/\/www.cltweb.org\/pt-br\/category\/agricultura\/"},"img":{"alt_text":"","src":"","width":0,"height":0},"classes":[]}],"_links":{"self":[{"href":"https:\/\/www.cltweb.org\/pt-br\/wp-json\/wp\/v2\/pages\/1655","targetHints":{"allow":["GET"]}}],"collection":[{"href":"https:\/\/www.cltweb.org\/pt-br\/wp-json\/wp\/v2\/pages"}],"about":[{"href":"https:\/\/www.cltweb.org\/pt-br\/wp-json\/wp\/v2\/types\/page"}],"author":[{"embeddable":true,"href":"https:\/\/www.cltweb.org\/pt-br\/wp-json\/wp\/v2\/users\/1"}],"replies":[{"embeddable":true,"href":"https:\/\/www.cltweb.org\/pt-br\/wp-json\/wp\/v2\/comments?post=1655"}],"version-history":[{"count":2,"href":"https:\/\/www.cltweb.org\/pt-br\/wp-json\/wp\/v2\/pages\/1655\/revisions"}],"predecessor-version":[{"id":8890,"href":"https:\/\/www.cltweb.org\/pt-br\/wp-json\/wp\/v2\/pages\/1655\/revisions\/8890"}],"up":[{"embeddable":true,"href":"https:\/\/www.cltweb.org\/pt-br\/wp-json\/wp\/v2\/pages\/829"}],"wp:attachment":[{"href":"https:\/\/www.cltweb.org\/pt-br\/wp-json\/wp\/v2\/media?parent=1655"}],"wp:term":[{"taxonomy":"category","embeddable":true,"href":"https:\/\/www.cltweb.org\/pt-br\/wp-json\/wp\/v2\/categories?post=1655"},{"taxonomy":"post_tag","embeddable":true,"href":"https:\/\/www.cltweb.org\/pt-br\/wp-json\/wp\/v2\/tags?post=1655"}],"curies":[{"name":"wp","href":"https:\/\/api.w.org\/{rel}","templated":true}]}}