{"id":1664,"date":"2024-07-29T23:03:33","date_gmt":"2024-07-29T23:03:33","guid":{"rendered":"https:\/\/www.cltweb.org\/o-que-os-clts-fazem\/agricultura\/o-papel-das-organizacoes-sem-fins-lucrativos\/"},"modified":"2025-02-03T19:42:04","modified_gmt":"2025-02-03T19:42:04","slug":"o-papel-das-organizacoes-sem-fins-lucrativos","status":"publish","type":"page","link":"https:\/\/www.cltweb.org\/pt-br\/biblioteca-de-recursos\/agricultura\/o-papel-das-organizacoes-sem-fins-lucrativos\/","title":{"rendered":"O papel das organiza\u00e7\u00f5es sem fins lucrativos"},"content":{"rendered":"\n<p>Como em outras \u00e1reas do desenvolvimento econ\u00f4mico comunit\u00e1rio, o setor sem fins lucrativos tem um papel especial a desempenhar quando se trata de dar o pontap\u00e9 inicial na agricultura urbana. A agricultura urbana \u00e9 uma abordagem de custo relativamente baixo para a revitaliza\u00e7\u00e3o da comunidade, com o custo do investimento mais baixo do que em outras formas de redesenvolvimento. Pelo menos em princ\u00edpio, uma fazenda urbana pode ser constru\u00edda de forma mais r\u00e1pida e barata do que moradias ou empreendimentos de uso misto. Na pr\u00e1tica, \u00e9 claro, o fato de os modelos de neg\u00f3cios de agricultura urbana ainda estarem sendo testados significa que eles podem sofrer atrasos no levantamento de capital e no cumprimento das exig\u00eancias regulat\u00f3rias.   <\/p>\n\n<p>As fazendas urbanas sem fins lucrativos, portanto, podem ser vistas como uma forma eficaz de preparar o caminho para o desenvolvimento subsequente do setor privado. Al\u00e9m da agricultura, esse \u00e9 o papel hist\u00f3rico que as organiza\u00e7\u00f5es sem fins lucrativos assumiram em projetos de desenvolvimento econ\u00f4mico comunit\u00e1rio. As incorporadoras de moradias com fins lucrativos, por exemplo, podem hesitar em entrar em um bairro onde h\u00e1 uma alta percep\u00e7\u00e3o de risco. Elas esperar\u00e3o at\u00e9 que as organiza\u00e7\u00f5es sem fins lucrativos resolvam os problemas regulat\u00f3rios e provem que a demanda \u00e9 suficiente para justificar o investimento de capital em projetos com fins lucrativos.   <\/p>\n\n<h2 class=\"wp-block-heading\" id=\"h-affordability\">Acessibilidade<\/h2>\n\n<p>Esse paralelo entre a moradia e a produ\u00e7\u00e3o de alimentos sugere por que as organiza\u00e7\u00f5es sem fins lucrativos &#8211; na forma de fundos fiduci\u00e1rios, locais de treinamento e fazendas incubadoras &#8211; poderiam ser um fornecedor essencial de terras agr\u00edcolas urbanas a pre\u00e7os acess\u00edveis. Em mercados habitacionais &#8220;inacess\u00edveis&#8221;, por analogia, o fornecimento de moradias acess\u00edveis n\u00e3o \u00e9 poss\u00edvel sem alguns subs\u00eddios. Tampouco \u00e9 poss\u00edvel manter moradias a pre\u00e7os acess\u00edveis diante de um mercado em ascens\u00e3o sem algum tipo de controle, como restri\u00e7\u00f5es de revenda, que garantam a acessibilidade a longo prazo.  <\/p>\n\n<p>Diferentemente da habita\u00e7\u00e3o, n\u00e3o h\u00e1 uma defini\u00e7\u00e3o padronizada para descrever terras agr\u00edcolas urbanas acess\u00edveis. No caso das moradias, a acessibilidade econ\u00f4mica \u00e9 mais frequentemente descrita em termos de uma propor\u00e7\u00e3o da renda bruta, em que a moradia \u00e9 considerada acess\u00edvel desde que n\u00e3o mais que um ter\u00e7o da renda bruta da fam\u00edlia seja destinado a despesas relacionadas \u00e0 moradia. Nos Estados Unidos, a renda familiar alvo \u00e9 expressa como uma porcentagem da renda m\u00e9dia da \u00e1rea (AMI), que varia de 30% da AMI para fam\u00edlias de renda muito baixa a 120% para fam\u00edlias de renda moderada que vivem em mercados hiperinflacionados, como a Bay Area. Para terras agr\u00edcolas urbanas, n\u00e3o h\u00e1 uma estrutura compar\u00e1vel.   <\/p>\n\n<p>Em vez disso, as terras agr\u00edcolas urbanas acess\u00edveis costumam ser descritas simplesmente como terras &#8220;gratuitas ou baratas&#8221;, com pouca descri\u00e7\u00e3o al\u00e9m disso. E mesmo as terras gratuitas raramente s\u00e3o gratuitas, pois quase sempre precisam de algum n\u00edvel de recupera\u00e7\u00e3o do solo ou instala\u00e7\u00e3o de infraestrutura, sem mencionar a cobertura dos custos das taxas de transa\u00e7\u00e3o. Na maioria das vezes, a acessibilidade \u00e9 definida caso a caso, em rela\u00e7\u00e3o \u00e0 parcela espec\u00edfica da terra, \u00e0 necessidade de remedia\u00e7\u00e3o e infraestrutura, \u00e0s culturas que est\u00e3o sendo cultivadas e \u00e0 receita l\u00edquida que um produtor precisaria gerar.  <\/p>\n\n<p>Mas, em todos os casos, nos mercados de terras urbanas em que o espa\u00e7o para a agricultura \u00e9 inacess\u00edvel, pelo menos considerando os modelos atuais de receita para fazendas urbanas, alguma medida de subs\u00eddios poderia ser justificada para disponibilizar terras para que os produtores aprendam habilidades b\u00e1sicas e &#8220;experimentem&#8221; seus modelos de neg\u00f3cios emergentes. \u00c0 medida que o mercado se desenvolve, os agricultores mais habilidosos podem conseguir comprar terras a pre\u00e7os pr\u00f3ximos aos de mercado (fora dos mercados imobili\u00e1rios hiperinflacionados), mas alguns controles provavelmente continuar\u00e3o a ser justificados para oferecer espa\u00e7o para novos participantes no setor de agricultura urbana e para garantir que todos os bairros desfrutem dos benef\u00edcios comunit\u00e1rios que a agricultura urbana possibilita. <\/p>\n\n<h2 class=\"wp-block-heading\" id=\"h-nonprofits-as-partners-not-predators\">As organiza\u00e7\u00f5es sem fins lucrativos como parceiras, n\u00e3o como predadoras<\/h2>\n\n<p>Como os bairros de minorias de baixa renda s\u00e3o frequentemente caracterizados pelo que lhes falta, \u00e9 f\u00e1cil ignorar o que eles t\u00eam. Para as organiza\u00e7\u00f5es sem fins lucrativos, essas partes da cidade s\u00e3o um terreno f\u00e9rtil para implantar novas iniciativas e apoiar ou expandir a programa\u00e7\u00e3o. Os l\u00edderes de organiza\u00e7\u00f5es sem fins lucrativos geralmente agem com boas inten\u00e7\u00f5es, com o objetivo de apoiar a revitaliza\u00e7\u00e3o da comunidade; mas tamb\u00e9m h\u00e1 press\u00f5es para atender \u00e0s expectativas dos financiadores de que os programas sejam direcionados \u00e0s comunidades &#8220;mais necessitadas&#8221;, que podem ser usadas como bancos de ensaio para o desenvolvimento de interven\u00e7\u00f5es &#8220;escalon\u00e1veis&#8221; ou &#8220;replic\u00e1veis&#8221;. Em sua forma mais grandiosa, cidades inteiras &#8211; como Detroit ou Nova Orleans ap\u00f3s o furac\u00e3o Katrina &#8211; foram imaginadas como laborat\u00f3rios para experimentar os tipos de interven\u00e7\u00f5es preferidas pelos doadores e pelas organiza\u00e7\u00f5es sem fins lucrativos que eles financiam, com os residentes da comunidade, \u00e0s vezes, sentindo-se mais como ratos de laborat\u00f3rio do que como parceiros.   <\/p>\n\n<p>Outros cap\u00edtulos deste volume discutem as maneiras pelas quais a agricultura urbana tem o potencial de ser um setor no qual as pessoas resistem &#8211; ou reproduzem &#8211; os tipos de opress\u00e3o que foram entrela\u00e7ados na hist\u00f3ria dos Estados Unidos. A seguir, procuramos identificar como os modelos de posse da terra, em particular, podem ser estruturados para garantir que as organiza\u00e7\u00f5es sem fins lucrativos de agricultura urbana sejam parceiras das comunidades em que trabalham, em vez de predadoras. <\/p>\n","protected":false},"excerpt":{"rendered":"<p>Como em outras \u00e1reas do desenvolvimento econ\u00f4mico comunit\u00e1rio, o setor sem fins lucrativos tem um papel especial a desempenhar quando se trata de dar o pontap\u00e9 inicial na agricultura urbana. [&hellip;]<\/p>\n","protected":false},"author":1,"featured_media":0,"parent":829,"menu_order":4,"comment_status":"closed","ping_status":"closed","template":"","meta":{"give_campaign_id":0,"_tec_requires_first_save":true,"_kad_blocks_custom_css":"","_kad_blocks_head_custom_js":"","_kad_blocks_body_custom_js":"","_kad_blocks_footer_custom_js":"","_EventAllDay":false,"_EventTimezone":"","_EventStartDate":"","_EventEndDate":"","_EventStartDateUTC":"","_EventEndDateUTC":"","_EventShowMap":false,"_EventShowMapLink":false,"_EventURL":"","_EventCost":"","_EventCostDescription":"","_EventCurrencySymbol":"","_EventCurrencyCode":"","_EventCurrencyPosition":"","_EventDateTimeSeparator":"","_EventTimeRangeSeparator":"","_EventOrganizerID":[],"_EventVenueID":[],"_OrganizerEmail":"","_OrganizerPhone":"","_OrganizerWebsite":"","_VenueAddress":"","_VenueCity":"","_VenueCountry":"","_VenueProvince":"","_VenueState":"","_VenueZip":"","_VenuePhone":"","_VenueURL":"","_VenueStateProvince":"","_VenueLat":"","_VenueLng":"","_VenueShowMap":false,"_VenueShowMapLink":false,"_tribe_blocks_recurrence_rules":"","_tribe_blocks_recurrence_description":"","_tribe_blocks_recurrence_exclusions":"","footnotes":""},"categories":[122],"tags":[],"class_list":["post-1664","page","type-page","status-publish","hentry","category-agricultura"],"blocksy_meta":[],"yoast_head":"<!-- This site is optimized with the Yoast SEO Premium plugin v27.5 (Yoast SEO v27.5) - https:\/\/yoast.com\/product\/yoast-seo-premium-wordpress\/ -->\n<title>O papel das organiza\u00e7\u00f5es sem fins lucrativos - International Center for Community Land Trusts<\/title>\n<meta name=\"robots\" content=\"index, follow, max-snippet:-1, max-image-preview:large, max-video-preview:-1\" \/>\n<link rel=\"canonical\" href=\"https:\/\/www.cltweb.org\/pt-br\/biblioteca-de-recursos\/agricultura\/o-papel-das-organizacoes-sem-fins-lucrativos\/\" \/>\n<meta property=\"og:locale\" content=\"pt_BR\" \/>\n<meta property=\"og:type\" content=\"article\" \/>\n<meta property=\"og:title\" content=\"O papel das organiza\u00e7\u00f5es sem fins lucrativos\" \/>\n<meta property=\"og:description\" content=\"Como em outras \u00e1reas do desenvolvimento econ\u00f4mico comunit\u00e1rio, o setor sem fins lucrativos tem um papel especial a desempenhar quando se trata de dar o pontap\u00e9 inicial na agricultura urbana. [&hellip;]\" \/>\n<meta property=\"og:url\" content=\"https:\/\/www.cltweb.org\/pt-br\/biblioteca-de-recursos\/agricultura\/o-papel-das-organizacoes-sem-fins-lucrativos\/\" \/>\n<meta property=\"og:site_name\" content=\"International Center for Community Land Trusts\" \/>\n<meta property=\"article:publisher\" content=\"https:\/\/www.facebook.com\/cltcenter\" \/>\n<meta property=\"article:modified_time\" content=\"2025-02-03T19:42:04+00:00\" \/>\n<meta name=\"twitter:card\" content=\"summary_large_image\" \/>\n<meta name=\"twitter:site\" content=\"@Center4CLTs\" \/>\n<meta name=\"twitter:label1\" content=\"Est. tempo de leitura\" \/>\n\t<meta name=\"twitter:data1\" content=\"5 minutos\" \/>\n<script type=\"application\/ld+json\" class=\"yoast-schema-graph\">{\"@context\":\"https:\\\/\\\/schema.org\",\"@graph\":[{\"@type\":\"WebPage\",\"@id\":\"https:\\\/\\\/www.cltweb.org\\\/pt-br\\\/biblioteca-de-recursos\\\/agricultura\\\/o-papel-das-organizacoes-sem-fins-lucrativos\\\/\",\"url\":\"https:\\\/\\\/www.cltweb.org\\\/pt-br\\\/biblioteca-de-recursos\\\/agricultura\\\/o-papel-das-organizacoes-sem-fins-lucrativos\\\/\",\"name\":\"O papel das organiza\u00e7\u00f5es sem fins lucrativos - International Center for Community Land Trusts\",\"isPartOf\":{\"@id\":\"https:\\\/\\\/www.cltweb.org\\\/pt-br\\\/#website\"},\"datePublished\":\"2024-07-29T23:03:33+00:00\",\"dateModified\":\"2025-02-03T19:42:04+00:00\",\"breadcrumb\":{\"@id\":\"https:\\\/\\\/www.cltweb.org\\\/pt-br\\\/biblioteca-de-recursos\\\/agricultura\\\/o-papel-das-organizacoes-sem-fins-lucrativos\\\/#breadcrumb\"},\"inLanguage\":\"pt-BR\",\"potentialAction\":[{\"@type\":\"ReadAction\",\"target\":[\"https:\\\/\\\/www.cltweb.org\\\/pt-br\\\/biblioteca-de-recursos\\\/agricultura\\\/o-papel-das-organizacoes-sem-fins-lucrativos\\\/\"]}]},{\"@type\":\"BreadcrumbList\",\"@id\":\"https:\\\/\\\/www.cltweb.org\\\/pt-br\\\/biblioteca-de-recursos\\\/agricultura\\\/o-papel-das-organizacoes-sem-fins-lucrativos\\\/#breadcrumb\",\"itemListElement\":[{\"@type\":\"ListItem\",\"position\":1,\"name\":\"Home\",\"item\":\"https:\\\/\\\/www.cltweb.org\\\/pt-br\\\/\"},{\"@type\":\"ListItem\",\"position\":2,\"name\":\"Biblioteca de recursos\",\"item\":\"https:\\\/\\\/www.cltweb.org\\\/pt-br\\\/biblioteca-de-recursos\\\/\"},{\"@type\":\"ListItem\",\"position\":3,\"name\":\"Posse de terra para agricultura urbana\",\"item\":\"https:\\\/\\\/www.cltweb.org\\\/pt-br\\\/biblioteca-de-recursos\\\/agricultura\\\/\"},{\"@type\":\"ListItem\",\"position\":4,\"name\":\"O papel das organiza\u00e7\u00f5es sem fins lucrativos\"}]},{\"@type\":\"WebSite\",\"@id\":\"https:\\\/\\\/www.cltweb.org\\\/pt-br\\\/#website\",\"url\":\"https:\\\/\\\/www.cltweb.org\\\/pt-br\\\/\",\"name\":\"International Center for Community Land Trusts\",\"description\":\"\",\"publisher\":{\"@id\":\"https:\\\/\\\/www.cltweb.org\\\/pt-br\\\/#organization\"},\"potentialAction\":[{\"@type\":\"SearchAction\",\"target\":{\"@type\":\"EntryPoint\",\"urlTemplate\":\"https:\\\/\\\/www.cltweb.org\\\/pt-br\\\/?s={search_term_string}\"},\"query-input\":{\"@type\":\"PropertyValueSpecification\",\"valueRequired\":true,\"valueName\":\"search_term_string\"}}],\"inLanguage\":\"pt-BR\"},{\"@type\":\"Organization\",\"@id\":\"https:\\\/\\\/www.cltweb.org\\\/pt-br\\\/#organization\",\"name\":\"International Center for Community Land Trusts\",\"url\":\"https:\\\/\\\/www.cltweb.org\\\/pt-br\\\/\",\"logo\":{\"@type\":\"ImageObject\",\"inLanguage\":\"pt-BR\",\"@id\":\"https:\\\/\\\/www.cltweb.org\\\/pt-br\\\/#\\\/schema\\\/logo\\\/image\\\/\",\"url\":\"https:\\\/\\\/www.cltweb.org\\\/wp-content\\\/uploads\\\/2024\\\/11\\\/New-CLT-Center-Text-logo.png\",\"contentUrl\":\"https:\\\/\\\/www.cltweb.org\\\/wp-content\\\/uploads\\\/2024\\\/11\\\/New-CLT-Center-Text-logo.png\",\"width\":227,\"height\":80,\"caption\":\"International Center for Community Land Trusts\"},\"image\":{\"@id\":\"https:\\\/\\\/www.cltweb.org\\\/pt-br\\\/#\\\/schema\\\/logo\\\/image\\\/\"},\"sameAs\":[\"https:\\\/\\\/www.facebook.com\\\/cltcenter\",\"https:\\\/\\\/x.com\\\/Center4CLTs\",\"https:\\\/\\\/www.instagram.com\\\/cltcenter\\\/\",\"https:\\\/\\\/www.linkedin.com\\\/company\\\/cltcenter\",\"https:\\\/\\\/www.youtube.com\\\/@centerforcltinnovation5313\"],\"description\":\"The International Center for Community Land Trusts is a not-for-profit nongovernmental organization established in 2018 to promote and to support community land trusts and similar strategies of community-led development on community-owned land in countries throughout the world.\",\"email\":\"info@communitylandtrust.net\",\"legalName\":\"International Center for Community Land Trusts\",\"foundingDate\":\"2018-12-01\",\"taxID\":\"84-3858933\",\"numberOfEmployees\":{\"@type\":\"QuantitativeValue\",\"minValue\":\"1\",\"maxValue\":\"10\"}}]}<\/script>\n<!-- \/ Yoast SEO Premium plugin. -->","yoast_head_json":{"title":"O papel das organiza\u00e7\u00f5es sem fins lucrativos - International Center for Community Land Trusts","robots":{"index":"index","follow":"follow","max-snippet":"max-snippet:-1","max-image-preview":"max-image-preview:large","max-video-preview":"max-video-preview:-1"},"canonical":"https:\/\/www.cltweb.org\/pt-br\/biblioteca-de-recursos\/agricultura\/o-papel-das-organizacoes-sem-fins-lucrativos\/","og_locale":"pt_BR","og_type":"article","og_title":"O papel das organiza\u00e7\u00f5es sem fins lucrativos","og_description":"Como em outras \u00e1reas do desenvolvimento econ\u00f4mico comunit\u00e1rio, o setor sem fins lucrativos tem um papel especial a desempenhar quando se trata de dar o pontap\u00e9 inicial na agricultura urbana. [&hellip;]","og_url":"https:\/\/www.cltweb.org\/pt-br\/biblioteca-de-recursos\/agricultura\/o-papel-das-organizacoes-sem-fins-lucrativos\/","og_site_name":"International Center for Community Land Trusts","article_publisher":"https:\/\/www.facebook.com\/cltcenter","article_modified_time":"2025-02-03T19:42:04+00:00","twitter_card":"summary_large_image","twitter_site":"@Center4CLTs","twitter_misc":{"Est. tempo de leitura":"5 minutos"},"schema":{"@context":"https:\/\/schema.org","@graph":[{"@type":"WebPage","@id":"https:\/\/www.cltweb.org\/pt-br\/biblioteca-de-recursos\/agricultura\/o-papel-das-organizacoes-sem-fins-lucrativos\/","url":"https:\/\/www.cltweb.org\/pt-br\/biblioteca-de-recursos\/agricultura\/o-papel-das-organizacoes-sem-fins-lucrativos\/","name":"O papel das organiza\u00e7\u00f5es sem fins lucrativos - International Center for Community Land Trusts","isPartOf":{"@id":"https:\/\/www.cltweb.org\/pt-br\/#website"},"datePublished":"2024-07-29T23:03:33+00:00","dateModified":"2025-02-03T19:42:04+00:00","breadcrumb":{"@id":"https:\/\/www.cltweb.org\/pt-br\/biblioteca-de-recursos\/agricultura\/o-papel-das-organizacoes-sem-fins-lucrativos\/#breadcrumb"},"inLanguage":"pt-BR","potentialAction":[{"@type":"ReadAction","target":["https:\/\/www.cltweb.org\/pt-br\/biblioteca-de-recursos\/agricultura\/o-papel-das-organizacoes-sem-fins-lucrativos\/"]}]},{"@type":"BreadcrumbList","@id":"https:\/\/www.cltweb.org\/pt-br\/biblioteca-de-recursos\/agricultura\/o-papel-das-organizacoes-sem-fins-lucrativos\/#breadcrumb","itemListElement":[{"@type":"ListItem","position":1,"name":"Home","item":"https:\/\/www.cltweb.org\/pt-br\/"},{"@type":"ListItem","position":2,"name":"Biblioteca de recursos","item":"https:\/\/www.cltweb.org\/pt-br\/biblioteca-de-recursos\/"},{"@type":"ListItem","position":3,"name":"Posse de terra para agricultura urbana","item":"https:\/\/www.cltweb.org\/pt-br\/biblioteca-de-recursos\/agricultura\/"},{"@type":"ListItem","position":4,"name":"O papel das organiza\u00e7\u00f5es sem fins lucrativos"}]},{"@type":"WebSite","@id":"https:\/\/www.cltweb.org\/pt-br\/#website","url":"https:\/\/www.cltweb.org\/pt-br\/","name":"International Center for Community Land Trusts","description":"","publisher":{"@id":"https:\/\/www.cltweb.org\/pt-br\/#organization"},"potentialAction":[{"@type":"SearchAction","target":{"@type":"EntryPoint","urlTemplate":"https:\/\/www.cltweb.org\/pt-br\/?s={search_term_string}"},"query-input":{"@type":"PropertyValueSpecification","valueRequired":true,"valueName":"search_term_string"}}],"inLanguage":"pt-BR"},{"@type":"Organization","@id":"https:\/\/www.cltweb.org\/pt-br\/#organization","name":"International Center for Community Land Trusts","url":"https:\/\/www.cltweb.org\/pt-br\/","logo":{"@type":"ImageObject","inLanguage":"pt-BR","@id":"https:\/\/www.cltweb.org\/pt-br\/#\/schema\/logo\/image\/","url":"https:\/\/www.cltweb.org\/wp-content\/uploads\/2024\/11\/New-CLT-Center-Text-logo.png","contentUrl":"https:\/\/www.cltweb.org\/wp-content\/uploads\/2024\/11\/New-CLT-Center-Text-logo.png","width":227,"height":80,"caption":"International Center for Community Land Trusts"},"image":{"@id":"https:\/\/www.cltweb.org\/pt-br\/#\/schema\/logo\/image\/"},"sameAs":["https:\/\/www.facebook.com\/cltcenter","https:\/\/x.com\/Center4CLTs","https:\/\/www.instagram.com\/cltcenter\/","https:\/\/www.linkedin.com\/company\/cltcenter","https:\/\/www.youtube.com\/@centerforcltinnovation5313"],"description":"The International Center for Community Land Trusts is a not-for-profit nongovernmental organization established in 2018 to promote and to support community land trusts and similar strategies of community-led development on community-owned land in countries throughout the world.","email":"info@communitylandtrust.net","legalName":"International Center for Community Land Trusts","foundingDate":"2018-12-01","taxID":"84-3858933","numberOfEmployees":{"@type":"QuantitativeValue","minValue":"1","maxValue":"10"}}]}},"campaignId":"","taxonomy_info":{"category":[{"value":122,"label":"Agricultura"}]},"featured_image_src_large":false,"author_info":{"display_name":"cltredesign_0jp0l4","author_link":"https:\/\/www.cltweb.org\/pt-br\/author\/cltredesign_0jp0l4\/"},"comment_info":0,"jetpack_sharing_enabled":true,"jetpack-related-posts":[{"id":1644,"url":"https:\/\/www.cltweb.org\/pt-br\/biblioteca-de-recursos\/agricultura\/perguntas-estrategicas\/","url_meta":{"origin":1664,"position":0},"title":"Perguntas estrat\u00e9gicas","author":"cltredesign_0jp0l4","date":"29 de julho de 2024","format":false,"excerpt":"Como a terra ser\u00e1 garantida para os agricultores? Embora essa seja a quest\u00e3o central a ser respondida por um modelo de posse de terra, n\u00e3o esperamos que haja uma \u00fanica resposta. Na verdade, como sugerimos na se\u00e7\u00e3o anterior, a terra pode ser garantida de forma diferente para agricultores com diferentes\u2026","rel":"","context":"Em &quot;Agricultura&quot;","block_context":{"text":"Agricultura","link":"https:\/\/www.cltweb.org\/pt-br\/category\/agricultura\/"},"img":{"alt_text":"","src":"","width":0,"height":0},"classes":[]},{"id":1674,"url":"https:\/\/www.cltweb.org\/pt-br\/biblioteca-de-recursos\/agricultura\/desafios\/","url_meta":{"origin":1664,"position":1},"title":"Desafios","author":"cltredesign_0jp0l4","date":"29 de julho de 2024","format":false,"excerpt":"A necessidade de terrenos acess\u00edveis O alto custo das terras urbanas em rela\u00e7\u00e3o \u00e0s rurais representa um grande problema para os aspirantes a agricultores urbanos. Ao contr\u00e1rio dos agricultores rurais, eles est\u00e3o competindo por terras com uma infinidade de outros usu\u00e1rios em potencial, o que, por sua vez, cria press\u00f5es\u2026","rel":"","context":"Em &quot;Agricultura&quot;","block_context":{"text":"Agricultura","link":"https:\/\/www.cltweb.org\/pt-br\/category\/agricultura\/"},"img":{"alt_text":"","src":"","width":0,"height":0},"classes":[]},{"id":8766,"url":"https:\/\/www.cltweb.org\/pt-br\/biblioteca-de-recursos\/agricultura\/o-modelo-de-servidor-central\/estudo-de-caso-neighborspace-chicago-il\/","url_meta":{"origin":1664,"position":2},"title":"Estudo de caso: NeighborSpace (Chicago, IL)","author":"cltredesign_0jp0l4","date":"2 de fevereiro de 2025","format":false,"excerpt":"O NeighborSpace talvez seja a organiza\u00e7\u00e3o existente mais pr\u00f3xima do que pode ser considerado um modelo de land trust de servidor central para a agricultura urbana. Um olhar mais atento \u00e0 hist\u00f3ria e \u00e0 estrutura do NeighborSpace indica como um modelo de servidor central para a agricultura urbana pode ser\u2026","rel":"","context":"Em &quot;Agricultura&quot;","block_context":{"text":"Agricultura","link":"https:\/\/www.cltweb.org\/pt-br\/category\/agricultura\/"},"img":{"alt_text":"","src":"","width":0,"height":0},"classes":[]},{"id":8763,"url":"https:\/\/www.cltweb.org\/pt-br\/biblioteca-de-recursos\/agricultura\/o-modelo-de-servidor-central\/um-land-trust-para-fazendas-comerciais-urbanas\/","url_meta":{"origin":1664,"position":3},"title":"Um Land Trust para fazendas comerciais urbanas?","author":"cltredesign_0jp0l4","date":"2 de fevereiro de 2025","format":false,"excerpt":"A manuten\u00e7\u00e3o de terras agr\u00edcolas em um fundo fiduci\u00e1rio serve como um complemento em potencial para modelos de agricultura urbana empresarial e com fins lucrativos. As autoridades das funda\u00e7\u00f5es, em particular, est\u00e3o interessadas no potencial do setor de agricultura urbana para ir al\u00e9m dos modelos de neg\u00f3cios sem fins lucrativos\u2026","rel":"","context":"Em &quot;Agricultura&quot;","block_context":{"text":"Agricultura","link":"https:\/\/www.cltweb.org\/pt-br\/category\/agricultura\/"},"img":{"alt_text":"","src":"","width":0,"height":0},"classes":[]},{"id":8725,"url":"https:\/\/www.cltweb.org\/pt-br\/biblioteca-de-recursos\/agricultura\/o-papel-dos-fundos-fiduciarios\/fundos-fiduciarios-de-espaco-aberto\/","url_meta":{"origin":1664,"position":4},"title":"Fundos fiduci\u00e1rios de espa\u00e7o aberto","author":"cltredesign_0jp0l4","date":"2 de fevereiro de 2025","format":false,"excerpt":"NeighborSpace O NeighborSpace \u00e9 um fundo de terras que det\u00e9m terras para hortas comunit\u00e1rias e, cada vez mais, fazendas urbanas em Chicago. Foi fundado em 1996 em resposta a uma recomenda\u00e7\u00e3o de um relat\u00f3rio de planejamento da cidade que constatou que Chicago estava em 18\u00ba lugar entre 20 grandes cidades\u2026","rel":"","context":"Em &quot;Agricultura&quot;","block_context":{"text":"Agricultura","link":"https:\/\/www.cltweb.org\/pt-br\/category\/agricultura\/"},"img":{"alt_text":"","src":"","width":0,"height":0},"classes":[]},{"id":8730,"url":"https:\/\/www.cltweb.org\/pt-br\/biblioteca-de-recursos\/agricultura\/o-papel-dos-fundos-fiduciarios\/fundos-fiduciarios-comunitarios\/","url_meta":{"origin":1664,"position":5},"title":"Fundos fiduci\u00e1rios comunit\u00e1rios","author":"cltredesign_0jp0l4","date":"2 de fevereiro de 2025","format":false,"excerpt":"Desde a d\u00e9cada de 1960, o Community Land Trust foi desenvolvido como um suporte para moradias econ\u00f4micas nos Estados Unidos. No setor habitacional, o modelo CLT combina duas inova\u00e7\u00f5es b\u00e1sicas na governan\u00e7a da terra. A primeira inova\u00e7\u00e3o \u00e9 separar a propriedade de uma casa da propriedade do terreno em que\u2026","rel":"","context":"Post similar","block_context":{"text":"Post similar","link":""},"img":{"alt_text":"","src":"","width":0,"height":0},"classes":[]}],"_links":{"self":[{"href":"https:\/\/www.cltweb.org\/pt-br\/wp-json\/wp\/v2\/pages\/1664","targetHints":{"allow":["GET"]}}],"collection":[{"href":"https:\/\/www.cltweb.org\/pt-br\/wp-json\/wp\/v2\/pages"}],"about":[{"href":"https:\/\/www.cltweb.org\/pt-br\/wp-json\/wp\/v2\/types\/page"}],"author":[{"embeddable":true,"href":"https:\/\/www.cltweb.org\/pt-br\/wp-json\/wp\/v2\/users\/1"}],"replies":[{"embeddable":true,"href":"https:\/\/www.cltweb.org\/pt-br\/wp-json\/wp\/v2\/comments?post=1664"}],"version-history":[{"count":2,"href":"https:\/\/www.cltweb.org\/pt-br\/wp-json\/wp\/v2\/pages\/1664\/revisions"}],"predecessor-version":[{"id":8876,"href":"https:\/\/www.cltweb.org\/pt-br\/wp-json\/wp\/v2\/pages\/1664\/revisions\/8876"}],"up":[{"embeddable":true,"href":"https:\/\/www.cltweb.org\/pt-br\/wp-json\/wp\/v2\/pages\/829"}],"wp:attachment":[{"href":"https:\/\/www.cltweb.org\/pt-br\/wp-json\/wp\/v2\/media?parent=1664"}],"wp:term":[{"taxonomy":"category","embeddable":true,"href":"https:\/\/www.cltweb.org\/pt-br\/wp-json\/wp\/v2\/categories?post=1664"},{"taxonomy":"post_tag","embeddable":true,"href":"https:\/\/www.cltweb.org\/pt-br\/wp-json\/wp\/v2\/tags?post=1664"}],"curies":[{"name":"wp","href":"https:\/\/api.w.org\/{rel}","templated":true}]}}