{"id":1675,"date":"2024-07-29T22:54:21","date_gmt":"2024-07-29T22:54:21","guid":{"rendered":"https:\/\/www.cltweb.org\/propagando-a-clt-no-exterior\/"},"modified":"2024-09-11T17:18:11","modified_gmt":"2024-09-11T17:18:11","slug":"propagando-a-clt-no-exterior","status":"publish","type":"page","link":"https:\/\/www.cltweb.org\/pt-br\/biblioteca-de-recursos\/raizes-da-clt\/propagando-a-clt-no-exterior\/","title":{"rendered":"Propagando a CLT no exterior"},"content":{"rendered":"","protected":false},"excerpt":{"rendered":"","protected":false},"author":1,"featured_media":0,"parent":1897,"menu_order":4,"comment_status":"closed","ping_status":"closed","template":"","meta":{"give_campaign_id":0,"_tec_requires_first_save":true,"_kad_blocks_custom_css":"","_kad_blocks_head_custom_js":"","_kad_blocks_body_custom_js":"","_kad_blocks_footer_custom_js":"","_EventAllDay":false,"_EventTimezone":"","_EventStartDate":"","_EventEndDate":"","_EventStartDateUTC":"","_EventEndDateUTC":"","_EventShowMap":false,"_EventShowMapLink":false,"_EventURL":"","_EventCost":"","_EventCostDescription":"","_EventCurrencySymbol":"","_EventCurrencyCode":"","_EventCurrencyPosition":"","_EventDateTimeSeparator":"","_EventTimeRangeSeparator":"","_EventOrganizerID":[],"_EventVenueID":[],"_OrganizerEmail":"","_OrganizerPhone":"","_OrganizerWebsite":"","_VenueAddress":"","_VenueCity":"","_VenueCountry":"","_VenueProvince":"","_VenueState":"","_VenueZip":"","_VenuePhone":"","_VenueURL":"","_VenueStateProvince":"","_VenueLat":"","_VenueLng":"","_VenueShowMap":false,"_VenueShowMapLink":false,"_tribe_blocks_recurrence_rules":"","_tribe_blocks_recurrence_description":"","_tribe_blocks_recurrence_exclusions":"","footnotes":""},"categories":[128],"tags":[],"class_list":["post-1675","page","type-page","status-publish","hentry","category-raizes-da-clt"],"blocksy_meta":[],"yoast_head":"<!-- This site is optimized with the Yoast SEO Premium plugin v27.5 (Yoast SEO v27.5) - https:\/\/yoast.com\/product\/yoast-seo-premium-wordpress\/ -->\n<title>Propagando a CLT no exterior - International Center for Community Land Trusts<\/title>\n<meta name=\"robots\" content=\"index, follow, max-snippet:-1, max-image-preview:large, max-video-preview:-1\" \/>\n<link rel=\"canonical\" href=\"https:\/\/www.cltweb.org\/pt-br\/biblioteca-de-recursos\/raizes-da-clt\/propagando-a-clt-no-exterior\/\" \/>\n<meta property=\"og:locale\" content=\"pt_BR\" \/>\n<meta property=\"og:type\" content=\"article\" \/>\n<meta property=\"og:title\" content=\"Propagando a CLT no exterior\" \/>\n<meta property=\"og:url\" content=\"https:\/\/www.cltweb.org\/pt-br\/biblioteca-de-recursos\/raizes-da-clt\/propagando-a-clt-no-exterior\/\" \/>\n<meta property=\"og:site_name\" content=\"International Center for Community Land Trusts\" \/>\n<meta property=\"article:publisher\" content=\"https:\/\/www.facebook.com\/cltcenter\" \/>\n<meta property=\"article:modified_time\" content=\"2024-09-11T17:18:11+00:00\" \/>\n<meta name=\"twitter:card\" content=\"summary_large_image\" \/>\n<meta name=\"twitter:site\" content=\"@Center4CLTs\" \/>\n<script type=\"application\/ld+json\" class=\"yoast-schema-graph\">{\"@context\":\"https:\\\/\\\/schema.org\",\"@graph\":[{\"@type\":\"WebPage\",\"@id\":\"https:\\\/\\\/www.cltweb.org\\\/pt-br\\\/biblioteca-de-recursos\\\/raizes-da-clt\\\/propagando-a-clt-no-exterior\\\/\",\"url\":\"https:\\\/\\\/www.cltweb.org\\\/pt-br\\\/biblioteca-de-recursos\\\/raizes-da-clt\\\/propagando-a-clt-no-exterior\\\/\",\"name\":\"Propagando a CLT no exterior - International Center for Community Land Trusts\",\"isPartOf\":{\"@id\":\"https:\\\/\\\/www.cltweb.org\\\/pt-br\\\/#website\"},\"datePublished\":\"2024-07-29T22:54:21+00:00\",\"dateModified\":\"2024-09-11T17:18:11+00:00\",\"breadcrumb\":{\"@id\":\"https:\\\/\\\/www.cltweb.org\\\/pt-br\\\/biblioteca-de-recursos\\\/raizes-da-clt\\\/propagando-a-clt-no-exterior\\\/#breadcrumb\"},\"inLanguage\":\"pt-BR\",\"potentialAction\":[{\"@type\":\"ReadAction\",\"target\":[\"https:\\\/\\\/www.cltweb.org\\\/pt-br\\\/biblioteca-de-recursos\\\/raizes-da-clt\\\/propagando-a-clt-no-exterior\\\/\"]}]},{\"@type\":\"BreadcrumbList\",\"@id\":\"https:\\\/\\\/www.cltweb.org\\\/pt-br\\\/biblioteca-de-recursos\\\/raizes-da-clt\\\/propagando-a-clt-no-exterior\\\/#breadcrumb\",\"itemListElement\":[{\"@type\":\"ListItem\",\"position\":1,\"name\":\"Home\",\"item\":\"https:\\\/\\\/www.cltweb.org\\\/pt-br\\\/\"},{\"@type\":\"ListItem\",\"position\":2,\"name\":\"Biblioteca de recursos\",\"item\":\"https:\\\/\\\/www.cltweb.org\\\/pt-br\\\/biblioteca-de-recursos\\\/\"},{\"@type\":\"ListItem\",\"position\":3,\"name\":\"Ra\u00edzes da CLT\",\"item\":\"https:\\\/\\\/www.cltweb.org\\\/pt-br\\\/biblioteca-de-recursos\\\/raizes-da-clt\\\/\"},{\"@type\":\"ListItem\",\"position\":4,\"name\":\"Propagando a CLT no exterior\"}]},{\"@type\":\"WebSite\",\"@id\":\"https:\\\/\\\/www.cltweb.org\\\/pt-br\\\/#website\",\"url\":\"https:\\\/\\\/www.cltweb.org\\\/pt-br\\\/\",\"name\":\"International Center for Community Land Trusts\",\"description\":\"\",\"publisher\":{\"@id\":\"https:\\\/\\\/www.cltweb.org\\\/pt-br\\\/#organization\"},\"potentialAction\":[{\"@type\":\"SearchAction\",\"target\":{\"@type\":\"EntryPoint\",\"urlTemplate\":\"https:\\\/\\\/www.cltweb.org\\\/pt-br\\\/?s={search_term_string}\"},\"query-input\":{\"@type\":\"PropertyValueSpecification\",\"valueRequired\":true,\"valueName\":\"search_term_string\"}}],\"inLanguage\":\"pt-BR\"},{\"@type\":\"Organization\",\"@id\":\"https:\\\/\\\/www.cltweb.org\\\/pt-br\\\/#organization\",\"name\":\"International Center for Community Land Trusts\",\"url\":\"https:\\\/\\\/www.cltweb.org\\\/pt-br\\\/\",\"logo\":{\"@type\":\"ImageObject\",\"inLanguage\":\"pt-BR\",\"@id\":\"https:\\\/\\\/www.cltweb.org\\\/pt-br\\\/#\\\/schema\\\/logo\\\/image\\\/\",\"url\":\"https:\\\/\\\/www.cltweb.org\\\/wp-content\\\/uploads\\\/2024\\\/11\\\/New-CLT-Center-Text-logo.png\",\"contentUrl\":\"https:\\\/\\\/www.cltweb.org\\\/wp-content\\\/uploads\\\/2024\\\/11\\\/New-CLT-Center-Text-logo.png\",\"width\":227,\"height\":80,\"caption\":\"International Center for Community Land Trusts\"},\"image\":{\"@id\":\"https:\\\/\\\/www.cltweb.org\\\/pt-br\\\/#\\\/schema\\\/logo\\\/image\\\/\"},\"sameAs\":[\"https:\\\/\\\/www.facebook.com\\\/cltcenter\",\"https:\\\/\\\/x.com\\\/Center4CLTs\",\"https:\\\/\\\/www.instagram.com\\\/cltcenter\\\/\",\"https:\\\/\\\/www.linkedin.com\\\/company\\\/cltcenter\",\"https:\\\/\\\/www.youtube.com\\\/@centerforcltinnovation5313\"],\"description\":\"The International Center for Community Land Trusts is a not-for-profit nongovernmental organization established in 2018 to promote and to support community land trusts and similar strategies of community-led development on community-owned land in countries throughout the world.\",\"email\":\"info@communitylandtrust.net\",\"legalName\":\"International Center for Community Land Trusts\",\"foundingDate\":\"2018-12-01\",\"taxID\":\"84-3858933\",\"numberOfEmployees\":{\"@type\":\"QuantitativeValue\",\"minValue\":\"1\",\"maxValue\":\"10\"}}]}<\/script>\n<!-- \/ Yoast SEO Premium plugin. -->","yoast_head_json":{"title":"Propagando a CLT no exterior - International Center for Community Land Trusts","robots":{"index":"index","follow":"follow","max-snippet":"max-snippet:-1","max-image-preview":"max-image-preview:large","max-video-preview":"max-video-preview:-1"},"canonical":"https:\/\/www.cltweb.org\/pt-br\/biblioteca-de-recursos\/raizes-da-clt\/propagando-a-clt-no-exterior\/","og_locale":"pt_BR","og_type":"article","og_title":"Propagando a CLT no exterior","og_url":"https:\/\/www.cltweb.org\/pt-br\/biblioteca-de-recursos\/raizes-da-clt\/propagando-a-clt-no-exterior\/","og_site_name":"International Center for Community Land Trusts","article_publisher":"https:\/\/www.facebook.com\/cltcenter","article_modified_time":"2024-09-11T17:18:11+00:00","twitter_card":"summary_large_image","twitter_site":"@Center4CLTs","schema":{"@context":"https:\/\/schema.org","@graph":[{"@type":"WebPage","@id":"https:\/\/www.cltweb.org\/pt-br\/biblioteca-de-recursos\/raizes-da-clt\/propagando-a-clt-no-exterior\/","url":"https:\/\/www.cltweb.org\/pt-br\/biblioteca-de-recursos\/raizes-da-clt\/propagando-a-clt-no-exterior\/","name":"Propagando a CLT no exterior - International Center for Community Land Trusts","isPartOf":{"@id":"https:\/\/www.cltweb.org\/pt-br\/#website"},"datePublished":"2024-07-29T22:54:21+00:00","dateModified":"2024-09-11T17:18:11+00:00","breadcrumb":{"@id":"https:\/\/www.cltweb.org\/pt-br\/biblioteca-de-recursos\/raizes-da-clt\/propagando-a-clt-no-exterior\/#breadcrumb"},"inLanguage":"pt-BR","potentialAction":[{"@type":"ReadAction","target":["https:\/\/www.cltweb.org\/pt-br\/biblioteca-de-recursos\/raizes-da-clt\/propagando-a-clt-no-exterior\/"]}]},{"@type":"BreadcrumbList","@id":"https:\/\/www.cltweb.org\/pt-br\/biblioteca-de-recursos\/raizes-da-clt\/propagando-a-clt-no-exterior\/#breadcrumb","itemListElement":[{"@type":"ListItem","position":1,"name":"Home","item":"https:\/\/www.cltweb.org\/pt-br\/"},{"@type":"ListItem","position":2,"name":"Biblioteca de recursos","item":"https:\/\/www.cltweb.org\/pt-br\/biblioteca-de-recursos\/"},{"@type":"ListItem","position":3,"name":"Ra\u00edzes da CLT","item":"https:\/\/www.cltweb.org\/pt-br\/biblioteca-de-recursos\/raizes-da-clt\/"},{"@type":"ListItem","position":4,"name":"Propagando a CLT no exterior"}]},{"@type":"WebSite","@id":"https:\/\/www.cltweb.org\/pt-br\/#website","url":"https:\/\/www.cltweb.org\/pt-br\/","name":"International Center for Community Land Trusts","description":"","publisher":{"@id":"https:\/\/www.cltweb.org\/pt-br\/#organization"},"potentialAction":[{"@type":"SearchAction","target":{"@type":"EntryPoint","urlTemplate":"https:\/\/www.cltweb.org\/pt-br\/?s={search_term_string}"},"query-input":{"@type":"PropertyValueSpecification","valueRequired":true,"valueName":"search_term_string"}}],"inLanguage":"pt-BR"},{"@type":"Organization","@id":"https:\/\/www.cltweb.org\/pt-br\/#organization","name":"International Center for Community Land Trusts","url":"https:\/\/www.cltweb.org\/pt-br\/","logo":{"@type":"ImageObject","inLanguage":"pt-BR","@id":"https:\/\/www.cltweb.org\/pt-br\/#\/schema\/logo\/image\/","url":"https:\/\/www.cltweb.org\/wp-content\/uploads\/2024\/11\/New-CLT-Center-Text-logo.png","contentUrl":"https:\/\/www.cltweb.org\/wp-content\/uploads\/2024\/11\/New-CLT-Center-Text-logo.png","width":227,"height":80,"caption":"International Center for Community Land Trusts"},"image":{"@id":"https:\/\/www.cltweb.org\/pt-br\/#\/schema\/logo\/image\/"},"sameAs":["https:\/\/www.facebook.com\/cltcenter","https:\/\/x.com\/Center4CLTs","https:\/\/www.instagram.com\/cltcenter\/","https:\/\/www.linkedin.com\/company\/cltcenter","https:\/\/www.youtube.com\/@centerforcltinnovation5313"],"description":"The International Center for Community Land Trusts is a not-for-profit nongovernmental organization established in 2018 to promote and to support community land trusts and similar strategies of community-led development on community-owned land in countries throughout the world.","email":"info@communitylandtrust.net","legalName":"International Center for Community Land Trusts","foundingDate":"2018-12-01","taxID":"84-3858933","numberOfEmployees":{"@type":"QuantitativeValue","minValue":"1","maxValue":"10"}}]}},"campaignId":"","taxonomy_info":{"category":[{"value":128,"label":"Ra\u00edzes da CLT"}]},"featured_image_src_large":false,"author_info":{"display_name":"cltredesign_0jp0l4","author_link":"https:\/\/www.cltweb.org\/pt-br\/author\/cltredesign_0jp0l4\/"},"comment_info":0,"jetpack_sharing_enabled":true,"jetpack-related-posts":[{"id":7441,"url":"https:\/\/www.cltweb.org\/pt-br\/biblioteca-de-recursos\/raizes-do-movimento-clt\/","url_meta":{"origin":1675,"position":0},"title":"Ra\u00edzes do movimento CLT","author":"cltredesign_0jp0l4","date":"5 de novembro de 2024","format":false,"excerpt":"Ra\u00edzes e galhosRoots & Branches: Guia do jardineiro sobre as origens e a evolu\u00e7\u00e3o do Community Land Trust \u00e9 um arquivo digital de materiais hist\u00f3ricos que tra\u00e7am as origens e a evolu\u00e7\u00e3o do community land trust. Roots & Branches foi desenvolvido por John Emmeus Davis, Greg Rosenberg e a artista\u2026","rel":"","context":"Em &quot;Hist\u00f3ria do movimento&quot;","block_context":{"text":"Hist\u00f3ria do movimento","link":"https:\/\/www.cltweb.org\/pt-br\/category\/historia-do-movimento\/"},"img":{"alt_text":"Roots and Branches graphic","src":"https:\/\/i0.wp.com\/www.cltweb.org\/wp-content\/uploads\/2024\/11\/Roots-and-Branches-1536x1265-1.jpg?resize=350%2C200&ssl=1","width":350,"height":200,"srcset":"https:\/\/i0.wp.com\/www.cltweb.org\/wp-content\/uploads\/2024\/11\/Roots-and-Branches-1536x1265-1.jpg?resize=350%2C200&ssl=1 1x, https:\/\/i0.wp.com\/www.cltweb.org\/wp-content\/uploads\/2024\/11\/Roots-and-Branches-1536x1265-1.jpg?resize=525%2C300&ssl=1 1.5x, https:\/\/i0.wp.com\/www.cltweb.org\/wp-content\/uploads\/2024\/11\/Roots-and-Branches-1536x1265-1.jpg?resize=700%2C400&ssl=1 2x, https:\/\/i0.wp.com\/www.cltweb.org\/wp-content\/uploads\/2024\/11\/Roots-and-Branches-1536x1265-1.jpg?resize=1050%2C600&ssl=1 3x, https:\/\/i0.wp.com\/www.cltweb.org\/wp-content\/uploads\/2024\/11\/Roots-and-Branches-1536x1265-1.jpg?resize=1400%2C800&ssl=1 4x"},"classes":[]},{"id":1684,"url":"https:\/\/www.cltweb.org\/pt-br\/biblioteca-de-recursos\/raizes-da-clt\/semeando-os-primeiros-clts\/","url_meta":{"origin":1675,"position":1},"title":"Semeando os primeiros CLTs","author":"cltredesign_0jp0l4","date":"29 de julho de 2024","format":false,"excerpt":"","rel":"","context":"Em &quot;Ra\u00edzes da CLT&quot;","block_context":{"text":"Ra\u00edzes da CLT","link":"https:\/\/www.cltweb.org\/pt-br\/category\/raizes-da-clt\/"},"img":{"alt_text":"","src":"","width":0,"height":0},"classes":[]},{"id":1695,"url":"https:\/\/www.cltweb.org\/pt-br\/biblioteca-de-recursos\/raizes-da-clt\/pioneiros-domesticos\/","url_meta":{"origin":1675,"position":2},"title":"Pioneiros dom\u00e9sticos","author":"cltredesign_0jp0l4","date":"29 de julho de 2024","format":false,"excerpt":"","rel":"","context":"Em &quot;Ra\u00edzes da CLT&quot;","block_context":{"text":"Ra\u00edzes da CLT","link":"https:\/\/www.cltweb.org\/pt-br\/category\/raizes-da-clt\/"},"img":{"alt_text":"","src":"","width":0,"height":0},"classes":[]},{"id":1685,"url":"https:\/\/www.cltweb.org\/pt-br\/biblioteca-de-recursos\/raizes-da-clt\/do-modelo-ao-movimento\/","url_meta":{"origin":1675,"position":3},"title":"Do modelo ao movimento","author":"cltredesign_0jp0l4","date":"29 de julho de 2024","format":false,"excerpt":"","rel":"","context":"Em &quot;Ra\u00edzes da CLT&quot;","block_context":{"text":"Ra\u00edzes da CLT","link":"https:\/\/www.cltweb.org\/pt-br\/category\/raizes-da-clt\/"},"img":{"alt_text":"","src":"","width":0,"height":0},"classes":[]},{"id":1694,"url":"https:\/\/www.cltweb.org\/pt-br\/biblioteca-de-recursos\/raizes-da-clt\/precursores-internacionais\/","url_meta":{"origin":1675,"position":4},"title":"Precursores internacionais","author":"cltredesign_0jp0l4","date":"29 de julho de 2024","format":false,"excerpt":"Introdu\u00e7\u00e3o O community land trust se baseia em grande parte em conceitos te\u00f3ricos e experimentos pr\u00e1ticos com arrendamento de terras originados fora dos Estados Unidos. Em alguns casos, essas \"sementes importadas\" influenciaram diretamente o pensamento e os ajustes dos americanos que criaram precursores e prot\u00f3tipos que lan\u00e7aram as bases para\u2026","rel":"","context":"Em &quot;Ra\u00edzes da CLT&quot;","block_context":{"text":"Ra\u00edzes da CLT","link":"https:\/\/www.cltweb.org\/pt-br\/category\/raizes-da-clt\/"},"img":{"alt_text":"","src":"","width":0,"height":0},"classes":[]},{"id":1897,"url":"https:\/\/www.cltweb.org\/pt-br\/biblioteca-de-recursos\/raizes-da-clt\/","url_meta":{"origin":1675,"position":5},"title":"Ra\u00edzes da CLT","author":"cltredesign_0jp0l4","date":"26 de julho de 2024","format":false,"excerpt":"Sobreposi\u00e7\u00e3o Ra\u00edzes do movimento CLT Use esta se\u00e7\u00e3o de par\u00e1grafo para que os visitantes do seu site conhe\u00e7am voc\u00ea. Escreva sobre voc\u00ea ou sua organiza\u00e7\u00e3o, os produtos ou servi\u00e7os que voc\u00ea oferece ou por que voc\u00ea existe. Mantenha um estilo de comunica\u00e7\u00e3o consistente. Considere us\u00e1-lo se precisar fornecer mais contexto\u2026","rel":"","context":"Post similar","block_context":{"text":"Post similar","link":""},"img":{"alt_text":"","src":"","width":0,"height":0},"classes":[]}],"_links":{"self":[{"href":"https:\/\/www.cltweb.org\/pt-br\/wp-json\/wp\/v2\/pages\/1675","targetHints":{"allow":["GET"]}}],"collection":[{"href":"https:\/\/www.cltweb.org\/pt-br\/wp-json\/wp\/v2\/pages"}],"about":[{"href":"https:\/\/www.cltweb.org\/pt-br\/wp-json\/wp\/v2\/types\/page"}],"author":[{"embeddable":true,"href":"https:\/\/www.cltweb.org\/pt-br\/wp-json\/wp\/v2\/users\/1"}],"replies":[{"embeddable":true,"href":"https:\/\/www.cltweb.org\/pt-br\/wp-json\/wp\/v2\/comments?post=1675"}],"version-history":[{"count":1,"href":"https:\/\/www.cltweb.org\/pt-br\/wp-json\/wp\/v2\/pages\/1675\/revisions"}],"predecessor-version":[{"id":1904,"href":"https:\/\/www.cltweb.org\/pt-br\/wp-json\/wp\/v2\/pages\/1675\/revisions\/1904"}],"up":[{"embeddable":true,"href":"https:\/\/www.cltweb.org\/pt-br\/wp-json\/wp\/v2\/pages\/1897"}],"wp:attachment":[{"href":"https:\/\/www.cltweb.org\/pt-br\/wp-json\/wp\/v2\/media?parent=1675"}],"wp:term":[{"taxonomy":"category","embeddable":true,"href":"https:\/\/www.cltweb.org\/pt-br\/wp-json\/wp\/v2\/categories?post=1675"},{"taxonomy":"post_tag","embeddable":true,"href":"https:\/\/www.cltweb.org\/pt-br\/wp-json\/wp\/v2\/tags?post=1675"}],"curies":[{"name":"wp","href":"https:\/\/api.w.org\/{rel}","templated":true}]}}