{"id":1831,"date":"2024-09-07T20:24:54","date_gmt":"2024-09-07T20:24:54","guid":{"rendered":"https:\/\/www.cltweb.org\/biblioteca-de-recursos\/manuais-e-guias\/manual-do-clt-australiano\/"},"modified":"2024-10-22T21:16:26","modified_gmt":"2024-10-22T21:16:26","slug":"manual-do-clt-australiano","status":"publish","type":"page","link":"https:\/\/www.cltweb.org\/pt-br\/biblioteca-de-recursos\/manuais-e-guias\/manual-do-clt-australiano\/","title":{"rendered":"Austr\u00e1lia"},"content":{"rendered":"\n<h2 class=\"wp-block-heading\">Manual do CLT australiano<\/h2>\n\n<p><strong>Por Louise Crabtree, Hazel Blunden, Peter Phibbs, Carolyn Sappideen, Derek Mortimer, Avril Shahib-Smith, Lisa Chung<\/strong><\/p>\n\n<p>Este Manual foi financiado pelo Western Australian Department of Housing, pela cidade de Port Phillip, pela cidade de Sydney, pelo Inner Melbourne Action Plan, pela St Kilda Community Housing Ltd e pela Mount Alexander Community Land Ltd.\nOs autores gostariam de agradecer \u00e0s ag\u00eancias financiadoras por apoiarem o Manual e ao Comit\u00ea Diretor por sua dedica\u00e7\u00e3o, tempo e esfor\u00e7o para ajudar a concluir este Manual.\nA equipe gostaria de agradecer especialmente a Grace McCaughey (Mount Alexander Community Land Ltd) e Gary Spivak (City of Port Phillip) por seus esfor\u00e7os em apoiar a cria\u00e7\u00e3o do Manual.  <\/p>\n<style>.wp-block-kadence-advancedbtn.kb-btns1275_e51d58-60{gap:var(--global-kb-gap-xs, 0.5rem );justify-content:flex-start;align-items:center;}.kt-btns1275_e51d58-60 .kt-button{font-weight:normal;font-style:normal;}.kt-btns1275_e51d58-60 .kt-btn-wrap-0{margin-right:5px;}.wp-block-kadence-advancedbtn.kt-btns1275_e51d58-60 .kt-btn-wrap-0 .kt-button{color:#555555;border-color:#555555;}.wp-block-kadence-advancedbtn.kt-btns1275_e51d58-60 .kt-btn-wrap-0 .kt-button:hover, .wp-block-kadence-advancedbtn.kt-btns1275_e51d58-60 .kt-btn-wrap-0 .kt-button:focus{color:#ffffff;border-color:#444444;}.wp-block-kadence-advancedbtn.kt-btns1275_e51d58-60 .kt-btn-wrap-0 .kt-button::before{display:none;}.wp-block-kadence-advancedbtn.kt-btns1275_e51d58-60 .kt-btn-wrap-0 .kt-button:hover, .wp-block-kadence-advancedbtn.kt-btns1275_e51d58-60 .kt-btn-wrap-0 .kt-button:focus{background:#444444;}<\/style>\n<div class=\"wp-block-kadence-advancedbtn kb-buttons-wrap kb-btns1275_e51d58-60\"><style>ul.menu .wp-block-kadence-advancedbtn .kb-btn1275_95df70-bf.kb-button{width:initial;}<\/style><a class=\"kb-button kt-button button kb-btn1275_95df70-bf kt-btn-size-standard kt-btn-width-type-auto kb-btn-global-inherit  kt-btn-has-text-true kt-btn-has-svg-false  wp-block-button__link wp-block-kadence-singlebtn\" href=\"https:\/\/www.cltweb.org\/wp-content\/uploads\/2024\/10\/Australia-CLT-Manual.pdf\"><span class=\"kt-btn-inner-text\"><strong>Manual do CLT australiano<\/strong><\/span><\/a><\/div>\n\n<p><\/p>\n","protected":false},"excerpt":{"rendered":"<p>Manual do CLT australiano Por Louise Crabtree, Hazel Blunden, Peter Phibbs, Carolyn Sappideen, Derek Mortimer, Avril Shahib-Smith, Lisa Chung Este Manual foi financiado pelo Western Australian Department of Housing, pela [&hellip;]<\/p>\n","protected":false},"author":1,"featured_media":0,"parent":1282,"menu_order":0,"comment_status":"closed","ping_status":"closed","template":"","meta":{"give_campaign_id":0,"_tec_requires_first_save":true,"_kad_blocks_custom_css":"","_kad_blocks_head_custom_js":"","_kad_blocks_body_custom_js":"","_kad_blocks_footer_custom_js":"","_EventAllDay":false,"_EventTimezone":"","_EventStartDate":"","_EventEndDate":"","_EventStartDateUTC":"","_EventEndDateUTC":"","_EventShowMap":false,"_EventShowMapLink":false,"_EventURL":"","_EventCost":"","_EventCostDescription":"","_EventCurrencySymbol":"","_EventCurrencyCode":"","_EventCurrencyPosition":"","_EventDateTimeSeparator":"","_EventTimeRangeSeparator":"","_EventOrganizerID":[],"_EventVenueID":[],"_OrganizerEmail":"","_OrganizerPhone":"","_OrganizerWebsite":"","_VenueAddress":"","_VenueCity":"","_VenueCountry":"","_VenueProvince":"","_VenueState":"","_VenueZip":"","_VenuePhone":"","_VenueURL":"","_VenueStateProvince":"","_VenueLat":"","_VenueLng":"","_VenueShowMap":false,"_VenueShowMapLink":false,"_tribe_blocks_recurrence_rules":"","_tribe_blocks_recurrence_description":"","_tribe_blocks_recurrence_exclusions":"","footnotes":""},"categories":[141],"tags":[],"class_list":["post-1831","page","type-page","status-publish","hentry","category-manuais-pt-br"],"blocksy_meta":[],"yoast_head":"<!-- This site is optimized with the Yoast SEO Premium plugin v27.5 (Yoast SEO v27.5) - https:\/\/yoast.com\/product\/yoast-seo-premium-wordpress\/ -->\n<title>Austr\u00e1lia - International Center for Community Land Trusts<\/title>\n<meta name=\"robots\" content=\"index, follow, max-snippet:-1, max-image-preview:large, max-video-preview:-1\" \/>\n<link rel=\"canonical\" href=\"https:\/\/www.cltweb.org\/pt-br\/biblioteca-de-recursos\/manuais-e-guias\/manual-do-clt-australiano\/\" \/>\n<meta property=\"og:locale\" content=\"pt_BR\" \/>\n<meta property=\"og:type\" content=\"article\" \/>\n<meta property=\"og:title\" content=\"Austr\u00e1lia\" \/>\n<meta property=\"og:description\" content=\"Manual do CLT australiano Por Louise Crabtree, Hazel Blunden, Peter Phibbs, Carolyn Sappideen, Derek Mortimer, Avril Shahib-Smith, Lisa Chung Este Manual foi financiado pelo Western Australian Department of Housing, pela [&hellip;]\" \/>\n<meta property=\"og:url\" content=\"https:\/\/www.cltweb.org\/pt-br\/biblioteca-de-recursos\/manuais-e-guias\/manual-do-clt-australiano\/\" \/>\n<meta property=\"og:site_name\" content=\"International Center for Community Land Trusts\" \/>\n<meta property=\"article:publisher\" content=\"https:\/\/www.facebook.com\/cltcenter\" \/>\n<meta property=\"article:modified_time\" content=\"2024-10-22T21:16:26+00:00\" \/>\n<meta name=\"twitter:card\" content=\"summary_large_image\" \/>\n<meta name=\"twitter:site\" content=\"@Center4CLTs\" \/>\n<meta name=\"twitter:label1\" content=\"Est. tempo de leitura\" \/>\n\t<meta name=\"twitter:data1\" content=\"1 minuto\" \/>\n<script type=\"application\/ld+json\" class=\"yoast-schema-graph\">{\"@context\":\"https:\\\/\\\/schema.org\",\"@graph\":[{\"@type\":\"WebPage\",\"@id\":\"https:\\\/\\\/www.cltweb.org\\\/pt-br\\\/biblioteca-de-recursos\\\/manuais-e-guias\\\/manual-do-clt-australiano\\\/\",\"url\":\"https:\\\/\\\/www.cltweb.org\\\/pt-br\\\/biblioteca-de-recursos\\\/manuais-e-guias\\\/manual-do-clt-australiano\\\/\",\"name\":\"Austr\u00e1lia - International Center for Community Land Trusts\",\"isPartOf\":{\"@id\":\"https:\\\/\\\/www.cltweb.org\\\/pt-br\\\/#website\"},\"datePublished\":\"2024-09-07T20:24:54+00:00\",\"dateModified\":\"2024-10-22T21:16:26+00:00\",\"breadcrumb\":{\"@id\":\"https:\\\/\\\/www.cltweb.org\\\/pt-br\\\/biblioteca-de-recursos\\\/manuais-e-guias\\\/manual-do-clt-australiano\\\/#breadcrumb\"},\"inLanguage\":\"pt-BR\",\"potentialAction\":[{\"@type\":\"ReadAction\",\"target\":[\"https:\\\/\\\/www.cltweb.org\\\/pt-br\\\/biblioteca-de-recursos\\\/manuais-e-guias\\\/manual-do-clt-australiano\\\/\"]}]},{\"@type\":\"BreadcrumbList\",\"@id\":\"https:\\\/\\\/www.cltweb.org\\\/pt-br\\\/biblioteca-de-recursos\\\/manuais-e-guias\\\/manual-do-clt-australiano\\\/#breadcrumb\",\"itemListElement\":[{\"@type\":\"ListItem\",\"position\":1,\"name\":\"Home\",\"item\":\"https:\\\/\\\/www.cltweb.org\\\/pt-br\\\/\"},{\"@type\":\"ListItem\",\"position\":2,\"name\":\"Biblioteca de recursos\",\"item\":\"https:\\\/\\\/www.cltweb.org\\\/pt-br\\\/biblioteca-de-recursos\\\/\"},{\"@type\":\"ListItem\",\"position\":3,\"name\":\"Manuais e guias\",\"item\":\"https:\\\/\\\/www.cltweb.org\\\/pt-br\\\/resources\\\/manuals-and-guides\\\/\"},{\"@type\":\"ListItem\",\"position\":4,\"name\":\"Austr\u00e1lia\"}]},{\"@type\":\"WebSite\",\"@id\":\"https:\\\/\\\/www.cltweb.org\\\/pt-br\\\/#website\",\"url\":\"https:\\\/\\\/www.cltweb.org\\\/pt-br\\\/\",\"name\":\"International Center for Community Land Trusts\",\"description\":\"\",\"publisher\":{\"@id\":\"https:\\\/\\\/www.cltweb.org\\\/pt-br\\\/#organization\"},\"potentialAction\":[{\"@type\":\"SearchAction\",\"target\":{\"@type\":\"EntryPoint\",\"urlTemplate\":\"https:\\\/\\\/www.cltweb.org\\\/pt-br\\\/?s={search_term_string}\"},\"query-input\":{\"@type\":\"PropertyValueSpecification\",\"valueRequired\":true,\"valueName\":\"search_term_string\"}}],\"inLanguage\":\"pt-BR\"},{\"@type\":\"Organization\",\"@id\":\"https:\\\/\\\/www.cltweb.org\\\/pt-br\\\/#organization\",\"name\":\"International Center for Community Land Trusts\",\"url\":\"https:\\\/\\\/www.cltweb.org\\\/pt-br\\\/\",\"logo\":{\"@type\":\"ImageObject\",\"inLanguage\":\"pt-BR\",\"@id\":\"https:\\\/\\\/www.cltweb.org\\\/pt-br\\\/#\\\/schema\\\/logo\\\/image\\\/\",\"url\":\"https:\\\/\\\/www.cltweb.org\\\/wp-content\\\/uploads\\\/2024\\\/11\\\/New-CLT-Center-Text-logo.png\",\"contentUrl\":\"https:\\\/\\\/www.cltweb.org\\\/wp-content\\\/uploads\\\/2024\\\/11\\\/New-CLT-Center-Text-logo.png\",\"width\":227,\"height\":80,\"caption\":\"International Center for Community Land Trusts\"},\"image\":{\"@id\":\"https:\\\/\\\/www.cltweb.org\\\/pt-br\\\/#\\\/schema\\\/logo\\\/image\\\/\"},\"sameAs\":[\"https:\\\/\\\/www.facebook.com\\\/cltcenter\",\"https:\\\/\\\/x.com\\\/Center4CLTs\",\"https:\\\/\\\/www.instagram.com\\\/cltcenter\\\/\",\"https:\\\/\\\/www.linkedin.com\\\/company\\\/cltcenter\",\"https:\\\/\\\/www.youtube.com\\\/@centerforcltinnovation5313\"],\"description\":\"The International Center for Community Land Trusts is a not-for-profit nongovernmental organization established in 2018 to promote and to support community land trusts and similar strategies of community-led development on community-owned land in countries throughout the world.\",\"email\":\"info@communitylandtrust.net\",\"legalName\":\"International Center for Community Land Trusts\",\"foundingDate\":\"2018-12-01\",\"taxID\":\"84-3858933\",\"numberOfEmployees\":{\"@type\":\"QuantitativeValue\",\"minValue\":\"1\",\"maxValue\":\"10\"}}]}<\/script>\n<!-- \/ Yoast SEO Premium plugin. -->","yoast_head_json":{"title":"Austr\u00e1lia - International Center for Community Land Trusts","robots":{"index":"index","follow":"follow","max-snippet":"max-snippet:-1","max-image-preview":"max-image-preview:large","max-video-preview":"max-video-preview:-1"},"canonical":"https:\/\/www.cltweb.org\/pt-br\/biblioteca-de-recursos\/manuais-e-guias\/manual-do-clt-australiano\/","og_locale":"pt_BR","og_type":"article","og_title":"Austr\u00e1lia","og_description":"Manual do CLT australiano Por Louise Crabtree, Hazel Blunden, Peter Phibbs, Carolyn Sappideen, Derek Mortimer, Avril Shahib-Smith, Lisa Chung Este Manual foi financiado pelo Western Australian Department of Housing, pela [&hellip;]","og_url":"https:\/\/www.cltweb.org\/pt-br\/biblioteca-de-recursos\/manuais-e-guias\/manual-do-clt-australiano\/","og_site_name":"International Center for Community Land Trusts","article_publisher":"https:\/\/www.facebook.com\/cltcenter","article_modified_time":"2024-10-22T21:16:26+00:00","twitter_card":"summary_large_image","twitter_site":"@Center4CLTs","twitter_misc":{"Est. tempo de leitura":"1 minuto"},"schema":{"@context":"https:\/\/schema.org","@graph":[{"@type":"WebPage","@id":"https:\/\/www.cltweb.org\/pt-br\/biblioteca-de-recursos\/manuais-e-guias\/manual-do-clt-australiano\/","url":"https:\/\/www.cltweb.org\/pt-br\/biblioteca-de-recursos\/manuais-e-guias\/manual-do-clt-australiano\/","name":"Austr\u00e1lia - International Center for Community Land Trusts","isPartOf":{"@id":"https:\/\/www.cltweb.org\/pt-br\/#website"},"datePublished":"2024-09-07T20:24:54+00:00","dateModified":"2024-10-22T21:16:26+00:00","breadcrumb":{"@id":"https:\/\/www.cltweb.org\/pt-br\/biblioteca-de-recursos\/manuais-e-guias\/manual-do-clt-australiano\/#breadcrumb"},"inLanguage":"pt-BR","potentialAction":[{"@type":"ReadAction","target":["https:\/\/www.cltweb.org\/pt-br\/biblioteca-de-recursos\/manuais-e-guias\/manual-do-clt-australiano\/"]}]},{"@type":"BreadcrumbList","@id":"https:\/\/www.cltweb.org\/pt-br\/biblioteca-de-recursos\/manuais-e-guias\/manual-do-clt-australiano\/#breadcrumb","itemListElement":[{"@type":"ListItem","position":1,"name":"Home","item":"https:\/\/www.cltweb.org\/pt-br\/"},{"@type":"ListItem","position":2,"name":"Biblioteca de recursos","item":"https:\/\/www.cltweb.org\/pt-br\/biblioteca-de-recursos\/"},{"@type":"ListItem","position":3,"name":"Manuais e guias","item":"https:\/\/www.cltweb.org\/pt-br\/resources\/manuals-and-guides\/"},{"@type":"ListItem","position":4,"name":"Austr\u00e1lia"}]},{"@type":"WebSite","@id":"https:\/\/www.cltweb.org\/pt-br\/#website","url":"https:\/\/www.cltweb.org\/pt-br\/","name":"International Center for Community Land Trusts","description":"","publisher":{"@id":"https:\/\/www.cltweb.org\/pt-br\/#organization"},"potentialAction":[{"@type":"SearchAction","target":{"@type":"EntryPoint","urlTemplate":"https:\/\/www.cltweb.org\/pt-br\/?s={search_term_string}"},"query-input":{"@type":"PropertyValueSpecification","valueRequired":true,"valueName":"search_term_string"}}],"inLanguage":"pt-BR"},{"@type":"Organization","@id":"https:\/\/www.cltweb.org\/pt-br\/#organization","name":"International Center for Community Land Trusts","url":"https:\/\/www.cltweb.org\/pt-br\/","logo":{"@type":"ImageObject","inLanguage":"pt-BR","@id":"https:\/\/www.cltweb.org\/pt-br\/#\/schema\/logo\/image\/","url":"https:\/\/www.cltweb.org\/wp-content\/uploads\/2024\/11\/New-CLT-Center-Text-logo.png","contentUrl":"https:\/\/www.cltweb.org\/wp-content\/uploads\/2024\/11\/New-CLT-Center-Text-logo.png","width":227,"height":80,"caption":"International Center for Community Land Trusts"},"image":{"@id":"https:\/\/www.cltweb.org\/pt-br\/#\/schema\/logo\/image\/"},"sameAs":["https:\/\/www.facebook.com\/cltcenter","https:\/\/x.com\/Center4CLTs","https:\/\/www.instagram.com\/cltcenter\/","https:\/\/www.linkedin.com\/company\/cltcenter","https:\/\/www.youtube.com\/@centerforcltinnovation5313"],"description":"The International Center for Community Land Trusts is a not-for-profit nongovernmental organization established in 2018 to promote and to support community land trusts and similar strategies of community-led development on community-owned land in countries throughout the world.","email":"info@communitylandtrust.net","legalName":"International Center for Community Land Trusts","foundingDate":"2018-12-01","taxID":"84-3858933","numberOfEmployees":{"@type":"QuantitativeValue","minValue":"1","maxValue":"10"}}]}},"campaignId":"","taxonomy_info":{"category":[{"value":141,"label":"Manuais"}]},"featured_image_src_large":false,"author_info":{"display_name":"cltredesign_0jp0l4","author_link":"https:\/\/www.cltweb.org\/pt-br\/author\/cltredesign_0jp0l4\/"},"comment_info":0,"jetpack_sharing_enabled":true,"jetpack-related-posts":[{"id":1827,"url":"https:\/\/www.cltweb.org\/es\/biblioteca-de-recursos\/manuales-y-guias\/manual-australiano-de-clt\/","url_meta":{"origin":1831,"position":0},"title":"Australia","author":"cltredesign_0jp0l4","date":"7 de setembro de 2024","format":false,"excerpt":"Manual australiano de CLT Por Louise Crabtree, Hazel Blunden, Peter Phibbs, Carolyn Sappideen, Derek Mortimer, Avril Shahib-Smith, Lisa Chung Este Manual ha sido financiado por el Departamento de Vivienda de Australia Occidental, la ciudad de Port Phillip, la ciudad de S\u00eddney, el Plan de Acci\u00f3n del Interior de Melbourne, St\u2026","rel":"","context":"Em &quot;Manuales&quot;","block_context":{"text":"Manuales","link":"https:\/\/www.cltweb.org\/es\/category\/manuales\/"},"img":{"alt_text":"","src":"","width":0,"height":0},"classes":[]},{"id":2898,"url":"https:\/\/www.cltweb.org\/pt-br\/biblioteca-de-recursos\/manuais-e-guias\/estados-unidos\/","url_meta":{"origin":1831,"position":1},"title":"Estados Unidos","author":"cltredesign_0jp0l4","date":"4 de outubro de 2024","format":false,"excerpt":"Manuais e guias dos Estados Unidos Iniciando um Community Land Trust (2007) Escrito por John Emmeus Davis em 2007, Starting a Community Land Trust: Organizational and Operational Choices, \u00e9 um manual que raramente diz qual deve ser a decis\u00e3o \"certa\". Iniciar um community land trust n\u00e3o \u00e9 um processo que\u2026","rel":"","context":"Em &quot;Manuais&quot;","block_context":{"text":"Manuais","link":"https:\/\/www.cltweb.org\/pt-br\/category\/manuais-pt-br\/"},"img":{"alt_text":"","src":"","width":0,"height":0},"classes":[]},{"id":8725,"url":"https:\/\/www.cltweb.org\/pt-br\/biblioteca-de-recursos\/agricultura\/o-papel-dos-fundos-fiduciarios\/fundos-fiduciarios-de-espaco-aberto\/","url_meta":{"origin":1831,"position":2},"title":"Fundos fiduci\u00e1rios de espa\u00e7o aberto","author":"cltredesign_0jp0l4","date":"2 de fevereiro de 2025","format":false,"excerpt":"NeighborSpace O NeighborSpace \u00e9 um fundo de terras que det\u00e9m terras para hortas comunit\u00e1rias e, cada vez mais, fazendas urbanas em Chicago. Foi fundado em 1996 em resposta a uma recomenda\u00e7\u00e3o de um relat\u00f3rio de planejamento da cidade que constatou que Chicago estava em 18\u00ba lugar entre 20 grandes cidades\u2026","rel":"","context":"Em &quot;Agricultura&quot;","block_context":{"text":"Agricultura","link":"https:\/\/www.cltweb.org\/pt-br\/category\/agricultura\/"},"img":{"alt_text":"","src":"","width":0,"height":0},"classes":[]},{"id":3952,"url":"https:\/\/www.cltweb.org\/pt-br\/biblioteca-de-recursos\/estudos-de-caso-clt\/albany-community-land-trust\/","url_meta":{"origin":1831,"position":3},"title":"Albany Community Land Trust","author":"cltredesign_0jp0l4","date":"20 de outubro de 2024","format":false,"excerpt":"Estabelecida em 1987 (Albany, Nova York) Perfil contribu\u00eddo por Kirby White (2015) O Albany Community Land Trust foi lan\u00e7ado na d\u00e9cada de 1980 por meio dos esfor\u00e7os da United Tenants of Albany (UTA), cuja equipe se interessou pelos modelos de desenvolvimento comunit\u00e1rio e finan\u00e7as comunit\u00e1rias promovidos pelo Institute for Community\u2026","rel":"","context":"Em &quot;Estudos de caso&quot;","block_context":{"text":"Estudos de caso","link":"https:\/\/www.cltweb.org\/pt-br\/category\/estudos-de-caso\/"},"img":{"alt_text":"","src":"","width":0,"height":0},"classes":[]},{"id":4017,"url":"https:\/\/www.cltweb.org\/pt-br\/biblioteca-de-recursos\/estudos-de-caso-clt\/albany-community-land-trust-2\/","url_meta":{"origin":1831,"position":4},"title":"Albany Community Land Trust","author":"cltredesign_0jp0l4","date":"21 de outubro de 2024","format":false,"excerpt":"Estabelecida em 1987 (Albany, Nova York) Perfil contribu\u00eddo por Kirby White (2015) O Albany Community Land Trust foi lan\u00e7ado na d\u00e9cada de 1980 por meio dos esfor\u00e7os da United Tenants of Albany (UTA), cuja equipe se interessou pelos modelos de desenvolvimento comunit\u00e1rio e finan\u00e7as comunit\u00e1rias promovidos pelo Institute for Community\u2026","rel":"","context":"Post similar","block_context":{"text":"Post similar","link":""},"img":{"alt_text":"","src":"","width":0,"height":0},"classes":[]},{"id":1878,"url":"https:\/\/www.cltweb.org\/pt-br\/biblioteca-de-recursos\/pesquisa-academica\/","url_meta":{"origin":1831,"position":5},"title":"Trabalhos acad\u00eamicos","author":"cltredesign_0jp0l4","date":"26 de julho de 2024","format":false,"excerpt":"Introdu\u00e7\u00e3o de John Emmeus Davis Um dos principais objetivos e programas do International Center for Community Land Trusts \u00e9 \"catalogar e disseminar pesquisas acad\u00eamicas e n\u00e3o acad\u00eamicas\" sobre community land trusts e estrat\u00e9gias semelhantes de desenvolvimento liderado pela comunidade em terras de propriedade da comunidade. Algumas dessas pesquisas foram publicadas\u2026","rel":"","context":"Em &quot;Biblioteca de recursos&quot;","block_context":{"text":"Biblioteca de recursos","link":"https:\/\/www.cltweb.org\/pt-br\/category\/biblioteca-de-recursos\/"},"img":{"alt_text":"","src":"","width":0,"height":0},"classes":[]}],"_links":{"self":[{"href":"https:\/\/www.cltweb.org\/pt-br\/wp-json\/wp\/v2\/pages\/1831","targetHints":{"allow":["GET"]}}],"collection":[{"href":"https:\/\/www.cltweb.org\/pt-br\/wp-json\/wp\/v2\/pages"}],"about":[{"href":"https:\/\/www.cltweb.org\/pt-br\/wp-json\/wp\/v2\/types\/page"}],"author":[{"embeddable":true,"href":"https:\/\/www.cltweb.org\/pt-br\/wp-json\/wp\/v2\/users\/1"}],"replies":[{"embeddable":true,"href":"https:\/\/www.cltweb.org\/pt-br\/wp-json\/wp\/v2\/comments?post=1831"}],"version-history":[{"count":5,"href":"https:\/\/www.cltweb.org\/pt-br\/wp-json\/wp\/v2\/pages\/1831\/revisions"}],"predecessor-version":[{"id":4601,"href":"https:\/\/www.cltweb.org\/pt-br\/wp-json\/wp\/v2\/pages\/1831\/revisions\/4601"}],"up":[{"embeddable":true,"href":"https:\/\/www.cltweb.org\/pt-br\/wp-json\/wp\/v2\/pages\/1282"}],"wp:attachment":[{"href":"https:\/\/www.cltweb.org\/pt-br\/wp-json\/wp\/v2\/media?parent=1831"}],"wp:term":[{"taxonomy":"category","embeddable":true,"href":"https:\/\/www.cltweb.org\/pt-br\/wp-json\/wp\/v2\/categories?post=1831"},{"taxonomy":"post_tag","embeddable":true,"href":"https:\/\/www.cltweb.org\/pt-br\/wp-json\/wp\/v2\/tags?post=1831"}],"curies":[{"name":"wp","href":"https:\/\/api.w.org\/{rel}","templated":true}]}}