{"id":1867,"date":"2024-07-26T20:03:11","date_gmt":"2024-07-26T20:03:11","guid":{"rendered":"https:\/\/www.cltweb.org\/biblioteca-de-recursos\/pesquisa\/bibliografia\/"},"modified":"2024-10-27T22:40:42","modified_gmt":"2024-10-27T22:40:42","slug":"bibliografia","status":"publish","type":"page","link":"https:\/\/www.cltweb.org\/pt-br\/biblioteca-de-recursos\/bibliografia\/","title":{"rendered":"Bibliografia"},"content":{"rendered":"\n<h2 class=\"wp-block-heading\">Introdu\u00e7\u00e3o<\/h2>\n\n<p>Esta bibliografia \u00e9 um trabalho em andamento. Teve seu in\u00edcio h\u00e1 mais de vinte e cinco anos, em resposta a repetidas solicita\u00e7\u00f5es de acad\u00eamicos e profissionais, perguntando se eu poderia orient\u00e1-los para &#8220;mais informa\u00e7\u00f5es&#8221; sobre community land trusts. Comecei a compilar e distribuir uma lista cada vez maior de livros, artigos, relat\u00f3rios de pesquisa e trabalhos acad\u00eamicos de autoria de pessoas cujo trabalho eu respeitava.  <\/p>\n\n<p>Minha primeira compila\u00e7\u00e3o da literatura sobre CLT tinha apenas sete p\u00e1ginas e continha menos de 70 cita\u00e7\u00f5es. Em 2010, essa bibliografia havia se expandido para vinte e tr\u00eas p\u00e1ginas e apareceu pela primeira vez na vers\u00e3o impressa, inclu\u00edda como um ap\u00eandice do The Community Land Trust Reader (Cambridge MA: Lincoln Institute of Land Policy). Atualmente, com mais de sessenta p\u00e1ginas, a \u00faltima edi\u00e7\u00e3o cont\u00e9m aproximadamente 700 cita\u00e7\u00f5es. Ela inclui publica\u00e7\u00f5es digitais, bem como as impressas, e tamb\u00e9m fornece links para filmes, v\u00eddeos e sites.   <\/p>\n\n<p>Essa expans\u00e3o constante na literatura sobre CLT foi estimulada por v\u00e1rios fatores. Nas \u00faltimas duas d\u00e9cadas, os fundos fiduci\u00e1rios comunit\u00e1rios proliferaram; suas propriedades de terras, moradias e outros ativos f\u00edsicos cresceram; houve uma dispers\u00e3o global dos CLTs, espalhando-se muito al\u00e9m de seu pa\u00eds de origem; e houve uma diversifica\u00e7\u00e3o no pr\u00f3prio modelo, tanto na forma como os CLTs est\u00e3o sendo estruturados quanto nas formas como est\u00e3o sendo aplicados. Em v\u00e1rios pa\u00edses, tamb\u00e9m surgiram parcerias significativas entre CLTs e ag\u00eancias governamentais e entre CLTs e outras ONGs que utilizam modelos semelhantes de desenvolvimento liderado pela comunidade em terras de propriedade da comunidade.  <\/p>\n\n<p>Esses desenvolvimentos elevaram o perfil dos CLTs, nacional e internacionalmente, e atra\u00edram a aten\u00e7\u00e3o de jornalistas, acad\u00eamicos, cineastas, estudiosos independentes e profissionais reflexivos. Como era de se esperar, isso resultou em uma enxurrada de livros, artigos e relat\u00f3rios sobre CLTs, bem como na produ\u00e7\u00e3o de novos document\u00e1rios e no surgimento de novos sites &#8211; incluindo o site criado e com curadoria do Center for CLT Innovation. <\/p>\n\n<p>Embora as atualiza\u00e7\u00f5es anuais da minha bibliografia j\u00e1 tenham sido suficientes, agora \u00e9 necess\u00e1rio produzir uma edi\u00e7\u00e3o revisada e ampliada v\u00e1rias vezes por ano. Mesmo assim, h\u00e1 materiais publicados e n\u00e3o publicados que passam despercebidos, especialmente aqueles escritos em outros idiomas que n\u00e3o o ingl\u00eas. Essas omiss\u00f5es n\u00e3o s\u00e3o intencionais &#8211; e s\u00e3o lament\u00e1veis. Sempre que tomo conhecimento de alguma omiss\u00e3o, procuro corrigi-la rapidamente e, por isso, fico feliz em receber informa\u00e7\u00f5es sobre materiais do CLT que deveriam ser adicionados.   <\/p>\n\n<p>Acompanhando esta &#8220;Bibliografia Internacional de Community Land Trust&#8221;, h\u00e1 uma bibliografia complementar que lista apenas os livros e artigos publicados em um idioma diferente do ingl\u00eas. Essas publica\u00e7\u00f5es em outros idiomas tamb\u00e9m est\u00e3o contidas na &#8220;Bibliografia Internacional de CLT&#8221;, que \u00e9 mais extensa. Elas s\u00e3o listadas separadamente apenas para facilitar aos pesquisadores e profissionais de pa\u00edses onde o ingl\u00eas n\u00e3o \u00e9 o idioma dominante a localiza\u00e7\u00e3o de publica\u00e7\u00f5es em seu pr\u00f3prio idioma.  <\/p>\n\n<p>Esses cat\u00e1logos de materiais CLT ser\u00e3o sempre um trabalho em andamento, aumentando de tamanho a cada ano. Esperamos que eles tamb\u00e9m se tornem mais abrangentes e completos. <\/p>\n\n<p>John Emmeus Davis<br\/>International Center for Community Land Trusts<br\/>1\u00ba de julho de 2024<\/p>\n<style>.wp-block-kadence-advancedbtn.kb-btns262_add9b9-bf{gap:var(--global-kb-gap-md, 2rem);justify-content:flex-start;align-items:center;}.kt-btns262_add9b9-bf .kt-button{font-weight:normal;font-style:normal;}.kt-btns262_add9b9-bf .kt-btn-wrap-0{margin-right:5px;}.wp-block-kadence-advancedbtn.kt-btns262_add9b9-bf .kt-btn-wrap-0 .kt-button{color:#555555;border-color:#555555;}.wp-block-kadence-advancedbtn.kt-btns262_add9b9-bf .kt-btn-wrap-0 .kt-button:hover, .wp-block-kadence-advancedbtn.kt-btns262_add9b9-bf .kt-btn-wrap-0 .kt-button:focus{color:#ffffff;border-color:#444444;}.wp-block-kadence-advancedbtn.kt-btns262_add9b9-bf .kt-btn-wrap-0 .kt-button::before{display:none;}.wp-block-kadence-advancedbtn.kt-btns262_add9b9-bf .kt-btn-wrap-0 .kt-button:hover, .wp-block-kadence-advancedbtn.kt-btns262_add9b9-bf .kt-btn-wrap-0 .kt-button:focus{background:#444444;}<\/style>\n<div class=\"wp-block-kadence-advancedbtn kb-buttons-wrap kb-btns262_add9b9-bf\"><style>ul.menu .wp-block-kadence-advancedbtn .kb-btn262_414e06-7c.kb-button{width:initial;}<\/style><a class=\"kb-button kt-button button kb-btn262_414e06-7c kt-btn-size-large kt-btn-width-type-auto kb-btn-global-inherit  kt-btn-has-text-true kt-btn-has-svg-false  wp-block-button__link wp-block-kadence-singlebtn\" href=\"https:\/\/www.cltweb.org\/resources\/research\/bibliography\/international-clt-bibliography-all-languages\/\"><span class=\"kt-btn-inner-text\">Bibliografia CLT (todos os idiomas)<\/span><\/a>\n\n<style>ul.menu .wp-block-kadence-advancedbtn .kb-btn262_c4b96c-71.kb-button{width:initial;}<\/style><a class=\"kb-button kt-button button kb-btn262_c4b96c-71 kt-btn-size-large kt-btn-width-type-auto kb-btn-global-inherit  kt-btn-has-text-true kt-btn-has-svg-false  wp-block-button__link wp-block-kadence-singlebtn\" href=\"https:\/\/www.cltweb.org\/resources\/research\/bibliography\/international-clt-bibliography-non-english\/\"><span class=\"kt-btn-inner-text\">Bibliografia CLT n\u00e3o inglesa<\/span><\/a><\/div>\n\n<p><\/p>\n","protected":false},"excerpt":{"rendered":"<p>Introdu\u00e7\u00e3o Esta bibliografia \u00e9 um trabalho em andamento. Teve seu in\u00edcio h\u00e1 mais de vinte e cinco anos, em resposta a repetidas solicita\u00e7\u00f5es de acad\u00eamicos e profissionais, perguntando se eu [&hellip;]<\/p>\n","protected":false},"author":1,"featured_media":0,"parent":890,"menu_order":0,"comment_status":"closed","ping_status":"closed","template":"","meta":{"give_campaign_id":0,"_tec_requires_first_save":true,"_kad_blocks_custom_css":"","_kad_blocks_head_custom_js":"","_kad_blocks_body_custom_js":"","_kad_blocks_footer_custom_js":"","_EventAllDay":false,"_EventTimezone":"","_EventStartDate":"","_EventEndDate":"","_EventStartDateUTC":"","_EventEndDateUTC":"","_EventShowMap":false,"_EventShowMapLink":false,"_EventURL":"","_EventCost":"","_EventCostDescription":"","_EventCurrencySymbol":"","_EventCurrencyCode":"","_EventCurrencyPosition":"","_EventDateTimeSeparator":"","_EventTimeRangeSeparator":"","_EventOrganizerID":[],"_EventVenueID":[],"_OrganizerEmail":"","_OrganizerPhone":"","_OrganizerWebsite":"","_VenueAddress":"","_VenueCity":"","_VenueCountry":"","_VenueProvince":"","_VenueState":"","_VenueZip":"","_VenuePhone":"","_VenueURL":"","_VenueStateProvince":"","_VenueLat":"","_VenueLng":"","_VenueShowMap":false,"_VenueShowMapLink":false,"_tribe_blocks_recurrence_rules":"","_tribe_blocks_recurrence_description":"","_tribe_blocks_recurrence_exclusions":"","footnotes":""},"categories":[82,145],"tags":[],"class_list":["post-1867","page","type-page","status-publish","hentry","category-biblioteca-de-recursos","category-pesquisa"],"blocksy_meta":[],"yoast_head":"<!-- This site is optimized with the Yoast SEO Premium plugin v27.5 (Yoast SEO v27.5) - https:\/\/yoast.com\/product\/yoast-seo-premium-wordpress\/ -->\n<title>Bibliografia - International Center for Community Land Trusts<\/title>\n<meta name=\"robots\" content=\"index, follow, max-snippet:-1, max-image-preview:large, max-video-preview:-1\" \/>\n<link rel=\"canonical\" href=\"https:\/\/www.cltweb.org\/pt-br\/biblioteca-de-recursos\/bibliografia\/\" \/>\n<meta property=\"og:locale\" content=\"pt_BR\" \/>\n<meta property=\"og:type\" content=\"article\" \/>\n<meta property=\"og:title\" content=\"Bibliografia\" \/>\n<meta property=\"og:description\" content=\"Introdu\u00e7\u00e3o Esta bibliografia \u00e9 um trabalho em andamento. Teve seu in\u00edcio h\u00e1 mais de vinte e cinco anos, em resposta a repetidas solicita\u00e7\u00f5es de acad\u00eamicos e profissionais, perguntando se eu [&hellip;]\" \/>\n<meta property=\"og:url\" content=\"https:\/\/www.cltweb.org\/pt-br\/biblioteca-de-recursos\/bibliografia\/\" \/>\n<meta property=\"og:site_name\" content=\"International Center for Community Land Trusts\" \/>\n<meta property=\"article:publisher\" content=\"https:\/\/www.facebook.com\/cltcenter\" \/>\n<meta property=\"article:modified_time\" content=\"2024-10-27T22:40:42+00:00\" \/>\n<meta name=\"twitter:card\" content=\"summary_large_image\" \/>\n<meta name=\"twitter:site\" content=\"@Center4CLTs\" \/>\n<meta name=\"twitter:label1\" content=\"Est. tempo de leitura\" \/>\n\t<meta name=\"twitter:data1\" content=\"3 minutos\" \/>\n<script type=\"application\/ld+json\" class=\"yoast-schema-graph\">{\"@context\":\"https:\\\/\\\/schema.org\",\"@graph\":[{\"@type\":\"WebPage\",\"@id\":\"https:\\\/\\\/www.cltweb.org\\\/pt-br\\\/biblioteca-de-recursos\\\/bibliografia\\\/\",\"url\":\"https:\\\/\\\/www.cltweb.org\\\/pt-br\\\/biblioteca-de-recursos\\\/bibliografia\\\/\",\"name\":\"Bibliografia - International Center for Community Land Trusts\",\"isPartOf\":{\"@id\":\"https:\\\/\\\/www.cltweb.org\\\/pt-br\\\/#website\"},\"datePublished\":\"2024-07-26T20:03:11+00:00\",\"dateModified\":\"2024-10-27T22:40:42+00:00\",\"breadcrumb\":{\"@id\":\"https:\\\/\\\/www.cltweb.org\\\/pt-br\\\/biblioteca-de-recursos\\\/bibliografia\\\/#breadcrumb\"},\"inLanguage\":\"pt-BR\",\"potentialAction\":[{\"@type\":\"ReadAction\",\"target\":[\"https:\\\/\\\/www.cltweb.org\\\/pt-br\\\/biblioteca-de-recursos\\\/bibliografia\\\/\"]}]},{\"@type\":\"BreadcrumbList\",\"@id\":\"https:\\\/\\\/www.cltweb.org\\\/pt-br\\\/biblioteca-de-recursos\\\/bibliografia\\\/#breadcrumb\",\"itemListElement\":[{\"@type\":\"ListItem\",\"position\":1,\"name\":\"Home\",\"item\":\"https:\\\/\\\/www.cltweb.org\\\/pt-br\\\/\"},{\"@type\":\"ListItem\",\"position\":2,\"name\":\"Biblioteca de recursos\",\"item\":\"https:\\\/\\\/www.cltweb.org\\\/pt-br\\\/biblioteca-de-recursos\\\/\"},{\"@type\":\"ListItem\",\"position\":3,\"name\":\"Bibliografia\"}]},{\"@type\":\"WebSite\",\"@id\":\"https:\\\/\\\/www.cltweb.org\\\/pt-br\\\/#website\",\"url\":\"https:\\\/\\\/www.cltweb.org\\\/pt-br\\\/\",\"name\":\"International Center for Community Land Trusts\",\"description\":\"\",\"publisher\":{\"@id\":\"https:\\\/\\\/www.cltweb.org\\\/pt-br\\\/#organization\"},\"potentialAction\":[{\"@type\":\"SearchAction\",\"target\":{\"@type\":\"EntryPoint\",\"urlTemplate\":\"https:\\\/\\\/www.cltweb.org\\\/pt-br\\\/?s={search_term_string}\"},\"query-input\":{\"@type\":\"PropertyValueSpecification\",\"valueRequired\":true,\"valueName\":\"search_term_string\"}}],\"inLanguage\":\"pt-BR\"},{\"@type\":\"Organization\",\"@id\":\"https:\\\/\\\/www.cltweb.org\\\/pt-br\\\/#organization\",\"name\":\"International Center for Community Land Trusts\",\"url\":\"https:\\\/\\\/www.cltweb.org\\\/pt-br\\\/\",\"logo\":{\"@type\":\"ImageObject\",\"inLanguage\":\"pt-BR\",\"@id\":\"https:\\\/\\\/www.cltweb.org\\\/pt-br\\\/#\\\/schema\\\/logo\\\/image\\\/\",\"url\":\"https:\\\/\\\/www.cltweb.org\\\/wp-content\\\/uploads\\\/2024\\\/11\\\/New-CLT-Center-Text-logo.png\",\"contentUrl\":\"https:\\\/\\\/www.cltweb.org\\\/wp-content\\\/uploads\\\/2024\\\/11\\\/New-CLT-Center-Text-logo.png\",\"width\":227,\"height\":80,\"caption\":\"International Center for Community Land Trusts\"},\"image\":{\"@id\":\"https:\\\/\\\/www.cltweb.org\\\/pt-br\\\/#\\\/schema\\\/logo\\\/image\\\/\"},\"sameAs\":[\"https:\\\/\\\/www.facebook.com\\\/cltcenter\",\"https:\\\/\\\/x.com\\\/Center4CLTs\",\"https:\\\/\\\/www.instagram.com\\\/cltcenter\\\/\",\"https:\\\/\\\/www.linkedin.com\\\/company\\\/cltcenter\",\"https:\\\/\\\/www.youtube.com\\\/@centerforcltinnovation5313\"],\"description\":\"The International Center for Community Land Trusts is a not-for-profit nongovernmental organization established in 2018 to promote and to support community land trusts and similar strategies of community-led development on community-owned land in countries throughout the world.\",\"email\":\"info@communitylandtrust.net\",\"legalName\":\"International Center for Community Land Trusts\",\"foundingDate\":\"2018-12-01\",\"taxID\":\"84-3858933\",\"numberOfEmployees\":{\"@type\":\"QuantitativeValue\",\"minValue\":\"1\",\"maxValue\":\"10\"}}]}<\/script>\n<!-- \/ Yoast SEO Premium plugin. -->","yoast_head_json":{"title":"Bibliografia - International Center for Community Land Trusts","robots":{"index":"index","follow":"follow","max-snippet":"max-snippet:-1","max-image-preview":"max-image-preview:large","max-video-preview":"max-video-preview:-1"},"canonical":"https:\/\/www.cltweb.org\/pt-br\/biblioteca-de-recursos\/bibliografia\/","og_locale":"pt_BR","og_type":"article","og_title":"Bibliografia","og_description":"Introdu\u00e7\u00e3o Esta bibliografia \u00e9 um trabalho em andamento. Teve seu in\u00edcio h\u00e1 mais de vinte e cinco anos, em resposta a repetidas solicita\u00e7\u00f5es de acad\u00eamicos e profissionais, perguntando se eu [&hellip;]","og_url":"https:\/\/www.cltweb.org\/pt-br\/biblioteca-de-recursos\/bibliografia\/","og_site_name":"International Center for Community Land Trusts","article_publisher":"https:\/\/www.facebook.com\/cltcenter","article_modified_time":"2024-10-27T22:40:42+00:00","twitter_card":"summary_large_image","twitter_site":"@Center4CLTs","twitter_misc":{"Est. tempo de leitura":"3 minutos"},"schema":{"@context":"https:\/\/schema.org","@graph":[{"@type":"WebPage","@id":"https:\/\/www.cltweb.org\/pt-br\/biblioteca-de-recursos\/bibliografia\/","url":"https:\/\/www.cltweb.org\/pt-br\/biblioteca-de-recursos\/bibliografia\/","name":"Bibliografia - International Center for Community Land Trusts","isPartOf":{"@id":"https:\/\/www.cltweb.org\/pt-br\/#website"},"datePublished":"2024-07-26T20:03:11+00:00","dateModified":"2024-10-27T22:40:42+00:00","breadcrumb":{"@id":"https:\/\/www.cltweb.org\/pt-br\/biblioteca-de-recursos\/bibliografia\/#breadcrumb"},"inLanguage":"pt-BR","potentialAction":[{"@type":"ReadAction","target":["https:\/\/www.cltweb.org\/pt-br\/biblioteca-de-recursos\/bibliografia\/"]}]},{"@type":"BreadcrumbList","@id":"https:\/\/www.cltweb.org\/pt-br\/biblioteca-de-recursos\/bibliografia\/#breadcrumb","itemListElement":[{"@type":"ListItem","position":1,"name":"Home","item":"https:\/\/www.cltweb.org\/pt-br\/"},{"@type":"ListItem","position":2,"name":"Biblioteca de recursos","item":"https:\/\/www.cltweb.org\/pt-br\/biblioteca-de-recursos\/"},{"@type":"ListItem","position":3,"name":"Bibliografia"}]},{"@type":"WebSite","@id":"https:\/\/www.cltweb.org\/pt-br\/#website","url":"https:\/\/www.cltweb.org\/pt-br\/","name":"International Center for Community Land Trusts","description":"","publisher":{"@id":"https:\/\/www.cltweb.org\/pt-br\/#organization"},"potentialAction":[{"@type":"SearchAction","target":{"@type":"EntryPoint","urlTemplate":"https:\/\/www.cltweb.org\/pt-br\/?s={search_term_string}"},"query-input":{"@type":"PropertyValueSpecification","valueRequired":true,"valueName":"search_term_string"}}],"inLanguage":"pt-BR"},{"@type":"Organization","@id":"https:\/\/www.cltweb.org\/pt-br\/#organization","name":"International Center for Community Land Trusts","url":"https:\/\/www.cltweb.org\/pt-br\/","logo":{"@type":"ImageObject","inLanguage":"pt-BR","@id":"https:\/\/www.cltweb.org\/pt-br\/#\/schema\/logo\/image\/","url":"https:\/\/www.cltweb.org\/wp-content\/uploads\/2024\/11\/New-CLT-Center-Text-logo.png","contentUrl":"https:\/\/www.cltweb.org\/wp-content\/uploads\/2024\/11\/New-CLT-Center-Text-logo.png","width":227,"height":80,"caption":"International Center for Community Land Trusts"},"image":{"@id":"https:\/\/www.cltweb.org\/pt-br\/#\/schema\/logo\/image\/"},"sameAs":["https:\/\/www.facebook.com\/cltcenter","https:\/\/x.com\/Center4CLTs","https:\/\/www.instagram.com\/cltcenter\/","https:\/\/www.linkedin.com\/company\/cltcenter","https:\/\/www.youtube.com\/@centerforcltinnovation5313"],"description":"The International Center for Community Land Trusts is a not-for-profit nongovernmental organization established in 2018 to promote and to support community land trusts and similar strategies of community-led development on community-owned land in countries throughout the world.","email":"info@communitylandtrust.net","legalName":"International Center for Community Land Trusts","foundingDate":"2018-12-01","taxID":"84-3858933","numberOfEmployees":{"@type":"QuantitativeValue","minValue":"1","maxValue":"10"}}]}},"campaignId":"","taxonomy_info":{"category":[{"value":82,"label":"Biblioteca de recursos"},{"value":145,"label":"Pesquisa"}]},"featured_image_src_large":false,"author_info":{"display_name":"cltredesign_0jp0l4","author_link":"https:\/\/www.cltweb.org\/pt-br\/author\/cltredesign_0jp0l4\/"},"comment_info":0,"jetpack_sharing_enabled":true,"jetpack-related-posts":[{"id":1873,"url":"https:\/\/www.cltweb.org\/es\/biblioteca-de-recursos\/bibliografia\/","url_meta":{"origin":1867,"position":0},"title":"Bibliograf\u00eda","author":"cltredesign_0jp0l4","date":"26 de julho de 2024","format":false,"excerpt":"Introducci\u00f3n Esta bibliograf\u00eda es un trabajo en curso. Comenz\u00f3 hace m\u00e1s de veinticinco a\u00f1os en respuesta a las reiteradas peticiones de acad\u00e9micos y profesionales, que me preguntaban si pod\u00eda orientarles hacia \"m\u00e1s informaci\u00f3n\" sobre los fideicomisos de tierras comunitarias. Empec\u00e9 a recopilar y distribuir una lista cada vez m\u00e1s larga\u2026","rel":"","context":"Em &quot;Biblioteca de recursos&quot;","block_context":{"text":"Biblioteca de recursos","link":"https:\/\/www.cltweb.org\/es\/category\/biblioteca-de-recursos-es\/"},"img":{"alt_text":"","src":"","width":0,"height":0},"classes":[]},{"id":890,"url":"https:\/\/www.cltweb.org\/pt-br\/biblioteca-de-recursos\/","url_meta":{"origin":1867,"position":1},"title":"Biblioteca de recursos","author":"cltredesign_0jp0l4","date":"26 de julho de 2024","format":false,"excerpt":"Rede global Existem 616 CLTs em 13 pa\u00edses. Confira o mapa global, nossa listagem de redes CLT e uma se\u00e7\u00e3o dedicada aos CLTs no Sul Global. Perfis Coletamos estudos de casos de CLT, bem como entrevistas com figuras centrais do movimento CLT. Pesquisa Coletamos artigos acad\u00eamicos de jovens estudiosos, fizemos\u2026","rel":"","context":"Em &quot;Biblioteca de recursos&quot;","block_context":{"text":"Biblioteca de recursos","link":"https:\/\/www.cltweb.org\/pt-br\/category\/biblioteca-de-recursos\/"},"img":{"alt_text":"","src":"","width":0,"height":0},"classes":[]},{"id":1878,"url":"https:\/\/www.cltweb.org\/pt-br\/biblioteca-de-recursos\/pesquisa-academica\/","url_meta":{"origin":1867,"position":2},"title":"Trabalhos acad\u00eamicos","author":"cltredesign_0jp0l4","date":"26 de julho de 2024","format":false,"excerpt":"Introdu\u00e7\u00e3o de John Emmeus Davis Um dos principais objetivos e programas do International Center for Community Land Trusts \u00e9 \"catalogar e disseminar pesquisas acad\u00eamicas e n\u00e3o acad\u00eamicas\" sobre community land trusts e estrat\u00e9gias semelhantes de desenvolvimento liderado pela comunidade em terras de propriedade da comunidade. Algumas dessas pesquisas foram publicadas\u2026","rel":"","context":"Em &quot;Biblioteca de recursos&quot;","block_context":{"text":"Biblioteca de recursos","link":"https:\/\/www.cltweb.org\/pt-br\/category\/biblioteca-de-recursos\/"},"img":{"alt_text":"","src":"","width":0,"height":0},"classes":[]},{"id":852,"url":"https:\/\/www.cltweb.org\/pt-br\/sobre-nos\/historia\/","url_meta":{"origin":1867,"position":3},"title":"Nossa hist\u00f3ria","author":"cltredesign_0jp0l4","date":"26 de julho de 2024","format":false,"excerpt":"Uma linha do tempo da evolu\u00e7\u00e3o do movimento internacional do CLT.","rel":"","context":"Em &quot;Sobre n\u00f3s&quot;","block_context":{"text":"Sobre n\u00f3s","link":"https:\/\/www.cltweb.org\/pt-br\/category\/sobre-nos\/"},"img":{"alt_text":"","src":"","width":0,"height":0},"classes":[]},{"id":873,"url":"https:\/\/www.cltweb.org\/pt-br\/biblioteca-de-recursos\/o-que-e-um-clt\/","url_meta":{"origin":1867,"position":4},"title":"O que \u00e9 um Community Land Trust?","author":"cltredesign_0jp0l4","date":"26 de julho de 2024","format":false,"excerpt":"Um community land trust(CLT) \u00e9 uma corpora\u00e7\u00e3o sem fins lucrativos que det\u00e9m terras em nome de uma comunidade local, ao mesmo tempo em que atua como administrador de longo prazo de moradias acess\u00edveis, jardins comunit\u00e1rios, edif\u00edcios c\u00edvicos, espa\u00e7os comerciais e outros ativos comunit\u00e1rios em nome de uma comunidade. Os fundos\u2026","rel":"","context":"Em &quot;Biblioteca de recursos&quot;","block_context":{"text":"Biblioteca de recursos","link":"https:\/\/www.cltweb.org\/pt-br\/category\/biblioteca-de-recursos\/"},"img":{"alt_text":"","src":"","width":0,"height":0},"classes":[]},{"id":3889,"url":"https:\/\/www.cltweb.org\/pt-br\/biblioteca-de-recursos\/bibliografia\/bibliografia-internacional-sobre-clt-todos-os-idiomas\/","url_meta":{"origin":1867,"position":5},"title":"Bibliografia internacional sobre CLT &#8211; Todos os idiomas","author":"cltredesign_0jp0l4","date":"19 de outubro de 2024","format":false,"excerpt":"Atualizado em 7\/1\/24 Livros e artigos Abello, Oscar Perry. 2021. Um fundo de terras comunit\u00e1rio incomum no Colorado est\u00e1 deixando sua marca. Next City (10 de agosto). Dispon\u00edvel em: https:\/\/nextcity.org\/daily\/entry\/an-unusual-community-land-trust-in-colorado-is-making-its-mark Abrams, Amanda. 2019. Ajudando propriet\u00e1rios de im\u00f3veis em risco a permanecerem no local com um fundo de terras. Shelterforce (25\u2026","rel":"","context":"Post similar","block_context":{"text":"Post similar","link":""},"img":{"alt_text":"","src":"","width":0,"height":0},"classes":[]}],"_links":{"self":[{"href":"https:\/\/www.cltweb.org\/pt-br\/wp-json\/wp\/v2\/pages\/1867","targetHints":{"allow":["GET"]}}],"collection":[{"href":"https:\/\/www.cltweb.org\/pt-br\/wp-json\/wp\/v2\/pages"}],"about":[{"href":"https:\/\/www.cltweb.org\/pt-br\/wp-json\/wp\/v2\/types\/page"}],"author":[{"embeddable":true,"href":"https:\/\/www.cltweb.org\/pt-br\/wp-json\/wp\/v2\/users\/1"}],"replies":[{"embeddable":true,"href":"https:\/\/www.cltweb.org\/pt-br\/wp-json\/wp\/v2\/comments?post=1867"}],"version-history":[{"count":5,"href":"https:\/\/www.cltweb.org\/pt-br\/wp-json\/wp\/v2\/pages\/1867\/revisions"}],"predecessor-version":[{"id":5900,"href":"https:\/\/www.cltweb.org\/pt-br\/wp-json\/wp\/v2\/pages\/1867\/revisions\/5900"}],"up":[{"embeddable":true,"href":"https:\/\/www.cltweb.org\/pt-br\/wp-json\/wp\/v2\/pages\/890"}],"wp:attachment":[{"href":"https:\/\/www.cltweb.org\/pt-br\/wp-json\/wp\/v2\/media?parent=1867"}],"wp:term":[{"taxonomy":"category","embeddable":true,"href":"https:\/\/www.cltweb.org\/pt-br\/wp-json\/wp\/v2\/categories?post=1867"},{"taxonomy":"post_tag","embeddable":true,"href":"https:\/\/www.cltweb.org\/pt-br\/wp-json\/wp\/v2\/tags?post=1867"}],"curies":[{"name":"wp","href":"https:\/\/api.w.org\/{rel}","templated":true}]}}