{"id":1887,"date":"2024-07-26T19:57:09","date_gmt":"2024-07-26T19:57:09","guid":{"rendered":"https:\/\/www.cltweb.org\/hall-da-fama\/"},"modified":"2024-11-02T18:51:11","modified_gmt":"2024-11-02T18:51:11","slug":"hall-da-fama","status":"publish","type":"page","link":"https:\/\/www.cltweb.org\/pt-br\/biblioteca-de-recursos\/historia-do-movimento-clt\/hall-da-fama\/","title":{"rendered":"Hall da Fama"},"content":{"rendered":"","protected":false},"excerpt":{"rendered":"","protected":false},"author":1,"featured_media":0,"parent":1985,"menu_order":0,"comment_status":"closed","ping_status":"closed","template":"","meta":{"give_campaign_id":0,"_tec_requires_first_save":true,"_kad_blocks_custom_css":"","_kad_blocks_head_custom_js":"","_kad_blocks_body_custom_js":"","_kad_blocks_footer_custom_js":"","_EventAllDay":false,"_EventTimezone":"","_EventStartDate":"","_EventEndDate":"","_EventStartDateUTC":"","_EventEndDateUTC":"","_EventShowMap":false,"_EventShowMapLink":false,"_EventURL":"","_EventCost":"","_EventCostDescription":"","_EventCurrencySymbol":"","_EventCurrencyCode":"","_EventCurrencyPosition":"","_EventDateTimeSeparator":"","_EventTimeRangeSeparator":"","_EventOrganizerID":[],"_EventVenueID":[],"_OrganizerEmail":"","_OrganizerPhone":"","_OrganizerWebsite":"","_VenueAddress":"","_VenueCity":"","_VenueCountry":"","_VenueProvince":"","_VenueState":"","_VenueZip":"","_VenuePhone":"","_VenueURL":"","_VenueStateProvince":"","_VenueLat":"","_VenueLng":"","_VenueShowMap":false,"_VenueShowMapLink":false,"_tribe_blocks_recurrence_rules":"","_tribe_blocks_recurrence_description":"","_tribe_blocks_recurrence_exclusions":"","footnotes":""},"categories":[],"tags":[],"class_list":["post-1887","page","type-page","status-publish","hentry"],"blocksy_meta":[],"yoast_head":"<!-- This site is optimized with the Yoast SEO Premium plugin v27.4 (Yoast SEO v27.4) - https:\/\/yoast.com\/product\/yoast-seo-premium-wordpress\/ -->\n<title>Hall da Fama - International Center for Community Land Trusts<\/title>\n<meta name=\"robots\" content=\"index, follow, max-snippet:-1, max-image-preview:large, max-video-preview:-1\" \/>\n<link rel=\"canonical\" href=\"https:\/\/www.cltweb.org\/pt-br\/biblioteca-de-recursos\/historia-do-movimento-clt\/hall-da-fama\/\" \/>\n<meta property=\"og:locale\" content=\"pt_BR\" \/>\n<meta property=\"og:type\" content=\"article\" \/>\n<meta property=\"og:title\" content=\"Hall da Fama\" \/>\n<meta property=\"og:url\" content=\"https:\/\/www.cltweb.org\/pt-br\/biblioteca-de-recursos\/historia-do-movimento-clt\/hall-da-fama\/\" \/>\n<meta property=\"og:site_name\" content=\"International Center for Community Land Trusts\" \/>\n<meta property=\"article:publisher\" content=\"https:\/\/www.facebook.com\/cltcenter\" \/>\n<meta property=\"article:modified_time\" content=\"2024-11-02T18:51:11+00:00\" \/>\n<meta name=\"twitter:card\" content=\"summary_large_image\" \/>\n<meta name=\"twitter:site\" content=\"@Center4CLTs\" \/>\n<script type=\"application\/ld+json\" class=\"yoast-schema-graph\">{\"@context\":\"https:\\\/\\\/schema.org\",\"@graph\":[{\"@type\":\"WebPage\",\"@id\":\"https:\\\/\\\/www.cltweb.org\\\/pt-br\\\/biblioteca-de-recursos\\\/historia-do-movimento-clt\\\/hall-da-fama\\\/\",\"url\":\"https:\\\/\\\/www.cltweb.org\\\/pt-br\\\/biblioteca-de-recursos\\\/historia-do-movimento-clt\\\/hall-da-fama\\\/\",\"name\":\"Hall da Fama - International Center for Community Land Trusts\",\"isPartOf\":{\"@id\":\"https:\\\/\\\/www.cltweb.org\\\/pt-br\\\/#website\"},\"datePublished\":\"2024-07-26T19:57:09+00:00\",\"dateModified\":\"2024-11-02T18:51:11+00:00\",\"breadcrumb\":{\"@id\":\"https:\\\/\\\/www.cltweb.org\\\/pt-br\\\/biblioteca-de-recursos\\\/historia-do-movimento-clt\\\/hall-da-fama\\\/#breadcrumb\"},\"inLanguage\":\"pt-BR\",\"potentialAction\":[{\"@type\":\"ReadAction\",\"target\":[\"https:\\\/\\\/www.cltweb.org\\\/pt-br\\\/biblioteca-de-recursos\\\/historia-do-movimento-clt\\\/hall-da-fama\\\/\"]}]},{\"@type\":\"BreadcrumbList\",\"@id\":\"https:\\\/\\\/www.cltweb.org\\\/pt-br\\\/biblioteca-de-recursos\\\/historia-do-movimento-clt\\\/hall-da-fama\\\/#breadcrumb\",\"itemListElement\":[{\"@type\":\"ListItem\",\"position\":1,\"name\":\"Home\",\"item\":\"https:\\\/\\\/www.cltweb.org\\\/pt-br\\\/\"},{\"@type\":\"ListItem\",\"position\":2,\"name\":\"Biblioteca de recursos\",\"item\":\"https:\\\/\\\/www.cltweb.org\\\/pt-br\\\/biblioteca-de-recursos\\\/\"},{\"@type\":\"ListItem\",\"position\":3,\"name\":\"Hist\u00f3ria do movimento CLT\",\"item\":\"https:\\\/\\\/www.cltweb.org\\\/pt-br\\\/resources\\\/history\\\/\"},{\"@type\":\"ListItem\",\"position\":4,\"name\":\"Hall da Fama\"}]},{\"@type\":\"WebSite\",\"@id\":\"https:\\\/\\\/www.cltweb.org\\\/pt-br\\\/#website\",\"url\":\"https:\\\/\\\/www.cltweb.org\\\/pt-br\\\/\",\"name\":\"International Center for Community Land Trusts\",\"description\":\"\",\"publisher\":{\"@id\":\"https:\\\/\\\/www.cltweb.org\\\/pt-br\\\/#organization\"},\"potentialAction\":[{\"@type\":\"SearchAction\",\"target\":{\"@type\":\"EntryPoint\",\"urlTemplate\":\"https:\\\/\\\/www.cltweb.org\\\/pt-br\\\/?s={search_term_string}\"},\"query-input\":{\"@type\":\"PropertyValueSpecification\",\"valueRequired\":true,\"valueName\":\"search_term_string\"}}],\"inLanguage\":\"pt-BR\"},{\"@type\":\"Organization\",\"@id\":\"https:\\\/\\\/www.cltweb.org\\\/pt-br\\\/#organization\",\"name\":\"International Center for Community Land Trusts\",\"url\":\"https:\\\/\\\/www.cltweb.org\\\/pt-br\\\/\",\"logo\":{\"@type\":\"ImageObject\",\"inLanguage\":\"pt-BR\",\"@id\":\"https:\\\/\\\/www.cltweb.org\\\/pt-br\\\/#\\\/schema\\\/logo\\\/image\\\/\",\"url\":\"https:\\\/\\\/www.cltweb.org\\\/wp-content\\\/uploads\\\/2024\\\/11\\\/New-CLT-Center-Text-logo.png\",\"contentUrl\":\"https:\\\/\\\/www.cltweb.org\\\/wp-content\\\/uploads\\\/2024\\\/11\\\/New-CLT-Center-Text-logo.png\",\"width\":227,\"height\":80,\"caption\":\"International Center for Community Land Trusts\"},\"image\":{\"@id\":\"https:\\\/\\\/www.cltweb.org\\\/pt-br\\\/#\\\/schema\\\/logo\\\/image\\\/\"},\"sameAs\":[\"https:\\\/\\\/www.facebook.com\\\/cltcenter\",\"https:\\\/\\\/x.com\\\/Center4CLTs\",\"https:\\\/\\\/www.instagram.com\\\/cltcenter\\\/\",\"https:\\\/\\\/www.linkedin.com\\\/company\\\/cltcenter\",\"https:\\\/\\\/www.youtube.com\\\/@centerforcltinnovation5313\"],\"description\":\"The International Center for Community Land Trusts is a not-for-profit nongovernmental organization established in 2018 to promote and to support community land trusts and similar strategies of community-led development on community-owned land in countries throughout the world.\",\"email\":\"info@communitylandtrust.net\",\"legalName\":\"International Center for Community Land Trusts\",\"foundingDate\":\"2018-12-01\",\"taxID\":\"84-3858933\",\"numberOfEmployees\":{\"@type\":\"QuantitativeValue\",\"minValue\":\"1\",\"maxValue\":\"10\"}}]}<\/script>\n<!-- \/ Yoast SEO Premium plugin. -->","yoast_head_json":{"title":"Hall da Fama - International Center for Community Land Trusts","robots":{"index":"index","follow":"follow","max-snippet":"max-snippet:-1","max-image-preview":"max-image-preview:large","max-video-preview":"max-video-preview:-1"},"canonical":"https:\/\/www.cltweb.org\/pt-br\/biblioteca-de-recursos\/historia-do-movimento-clt\/hall-da-fama\/","og_locale":"pt_BR","og_type":"article","og_title":"Hall da Fama","og_url":"https:\/\/www.cltweb.org\/pt-br\/biblioteca-de-recursos\/historia-do-movimento-clt\/hall-da-fama\/","og_site_name":"International Center for Community Land Trusts","article_publisher":"https:\/\/www.facebook.com\/cltcenter","article_modified_time":"2024-11-02T18:51:11+00:00","twitter_card":"summary_large_image","twitter_site":"@Center4CLTs","schema":{"@context":"https:\/\/schema.org","@graph":[{"@type":"WebPage","@id":"https:\/\/www.cltweb.org\/pt-br\/biblioteca-de-recursos\/historia-do-movimento-clt\/hall-da-fama\/","url":"https:\/\/www.cltweb.org\/pt-br\/biblioteca-de-recursos\/historia-do-movimento-clt\/hall-da-fama\/","name":"Hall da Fama - International Center for Community Land Trusts","isPartOf":{"@id":"https:\/\/www.cltweb.org\/pt-br\/#website"},"datePublished":"2024-07-26T19:57:09+00:00","dateModified":"2024-11-02T18:51:11+00:00","breadcrumb":{"@id":"https:\/\/www.cltweb.org\/pt-br\/biblioteca-de-recursos\/historia-do-movimento-clt\/hall-da-fama\/#breadcrumb"},"inLanguage":"pt-BR","potentialAction":[{"@type":"ReadAction","target":["https:\/\/www.cltweb.org\/pt-br\/biblioteca-de-recursos\/historia-do-movimento-clt\/hall-da-fama\/"]}]},{"@type":"BreadcrumbList","@id":"https:\/\/www.cltweb.org\/pt-br\/biblioteca-de-recursos\/historia-do-movimento-clt\/hall-da-fama\/#breadcrumb","itemListElement":[{"@type":"ListItem","position":1,"name":"Home","item":"https:\/\/www.cltweb.org\/pt-br\/"},{"@type":"ListItem","position":2,"name":"Biblioteca de recursos","item":"https:\/\/www.cltweb.org\/pt-br\/biblioteca-de-recursos\/"},{"@type":"ListItem","position":3,"name":"Hist\u00f3ria do movimento CLT","item":"https:\/\/www.cltweb.org\/pt-br\/resources\/history\/"},{"@type":"ListItem","position":4,"name":"Hall da Fama"}]},{"@type":"WebSite","@id":"https:\/\/www.cltweb.org\/pt-br\/#website","url":"https:\/\/www.cltweb.org\/pt-br\/","name":"International Center for Community Land Trusts","description":"","publisher":{"@id":"https:\/\/www.cltweb.org\/pt-br\/#organization"},"potentialAction":[{"@type":"SearchAction","target":{"@type":"EntryPoint","urlTemplate":"https:\/\/www.cltweb.org\/pt-br\/?s={search_term_string}"},"query-input":{"@type":"PropertyValueSpecification","valueRequired":true,"valueName":"search_term_string"}}],"inLanguage":"pt-BR"},{"@type":"Organization","@id":"https:\/\/www.cltweb.org\/pt-br\/#organization","name":"International Center for Community Land Trusts","url":"https:\/\/www.cltweb.org\/pt-br\/","logo":{"@type":"ImageObject","inLanguage":"pt-BR","@id":"https:\/\/www.cltweb.org\/pt-br\/#\/schema\/logo\/image\/","url":"https:\/\/www.cltweb.org\/wp-content\/uploads\/2024\/11\/New-CLT-Center-Text-logo.png","contentUrl":"https:\/\/www.cltweb.org\/wp-content\/uploads\/2024\/11\/New-CLT-Center-Text-logo.png","width":227,"height":80,"caption":"International Center for Community Land Trusts"},"image":{"@id":"https:\/\/www.cltweb.org\/pt-br\/#\/schema\/logo\/image\/"},"sameAs":["https:\/\/www.facebook.com\/cltcenter","https:\/\/x.com\/Center4CLTs","https:\/\/www.instagram.com\/cltcenter\/","https:\/\/www.linkedin.com\/company\/cltcenter","https:\/\/www.youtube.com\/@centerforcltinnovation5313"],"description":"The International Center for Community Land Trusts is a not-for-profit nongovernmental organization established in 2018 to promote and to support community land trusts and similar strategies of community-led development on community-owned land in countries throughout the world.","email":"info@communitylandtrust.net","legalName":"International Center for Community Land Trusts","foundingDate":"2018-12-01","taxID":"84-3858933","numberOfEmployees":{"@type":"QuantitativeValue","minValue":"1","maxValue":"10"}}]}},"campaignId":"","taxonomy_info":[],"featured_image_src_large":false,"author_info":{"display_name":"cltredesign_0jp0l4","author_link":"https:\/\/www.cltweb.org\/pt-br\/author\/cltredesign_0jp0l4\/"},"comment_info":0,"jetpack_sharing_enabled":true,"jetpack-related-posts":[{"id":1892,"url":"https:\/\/www.cltweb.org\/es\/biblioteca-de-recursos\/historia-del-movimiento-clt\/salon-de-la-fama\/","url_meta":{"origin":1887,"position":0},"title":"Sal\u00f3n de la Fama","author":"cltredesign_0jp0l4","date":"26 de julho de 2024","format":false,"excerpt":"","rel":"","context":"Post similar","block_context":{"text":"Post similar","link":""},"img":{"alt_text":"","src":"","width":0,"height":0},"classes":[]},{"id":4203,"url":"https:\/\/www.cltweb.org\/pt-br\/biblioteca-de-recursos\/raizes-da-clt\/precursores-internacionais\/cidades-jardim\/","url_meta":{"origin":1887,"position":1},"title":"Cidades Jardim na Inglaterra","author":"cltredesign_0jp0l4","date":"22 de outubro de 2024","format":false,"excerpt":"Em 1898, um ingl\u00eas autodidata chamado Ebenezer Howard, que havia sido influenciado pelos escritos de Edward Bellamy e Henry George, publicou Tomorrow: A Peaceful Path to Real Reform. Revisado e reeditado em 1902 com um novo t\u00edtulo, Garden Cities of To-Morrow, o livro de Howard tornou-se um texto seminal no\u2026","rel":"","context":"Em &quot;Precursores internacionais&quot;","block_context":{"text":"Precursores internacionais","link":"https:\/\/www.cltweb.org\/pt-br\/category\/precursores-internacionais\/"},"img":{"alt_text":"","src":"","width":0,"height":0},"classes":[]},{"id":1888,"url":"https:\/\/www.cltweb.org\/pt-br\/biblioteca-de-recursos\/estudos-de-caso-clt\/novas-comunidades\/","url_meta":{"origin":1887,"position":2},"title":"Novas comunidades","author":"cltredesign_0jp0l4","date":"26 de julho de 2024","format":false,"excerpt":"Hist\u00f3ria da New Communities Inc. Muitas vezes chamada de \"primeira CLT\", a New Communities Inc. (NCI) foi um desdobramento do Movimento pelos Direitos Civis do Sul, que se desenvolveu em Albany, Ge\u00f3rgia, durante a d\u00e9cada de 1960. Os l\u00edderes da New Communities tamb\u00e9m foram l\u00edderes do Albany Movement e do\u2026","rel":"","context":"Em &quot;Estudos de caso&quot;","block_context":{"text":"Estudos de caso","link":"https:\/\/www.cltweb.org\/pt-br\/category\/estudos-de-caso\/"},"img":{"alt_text":"","src":"","width":0,"height":0},"classes":[]},{"id":4205,"url":"https:\/\/www.cltweb.org\/de\/ressourcenbibliothek\/die-wurzeln-des-clt\/internationale-vorlaeufer\/gartenstaedte\/","url_meta":{"origin":1887,"position":3},"title":"Gartenst\u00e4dte in England","author":"cltredesign_0jp0l4","date":"22 de outubro de 2024","format":false,"excerpt":"Im Jahr 1898 ver\u00f6ffentlichte ein autodidaktischer Engl\u00e4nder namens Ebenezer Howard, der von den Schriften von Edward Bellamy und Henry George beeinflusst worden war, Tomorrow: Ein friedlicher Weg zu echten Reformen. \u00dcberarbeitet und 1902 unter dem neuen Titel Garden Cities of To-Morrow neu aufgelegt, wurde Howards Buch zu einem bahnbrechenden Text\u2026","rel":"","context":"Em &quot;Internationale Vorl\u00e4ufer&quot;","block_context":{"text":"Internationale Vorl\u00e4ufer","link":"https:\/\/www.cltweb.org\/de\/category\/internationale-vorlaufer\/"},"img":{"alt_text":"","src":"","width":0,"height":0},"classes":[]},{"id":1765,"url":"https:\/\/www.cltweb.org\/pt-br\/biblioteca-de-recursos\/linha-do-tempo-do-movimento-clt\/","url_meta":{"origin":1887,"position":4},"title":"Linha do tempo do movimento CLT","author":"cltredesign_0jp0l4","date":"26 de julho de 2024","format":false,"excerpt":"O International Center for Community Land Trusts construiu uma linha do tempo que tra\u00e7a o pedigree intelectual e pol\u00edtico do movimento internacional de community land trust. O CLT moderno \u00e9 derivado da New Communities Inc., um prot\u00f3tipo pioneiro na d\u00e9cada de 1970 por ativistas dos direitos civis afro-americanos nos Estados\u2026","rel":"","context":"Em &quot;Hist\u00f3ria do movimento&quot;","block_context":{"text":"Hist\u00f3ria do movimento","link":"https:\/\/www.cltweb.org\/pt-br\/category\/historia-do-movimento\/"},"img":{"alt_text":"","src":"","width":0,"height":0},"classes":[]},{"id":251,"url":"https:\/\/www.cltweb.org\/resources\/history\/hall-of-fame\/","url_meta":{"origin":1887,"position":5},"title":"Hall of Fame","author":"cltredesign_0jp0l4","date":"26 de julho de 2024","format":false,"excerpt":"","rel":"","context":"Post similar","block_context":{"text":"Post similar","link":""},"img":{"alt_text":"","src":"","width":0,"height":0},"classes":[]}],"_links":{"self":[{"href":"https:\/\/www.cltweb.org\/pt-br\/wp-json\/wp\/v2\/pages\/1887","targetHints":{"allow":["GET"]}}],"collection":[{"href":"https:\/\/www.cltweb.org\/pt-br\/wp-json\/wp\/v2\/pages"}],"about":[{"href":"https:\/\/www.cltweb.org\/pt-br\/wp-json\/wp\/v2\/types\/page"}],"author":[{"embeddable":true,"href":"https:\/\/www.cltweb.org\/pt-br\/wp-json\/wp\/v2\/users\/1"}],"replies":[{"embeddable":true,"href":"https:\/\/www.cltweb.org\/pt-br\/wp-json\/wp\/v2\/comments?post=1887"}],"version-history":[{"count":1,"href":"https:\/\/www.cltweb.org\/pt-br\/wp-json\/wp\/v2\/pages\/1887\/revisions"}],"predecessor-version":[{"id":1986,"href":"https:\/\/www.cltweb.org\/pt-br\/wp-json\/wp\/v2\/pages\/1887\/revisions\/1986"}],"up":[{"embeddable":true,"href":"https:\/\/www.cltweb.org\/pt-br\/wp-json\/wp\/v2\/pages\/1985"}],"wp:attachment":[{"href":"https:\/\/www.cltweb.org\/pt-br\/wp-json\/wp\/v2\/media?parent=1887"}],"wp:term":[{"taxonomy":"category","embeddable":true,"href":"https:\/\/www.cltweb.org\/pt-br\/wp-json\/wp\/v2\/categories?post=1887"},{"taxonomy":"post_tag","embeddable":true,"href":"https:\/\/www.cltweb.org\/pt-br\/wp-json\/wp\/v2\/tags?post=1887"}],"curies":[{"name":"wp","href":"https:\/\/api.w.org\/{rel}","templated":true}]}}