{"id":2133,"date":"2024-09-16T14:26:22","date_gmt":"2024-09-16T14:26:22","guid":{"rendered":"https:\/\/www.cltweb.org\/biblioteca-de-recursos\/iniciando-um-novo-clt\/"},"modified":"2024-09-16T14:27:24","modified_gmt":"2024-09-16T14:27:24","slug":"iniciando-um-novo-clt","status":"publish","type":"page","link":"https:\/\/www.cltweb.org\/pt-br\/biblioteca-de-recursos\/iniciando-um-novo-clt\/","title":{"rendered":"Iniciando um novo CLT"},"content":{"rendered":"","protected":false},"excerpt":{"rendered":"","protected":false},"author":1,"featured_media":0,"parent":890,"menu_order":0,"comment_status":"closed","ping_status":"closed","template":"","meta":{"give_campaign_id":0,"_tec_requires_first_save":true,"_kad_blocks_custom_css":"","_kad_blocks_head_custom_js":"","_kad_blocks_body_custom_js":"","_kad_blocks_footer_custom_js":"","_EventAllDay":false,"_EventTimezone":"","_EventStartDate":"","_EventEndDate":"","_EventStartDateUTC":"","_EventEndDateUTC":"","_EventShowMap":false,"_EventShowMapLink":false,"_EventURL":"","_EventCost":"","_EventCostDescription":"","_EventCurrencySymbol":"","_EventCurrencyCode":"","_EventCurrencyPosition":"","_EventDateTimeSeparator":"","_EventTimeRangeSeparator":"","_EventOrganizerID":[],"_EventVenueID":[],"_OrganizerEmail":"","_OrganizerPhone":"","_OrganizerWebsite":"","_VenueAddress":"","_VenueCity":"","_VenueCountry":"","_VenueProvince":"","_VenueState":"","_VenueZip":"","_VenuePhone":"","_VenueURL":"","_VenueStateProvince":"","_VenueLat":"","_VenueLng":"","_VenueShowMap":false,"_VenueShowMapLink":false,"_tribe_blocks_recurrence_rules":"","_tribe_blocks_recurrence_description":"","_tribe_blocks_recurrence_exclusions":"","footnotes":""},"categories":[82],"tags":[],"class_list":["post-2133","page","type-page","status-publish","hentry","category-biblioteca-de-recursos"],"blocksy_meta":[],"yoast_head":"<!-- This site is optimized with the Yoast SEO Premium plugin v27.5 (Yoast SEO v27.5) - https:\/\/yoast.com\/product\/yoast-seo-premium-wordpress\/ -->\n<title>Iniciando um novo CLT - International Center for Community Land Trusts<\/title>\n<meta name=\"robots\" content=\"index, follow, max-snippet:-1, max-image-preview:large, max-video-preview:-1\" \/>\n<link rel=\"canonical\" href=\"https:\/\/www.cltweb.org\/pt-br\/biblioteca-de-recursos\/iniciando-um-novo-clt\/\" \/>\n<meta property=\"og:locale\" content=\"pt_BR\" \/>\n<meta property=\"og:type\" content=\"article\" \/>\n<meta property=\"og:title\" content=\"Iniciando um novo CLT\" \/>\n<meta property=\"og:url\" content=\"https:\/\/www.cltweb.org\/pt-br\/biblioteca-de-recursos\/iniciando-um-novo-clt\/\" \/>\n<meta property=\"og:site_name\" content=\"International Center for Community Land Trusts\" \/>\n<meta property=\"article:publisher\" content=\"https:\/\/www.facebook.com\/cltcenter\" \/>\n<meta property=\"article:modified_time\" content=\"2024-09-16T14:27:24+00:00\" \/>\n<meta name=\"twitter:card\" content=\"summary_large_image\" \/>\n<meta name=\"twitter:site\" content=\"@Center4CLTs\" \/>\n<script type=\"application\/ld+json\" class=\"yoast-schema-graph\">{\"@context\":\"https:\\\/\\\/schema.org\",\"@graph\":[{\"@type\":\"WebPage\",\"@id\":\"https:\\\/\\\/www.cltweb.org\\\/pt-br\\\/biblioteca-de-recursos\\\/iniciando-um-novo-clt\\\/\",\"url\":\"https:\\\/\\\/www.cltweb.org\\\/pt-br\\\/biblioteca-de-recursos\\\/iniciando-um-novo-clt\\\/\",\"name\":\"Iniciando um novo CLT - International Center for Community Land Trusts\",\"isPartOf\":{\"@id\":\"https:\\\/\\\/www.cltweb.org\\\/pt-br\\\/#website\"},\"datePublished\":\"2024-09-16T14:26:22+00:00\",\"dateModified\":\"2024-09-16T14:27:24+00:00\",\"breadcrumb\":{\"@id\":\"https:\\\/\\\/www.cltweb.org\\\/pt-br\\\/biblioteca-de-recursos\\\/iniciando-um-novo-clt\\\/#breadcrumb\"},\"inLanguage\":\"pt-BR\",\"potentialAction\":[{\"@type\":\"ReadAction\",\"target\":[\"https:\\\/\\\/www.cltweb.org\\\/pt-br\\\/biblioteca-de-recursos\\\/iniciando-um-novo-clt\\\/\"]}]},{\"@type\":\"BreadcrumbList\",\"@id\":\"https:\\\/\\\/www.cltweb.org\\\/pt-br\\\/biblioteca-de-recursos\\\/iniciando-um-novo-clt\\\/#breadcrumb\",\"itemListElement\":[{\"@type\":\"ListItem\",\"position\":1,\"name\":\"Home\",\"item\":\"https:\\\/\\\/www.cltweb.org\\\/pt-br\\\/\"},{\"@type\":\"ListItem\",\"position\":2,\"name\":\"Biblioteca de recursos\",\"item\":\"https:\\\/\\\/www.cltweb.org\\\/pt-br\\\/biblioteca-de-recursos\\\/\"},{\"@type\":\"ListItem\",\"position\":3,\"name\":\"Iniciando um novo CLT\"}]},{\"@type\":\"WebSite\",\"@id\":\"https:\\\/\\\/www.cltweb.org\\\/pt-br\\\/#website\",\"url\":\"https:\\\/\\\/www.cltweb.org\\\/pt-br\\\/\",\"name\":\"International Center for Community Land Trusts\",\"description\":\"\",\"publisher\":{\"@id\":\"https:\\\/\\\/www.cltweb.org\\\/pt-br\\\/#organization\"},\"potentialAction\":[{\"@type\":\"SearchAction\",\"target\":{\"@type\":\"EntryPoint\",\"urlTemplate\":\"https:\\\/\\\/www.cltweb.org\\\/pt-br\\\/?s={search_term_string}\"},\"query-input\":{\"@type\":\"PropertyValueSpecification\",\"valueRequired\":true,\"valueName\":\"search_term_string\"}}],\"inLanguage\":\"pt-BR\"},{\"@type\":\"Organization\",\"@id\":\"https:\\\/\\\/www.cltweb.org\\\/pt-br\\\/#organization\",\"name\":\"International Center for Community Land Trusts\",\"url\":\"https:\\\/\\\/www.cltweb.org\\\/pt-br\\\/\",\"logo\":{\"@type\":\"ImageObject\",\"inLanguage\":\"pt-BR\",\"@id\":\"https:\\\/\\\/www.cltweb.org\\\/pt-br\\\/#\\\/schema\\\/logo\\\/image\\\/\",\"url\":\"https:\\\/\\\/www.cltweb.org\\\/wp-content\\\/uploads\\\/2024\\\/11\\\/New-CLT-Center-Text-logo.png\",\"contentUrl\":\"https:\\\/\\\/www.cltweb.org\\\/wp-content\\\/uploads\\\/2024\\\/11\\\/New-CLT-Center-Text-logo.png\",\"width\":227,\"height\":80,\"caption\":\"International Center for Community Land Trusts\"},\"image\":{\"@id\":\"https:\\\/\\\/www.cltweb.org\\\/pt-br\\\/#\\\/schema\\\/logo\\\/image\\\/\"},\"sameAs\":[\"https:\\\/\\\/www.facebook.com\\\/cltcenter\",\"https:\\\/\\\/x.com\\\/Center4CLTs\",\"https:\\\/\\\/www.instagram.com\\\/cltcenter\\\/\",\"https:\\\/\\\/www.linkedin.com\\\/company\\\/cltcenter\",\"https:\\\/\\\/www.youtube.com\\\/@centerforcltinnovation5313\"],\"description\":\"The International Center for Community Land Trusts is a not-for-profit nongovernmental organization established in 2018 to promote and to support community land trusts and similar strategies of community-led development on community-owned land in countries throughout the world.\",\"email\":\"info@communitylandtrust.net\",\"legalName\":\"International Center for Community Land Trusts\",\"foundingDate\":\"2018-12-01\",\"taxID\":\"84-3858933\",\"numberOfEmployees\":{\"@type\":\"QuantitativeValue\",\"minValue\":\"1\",\"maxValue\":\"10\"}}]}<\/script>\n<!-- \/ Yoast SEO Premium plugin. -->","yoast_head_json":{"title":"Iniciando um novo CLT - International Center for Community Land Trusts","robots":{"index":"index","follow":"follow","max-snippet":"max-snippet:-1","max-image-preview":"max-image-preview:large","max-video-preview":"max-video-preview:-1"},"canonical":"https:\/\/www.cltweb.org\/pt-br\/biblioteca-de-recursos\/iniciando-um-novo-clt\/","og_locale":"pt_BR","og_type":"article","og_title":"Iniciando um novo CLT","og_url":"https:\/\/www.cltweb.org\/pt-br\/biblioteca-de-recursos\/iniciando-um-novo-clt\/","og_site_name":"International Center for Community Land Trusts","article_publisher":"https:\/\/www.facebook.com\/cltcenter","article_modified_time":"2024-09-16T14:27:24+00:00","twitter_card":"summary_large_image","twitter_site":"@Center4CLTs","schema":{"@context":"https:\/\/schema.org","@graph":[{"@type":"WebPage","@id":"https:\/\/www.cltweb.org\/pt-br\/biblioteca-de-recursos\/iniciando-um-novo-clt\/","url":"https:\/\/www.cltweb.org\/pt-br\/biblioteca-de-recursos\/iniciando-um-novo-clt\/","name":"Iniciando um novo CLT - International Center for Community Land Trusts","isPartOf":{"@id":"https:\/\/www.cltweb.org\/pt-br\/#website"},"datePublished":"2024-09-16T14:26:22+00:00","dateModified":"2024-09-16T14:27:24+00:00","breadcrumb":{"@id":"https:\/\/www.cltweb.org\/pt-br\/biblioteca-de-recursos\/iniciando-um-novo-clt\/#breadcrumb"},"inLanguage":"pt-BR","potentialAction":[{"@type":"ReadAction","target":["https:\/\/www.cltweb.org\/pt-br\/biblioteca-de-recursos\/iniciando-um-novo-clt\/"]}]},{"@type":"BreadcrumbList","@id":"https:\/\/www.cltweb.org\/pt-br\/biblioteca-de-recursos\/iniciando-um-novo-clt\/#breadcrumb","itemListElement":[{"@type":"ListItem","position":1,"name":"Home","item":"https:\/\/www.cltweb.org\/pt-br\/"},{"@type":"ListItem","position":2,"name":"Biblioteca de recursos","item":"https:\/\/www.cltweb.org\/pt-br\/biblioteca-de-recursos\/"},{"@type":"ListItem","position":3,"name":"Iniciando um novo CLT"}]},{"@type":"WebSite","@id":"https:\/\/www.cltweb.org\/pt-br\/#website","url":"https:\/\/www.cltweb.org\/pt-br\/","name":"International Center for Community Land Trusts","description":"","publisher":{"@id":"https:\/\/www.cltweb.org\/pt-br\/#organization"},"potentialAction":[{"@type":"SearchAction","target":{"@type":"EntryPoint","urlTemplate":"https:\/\/www.cltweb.org\/pt-br\/?s={search_term_string}"},"query-input":{"@type":"PropertyValueSpecification","valueRequired":true,"valueName":"search_term_string"}}],"inLanguage":"pt-BR"},{"@type":"Organization","@id":"https:\/\/www.cltweb.org\/pt-br\/#organization","name":"International Center for Community Land Trusts","url":"https:\/\/www.cltweb.org\/pt-br\/","logo":{"@type":"ImageObject","inLanguage":"pt-BR","@id":"https:\/\/www.cltweb.org\/pt-br\/#\/schema\/logo\/image\/","url":"https:\/\/www.cltweb.org\/wp-content\/uploads\/2024\/11\/New-CLT-Center-Text-logo.png","contentUrl":"https:\/\/www.cltweb.org\/wp-content\/uploads\/2024\/11\/New-CLT-Center-Text-logo.png","width":227,"height":80,"caption":"International Center for Community Land Trusts"},"image":{"@id":"https:\/\/www.cltweb.org\/pt-br\/#\/schema\/logo\/image\/"},"sameAs":["https:\/\/www.facebook.com\/cltcenter","https:\/\/x.com\/Center4CLTs","https:\/\/www.instagram.com\/cltcenter\/","https:\/\/www.linkedin.com\/company\/cltcenter","https:\/\/www.youtube.com\/@centerforcltinnovation5313"],"description":"The International Center for Community Land Trusts is a not-for-profit nongovernmental organization established in 2018 to promote and to support community land trusts and similar strategies of community-led development on community-owned land in countries throughout the world.","email":"info@communitylandtrust.net","legalName":"International Center for Community Land Trusts","foundingDate":"2018-12-01","taxID":"84-3858933","numberOfEmployees":{"@type":"QuantitativeValue","minValue":"1","maxValue":"10"}}]}},"campaignId":"","taxonomy_info":{"category":[{"value":82,"label":"Biblioteca de recursos"}]},"featured_image_src_large":false,"author_info":{"display_name":"cltredesign_0jp0l4","author_link":"https:\/\/www.cltweb.org\/pt-br\/author\/cltredesign_0jp0l4\/"},"comment_info":0,"jetpack_sharing_enabled":true,"jetpack-related-posts":[{"id":890,"url":"https:\/\/www.cltweb.org\/pt-br\/biblioteca-de-recursos\/","url_meta":{"origin":2133,"position":0},"title":"Biblioteca de recursos","author":"cltredesign_0jp0l4","date":"26 de julho de 2024","format":false,"excerpt":"Rede global Existem 616 CLTs em 13 pa\u00edses. Confira o mapa global, nossa listagem de redes CLT e uma se\u00e7\u00e3o dedicada aos CLTs no Sul Global. Perfis Coletamos estudos de casos de CLT, bem como entrevistas com figuras centrais do movimento CLT. Pesquisa Coletamos artigos acad\u00eamicos de jovens estudiosos, fizemos\u2026","rel":"","context":"Em &quot;Biblioteca de recursos&quot;","block_context":{"text":"Biblioteca de recursos","link":"https:\/\/www.cltweb.org\/pt-br\/category\/biblioteca-de-recursos\/"},"img":{"alt_text":"","src":"","width":0,"height":0},"classes":[]},{"id":1282,"url":"https:\/\/www.cltweb.org\/pt-br\/biblioteca-de-recursos\/manuais-e-guias\/","url_meta":{"origin":2133,"position":1},"title":"Manuais e guias","author":"cltredesign_0jp0l4","date":"26 de julho de 2024","format":false,"excerpt":"","rel":"","context":"Em &quot;Biblioteca de recursos&quot;","block_context":{"text":"Biblioteca de recursos","link":"https:\/\/www.cltweb.org\/pt-br\/category\/biblioteca-de-recursos\/"},"img":{"alt_text":"","src":"","width":0,"height":0},"classes":[]},{"id":873,"url":"https:\/\/www.cltweb.org\/pt-br\/biblioteca-de-recursos\/o-que-e-um-clt\/","url_meta":{"origin":2133,"position":2},"title":"O que \u00e9 um Community Land Trust?","author":"cltredesign_0jp0l4","date":"26 de julho de 2024","format":false,"excerpt":"Um community land trust(CLT) \u00e9 uma corpora\u00e7\u00e3o sem fins lucrativos que det\u00e9m terras em nome de uma comunidade local, ao mesmo tempo em que atua como administrador de longo prazo de moradias acess\u00edveis, jardins comunit\u00e1rios, edif\u00edcios c\u00edvicos, espa\u00e7os comerciais e outros ativos comunit\u00e1rios em nome de uma comunidade. Os fundos\u2026","rel":"","context":"Em &quot;Biblioteca de recursos&quot;","block_context":{"text":"Biblioteca de recursos","link":"https:\/\/www.cltweb.org\/pt-br\/category\/biblioteca-de-recursos\/"},"img":{"alt_text":"","src":"","width":0,"height":0},"classes":[]},{"id":3931,"url":"https:\/\/www.cltweb.org\/pt-br\/biblioteca-de-recursos\/estudos-de-caso-clt\/","url_meta":{"origin":2133,"position":3},"title":"Estudos de caso","author":"cltredesign_0jp0l4","date":"20 de outubro de 2024","format":false,"excerpt":"Hist\u00f3rias de origem CLT Embora o movimento de community land trust como um todo seja relativamente jovem, existem atualmente v\u00e1rios CLTs nos Estados Unidos que est\u00e3o em opera\u00e7\u00e3o h\u00e1 mais de 20 anos. Alguns j\u00e1 comemoraram seus anivers\u00e1rios de 30 anos. Os CLTs mais novos come\u00e7aram a aparecer na Austr\u00e1lia,\u2026","rel":"","context":"Em &quot;Biblioteca de recursos&quot;","block_context":{"text":"Biblioteca de recursos","link":"https:\/\/www.cltweb.org\/pt-br\/category\/biblioteca-de-recursos\/"},"img":{"alt_text":"","src":"","width":0,"height":0},"classes":[]},{"id":1976,"url":"https:\/\/www.cltweb.org\/pt-br\/biblioteca-de-recursos\/mapa-global-clt\/","url_meta":{"origin":2133,"position":4},"title":"Mapa e diret\u00f3rio do CLT","author":"cltredesign_0jp0l4","date":"26 de julho de 2024","format":false,"excerpt":"Sobre o Global Map + Directory Este mapa global + diret\u00f3rio n\u00e3o tem a pretens\u00e3o de ser abrangente ou completo. Em alguns casos, h\u00e1 organiza\u00e7\u00f5es que se descrevem como CLT e exibem as principais caracter\u00edsticas de uma CLT que podem ter passado despercebidas acidentalmente. Isso ocorre porque novos CLTs est\u00e3o\u2026","rel":"","context":"Em &quot;Biblioteca de recursos&quot;","block_context":{"text":"Biblioteca de recursos","link":"https:\/\/www.cltweb.org\/pt-br\/category\/biblioteca-de-recursos\/"},"img":{"alt_text":"","src":"","width":0,"height":0},"classes":[]},{"id":1867,"url":"https:\/\/www.cltweb.org\/pt-br\/biblioteca-de-recursos\/bibliografia\/","url_meta":{"origin":2133,"position":5},"title":"Bibliografia","author":"cltredesign_0jp0l4","date":"26 de julho de 2024","format":false,"excerpt":"Introdu\u00e7\u00e3o Esta bibliografia \u00e9 um trabalho em andamento. Teve seu in\u00edcio h\u00e1 mais de vinte e cinco anos, em resposta a repetidas solicita\u00e7\u00f5es de acad\u00eamicos e profissionais, perguntando se eu poderia orient\u00e1-los para \"mais informa\u00e7\u00f5es\" sobre community land trusts. Comecei a compilar e distribuir uma lista cada vez maior de\u2026","rel":"","context":"Em &quot;Biblioteca de recursos&quot;","block_context":{"text":"Biblioteca de recursos","link":"https:\/\/www.cltweb.org\/pt-br\/category\/biblioteca-de-recursos\/"},"img":{"alt_text":"","src":"","width":0,"height":0},"classes":[]}],"_links":{"self":[{"href":"https:\/\/www.cltweb.org\/pt-br\/wp-json\/wp\/v2\/pages\/2133","targetHints":{"allow":["GET"]}}],"collection":[{"href":"https:\/\/www.cltweb.org\/pt-br\/wp-json\/wp\/v2\/pages"}],"about":[{"href":"https:\/\/www.cltweb.org\/pt-br\/wp-json\/wp\/v2\/types\/page"}],"author":[{"embeddable":true,"href":"https:\/\/www.cltweb.org\/pt-br\/wp-json\/wp\/v2\/users\/1"}],"replies":[{"embeddable":true,"href":"https:\/\/www.cltweb.org\/pt-br\/wp-json\/wp\/v2\/comments?post=2133"}],"version-history":[{"count":1,"href":"https:\/\/www.cltweb.org\/pt-br\/wp-json\/wp\/v2\/pages\/2133\/revisions"}],"predecessor-version":[{"id":2136,"href":"https:\/\/www.cltweb.org\/pt-br\/wp-json\/wp\/v2\/pages\/2133\/revisions\/2136"}],"up":[{"embeddable":true,"href":"https:\/\/www.cltweb.org\/pt-br\/wp-json\/wp\/v2\/pages\/890"}],"wp:attachment":[{"href":"https:\/\/www.cltweb.org\/pt-br\/wp-json\/wp\/v2\/media?parent=2133"}],"wp:term":[{"taxonomy":"category","embeddable":true,"href":"https:\/\/www.cltweb.org\/pt-br\/wp-json\/wp\/v2\/categories?post=2133"},{"taxonomy":"post_tag","embeddable":true,"href":"https:\/\/www.cltweb.org\/pt-br\/wp-json\/wp\/v2\/tags?post=2133"}],"curies":[{"name":"wp","href":"https:\/\/api.w.org\/{rel}","templated":true}]}}