{"id":2855,"date":"2024-10-04T14:36:49","date_gmt":"2024-10-04T14:36:49","guid":{"rendered":"https:\/\/www.cltweb.org\/o-que-os-clts-fazem\/agricultura\/conceitos-chave\/protegendo-a-terra-da-especulacao\/"},"modified":"2025-02-03T19:32:27","modified_gmt":"2025-02-03T19:32:27","slug":"protegendo-a-terra-da-especulacao","status":"publish","type":"page","link":"https:\/\/www.cltweb.org\/pt-br\/biblioteca-de-recursos\/agricultura\/conceitos-chave\/protegendo-a-terra-da-especulacao\/","title":{"rendered":"Protegendo a terra da especula\u00e7\u00e3o"},"content":{"rendered":"\n<p>Se a terra acess\u00edvel \u00e9 fundamental para a agricultura urbana comercialmente vi\u00e1vel e engajada na comunidade, a quest\u00e3o \u00e9 como proteger a acessibilidade a longo prazo. Isso significa, por um lado, garantir que as fazendas urbanas n\u00e3o sejam desalojadas pelo r\u00e1pido aumento dos pre\u00e7os em um mercado imobili\u00e1rio especulativo e, por outro lado, garantir que as terras em comunidades onde os valores podem estar estagnados ou em decl\u00ednio n\u00e3o sejam alocadas a esmo por desespero. Em ambos os casos, a luta \u00e9 como garantir que o espa\u00e7o esteja dispon\u00edvel para projetos que estejam enraizados e beneficiem as comunidades vizinhas.  <\/p>\n\n<p>Nas \u00faltimas d\u00e9cadas, os defensores da moradia e do meio ambiente desenvolveram modelos de fundos de terras para garantir que as prioridades da comunidade &#8211; lugares para viver e desfrutar da natureza &#8211; n\u00e3o sejam deslocadas pelas for\u00e7as especulativas do mercado. Os fundos fiduci\u00e1rios para espa\u00e7os abertos concentraram-se na prote\u00e7\u00e3o de terras ecologicamente valiosas na periferia urbana, e os fundos fiduci\u00e1rios comunit\u00e1rios buscaram proteger a acessibilidade de moradias em cidades e sub\u00farbios. Ambos os modelos est\u00e3o sendo cada vez mais utilizados na quest\u00e3o da melhor forma de proteger a terra para a agricultura urbana.  <\/p>\n\n<p>A adapta\u00e7\u00e3o desses modelos para conservar terras agr\u00edcolas urbanas produtivas geralmente envolve o arrendamento de terras de um fundo de terras sem fins lucrativos para um agricultor. Isso apresenta a preocupa\u00e7\u00e3o potencial de que os produtores possam perder certas oportunidades de lucro, j\u00e1 que n\u00e3o s\u00e3o propriet\u00e1rios de suas pr\u00f3prias terras. Eles n\u00e3o ter\u00e3o a oportunidade de aproveitar os ganhos da venda de suas terras a pre\u00e7os de mercado, j\u00e1 que n\u00e3o as compraram a pre\u00e7os de mercado. Mas a realidade \u00e9 que, para muitos produtores urbanos, a compra direta de terras a pre\u00e7os de mercado provavelmente estar\u00e1 fora de alcance e, na verdade, n\u00e3o ser\u00e1 uma op\u00e7\u00e3o.   <\/p>\n","protected":false},"excerpt":{"rendered":"<p>Se a terra acess\u00edvel \u00e9 fundamental para a agricultura urbana comercialmente vi\u00e1vel e engajada na comunidade, a quest\u00e3o \u00e9 como proteger a acessibilidade a longo prazo. Isso significa, por um [&hellip;]<\/p>\n","protected":false},"author":1,"featured_media":0,"parent":1665,"menu_order":1,"comment_status":"closed","ping_status":"closed","template":"","meta":{"give_campaign_id":0,"_tec_requires_first_save":true,"_kad_blocks_custom_css":"","_kad_blocks_head_custom_js":"","_kad_blocks_body_custom_js":"","_kad_blocks_footer_custom_js":"","_EventAllDay":false,"_EventTimezone":"","_EventStartDate":"","_EventEndDate":"","_EventStartDateUTC":"","_EventEndDateUTC":"","_EventShowMap":false,"_EventShowMapLink":false,"_EventURL":"","_EventCost":"","_EventCostDescription":"","_EventCurrencySymbol":"","_EventCurrencyCode":"","_EventCurrencyPosition":"","_EventDateTimeSeparator":"","_EventTimeRangeSeparator":"","_EventOrganizerID":[],"_EventVenueID":[],"_OrganizerEmail":"","_OrganizerPhone":"","_OrganizerWebsite":"","_VenueAddress":"","_VenueCity":"","_VenueCountry":"","_VenueProvince":"","_VenueState":"","_VenueZip":"","_VenuePhone":"","_VenueURL":"","_VenueStateProvince":"","_VenueLat":"","_VenueLng":"","_VenueShowMap":false,"_VenueShowMapLink":false,"_tribe_blocks_recurrence_rules":"","_tribe_blocks_recurrence_description":"","_tribe_blocks_recurrence_exclusions":"","footnotes":""},"categories":[],"tags":[],"class_list":["post-2855","page","type-page","status-publish","hentry"],"blocksy_meta":[],"yoast_head":"<!-- This site is optimized with the Yoast SEO Premium plugin v27.5 (Yoast SEO v27.5) - https:\/\/yoast.com\/product\/yoast-seo-premium-wordpress\/ -->\n<title>Protegendo a terra da especula\u00e7\u00e3o - International Center for Community Land Trusts<\/title>\n<meta name=\"robots\" content=\"index, follow, max-snippet:-1, max-image-preview:large, max-video-preview:-1\" \/>\n<link rel=\"canonical\" href=\"https:\/\/www.cltweb.org\/pt-br\/biblioteca-de-recursos\/agricultura\/conceitos-chave\/protegendo-a-terra-da-especulacao\/\" \/>\n<meta property=\"og:locale\" content=\"pt_BR\" \/>\n<meta property=\"og:type\" content=\"article\" \/>\n<meta property=\"og:title\" content=\"Protegendo a terra da especula\u00e7\u00e3o\" \/>\n<meta property=\"og:description\" content=\"Se a terra acess\u00edvel \u00e9 fundamental para a agricultura urbana comercialmente vi\u00e1vel e engajada na comunidade, a quest\u00e3o \u00e9 como proteger a acessibilidade a longo prazo. Isso significa, por um [&hellip;]\" \/>\n<meta property=\"og:url\" content=\"https:\/\/www.cltweb.org\/pt-br\/biblioteca-de-recursos\/agricultura\/conceitos-chave\/protegendo-a-terra-da-especulacao\/\" \/>\n<meta property=\"og:site_name\" content=\"International Center for Community Land Trusts\" \/>\n<meta property=\"article:publisher\" content=\"https:\/\/www.facebook.com\/cltcenter\" \/>\n<meta property=\"article:modified_time\" content=\"2025-02-03T19:32:27+00:00\" \/>\n<meta name=\"twitter:card\" content=\"summary_large_image\" \/>\n<meta name=\"twitter:site\" content=\"@Center4CLTs\" \/>\n<meta name=\"twitter:label1\" content=\"Est. tempo de leitura\" \/>\n\t<meta name=\"twitter:data1\" content=\"2 minutos\" \/>\n<script type=\"application\/ld+json\" class=\"yoast-schema-graph\">{\"@context\":\"https:\\\/\\\/schema.org\",\"@graph\":[{\"@type\":\"WebPage\",\"@id\":\"https:\\\/\\\/www.cltweb.org\\\/pt-br\\\/biblioteca-de-recursos\\\/agricultura\\\/conceitos-chave\\\/protegendo-a-terra-da-especulacao\\\/\",\"url\":\"https:\\\/\\\/www.cltweb.org\\\/pt-br\\\/biblioteca-de-recursos\\\/agricultura\\\/conceitos-chave\\\/protegendo-a-terra-da-especulacao\\\/\",\"name\":\"Protegendo a terra da especula\u00e7\u00e3o - International Center for Community Land Trusts\",\"isPartOf\":{\"@id\":\"https:\\\/\\\/www.cltweb.org\\\/pt-br\\\/#website\"},\"datePublished\":\"2024-10-04T14:36:49+00:00\",\"dateModified\":\"2025-02-03T19:32:27+00:00\",\"breadcrumb\":{\"@id\":\"https:\\\/\\\/www.cltweb.org\\\/pt-br\\\/biblioteca-de-recursos\\\/agricultura\\\/conceitos-chave\\\/protegendo-a-terra-da-especulacao\\\/#breadcrumb\"},\"inLanguage\":\"pt-BR\",\"potentialAction\":[{\"@type\":\"ReadAction\",\"target\":[\"https:\\\/\\\/www.cltweb.org\\\/pt-br\\\/biblioteca-de-recursos\\\/agricultura\\\/conceitos-chave\\\/protegendo-a-terra-da-especulacao\\\/\"]}]},{\"@type\":\"BreadcrumbList\",\"@id\":\"https:\\\/\\\/www.cltweb.org\\\/pt-br\\\/biblioteca-de-recursos\\\/agricultura\\\/conceitos-chave\\\/protegendo-a-terra-da-especulacao\\\/#breadcrumb\",\"itemListElement\":[{\"@type\":\"ListItem\",\"position\":1,\"name\":\"Home\",\"item\":\"https:\\\/\\\/www.cltweb.org\\\/pt-br\\\/\"},{\"@type\":\"ListItem\",\"position\":2,\"name\":\"Biblioteca de recursos\",\"item\":\"https:\\\/\\\/www.cltweb.org\\\/pt-br\\\/biblioteca-de-recursos\\\/\"},{\"@type\":\"ListItem\",\"position\":3,\"name\":\"Posse de terra para agricultura urbana\",\"item\":\"https:\\\/\\\/www.cltweb.org\\\/pt-br\\\/biblioteca-de-recursos\\\/agricultura\\\/\"},{\"@type\":\"ListItem\",\"position\":4,\"name\":\"Conceitos-chave\",\"item\":\"https:\\\/\\\/www.cltweb.org\\\/pt-br\\\/biblioteca-de-recursos\\\/agricultura\\\/conceitos-chave\\\/\"},{\"@type\":\"ListItem\",\"position\":5,\"name\":\"Protegendo a terra da especula\u00e7\u00e3o\"}]},{\"@type\":\"WebSite\",\"@id\":\"https:\\\/\\\/www.cltweb.org\\\/pt-br\\\/#website\",\"url\":\"https:\\\/\\\/www.cltweb.org\\\/pt-br\\\/\",\"name\":\"International Center for Community Land Trusts\",\"description\":\"\",\"publisher\":{\"@id\":\"https:\\\/\\\/www.cltweb.org\\\/pt-br\\\/#organization\"},\"potentialAction\":[{\"@type\":\"SearchAction\",\"target\":{\"@type\":\"EntryPoint\",\"urlTemplate\":\"https:\\\/\\\/www.cltweb.org\\\/pt-br\\\/?s={search_term_string}\"},\"query-input\":{\"@type\":\"PropertyValueSpecification\",\"valueRequired\":true,\"valueName\":\"search_term_string\"}}],\"inLanguage\":\"pt-BR\"},{\"@type\":\"Organization\",\"@id\":\"https:\\\/\\\/www.cltweb.org\\\/pt-br\\\/#organization\",\"name\":\"International Center for Community Land Trusts\",\"url\":\"https:\\\/\\\/www.cltweb.org\\\/pt-br\\\/\",\"logo\":{\"@type\":\"ImageObject\",\"inLanguage\":\"pt-BR\",\"@id\":\"https:\\\/\\\/www.cltweb.org\\\/pt-br\\\/#\\\/schema\\\/logo\\\/image\\\/\",\"url\":\"https:\\\/\\\/www.cltweb.org\\\/wp-content\\\/uploads\\\/2024\\\/11\\\/New-CLT-Center-Text-logo.png\",\"contentUrl\":\"https:\\\/\\\/www.cltweb.org\\\/wp-content\\\/uploads\\\/2024\\\/11\\\/New-CLT-Center-Text-logo.png\",\"width\":227,\"height\":80,\"caption\":\"International Center for Community Land Trusts\"},\"image\":{\"@id\":\"https:\\\/\\\/www.cltweb.org\\\/pt-br\\\/#\\\/schema\\\/logo\\\/image\\\/\"},\"sameAs\":[\"https:\\\/\\\/www.facebook.com\\\/cltcenter\",\"https:\\\/\\\/x.com\\\/Center4CLTs\",\"https:\\\/\\\/www.instagram.com\\\/cltcenter\\\/\",\"https:\\\/\\\/www.linkedin.com\\\/company\\\/cltcenter\",\"https:\\\/\\\/www.youtube.com\\\/@centerforcltinnovation5313\"],\"description\":\"The International Center for Community Land Trusts is a not-for-profit nongovernmental organization established in 2018 to promote and to support community land trusts and similar strategies of community-led development on community-owned land in countries throughout the world.\",\"email\":\"info@communitylandtrust.net\",\"legalName\":\"International Center for Community Land Trusts\",\"foundingDate\":\"2018-12-01\",\"taxID\":\"84-3858933\",\"numberOfEmployees\":{\"@type\":\"QuantitativeValue\",\"minValue\":\"1\",\"maxValue\":\"10\"}}]}<\/script>\n<!-- \/ Yoast SEO Premium plugin. -->","yoast_head_json":{"title":"Protegendo a terra da especula\u00e7\u00e3o - International Center for Community Land Trusts","robots":{"index":"index","follow":"follow","max-snippet":"max-snippet:-1","max-image-preview":"max-image-preview:large","max-video-preview":"max-video-preview:-1"},"canonical":"https:\/\/www.cltweb.org\/pt-br\/biblioteca-de-recursos\/agricultura\/conceitos-chave\/protegendo-a-terra-da-especulacao\/","og_locale":"pt_BR","og_type":"article","og_title":"Protegendo a terra da especula\u00e7\u00e3o","og_description":"Se a terra acess\u00edvel \u00e9 fundamental para a agricultura urbana comercialmente vi\u00e1vel e engajada na comunidade, a quest\u00e3o \u00e9 como proteger a acessibilidade a longo prazo. Isso significa, por um [&hellip;]","og_url":"https:\/\/www.cltweb.org\/pt-br\/biblioteca-de-recursos\/agricultura\/conceitos-chave\/protegendo-a-terra-da-especulacao\/","og_site_name":"International Center for Community Land Trusts","article_publisher":"https:\/\/www.facebook.com\/cltcenter","article_modified_time":"2025-02-03T19:32:27+00:00","twitter_card":"summary_large_image","twitter_site":"@Center4CLTs","twitter_misc":{"Est. tempo de leitura":"2 minutos"},"schema":{"@context":"https:\/\/schema.org","@graph":[{"@type":"WebPage","@id":"https:\/\/www.cltweb.org\/pt-br\/biblioteca-de-recursos\/agricultura\/conceitos-chave\/protegendo-a-terra-da-especulacao\/","url":"https:\/\/www.cltweb.org\/pt-br\/biblioteca-de-recursos\/agricultura\/conceitos-chave\/protegendo-a-terra-da-especulacao\/","name":"Protegendo a terra da especula\u00e7\u00e3o - International Center for Community Land Trusts","isPartOf":{"@id":"https:\/\/www.cltweb.org\/pt-br\/#website"},"datePublished":"2024-10-04T14:36:49+00:00","dateModified":"2025-02-03T19:32:27+00:00","breadcrumb":{"@id":"https:\/\/www.cltweb.org\/pt-br\/biblioteca-de-recursos\/agricultura\/conceitos-chave\/protegendo-a-terra-da-especulacao\/#breadcrumb"},"inLanguage":"pt-BR","potentialAction":[{"@type":"ReadAction","target":["https:\/\/www.cltweb.org\/pt-br\/biblioteca-de-recursos\/agricultura\/conceitos-chave\/protegendo-a-terra-da-especulacao\/"]}]},{"@type":"BreadcrumbList","@id":"https:\/\/www.cltweb.org\/pt-br\/biblioteca-de-recursos\/agricultura\/conceitos-chave\/protegendo-a-terra-da-especulacao\/#breadcrumb","itemListElement":[{"@type":"ListItem","position":1,"name":"Home","item":"https:\/\/www.cltweb.org\/pt-br\/"},{"@type":"ListItem","position":2,"name":"Biblioteca de recursos","item":"https:\/\/www.cltweb.org\/pt-br\/biblioteca-de-recursos\/"},{"@type":"ListItem","position":3,"name":"Posse de terra para agricultura urbana","item":"https:\/\/www.cltweb.org\/pt-br\/biblioteca-de-recursos\/agricultura\/"},{"@type":"ListItem","position":4,"name":"Conceitos-chave","item":"https:\/\/www.cltweb.org\/pt-br\/biblioteca-de-recursos\/agricultura\/conceitos-chave\/"},{"@type":"ListItem","position":5,"name":"Protegendo a terra da especula\u00e7\u00e3o"}]},{"@type":"WebSite","@id":"https:\/\/www.cltweb.org\/pt-br\/#website","url":"https:\/\/www.cltweb.org\/pt-br\/","name":"International Center for Community Land Trusts","description":"","publisher":{"@id":"https:\/\/www.cltweb.org\/pt-br\/#organization"},"potentialAction":[{"@type":"SearchAction","target":{"@type":"EntryPoint","urlTemplate":"https:\/\/www.cltweb.org\/pt-br\/?s={search_term_string}"},"query-input":{"@type":"PropertyValueSpecification","valueRequired":true,"valueName":"search_term_string"}}],"inLanguage":"pt-BR"},{"@type":"Organization","@id":"https:\/\/www.cltweb.org\/pt-br\/#organization","name":"International Center for Community Land Trusts","url":"https:\/\/www.cltweb.org\/pt-br\/","logo":{"@type":"ImageObject","inLanguage":"pt-BR","@id":"https:\/\/www.cltweb.org\/pt-br\/#\/schema\/logo\/image\/","url":"https:\/\/www.cltweb.org\/wp-content\/uploads\/2024\/11\/New-CLT-Center-Text-logo.png","contentUrl":"https:\/\/www.cltweb.org\/wp-content\/uploads\/2024\/11\/New-CLT-Center-Text-logo.png","width":227,"height":80,"caption":"International Center for Community Land Trusts"},"image":{"@id":"https:\/\/www.cltweb.org\/pt-br\/#\/schema\/logo\/image\/"},"sameAs":["https:\/\/www.facebook.com\/cltcenter","https:\/\/x.com\/Center4CLTs","https:\/\/www.instagram.com\/cltcenter\/","https:\/\/www.linkedin.com\/company\/cltcenter","https:\/\/www.youtube.com\/@centerforcltinnovation5313"],"description":"The International Center for Community Land Trusts is a not-for-profit nongovernmental organization established in 2018 to promote and to support community land trusts and similar strategies of community-led development on community-owned land in countries throughout the world.","email":"info@communitylandtrust.net","legalName":"International Center for Community Land Trusts","foundingDate":"2018-12-01","taxID":"84-3858933","numberOfEmployees":{"@type":"QuantitativeValue","minValue":"1","maxValue":"10"}}]}},"campaignId":"","taxonomy_info":[],"featured_image_src_large":false,"author_info":{"display_name":"cltredesign_0jp0l4","author_link":"https:\/\/www.cltweb.org\/pt-br\/author\/cltredesign_0jp0l4\/"},"comment_info":0,"jetpack_sharing_enabled":true,"jetpack-related-posts":[{"id":8718,"url":"https:\/\/www.cltweb.org\/pt-br\/biblioteca-de-recursos\/agricultura\/conceitos-chave\/agricultura-engajada-na-comunidade\/","url_meta":{"origin":2855,"position":0},"title":"Agricultura engajada na comunidade","author":"cltredesign_0jp0l4","date":"2 de fevereiro de 2025","format":false,"excerpt":"Fora das cidades, os agricultores podem trabalhar em suas terras sem muitas preocupa\u00e7\u00f5es com seus vizinhos. Por\u00e9m, em ambientes urbanos, os vizinhos est\u00e3o muito mais pr\u00f3ximos - os agricultores urbanos provavelmente sentir\u00e3o press\u00f5es significativas para serem bons membros da comunidade. Ao envolver ativamente as comunidades nas quais est\u00e3o cultivando, os\u2026","rel":"","context":"Em &quot;Agricultura&quot;","block_context":{"text":"Agricultura","link":"https:\/\/www.cltweb.org\/pt-br\/category\/agricultura\/"},"img":{"alt_text":"","src":"","width":0,"height":0},"classes":[]},{"id":8978,"url":"https:\/\/www.cltweb.org\/pt-br\/biblioteca-de-recursos\/agricultura\/recursos-adicionais\/como-os-clts-asseguram-e-protegem-a-terra\/propriedade-de-taxa-simples\/","url_meta":{"origin":2855,"position":1},"title":"Propriedade de taxa simples","author":"cltredesign_0jp0l4","date":"3 de fevereiro de 2025","format":false,"excerpt":"A propriedade simples permite que um CLT detenha o maior n\u00famero de \"paus\" no conjunto de direitos de propriedade e oferece um alto n\u00edvel de seguran\u00e7a da terra, desde que todos os pagamentos de hipoteca e obriga\u00e7\u00f5es fiscais sejam cumpridos. Nas \u00e1reas urbanas, as \u00e1reas agr\u00edcolas geralmente est\u00e3o localizadas em\u2026","rel":"","context":"Em &quot;Agricultura&quot;","block_context":{"text":"Agricultura","link":"https:\/\/www.cltweb.org\/pt-br\/category\/agricultura\/"},"img":{"alt_text":"","src":"","width":0,"height":0},"classes":[]},{"id":1664,"url":"https:\/\/www.cltweb.org\/pt-br\/biblioteca-de-recursos\/agricultura\/o-papel-das-organizacoes-sem-fins-lucrativos\/","url_meta":{"origin":2855,"position":2},"title":"O papel das organiza\u00e7\u00f5es sem fins lucrativos","author":"cltredesign_0jp0l4","date":"29 de julho de 2024","format":false,"excerpt":"Como em outras \u00e1reas do desenvolvimento econ\u00f4mico comunit\u00e1rio, o setor sem fins lucrativos tem um papel especial a desempenhar quando se trata de dar o pontap\u00e9 inicial na agricultura urbana. A agricultura urbana \u00e9 uma abordagem de custo relativamente baixo para a revitaliza\u00e7\u00e3o da comunidade, com o custo do investimento\u2026","rel":"","context":"Em &quot;Agricultura&quot;","block_context":{"text":"Agricultura","link":"https:\/\/www.cltweb.org\/pt-br\/category\/agricultura\/"},"img":{"alt_text":"","src":"","width":0,"height":0},"classes":[]},{"id":1644,"url":"https:\/\/www.cltweb.org\/pt-br\/biblioteca-de-recursos\/agricultura\/perguntas-estrategicas\/","url_meta":{"origin":2855,"position":3},"title":"Perguntas estrat\u00e9gicas","author":"cltredesign_0jp0l4","date":"29 de julho de 2024","format":false,"excerpt":"Como a terra ser\u00e1 garantida para os agricultores? Embora essa seja a quest\u00e3o central a ser respondida por um modelo de posse de terra, n\u00e3o esperamos que haja uma \u00fanica resposta. Na verdade, como sugerimos na se\u00e7\u00e3o anterior, a terra pode ser garantida de forma diferente para agricultores com diferentes\u2026","rel":"","context":"Em &quot;Agricultura&quot;","block_context":{"text":"Agricultura","link":"https:\/\/www.cltweb.org\/pt-br\/category\/agricultura\/"},"img":{"alt_text":"","src":"","width":0,"height":0},"classes":[]},{"id":8766,"url":"https:\/\/www.cltweb.org\/pt-br\/biblioteca-de-recursos\/agricultura\/o-modelo-de-servidor-central\/estudo-de-caso-neighborspace-chicago-il\/","url_meta":{"origin":2855,"position":4},"title":"Estudo de caso: NeighborSpace (Chicago, IL)","author":"cltredesign_0jp0l4","date":"2 de fevereiro de 2025","format":false,"excerpt":"O NeighborSpace talvez seja a organiza\u00e7\u00e3o existente mais pr\u00f3xima do que pode ser considerado um modelo de land trust de servidor central para a agricultura urbana. Um olhar mais atento \u00e0 hist\u00f3ria e \u00e0 estrutura do NeighborSpace indica como um modelo de servidor central para a agricultura urbana pode ser\u2026","rel":"","context":"Em &quot;Agricultura&quot;","block_context":{"text":"Agricultura","link":"https:\/\/www.cltweb.org\/pt-br\/category\/agricultura\/"},"img":{"alt_text":"","src":"","width":0,"height":0},"classes":[]},{"id":792,"url":"https:\/\/www.cltweb.org\/pt-br\/noticias-e-eventos\/empregos-clt\/","url_meta":{"origin":2855,"position":5},"title":"Empregos CLT","author":"cltredesign_0jp0l4","date":"26 de julho de 2024","format":false,"excerpt":"Uma listagem de sele\u00e7\u00e3o de ofertas de emprego CLT.","rel":"","context":"Em &quot;Not\u00edcias e eventos&quot;","block_context":{"text":"Not\u00edcias e eventos","link":"https:\/\/www.cltweb.org\/pt-br\/category\/noticias-e-eventos\/"},"img":{"alt_text":"","src":"","width":0,"height":0},"classes":[]}],"_links":{"self":[{"href":"https:\/\/www.cltweb.org\/pt-br\/wp-json\/wp\/v2\/pages\/2855","targetHints":{"allow":["GET"]}}],"collection":[{"href":"https:\/\/www.cltweb.org\/pt-br\/wp-json\/wp\/v2\/pages"}],"about":[{"href":"https:\/\/www.cltweb.org\/pt-br\/wp-json\/wp\/v2\/types\/page"}],"author":[{"embeddable":true,"href":"https:\/\/www.cltweb.org\/pt-br\/wp-json\/wp\/v2\/users\/1"}],"replies":[{"embeddable":true,"href":"https:\/\/www.cltweb.org\/pt-br\/wp-json\/wp\/v2\/comments?post=2855"}],"version-history":[{"count":2,"href":"https:\/\/www.cltweb.org\/pt-br\/wp-json\/wp\/v2\/pages\/2855\/revisions"}],"predecessor-version":[{"id":8812,"href":"https:\/\/www.cltweb.org\/pt-br\/wp-json\/wp\/v2\/pages\/2855\/revisions\/8812"}],"up":[{"embeddable":true,"href":"https:\/\/www.cltweb.org\/pt-br\/wp-json\/wp\/v2\/pages\/1665"}],"wp:attachment":[{"href":"https:\/\/www.cltweb.org\/pt-br\/wp-json\/wp\/v2\/media?parent=2855"}],"wp:term":[{"taxonomy":"category","embeddable":true,"href":"https:\/\/www.cltweb.org\/pt-br\/wp-json\/wp\/v2\/categories?post=2855"},{"taxonomy":"post_tag","embeddable":true,"href":"https:\/\/www.cltweb.org\/pt-br\/wp-json\/wp\/v2\/tags?post=2855"}],"curies":[{"name":"wp","href":"https:\/\/api.w.org\/{rel}","templated":true}]}}