{"id":3716,"date":"2024-10-19T19:35:08","date_gmt":"2024-10-19T19:35:08","guid":{"rendered":"https:\/\/www.cltweb.org\/biblioteca-de-recursos\/sul-global\/africa\/"},"modified":"2025-01-02T22:41:27","modified_gmt":"2025-01-02T22:41:27","slug":"africa","status":"publish","type":"page","link":"https:\/\/www.cltweb.org\/pt-br\/biblioteca-de-recursos\/sul-global\/africa\/","title":{"rendered":"\u00c1frica"},"content":{"rendered":"<style>.wp-block-kadence-column.kb-section-dir-horizontal > .kt-inside-inner-col > .kt-info-box3713_d0ca15-9b .kt-blocks-info-box-link-wrap{max-width:unset;}.kt-info-box3713_d0ca15-9b .kt-blocks-info-box-link-wrap{border-top:5px solid var(--global-palette7, #eeeeee);border-right:5px solid var(--global-palette7, #eeeeee);border-bottom:5px solid var(--global-palette7, #eeeeee);border-left:5px solid var(--global-palette7, #eeeeee);border-top-left-radius:30px;border-top-right-radius:30px;border-bottom-right-radius:30px;border-bottom-left-radius:30px;background:#ffffff;padding-top:var(--global-kb-spacing-xs, 1rem);padding-right:var(--global-kb-spacing-xs, 1rem);padding-bottom:var(--global-kb-spacing-xs, 1rem);padding-left:var(--global-kb-spacing-xs, 1rem);}.kt-info-box3713_d0ca15-9b .kadence-info-box-icon-container .kt-info-svg-icon, .kt-info-box3713_d0ca15-9b .kt-info-svg-icon-flip, .kt-info-box3713_d0ca15-9b .kt-blocks-info-box-number{font-size:50px;}.kt-info-box3713_d0ca15-9b .kt-blocks-info-box-media{border-radius:200px;overflow:hidden;border-top-width:0px;border-right-width:0px;border-bottom-width:0px;border-left-width:0px;padding-top:20px;padding-right:20px;padding-bottom:20px;padding-left:20px;margin-top:0px;margin-right:20px;margin-bottom:0px;margin-left:0px;}.kt-info-box3713_d0ca15-9b .kt-blocks-info-box-media .kadence-info-box-image-intrisic img{border-radius:200px;}.kt-info-box3713_d0ca15-9b .kt-infobox-textcontent h2.kt-blocks-info-box-title{padding-top:0px;padding-right:0px;padding-bottom:0px;padding-left:0px;margin-top:5px;margin-right:0px;margin-bottom:10px;margin-left:0px;}.kt-info-box3713_d0ca15-9b .kt-blocks-info-box-learnmore{background:transparent;border-width:0px 0px 0px 0px;padding-top:4px;padding-right:8px;padding-bottom:4px;padding-left:8px;margin-top:10px;margin-right:0px;margin-bottom:10px;margin-left:0px;}@media all and (max-width: 1024px){.kt-info-box3713_d0ca15-9b .kt-blocks-info-box-link-wrap{border-top:5px solid var(--global-palette7, #eeeeee);border-right:5px solid var(--global-palette7, #eeeeee);border-bottom:5px solid var(--global-palette7, #eeeeee);border-left:5px solid var(--global-palette7, #eeeeee);}}@media all and (max-width: 767px){.kt-info-box3713_d0ca15-9b .kt-blocks-info-box-link-wrap{border-top:5px solid var(--global-palette7, #eeeeee);border-right:5px solid var(--global-palette7, #eeeeee);border-bottom:5px solid var(--global-palette7, #eeeeee);border-left:5px solid var(--global-palette7, #eeeeee);}}<\/style>\n<div class=\"wp-block-kadence-infobox kt-info-box3713_d0ca15-9b\"><span class=\"kt-blocks-info-box-link-wrap info-box-link kt-blocks-info-box-media-align-left kt-info-halign-left\"><div class=\"kt-blocks-info-box-media-container\"><div class=\"kt-blocks-info-box-media kt-info-media-animate-none\"><div class=\"kadence-info-box-icon-container kt-info-icon-animate-none\"><div class=\"kadence-info-box-icon-inner-container\"><span class=\"kb-svg-icon-wrap kb-svg-icon-fe_aperture kt-info-svg-icon\"><svg viewBox=\"0 0 24 24\"  fill=\"none\" stroke=\"currentColor\" stroke-width=\"2\" stroke-linecap=\"round\" stroke-linejoin=\"round\" xmlns=\"http:\/\/www.w3.org\/2000\/svg\"  aria-hidden=\"true\"><circle cx=\"12\" cy=\"12\" r=\"10\"\/><line x1=\"14.31\" y1=\"8\" x2=\"20.05\" y2=\"17.94\"\/><line x1=\"9.69\" y1=\"8\" x2=\"21.17\" y2=\"8\"\/><line x1=\"7.38\" y1=\"12\" x2=\"13.12\" y2=\"2.06\"\/><line x1=\"9.69\" y1=\"16\" x2=\"3.95\" y2=\"6.06\"\/><line x1=\"14.31\" y1=\"16\" x2=\"2.83\" y2=\"16\"\/><line x1=\"16.62\" y1=\"12\" x2=\"10.88\" y2=\"21.94\"\/><\/svg><\/span><\/div><\/div><\/div><\/div><div class=\"kt-infobox-textcontent\"><h2 class=\"kt-blocks-info-box-title\">Qu\u00eania e \u00c1frica do Sul<\/h2><p class=\"kt-blocks-info-box-text\">Os Community Land Trusts surgiram pela primeira vez no Sul Global em Voi, no Qu\u00eania, com o Tanzania-Bondeni Community Land Trust. E h\u00e1 um interesse emergente em aplicar o modelo CLT tamb\u00e9m na \u00c1frica do Sul.   <\/p><\/div><\/span><\/div>\n\n<h2 class=\"wp-block-heading\" id=\"h-kenya\" style=\"font-size:clamp(21.027px, 1.314rem + ((1vw - 3.2px) * 1.014), 34px);\">Qu\u00eania<\/h2>\n\n<h3 class=\"wp-block-heading\" id=\"h-articles\" style=\"font-size:clamp(15.747px, 0.984rem + ((1vw - 3.2px) * 0.645), 24px);\">Artigos<\/h3>\n\n<ul class=\"wp-block-list\">\n<li><strong>Ingl\u00eas<\/strong>\n<ul class=\"wp-block-list\">\n<li><a href=\"https:\/\/www.cltweb.org\/wp-content\/uploads\/2024\/11\/CH14.pdf\" data-type=\"attachment\" data-id=\"6978\">Semeando o CLT na \u00c1frica: Lessons from the Early Efforts to Establish Community Land Trusts in Kenya<\/a>, Claire Simmoneau e Ellen Bassett, com Emmanuel Midheme, <em>On Common Ground<\/em>, Terra Nostra Press, 2020<\/li>\n\n\n\n<li><a href=\"https:\/\/cfuhabitat.hypotheses.org\/terrains-detude\/community-land-trust-voi-kenya\" target=\"_blank\" rel=\"noreferrer noopener\">Community Land Trust &#8211; Voi, Qu\u00eania<\/a>, Claire Simonneau, UMR G\u00e9ographie-cit\u00e9s, com Emmanuel Midheme, Universidade de Maseno, Sharlet Mkabili, Universidade de Maseno, Severiano Odhiambo, Universidade de Maseno. Laborat\u00f3rio de Pesquisa Geographie-Cit\u00e9s, 2018 <\/li>\n\n\n\n<li><a href=\"https:\/\/www.sciencedirect.com\/science\/article\/abs\/pii\/S0264837713000872\" target=\"_blank\" rel=\"noreferrer noopener\">Empurrando para tr\u00e1s as fronteiras da propriedade: Community land trusts and low-income housing in urban Kenya<\/a>, Emmanuel Midheme, Frank Moulaert, <em>Land Use Policy<\/em>, novembro de 2013<\/li>\n\n\n\n<li><a href=\"https:\/\/asq.africa.ufl.edu\/wp-content\/uploads\/sites\/168\/Bassett-Vol9Issue3.pdf\" target=\"_blank\" rel=\"noreferrer noopener\">The Persistence of the Commons: Economic Theory and Community Decision-Making on Land Tenure in Voi, Kenya, Ellen Bassett<\/a>, <em>African Studies Quarterly<\/em>, primavera de 2007<\/li>\n\n\n\n<li><a href=\"https:\/\/www.sciencedirect.com\/science\/article\/abs\/pii\/S0197397503001176\" target=\"_blank\" rel=\"noreferrer noopener\">Tinkering with tenure: the community land trust experiment in Voi, Kenya<\/a>, Ellen M. Bassett, Habitat International, 2005<\/li>\n\n\n\n<li><a href=\"https:\/\/www.proquest.com\/openview\/81d0627d1d412ab5590db2ae6a6390c7\/1?pq-origsite=gscholar&amp;cbl=18750&amp;diss=y\" target=\"_blank\" rel=\"noreferrer noopener\">Institutions and informal settlements: The planning implications of the Community Land Trust experiment in Kenya<\/a>, Ellen M. Bassett, disserta\u00e7\u00e3o, Universidade de Wisconsin-Madison, 2001<\/li>\n\n\n\n<li><a href=\"https:\/\/www.sciencedirect.com\/science\/article\/abs\/pii\/S0264837797000033\" target=\"_blank\" rel=\"noreferrer noopener\">Community-based tenure reform in urban Africa: the community land trust experiment in Voi, Kenya<\/a>, Ellen M. Bassett, Harvey M. Jacobs, <em>Land Use Policy<\/em>, julho de 1997<\/li>\n<\/ul>\n<\/li>\n\n\n\n<li><strong>Franc\u00eas<\/strong>\n<ul class=\"wp-block-list\">\n<li>Simonneau, Claire, \u00c9ric Denis, Issa Sory. 2019.   <a href=\"https:\/\/shs.hal.science\/halshs-03133069\" target=\"_blank\" rel=\"noreferrer noopener\">Qual \u00e9 o potencial das abordagens cooperativas e coletivas para o habitat popular?<\/a>  \u00c9l\u00e9ments du d\u00e9bat, grille d&#8217;analyse et exemples burkinab\u00e9 et Kenyan. Afrique Contemporaine, 2019. <\/li>\n\n\n\n<li>Simonneau, Claire,<a href=\"http:\/\/www.riurba.review\/Revue\/le-community-land-trust-aux-etats-unis-au-kenya-et-en-belgique-canaux-de-circulation-dun-modele-alternatif-et-jeu-dintertextualite\/\" target=\"_blank\" rel=\"noreferrer noopener\">  O Community Land Trust nos Estados Unidos, no Qu\u00eania e na B\u00e9lgica. Canaux de circulation d&#8217;un mod\u00e8le alternatif et jeu d&#8217;intertextualit\u00e9<\/a>, Riurba, 2018<\/li>\n<\/ul>\n<\/li>\n<\/ul>\n\n<h3 class=\"wp-block-heading\" id=\"h-videos\" style=\"font-size:clamp(15.747px, 0.984rem + ((1vw - 3.2px) * 0.645), 24px);\">V\u00eddeos<\/h3>\n\n<ul class=\"wp-block-list\">\n<li><a href=\"https:\/\/youtu.be\/ZhEZCyI1Ow8\" target=\"_blank\" rel=\"noreferrer noopener\">Community Land Trust, Qu\u00eania<\/a>, UN-Habitat, 2009<\/li>\n<\/ul>\n\n<h2 class=\"wp-block-heading\" id=\"h-south-africa\" style=\"font-size:clamp(21.027px, 1.314rem + ((1vw - 3.2px) * 1.014), 34px);\">\u00c1frica do Sul<\/h2>\n\n<h3 class=\"wp-block-heading\" id=\"h-articles-0\" style=\"font-size:clamp(15.747px, 0.984rem + ((1vw - 3.2px) * 0.645), 24px);\">Artigos<\/h3>\n\n<ul class=\"wp-block-list\">\n<li><a href=\"https:\/\/www.jstor.org\/stable\/10.18772\/22019103849.18?seq=1#metadata_info_tab_contents\" target=\"_blank\" rel=\"noreferrer noopener\">Community land trusts and social inclusion<\/a>, Heinz Klug e Neil Klug, de Politics and Community-Based Research: Perspectives from Yeoville Studio, Joanesburgo, Wits University Press, 2019<\/li>\n<\/ul>\n\n<p><\/p>\n","protected":false},"excerpt":{"rendered":"<p>Qu\u00eania Artigos V\u00eddeos \u00c1frica do Sul Artigos<\/p>\n","protected":false},"author":1,"featured_media":0,"parent":3142,"menu_order":0,"comment_status":"closed","ping_status":"closed","template":"","meta":{"give_campaign_id":0,"_tec_requires_first_save":true,"_kad_blocks_custom_css":"","_kad_blocks_head_custom_js":"","_kad_blocks_body_custom_js":"","_kad_blocks_footer_custom_js":"","_EventAllDay":false,"_EventTimezone":"","_EventStartDate":"","_EventEndDate":"","_EventStartDateUTC":"","_EventEndDateUTC":"","_EventShowMap":false,"_EventShowMapLink":false,"_EventURL":"","_EventCost":"","_EventCostDescription":"","_EventCurrencySymbol":"","_EventCurrencyCode":"","_EventCurrencyPosition":"","_EventDateTimeSeparator":"","_EventTimeRangeSeparator":"","_EventOrganizerID":[],"_EventVenueID":[],"_OrganizerEmail":"","_OrganizerPhone":"","_OrganizerWebsite":"","_VenueAddress":"","_VenueCity":"","_VenueCountry":"","_VenueProvince":"","_VenueState":"","_VenueZip":"","_VenuePhone":"","_VenueURL":"","_VenueStateProvince":"","_VenueLat":"","_VenueLng":"","_VenueShowMap":false,"_VenueShowMapLink":false,"_tribe_blocks_recurrence_rules":"","_tribe_blocks_recurrence_description":"","_tribe_blocks_recurrence_exclusions":"","footnotes":""},"categories":[157],"tags":[],"class_list":["post-3716","page","type-page","status-publish","hentry","category-sul-global"],"blocksy_meta":[],"yoast_head":"<!-- This site is optimized with the Yoast SEO Premium plugin v27.5 (Yoast SEO v27.5) - https:\/\/yoast.com\/product\/yoast-seo-premium-wordpress\/ -->\n<title>\u00c1frica - International Center for Community Land Trusts<\/title>\n<meta name=\"robots\" content=\"index, follow, max-snippet:-1, max-image-preview:large, max-video-preview:-1\" \/>\n<link rel=\"canonical\" href=\"https:\/\/www.cltweb.org\/pt-br\/biblioteca-de-recursos\/sul-global\/africa\/\" \/>\n<meta property=\"og:locale\" content=\"pt_BR\" \/>\n<meta property=\"og:type\" content=\"article\" \/>\n<meta property=\"og:title\" content=\"\u00c1frica\" \/>\n<meta property=\"og:description\" content=\"Qu\u00eania Artigos V\u00eddeos \u00c1frica do Sul Artigos\" \/>\n<meta property=\"og:url\" content=\"https:\/\/www.cltweb.org\/pt-br\/biblioteca-de-recursos\/sul-global\/africa\/\" \/>\n<meta property=\"og:site_name\" content=\"International Center for Community Land Trusts\" \/>\n<meta property=\"article:publisher\" content=\"https:\/\/www.facebook.com\/cltcenter\" \/>\n<meta property=\"article:modified_time\" content=\"2025-01-02T22:41:27+00:00\" \/>\n<meta name=\"twitter:card\" content=\"summary_large_image\" \/>\n<meta name=\"twitter:site\" content=\"@Center4CLTs\" \/>\n<meta name=\"twitter:label1\" content=\"Est. tempo de leitura\" \/>\n\t<meta name=\"twitter:data1\" content=\"2 minutos\" \/>\n<script type=\"application\/ld+json\" class=\"yoast-schema-graph\">{\"@context\":\"https:\\\/\\\/schema.org\",\"@graph\":[{\"@type\":\"WebPage\",\"@id\":\"https:\\\/\\\/www.cltweb.org\\\/pt-br\\\/biblioteca-de-recursos\\\/sul-global\\\/africa\\\/\",\"url\":\"https:\\\/\\\/www.cltweb.org\\\/pt-br\\\/biblioteca-de-recursos\\\/sul-global\\\/africa\\\/\",\"name\":\"\u00c1frica - International Center for Community Land Trusts\",\"isPartOf\":{\"@id\":\"https:\\\/\\\/www.cltweb.org\\\/pt-br\\\/#website\"},\"datePublished\":\"2024-10-19T19:35:08+00:00\",\"dateModified\":\"2025-01-02T22:41:27+00:00\",\"breadcrumb\":{\"@id\":\"https:\\\/\\\/www.cltweb.org\\\/pt-br\\\/biblioteca-de-recursos\\\/sul-global\\\/africa\\\/#breadcrumb\"},\"inLanguage\":\"pt-BR\",\"potentialAction\":[{\"@type\":\"ReadAction\",\"target\":[\"https:\\\/\\\/www.cltweb.org\\\/pt-br\\\/biblioteca-de-recursos\\\/sul-global\\\/africa\\\/\"]}]},{\"@type\":\"BreadcrumbList\",\"@id\":\"https:\\\/\\\/www.cltweb.org\\\/pt-br\\\/biblioteca-de-recursos\\\/sul-global\\\/africa\\\/#breadcrumb\",\"itemListElement\":[{\"@type\":\"ListItem\",\"position\":1,\"name\":\"Home\",\"item\":\"https:\\\/\\\/www.cltweb.org\\\/pt-br\\\/\"},{\"@type\":\"ListItem\",\"position\":2,\"name\":\"Biblioteca de recursos\",\"item\":\"https:\\\/\\\/www.cltweb.org\\\/pt-br\\\/biblioteca-de-recursos\\\/\"},{\"@type\":\"ListItem\",\"position\":3,\"name\":\"Sul Global\",\"item\":\"https:\\\/\\\/www.cltweb.org\\\/pt-br\\\/biblioteca-de-recursos\\\/sul-global\\\/\"},{\"@type\":\"ListItem\",\"position\":4,\"name\":\"\u00c1frica\"}]},{\"@type\":\"WebSite\",\"@id\":\"https:\\\/\\\/www.cltweb.org\\\/pt-br\\\/#website\",\"url\":\"https:\\\/\\\/www.cltweb.org\\\/pt-br\\\/\",\"name\":\"International Center for Community Land Trusts\",\"description\":\"\",\"publisher\":{\"@id\":\"https:\\\/\\\/www.cltweb.org\\\/pt-br\\\/#organization\"},\"potentialAction\":[{\"@type\":\"SearchAction\",\"target\":{\"@type\":\"EntryPoint\",\"urlTemplate\":\"https:\\\/\\\/www.cltweb.org\\\/pt-br\\\/?s={search_term_string}\"},\"query-input\":{\"@type\":\"PropertyValueSpecification\",\"valueRequired\":true,\"valueName\":\"search_term_string\"}}],\"inLanguage\":\"pt-BR\"},{\"@type\":\"Organization\",\"@id\":\"https:\\\/\\\/www.cltweb.org\\\/pt-br\\\/#organization\",\"name\":\"International Center for Community Land Trusts\",\"url\":\"https:\\\/\\\/www.cltweb.org\\\/pt-br\\\/\",\"logo\":{\"@type\":\"ImageObject\",\"inLanguage\":\"pt-BR\",\"@id\":\"https:\\\/\\\/www.cltweb.org\\\/pt-br\\\/#\\\/schema\\\/logo\\\/image\\\/\",\"url\":\"https:\\\/\\\/www.cltweb.org\\\/wp-content\\\/uploads\\\/2024\\\/11\\\/New-CLT-Center-Text-logo.png\",\"contentUrl\":\"https:\\\/\\\/www.cltweb.org\\\/wp-content\\\/uploads\\\/2024\\\/11\\\/New-CLT-Center-Text-logo.png\",\"width\":227,\"height\":80,\"caption\":\"International Center for Community Land Trusts\"},\"image\":{\"@id\":\"https:\\\/\\\/www.cltweb.org\\\/pt-br\\\/#\\\/schema\\\/logo\\\/image\\\/\"},\"sameAs\":[\"https:\\\/\\\/www.facebook.com\\\/cltcenter\",\"https:\\\/\\\/x.com\\\/Center4CLTs\",\"https:\\\/\\\/www.instagram.com\\\/cltcenter\\\/\",\"https:\\\/\\\/www.linkedin.com\\\/company\\\/cltcenter\",\"https:\\\/\\\/www.youtube.com\\\/@centerforcltinnovation5313\"],\"description\":\"The International Center for Community Land Trusts is a not-for-profit nongovernmental organization established in 2018 to promote and to support community land trusts and similar strategies of community-led development on community-owned land in countries throughout the world.\",\"email\":\"info@communitylandtrust.net\",\"legalName\":\"International Center for Community Land Trusts\",\"foundingDate\":\"2018-12-01\",\"taxID\":\"84-3858933\",\"numberOfEmployees\":{\"@type\":\"QuantitativeValue\",\"minValue\":\"1\",\"maxValue\":\"10\"}}]}<\/script>\n<!-- \/ Yoast SEO Premium plugin. -->","yoast_head_json":{"title":"\u00c1frica - International Center for Community Land Trusts","robots":{"index":"index","follow":"follow","max-snippet":"max-snippet:-1","max-image-preview":"max-image-preview:large","max-video-preview":"max-video-preview:-1"},"canonical":"https:\/\/www.cltweb.org\/pt-br\/biblioteca-de-recursos\/sul-global\/africa\/","og_locale":"pt_BR","og_type":"article","og_title":"\u00c1frica","og_description":"Qu\u00eania Artigos V\u00eddeos \u00c1frica do Sul Artigos","og_url":"https:\/\/www.cltweb.org\/pt-br\/biblioteca-de-recursos\/sul-global\/africa\/","og_site_name":"International Center for Community Land Trusts","article_publisher":"https:\/\/www.facebook.com\/cltcenter","article_modified_time":"2025-01-02T22:41:27+00:00","twitter_card":"summary_large_image","twitter_site":"@Center4CLTs","twitter_misc":{"Est. tempo de leitura":"2 minutos"},"schema":{"@context":"https:\/\/schema.org","@graph":[{"@type":"WebPage","@id":"https:\/\/www.cltweb.org\/pt-br\/biblioteca-de-recursos\/sul-global\/africa\/","url":"https:\/\/www.cltweb.org\/pt-br\/biblioteca-de-recursos\/sul-global\/africa\/","name":"\u00c1frica - International Center for Community Land Trusts","isPartOf":{"@id":"https:\/\/www.cltweb.org\/pt-br\/#website"},"datePublished":"2024-10-19T19:35:08+00:00","dateModified":"2025-01-02T22:41:27+00:00","breadcrumb":{"@id":"https:\/\/www.cltweb.org\/pt-br\/biblioteca-de-recursos\/sul-global\/africa\/#breadcrumb"},"inLanguage":"pt-BR","potentialAction":[{"@type":"ReadAction","target":["https:\/\/www.cltweb.org\/pt-br\/biblioteca-de-recursos\/sul-global\/africa\/"]}]},{"@type":"BreadcrumbList","@id":"https:\/\/www.cltweb.org\/pt-br\/biblioteca-de-recursos\/sul-global\/africa\/#breadcrumb","itemListElement":[{"@type":"ListItem","position":1,"name":"Home","item":"https:\/\/www.cltweb.org\/pt-br\/"},{"@type":"ListItem","position":2,"name":"Biblioteca de recursos","item":"https:\/\/www.cltweb.org\/pt-br\/biblioteca-de-recursos\/"},{"@type":"ListItem","position":3,"name":"Sul Global","item":"https:\/\/www.cltweb.org\/pt-br\/biblioteca-de-recursos\/sul-global\/"},{"@type":"ListItem","position":4,"name":"\u00c1frica"}]},{"@type":"WebSite","@id":"https:\/\/www.cltweb.org\/pt-br\/#website","url":"https:\/\/www.cltweb.org\/pt-br\/","name":"International Center for Community Land Trusts","description":"","publisher":{"@id":"https:\/\/www.cltweb.org\/pt-br\/#organization"},"potentialAction":[{"@type":"SearchAction","target":{"@type":"EntryPoint","urlTemplate":"https:\/\/www.cltweb.org\/pt-br\/?s={search_term_string}"},"query-input":{"@type":"PropertyValueSpecification","valueRequired":true,"valueName":"search_term_string"}}],"inLanguage":"pt-BR"},{"@type":"Organization","@id":"https:\/\/www.cltweb.org\/pt-br\/#organization","name":"International Center for Community Land Trusts","url":"https:\/\/www.cltweb.org\/pt-br\/","logo":{"@type":"ImageObject","inLanguage":"pt-BR","@id":"https:\/\/www.cltweb.org\/pt-br\/#\/schema\/logo\/image\/","url":"https:\/\/www.cltweb.org\/wp-content\/uploads\/2024\/11\/New-CLT-Center-Text-logo.png","contentUrl":"https:\/\/www.cltweb.org\/wp-content\/uploads\/2024\/11\/New-CLT-Center-Text-logo.png","width":227,"height":80,"caption":"International Center for Community Land Trusts"},"image":{"@id":"https:\/\/www.cltweb.org\/pt-br\/#\/schema\/logo\/image\/"},"sameAs":["https:\/\/www.facebook.com\/cltcenter","https:\/\/x.com\/Center4CLTs","https:\/\/www.instagram.com\/cltcenter\/","https:\/\/www.linkedin.com\/company\/cltcenter","https:\/\/www.youtube.com\/@centerforcltinnovation5313"],"description":"The International Center for Community Land Trusts is a not-for-profit nongovernmental organization established in 2018 to promote and to support community land trusts and similar strategies of community-led development on community-owned land in countries throughout the world.","email":"info@communitylandtrust.net","legalName":"International Center for Community Land Trusts","foundingDate":"2018-12-01","taxID":"84-3858933","numberOfEmployees":{"@type":"QuantitativeValue","minValue":"1","maxValue":"10"}}]}},"campaignId":"","taxonomy_info":{"category":[{"value":157,"label":"Sul Global"}]},"featured_image_src_large":false,"author_info":{"display_name":"cltredesign_0jp0l4","author_link":"https:\/\/www.cltweb.org\/pt-br\/author\/cltredesign_0jp0l4\/"},"comment_info":0,"jetpack_sharing_enabled":true,"jetpack-related-posts":[{"id":775,"url":"https:\/\/www.cltweb.org\/pt-br\/programas-e-projetos\/iniciativa-clt-do-sul-global\/","url_meta":{"origin":3716,"position":0},"title":"Iniciativa do Fundo Comunit\u00e1rio de Terras do Sul Global","author":"cltredesign_0jp0l4","date":"26 de julho de 2024","format":false,"excerpt":"Promo\u00e7\u00e3o do direito \u00e0 moradia e da propriedade comunit\u00e1ria no Sul Global Vis\u00e3o geral Terra e moradia seguras s\u00e3o um direito humano - e uma luta global. Na \u00c1frica, na \u00c1sia, na Am\u00e9rica Latina e no Caribe, as comunidades est\u00e3o criando movimentos poderosos para promover o direito \u00e0 moradia, recuperar\u2026","rel":"","context":"Em &quot;Programas e projetos&quot;","block_context":{"text":"Programas e projetos","link":"https:\/\/www.cltweb.org\/pt-br\/category\/programas-e-projetos\/"},"img":{"alt_text":"","src":"","width":0,"height":0},"classes":[]},{"id":1584,"url":"https:\/\/www.cltweb.org\/pt-br\/terra-nostra-press\/catalogo\/fundos-de-terras-comunitarios-e-assentamentos-informais-no-sul-global\/","url_meta":{"origin":3716,"position":1},"title":"Fundos de Terras Comunit\u00e1rios e Assentamentos Informais no Sul Global","author":"cltredesign_0jp0l4","date":"29 de julho de 2024","format":false,"excerpt":"Dispon\u00edvel agora em todo o mundo, 158 pp.PAPERBACK ISBN 9781736275917 $15.00 USEBOOK ISBN 9781736275924 $5.00 US Voc\u00ea pode obter descontos para pedidos em massa para ONGs. Para obter mais informa\u00e7\u00f5es e fazer seu pedido, acesse nossa p\u00e1gina de pedidos em massa. Community Land Trusts and Informal Settlements in the Global\u2026","rel":"","context":"Em &quot;Cat\u00e1logo&quot;","block_context":{"text":"Cat\u00e1logo","link":"https:\/\/www.cltweb.org\/pt-br\/category\/catalogo\/"},"img":{"alt_text":"Global South Book Cover","src":"https:\/\/i0.wp.com\/www.cltweb.org\/wp-content\/uploads\/2024\/10\/Global-South-Cover.jpg?resize=350%2C200&ssl=1","width":350,"height":200,"srcset":"https:\/\/i0.wp.com\/www.cltweb.org\/wp-content\/uploads\/2024\/10\/Global-South-Cover.jpg?resize=350%2C200&ssl=1 1x, https:\/\/i0.wp.com\/www.cltweb.org\/wp-content\/uploads\/2024\/10\/Global-South-Cover.jpg?resize=525%2C300&ssl=1 1.5x, https:\/\/i0.wp.com\/www.cltweb.org\/wp-content\/uploads\/2024\/10\/Global-South-Cover.jpg?resize=700%2C400&ssl=1 2x, https:\/\/i0.wp.com\/www.cltweb.org\/wp-content\/uploads\/2024\/10\/Global-South-Cover.jpg?resize=1050%2C600&ssl=1 3x, https:\/\/i0.wp.com\/www.cltweb.org\/wp-content\/uploads\/2024\/10\/Global-South-Cover.jpg?resize=1400%2C800&ssl=1 4x"},"classes":[]},{"id":3142,"url":"https:\/\/www.cltweb.org\/pt-br\/biblioteca-de-recursos\/sul-global\/","url_meta":{"origin":3716,"position":2},"title":"Sul Global","author":"cltredesign_0jp0l4","date":"4 de outubro de 2024","format":false,"excerpt":"Fundos de Terras Comunit\u00e1rios no Sul Global Gra\u00e7as ao trabalho pioneiro do Tanzania-Bondeni Community Land Trust, no Qu\u00eania, do Fideicomiso de la Tierra del Ca\u00f1o Mart\u00edn Pe\u00f1a, em Porto Rico, e das Comunidades Catalisadoras, no Brasil, h\u00e1 um grande potencial para a expans\u00e3o dos fundos fiduci\u00e1rios comunit\u00e1rios de terras no\u2026","rel":"","context":"Em &quot;Biblioteca de recursos&quot;","block_context":{"text":"Biblioteca de recursos","link":"https:\/\/www.cltweb.org\/pt-br\/category\/biblioteca-de-recursos\/"},"img":{"alt_text":"","src":"","width":0,"height":0},"classes":[]},{"id":862,"url":"https:\/\/www.cltweb.org\/pt-br\/sobre-nos\/diretoria\/","url_meta":{"origin":3716,"position":3},"title":"Diretoria e equipe","author":"cltredesign_0jp0l4","date":"26 de julho de 2024","format":false,"excerpt":"A equipe que est\u00e1 liderando o trabalho do Centro CLT.","rel":"","context":"Em &quot;Sobre n\u00f3s&quot;","block_context":{"text":"Sobre n\u00f3s","link":"https:\/\/www.cltweb.org\/pt-br\/category\/sobre-nos\/"},"img":{"alt_text":"","src":"","width":0,"height":0},"classes":[]},{"id":818,"url":"https:\/\/www.cltweb.org\/pt-br\/o-que-os-clts-fazem\/sul-global\/","url_meta":{"origin":3716,"position":4},"title":"Sul Global","author":"cltredesign_0jp0l4","date":"26 de julho de 2024","format":false,"excerpt":"","rel":"","context":"Em &quot;O que os CLTs fazem&quot;","block_context":{"text":"O que os CLTs fazem","link":"https:\/\/www.cltweb.org\/pt-br\/category\/o-que-os-clts-fazem\/"},"img":{"alt_text":"","src":"","width":0,"height":0},"classes":[]},{"id":8092,"url":"https:\/\/www.cltweb.org\/pt-br\/biblioteca-de-recursos\/modelo-de-subsecao-de-recursos\/","url_meta":{"origin":3716,"position":5},"title":"Rede Global CLT","author":"cltredesign_0jp0l4","date":"28 de dezembro de 2024","format":false,"excerpt":"Rede Global CLT Existem 616 CLTs em 13 pa\u00edses. Confira o mapa global, nossa listagem de redes CLT e uma se\u00e7\u00e3o dedicada aos CLTs no Sul Global.","rel":"","context":"Post similar","block_context":{"text":"Post similar","link":""},"img":{"alt_text":"","src":"","width":0,"height":0},"classes":[]}],"_links":{"self":[{"href":"https:\/\/www.cltweb.org\/pt-br\/wp-json\/wp\/v2\/pages\/3716","targetHints":{"allow":["GET"]}}],"collection":[{"href":"https:\/\/www.cltweb.org\/pt-br\/wp-json\/wp\/v2\/pages"}],"about":[{"href":"https:\/\/www.cltweb.org\/pt-br\/wp-json\/wp\/v2\/types\/page"}],"author":[{"embeddable":true,"href":"https:\/\/www.cltweb.org\/pt-br\/wp-json\/wp\/v2\/users\/1"}],"replies":[{"embeddable":true,"href":"https:\/\/www.cltweb.org\/pt-br\/wp-json\/wp\/v2\/comments?post=3716"}],"version-history":[{"count":8,"href":"https:\/\/www.cltweb.org\/pt-br\/wp-json\/wp\/v2\/pages\/3716\/revisions"}],"predecessor-version":[{"id":8436,"href":"https:\/\/www.cltweb.org\/pt-br\/wp-json\/wp\/v2\/pages\/3716\/revisions\/8436"}],"up":[{"embeddable":true,"href":"https:\/\/www.cltweb.org\/pt-br\/wp-json\/wp\/v2\/pages\/3142"}],"wp:attachment":[{"href":"https:\/\/www.cltweb.org\/pt-br\/wp-json\/wp\/v2\/media?parent=3716"}],"wp:term":[{"taxonomy":"category","embeddable":true,"href":"https:\/\/www.cltweb.org\/pt-br\/wp-json\/wp\/v2\/categories?post=3716"},{"taxonomy":"post_tag","embeddable":true,"href":"https:\/\/www.cltweb.org\/pt-br\/wp-json\/wp\/v2\/tags?post=3716"}],"curies":[{"name":"wp","href":"https:\/\/api.w.org\/{rel}","templated":true}]}}