{"id":4184,"date":"2024-10-22T17:47:58","date_gmt":"2024-10-22T17:47:58","guid":{"rendered":"https:\/\/www.cltweb.org\/biblioteca-de-recursos\/historia-do-movimento-clt\/raizes-da-clt\/precursores-internacionais\/graos-antigos\/"},"modified":"2024-10-22T19:00:18","modified_gmt":"2024-10-22T19:00:18","slug":"graos-antigos","status":"publish","type":"page","link":"https:\/\/www.cltweb.org\/pt-br\/biblioteca-de-recursos\/raizes-da-clt\/precursores-internacionais\/graos-antigos\/","title":{"rendered":"Gr\u00e3os antigos"},"content":{"rendered":"\n<p>Fora dos Estados Unidos, a no\u00e7\u00e3o de tratar a terra de forma diferente do que \u00e9 constru\u00eddo sobre ela &#8211; um princ\u00edpio que est\u00e1 no centro do community land trust moderno &#8211; tem um pedigree longo e nobre. A terra \u00e9 vista por v\u00e1rias tradi\u00e7\u00f5es culturais e religiosas como um presente generoso que foi dado a toda a humanidade por um Deus generoso. A terra \u00e9 um fundo sagrado. Ela pode ser usada temporariamente por indiv\u00edduos, mas n\u00e3o pode ser propriedade permanente.   <\/p>\n\n<p>Na \u00cdndia antiga, havia uma proibi\u00e7\u00e3o v\u00e9dica contra a doa\u00e7\u00e3o de terras. No antigo Israel, a Tor\u00e1 revelou que Yahweh ordenou que &#8220;A terra n\u00e3o deve ser vendida perpetuamente, pois a terra \u00e9 minha; comigo, voc\u00eas s\u00e3o apenas estrangeiros e inquilinos&#8221;<em>(Lev\u00edtico<\/em> 25: 23). De forma semelhante, os fil\u00f3sofos da igreja crist\u00e3 primitiva desafiaram o costume romano de indiv\u00edduos que detinham a terra como propriedade absoluta. Eles consideravam a terra como um meio de vida e sustento comunit\u00e1rio que deveria estar dispon\u00edvel para toda a comunidade.   <\/p>\n\n<p>Muitos povos nativos t\u00eam um senso semelhante de que a terra, os rios, as montanhas e o c\u00e9u s\u00e3o presentes sagrados que s\u00e3o compartilhados por todos e n\u00e3o pertencem a ningu\u00e9m. De fato, para eles, toda a ideia de possuir uma terra parecia rid\u00edcula. A eloquente carta do cacique Seattle de 1854, respondendo a uma solicita\u00e7\u00e3o do governo federal para comprar terras tribais no noroeste do Pac\u00edfico, captou bem esse sentimento:  <\/p>\n\n<p><em>O presidente em Washington manda avisar que deseja comprar nossas terras. Mas como voc\u00ea pode comprar ou vender o c\u00e9u? A terra? A ideia \u00e9 estranha para n\u00f3s. Se n\u00e3o somos donos do frescor do ar e do brilho da \u00e1gua, como voc\u00ea pode compr\u00e1-los?    <\/em><\/p>\n\n<p>H\u00e1 uma segunda vertente \u00e9tica que atravessa muitas tradi\u00e7\u00f5es culturais e religiosas que n\u00e3o considera nada inerentemente errado na propriedade da terra; de fato, a validade de toda propriedade privada \u00e9 afirmada. Mas acumular mais do que o necess\u00e1rio para o bem-estar pessoal \u00e9 considerado imoral. Os bens mundanos devem ser usados n\u00e3o apenas para a melhoria de seus propriet\u00e1rios, mas tamb\u00e9m para o benef\u00edcio da comunidade maior, presente e futura. Isso \u00e9 especialmente verdadeiro para recursos limitados, como terra e \u00e1gua, em que a propriedade concentrada de uma minoria privilegiada pode privar a maioria do que ela precisa para viver e prosperar. Nas palavras de Santo Agostinho, &#8220;Aquele que possui um excedente, possui os bens dos outros&#8221;.    <\/p>\n\n<p>Gera\u00e7\u00f5es mais tarde, essa \u00e9tica encontrou um eco asi\u00e1tico no conceito de &#8220;fideicomisso&#8221; de Mahatma Gandhi. Apesar de seu ascetismo pessoal, Gandhi n\u00e3o presumiu que os outros evitariam bens materiais, nem condenou a propriedade privada da terra. O que ele condenou, em um pa\u00eds de grande pobreza que ainda estava emergindo de cem anos de dom\u00ednio colonial brit\u00e2nico, foi o ac\u00famulo de bens al\u00e9m das necessidades pessoais. Em suas palavras:   <\/p>\n\n<p><em>O que me pertence \u00e9 o direito a um meio de vida honrado, n\u00e3o melhor do que aquele desfrutado por milh\u00f5es de outras pessoas. O restante de minha riqueza pertence \u00e0 comunidade e deve ser usado para o bem-estar da comunidade <\/em>.<\/p>\n\n<p>Ou, como a Igreja Cat\u00f3lica Romana disse certa vez, em uma s\u00e9rie de enc\u00edclicas emitidas entre 1891 e 1991, h\u00e1 uma &#8220;hipoteca social&#8221; sobre toda propriedade privada.<\/p>\n\n<p>O community land trust dificilmente \u00e9 a primeira institui\u00e7\u00e3o a tratar a terra como algo que deve ser mantido em administra\u00e7\u00e3o para toda a comunidade, presente e futura. Tampouco \u00e9 a primeira a descobrir uma justificativa \u00e9tica para limitar o patrim\u00f4nio que os indiv\u00edduos podem remover da propriedade a fim de garantir o acesso de pessoas necessitadas. Esses preceitos \u00e9ticos existem h\u00e1 muito tempo.  <\/p>\n\n<h2 class=\"wp-block-heading\">Leituras adicionais<\/h2>\n\n<ul class=\"wp-block-list\">\n<li>C. Avilia, <em>Ownership: Early Christian Teaching<\/em> (Maryknoll NY: Orbis Books, 1983).<\/li>\n\n\n\n<li>V. Bartlett, &#8220;The Biblical and Early Christian Idea of Property&#8221;, em A.J. Carlyle (ed.), <a href=\"http:\/\/www.gregoryrosenberg.net\/clt\/wp-content\/uploads\/sites\/3\/2013\/10\/Jubilee-ram-horn.jpeg\"><\/a><em>Property: Its Duties and Rights<\/em> (Londres: McMillian, 1915).<\/li>\n\n\n\n<li>J.W. Bruce, &#8220;A Perspective on Indigenous Land Tenure Systems and Land Concentration&#8221;, em R.E. Downs e S.P. Reyna (eds.), <em>Land and Society in Contemporary Africa<\/em> (Hanover NH: University Press of New England, 1988).<\/li>\n\n\n\n<li>Catholic Bishops of the Heartland,<em> Strangers and Guests, Toward Community in the Heartland<\/em>: (Sioux Falls SD: Heartland Project, 1980. Declara\u00e7\u00e3o sobre quest\u00f5es fundi\u00e1rias assinada e emitida por bispos cat\u00f3licos representando Colorado, Illinois, Indiana, Iowa, Kansas, Minnesota, Missouri, Nebraska, Dakota do Norte, Dakota do Sul e Wyoming).<\/li>\n\n\n\n<li>R.C. Ellickson e C. Thorland, &#8220;Ancient Law: Mesopotamia, Egypt, Israel&#8221;, <em>Chicago-Kent Law Review<\/em> 71-321-411, 1995.<\/li>\n\n\n\n<li>Mohandas K. Gandhi, <em>Trusteeship<\/em> (Ahemadabad, \u00cdndia: Navajivan Trust, 1960).<\/li>\n\n\n\n<li>Vicki Lindsay, &#8220;Cultural &amp; Religious Roots of the Community Land Trust Movement&#8221; (ensaio n\u00e3o publicado, 2001).<\/li>\n\n\n\n<li>D. Novak, <em>Jewish Social Ethics<\/em> (Nova York: Oxford University Press, 1992).<\/li>\n\n\n\n<li>D.J. O&#8217;Brien e T.A. Shannon (eds.), <em>Renewing the Earth: Catholic Documents on Peace, Justice, and Liberation<\/em> (Garden City, NY: Image Books, 1977).<\/li>\n\n\n\n<li>Peter W. Salsich, &#8220;Toward a Property Ethic of Stewardship&#8221;, p. 21-40 em Charles Geisler e Gail Daneker (orgs.). <em>Property and Values: Alternatives to Public and Private Ownership<\/em> (Washington DC: Island Press, 2000). Reproduzido em J.E. Davis (ed.), <em>The Community Land Trust Reader<\/em> (Cambridge MA: Lincoln Institute of Land Policy, 2010). <\/li>\n\n\n\n<li><a href=\"http:\/\/link.springer.com\/search?facet-author=%22Richard+Worrell%22\">Richard Worrell<\/a> e Michael C. Appleby, &#8220;Stewardship of Natural Resources: Definition, Ethical and Practical Aspects&#8221;, <em>Journal of Agricultural and Environmental Ethics<\/em>, Vol.12, <a href=\"http:\/\/link.springer.com\/journal\/10806\/12\/3\/page\/1\">Issue 3<\/a>, 2000: 263-277.<\/li>\n<\/ul>\n\n<h2 class=\"wp-block-heading\">Links<\/h2>\n\n<ul class=\"wp-block-list\">\n<li>Catholic Rural Life, <a href=\"http:\/\/www.ncrlc.com\/page.aspx?ID=79\" target=\"_blank\" rel=\"noreferrer noopener\">Principles for Stewardship of Land (<\/a>Vida Rural Cat\u00f3lica, <a href=\"http:\/\/www.ncrlc.com\/page.aspx?ID=79\" target=\"_blank\" rel=\"noreferrer noopener\">Princ\u00edpios para a Administra\u00e7\u00e3o da Terra<\/a>)<\/li>\n\n\n\n<li>J. Patrick Dobel, &#8220;<a href=\"http:\/\/www.religion-online.org\/showarticle.asp?title=1180\" target=\"_blank\" rel=\"noreferrer noopener\">Stewards of the Earth&#8217;s Resources: A Christian Response to Ecology<\/a>&#8220;<\/li>\n\n\n\n<li><a href=\"http:\/\/www.creativespirits.info\/aboriginalculture\/land\/meaning-of-land-to-aboriginal-people\" target=\"_blank\" rel=\"noreferrer noopener\">Significado da terra para o povo abor\u00edgine<\/a><\/li>\n\n\n\n<li><a href=\"http:\/\/www.webofcreation.org\/\" target=\"_blank\" rel=\"noreferrer noopener\">Teia da Cria\u00e7\u00e3o: Recursos ecol\u00f3gicos para transformar as comunidades de f\u00e9 e a sociedade<\/a><\/li>\n<\/ul>\n","protected":false},"excerpt":{"rendered":"<p>Fora dos Estados Unidos, a no\u00e7\u00e3o de tratar a terra de forma diferente do que \u00e9 constru\u00eddo sobre ela &#8211; um princ\u00edpio que est\u00e1 no centro do community land trust [&hellip;]<\/p>\n","protected":false},"author":1,"featured_media":0,"parent":1694,"menu_order":0,"comment_status":"closed","ping_status":"closed","template":"","meta":{"give_campaign_id":0,"_tec_requires_first_save":true,"_kad_blocks_custom_css":"","_kad_blocks_head_custom_js":"","_kad_blocks_body_custom_js":"","_kad_blocks_footer_custom_js":"","_EventAllDay":false,"_EventTimezone":"","_EventStartDate":"","_EventEndDate":"","_EventStartDateUTC":"","_EventEndDateUTC":"","_EventShowMap":false,"_EventShowMapLink":false,"_EventURL":"","_EventCost":"","_EventCostDescription":"","_EventCurrencySymbol":"","_EventCurrencyCode":"","_EventCurrencyPosition":"","_EventDateTimeSeparator":"","_EventTimeRangeSeparator":"","_EventOrganizerID":[],"_EventVenueID":[],"_OrganizerEmail":"","_OrganizerPhone":"","_OrganizerWebsite":"","_VenueAddress":"","_VenueCity":"","_VenueCountry":"","_VenueProvince":"","_VenueState":"","_VenueZip":"","_VenuePhone":"","_VenueURL":"","_VenueStateProvince":"","_VenueLat":"","_VenueLng":"","_VenueShowMap":false,"_VenueShowMapLink":false,"_tribe_blocks_recurrence_rules":"","_tribe_blocks_recurrence_description":"","_tribe_blocks_recurrence_exclusions":"","footnotes":""},"categories":[193],"tags":[],"class_list":["post-4184","page","type-page","status-publish","hentry","category-precursores-internacionais"],"blocksy_meta":[],"yoast_head":"<!-- This site is optimized with the Yoast SEO Premium plugin v27.5 (Yoast SEO v27.5) - https:\/\/yoast.com\/product\/yoast-seo-premium-wordpress\/ -->\n<title>Gr\u00e3os antigos - International Center for Community Land Trusts<\/title>\n<meta name=\"robots\" content=\"index, follow, max-snippet:-1, max-image-preview:large, max-video-preview:-1\" \/>\n<link rel=\"canonical\" href=\"https:\/\/www.cltweb.org\/pt-br\/biblioteca-de-recursos\/raizes-da-clt\/precursores-internacionais\/graos-antigos\/\" \/>\n<meta property=\"og:locale\" content=\"pt_BR\" \/>\n<meta property=\"og:type\" content=\"article\" \/>\n<meta property=\"og:title\" content=\"Gr\u00e3os antigos\" \/>\n<meta property=\"og:description\" content=\"Fora dos Estados Unidos, a no\u00e7\u00e3o de tratar a terra de forma diferente do que \u00e9 constru\u00eddo sobre ela &#8211; um princ\u00edpio que est\u00e1 no centro do community land trust [&hellip;]\" \/>\n<meta property=\"og:url\" content=\"https:\/\/www.cltweb.org\/pt-br\/biblioteca-de-recursos\/raizes-da-clt\/precursores-internacionais\/graos-antigos\/\" \/>\n<meta property=\"og:site_name\" content=\"International Center for Community Land Trusts\" \/>\n<meta property=\"article:publisher\" content=\"https:\/\/www.facebook.com\/cltcenter\" \/>\n<meta property=\"article:modified_time\" content=\"2024-10-22T19:00:18+00:00\" \/>\n<meta name=\"twitter:card\" content=\"summary_large_image\" \/>\n<meta name=\"twitter:site\" content=\"@Center4CLTs\" \/>\n<meta name=\"twitter:label1\" content=\"Est. tempo de leitura\" \/>\n\t<meta name=\"twitter:data1\" content=\"5 minutos\" \/>\n<script type=\"application\/ld+json\" class=\"yoast-schema-graph\">{\"@context\":\"https:\\\/\\\/schema.org\",\"@graph\":[{\"@type\":\"WebPage\",\"@id\":\"https:\\\/\\\/www.cltweb.org\\\/pt-br\\\/biblioteca-de-recursos\\\/raizes-da-clt\\\/precursores-internacionais\\\/graos-antigos\\\/\",\"url\":\"https:\\\/\\\/www.cltweb.org\\\/pt-br\\\/biblioteca-de-recursos\\\/raizes-da-clt\\\/precursores-internacionais\\\/graos-antigos\\\/\",\"name\":\"Gr\u00e3os antigos - International Center for Community Land Trusts\",\"isPartOf\":{\"@id\":\"https:\\\/\\\/www.cltweb.org\\\/pt-br\\\/#website\"},\"datePublished\":\"2024-10-22T17:47:58+00:00\",\"dateModified\":\"2024-10-22T19:00:18+00:00\",\"breadcrumb\":{\"@id\":\"https:\\\/\\\/www.cltweb.org\\\/pt-br\\\/biblioteca-de-recursos\\\/raizes-da-clt\\\/precursores-internacionais\\\/graos-antigos\\\/#breadcrumb\"},\"inLanguage\":\"pt-BR\",\"potentialAction\":[{\"@type\":\"ReadAction\",\"target\":[\"https:\\\/\\\/www.cltweb.org\\\/pt-br\\\/biblioteca-de-recursos\\\/raizes-da-clt\\\/precursores-internacionais\\\/graos-antigos\\\/\"]}]},{\"@type\":\"BreadcrumbList\",\"@id\":\"https:\\\/\\\/www.cltweb.org\\\/pt-br\\\/biblioteca-de-recursos\\\/raizes-da-clt\\\/precursores-internacionais\\\/graos-antigos\\\/#breadcrumb\",\"itemListElement\":[{\"@type\":\"ListItem\",\"position\":1,\"name\":\"Home\",\"item\":\"https:\\\/\\\/www.cltweb.org\\\/pt-br\\\/\"},{\"@type\":\"ListItem\",\"position\":2,\"name\":\"Biblioteca de recursos\",\"item\":\"https:\\\/\\\/www.cltweb.org\\\/pt-br\\\/biblioteca-de-recursos\\\/\"},{\"@type\":\"ListItem\",\"position\":3,\"name\":\"Ra\u00edzes da CLT\",\"item\":\"https:\\\/\\\/www.cltweb.org\\\/pt-br\\\/biblioteca-de-recursos\\\/raizes-da-clt\\\/\"},{\"@type\":\"ListItem\",\"position\":4,\"name\":\"Precursores internacionais\",\"item\":\"https:\\\/\\\/www.cltweb.org\\\/pt-br\\\/biblioteca-de-recursos\\\/raizes-da-clt\\\/precursores-internacionais\\\/\"},{\"@type\":\"ListItem\",\"position\":5,\"name\":\"Gr\u00e3os antigos\"}]},{\"@type\":\"WebSite\",\"@id\":\"https:\\\/\\\/www.cltweb.org\\\/pt-br\\\/#website\",\"url\":\"https:\\\/\\\/www.cltweb.org\\\/pt-br\\\/\",\"name\":\"International Center for Community Land Trusts\",\"description\":\"\",\"publisher\":{\"@id\":\"https:\\\/\\\/www.cltweb.org\\\/pt-br\\\/#organization\"},\"potentialAction\":[{\"@type\":\"SearchAction\",\"target\":{\"@type\":\"EntryPoint\",\"urlTemplate\":\"https:\\\/\\\/www.cltweb.org\\\/pt-br\\\/?s={search_term_string}\"},\"query-input\":{\"@type\":\"PropertyValueSpecification\",\"valueRequired\":true,\"valueName\":\"search_term_string\"}}],\"inLanguage\":\"pt-BR\"},{\"@type\":\"Organization\",\"@id\":\"https:\\\/\\\/www.cltweb.org\\\/pt-br\\\/#organization\",\"name\":\"International Center for Community Land Trusts\",\"url\":\"https:\\\/\\\/www.cltweb.org\\\/pt-br\\\/\",\"logo\":{\"@type\":\"ImageObject\",\"inLanguage\":\"pt-BR\",\"@id\":\"https:\\\/\\\/www.cltweb.org\\\/pt-br\\\/#\\\/schema\\\/logo\\\/image\\\/\",\"url\":\"https:\\\/\\\/www.cltweb.org\\\/wp-content\\\/uploads\\\/2024\\\/11\\\/New-CLT-Center-Text-logo.png\",\"contentUrl\":\"https:\\\/\\\/www.cltweb.org\\\/wp-content\\\/uploads\\\/2024\\\/11\\\/New-CLT-Center-Text-logo.png\",\"width\":227,\"height\":80,\"caption\":\"International Center for Community Land Trusts\"},\"image\":{\"@id\":\"https:\\\/\\\/www.cltweb.org\\\/pt-br\\\/#\\\/schema\\\/logo\\\/image\\\/\"},\"sameAs\":[\"https:\\\/\\\/www.facebook.com\\\/cltcenter\",\"https:\\\/\\\/x.com\\\/Center4CLTs\",\"https:\\\/\\\/www.instagram.com\\\/cltcenter\\\/\",\"https:\\\/\\\/www.linkedin.com\\\/company\\\/cltcenter\",\"https:\\\/\\\/www.youtube.com\\\/@centerforcltinnovation5313\"],\"description\":\"The International Center for Community Land Trusts is a not-for-profit nongovernmental organization established in 2018 to promote and to support community land trusts and similar strategies of community-led development on community-owned land in countries throughout the world.\",\"email\":\"info@communitylandtrust.net\",\"legalName\":\"International Center for Community Land Trusts\",\"foundingDate\":\"2018-12-01\",\"taxID\":\"84-3858933\",\"numberOfEmployees\":{\"@type\":\"QuantitativeValue\",\"minValue\":\"1\",\"maxValue\":\"10\"}}]}<\/script>\n<!-- \/ Yoast SEO Premium plugin. -->","yoast_head_json":{"title":"Gr\u00e3os antigos - International Center for Community Land Trusts","robots":{"index":"index","follow":"follow","max-snippet":"max-snippet:-1","max-image-preview":"max-image-preview:large","max-video-preview":"max-video-preview:-1"},"canonical":"https:\/\/www.cltweb.org\/pt-br\/biblioteca-de-recursos\/raizes-da-clt\/precursores-internacionais\/graos-antigos\/","og_locale":"pt_BR","og_type":"article","og_title":"Gr\u00e3os antigos","og_description":"Fora dos Estados Unidos, a no\u00e7\u00e3o de tratar a terra de forma diferente do que \u00e9 constru\u00eddo sobre ela &#8211; um princ\u00edpio que est\u00e1 no centro do community land trust [&hellip;]","og_url":"https:\/\/www.cltweb.org\/pt-br\/biblioteca-de-recursos\/raizes-da-clt\/precursores-internacionais\/graos-antigos\/","og_site_name":"International Center for Community Land Trusts","article_publisher":"https:\/\/www.facebook.com\/cltcenter","article_modified_time":"2024-10-22T19:00:18+00:00","twitter_card":"summary_large_image","twitter_site":"@Center4CLTs","twitter_misc":{"Est. tempo de leitura":"5 minutos"},"schema":{"@context":"https:\/\/schema.org","@graph":[{"@type":"WebPage","@id":"https:\/\/www.cltweb.org\/pt-br\/biblioteca-de-recursos\/raizes-da-clt\/precursores-internacionais\/graos-antigos\/","url":"https:\/\/www.cltweb.org\/pt-br\/biblioteca-de-recursos\/raizes-da-clt\/precursores-internacionais\/graos-antigos\/","name":"Gr\u00e3os antigos - International Center for Community Land Trusts","isPartOf":{"@id":"https:\/\/www.cltweb.org\/pt-br\/#website"},"datePublished":"2024-10-22T17:47:58+00:00","dateModified":"2024-10-22T19:00:18+00:00","breadcrumb":{"@id":"https:\/\/www.cltweb.org\/pt-br\/biblioteca-de-recursos\/raizes-da-clt\/precursores-internacionais\/graos-antigos\/#breadcrumb"},"inLanguage":"pt-BR","potentialAction":[{"@type":"ReadAction","target":["https:\/\/www.cltweb.org\/pt-br\/biblioteca-de-recursos\/raizes-da-clt\/precursores-internacionais\/graos-antigos\/"]}]},{"@type":"BreadcrumbList","@id":"https:\/\/www.cltweb.org\/pt-br\/biblioteca-de-recursos\/raizes-da-clt\/precursores-internacionais\/graos-antigos\/#breadcrumb","itemListElement":[{"@type":"ListItem","position":1,"name":"Home","item":"https:\/\/www.cltweb.org\/pt-br\/"},{"@type":"ListItem","position":2,"name":"Biblioteca de recursos","item":"https:\/\/www.cltweb.org\/pt-br\/biblioteca-de-recursos\/"},{"@type":"ListItem","position":3,"name":"Ra\u00edzes da CLT","item":"https:\/\/www.cltweb.org\/pt-br\/biblioteca-de-recursos\/raizes-da-clt\/"},{"@type":"ListItem","position":4,"name":"Precursores internacionais","item":"https:\/\/www.cltweb.org\/pt-br\/biblioteca-de-recursos\/raizes-da-clt\/precursores-internacionais\/"},{"@type":"ListItem","position":5,"name":"Gr\u00e3os antigos"}]},{"@type":"WebSite","@id":"https:\/\/www.cltweb.org\/pt-br\/#website","url":"https:\/\/www.cltweb.org\/pt-br\/","name":"International Center for Community Land Trusts","description":"","publisher":{"@id":"https:\/\/www.cltweb.org\/pt-br\/#organization"},"potentialAction":[{"@type":"SearchAction","target":{"@type":"EntryPoint","urlTemplate":"https:\/\/www.cltweb.org\/pt-br\/?s={search_term_string}"},"query-input":{"@type":"PropertyValueSpecification","valueRequired":true,"valueName":"search_term_string"}}],"inLanguage":"pt-BR"},{"@type":"Organization","@id":"https:\/\/www.cltweb.org\/pt-br\/#organization","name":"International Center for Community Land Trusts","url":"https:\/\/www.cltweb.org\/pt-br\/","logo":{"@type":"ImageObject","inLanguage":"pt-BR","@id":"https:\/\/www.cltweb.org\/pt-br\/#\/schema\/logo\/image\/","url":"https:\/\/www.cltweb.org\/wp-content\/uploads\/2024\/11\/New-CLT-Center-Text-logo.png","contentUrl":"https:\/\/www.cltweb.org\/wp-content\/uploads\/2024\/11\/New-CLT-Center-Text-logo.png","width":227,"height":80,"caption":"International Center for Community Land Trusts"},"image":{"@id":"https:\/\/www.cltweb.org\/pt-br\/#\/schema\/logo\/image\/"},"sameAs":["https:\/\/www.facebook.com\/cltcenter","https:\/\/x.com\/Center4CLTs","https:\/\/www.instagram.com\/cltcenter\/","https:\/\/www.linkedin.com\/company\/cltcenter","https:\/\/www.youtube.com\/@centerforcltinnovation5313"],"description":"The International Center for Community Land Trusts is a not-for-profit nongovernmental organization established in 2018 to promote and to support community land trusts and similar strategies of community-led development on community-owned land in countries throughout the world.","email":"info@communitylandtrust.net","legalName":"International Center for Community Land Trusts","foundingDate":"2018-12-01","taxID":"84-3858933","numberOfEmployees":{"@type":"QuantitativeValue","minValue":"1","maxValue":"10"}}]}},"campaignId":"","taxonomy_info":{"category":[{"value":193,"label":"Precursores internacionais"}]},"featured_image_src_large":false,"author_info":{"display_name":"cltredesign_0jp0l4","author_link":"https:\/\/www.cltweb.org\/pt-br\/author\/cltredesign_0jp0l4\/"},"comment_info":0,"jetpack_sharing_enabled":true,"jetpack-related-posts":[{"id":11309,"url":"https:\/\/www.cltweb.org\/pt-br\/2026-cupula-virtual-do-fundo-comunitario-global-de-terras\/","url_meta":{"origin":4184,"position":0},"title":"C\u00fapula Virtual Global CLT 2026","author":"Ben Harris","date":"12 de mar\u00e7o de 2026","format":false,"excerpt":"A C\u00fapula \u00e9 ancorada pelo Dia Mundial da CLT (15 de maio). Saiba mais em worldcltday.org A C\u00fapula Virtual do Community Land Trust (CLT) Global 2026 \u00e9 uma s\u00e9rie de seis semanas de eventos on-line gratuitos concebidos para reivindicar e honrar as tradi\u00e7\u00f5es de lideran\u00e7a negra e ind\u00edgena que deram\u2026","rel":"","context":"Post similar","block_context":{"text":"Post similar","link":""},"img":{"alt_text":"","src":"https:\/\/i0.wp.com\/www.cltweb.org\/wp-content\/uploads\/2026\/03\/World-CLT-Day.png?resize=350%2C200&ssl=1","width":350,"height":200,"srcset":"https:\/\/i0.wp.com\/www.cltweb.org\/wp-content\/uploads\/2026\/03\/World-CLT-Day.png?resize=350%2C200&ssl=1 1x, https:\/\/i0.wp.com\/www.cltweb.org\/wp-content\/uploads\/2026\/03\/World-CLT-Day.png?resize=525%2C300&ssl=1 1.5x, https:\/\/i0.wp.com\/www.cltweb.org\/wp-content\/uploads\/2026\/03\/World-CLT-Day.png?resize=700%2C400&ssl=1 2x"},"classes":[]},{"id":977,"url":"https:\/\/www.cltweb.org\/es\/terra-nostra-press\/","url_meta":{"origin":4184,"position":1},"title":"Terra Nostra Press","author":"cltredesign_0jp0l4","date":"30 de julho de 2024","format":false,"excerpt":"Terra Nostra Press Terra Nostra Press, un sello del Centro Internacional de Fideicomisos Comunitarios de la Tierra, publica libros, monograf\u00edas y manuales en apoyo del trabajo del Centro. Estas publicaciones muestran la teor\u00eda y la pr\u00e1ctica de los fideicomisos de la tierra comunitarios, junto con las historias de profesionales reflexivos\u2026","rel":"","context":"Em &quot;Programas y proyectos&quot;","block_context":{"text":"Programas y proyectos","link":"https:\/\/www.cltweb.org\/es\/category\/programas-y-proyectos\/"},"img":{"alt_text":"","src":"","width":0,"height":0},"classes":[]},{"id":1590,"url":"https:\/\/www.cltweb.org\/es\/terra-nostra-press\/pedidos-al-por-mayor\/","url_meta":{"origin":4184,"position":2},"title":"Pedidos al por mayor","author":"cltredesign_0jp0l4","date":"30 de julho de 2024","format":false,"excerpt":"Terra Nostra Press ofrece un 40% de descuento por pedidos al por mayor de diez libros o m\u00e1s a organizaciones sin \u00e1nimo de lucro.","rel":"","context":"Em &quot;Terra Nostra Press&quot;","block_context":{"text":"Terra Nostra Press","link":"https:\/\/www.cltweb.org\/es\/category\/terra-nostra-press-es\/"},"img":{"alt_text":"","src":"","width":0,"height":0},"classes":[]},{"id":1033,"url":"https:\/\/www.cltweb.org\/es\/terra-nostra-press\/consejo-editorial\/","url_meta":{"origin":4184,"position":3},"title":"Consejo editorial","author":"cltredesign_0jp0l4","date":"7 de setembro de 2024","format":false,"excerpt":"Consejo editorial de Terra Nostra Press John Emmeus Davis, redactor jefe: Burlington Associates (EEUU) L\u00ednea Algoed: Centro Cosm\u00f3polis de Investigaci\u00f3n Urbana (B\u00e9lgica) Yves Cabannes University College London (Portugal) Mar\u00eda Hern\u00e1ndez Torrales: Facultad de Derecho de la Universidad de Puerto Rico (Puerto Rico)","rel":"","context":"Post similar","block_context":{"text":"Post similar","link":""},"img":{"alt_text":"","src":"","width":0,"height":0},"classes":[]},{"id":499,"url":"https:\/\/www.cltweb.org\/terra-nostra-press\/terra-nostra-press\/porque-el-fideicomiso-comunitario-de-tierras\/","url_meta":{"origin":4184,"position":4},"title":"Porqu\u00e9 el fideicomiso comunitario de tierras\u200a?","author":"cltredesign_0jp0l4","date":"29 de julho de 2024","format":false,"excerpt":"Disponible ahora a cualquier parte del mundo,\u00a0120 pp.Carpeta dura\u00a0ISBN 9781736275962\u00a0$14.50 USEBOOK ISBN 9781736275979\u00a0$5.00 US Descuentos disponibles en \u00f3rdenes al por mayor para ONGs.\u00a0\u00a0Para m\u00e1s informaci\u00f3n, y para ordenar, vaya nuestra p\u00e1gina de \u00f3rdenes al por mayor (Bulk Orders). Los ensayos contenidos en\u00a0\u00bf\u200aPorqu\u00e9 el fideicomiso comunitario de tierras\u200a?\u00a0provienen de un libro\u2026","rel":"","context":"Em &quot;TNP Catalog&quot;","block_context":{"text":"TNP Catalog","link":"https:\/\/www.cltweb.org\/category\/tnp-catalog\/"},"img":{"alt_text":"Book cover for Porque el fideicomiso","src":"https:\/\/i0.wp.com\/www.cltweb.org\/wp-content\/uploads\/2024\/10\/Porque-el-fideicomiso-cover.jpg?resize=350%2C200&ssl=1","width":350,"height":200},"classes":[]},{"id":3894,"url":"https:\/\/www.cltweb.org\/fr\/bibliotheque-de-ressources\/bibliographie\/bibliographie-internationale-clt-non-anglais\/","url_meta":{"origin":4184,"position":5},"title":"Bibliographie internationale CLT &#8211; Non-anglais","author":"cltredesign_0jp0l4","date":"19 de outubro de 2024","format":false,"excerpt":"Mise \u00e0 jour 7\/1\/24 Publications du CLT en espagnol Algoed, Line, Maria E. Hernandez Torrales, et Lyvia Rodriguez Del Valle. 2018. El Fideicomiso de la Tierra del Ca\u00f1o Mart\u00edn Pe\u00f1a instrumento notable de regularizaci\u00f3n de suelo en asentamientos informales. Document de travail. Cambridge, MA : Lincoln Institute of Land Policy.\u2026","rel":"","context":"Post similar","block_context":{"text":"Post similar","link":""},"img":{"alt_text":"","src":"","width":0,"height":0},"classes":[]}],"_links":{"self":[{"href":"https:\/\/www.cltweb.org\/pt-br\/wp-json\/wp\/v2\/pages\/4184","targetHints":{"allow":["GET"]}}],"collection":[{"href":"https:\/\/www.cltweb.org\/pt-br\/wp-json\/wp\/v2\/pages"}],"about":[{"href":"https:\/\/www.cltweb.org\/pt-br\/wp-json\/wp\/v2\/types\/page"}],"author":[{"embeddable":true,"href":"https:\/\/www.cltweb.org\/pt-br\/wp-json\/wp\/v2\/users\/1"}],"replies":[{"embeddable":true,"href":"https:\/\/www.cltweb.org\/pt-br\/wp-json\/wp\/v2\/comments?post=4184"}],"version-history":[{"count":2,"href":"https:\/\/www.cltweb.org\/pt-br\/wp-json\/wp\/v2\/pages\/4184\/revisions"}],"predecessor-version":[{"id":4234,"href":"https:\/\/www.cltweb.org\/pt-br\/wp-json\/wp\/v2\/pages\/4184\/revisions\/4234"}],"up":[{"embeddable":true,"href":"https:\/\/www.cltweb.org\/pt-br\/wp-json\/wp\/v2\/pages\/1694"}],"wp:attachment":[{"href":"https:\/\/www.cltweb.org\/pt-br\/wp-json\/wp\/v2\/media?parent=4184"}],"wp:term":[{"taxonomy":"category","embeddable":true,"href":"https:\/\/www.cltweb.org\/pt-br\/wp-json\/wp\/v2\/categories?post=4184"},{"taxonomy":"post_tag","embeddable":true,"href":"https:\/\/www.cltweb.org\/pt-br\/wp-json\/wp\/v2\/tags?post=4184"}],"curies":[{"name":"wp","href":"https:\/\/api.w.org\/{rel}","templated":true}]}}