{"id":4356,"date":"2024-10-22T19:33:10","date_gmt":"2024-10-22T19:33:10","guid":{"rendered":"https:\/\/www.cltweb.org\/biblioteca-de-recursos\/entrevistas\/pioneiros-de-novas-comunidades\/"},"modified":"2024-10-23T20:09:46","modified_gmt":"2024-10-23T20:09:46","slug":"pioneiros-de-novas-comunidades","status":"publish","type":"page","link":"https:\/\/www.cltweb.org\/pt-br\/biblioteca-de-recursos\/entrevistas\/pioneiros-de-novas-comunidades\/","title":{"rendered":"Pioneiros de novas comunidades (1971)"},"content":{"rendered":"<a href=\"https:\/\/www.cltweb.org\/wp-content\/uploads\/2024\/10\/Motive-Magazine-NewCommunitiesInterview-1971.pdf\" class=\"pdfemb-viewer\" style=\"\" data-width=\"max\" data-height=\"max\" data-toolbar=\"both\" data-toolbar-fixed=\"off\">Motive-Magazine-NewCommunitiesInterview-1971<\/a>","protected":false},"excerpt":{"rendered":"<p>Ao longo dos anos, alguns l\u00edderes de alto n\u00edvel da New Communities Inc. (NCI) foram apresentados em publica\u00e7\u00f5es e filmes. As vozes de participantes menos conhecidos dessa hist\u00f3ria inspiradora raramente foram ouvidas. Uma exce\u00e7\u00e3o \u00e9 uma rara entrevista conduzida por Ed Feaver em 1971, um ano ap\u00f3s a New Communities ter conclu\u00eddo a compra de 5.735 acres de terra rural perto de Albany, Ge\u00f3rgia. Oito pessoas que estavam se organizando em nome da NCI, participando da diretoria da NCI, cultivando as terras da NCI ou esperando na fila por uma chance de morar nas terras da NCI expressaram suas esperan\u00e7as pessoais para a jornada futura.   <\/p>\n","protected":false},"author":1,"featured_media":0,"parent":4032,"menu_order":1,"comment_status":"closed","ping_status":"closed","template":"","meta":{"give_campaign_id":0,"_tec_requires_first_save":true,"_kad_blocks_custom_css":"","_kad_blocks_head_custom_js":"","_kad_blocks_body_custom_js":"","_kad_blocks_footer_custom_js":"","_EventAllDay":false,"_EventTimezone":"","_EventStartDate":"","_EventEndDate":"","_EventStartDateUTC":"","_EventEndDateUTC":"","_EventShowMap":false,"_EventShowMapLink":false,"_EventURL":"","_EventCost":"","_EventCostDescription":"","_EventCurrencySymbol":"","_EventCurrencyCode":"","_EventCurrencyPosition":"","_EventDateTimeSeparator":"","_EventTimeRangeSeparator":"","_EventOrganizerID":[],"_EventVenueID":[],"_OrganizerEmail":"","_OrganizerPhone":"","_OrganizerWebsite":"","_VenueAddress":"","_VenueCity":"","_VenueCountry":"","_VenueProvince":"","_VenueState":"","_VenueZip":"","_VenuePhone":"","_VenueURL":"","_VenueStateProvince":"","_VenueLat":"","_VenueLng":"","_VenueShowMap":false,"_VenueShowMapLink":false,"_tribe_blocks_recurrence_rules":"","_tribe_blocks_recurrence_description":"","_tribe_blocks_recurrence_exclusions":"","footnotes":""},"categories":[206],"tags":[],"class_list":["post-4356","page","type-page","status-publish","hentry","category-entrevistas-pt-br"],"blocksy_meta":[],"yoast_head":"<!-- This site is optimized with the Yoast SEO Premium plugin v27.4 (Yoast SEO v27.5) - https:\/\/yoast.com\/product\/yoast-seo-premium-wordpress\/ -->\n<title>Pioneiros de novas comunidades (1971) - International Center for Community Land Trusts<\/title>\n<meta name=\"robots\" content=\"index, follow, max-snippet:-1, max-image-preview:large, max-video-preview:-1\" \/>\n<link rel=\"canonical\" href=\"https:\/\/www.cltweb.org\/pt-br\/biblioteca-de-recursos\/entrevistas\/pioneiros-de-novas-comunidades\/\" \/>\n<meta property=\"og:locale\" content=\"pt_BR\" \/>\n<meta property=\"og:type\" content=\"article\" \/>\n<meta property=\"og:title\" content=\"Pioneiros de novas comunidades (1971)\" \/>\n<meta property=\"og:description\" content=\"Ao longo dos anos, alguns l\u00edderes de alto n\u00edvel da New Communities Inc. (NCI) foram apresentados em publica\u00e7\u00f5es e filmes. As vozes de participantes menos conhecidos dessa hist\u00f3ria inspiradora raramente foram ouvidas. Uma exce\u00e7\u00e3o \u00e9 uma rara entrevista conduzida por Ed Feaver em 1971, um ano ap\u00f3s a New Communities ter conclu\u00eddo a compra de 5.735 acres de terra rural perto de Albany, Ge\u00f3rgia. Oito pessoas que estavam se organizando em nome da NCI, participando da diretoria da NCI, cultivando as terras da NCI ou esperando na fila por uma chance de morar nas terras da NCI expressaram suas esperan\u00e7as pessoais para a jornada futura.\" \/>\n<meta property=\"og:url\" content=\"https:\/\/www.cltweb.org\/pt-br\/biblioteca-de-recursos\/entrevistas\/pioneiros-de-novas-comunidades\/\" \/>\n<meta property=\"og:site_name\" content=\"International Center for Community Land Trusts\" \/>\n<meta property=\"article:publisher\" content=\"https:\/\/www.facebook.com\/cltcenter\" \/>\n<meta property=\"article:modified_time\" content=\"2024-10-23T20:09:46+00:00\" \/>\n<meta name=\"twitter:card\" content=\"summary_large_image\" \/>\n<meta name=\"twitter:site\" content=\"@Center4CLTs\" \/>\n<script type=\"application\/ld+json\" class=\"yoast-schema-graph\">{\"@context\":\"https:\\\/\\\/schema.org\",\"@graph\":[{\"@type\":\"WebPage\",\"@id\":\"https:\\\/\\\/www.cltweb.org\\\/pt-br\\\/biblioteca-de-recursos\\\/entrevistas\\\/pioneiros-de-novas-comunidades\\\/\",\"url\":\"https:\\\/\\\/www.cltweb.org\\\/pt-br\\\/biblioteca-de-recursos\\\/entrevistas\\\/pioneiros-de-novas-comunidades\\\/\",\"name\":\"Pioneiros de novas comunidades (1971) - International Center for Community Land Trusts\",\"isPartOf\":{\"@id\":\"https:\\\/\\\/www.cltweb.org\\\/pt-br\\\/#website\"},\"datePublished\":\"2024-10-22T19:33:10+00:00\",\"dateModified\":\"2024-10-23T20:09:46+00:00\",\"breadcrumb\":{\"@id\":\"https:\\\/\\\/www.cltweb.org\\\/pt-br\\\/biblioteca-de-recursos\\\/entrevistas\\\/pioneiros-de-novas-comunidades\\\/#breadcrumb\"},\"inLanguage\":\"pt-BR\",\"potentialAction\":[{\"@type\":\"ReadAction\",\"target\":[\"https:\\\/\\\/www.cltweb.org\\\/pt-br\\\/biblioteca-de-recursos\\\/entrevistas\\\/pioneiros-de-novas-comunidades\\\/\"]}]},{\"@type\":\"BreadcrumbList\",\"@id\":\"https:\\\/\\\/www.cltweb.org\\\/pt-br\\\/biblioteca-de-recursos\\\/entrevistas\\\/pioneiros-de-novas-comunidades\\\/#breadcrumb\",\"itemListElement\":[{\"@type\":\"ListItem\",\"position\":1,\"name\":\"Home\",\"item\":\"https:\\\/\\\/www.cltweb.org\\\/pt-br\\\/\"},{\"@type\":\"ListItem\",\"position\":2,\"name\":\"Biblioteca de recursos\",\"item\":\"https:\\\/\\\/www.cltweb.org\\\/pt-br\\\/biblioteca-de-recursos\\\/\"},{\"@type\":\"ListItem\",\"position\":3,\"name\":\"Entrevistas\",\"item\":\"https:\\\/\\\/www.cltweb.org\\\/pt-br\\\/biblioteca-de-recursos\\\/entrevistas\\\/\"},{\"@type\":\"ListItem\",\"position\":4,\"name\":\"Pioneiros de novas comunidades (1971)\"}]},{\"@type\":\"WebSite\",\"@id\":\"https:\\\/\\\/www.cltweb.org\\\/pt-br\\\/#website\",\"url\":\"https:\\\/\\\/www.cltweb.org\\\/pt-br\\\/\",\"name\":\"International Center for Community Land Trusts\",\"description\":\"\",\"publisher\":{\"@id\":\"https:\\\/\\\/www.cltweb.org\\\/pt-br\\\/#organization\"},\"potentialAction\":[{\"@type\":\"SearchAction\",\"target\":{\"@type\":\"EntryPoint\",\"urlTemplate\":\"https:\\\/\\\/www.cltweb.org\\\/pt-br\\\/?s={search_term_string}\"},\"query-input\":{\"@type\":\"PropertyValueSpecification\",\"valueRequired\":true,\"valueName\":\"search_term_string\"}}],\"inLanguage\":\"pt-BR\"},{\"@type\":\"Organization\",\"@id\":\"https:\\\/\\\/www.cltweb.org\\\/pt-br\\\/#organization\",\"name\":\"International Center for Community Land Trusts\",\"url\":\"https:\\\/\\\/www.cltweb.org\\\/pt-br\\\/\",\"logo\":{\"@type\":\"ImageObject\",\"inLanguage\":\"pt-BR\",\"@id\":\"https:\\\/\\\/www.cltweb.org\\\/pt-br\\\/#\\\/schema\\\/logo\\\/image\\\/\",\"url\":\"https:\\\/\\\/www.cltweb.org\\\/wp-content\\\/uploads\\\/2024\\\/11\\\/New-CLT-Center-Text-logo.png\",\"contentUrl\":\"https:\\\/\\\/www.cltweb.org\\\/wp-content\\\/uploads\\\/2024\\\/11\\\/New-CLT-Center-Text-logo.png\",\"width\":227,\"height\":80,\"caption\":\"International Center for Community Land Trusts\"},\"image\":{\"@id\":\"https:\\\/\\\/www.cltweb.org\\\/pt-br\\\/#\\\/schema\\\/logo\\\/image\\\/\"},\"sameAs\":[\"https:\\\/\\\/www.facebook.com\\\/cltcenter\",\"https:\\\/\\\/x.com\\\/Center4CLTs\",\"https:\\\/\\\/www.instagram.com\\\/cltcenter\\\/\",\"https:\\\/\\\/www.linkedin.com\\\/company\\\/cltcenter\",\"https:\\\/\\\/www.youtube.com\\\/@centerforcltinnovation5313\"],\"description\":\"The International Center for Community Land Trusts is a not-for-profit nongovernmental organization established in 2018 to promote and to support community land trusts and similar strategies of community-led development on community-owned land in countries throughout the world.\",\"email\":\"info@communitylandtrust.net\",\"legalName\":\"International Center for Community Land Trusts\",\"foundingDate\":\"2018-12-01\",\"taxID\":\"84-3858933\",\"numberOfEmployees\":{\"@type\":\"QuantitativeValue\",\"minValue\":\"1\",\"maxValue\":\"10\"}}]}<\/script>\n<!-- \/ Yoast SEO Premium plugin. -->","yoast_head_json":{"title":"Pioneiros de novas comunidades (1971) - International Center for Community Land Trusts","robots":{"index":"index","follow":"follow","max-snippet":"max-snippet:-1","max-image-preview":"max-image-preview:large","max-video-preview":"max-video-preview:-1"},"canonical":"https:\/\/www.cltweb.org\/pt-br\/biblioteca-de-recursos\/entrevistas\/pioneiros-de-novas-comunidades\/","og_locale":"pt_BR","og_type":"article","og_title":"Pioneiros de novas comunidades (1971)","og_description":"Ao longo dos anos, alguns l\u00edderes de alto n\u00edvel da New Communities Inc. (NCI) foram apresentados em publica\u00e7\u00f5es e filmes. As vozes de participantes menos conhecidos dessa hist\u00f3ria inspiradora raramente foram ouvidas. Uma exce\u00e7\u00e3o \u00e9 uma rara entrevista conduzida por Ed Feaver em 1971, um ano ap\u00f3s a New Communities ter conclu\u00eddo a compra de 5.735 acres de terra rural perto de Albany, Ge\u00f3rgia. Oito pessoas que estavam se organizando em nome da NCI, participando da diretoria da NCI, cultivando as terras da NCI ou esperando na fila por uma chance de morar nas terras da NCI expressaram suas esperan\u00e7as pessoais para a jornada futura.","og_url":"https:\/\/www.cltweb.org\/pt-br\/biblioteca-de-recursos\/entrevistas\/pioneiros-de-novas-comunidades\/","og_site_name":"International Center for Community Land Trusts","article_publisher":"https:\/\/www.facebook.com\/cltcenter","article_modified_time":"2024-10-23T20:09:46+00:00","twitter_card":"summary_large_image","twitter_site":"@Center4CLTs","schema":{"@context":"https:\/\/schema.org","@graph":[{"@type":"WebPage","@id":"https:\/\/www.cltweb.org\/pt-br\/biblioteca-de-recursos\/entrevistas\/pioneiros-de-novas-comunidades\/","url":"https:\/\/www.cltweb.org\/pt-br\/biblioteca-de-recursos\/entrevistas\/pioneiros-de-novas-comunidades\/","name":"Pioneiros de novas comunidades (1971) - International Center for Community Land Trusts","isPartOf":{"@id":"https:\/\/www.cltweb.org\/pt-br\/#website"},"datePublished":"2024-10-22T19:33:10+00:00","dateModified":"2024-10-23T20:09:46+00:00","breadcrumb":{"@id":"https:\/\/www.cltweb.org\/pt-br\/biblioteca-de-recursos\/entrevistas\/pioneiros-de-novas-comunidades\/#breadcrumb"},"inLanguage":"pt-BR","potentialAction":[{"@type":"ReadAction","target":["https:\/\/www.cltweb.org\/pt-br\/biblioteca-de-recursos\/entrevistas\/pioneiros-de-novas-comunidades\/"]}]},{"@type":"BreadcrumbList","@id":"https:\/\/www.cltweb.org\/pt-br\/biblioteca-de-recursos\/entrevistas\/pioneiros-de-novas-comunidades\/#breadcrumb","itemListElement":[{"@type":"ListItem","position":1,"name":"Home","item":"https:\/\/www.cltweb.org\/pt-br\/"},{"@type":"ListItem","position":2,"name":"Biblioteca de recursos","item":"https:\/\/www.cltweb.org\/pt-br\/biblioteca-de-recursos\/"},{"@type":"ListItem","position":3,"name":"Entrevistas","item":"https:\/\/www.cltweb.org\/pt-br\/biblioteca-de-recursos\/entrevistas\/"},{"@type":"ListItem","position":4,"name":"Pioneiros de novas comunidades (1971)"}]},{"@type":"WebSite","@id":"https:\/\/www.cltweb.org\/pt-br\/#website","url":"https:\/\/www.cltweb.org\/pt-br\/","name":"International Center for Community Land Trusts","description":"","publisher":{"@id":"https:\/\/www.cltweb.org\/pt-br\/#organization"},"potentialAction":[{"@type":"SearchAction","target":{"@type":"EntryPoint","urlTemplate":"https:\/\/www.cltweb.org\/pt-br\/?s={search_term_string}"},"query-input":{"@type":"PropertyValueSpecification","valueRequired":true,"valueName":"search_term_string"}}],"inLanguage":"pt-BR"},{"@type":"Organization","@id":"https:\/\/www.cltweb.org\/pt-br\/#organization","name":"International Center for Community Land Trusts","url":"https:\/\/www.cltweb.org\/pt-br\/","logo":{"@type":"ImageObject","inLanguage":"pt-BR","@id":"https:\/\/www.cltweb.org\/pt-br\/#\/schema\/logo\/image\/","url":"https:\/\/www.cltweb.org\/wp-content\/uploads\/2024\/11\/New-CLT-Center-Text-logo.png","contentUrl":"https:\/\/www.cltweb.org\/wp-content\/uploads\/2024\/11\/New-CLT-Center-Text-logo.png","width":227,"height":80,"caption":"International Center for Community Land Trusts"},"image":{"@id":"https:\/\/www.cltweb.org\/pt-br\/#\/schema\/logo\/image\/"},"sameAs":["https:\/\/www.facebook.com\/cltcenter","https:\/\/x.com\/Center4CLTs","https:\/\/www.instagram.com\/cltcenter\/","https:\/\/www.linkedin.com\/company\/cltcenter","https:\/\/www.youtube.com\/@centerforcltinnovation5313"],"description":"The International Center for Community Land Trusts is a not-for-profit nongovernmental organization established in 2018 to promote and to support community land trusts and similar strategies of community-led development on community-owned land in countries throughout the world.","email":"info@communitylandtrust.net","legalName":"International Center for Community Land Trusts","foundingDate":"2018-12-01","taxID":"84-3858933","numberOfEmployees":{"@type":"QuantitativeValue","minValue":"1","maxValue":"10"}}]}},"campaignId":"","taxonomy_info":{"category":[{"value":206,"label":"Entrevistas"}]},"featured_image_src_large":false,"author_info":{"display_name":"cltredesign_0jp0l4","author_link":"https:\/\/www.cltweb.org\/pt-br\/author\/cltredesign_0jp0l4\/"},"comment_info":0,"jetpack_sharing_enabled":true,"jetpack-related-posts":[{"id":1888,"url":"https:\/\/www.cltweb.org\/pt-br\/biblioteca-de-recursos\/estudos-de-caso-clt\/novas-comunidades\/","url_meta":{"origin":4356,"position":0},"title":"Novas comunidades","author":"cltredesign_0jp0l4","date":"26 de julho de 2024","format":false,"excerpt":"Hist\u00f3ria da New Communities Inc. Muitas vezes chamada de \"primeira CLT\", a New Communities Inc. (NCI) foi um desdobramento do Movimento pelos Direitos Civis do Sul, que se desenvolveu em Albany, Ge\u00f3rgia, durante a d\u00e9cada de 1960. Os l\u00edderes da New Communities tamb\u00e9m foram l\u00edderes do Albany Movement e do\u2026","rel":"","context":"Em &quot;Estudos de caso&quot;","block_context":{"text":"Estudos de caso","link":"https:\/\/www.cltweb.org\/pt-br\/category\/estudos-de-caso\/"},"img":{"alt_text":"","src":"","width":0,"height":0},"classes":[]},{"id":4472,"url":"https:\/\/www.cltweb.org\/pt-br\/biblioteca-de-recursos\/entrevistas\/charles-sherrod-1982\/","url_meta":{"origin":4356,"position":1},"title":"Charles Sherrod (1982)","author":"cltredesign_0jp0l4","date":"22 de outubro de 2024","format":false,"excerpt":"Aos 23 anos de idade, Charles Sherrod chegou a Albany, Ge\u00f3rgia, para organizar a comunidade e fazer o registro de eleitores para o Student Non-Violent Coordinating Committee. Ele nunca mais saiu. Em 1968, ele foi um dos oito americanos que viajaram a Israel para estudar o arrendamento de terras e\u2026","rel":"","context":"Em &quot;Entrevistas&quot;","block_context":{"text":"Entrevistas","link":"https:\/\/www.cltweb.org\/pt-br\/category\/entrevistas-pt-br\/"},"img":{"alt_text":"","src":"","width":0,"height":0},"classes":[]},{"id":4520,"url":"https:\/\/www.cltweb.org\/pt-br\/biblioteca-de-recursos\/entrevistas\/liz-alden-wily-2020\/","url_meta":{"origin":4356,"position":2},"title":"Liz Alden Wily (2020)","author":"cltredesign_0jp0l4","date":"22 de outubro de 2024","format":false,"excerpt":"Liz Alden Wily, PhD (Ci\u00eancia Pol\u00edtica), \u00e9 especialista em posse de terra e trabalha como pesquisadora, consultora t\u00e9cnica e profissional em posse de terra comunit\u00e1ria. Ela j\u00e1 trabalhou com essa quest\u00e3o em aproximadamente vinte pa\u00edses. Ela contribuiu com um cap\u00edtulo do livro On Common Ground intitulado \"Challenges for the New\u2026","rel":"","context":"Em &quot;Entrevistas&quot;","block_context":{"text":"Entrevistas","link":"https:\/\/www.cltweb.org\/pt-br\/category\/entrevistas-pt-br\/"},"img":{"alt_text":"","src":"","width":0,"height":0},"classes":[]},{"id":1635,"url":"https:\/\/www.cltweb.org\/pt-br\/terra-nostra-press\/catalogo\/refazendo-a-tapecaria-da-posse\/","url_meta":{"origin":4356,"position":3},"title":"Refazendo a tape\u00e7aria da posse","author":"cltredesign_0jp0l4","date":"29 de julho de 2024","format":false,"excerpt":"Dispon\u00edvel agora em todo o mundo, 250 pp.PAPERBACK ISBN 9798986177625 $19.50EBOOK ISBN 9798986177632 $9.99 US Voc\u00ea pode obter descontos para pedidos em massa para ONGs. Para obter mais informa\u00e7\u00f5es e fazer seu pedido, acesse nossa p\u00e1gina de pedidos em massa. Reweaving the Tapestry of Tenure (Refazendo a tape\u00e7aria da posse):\u2026","rel":"","context":"Em &quot;Cat\u00e1logo&quot;","block_context":{"text":"Cat\u00e1logo","link":"https:\/\/www.cltweb.org\/pt-br\/category\/catalogo\/"},"img":{"alt_text":"Book cover for Tapestry of Tenure","src":"https:\/\/i0.wp.com\/www.cltweb.org\/wp-content\/uploads\/2024\/10\/Reweaving-Tapestry-cover-e1727990535752.jpg?resize=350%2C200&ssl=1","width":350,"height":200,"srcset":"https:\/\/i0.wp.com\/www.cltweb.org\/wp-content\/uploads\/2024\/10\/Reweaving-Tapestry-cover-e1727990535752.jpg?resize=350%2C200&ssl=1 1x, https:\/\/i0.wp.com\/www.cltweb.org\/wp-content\/uploads\/2024\/10\/Reweaving-Tapestry-cover-e1727990535752.jpg?resize=525%2C300&ssl=1 1.5x, https:\/\/i0.wp.com\/www.cltweb.org\/wp-content\/uploads\/2024\/10\/Reweaving-Tapestry-cover-e1727990535752.jpg?resize=700%2C400&ssl=1 2x"},"classes":[]},{"id":873,"url":"https:\/\/www.cltweb.org\/pt-br\/biblioteca-de-recursos\/o-que-e-um-clt\/","url_meta":{"origin":4356,"position":4},"title":"O que \u00e9 um Community Land Trust?","author":"cltredesign_0jp0l4","date":"26 de julho de 2024","format":false,"excerpt":"Um community land trust(CLT) \u00e9 uma corpora\u00e7\u00e3o sem fins lucrativos que det\u00e9m terras em nome de uma comunidade local, ao mesmo tempo em que atua como administrador de longo prazo de moradias acess\u00edveis, jardins comunit\u00e1rios, edif\u00edcios c\u00edvicos, espa\u00e7os comerciais e outros ativos comunit\u00e1rios em nome de uma comunidade. Os fundos\u2026","rel":"","context":"Em &quot;Biblioteca de recursos&quot;","block_context":{"text":"Biblioteca de recursos","link":"https:\/\/www.cltweb.org\/pt-br\/category\/biblioteca-de-recursos\/"},"img":{"alt_text":"","src":"","width":0,"height":0},"classes":[]},{"id":4505,"url":"https:\/\/www.cltweb.org\/pt-br\/biblioteca-de-recursos\/entrevistas\/bob-swann-1992\/","url_meta":{"origin":4356,"position":5},"title":"Bob Swann (1992)","author":"cltredesign_0jp0l4","date":"22 de outubro de 2024","format":false,"excerpt":"Duas d\u00e9cadas depois de ser entrevistado pela Lifestyle! Magazine, Bob sentou-se para uma entrevista com Kirby White, coeditor da Community Economics, um boletim informativo publicado h\u00e1 quatorze anos pelo Institute for Community Economics. Nesse intervalo de tempo, muitas mudan\u00e7as ocorreram na vida de Bob e no movimento CLT que ele\u2026","rel":"","context":"Em &quot;Entrevistas&quot;","block_context":{"text":"Entrevistas","link":"https:\/\/www.cltweb.org\/pt-br\/category\/entrevistas-pt-br\/"},"img":{"alt_text":"","src":"","width":0,"height":0},"classes":[]}],"_links":{"self":[{"href":"https:\/\/www.cltweb.org\/pt-br\/wp-json\/wp\/v2\/pages\/4356","targetHints":{"allow":["GET"]}}],"collection":[{"href":"https:\/\/www.cltweb.org\/pt-br\/wp-json\/wp\/v2\/pages"}],"about":[{"href":"https:\/\/www.cltweb.org\/pt-br\/wp-json\/wp\/v2\/types\/page"}],"author":[{"embeddable":true,"href":"https:\/\/www.cltweb.org\/pt-br\/wp-json\/wp\/v2\/users\/1"}],"replies":[{"embeddable":true,"href":"https:\/\/www.cltweb.org\/pt-br\/wp-json\/wp\/v2\/comments?post=4356"}],"version-history":[{"count":3,"href":"https:\/\/www.cltweb.org\/pt-br\/wp-json\/wp\/v2\/pages\/4356\/revisions"}],"predecessor-version":[{"id":4908,"href":"https:\/\/www.cltweb.org\/pt-br\/wp-json\/wp\/v2\/pages\/4356\/revisions\/4908"}],"up":[{"embeddable":true,"href":"https:\/\/www.cltweb.org\/pt-br\/wp-json\/wp\/v2\/pages\/4032"}],"wp:attachment":[{"href":"https:\/\/www.cltweb.org\/pt-br\/wp-json\/wp\/v2\/media?parent=4356"}],"wp:term":[{"taxonomy":"category","embeddable":true,"href":"https:\/\/www.cltweb.org\/pt-br\/wp-json\/wp\/v2\/categories?post=4356"},{"taxonomy":"post_tag","embeddable":true,"href":"https:\/\/www.cltweb.org\/pt-br\/wp-json\/wp\/v2\/tags?post=4356"}],"curies":[{"name":"wp","href":"https:\/\/api.w.org\/{rel}","templated":true}]}}