{"id":765,"date":"2024-07-26T17:03:25","date_gmt":"2024-07-26T17:03:25","guid":{"rendered":"https:\/\/www.cltweb.org\/projeto-just-transition-clt-2030\/"},"modified":"2024-08-22T22:22:37","modified_gmt":"2024-08-22T22:22:37","slug":"projeto-just-transition-clt-2030","status":"publish","type":"page","link":"https:\/\/www.cltweb.org\/pt-br\/programas-e-projetos\/projeto-just-transition-clt-2030\/","title":{"rendered":"Projeto Just Transition CLT 2030"},"content":{"rendered":"","protected":false},"excerpt":{"rendered":"","protected":false},"author":1,"featured_media":0,"parent":891,"menu_order":0,"comment_status":"closed","ping_status":"closed","template":"","meta":{"give_campaign_id":0,"_tec_requires_first_save":true,"_kad_blocks_custom_css":"","_kad_blocks_head_custom_js":"","_kad_blocks_body_custom_js":"","_kad_blocks_footer_custom_js":"","_EventAllDay":false,"_EventTimezone":"","_EventStartDate":"","_EventEndDate":"","_EventStartDateUTC":"","_EventEndDateUTC":"","_EventShowMap":false,"_EventShowMapLink":false,"_EventURL":"","_EventCost":"","_EventCostDescription":"","_EventCurrencySymbol":"","_EventCurrencyCode":"","_EventCurrencyPosition":"","_EventDateTimeSeparator":"","_EventTimeRangeSeparator":"","_EventOrganizerID":[],"_EventVenueID":[],"_OrganizerEmail":"","_OrganizerPhone":"","_OrganizerWebsite":"","_VenueAddress":"","_VenueCity":"","_VenueCountry":"","_VenueProvince":"","_VenueState":"","_VenueZip":"","_VenuePhone":"","_VenueURL":"","_VenueStateProvince":"","_VenueLat":"","_VenueLng":"","_VenueShowMap":false,"_VenueShowMapLink":false,"_tribe_blocks_recurrence_rules":"","_tribe_blocks_recurrence_description":"","_tribe_blocks_recurrence_exclusions":"","footnotes":""},"categories":[56],"tags":[],"class_list":["post-765","page","type-page","status-publish","hentry","category-programas-e-projetos"],"blocksy_meta":[],"yoast_head":"<!-- This site is optimized with the Yoast SEO Premium plugin v27.5 (Yoast SEO v27.5) - https:\/\/yoast.com\/product\/yoast-seo-premium-wordpress\/ -->\n<title>Projeto Just Transition CLT 2030 - International Center for Community Land Trusts<\/title>\n<meta name=\"robots\" content=\"index, follow, max-snippet:-1, max-image-preview:large, max-video-preview:-1\" \/>\n<link rel=\"canonical\" href=\"https:\/\/www.cltweb.org\/pt-br\/programas-e-projetos\/projeto-just-transition-clt-2030\/\" \/>\n<meta property=\"og:locale\" content=\"pt_BR\" \/>\n<meta property=\"og:type\" content=\"article\" \/>\n<meta property=\"og:title\" content=\"Projeto Just Transition CLT 2030\" \/>\n<meta property=\"og:url\" content=\"https:\/\/www.cltweb.org\/pt-br\/programas-e-projetos\/projeto-just-transition-clt-2030\/\" \/>\n<meta property=\"og:site_name\" content=\"International Center for Community Land Trusts\" \/>\n<meta property=\"article:publisher\" content=\"https:\/\/www.facebook.com\/cltcenter\" \/>\n<meta property=\"article:modified_time\" content=\"2024-08-22T22:22:37+00:00\" \/>\n<meta name=\"twitter:card\" content=\"summary_large_image\" \/>\n<meta name=\"twitter:site\" content=\"@Center4CLTs\" \/>\n<script type=\"application\/ld+json\" class=\"yoast-schema-graph\">{\"@context\":\"https:\\\/\\\/schema.org\",\"@graph\":[{\"@type\":\"WebPage\",\"@id\":\"https:\\\/\\\/www.cltweb.org\\\/pt-br\\\/programas-e-projetos\\\/projeto-just-transition-clt-2030\\\/\",\"url\":\"https:\\\/\\\/www.cltweb.org\\\/pt-br\\\/programas-e-projetos\\\/projeto-just-transition-clt-2030\\\/\",\"name\":\"Projeto Just Transition CLT 2030 - International Center for Community Land Trusts\",\"isPartOf\":{\"@id\":\"https:\\\/\\\/www.cltweb.org\\\/pt-br\\\/#website\"},\"datePublished\":\"2024-07-26T17:03:25+00:00\",\"dateModified\":\"2024-08-22T22:22:37+00:00\",\"breadcrumb\":{\"@id\":\"https:\\\/\\\/www.cltweb.org\\\/pt-br\\\/programas-e-projetos\\\/projeto-just-transition-clt-2030\\\/#breadcrumb\"},\"inLanguage\":\"pt-BR\",\"potentialAction\":[{\"@type\":\"ReadAction\",\"target\":[\"https:\\\/\\\/www.cltweb.org\\\/pt-br\\\/programas-e-projetos\\\/projeto-just-transition-clt-2030\\\/\"]}]},{\"@type\":\"BreadcrumbList\",\"@id\":\"https:\\\/\\\/www.cltweb.org\\\/pt-br\\\/programas-e-projetos\\\/projeto-just-transition-clt-2030\\\/#breadcrumb\",\"itemListElement\":[{\"@type\":\"ListItem\",\"position\":1,\"name\":\"Home\",\"item\":\"https:\\\/\\\/www.cltweb.org\\\/pt-br\\\/\"},{\"@type\":\"ListItem\",\"position\":2,\"name\":\"Programas e projetos\",\"item\":\"https:\\\/\\\/www.cltweb.org\\\/pt-br\\\/programs\\\/\"},{\"@type\":\"ListItem\",\"position\":3,\"name\":\"Projeto Just Transition CLT 2030\"}]},{\"@type\":\"WebSite\",\"@id\":\"https:\\\/\\\/www.cltweb.org\\\/pt-br\\\/#website\",\"url\":\"https:\\\/\\\/www.cltweb.org\\\/pt-br\\\/\",\"name\":\"International Center for Community Land Trusts\",\"description\":\"\",\"publisher\":{\"@id\":\"https:\\\/\\\/www.cltweb.org\\\/pt-br\\\/#organization\"},\"potentialAction\":[{\"@type\":\"SearchAction\",\"target\":{\"@type\":\"EntryPoint\",\"urlTemplate\":\"https:\\\/\\\/www.cltweb.org\\\/pt-br\\\/?s={search_term_string}\"},\"query-input\":{\"@type\":\"PropertyValueSpecification\",\"valueRequired\":true,\"valueName\":\"search_term_string\"}}],\"inLanguage\":\"pt-BR\"},{\"@type\":\"Organization\",\"@id\":\"https:\\\/\\\/www.cltweb.org\\\/pt-br\\\/#organization\",\"name\":\"International Center for Community Land Trusts\",\"url\":\"https:\\\/\\\/www.cltweb.org\\\/pt-br\\\/\",\"logo\":{\"@type\":\"ImageObject\",\"inLanguage\":\"pt-BR\",\"@id\":\"https:\\\/\\\/www.cltweb.org\\\/pt-br\\\/#\\\/schema\\\/logo\\\/image\\\/\",\"url\":\"https:\\\/\\\/www.cltweb.org\\\/wp-content\\\/uploads\\\/2024\\\/11\\\/New-CLT-Center-Text-logo.png\",\"contentUrl\":\"https:\\\/\\\/www.cltweb.org\\\/wp-content\\\/uploads\\\/2024\\\/11\\\/New-CLT-Center-Text-logo.png\",\"width\":227,\"height\":80,\"caption\":\"International Center for Community Land Trusts\"},\"image\":{\"@id\":\"https:\\\/\\\/www.cltweb.org\\\/pt-br\\\/#\\\/schema\\\/logo\\\/image\\\/\"},\"sameAs\":[\"https:\\\/\\\/www.facebook.com\\\/cltcenter\",\"https:\\\/\\\/x.com\\\/Center4CLTs\",\"https:\\\/\\\/www.instagram.com\\\/cltcenter\\\/\",\"https:\\\/\\\/www.linkedin.com\\\/company\\\/cltcenter\",\"https:\\\/\\\/www.youtube.com\\\/@centerforcltinnovation5313\"],\"description\":\"The International Center for Community Land Trusts is a not-for-profit nongovernmental organization established in 2018 to promote and to support community land trusts and similar strategies of community-led development on community-owned land in countries throughout the world.\",\"email\":\"info@communitylandtrust.net\",\"legalName\":\"International Center for Community Land Trusts\",\"foundingDate\":\"2018-12-01\",\"taxID\":\"84-3858933\",\"numberOfEmployees\":{\"@type\":\"QuantitativeValue\",\"minValue\":\"1\",\"maxValue\":\"10\"}}]}<\/script>\n<!-- \/ Yoast SEO Premium plugin. -->","yoast_head_json":{"title":"Projeto Just Transition CLT 2030 - International Center for Community Land Trusts","robots":{"index":"index","follow":"follow","max-snippet":"max-snippet:-1","max-image-preview":"max-image-preview:large","max-video-preview":"max-video-preview:-1"},"canonical":"https:\/\/www.cltweb.org\/pt-br\/programas-e-projetos\/projeto-just-transition-clt-2030\/","og_locale":"pt_BR","og_type":"article","og_title":"Projeto Just Transition CLT 2030","og_url":"https:\/\/www.cltweb.org\/pt-br\/programas-e-projetos\/projeto-just-transition-clt-2030\/","og_site_name":"International Center for Community Land Trusts","article_publisher":"https:\/\/www.facebook.com\/cltcenter","article_modified_time":"2024-08-22T22:22:37+00:00","twitter_card":"summary_large_image","twitter_site":"@Center4CLTs","schema":{"@context":"https:\/\/schema.org","@graph":[{"@type":"WebPage","@id":"https:\/\/www.cltweb.org\/pt-br\/programas-e-projetos\/projeto-just-transition-clt-2030\/","url":"https:\/\/www.cltweb.org\/pt-br\/programas-e-projetos\/projeto-just-transition-clt-2030\/","name":"Projeto Just Transition CLT 2030 - International Center for Community Land Trusts","isPartOf":{"@id":"https:\/\/www.cltweb.org\/pt-br\/#website"},"datePublished":"2024-07-26T17:03:25+00:00","dateModified":"2024-08-22T22:22:37+00:00","breadcrumb":{"@id":"https:\/\/www.cltweb.org\/pt-br\/programas-e-projetos\/projeto-just-transition-clt-2030\/#breadcrumb"},"inLanguage":"pt-BR","potentialAction":[{"@type":"ReadAction","target":["https:\/\/www.cltweb.org\/pt-br\/programas-e-projetos\/projeto-just-transition-clt-2030\/"]}]},{"@type":"BreadcrumbList","@id":"https:\/\/www.cltweb.org\/pt-br\/programas-e-projetos\/projeto-just-transition-clt-2030\/#breadcrumb","itemListElement":[{"@type":"ListItem","position":1,"name":"Home","item":"https:\/\/www.cltweb.org\/pt-br\/"},{"@type":"ListItem","position":2,"name":"Programas e projetos","item":"https:\/\/www.cltweb.org\/pt-br\/programs\/"},{"@type":"ListItem","position":3,"name":"Projeto Just Transition CLT 2030"}]},{"@type":"WebSite","@id":"https:\/\/www.cltweb.org\/pt-br\/#website","url":"https:\/\/www.cltweb.org\/pt-br\/","name":"International Center for Community Land Trusts","description":"","publisher":{"@id":"https:\/\/www.cltweb.org\/pt-br\/#organization"},"potentialAction":[{"@type":"SearchAction","target":{"@type":"EntryPoint","urlTemplate":"https:\/\/www.cltweb.org\/pt-br\/?s={search_term_string}"},"query-input":{"@type":"PropertyValueSpecification","valueRequired":true,"valueName":"search_term_string"}}],"inLanguage":"pt-BR"},{"@type":"Organization","@id":"https:\/\/www.cltweb.org\/pt-br\/#organization","name":"International Center for Community Land Trusts","url":"https:\/\/www.cltweb.org\/pt-br\/","logo":{"@type":"ImageObject","inLanguage":"pt-BR","@id":"https:\/\/www.cltweb.org\/pt-br\/#\/schema\/logo\/image\/","url":"https:\/\/www.cltweb.org\/wp-content\/uploads\/2024\/11\/New-CLT-Center-Text-logo.png","contentUrl":"https:\/\/www.cltweb.org\/wp-content\/uploads\/2024\/11\/New-CLT-Center-Text-logo.png","width":227,"height":80,"caption":"International Center for Community Land Trusts"},"image":{"@id":"https:\/\/www.cltweb.org\/pt-br\/#\/schema\/logo\/image\/"},"sameAs":["https:\/\/www.facebook.com\/cltcenter","https:\/\/x.com\/Center4CLTs","https:\/\/www.instagram.com\/cltcenter\/","https:\/\/www.linkedin.com\/company\/cltcenter","https:\/\/www.youtube.com\/@centerforcltinnovation5313"],"description":"The International Center for Community Land Trusts is a not-for-profit nongovernmental organization established in 2018 to promote and to support community land trusts and similar strategies of community-led development on community-owned land in countries throughout the world.","email":"info@communitylandtrust.net","legalName":"International Center for Community Land Trusts","foundingDate":"2018-12-01","taxID":"84-3858933","numberOfEmployees":{"@type":"QuantitativeValue","minValue":"1","maxValue":"10"}}]}},"campaignId":"","taxonomy_info":{"category":[{"value":56,"label":"Programas e projetos"}]},"featured_image_src_large":false,"author_info":{"display_name":"cltredesign_0jp0l4","author_link":"https:\/\/www.cltweb.org\/pt-br\/author\/cltredesign_0jp0l4\/"},"comment_info":0,"jetpack_sharing_enabled":true,"jetpack-related-posts":[{"id":891,"url":"https:\/\/www.cltweb.org\/pt-br\/programas-e-projetos\/","url_meta":{"origin":765,"position":0},"title":"Programas e projetos","author":"cltredesign_0jp0l4","date":"26 de julho de 2024","format":false,"excerpt":"Educa\u00e7\u00e3o Aprimorar o alcance educacional, os recursos e o apoio aos profissionais e \u00e0s comunidades do CLT. Biblioteca on-line e arquivo CLT: Coletar e curar materiais - em v\u00e1rios idiomas - introduzindo o CLT, apresentando estudos de caso, documentando as melhores pr\u00e1ticas e tra\u00e7ando a hist\u00f3ria do movimento CLT. Mapa\u2026","rel":"","context":"Em &quot;N\u00e3o categorizado&quot;","block_context":{"text":"N\u00e3o categorizado","link":"https:\/\/www.cltweb.org\/pt-br\/category\/nao-categorizado\/"},"img":{"alt_text":"","src":"","width":0,"height":0},"classes":[]},{"id":1508,"url":"https:\/\/www.cltweb.org\/pt-br\/biblioteca-de-recursos\/dia-mundial-da-clt\/","url_meta":{"origin":765,"position":1},"title":"Dia Mundial da CLT","author":"cltredesign_0jp0l4","date":"26 de julho de 2024","format":false,"excerpt":"Reserve a data para o pr\u00f3ximo ano: 16 e 17 de maio de 2025! Como uma comemora\u00e7\u00e3o anual, os principais objetivos do Dia Mundial da CLT s\u00e3o celebrar, promover e ampliar o movimento global da CLT. \u00c9 uma oportunidade de destacar nossa comunidade diversificada de CLT, mostrar projetos impactantes para\u2026","rel":"","context":"Em &quot;CLTs em todo o mundo&quot;","block_context":{"text":"CLTs em todo o mundo","link":"https:\/\/www.cltweb.org\/pt-br\/category\/clts-em-todo-o-mundo\/"},"img":{"alt_text":"World CLT Day Logo","src":"https:\/\/i0.wp.com\/www.cltweb.org\/wp-content\/uploads\/2024\/11\/WCLTD-Logo-No-Year.png?resize=350%2C200&ssl=1","width":350,"height":200},"classes":[]},{"id":752,"url":"https:\/\/www.cltweb.org\/pt-br\/programas-e-projetos\/pesquisa-colaborativa\/","url_meta":{"origin":765,"position":2},"title":"Pesquisa colaborativa","author":"cltredesign_0jp0l4","date":"26 de julho de 2024","format":false,"excerpt":"","rel":"","context":"Em &quot;Programas e projetos&quot;","block_context":{"text":"Programas e projetos","link":"https:\/\/www.cltweb.org\/pt-br\/category\/programas-e-projetos\/"},"img":{"alt_text":"","src":"","width":0,"height":0},"classes":[]},{"id":766,"url":"https:\/\/www.cltweb.org\/pt-br\/programas-e-projetos\/colaboracao-juridica\/","url_meta":{"origin":765,"position":3},"title":"Colabora\u00e7\u00e3o jur\u00eddica","author":"cltredesign_0jp0l4","date":"26 de julho de 2024","format":false,"excerpt":"","rel":"","context":"Em &quot;Programas e projetos&quot;","block_context":{"text":"Programas e projetos","link":"https:\/\/www.cltweb.org\/pt-br\/category\/programas-e-projetos\/"},"img":{"alt_text":"","src":"","width":0,"height":0},"classes":[]},{"id":4055,"url":"https:\/\/www.cltweb.org\/pt-br\/biblioteca-de-recursos\/estudos-de-caso-clt\/community-land-trust-bruxelas\/","url_meta":{"origin":765,"position":4},"title":"Community Land Trust Bruxelas","author":"cltredesign_0jp0l4","date":"21 de outubro de 2024","format":false,"excerpt":"Estabelecida em 2012 (Bruxelas, B\u00e9lgica) Perfil contribu\u00eddo por Geert De Pauw (2015) O Community Land Trust Bruxelles (CLTB) foi formalmente incorporado em 2012, ap\u00f3s quatro anos de planejamento e organiza\u00e7\u00e3o, uma iniciativa liderada por ativistas de v\u00e1rias associa\u00e7\u00f5es de moradia e de bairro existentes. O CLTB foi estabelecido para atender\u2026","rel":"","context":"Em &quot;Estudos de caso&quot;","block_context":{"text":"Estudos de caso","link":"https:\/\/www.cltweb.org\/pt-br\/category\/estudos-de-caso\/"},"img":{"alt_text":"","src":"","width":0,"height":0},"classes":[]},{"id":1832,"url":"https:\/\/www.cltweb.org\/pt-br\/biblioteca-de-recursos\/manuais-e-guias\/bancos-de-terras-e-fundos-fiduciarios-comunitarios\/","url_meta":{"origin":765,"position":5},"title":"Europa","author":"cltredesign_0jp0l4","date":"7 de setembro de 2024","format":false,"excerpt":"Manuais e guias da Europa Casas movidas a pessoas: Como o London CLT e o Citizens UK se organizam para ter acesso a terrenos para casas a pre\u00e7os acess\u00edveis O London CLT surgiu a partir dos esfor\u00e7os de organiza\u00e7\u00e3o comunit\u00e1ria da London Citizens, que vem desenvolvendo a capacidade das pessoas\u2026","rel":"","context":"Em &quot;Manuais&quot;","block_context":{"text":"Manuais","link":"https:\/\/www.cltweb.org\/pt-br\/category\/manuais-pt-br\/"},"img":{"alt_text":"","src":"","width":0,"height":0},"classes":[]}],"_links":{"self":[{"href":"https:\/\/www.cltweb.org\/pt-br\/wp-json\/wp\/v2\/pages\/765","targetHints":{"allow":["GET"]}}],"collection":[{"href":"https:\/\/www.cltweb.org\/pt-br\/wp-json\/wp\/v2\/pages"}],"about":[{"href":"https:\/\/www.cltweb.org\/pt-br\/wp-json\/wp\/v2\/types\/page"}],"author":[{"embeddable":true,"href":"https:\/\/www.cltweb.org\/pt-br\/wp-json\/wp\/v2\/users\/1"}],"replies":[{"embeddable":true,"href":"https:\/\/www.cltweb.org\/pt-br\/wp-json\/wp\/v2\/comments?post=765"}],"version-history":[{"count":1,"href":"https:\/\/www.cltweb.org\/pt-br\/wp-json\/wp\/v2\/pages\/765\/revisions"}],"predecessor-version":[{"id":893,"href":"https:\/\/www.cltweb.org\/pt-br\/wp-json\/wp\/v2\/pages\/765\/revisions\/893"}],"up":[{"embeddable":true,"href":"https:\/\/www.cltweb.org\/pt-br\/wp-json\/wp\/v2\/pages\/891"}],"wp:attachment":[{"href":"https:\/\/www.cltweb.org\/pt-br\/wp-json\/wp\/v2\/media?parent=765"}],"wp:term":[{"taxonomy":"category","embeddable":true,"href":"https:\/\/www.cltweb.org\/pt-br\/wp-json\/wp\/v2\/categories?post=765"},{"taxonomy":"post_tag","embeddable":true,"href":"https:\/\/www.cltweb.org\/pt-br\/wp-json\/wp\/v2\/tags?post=765"}],"curies":[{"name":"wp","href":"https:\/\/api.w.org\/{rel}","templated":true}]}}