{"id":776,"date":"2024-07-26T16:34:43","date_gmt":"2024-07-26T16:34:43","guid":{"rendered":"https:\/\/www.cltweb.org\/proximos-eventos\/"},"modified":"2025-10-26T18:38:18","modified_gmt":"2025-10-26T18:38:18","slug":"proximos-eventos","status":"publish","type":"page","link":"https:\/\/www.cltweb.org\/pt-br\/noticias-e-eventos\/proximos-eventos\/","title":{"rendered":"Pr\u00f3ximos eventos"},"content":{"rendered":"","protected":false},"excerpt":{"rendered":"","protected":false},"author":1,"featured_media":0,"parent":937,"menu_order":0,"comment_status":"closed","ping_status":"closed","template":"","meta":{"give_campaign_id":0,"_tec_requires_first_save":true,"_kad_blocks_custom_css":"","_kad_blocks_head_custom_js":"","_kad_blocks_body_custom_js":"","_kad_blocks_footer_custom_js":"","_EventAllDay":false,"_EventTimezone":"","_EventStartDate":"","_EventEndDate":"","_EventStartDateUTC":"","_EventEndDateUTC":"","_EventShowMap":false,"_EventShowMapLink":false,"_EventURL":"","_EventCost":"","_EventCostDescription":"","_EventCurrencySymbol":"","_EventCurrencyCode":"","_EventCurrencyPosition":"","_EventDateTimeSeparator":"","_EventTimeRangeSeparator":"","_EventOrganizerID":[],"_EventVenueID":[],"_OrganizerEmail":"","_OrganizerPhone":"","_OrganizerWebsite":"","_VenueAddress":"","_VenueCity":"","_VenueCountry":"","_VenueProvince":"","_VenueState":"","_VenueZip":"","_VenuePhone":"","_VenueURL":"","_VenueStateProvince":"","_VenueLat":"","_VenueLng":"","_VenueShowMap":false,"_VenueShowMapLink":false,"_tribe_blocks_recurrence_rules":"","_tribe_blocks_recurrence_description":"","_tribe_blocks_recurrence_exclusions":"","footnotes":""},"categories":[],"tags":[],"class_list":["post-776","page","type-page","status-publish","hentry"],"blocksy_meta":[],"yoast_head":"<!-- This site is optimized with the Yoast SEO Premium plugin v27.5 (Yoast SEO v27.5) - https:\/\/yoast.com\/product\/yoast-seo-premium-wordpress\/ -->\n<title>Pr\u00f3ximos eventos - International Center for Community Land Trusts<\/title>\n<meta name=\"robots\" content=\"index, follow, max-snippet:-1, max-image-preview:large, max-video-preview:-1\" \/>\n<link rel=\"canonical\" href=\"https:\/\/www.cltweb.org\/pt-br\/noticias-e-eventos\/proximos-eventos\/\" \/>\n<meta property=\"og:locale\" content=\"pt_BR\" \/>\n<meta property=\"og:type\" content=\"article\" \/>\n<meta property=\"og:title\" content=\"Pr\u00f3ximos eventos\" \/>\n<meta property=\"og:url\" content=\"https:\/\/www.cltweb.org\/pt-br\/noticias-e-eventos\/proximos-eventos\/\" \/>\n<meta property=\"og:site_name\" content=\"International Center for Community Land Trusts\" \/>\n<meta property=\"article:publisher\" content=\"https:\/\/www.facebook.com\/cltcenter\" \/>\n<meta property=\"article:modified_time\" content=\"2025-10-26T18:38:18+00:00\" \/>\n<meta name=\"twitter:card\" content=\"summary_large_image\" \/>\n<meta name=\"twitter:site\" content=\"@Center4CLTs\" \/>\n<script type=\"application\/ld+json\" class=\"yoast-schema-graph\">{\"@context\":\"https:\\\/\\\/schema.org\",\"@graph\":[{\"@type\":\"WebPage\",\"@id\":\"https:\\\/\\\/www.cltweb.org\\\/pt-br\\\/noticias-e-eventos\\\/proximos-eventos\\\/\",\"url\":\"https:\\\/\\\/www.cltweb.org\\\/pt-br\\\/noticias-e-eventos\\\/proximos-eventos\\\/\",\"name\":\"Pr\u00f3ximos eventos - International Center for Community Land Trusts\",\"isPartOf\":{\"@id\":\"https:\\\/\\\/www.cltweb.org\\\/pt-br\\\/#website\"},\"datePublished\":\"2024-07-26T16:34:43+00:00\",\"dateModified\":\"2025-10-26T18:38:18+00:00\",\"breadcrumb\":{\"@id\":\"https:\\\/\\\/www.cltweb.org\\\/pt-br\\\/noticias-e-eventos\\\/proximos-eventos\\\/#breadcrumb\"},\"inLanguage\":\"pt-BR\",\"potentialAction\":[{\"@type\":\"ReadAction\",\"target\":[\"https:\\\/\\\/www.cltweb.org\\\/pt-br\\\/noticias-e-eventos\\\/proximos-eventos\\\/\"]}]},{\"@type\":\"BreadcrumbList\",\"@id\":\"https:\\\/\\\/www.cltweb.org\\\/pt-br\\\/noticias-e-eventos\\\/proximos-eventos\\\/#breadcrumb\",\"itemListElement\":[{\"@type\":\"ListItem\",\"position\":1,\"name\":\"Home\",\"item\":\"https:\\\/\\\/www.cltweb.org\\\/pt-br\\\/\"},{\"@type\":\"ListItem\",\"position\":2,\"name\":\"Not\u00edcias e eventos\",\"item\":\"https:\\\/\\\/www.cltweb.org\\\/pt-br\\\/news\\\/\"},{\"@type\":\"ListItem\",\"position\":3,\"name\":\"Pr\u00f3ximos eventos\"}]},{\"@type\":\"WebSite\",\"@id\":\"https:\\\/\\\/www.cltweb.org\\\/pt-br\\\/#website\",\"url\":\"https:\\\/\\\/www.cltweb.org\\\/pt-br\\\/\",\"name\":\"International Center for Community Land Trusts\",\"description\":\"\",\"publisher\":{\"@id\":\"https:\\\/\\\/www.cltweb.org\\\/pt-br\\\/#organization\"},\"potentialAction\":[{\"@type\":\"SearchAction\",\"target\":{\"@type\":\"EntryPoint\",\"urlTemplate\":\"https:\\\/\\\/www.cltweb.org\\\/pt-br\\\/?s={search_term_string}\"},\"query-input\":{\"@type\":\"PropertyValueSpecification\",\"valueRequired\":true,\"valueName\":\"search_term_string\"}}],\"inLanguage\":\"pt-BR\"},{\"@type\":\"Organization\",\"@id\":\"https:\\\/\\\/www.cltweb.org\\\/pt-br\\\/#organization\",\"name\":\"International Center for Community Land Trusts\",\"url\":\"https:\\\/\\\/www.cltweb.org\\\/pt-br\\\/\",\"logo\":{\"@type\":\"ImageObject\",\"inLanguage\":\"pt-BR\",\"@id\":\"https:\\\/\\\/www.cltweb.org\\\/pt-br\\\/#\\\/schema\\\/logo\\\/image\\\/\",\"url\":\"https:\\\/\\\/www.cltweb.org\\\/wp-content\\\/uploads\\\/2024\\\/11\\\/New-CLT-Center-Text-logo.png\",\"contentUrl\":\"https:\\\/\\\/www.cltweb.org\\\/wp-content\\\/uploads\\\/2024\\\/11\\\/New-CLT-Center-Text-logo.png\",\"width\":227,\"height\":80,\"caption\":\"International Center for Community Land Trusts\"},\"image\":{\"@id\":\"https:\\\/\\\/www.cltweb.org\\\/pt-br\\\/#\\\/schema\\\/logo\\\/image\\\/\"},\"sameAs\":[\"https:\\\/\\\/www.facebook.com\\\/cltcenter\",\"https:\\\/\\\/x.com\\\/Center4CLTs\",\"https:\\\/\\\/www.instagram.com\\\/cltcenter\\\/\",\"https:\\\/\\\/www.linkedin.com\\\/company\\\/cltcenter\",\"https:\\\/\\\/www.youtube.com\\\/@centerforcltinnovation5313\"],\"description\":\"The International Center for Community Land Trusts is a not-for-profit nongovernmental organization established in 2018 to promote and to support community land trusts and similar strategies of community-led development on community-owned land in countries throughout the world.\",\"email\":\"info@communitylandtrust.net\",\"legalName\":\"International Center for Community Land Trusts\",\"foundingDate\":\"2018-12-01\",\"taxID\":\"84-3858933\",\"numberOfEmployees\":{\"@type\":\"QuantitativeValue\",\"minValue\":\"1\",\"maxValue\":\"10\"}}]}<\/script>\n<!-- \/ Yoast SEO Premium plugin. -->","yoast_head_json":{"title":"Pr\u00f3ximos eventos - International Center for Community Land Trusts","robots":{"index":"index","follow":"follow","max-snippet":"max-snippet:-1","max-image-preview":"max-image-preview:large","max-video-preview":"max-video-preview:-1"},"canonical":"https:\/\/www.cltweb.org\/pt-br\/noticias-e-eventos\/proximos-eventos\/","og_locale":"pt_BR","og_type":"article","og_title":"Pr\u00f3ximos eventos","og_url":"https:\/\/www.cltweb.org\/pt-br\/noticias-e-eventos\/proximos-eventos\/","og_site_name":"International Center for Community Land Trusts","article_publisher":"https:\/\/www.facebook.com\/cltcenter","article_modified_time":"2025-10-26T18:38:18+00:00","twitter_card":"summary_large_image","twitter_site":"@Center4CLTs","schema":{"@context":"https:\/\/schema.org","@graph":[{"@type":"WebPage","@id":"https:\/\/www.cltweb.org\/pt-br\/noticias-e-eventos\/proximos-eventos\/","url":"https:\/\/www.cltweb.org\/pt-br\/noticias-e-eventos\/proximos-eventos\/","name":"Pr\u00f3ximos eventos - International Center for Community Land Trusts","isPartOf":{"@id":"https:\/\/www.cltweb.org\/pt-br\/#website"},"datePublished":"2024-07-26T16:34:43+00:00","dateModified":"2025-10-26T18:38:18+00:00","breadcrumb":{"@id":"https:\/\/www.cltweb.org\/pt-br\/noticias-e-eventos\/proximos-eventos\/#breadcrumb"},"inLanguage":"pt-BR","potentialAction":[{"@type":"ReadAction","target":["https:\/\/www.cltweb.org\/pt-br\/noticias-e-eventos\/proximos-eventos\/"]}]},{"@type":"BreadcrumbList","@id":"https:\/\/www.cltweb.org\/pt-br\/noticias-e-eventos\/proximos-eventos\/#breadcrumb","itemListElement":[{"@type":"ListItem","position":1,"name":"Home","item":"https:\/\/www.cltweb.org\/pt-br\/"},{"@type":"ListItem","position":2,"name":"Not\u00edcias e eventos","item":"https:\/\/www.cltweb.org\/pt-br\/news\/"},{"@type":"ListItem","position":3,"name":"Pr\u00f3ximos eventos"}]},{"@type":"WebSite","@id":"https:\/\/www.cltweb.org\/pt-br\/#website","url":"https:\/\/www.cltweb.org\/pt-br\/","name":"International Center for Community Land Trusts","description":"","publisher":{"@id":"https:\/\/www.cltweb.org\/pt-br\/#organization"},"potentialAction":[{"@type":"SearchAction","target":{"@type":"EntryPoint","urlTemplate":"https:\/\/www.cltweb.org\/pt-br\/?s={search_term_string}"},"query-input":{"@type":"PropertyValueSpecification","valueRequired":true,"valueName":"search_term_string"}}],"inLanguage":"pt-BR"},{"@type":"Organization","@id":"https:\/\/www.cltweb.org\/pt-br\/#organization","name":"International Center for Community Land Trusts","url":"https:\/\/www.cltweb.org\/pt-br\/","logo":{"@type":"ImageObject","inLanguage":"pt-BR","@id":"https:\/\/www.cltweb.org\/pt-br\/#\/schema\/logo\/image\/","url":"https:\/\/www.cltweb.org\/wp-content\/uploads\/2024\/11\/New-CLT-Center-Text-logo.png","contentUrl":"https:\/\/www.cltweb.org\/wp-content\/uploads\/2024\/11\/New-CLT-Center-Text-logo.png","width":227,"height":80,"caption":"International Center for Community Land Trusts"},"image":{"@id":"https:\/\/www.cltweb.org\/pt-br\/#\/schema\/logo\/image\/"},"sameAs":["https:\/\/www.facebook.com\/cltcenter","https:\/\/x.com\/Center4CLTs","https:\/\/www.instagram.com\/cltcenter\/","https:\/\/www.linkedin.com\/company\/cltcenter","https:\/\/www.youtube.com\/@centerforcltinnovation5313"],"description":"The International Center for Community Land Trusts is a not-for-profit nongovernmental organization established in 2018 to promote and to support community land trusts and similar strategies of community-led development on community-owned land in countries throughout the world.","email":"info@communitylandtrust.net","legalName":"International Center for Community Land Trusts","foundingDate":"2018-12-01","taxID":"84-3858933","numberOfEmployees":{"@type":"QuantitativeValue","minValue":"1","maxValue":"10"}}]}},"campaignId":"","taxonomy_info":[],"featured_image_src_large":false,"author_info":{"display_name":"cltredesign_0jp0l4","author_link":"https:\/\/www.cltweb.org\/pt-br\/author\/cltredesign_0jp0l4\/"},"comment_info":0,"jetpack_sharing_enabled":true,"jetpack-related-posts":[{"id":782,"url":"https:\/\/www.cltweb.org\/es\/noticias-y-eventos\/proximos-eventos\/","url_meta":{"origin":776,"position":0},"title":"Pr\u00f3ximos eventos","author":"cltredesign_0jp0l4","date":"26 de julho de 2024","format":false,"excerpt":"","rel":"","context":"Post similar","block_context":{"text":"Post similar","link":""},"img":{"alt_text":"","src":"","width":0,"height":0},"classes":[]},{"id":916,"url":"https:\/\/www.cltweb.org\/es\/noticias-y-eventos\/","url_meta":{"origin":776,"position":1},"title":"Noticias y Eventos","author":"cltredesign_0jp0l4","date":"26 de julho de 2024","format":false,"excerpt":"Noticias y Eventos Hemos recopilado noticias sobre fideicomisos de tierras comunitarias de todo el mundo, as\u00ed como ofertas de empleo para quienes est\u00e9n interesados en trabajar en un CLT. Tambi\u00e9n tenemos n\u00fameros anteriores de nuestro bolet\u00edn y una lista de nuestros pr\u00f3ximos eventos educativos.","rel":"","context":"Em &quot;Sin categorizar&quot;","block_context":{"text":"Sin categorizar","link":"https:\/\/www.cltweb.org\/es\/category\/sin-categorizar\/"},"img":{"alt_text":"","src":"","width":0,"height":0},"classes":[]},{"id":937,"url":"https:\/\/www.cltweb.org\/pt-br\/noticias-e-eventos\/","url_meta":{"origin":776,"position":2},"title":"Not\u00edcias e eventos","author":"cltredesign_0jp0l4","date":"26 de julho de 2024","format":false,"excerpt":"Not\u00edcias e eventos Reunimos not\u00edcias sobre community land trusts de todo o mundo, bem como an\u00fancios de emprego para voc\u00ea que est\u00e1 interessado em trabalhar em um CLT. Tamb\u00e9m temos edi\u00e7\u00f5es anteriores de nosso boletim informativo e uma lista de nossos pr\u00f3ximos eventos educacionais.","rel":"","context":"Em &quot;N\u00e3o categorizado&quot;","block_context":{"text":"N\u00e3o categorizado","link":"https:\/\/www.cltweb.org\/pt-br\/category\/nao-categorizado\/"},"img":{"alt_text":"","src":"","width":0,"height":0},"classes":[]},{"id":1941,"url":"https:\/\/www.cltweb.org\/pt-br\/noticias-e-eventos\/boletins-informativos\/","url_meta":{"origin":776,"position":3},"title":"Boletins informativos","author":"cltredesign_0jp0l4","date":"26 de julho de 2024","format":false,"excerpt":"Boletins informativos do Centro CLT.","rel":"","context":"Em &quot;Not\u00edcias e eventos&quot;","block_context":{"text":"Not\u00edcias e eventos","link":"https:\/\/www.cltweb.org\/pt-br\/category\/noticias-e-eventos\/"},"img":{"alt_text":"","src":"","width":0,"height":0},"classes":[]},{"id":1963,"url":"https:\/\/www.cltweb.org\/es\/noticias-y-eventos\/boletines\/","url_meta":{"origin":776,"position":4},"title":"Boletines","author":"cltredesign_0jp0l4","date":"26 de julho de 2024","format":false,"excerpt":"Boletines del Centro CLT.","rel":"","context":"Em &quot;Noticias y Eventos&quot;","block_context":{"text":"Noticias y Eventos","link":"https:\/\/www.cltweb.org\/es\/category\/noticias-y-eventos\/"},"img":{"alt_text":"","src":"","width":0,"height":0},"classes":[]},{"id":788,"url":"https:\/\/www.cltweb.org\/es\/noticias-y-eventos\/clt-en-las-noticias\/","url_meta":{"origin":776,"position":5},"title":"CLT en las noticias","author":"cltredesign_0jp0l4","date":"26 de julho de 2024","format":false,"excerpt":"Art\u00edculos de noticias sobre CLT de todo el mundo.","rel":"","context":"Em &quot;Noticias y Eventos&quot;","block_context":{"text":"Noticias y Eventos","link":"https:\/\/www.cltweb.org\/es\/category\/noticias-y-eventos\/"},"img":{"alt_text":"","src":"","width":0,"height":0},"classes":[]}],"_links":{"self":[{"href":"https:\/\/www.cltweb.org\/pt-br\/wp-json\/wp\/v2\/pages\/776","targetHints":{"allow":["GET"]}}],"collection":[{"href":"https:\/\/www.cltweb.org\/pt-br\/wp-json\/wp\/v2\/pages"}],"about":[{"href":"https:\/\/www.cltweb.org\/pt-br\/wp-json\/wp\/v2\/types\/page"}],"author":[{"embeddable":true,"href":"https:\/\/www.cltweb.org\/pt-br\/wp-json\/wp\/v2\/users\/1"}],"replies":[{"embeddable":true,"href":"https:\/\/www.cltweb.org\/pt-br\/wp-json\/wp\/v2\/comments?post=776"}],"version-history":[{"count":1,"href":"https:\/\/www.cltweb.org\/pt-br\/wp-json\/wp\/v2\/pages\/776\/revisions"}],"predecessor-version":[{"id":944,"href":"https:\/\/www.cltweb.org\/pt-br\/wp-json\/wp\/v2\/pages\/776\/revisions\/944"}],"up":[{"embeddable":true,"href":"https:\/\/www.cltweb.org\/pt-br\/wp-json\/wp\/v2\/pages\/937"}],"wp:attachment":[{"href":"https:\/\/www.cltweb.org\/pt-br\/wp-json\/wp\/v2\/media?parent=776"}],"wp:term":[{"taxonomy":"category","embeddable":true,"href":"https:\/\/www.cltweb.org\/pt-br\/wp-json\/wp\/v2\/categories?post=776"},{"taxonomy":"post_tag","embeddable":true,"href":"https:\/\/www.cltweb.org\/pt-br\/wp-json\/wp\/v2\/tags?post=776"}],"curies":[{"name":"wp","href":"https:\/\/api.w.org\/{rel}","templated":true}]}}