{"id":831,"date":"2024-07-26T16:05:42","date_gmt":"2024-07-26T16:05:42","guid":{"rendered":"https:\/\/www.cltweb.org\/equipe\/"},"modified":"2024-09-07T17:20:26","modified_gmt":"2024-09-07T17:20:26","slug":"equipe","status":"publish","type":"page","link":"https:\/\/www.cltweb.org\/pt-br\/sobre-nos\/equipe\/","title":{"rendered":"Equipe"},"content":{"rendered":"\n<h1 class=\"wp-block-heading\">Equipe<\/h1>\n\n<ul class=\"wp-block-list\">\n<li><strong><a href=\"https:\/\/www.linkedin.com\/in\/benharris813\/\" target=\"_blank\" rel=\"noreferrer noopener\">Ben Harris<\/a><\/strong>, Gerente de Comunica\u00e7\u00f5es (EUA)<\/li>\n\n\n\n<li><a href=\"https:\/\/www.linkedin.com\/in\/richard-kruger-delgado-ab36b0122\/\" target=\"_blank\" rel=\"noreferrer noopener\"><strong>Richard Kruger Delgado<\/strong><\/a>Gerente de educa\u00e7\u00e3o e divulga\u00e7\u00e3o (EUA)<\/li>\n\n\n\n<li><a href=\"https:\/\/www.linkedin.com\/in\/greg-rosenberg-1785aa5\/\" target=\"_blank\" rel=\"noreferrer noopener\"><strong>Greg Rosenberg<\/strong><\/a>, Diretor Executivo (EUA)<\/li>\n<\/ul>\n\n<p><\/p>\n","protected":false},"excerpt":{"rendered":"<p>Equipe<\/p>\n","protected":false},"author":1,"featured_media":0,"parent":947,"menu_order":6,"comment_status":"closed","ping_status":"closed","template":"","meta":{"give_campaign_id":0,"_tec_requires_first_save":true,"_kad_blocks_custom_css":"","_kad_blocks_head_custom_js":"","_kad_blocks_body_custom_js":"","_kad_blocks_footer_custom_js":"","_EventAllDay":false,"_EventTimezone":"","_EventStartDate":"","_EventEndDate":"","_EventStartDateUTC":"","_EventEndDateUTC":"","_EventShowMap":false,"_EventShowMapLink":false,"_EventURL":"","_EventCost":"","_EventCostDescription":"","_EventCurrencySymbol":"","_EventCurrencyCode":"","_EventCurrencyPosition":"","_EventDateTimeSeparator":"","_EventTimeRangeSeparator":"","_EventOrganizerID":[],"_EventVenueID":[],"_OrganizerEmail":"","_OrganizerPhone":"","_OrganizerWebsite":"","_VenueAddress":"","_VenueCity":"","_VenueCountry":"","_VenueProvince":"","_VenueState":"","_VenueZip":"","_VenuePhone":"","_VenueURL":"","_VenueStateProvince":"","_VenueLat":"","_VenueLng":"","_VenueShowMap":false,"_VenueShowMapLink":false,"_tribe_blocks_recurrence_rules":"","_tribe_blocks_recurrence_description":"","_tribe_blocks_recurrence_exclusions":"","footnotes":""},"categories":[76],"tags":[],"class_list":["post-831","page","type-page","status-publish","hentry","category-sobre-nos"],"blocksy_meta":[],"yoast_head":"<!-- This site is optimized with the Yoast SEO Premium plugin v27.5 (Yoast SEO v27.5) - https:\/\/yoast.com\/product\/yoast-seo-premium-wordpress\/ -->\n<title>Equipe - International Center for Community Land Trusts<\/title>\n<meta name=\"robots\" content=\"index, follow, max-snippet:-1, max-image-preview:large, max-video-preview:-1\" \/>\n<link rel=\"canonical\" href=\"https:\/\/www.cltweb.org\/pt-br\/sobre-nos\/equipe\/\" \/>\n<meta property=\"og:locale\" content=\"pt_BR\" \/>\n<meta property=\"og:type\" content=\"article\" \/>\n<meta property=\"og:title\" content=\"Equipe\" \/>\n<meta property=\"og:description\" content=\"Equipe\" \/>\n<meta property=\"og:url\" content=\"https:\/\/www.cltweb.org\/pt-br\/sobre-nos\/equipe\/\" \/>\n<meta property=\"og:site_name\" content=\"International Center for Community Land Trusts\" \/>\n<meta property=\"article:publisher\" content=\"https:\/\/www.facebook.com\/cltcenter\" \/>\n<meta property=\"article:modified_time\" content=\"2024-09-07T17:20:26+00:00\" \/>\n<meta name=\"twitter:card\" content=\"summary_large_image\" \/>\n<meta name=\"twitter:site\" content=\"@Center4CLTs\" \/>\n<script type=\"application\/ld+json\" class=\"yoast-schema-graph\">{\"@context\":\"https:\\\/\\\/schema.org\",\"@graph\":[{\"@type\":\"WebPage\",\"@id\":\"https:\\\/\\\/www.cltweb.org\\\/pt-br\\\/sobre-nos\\\/equipe\\\/\",\"url\":\"https:\\\/\\\/www.cltweb.org\\\/pt-br\\\/sobre-nos\\\/equipe\\\/\",\"name\":\"Equipe - International Center for Community Land Trusts\",\"isPartOf\":{\"@id\":\"https:\\\/\\\/www.cltweb.org\\\/pt-br\\\/#website\"},\"datePublished\":\"2024-07-26T16:05:42+00:00\",\"dateModified\":\"2024-09-07T17:20:26+00:00\",\"breadcrumb\":{\"@id\":\"https:\\\/\\\/www.cltweb.org\\\/pt-br\\\/sobre-nos\\\/equipe\\\/#breadcrumb\"},\"inLanguage\":\"pt-BR\",\"potentialAction\":[{\"@type\":\"ReadAction\",\"target\":[\"https:\\\/\\\/www.cltweb.org\\\/pt-br\\\/sobre-nos\\\/equipe\\\/\"]}]},{\"@type\":\"BreadcrumbList\",\"@id\":\"https:\\\/\\\/www.cltweb.org\\\/pt-br\\\/sobre-nos\\\/equipe\\\/#breadcrumb\",\"itemListElement\":[{\"@type\":\"ListItem\",\"position\":1,\"name\":\"Home\",\"item\":\"https:\\\/\\\/www.cltweb.org\\\/pt-br\\\/\"},{\"@type\":\"ListItem\",\"position\":2,\"name\":\"Sobre n\u00f3s\",\"item\":\"https:\\\/\\\/www.cltweb.org\\\/pt-br\\\/sobre-nos\\\/\"},{\"@type\":\"ListItem\",\"position\":3,\"name\":\"Equipe\"}]},{\"@type\":\"WebSite\",\"@id\":\"https:\\\/\\\/www.cltweb.org\\\/pt-br\\\/#website\",\"url\":\"https:\\\/\\\/www.cltweb.org\\\/pt-br\\\/\",\"name\":\"International Center for Community Land Trusts\",\"description\":\"\",\"publisher\":{\"@id\":\"https:\\\/\\\/www.cltweb.org\\\/pt-br\\\/#organization\"},\"potentialAction\":[{\"@type\":\"SearchAction\",\"target\":{\"@type\":\"EntryPoint\",\"urlTemplate\":\"https:\\\/\\\/www.cltweb.org\\\/pt-br\\\/?s={search_term_string}\"},\"query-input\":{\"@type\":\"PropertyValueSpecification\",\"valueRequired\":true,\"valueName\":\"search_term_string\"}}],\"inLanguage\":\"pt-BR\"},{\"@type\":\"Organization\",\"@id\":\"https:\\\/\\\/www.cltweb.org\\\/pt-br\\\/#organization\",\"name\":\"International Center for Community Land Trusts\",\"url\":\"https:\\\/\\\/www.cltweb.org\\\/pt-br\\\/\",\"logo\":{\"@type\":\"ImageObject\",\"inLanguage\":\"pt-BR\",\"@id\":\"https:\\\/\\\/www.cltweb.org\\\/pt-br\\\/#\\\/schema\\\/logo\\\/image\\\/\",\"url\":\"https:\\\/\\\/www.cltweb.org\\\/wp-content\\\/uploads\\\/2024\\\/11\\\/New-CLT-Center-Text-logo.png\",\"contentUrl\":\"https:\\\/\\\/www.cltweb.org\\\/wp-content\\\/uploads\\\/2024\\\/11\\\/New-CLT-Center-Text-logo.png\",\"width\":227,\"height\":80,\"caption\":\"International Center for Community Land Trusts\"},\"image\":{\"@id\":\"https:\\\/\\\/www.cltweb.org\\\/pt-br\\\/#\\\/schema\\\/logo\\\/image\\\/\"},\"sameAs\":[\"https:\\\/\\\/www.facebook.com\\\/cltcenter\",\"https:\\\/\\\/x.com\\\/Center4CLTs\",\"https:\\\/\\\/www.instagram.com\\\/cltcenter\\\/\",\"https:\\\/\\\/www.linkedin.com\\\/company\\\/cltcenter\",\"https:\\\/\\\/www.youtube.com\\\/@centerforcltinnovation5313\"],\"description\":\"The International Center for Community Land Trusts is a not-for-profit nongovernmental organization established in 2018 to promote and to support community land trusts and similar strategies of community-led development on community-owned land in countries throughout the world.\",\"email\":\"info@communitylandtrust.net\",\"legalName\":\"International Center for Community Land Trusts\",\"foundingDate\":\"2018-12-01\",\"taxID\":\"84-3858933\",\"numberOfEmployees\":{\"@type\":\"QuantitativeValue\",\"minValue\":\"1\",\"maxValue\":\"10\"}}]}<\/script>\n<!-- \/ Yoast SEO Premium plugin. -->","yoast_head_json":{"title":"Equipe - International Center for Community Land Trusts","robots":{"index":"index","follow":"follow","max-snippet":"max-snippet:-1","max-image-preview":"max-image-preview:large","max-video-preview":"max-video-preview:-1"},"canonical":"https:\/\/www.cltweb.org\/pt-br\/sobre-nos\/equipe\/","og_locale":"pt_BR","og_type":"article","og_title":"Equipe","og_description":"Equipe","og_url":"https:\/\/www.cltweb.org\/pt-br\/sobre-nos\/equipe\/","og_site_name":"International Center for Community Land Trusts","article_publisher":"https:\/\/www.facebook.com\/cltcenter","article_modified_time":"2024-09-07T17:20:26+00:00","twitter_card":"summary_large_image","twitter_site":"@Center4CLTs","schema":{"@context":"https:\/\/schema.org","@graph":[{"@type":"WebPage","@id":"https:\/\/www.cltweb.org\/pt-br\/sobre-nos\/equipe\/","url":"https:\/\/www.cltweb.org\/pt-br\/sobre-nos\/equipe\/","name":"Equipe - International Center for Community Land Trusts","isPartOf":{"@id":"https:\/\/www.cltweb.org\/pt-br\/#website"},"datePublished":"2024-07-26T16:05:42+00:00","dateModified":"2024-09-07T17:20:26+00:00","breadcrumb":{"@id":"https:\/\/www.cltweb.org\/pt-br\/sobre-nos\/equipe\/#breadcrumb"},"inLanguage":"pt-BR","potentialAction":[{"@type":"ReadAction","target":["https:\/\/www.cltweb.org\/pt-br\/sobre-nos\/equipe\/"]}]},{"@type":"BreadcrumbList","@id":"https:\/\/www.cltweb.org\/pt-br\/sobre-nos\/equipe\/#breadcrumb","itemListElement":[{"@type":"ListItem","position":1,"name":"Home","item":"https:\/\/www.cltweb.org\/pt-br\/"},{"@type":"ListItem","position":2,"name":"Sobre n\u00f3s","item":"https:\/\/www.cltweb.org\/pt-br\/sobre-nos\/"},{"@type":"ListItem","position":3,"name":"Equipe"}]},{"@type":"WebSite","@id":"https:\/\/www.cltweb.org\/pt-br\/#website","url":"https:\/\/www.cltweb.org\/pt-br\/","name":"International Center for Community Land Trusts","description":"","publisher":{"@id":"https:\/\/www.cltweb.org\/pt-br\/#organization"},"potentialAction":[{"@type":"SearchAction","target":{"@type":"EntryPoint","urlTemplate":"https:\/\/www.cltweb.org\/pt-br\/?s={search_term_string}"},"query-input":{"@type":"PropertyValueSpecification","valueRequired":true,"valueName":"search_term_string"}}],"inLanguage":"pt-BR"},{"@type":"Organization","@id":"https:\/\/www.cltweb.org\/pt-br\/#organization","name":"International Center for Community Land Trusts","url":"https:\/\/www.cltweb.org\/pt-br\/","logo":{"@type":"ImageObject","inLanguage":"pt-BR","@id":"https:\/\/www.cltweb.org\/pt-br\/#\/schema\/logo\/image\/","url":"https:\/\/www.cltweb.org\/wp-content\/uploads\/2024\/11\/New-CLT-Center-Text-logo.png","contentUrl":"https:\/\/www.cltweb.org\/wp-content\/uploads\/2024\/11\/New-CLT-Center-Text-logo.png","width":227,"height":80,"caption":"International Center for Community Land Trusts"},"image":{"@id":"https:\/\/www.cltweb.org\/pt-br\/#\/schema\/logo\/image\/"},"sameAs":["https:\/\/www.facebook.com\/cltcenter","https:\/\/x.com\/Center4CLTs","https:\/\/www.instagram.com\/cltcenter\/","https:\/\/www.linkedin.com\/company\/cltcenter","https:\/\/www.youtube.com\/@centerforcltinnovation5313"],"description":"The International Center for Community Land Trusts is a not-for-profit nongovernmental organization established in 2018 to promote and to support community land trusts and similar strategies of community-led development on community-owned land in countries throughout the world.","email":"info@communitylandtrust.net","legalName":"International Center for Community Land Trusts","foundingDate":"2018-12-01","taxID":"84-3858933","numberOfEmployees":{"@type":"QuantitativeValue","minValue":"1","maxValue":"10"}}]}},"campaignId":"","taxonomy_info":{"category":[{"value":76,"label":"Sobre n\u00f3s"}]},"featured_image_src_large":false,"author_info":{"display_name":"cltredesign_0jp0l4","author_link":"https:\/\/www.cltweb.org\/pt-br\/author\/cltredesign_0jp0l4\/"},"comment_info":0,"jetpack_sharing_enabled":true,"jetpack-related-posts":[{"id":862,"url":"https:\/\/www.cltweb.org\/pt-br\/sobre-nos\/diretoria\/","url_meta":{"origin":831,"position":0},"title":"Diretoria e equipe","author":"cltredesign_0jp0l4","date":"26 de julho de 2024","format":false,"excerpt":"A equipe que est\u00e1 liderando o trabalho do Centro CLT.","rel":"","context":"Em &quot;Sobre n\u00f3s&quot;","block_context":{"text":"Sobre n\u00f3s","link":"https:\/\/www.cltweb.org\/pt-br\/category\/sobre-nos\/"},"img":{"alt_text":"","src":"","width":0,"height":0},"classes":[]},{"id":8159,"url":"https:\/\/www.cltweb.org\/pt-br\/biblioteca-de-recursos\/redes-clt\/redes-estaduais-e-regionais-nos-eua\/","url_meta":{"origin":831,"position":1},"title":"Redes estaduais e regionais nos EUA","author":"cltredesign_0jp0l4","date":"28 de dezembro de 2024","format":false,"excerpt":"","rel":"","context":"Post similar","block_context":{"text":"Post similar","link":""},"img":{"alt_text":"","src":"","width":0,"height":0},"classes":[]},{"id":9447,"url":"https:\/\/www.cltweb.org\/pt-br\/sobre-nos\/oportunidades-de-carreira\/consultor-de-desenvolvimento\/","url_meta":{"origin":831,"position":2},"title":"Consultor de desenvolvimento","author":"cltredesign_0jp0l4","date":"19 de maio de 2025","format":false,"excerpt":"Estamos buscando um consultor de desenvolvimento experiente para ajudar a liderar nossos esfor\u00e7os de capta\u00e7\u00e3o de recursos. Esse cargo contratado trabalhar\u00e1 vinte (20) horas por semana em estreita colabora\u00e7\u00e3o com nosso Diretor Executivo, Diretor de Comunica\u00e7\u00f5es, consultores de projetos, bem como membros do conselho que estejam ativamente envolvidos em esfor\u00e7os\u2026","rel":"","context":"Em &quot;Empregos&quot;","block_context":{"text":"Empregos","link":"https:\/\/www.cltweb.org\/pt-br\/category\/empregos\/"},"img":{"alt_text":"","src":"","width":0,"height":0},"classes":[]},{"id":1027,"url":"https:\/\/www.cltweb.org\/pt-br\/terra-nostra-press\/conselho-editorial\/","url_meta":{"origin":831,"position":3},"title":"Conselho Editorial","author":"cltredesign_0jp0l4","date":"7 de setembro de 2024","format":false,"excerpt":"Conselho editorial da Terra Nostra Press John Emmeus Davis, editor-chefe: Burlington Associates (EUA) Line Algoed: Centro de Pesquisa Urbana Cosmopolis (B\u00e9lgica) Yves Cabannes: University College London (Portugal) Mar\u00eda Hern\u00e1ndez Torrales: Faculdade de Direito da Universidade de Porto Rico (Porto Rico)","rel":"","context":"Post similar","block_context":{"text":"Post similar","link":""},"img":{"alt_text":"","src":"","width":0,"height":0},"classes":[]},{"id":1858,"url":"https:\/\/www.cltweb.org\/pt-br\/biblioteca-de-recursos\/banco-de-dados-de-leis-estaduais-dos-eua\/","url_meta":{"origin":831,"position":4},"title":"Banco de dados de leis estaduais dos EUA","author":"cltredesign_0jp0l4","date":"26 de julho de 2024","format":false,"excerpt":"Os Community land trusts (CLTs) h\u00e1 muito tempo conseguem se organizar ou operar sem legisla\u00e7\u00e3o espec\u00edfica, autoriza\u00e7\u00e3o ou orienta\u00e7\u00e3o dos governos estaduais. Come\u00e7ando com a cria\u00e7\u00e3o da New Communities, Inc. em 1969, os CLTs contam com os mecanismos legais existentes nas leis de propriedade, impostos e corpora\u00e7\u00f5es para funcionar. Elas\u2026","rel":"","context":"Em &quot;Biblioteca de recursos&quot;","block_context":{"text":"Biblioteca de recursos","link":"https:\/\/www.cltweb.org\/pt-br\/category\/biblioteca-de-recursos\/"},"img":{"alt_text":"","src":"","width":0,"height":0},"classes":[]},{"id":852,"url":"https:\/\/www.cltweb.org\/pt-br\/sobre-nos\/historia\/","url_meta":{"origin":831,"position":5},"title":"Nossa hist\u00f3ria","author":"cltredesign_0jp0l4","date":"26 de julho de 2024","format":false,"excerpt":"Uma linha do tempo da evolu\u00e7\u00e3o do movimento internacional do CLT.","rel":"","context":"Em &quot;Sobre n\u00f3s&quot;","block_context":{"text":"Sobre n\u00f3s","link":"https:\/\/www.cltweb.org\/pt-br\/category\/sobre-nos\/"},"img":{"alt_text":"","src":"","width":0,"height":0},"classes":[]}],"_links":{"self":[{"href":"https:\/\/www.cltweb.org\/pt-br\/wp-json\/wp\/v2\/pages\/831","targetHints":{"allow":["GET"]}}],"collection":[{"href":"https:\/\/www.cltweb.org\/pt-br\/wp-json\/wp\/v2\/pages"}],"about":[{"href":"https:\/\/www.cltweb.org\/pt-br\/wp-json\/wp\/v2\/types\/page"}],"author":[{"embeddable":true,"href":"https:\/\/www.cltweb.org\/pt-br\/wp-json\/wp\/v2\/users\/1"}],"replies":[{"embeddable":true,"href":"https:\/\/www.cltweb.org\/pt-br\/wp-json\/wp\/v2\/comments?post=831"}],"version-history":[{"count":2,"href":"https:\/\/www.cltweb.org\/pt-br\/wp-json\/wp\/v2\/pages\/831\/revisions"}],"predecessor-version":[{"id":1046,"href":"https:\/\/www.cltweb.org\/pt-br\/wp-json\/wp\/v2\/pages\/831\/revisions\/1046"}],"up":[{"embeddable":true,"href":"https:\/\/www.cltweb.org\/pt-br\/wp-json\/wp\/v2\/pages\/947"}],"wp:attachment":[{"href":"https:\/\/www.cltweb.org\/pt-br\/wp-json\/wp\/v2\/media?parent=831"}],"wp:term":[{"taxonomy":"category","embeddable":true,"href":"https:\/\/www.cltweb.org\/pt-br\/wp-json\/wp\/v2\/categories?post=831"},{"taxonomy":"post_tag","embeddable":true,"href":"https:\/\/www.cltweb.org\/pt-br\/wp-json\/wp\/v2\/tags?post=831"}],"curies":[{"name":"wp","href":"https:\/\/api.w.org\/{rel}","templated":true}]}}