{"id":8672,"date":"2025-02-02T20:04:15","date_gmt":"2025-02-02T20:04:15","guid":{"rendered":"https:\/\/www.cltweb.org\/biblioteca-de-recursos\/agricultura\/conceitos-chave\/a-armadilha-da-propriedade\/"},"modified":"2025-02-03T19:32:54","modified_gmt":"2025-02-03T19:32:54","slug":"a-armadilha-da-propriedade","status":"publish","type":"page","link":"https:\/\/www.cltweb.org\/pt-br\/biblioteca-de-recursos\/agricultura\/conceitos-chave\/a-armadilha-da-propriedade\/","title":{"rendered":"A armadilha da propriedade"},"content":{"rendered":"\n<p>Em muitos casos, a propriedade direta pode simplesmente n\u00e3o fazer o maior sentido para os agricultores urbanos. Isso pode ser surpreendente em uma sociedade em que a propriedade tem sido cultivada como o &#8220;padr\u00e3o ouro&#8221; quando se trata de ter seguran\u00e7a e controle sobre uma casa ou parcela de terra. Mas, como muitos propriet\u00e1rios americanos descobriram desde 2007, uma propriedade nem sempre vale mais do que o custo de seu financiamento &#8211; a propriedade pode ter desvantagens significativas.  <\/p>\n\n<p>Mesmo que um fazendeiro urbano buscasse comprar uma parcela n\u00e3o desenvolvida por um pre\u00e7o t\u00e3o baixo que n\u00e3o fosse necess\u00e1rio financiamento, ainda assim haveria custos iniciais para garantir o t\u00edtulo e pagar taxas de transa\u00e7\u00e3o. A propriedade direta tamb\u00e9m poderia gerar obriga\u00e7\u00f5es de imposto predial, que, como discutiremos abaixo, poderiam ser mitigadas pelo arrendamento de um fundo de terras sem fins lucrativos. Al\u00e9m disso, h\u00e1 os custos dos servi\u00e7os municipais, as preocupa\u00e7\u00f5es com o seguro de responsabilidade civil e a dificuldade de vender a propriedade caso eles desejem interromper a atividade agr\u00edcola.  <\/p>\n\n<p>Somados, esses custos e responsabilidades podem tornar a propriedade uma armadilha. Em vez de presumir que a propriedade \u00e9 o padr\u00e3o ouro ou algo que sempre deve ser evitado, a chave \u00e9 determinar o grau de seguran\u00e7a da posse que melhor se adapta \u00e0s metas e \u00e0 experi\u00eancia de um determinado produtor. <\/p>\n","protected":false},"excerpt":{"rendered":"<p>Em muitos casos, a propriedade direta pode simplesmente n\u00e3o fazer o maior sentido para os agricultores urbanos. Isso pode ser surpreendente em uma sociedade em que a propriedade tem sido [&hellip;]<\/p>\n","protected":false},"author":1,"featured_media":0,"parent":1665,"menu_order":2,"comment_status":"closed","ping_status":"closed","template":"","meta":{"give_campaign_id":0,"_tec_requires_first_save":true,"_kad_blocks_custom_css":"","_kad_blocks_head_custom_js":"","_kad_blocks_body_custom_js":"","_kad_blocks_footer_custom_js":"","_EventAllDay":false,"_EventTimezone":"","_EventStartDate":"","_EventEndDate":"","_EventStartDateUTC":"","_EventEndDateUTC":"","_EventShowMap":false,"_EventShowMapLink":false,"_EventURL":"","_EventCost":"","_EventCostDescription":"","_EventCurrencySymbol":"","_EventCurrencyCode":"","_EventCurrencyPosition":"","_EventDateTimeSeparator":"","_EventTimeRangeSeparator":"","_EventOrganizerID":[],"_EventVenueID":[],"_OrganizerEmail":"","_OrganizerPhone":"","_OrganizerWebsite":"","_VenueAddress":"","_VenueCity":"","_VenueCountry":"","_VenueProvince":"","_VenueState":"","_VenueZip":"","_VenuePhone":"","_VenueURL":"","_VenueStateProvince":"","_VenueLat":"","_VenueLng":"","_VenueShowMap":false,"_VenueShowMapLink":false,"_tribe_blocks_recurrence_rules":"","_tribe_blocks_recurrence_description":"","_tribe_blocks_recurrence_exclusions":"","footnotes":""},"categories":[122],"tags":[],"class_list":["post-8672","page","type-page","status-publish","hentry","category-agricultura"],"blocksy_meta":[],"yoast_head":"<!-- This site is optimized with the Yoast SEO Premium plugin v27.5 (Yoast SEO v27.5) - https:\/\/yoast.com\/product\/yoast-seo-premium-wordpress\/ -->\n<title>A armadilha da propriedade - International Center for Community Land Trusts<\/title>\n<meta name=\"robots\" content=\"index, follow, max-snippet:-1, max-image-preview:large, max-video-preview:-1\" \/>\n<link rel=\"canonical\" href=\"https:\/\/www.cltweb.org\/pt-br\/biblioteca-de-recursos\/agricultura\/conceitos-chave\/a-armadilha-da-propriedade\/\" \/>\n<meta property=\"og:locale\" content=\"pt_BR\" \/>\n<meta property=\"og:type\" content=\"article\" \/>\n<meta property=\"og:title\" content=\"A armadilha da propriedade\" \/>\n<meta property=\"og:description\" content=\"Em muitos casos, a propriedade direta pode simplesmente n\u00e3o fazer o maior sentido para os agricultores urbanos. Isso pode ser surpreendente em uma sociedade em que a propriedade tem sido [&hellip;]\" \/>\n<meta property=\"og:url\" content=\"https:\/\/www.cltweb.org\/pt-br\/biblioteca-de-recursos\/agricultura\/conceitos-chave\/a-armadilha-da-propriedade\/\" \/>\n<meta property=\"og:site_name\" content=\"International Center for Community Land Trusts\" \/>\n<meta property=\"article:publisher\" content=\"https:\/\/www.facebook.com\/cltcenter\" \/>\n<meta property=\"article:modified_time\" content=\"2025-02-03T19:32:54+00:00\" \/>\n<meta name=\"twitter:card\" content=\"summary_large_image\" \/>\n<meta name=\"twitter:site\" content=\"@Center4CLTs\" \/>\n<meta name=\"twitter:label1\" content=\"Est. tempo de leitura\" \/>\n\t<meta name=\"twitter:data1\" content=\"1 minuto\" \/>\n<script type=\"application\/ld+json\" class=\"yoast-schema-graph\">{\"@context\":\"https:\\\/\\\/schema.org\",\"@graph\":[{\"@type\":\"WebPage\",\"@id\":\"https:\\\/\\\/www.cltweb.org\\\/pt-br\\\/biblioteca-de-recursos\\\/agricultura\\\/conceitos-chave\\\/a-armadilha-da-propriedade\\\/\",\"url\":\"https:\\\/\\\/www.cltweb.org\\\/pt-br\\\/biblioteca-de-recursos\\\/agricultura\\\/conceitos-chave\\\/a-armadilha-da-propriedade\\\/\",\"name\":\"A armadilha da propriedade - International Center for Community Land Trusts\",\"isPartOf\":{\"@id\":\"https:\\\/\\\/www.cltweb.org\\\/pt-br\\\/#website\"},\"datePublished\":\"2025-02-02T20:04:15+00:00\",\"dateModified\":\"2025-02-03T19:32:54+00:00\",\"breadcrumb\":{\"@id\":\"https:\\\/\\\/www.cltweb.org\\\/pt-br\\\/biblioteca-de-recursos\\\/agricultura\\\/conceitos-chave\\\/a-armadilha-da-propriedade\\\/#breadcrumb\"},\"inLanguage\":\"pt-BR\",\"potentialAction\":[{\"@type\":\"ReadAction\",\"target\":[\"https:\\\/\\\/www.cltweb.org\\\/pt-br\\\/biblioteca-de-recursos\\\/agricultura\\\/conceitos-chave\\\/a-armadilha-da-propriedade\\\/\"]}]},{\"@type\":\"BreadcrumbList\",\"@id\":\"https:\\\/\\\/www.cltweb.org\\\/pt-br\\\/biblioteca-de-recursos\\\/agricultura\\\/conceitos-chave\\\/a-armadilha-da-propriedade\\\/#breadcrumb\",\"itemListElement\":[{\"@type\":\"ListItem\",\"position\":1,\"name\":\"Home\",\"item\":\"https:\\\/\\\/www.cltweb.org\\\/pt-br\\\/\"},{\"@type\":\"ListItem\",\"position\":2,\"name\":\"Biblioteca de recursos\",\"item\":\"https:\\\/\\\/www.cltweb.org\\\/pt-br\\\/biblioteca-de-recursos\\\/\"},{\"@type\":\"ListItem\",\"position\":3,\"name\":\"Posse de terra para agricultura urbana\",\"item\":\"https:\\\/\\\/www.cltweb.org\\\/pt-br\\\/biblioteca-de-recursos\\\/agricultura\\\/\"},{\"@type\":\"ListItem\",\"position\":4,\"name\":\"Conceitos-chave\",\"item\":\"https:\\\/\\\/www.cltweb.org\\\/pt-br\\\/biblioteca-de-recursos\\\/agricultura\\\/conceitos-chave\\\/\"},{\"@type\":\"ListItem\",\"position\":5,\"name\":\"A armadilha da propriedade\"}]},{\"@type\":\"WebSite\",\"@id\":\"https:\\\/\\\/www.cltweb.org\\\/pt-br\\\/#website\",\"url\":\"https:\\\/\\\/www.cltweb.org\\\/pt-br\\\/\",\"name\":\"International Center for Community Land Trusts\",\"description\":\"\",\"publisher\":{\"@id\":\"https:\\\/\\\/www.cltweb.org\\\/pt-br\\\/#organization\"},\"potentialAction\":[{\"@type\":\"SearchAction\",\"target\":{\"@type\":\"EntryPoint\",\"urlTemplate\":\"https:\\\/\\\/www.cltweb.org\\\/pt-br\\\/?s={search_term_string}\"},\"query-input\":{\"@type\":\"PropertyValueSpecification\",\"valueRequired\":true,\"valueName\":\"search_term_string\"}}],\"inLanguage\":\"pt-BR\"},{\"@type\":\"Organization\",\"@id\":\"https:\\\/\\\/www.cltweb.org\\\/pt-br\\\/#organization\",\"name\":\"International Center for Community Land Trusts\",\"url\":\"https:\\\/\\\/www.cltweb.org\\\/pt-br\\\/\",\"logo\":{\"@type\":\"ImageObject\",\"inLanguage\":\"pt-BR\",\"@id\":\"https:\\\/\\\/www.cltweb.org\\\/pt-br\\\/#\\\/schema\\\/logo\\\/image\\\/\",\"url\":\"https:\\\/\\\/www.cltweb.org\\\/wp-content\\\/uploads\\\/2024\\\/11\\\/New-CLT-Center-Text-logo.png\",\"contentUrl\":\"https:\\\/\\\/www.cltweb.org\\\/wp-content\\\/uploads\\\/2024\\\/11\\\/New-CLT-Center-Text-logo.png\",\"width\":227,\"height\":80,\"caption\":\"International Center for Community Land Trusts\"},\"image\":{\"@id\":\"https:\\\/\\\/www.cltweb.org\\\/pt-br\\\/#\\\/schema\\\/logo\\\/image\\\/\"},\"sameAs\":[\"https:\\\/\\\/www.facebook.com\\\/cltcenter\",\"https:\\\/\\\/x.com\\\/Center4CLTs\",\"https:\\\/\\\/www.instagram.com\\\/cltcenter\\\/\",\"https:\\\/\\\/www.linkedin.com\\\/company\\\/cltcenter\",\"https:\\\/\\\/www.youtube.com\\\/@centerforcltinnovation5313\"],\"description\":\"The International Center for Community Land Trusts is a not-for-profit nongovernmental organization established in 2018 to promote and to support community land trusts and similar strategies of community-led development on community-owned land in countries throughout the world.\",\"email\":\"info@communitylandtrust.net\",\"legalName\":\"International Center for Community Land Trusts\",\"foundingDate\":\"2018-12-01\",\"taxID\":\"84-3858933\",\"numberOfEmployees\":{\"@type\":\"QuantitativeValue\",\"minValue\":\"1\",\"maxValue\":\"10\"}}]}<\/script>\n<!-- \/ Yoast SEO Premium plugin. -->","yoast_head_json":{"title":"A armadilha da propriedade - International Center for Community Land Trusts","robots":{"index":"index","follow":"follow","max-snippet":"max-snippet:-1","max-image-preview":"max-image-preview:large","max-video-preview":"max-video-preview:-1"},"canonical":"https:\/\/www.cltweb.org\/pt-br\/biblioteca-de-recursos\/agricultura\/conceitos-chave\/a-armadilha-da-propriedade\/","og_locale":"pt_BR","og_type":"article","og_title":"A armadilha da propriedade","og_description":"Em muitos casos, a propriedade direta pode simplesmente n\u00e3o fazer o maior sentido para os agricultores urbanos. Isso pode ser surpreendente em uma sociedade em que a propriedade tem sido [&hellip;]","og_url":"https:\/\/www.cltweb.org\/pt-br\/biblioteca-de-recursos\/agricultura\/conceitos-chave\/a-armadilha-da-propriedade\/","og_site_name":"International Center for Community Land Trusts","article_publisher":"https:\/\/www.facebook.com\/cltcenter","article_modified_time":"2025-02-03T19:32:54+00:00","twitter_card":"summary_large_image","twitter_site":"@Center4CLTs","twitter_misc":{"Est. tempo de leitura":"1 minuto"},"schema":{"@context":"https:\/\/schema.org","@graph":[{"@type":"WebPage","@id":"https:\/\/www.cltweb.org\/pt-br\/biblioteca-de-recursos\/agricultura\/conceitos-chave\/a-armadilha-da-propriedade\/","url":"https:\/\/www.cltweb.org\/pt-br\/biblioteca-de-recursos\/agricultura\/conceitos-chave\/a-armadilha-da-propriedade\/","name":"A armadilha da propriedade - International Center for Community Land Trusts","isPartOf":{"@id":"https:\/\/www.cltweb.org\/pt-br\/#website"},"datePublished":"2025-02-02T20:04:15+00:00","dateModified":"2025-02-03T19:32:54+00:00","breadcrumb":{"@id":"https:\/\/www.cltweb.org\/pt-br\/biblioteca-de-recursos\/agricultura\/conceitos-chave\/a-armadilha-da-propriedade\/#breadcrumb"},"inLanguage":"pt-BR","potentialAction":[{"@type":"ReadAction","target":["https:\/\/www.cltweb.org\/pt-br\/biblioteca-de-recursos\/agricultura\/conceitos-chave\/a-armadilha-da-propriedade\/"]}]},{"@type":"BreadcrumbList","@id":"https:\/\/www.cltweb.org\/pt-br\/biblioteca-de-recursos\/agricultura\/conceitos-chave\/a-armadilha-da-propriedade\/#breadcrumb","itemListElement":[{"@type":"ListItem","position":1,"name":"Home","item":"https:\/\/www.cltweb.org\/pt-br\/"},{"@type":"ListItem","position":2,"name":"Biblioteca de recursos","item":"https:\/\/www.cltweb.org\/pt-br\/biblioteca-de-recursos\/"},{"@type":"ListItem","position":3,"name":"Posse de terra para agricultura urbana","item":"https:\/\/www.cltweb.org\/pt-br\/biblioteca-de-recursos\/agricultura\/"},{"@type":"ListItem","position":4,"name":"Conceitos-chave","item":"https:\/\/www.cltweb.org\/pt-br\/biblioteca-de-recursos\/agricultura\/conceitos-chave\/"},{"@type":"ListItem","position":5,"name":"A armadilha da propriedade"}]},{"@type":"WebSite","@id":"https:\/\/www.cltweb.org\/pt-br\/#website","url":"https:\/\/www.cltweb.org\/pt-br\/","name":"International Center for Community Land Trusts","description":"","publisher":{"@id":"https:\/\/www.cltweb.org\/pt-br\/#organization"},"potentialAction":[{"@type":"SearchAction","target":{"@type":"EntryPoint","urlTemplate":"https:\/\/www.cltweb.org\/pt-br\/?s={search_term_string}"},"query-input":{"@type":"PropertyValueSpecification","valueRequired":true,"valueName":"search_term_string"}}],"inLanguage":"pt-BR"},{"@type":"Organization","@id":"https:\/\/www.cltweb.org\/pt-br\/#organization","name":"International Center for Community Land Trusts","url":"https:\/\/www.cltweb.org\/pt-br\/","logo":{"@type":"ImageObject","inLanguage":"pt-BR","@id":"https:\/\/www.cltweb.org\/pt-br\/#\/schema\/logo\/image\/","url":"https:\/\/www.cltweb.org\/wp-content\/uploads\/2024\/11\/New-CLT-Center-Text-logo.png","contentUrl":"https:\/\/www.cltweb.org\/wp-content\/uploads\/2024\/11\/New-CLT-Center-Text-logo.png","width":227,"height":80,"caption":"International Center for Community Land Trusts"},"image":{"@id":"https:\/\/www.cltweb.org\/pt-br\/#\/schema\/logo\/image\/"},"sameAs":["https:\/\/www.facebook.com\/cltcenter","https:\/\/x.com\/Center4CLTs","https:\/\/www.instagram.com\/cltcenter\/","https:\/\/www.linkedin.com\/company\/cltcenter","https:\/\/www.youtube.com\/@centerforcltinnovation5313"],"description":"The International Center for Community Land Trusts is a not-for-profit nongovernmental organization established in 2018 to promote and to support community land trusts and similar strategies of community-led development on community-owned land in countries throughout the world.","email":"info@communitylandtrust.net","legalName":"International Center for Community Land Trusts","foundingDate":"2018-12-01","taxID":"84-3858933","numberOfEmployees":{"@type":"QuantitativeValue","minValue":"1","maxValue":"10"}}]}},"campaignId":"","taxonomy_info":{"category":[{"value":122,"label":"Agricultura"}]},"featured_image_src_large":false,"author_info":{"display_name":"cltredesign_0jp0l4","author_link":"https:\/\/www.cltweb.org\/pt-br\/author\/cltredesign_0jp0l4\/"},"comment_info":0,"jetpack_sharing_enabled":true,"jetpack-related-posts":[{"id":8978,"url":"https:\/\/www.cltweb.org\/pt-br\/biblioteca-de-recursos\/agricultura\/recursos-adicionais\/como-os-clts-asseguram-e-protegem-a-terra\/propriedade-de-taxa-simples\/","url_meta":{"origin":8672,"position":0},"title":"Propriedade de taxa simples","author":"cltredesign_0jp0l4","date":"3 de fevereiro de 2025","format":false,"excerpt":"A propriedade simples permite que um CLT detenha o maior n\u00famero de \"paus\" no conjunto de direitos de propriedade e oferece um alto n\u00edvel de seguran\u00e7a da terra, desde que todos os pagamentos de hipoteca e obriga\u00e7\u00f5es fiscais sejam cumpridos. Nas \u00e1reas urbanas, as \u00e1reas agr\u00edcolas geralmente est\u00e3o localizadas em\u2026","rel":"","context":"Em &quot;Agricultura&quot;","block_context":{"text":"Agricultura","link":"https:\/\/www.cltweb.org\/pt-br\/category\/agricultura\/"},"img":{"alt_text":"","src":"","width":0,"height":0},"classes":[]},{"id":1644,"url":"https:\/\/www.cltweb.org\/pt-br\/biblioteca-de-recursos\/agricultura\/perguntas-estrategicas\/","url_meta":{"origin":8672,"position":1},"title":"Perguntas estrat\u00e9gicas","author":"cltredesign_0jp0l4","date":"29 de julho de 2024","format":false,"excerpt":"Como a terra ser\u00e1 garantida para os agricultores? Embora essa seja a quest\u00e3o central a ser respondida por um modelo de posse de terra, n\u00e3o esperamos que haja uma \u00fanica resposta. Na verdade, como sugerimos na se\u00e7\u00e3o anterior, a terra pode ser garantida de forma diferente para agricultores com diferentes\u2026","rel":"","context":"Em &quot;Agricultura&quot;","block_context":{"text":"Agricultura","link":"https:\/\/www.cltweb.org\/pt-br\/category\/agricultura\/"},"img":{"alt_text":"","src":"","width":0,"height":0},"classes":[]},{"id":1674,"url":"https:\/\/www.cltweb.org\/pt-br\/biblioteca-de-recursos\/agricultura\/desafios\/","url_meta":{"origin":8672,"position":2},"title":"Desafios","author":"cltredesign_0jp0l4","date":"29 de julho de 2024","format":false,"excerpt":"A necessidade de terrenos acess\u00edveis O alto custo das terras urbanas em rela\u00e7\u00e3o \u00e0s rurais representa um grande problema para os aspirantes a agricultores urbanos. Ao contr\u00e1rio dos agricultores rurais, eles est\u00e3o competindo por terras com uma infinidade de outros usu\u00e1rios em potencial, o que, por sua vez, cria press\u00f5es\u2026","rel":"","context":"Em &quot;Agricultura&quot;","block_context":{"text":"Agricultura","link":"https:\/\/www.cltweb.org\/pt-br\/category\/agricultura\/"},"img":{"alt_text":"","src":"","width":0,"height":0},"classes":[]},{"id":8766,"url":"https:\/\/www.cltweb.org\/pt-br\/biblioteca-de-recursos\/agricultura\/o-modelo-de-servidor-central\/estudo-de-caso-neighborspace-chicago-il\/","url_meta":{"origin":8672,"position":3},"title":"Estudo de caso: NeighborSpace (Chicago, IL)","author":"cltredesign_0jp0l4","date":"2 de fevereiro de 2025","format":false,"excerpt":"O NeighborSpace talvez seja a organiza\u00e7\u00e3o existente mais pr\u00f3xima do que pode ser considerado um modelo de land trust de servidor central para a agricultura urbana. Um olhar mais atento \u00e0 hist\u00f3ria e \u00e0 estrutura do NeighborSpace indica como um modelo de servidor central para a agricultura urbana pode ser\u2026","rel":"","context":"Em &quot;Agricultura&quot;","block_context":{"text":"Agricultura","link":"https:\/\/www.cltweb.org\/pt-br\/category\/agricultura\/"},"img":{"alt_text":"","src":"","width":0,"height":0},"classes":[]},{"id":8700,"url":"https:\/\/www.cltweb.org\/pt-br\/biblioteca-de-recursos\/agricultura\/conceitos-chave\/posse-de-terra-na-medida-certa\/","url_meta":{"origin":8672,"position":4},"title":"Posse de terra na medida certa","author":"cltredesign_0jp0l4","date":"2 de fevereiro de 2025","format":false,"excerpt":"A posse da terra deve permitir que o produtor recupere seus investimentos. Embora os modelos de neg\u00f3cios \"pop-up\" sejam cada vez mais populares nos setores de restaurantes e varejo, esse \u00e9 um modelo dif\u00edcil para o cultivo urbano. O acesso \u00e0 terra por uma \u00fanica temporada exige que o produtor\u2026","rel":"","context":"Em &quot;Agricultura&quot;","block_context":{"text":"Agricultura","link":"https:\/\/www.cltweb.org\/pt-br\/category\/agricultura\/"},"img":{"alt_text":"","src":"","width":0,"height":0},"classes":[]},{"id":4520,"url":"https:\/\/www.cltweb.org\/pt-br\/biblioteca-de-recursos\/entrevistas\/liz-alden-wily-2020\/","url_meta":{"origin":8672,"position":5},"title":"Liz Alden Wily (2020)","author":"cltredesign_0jp0l4","date":"22 de outubro de 2024","format":false,"excerpt":"Liz Alden Wily, PhD (Ci\u00eancia Pol\u00edtica), \u00e9 especialista em posse de terra e trabalha como pesquisadora, consultora t\u00e9cnica e profissional em posse de terra comunit\u00e1ria. Ela j\u00e1 trabalhou com essa quest\u00e3o em aproximadamente vinte pa\u00edses. Ela contribuiu com um cap\u00edtulo do livro On Common Ground intitulado \"Challenges for the New\u2026","rel":"","context":"Em &quot;Entrevistas&quot;","block_context":{"text":"Entrevistas","link":"https:\/\/www.cltweb.org\/pt-br\/category\/entrevistas-pt-br\/"},"img":{"alt_text":"","src":"","width":0,"height":0},"classes":[]}],"_links":{"self":[{"href":"https:\/\/www.cltweb.org\/pt-br\/wp-json\/wp\/v2\/pages\/8672","targetHints":{"allow":["GET"]}}],"collection":[{"href":"https:\/\/www.cltweb.org\/pt-br\/wp-json\/wp\/v2\/pages"}],"about":[{"href":"https:\/\/www.cltweb.org\/pt-br\/wp-json\/wp\/v2\/types\/page"}],"author":[{"embeddable":true,"href":"https:\/\/www.cltweb.org\/pt-br\/wp-json\/wp\/v2\/users\/1"}],"replies":[{"embeddable":true,"href":"https:\/\/www.cltweb.org\/pt-br\/wp-json\/wp\/v2\/comments?post=8672"}],"version-history":[{"count":2,"href":"https:\/\/www.cltweb.org\/pt-br\/wp-json\/wp\/v2\/pages\/8672\/revisions"}],"predecessor-version":[{"id":8820,"href":"https:\/\/www.cltweb.org\/pt-br\/wp-json\/wp\/v2\/pages\/8672\/revisions\/8820"}],"up":[{"embeddable":true,"href":"https:\/\/www.cltweb.org\/pt-br\/wp-json\/wp\/v2\/pages\/1665"}],"wp:attachment":[{"href":"https:\/\/www.cltweb.org\/pt-br\/wp-json\/wp\/v2\/media?parent=8672"}],"wp:term":[{"taxonomy":"category","embeddable":true,"href":"https:\/\/www.cltweb.org\/pt-br\/wp-json\/wp\/v2\/categories?post=8672"},{"taxonomy":"post_tag","embeddable":true,"href":"https:\/\/www.cltweb.org\/pt-br\/wp-json\/wp\/v2\/tags?post=8672"}],"curies":[{"name":"wp","href":"https:\/\/api.w.org\/{rel}","templated":true}]}}