{"id":8713,"date":"2025-02-02T20:35:30","date_gmt":"2025-02-02T20:35:30","guid":{"rendered":"https:\/\/www.cltweb.org\/biblioteca-de-recursos\/agricultura\/conceitos-chave\/respeito-pelo-local\/"},"modified":"2025-02-03T19:37:21","modified_gmt":"2025-02-03T19:37:21","slug":"respeito-pelo-local","status":"publish","type":"page","link":"https:\/\/www.cltweb.org\/pt-br\/biblioteca-de-recursos\/agricultura\/conceitos-chave\/respeito-pelo-local\/","title":{"rendered":"Respeito pelo local"},"content":{"rendered":"\n<p>Ao intervir nesse cen\u00e1rio, os produtores urbanos e seus aliados devem entender que, quando a terra \u00e9 barata, ela \u00e9 barata por um motivo. Um terreno baldio que pode ser um local acess\u00edvel para uma fazenda urbana quase sempre tem uma hist\u00f3ria social e ambiental complicada que est\u00e1 inscrita no pr\u00f3prio solo e no bairro em que est\u00e1 localizado. Quando a terra urbana \u00e9 disponibilizada gratuitamente ou a um custo muito baixo, isso pode ocorrer justamente porque ela est\u00e1 localizada em bairros sem investimentos, onde residem moradores que historicamente foram exclu\u00eddos de recursos e oportunidades devido \u00e0 sua ra\u00e7a. \u00c9 mais prov\u00e1vel que esses bairros tenham sido submetidos \u00e0 polui\u00e7\u00e3o do ar, do solo e\/ou da \u00e1gua. Os produtores e seus aliados que buscam terrenos acess\u00edveis para fazendas urbanas precisam, portanto, entender e respeitar as hist\u00f3rias sociais e ambientais de sua cidade.    <\/p>\n\n<p>A hist\u00f3ria dos reformadores sociais e suas estrat\u00e9gias faz parte dessa hist\u00f3ria. Os cultivadores urbanos n\u00e3o s\u00e3o as primeiras pessoas a chegar aos bairros de baixa renda com projetos de recupera\u00e7\u00e3o empolgantes e a melhor das inten\u00e7\u00f5es. (Isso n\u00e3o quer dizer que todos os cultivadores venham de fora do bairro; na verdade, pode haver aspirantes a cultivadores dentro do bairro com menos acesso \u00e0 terra e ao capital do que os grupos que v\u00eam de fora). Qualquer pessoa que deseje usar a agricultura urbana para refazer um bairro deve estar ciente de como sua pr\u00e1tica pode reproduzir um padr\u00e3o de empresas e organiza\u00e7\u00f5es sem fins lucrativos que buscam extrair recursos de um bairro.   <\/p>\n\n<p>Para pessoas e organiza\u00e7\u00f5es que buscam terras agr\u00edcolas urbanas a pre\u00e7os acess\u00edveis, \u00e9 de suma import\u00e2ncia entender que muitas dessas propriedades est\u00e3o localizadas em bairros com hist\u00f3rias profundas de explora\u00e7\u00e3o racial. Por sua vez, isso est\u00e1 relacionado \u00e0 quest\u00e3o do controle da comunidade e \u00e0 import\u00e2ncia de as organiza\u00e7\u00f5es sem fins lucrativos de fora do bairro local estarem preparadas e lidarem de forma construtiva com o ceticismo e a resist\u00eancia leg\u00edtimos que encontram quando prop\u00f5em solu\u00e7\u00f5es de posse de terra para comunidades n\u00e3o brancas e historicamente desfavorecidas\/oprimidas. <\/p>\n","protected":false},"excerpt":{"rendered":"<p>Ao intervir nesse cen\u00e1rio, os produtores urbanos e seus aliados devem entender que, quando a terra \u00e9 barata, ela \u00e9 barata por um motivo. Um terreno baldio que pode ser [&hellip;]<\/p>\n","protected":false},"author":1,"featured_media":0,"parent":1665,"menu_order":6,"comment_status":"closed","ping_status":"closed","template":"","meta":{"give_campaign_id":0,"_tec_requires_first_save":true,"_kad_blocks_custom_css":"","_kad_blocks_head_custom_js":"","_kad_blocks_body_custom_js":"","_kad_blocks_footer_custom_js":"","_EventAllDay":false,"_EventTimezone":"","_EventStartDate":"","_EventEndDate":"","_EventStartDateUTC":"","_EventEndDateUTC":"","_EventShowMap":false,"_EventShowMapLink":false,"_EventURL":"","_EventCost":"","_EventCostDescription":"","_EventCurrencySymbol":"","_EventCurrencyCode":"","_EventCurrencyPosition":"","_EventDateTimeSeparator":"","_EventTimeRangeSeparator":"","_EventOrganizerID":[],"_EventVenueID":[],"_OrganizerEmail":"","_OrganizerPhone":"","_OrganizerWebsite":"","_VenueAddress":"","_VenueCity":"","_VenueCountry":"","_VenueProvince":"","_VenueState":"","_VenueZip":"","_VenuePhone":"","_VenueURL":"","_VenueStateProvince":"","_VenueLat":"","_VenueLng":"","_VenueShowMap":false,"_VenueShowMapLink":false,"_tribe_blocks_recurrence_rules":"","_tribe_blocks_recurrence_description":"","_tribe_blocks_recurrence_exclusions":"","footnotes":""},"categories":[122],"tags":[],"class_list":["post-8713","page","type-page","status-publish","hentry","category-agricultura"],"blocksy_meta":[],"yoast_head":"<!-- This site is optimized with the Yoast SEO Premium plugin v27.5 (Yoast SEO v27.5) - https:\/\/yoast.com\/product\/yoast-seo-premium-wordpress\/ -->\n<title>Respeito pelo local - International Center for Community Land Trusts<\/title>\n<meta name=\"robots\" content=\"index, follow, max-snippet:-1, max-image-preview:large, max-video-preview:-1\" \/>\n<link rel=\"canonical\" href=\"https:\/\/www.cltweb.org\/pt-br\/biblioteca-de-recursos\/agricultura\/conceitos-chave\/respeito-pelo-local\/\" \/>\n<meta property=\"og:locale\" content=\"pt_BR\" \/>\n<meta property=\"og:type\" content=\"article\" \/>\n<meta property=\"og:title\" content=\"Respeito pelo local\" \/>\n<meta property=\"og:description\" content=\"Ao intervir nesse cen\u00e1rio, os produtores urbanos e seus aliados devem entender que, quando a terra \u00e9 barata, ela \u00e9 barata por um motivo. Um terreno baldio que pode ser [&hellip;]\" \/>\n<meta property=\"og:url\" content=\"https:\/\/www.cltweb.org\/pt-br\/biblioteca-de-recursos\/agricultura\/conceitos-chave\/respeito-pelo-local\/\" \/>\n<meta property=\"og:site_name\" content=\"International Center for Community Land Trusts\" \/>\n<meta property=\"article:publisher\" content=\"https:\/\/www.facebook.com\/cltcenter\" \/>\n<meta property=\"article:modified_time\" content=\"2025-02-03T19:37:21+00:00\" \/>\n<meta name=\"twitter:card\" content=\"summary_large_image\" \/>\n<meta name=\"twitter:site\" content=\"@Center4CLTs\" \/>\n<meta name=\"twitter:label1\" content=\"Est. tempo de leitura\" \/>\n\t<meta name=\"twitter:data1\" content=\"2 minutos\" \/>\n<script type=\"application\/ld+json\" class=\"yoast-schema-graph\">{\"@context\":\"https:\\\/\\\/schema.org\",\"@graph\":[{\"@type\":\"WebPage\",\"@id\":\"https:\\\/\\\/www.cltweb.org\\\/pt-br\\\/biblioteca-de-recursos\\\/agricultura\\\/conceitos-chave\\\/respeito-pelo-local\\\/\",\"url\":\"https:\\\/\\\/www.cltweb.org\\\/pt-br\\\/biblioteca-de-recursos\\\/agricultura\\\/conceitos-chave\\\/respeito-pelo-local\\\/\",\"name\":\"Respeito pelo local - International Center for Community Land Trusts\",\"isPartOf\":{\"@id\":\"https:\\\/\\\/www.cltweb.org\\\/pt-br\\\/#website\"},\"datePublished\":\"2025-02-02T20:35:30+00:00\",\"dateModified\":\"2025-02-03T19:37:21+00:00\",\"breadcrumb\":{\"@id\":\"https:\\\/\\\/www.cltweb.org\\\/pt-br\\\/biblioteca-de-recursos\\\/agricultura\\\/conceitos-chave\\\/respeito-pelo-local\\\/#breadcrumb\"},\"inLanguage\":\"pt-BR\",\"potentialAction\":[{\"@type\":\"ReadAction\",\"target\":[\"https:\\\/\\\/www.cltweb.org\\\/pt-br\\\/biblioteca-de-recursos\\\/agricultura\\\/conceitos-chave\\\/respeito-pelo-local\\\/\"]}]},{\"@type\":\"BreadcrumbList\",\"@id\":\"https:\\\/\\\/www.cltweb.org\\\/pt-br\\\/biblioteca-de-recursos\\\/agricultura\\\/conceitos-chave\\\/respeito-pelo-local\\\/#breadcrumb\",\"itemListElement\":[{\"@type\":\"ListItem\",\"position\":1,\"name\":\"Home\",\"item\":\"https:\\\/\\\/www.cltweb.org\\\/pt-br\\\/\"},{\"@type\":\"ListItem\",\"position\":2,\"name\":\"Biblioteca de recursos\",\"item\":\"https:\\\/\\\/www.cltweb.org\\\/pt-br\\\/biblioteca-de-recursos\\\/\"},{\"@type\":\"ListItem\",\"position\":3,\"name\":\"Posse de terra para agricultura urbana\",\"item\":\"https:\\\/\\\/www.cltweb.org\\\/pt-br\\\/biblioteca-de-recursos\\\/agricultura\\\/\"},{\"@type\":\"ListItem\",\"position\":4,\"name\":\"Conceitos-chave\",\"item\":\"https:\\\/\\\/www.cltweb.org\\\/pt-br\\\/biblioteca-de-recursos\\\/agricultura\\\/conceitos-chave\\\/\"},{\"@type\":\"ListItem\",\"position\":5,\"name\":\"Respeito pelo local\"}]},{\"@type\":\"WebSite\",\"@id\":\"https:\\\/\\\/www.cltweb.org\\\/pt-br\\\/#website\",\"url\":\"https:\\\/\\\/www.cltweb.org\\\/pt-br\\\/\",\"name\":\"International Center for Community Land Trusts\",\"description\":\"\",\"publisher\":{\"@id\":\"https:\\\/\\\/www.cltweb.org\\\/pt-br\\\/#organization\"},\"potentialAction\":[{\"@type\":\"SearchAction\",\"target\":{\"@type\":\"EntryPoint\",\"urlTemplate\":\"https:\\\/\\\/www.cltweb.org\\\/pt-br\\\/?s={search_term_string}\"},\"query-input\":{\"@type\":\"PropertyValueSpecification\",\"valueRequired\":true,\"valueName\":\"search_term_string\"}}],\"inLanguage\":\"pt-BR\"},{\"@type\":\"Organization\",\"@id\":\"https:\\\/\\\/www.cltweb.org\\\/pt-br\\\/#organization\",\"name\":\"International Center for Community Land Trusts\",\"url\":\"https:\\\/\\\/www.cltweb.org\\\/pt-br\\\/\",\"logo\":{\"@type\":\"ImageObject\",\"inLanguage\":\"pt-BR\",\"@id\":\"https:\\\/\\\/www.cltweb.org\\\/pt-br\\\/#\\\/schema\\\/logo\\\/image\\\/\",\"url\":\"https:\\\/\\\/www.cltweb.org\\\/wp-content\\\/uploads\\\/2024\\\/11\\\/New-CLT-Center-Text-logo.png\",\"contentUrl\":\"https:\\\/\\\/www.cltweb.org\\\/wp-content\\\/uploads\\\/2024\\\/11\\\/New-CLT-Center-Text-logo.png\",\"width\":227,\"height\":80,\"caption\":\"International Center for Community Land Trusts\"},\"image\":{\"@id\":\"https:\\\/\\\/www.cltweb.org\\\/pt-br\\\/#\\\/schema\\\/logo\\\/image\\\/\"},\"sameAs\":[\"https:\\\/\\\/www.facebook.com\\\/cltcenter\",\"https:\\\/\\\/x.com\\\/Center4CLTs\",\"https:\\\/\\\/www.instagram.com\\\/cltcenter\\\/\",\"https:\\\/\\\/www.linkedin.com\\\/company\\\/cltcenter\",\"https:\\\/\\\/www.youtube.com\\\/@centerforcltinnovation5313\"],\"description\":\"The International Center for Community Land Trusts is a not-for-profit nongovernmental organization established in 2018 to promote and to support community land trusts and similar strategies of community-led development on community-owned land in countries throughout the world.\",\"email\":\"info@communitylandtrust.net\",\"legalName\":\"International Center for Community Land Trusts\",\"foundingDate\":\"2018-12-01\",\"taxID\":\"84-3858933\",\"numberOfEmployees\":{\"@type\":\"QuantitativeValue\",\"minValue\":\"1\",\"maxValue\":\"10\"}}]}<\/script>\n<!-- \/ Yoast SEO Premium plugin. -->","yoast_head_json":{"title":"Respeito pelo local - International Center for Community Land Trusts","robots":{"index":"index","follow":"follow","max-snippet":"max-snippet:-1","max-image-preview":"max-image-preview:large","max-video-preview":"max-video-preview:-1"},"canonical":"https:\/\/www.cltweb.org\/pt-br\/biblioteca-de-recursos\/agricultura\/conceitos-chave\/respeito-pelo-local\/","og_locale":"pt_BR","og_type":"article","og_title":"Respeito pelo local","og_description":"Ao intervir nesse cen\u00e1rio, os produtores urbanos e seus aliados devem entender que, quando a terra \u00e9 barata, ela \u00e9 barata por um motivo. Um terreno baldio que pode ser [&hellip;]","og_url":"https:\/\/www.cltweb.org\/pt-br\/biblioteca-de-recursos\/agricultura\/conceitos-chave\/respeito-pelo-local\/","og_site_name":"International Center for Community Land Trusts","article_publisher":"https:\/\/www.facebook.com\/cltcenter","article_modified_time":"2025-02-03T19:37:21+00:00","twitter_card":"summary_large_image","twitter_site":"@Center4CLTs","twitter_misc":{"Est. tempo de leitura":"2 minutos"},"schema":{"@context":"https:\/\/schema.org","@graph":[{"@type":"WebPage","@id":"https:\/\/www.cltweb.org\/pt-br\/biblioteca-de-recursos\/agricultura\/conceitos-chave\/respeito-pelo-local\/","url":"https:\/\/www.cltweb.org\/pt-br\/biblioteca-de-recursos\/agricultura\/conceitos-chave\/respeito-pelo-local\/","name":"Respeito pelo local - International Center for Community Land Trusts","isPartOf":{"@id":"https:\/\/www.cltweb.org\/pt-br\/#website"},"datePublished":"2025-02-02T20:35:30+00:00","dateModified":"2025-02-03T19:37:21+00:00","breadcrumb":{"@id":"https:\/\/www.cltweb.org\/pt-br\/biblioteca-de-recursos\/agricultura\/conceitos-chave\/respeito-pelo-local\/#breadcrumb"},"inLanguage":"pt-BR","potentialAction":[{"@type":"ReadAction","target":["https:\/\/www.cltweb.org\/pt-br\/biblioteca-de-recursos\/agricultura\/conceitos-chave\/respeito-pelo-local\/"]}]},{"@type":"BreadcrumbList","@id":"https:\/\/www.cltweb.org\/pt-br\/biblioteca-de-recursos\/agricultura\/conceitos-chave\/respeito-pelo-local\/#breadcrumb","itemListElement":[{"@type":"ListItem","position":1,"name":"Home","item":"https:\/\/www.cltweb.org\/pt-br\/"},{"@type":"ListItem","position":2,"name":"Biblioteca de recursos","item":"https:\/\/www.cltweb.org\/pt-br\/biblioteca-de-recursos\/"},{"@type":"ListItem","position":3,"name":"Posse de terra para agricultura urbana","item":"https:\/\/www.cltweb.org\/pt-br\/biblioteca-de-recursos\/agricultura\/"},{"@type":"ListItem","position":4,"name":"Conceitos-chave","item":"https:\/\/www.cltweb.org\/pt-br\/biblioteca-de-recursos\/agricultura\/conceitos-chave\/"},{"@type":"ListItem","position":5,"name":"Respeito pelo local"}]},{"@type":"WebSite","@id":"https:\/\/www.cltweb.org\/pt-br\/#website","url":"https:\/\/www.cltweb.org\/pt-br\/","name":"International Center for Community Land Trusts","description":"","publisher":{"@id":"https:\/\/www.cltweb.org\/pt-br\/#organization"},"potentialAction":[{"@type":"SearchAction","target":{"@type":"EntryPoint","urlTemplate":"https:\/\/www.cltweb.org\/pt-br\/?s={search_term_string}"},"query-input":{"@type":"PropertyValueSpecification","valueRequired":true,"valueName":"search_term_string"}}],"inLanguage":"pt-BR"},{"@type":"Organization","@id":"https:\/\/www.cltweb.org\/pt-br\/#organization","name":"International Center for Community Land Trusts","url":"https:\/\/www.cltweb.org\/pt-br\/","logo":{"@type":"ImageObject","inLanguage":"pt-BR","@id":"https:\/\/www.cltweb.org\/pt-br\/#\/schema\/logo\/image\/","url":"https:\/\/www.cltweb.org\/wp-content\/uploads\/2024\/11\/New-CLT-Center-Text-logo.png","contentUrl":"https:\/\/www.cltweb.org\/wp-content\/uploads\/2024\/11\/New-CLT-Center-Text-logo.png","width":227,"height":80,"caption":"International Center for Community Land Trusts"},"image":{"@id":"https:\/\/www.cltweb.org\/pt-br\/#\/schema\/logo\/image\/"},"sameAs":["https:\/\/www.facebook.com\/cltcenter","https:\/\/x.com\/Center4CLTs","https:\/\/www.instagram.com\/cltcenter\/","https:\/\/www.linkedin.com\/company\/cltcenter","https:\/\/www.youtube.com\/@centerforcltinnovation5313"],"description":"The International Center for Community Land Trusts is a not-for-profit nongovernmental organization established in 2018 to promote and to support community land trusts and similar strategies of community-led development on community-owned land in countries throughout the world.","email":"info@communitylandtrust.net","legalName":"International Center for Community Land Trusts","foundingDate":"2018-12-01","taxID":"84-3858933","numberOfEmployees":{"@type":"QuantitativeValue","minValue":"1","maxValue":"10"}}]}},"campaignId":"","taxonomy_info":{"category":[{"value":122,"label":"Agricultura"}]},"featured_image_src_large":false,"author_info":{"display_name":"cltredesign_0jp0l4","author_link":"https:\/\/www.cltweb.org\/pt-br\/author\/cltredesign_0jp0l4\/"},"comment_info":0,"jetpack_sharing_enabled":true,"jetpack-related-posts":[{"id":8718,"url":"https:\/\/www.cltweb.org\/pt-br\/biblioteca-de-recursos\/agricultura\/conceitos-chave\/agricultura-engajada-na-comunidade\/","url_meta":{"origin":8713,"position":0},"title":"Agricultura engajada na comunidade","author":"cltredesign_0jp0l4","date":"2 de fevereiro de 2025","format":false,"excerpt":"Fora das cidades, os agricultores podem trabalhar em suas terras sem muitas preocupa\u00e7\u00f5es com seus vizinhos. Por\u00e9m, em ambientes urbanos, os vizinhos est\u00e3o muito mais pr\u00f3ximos - os agricultores urbanos provavelmente sentir\u00e3o press\u00f5es significativas para serem bons membros da comunidade. Ao envolver ativamente as comunidades nas quais est\u00e3o cultivando, os\u2026","rel":"","context":"Em &quot;Agricultura&quot;","block_context":{"text":"Agricultura","link":"https:\/\/www.cltweb.org\/pt-br\/category\/agricultura\/"},"img":{"alt_text":"","src":"","width":0,"height":0},"classes":[]},{"id":1664,"url":"https:\/\/www.cltweb.org\/pt-br\/biblioteca-de-recursos\/agricultura\/o-papel-das-organizacoes-sem-fins-lucrativos\/","url_meta":{"origin":8713,"position":1},"title":"O papel das organiza\u00e7\u00f5es sem fins lucrativos","author":"cltredesign_0jp0l4","date":"29 de julho de 2024","format":false,"excerpt":"Como em outras \u00e1reas do desenvolvimento econ\u00f4mico comunit\u00e1rio, o setor sem fins lucrativos tem um papel especial a desempenhar quando se trata de dar o pontap\u00e9 inicial na agricultura urbana. A agricultura urbana \u00e9 uma abordagem de custo relativamente baixo para a revitaliza\u00e7\u00e3o da comunidade, com o custo do investimento\u2026","rel":"","context":"Em &quot;Agricultura&quot;","block_context":{"text":"Agricultura","link":"https:\/\/www.cltweb.org\/pt-br\/category\/agricultura\/"},"img":{"alt_text":"","src":"","width":0,"height":0},"classes":[]},{"id":1674,"url":"https:\/\/www.cltweb.org\/pt-br\/biblioteca-de-recursos\/agricultura\/desafios\/","url_meta":{"origin":8713,"position":2},"title":"Desafios","author":"cltredesign_0jp0l4","date":"29 de julho de 2024","format":false,"excerpt":"A necessidade de terrenos acess\u00edveis O alto custo das terras urbanas em rela\u00e7\u00e3o \u00e0s rurais representa um grande problema para os aspirantes a agricultores urbanos. Ao contr\u00e1rio dos agricultores rurais, eles est\u00e3o competindo por terras com uma infinidade de outros usu\u00e1rios em potencial, o que, por sua vez, cria press\u00f5es\u2026","rel":"","context":"Em &quot;Agricultura&quot;","block_context":{"text":"Agricultura","link":"https:\/\/www.cltweb.org\/pt-br\/category\/agricultura\/"},"img":{"alt_text":"","src":"","width":0,"height":0},"classes":[]},{"id":8763,"url":"https:\/\/www.cltweb.org\/pt-br\/biblioteca-de-recursos\/agricultura\/o-modelo-de-servidor-central\/um-land-trust-para-fazendas-comerciais-urbanas\/","url_meta":{"origin":8713,"position":3},"title":"Um Land Trust para fazendas comerciais urbanas?","author":"cltredesign_0jp0l4","date":"2 de fevereiro de 2025","format":false,"excerpt":"A manuten\u00e7\u00e3o de terras agr\u00edcolas em um fundo fiduci\u00e1rio serve como um complemento em potencial para modelos de agricultura urbana empresarial e com fins lucrativos. As autoridades das funda\u00e7\u00f5es, em particular, est\u00e3o interessadas no potencial do setor de agricultura urbana para ir al\u00e9m dos modelos de neg\u00f3cios sem fins lucrativos\u2026","rel":"","context":"Em &quot;Agricultura&quot;","block_context":{"text":"Agricultura","link":"https:\/\/www.cltweb.org\/pt-br\/category\/agricultura\/"},"img":{"alt_text":"","src":"","width":0,"height":0},"classes":[]},{"id":1644,"url":"https:\/\/www.cltweb.org\/pt-br\/biblioteca-de-recursos\/agricultura\/perguntas-estrategicas\/","url_meta":{"origin":8713,"position":4},"title":"Perguntas estrat\u00e9gicas","author":"cltredesign_0jp0l4","date":"29 de julho de 2024","format":false,"excerpt":"Como a terra ser\u00e1 garantida para os agricultores? Embora essa seja a quest\u00e3o central a ser respondida por um modelo de posse de terra, n\u00e3o esperamos que haja uma \u00fanica resposta. Na verdade, como sugerimos na se\u00e7\u00e3o anterior, a terra pode ser garantida de forma diferente para agricultores com diferentes\u2026","rel":"","context":"Em &quot;Agricultura&quot;","block_context":{"text":"Agricultura","link":"https:\/\/www.cltweb.org\/pt-br\/category\/agricultura\/"},"img":{"alt_text":"","src":"","width":0,"height":0},"classes":[]},{"id":1665,"url":"https:\/\/www.cltweb.org\/pt-br\/biblioteca-de-recursos\/agricultura\/conceitos-chave\/","url_meta":{"origin":8713,"position":5},"title":"Conceitos-chave","author":"cltredesign_0jp0l4","date":"29 de julho de 2024","format":false,"excerpt":"Ao estabelecer as bases para modelos escalon\u00e1veis de posse da terra para a agricultura urbana, alguns conceitos-chave merecem ser mais explorados, os quais s\u00e3o abordados nas subp\u00e1ginas desta se\u00e7\u00e3o. \u00c9 poss\u00edvel proteger as terras agr\u00edcolas urbanas do mercado imobili\u00e1rio especulativo? Voc\u00ea \u00e9 propriedade O ve\u00edculo ideal para garantir a posse\u2026","rel":"","context":"Em &quot;Agricultura&quot;","block_context":{"text":"Agricultura","link":"https:\/\/www.cltweb.org\/pt-br\/category\/agricultura\/"},"img":{"alt_text":"","src":"","width":0,"height":0},"classes":[]}],"_links":{"self":[{"href":"https:\/\/www.cltweb.org\/pt-br\/wp-json\/wp\/v2\/pages\/8713","targetHints":{"allow":["GET"]}}],"collection":[{"href":"https:\/\/www.cltweb.org\/pt-br\/wp-json\/wp\/v2\/pages"}],"about":[{"href":"https:\/\/www.cltweb.org\/pt-br\/wp-json\/wp\/v2\/types\/page"}],"author":[{"embeddable":true,"href":"https:\/\/www.cltweb.org\/pt-br\/wp-json\/wp\/v2\/users\/1"}],"replies":[{"embeddable":true,"href":"https:\/\/www.cltweb.org\/pt-br\/wp-json\/wp\/v2\/comments?post=8713"}],"version-history":[{"count":2,"href":"https:\/\/www.cltweb.org\/pt-br\/wp-json\/wp\/v2\/pages\/8713\/revisions"}],"predecessor-version":[{"id":8857,"href":"https:\/\/www.cltweb.org\/pt-br\/wp-json\/wp\/v2\/pages\/8713\/revisions\/8857"}],"up":[{"embeddable":true,"href":"https:\/\/www.cltweb.org\/pt-br\/wp-json\/wp\/v2\/pages\/1665"}],"wp:attachment":[{"href":"https:\/\/www.cltweb.org\/pt-br\/wp-json\/wp\/v2\/media?parent=8713"}],"wp:term":[{"taxonomy":"category","embeddable":true,"href":"https:\/\/www.cltweb.org\/pt-br\/wp-json\/wp\/v2\/categories?post=8713"},{"taxonomy":"post_tag","embeddable":true,"href":"https:\/\/www.cltweb.org\/pt-br\/wp-json\/wp\/v2\/tags?post=8713"}],"curies":[{"name":"wp","href":"https:\/\/api.w.org\/{rel}","templated":true}]}}