{"id":8718,"date":"2025-02-02T20:39:31","date_gmt":"2025-02-02T20:39:31","guid":{"rendered":"https:\/\/www.cltweb.org\/biblioteca-de-recursos\/agricultura\/conceitos-chave\/agricultura-engajada-na-comunidade\/"},"modified":"2025-02-03T19:38:08","modified_gmt":"2025-02-03T19:38:08","slug":"agricultura-engajada-na-comunidade","status":"publish","type":"page","link":"https:\/\/www.cltweb.org\/pt-br\/biblioteca-de-recursos\/agricultura\/conceitos-chave\/agricultura-engajada-na-comunidade\/","title":{"rendered":"Agricultura engajada na comunidade"},"content":{"rendered":"\n<p>Fora das cidades, os agricultores podem trabalhar em suas terras sem muitas preocupa\u00e7\u00f5es com seus vizinhos. Por\u00e9m, em ambientes urbanos, os vizinhos est\u00e3o muito mais pr\u00f3ximos &#8211; os agricultores urbanos provavelmente sentir\u00e3o press\u00f5es significativas para serem bons membros da comunidade. Ao envolver ativamente as comunidades nas quais est\u00e3o cultivando, os produtores urbanos podem ajudar a aumentar suas chances de sucesso. O envolvimento pode ajudar a criar um mercado local para seus produtos e neutralizar as percep\u00e7\u00f5es de que os produtores querem apenas explorar terras baratas, sem um compromisso sincero com os benef\u00edcios para a comunidade. O engajamento tamb\u00e9m pode resultar na percep\u00e7\u00e3o de que a agricultura urbana pode n\u00e3o ser o melhor uso da terra em determinados espa\u00e7os &#8211; seja porque os membros da comunidade preferem outro uso, seja porque est\u00e3o t\u00e3o desesperados por qualquer uso que est\u00e3o dispostos a endossar um projeto que provavelmente fracassar\u00e1.    <\/p>\n\n<p>Uma agricultura urbana engajada na comunidade deve reconhecer e buscar romper com as hist\u00f3rias de explora\u00e7\u00e3o e exclus\u00e3o discutidas acima, ao mesmo tempo em que incorpora caminhos para que os moradores do bairro tenham voz e controle sobre as principais decis\u00f5es de uso da terra. \u00c9 importante que um modelo de posse da terra crie oportunidades para que os moradores do bairro fa\u00e7am parcerias com agricultores urbanos (e, idealmente, com outros tipos de desenvolvedores) na tomada de decis\u00f5es importantes sobre o uso da terra que afetam a comunidade. <\/p>\n\n<p>Determinar o que exatamente \u00e9 uma decis\u00e3o &#8220;fundamental&#8221; nem sempre ser\u00e1 simples. \u00c0s vezes, os bairros agem de forma considerada contraproducente (comportamentos NIMBY), o que deslegitima injustamente os interesses dos investidores. Dar a qualquer pessoa de um bairro o direito de veto sobre todos os detalhes de um projeto de agricultura urbana tornaria invi\u00e1vel a maioria, se n\u00e3o todos, os projetos de agricultura urbana. No entanto, a cria\u00e7\u00e3o de uma estrutura para a participa\u00e7\u00e3o da comunidade na posse e no planejamento do uso da terra pode ajudar a garantir que as fazendas urbanas sejam um elemento adicional que crie v\u00e1rios benef\u00edcios para uma vizinhan\u00e7a, em vez de simplesmente servir como meio para um produtor extrair o m\u00e1ximo de lucros.   <\/p>\n\n<p>Equil\u00edbrio entre a prote\u00e7\u00e3o de terras agr\u00edcolas e a flexibilidade da vizinhan\u00e7a. Mesmo que os produtores urbanos e seus aliados trabalhem com zelo para garantir e proteger a terra para a agricultura urbana, eles devem se lembrar de que um uso da terra que faz sentido hoje pode n\u00e3o fazer sentido daqui a duas ou tr\u00eas d\u00e9cadas. As prote\u00e7\u00f5es de terras agr\u00edcolas urbanas protegem os interesses dos produtores, mas tamb\u00e9m t\u00eam o potencial de entrar em tens\u00e3o com as necessidades de longo prazo de um bairro. \u00c0 medida que os bairros se desenvolvem, as terras n\u00e3o urbanizadas se tornam mais escassas, e a agricultura terrestre pode n\u00e3o fazer o maior sentido para a comunidade. Embora o espa\u00e7o nos impe\u00e7a de desenvolver uma proposta detalhada, observamos que um modelo de posse de terra poderia incluir disposi\u00e7\u00f5es que prevejam como as fazendas urbanas poderiam ser transferidas do n\u00edvel do solo para os telhados \u00e0 medida que um bairro se desenvolve. Essa abordagem poderia eliminar ou minimizar o conflito entre a produ\u00e7\u00e3o urbana de alimentos a longo prazo e a cria\u00e7\u00e3o de moradias e empreendimentos comerciais densos e de uso misto.     <\/p>\n","protected":false},"excerpt":{"rendered":"<p>Fora das cidades, os agricultores podem trabalhar em suas terras sem muitas preocupa\u00e7\u00f5es com seus vizinhos. Por\u00e9m, em ambientes urbanos, os vizinhos est\u00e3o muito mais pr\u00f3ximos &#8211; os agricultores urbanos [&hellip;]<\/p>\n","protected":false},"author":1,"featured_media":0,"parent":1665,"menu_order":7,"comment_status":"closed","ping_status":"closed","template":"","meta":{"give_campaign_id":0,"_tec_requires_first_save":true,"_kad_blocks_custom_css":"","_kad_blocks_head_custom_js":"","_kad_blocks_body_custom_js":"","_kad_blocks_footer_custom_js":"","_EventAllDay":false,"_EventTimezone":"","_EventStartDate":"","_EventEndDate":"","_EventStartDateUTC":"","_EventEndDateUTC":"","_EventShowMap":false,"_EventShowMapLink":false,"_EventURL":"","_EventCost":"","_EventCostDescription":"","_EventCurrencySymbol":"","_EventCurrencyCode":"","_EventCurrencyPosition":"","_EventDateTimeSeparator":"","_EventTimeRangeSeparator":"","_EventOrganizerID":[],"_EventVenueID":[],"_OrganizerEmail":"","_OrganizerPhone":"","_OrganizerWebsite":"","_VenueAddress":"","_VenueCity":"","_VenueCountry":"","_VenueProvince":"","_VenueState":"","_VenueZip":"","_VenuePhone":"","_VenueURL":"","_VenueStateProvince":"","_VenueLat":"","_VenueLng":"","_VenueShowMap":false,"_VenueShowMapLink":false,"_tribe_blocks_recurrence_rules":"","_tribe_blocks_recurrence_description":"","_tribe_blocks_recurrence_exclusions":"","footnotes":""},"categories":[122],"tags":[],"class_list":["post-8718","page","type-page","status-publish","hentry","category-agricultura"],"blocksy_meta":[],"yoast_head":"<!-- This site is optimized with the Yoast SEO Premium plugin v27.5 (Yoast SEO v27.5) - https:\/\/yoast.com\/product\/yoast-seo-premium-wordpress\/ -->\n<title>Agricultura engajada na comunidade - International Center for Community Land Trusts<\/title>\n<meta name=\"robots\" content=\"index, follow, max-snippet:-1, max-image-preview:large, max-video-preview:-1\" \/>\n<link rel=\"canonical\" href=\"https:\/\/www.cltweb.org\/pt-br\/biblioteca-de-recursos\/agricultura\/conceitos-chave\/agricultura-engajada-na-comunidade\/\" \/>\n<meta property=\"og:locale\" content=\"pt_BR\" \/>\n<meta property=\"og:type\" content=\"article\" \/>\n<meta property=\"og:title\" content=\"Agricultura engajada na comunidade\" \/>\n<meta property=\"og:description\" content=\"Fora das cidades, os agricultores podem trabalhar em suas terras sem muitas preocupa\u00e7\u00f5es com seus vizinhos. Por\u00e9m, em ambientes urbanos, os vizinhos est\u00e3o muito mais pr\u00f3ximos &#8211; os agricultores urbanos [&hellip;]\" \/>\n<meta property=\"og:url\" content=\"https:\/\/www.cltweb.org\/pt-br\/biblioteca-de-recursos\/agricultura\/conceitos-chave\/agricultura-engajada-na-comunidade\/\" \/>\n<meta property=\"og:site_name\" content=\"International Center for Community Land Trusts\" \/>\n<meta property=\"article:publisher\" content=\"https:\/\/www.facebook.com\/cltcenter\" \/>\n<meta property=\"article:modified_time\" content=\"2025-02-03T19:38:08+00:00\" \/>\n<meta name=\"twitter:card\" content=\"summary_large_image\" \/>\n<meta name=\"twitter:site\" content=\"@Center4CLTs\" \/>\n<meta name=\"twitter:label1\" content=\"Est. tempo de leitura\" \/>\n\t<meta name=\"twitter:data1\" content=\"3 minutos\" \/>\n<script type=\"application\/ld+json\" class=\"yoast-schema-graph\">{\"@context\":\"https:\\\/\\\/schema.org\",\"@graph\":[{\"@type\":\"WebPage\",\"@id\":\"https:\\\/\\\/www.cltweb.org\\\/pt-br\\\/biblioteca-de-recursos\\\/agricultura\\\/conceitos-chave\\\/agricultura-engajada-na-comunidade\\\/\",\"url\":\"https:\\\/\\\/www.cltweb.org\\\/pt-br\\\/biblioteca-de-recursos\\\/agricultura\\\/conceitos-chave\\\/agricultura-engajada-na-comunidade\\\/\",\"name\":\"Agricultura engajada na comunidade - International Center for Community Land Trusts\",\"isPartOf\":{\"@id\":\"https:\\\/\\\/www.cltweb.org\\\/pt-br\\\/#website\"},\"datePublished\":\"2025-02-02T20:39:31+00:00\",\"dateModified\":\"2025-02-03T19:38:08+00:00\",\"breadcrumb\":{\"@id\":\"https:\\\/\\\/www.cltweb.org\\\/pt-br\\\/biblioteca-de-recursos\\\/agricultura\\\/conceitos-chave\\\/agricultura-engajada-na-comunidade\\\/#breadcrumb\"},\"inLanguage\":\"pt-BR\",\"potentialAction\":[{\"@type\":\"ReadAction\",\"target\":[\"https:\\\/\\\/www.cltweb.org\\\/pt-br\\\/biblioteca-de-recursos\\\/agricultura\\\/conceitos-chave\\\/agricultura-engajada-na-comunidade\\\/\"]}]},{\"@type\":\"BreadcrumbList\",\"@id\":\"https:\\\/\\\/www.cltweb.org\\\/pt-br\\\/biblioteca-de-recursos\\\/agricultura\\\/conceitos-chave\\\/agricultura-engajada-na-comunidade\\\/#breadcrumb\",\"itemListElement\":[{\"@type\":\"ListItem\",\"position\":1,\"name\":\"Home\",\"item\":\"https:\\\/\\\/www.cltweb.org\\\/pt-br\\\/\"},{\"@type\":\"ListItem\",\"position\":2,\"name\":\"Biblioteca de recursos\",\"item\":\"https:\\\/\\\/www.cltweb.org\\\/pt-br\\\/biblioteca-de-recursos\\\/\"},{\"@type\":\"ListItem\",\"position\":3,\"name\":\"Posse de terra para agricultura urbana\",\"item\":\"https:\\\/\\\/www.cltweb.org\\\/pt-br\\\/biblioteca-de-recursos\\\/agricultura\\\/\"},{\"@type\":\"ListItem\",\"position\":4,\"name\":\"Conceitos-chave\",\"item\":\"https:\\\/\\\/www.cltweb.org\\\/pt-br\\\/biblioteca-de-recursos\\\/agricultura\\\/conceitos-chave\\\/\"},{\"@type\":\"ListItem\",\"position\":5,\"name\":\"Agricultura engajada na comunidade\"}]},{\"@type\":\"WebSite\",\"@id\":\"https:\\\/\\\/www.cltweb.org\\\/pt-br\\\/#website\",\"url\":\"https:\\\/\\\/www.cltweb.org\\\/pt-br\\\/\",\"name\":\"International Center for Community Land Trusts\",\"description\":\"\",\"publisher\":{\"@id\":\"https:\\\/\\\/www.cltweb.org\\\/pt-br\\\/#organization\"},\"potentialAction\":[{\"@type\":\"SearchAction\",\"target\":{\"@type\":\"EntryPoint\",\"urlTemplate\":\"https:\\\/\\\/www.cltweb.org\\\/pt-br\\\/?s={search_term_string}\"},\"query-input\":{\"@type\":\"PropertyValueSpecification\",\"valueRequired\":true,\"valueName\":\"search_term_string\"}}],\"inLanguage\":\"pt-BR\"},{\"@type\":\"Organization\",\"@id\":\"https:\\\/\\\/www.cltweb.org\\\/pt-br\\\/#organization\",\"name\":\"International Center for Community Land Trusts\",\"url\":\"https:\\\/\\\/www.cltweb.org\\\/pt-br\\\/\",\"logo\":{\"@type\":\"ImageObject\",\"inLanguage\":\"pt-BR\",\"@id\":\"https:\\\/\\\/www.cltweb.org\\\/pt-br\\\/#\\\/schema\\\/logo\\\/image\\\/\",\"url\":\"https:\\\/\\\/www.cltweb.org\\\/wp-content\\\/uploads\\\/2024\\\/11\\\/New-CLT-Center-Text-logo.png\",\"contentUrl\":\"https:\\\/\\\/www.cltweb.org\\\/wp-content\\\/uploads\\\/2024\\\/11\\\/New-CLT-Center-Text-logo.png\",\"width\":227,\"height\":80,\"caption\":\"International Center for Community Land Trusts\"},\"image\":{\"@id\":\"https:\\\/\\\/www.cltweb.org\\\/pt-br\\\/#\\\/schema\\\/logo\\\/image\\\/\"},\"sameAs\":[\"https:\\\/\\\/www.facebook.com\\\/cltcenter\",\"https:\\\/\\\/x.com\\\/Center4CLTs\",\"https:\\\/\\\/www.instagram.com\\\/cltcenter\\\/\",\"https:\\\/\\\/www.linkedin.com\\\/company\\\/cltcenter\",\"https:\\\/\\\/www.youtube.com\\\/@centerforcltinnovation5313\"],\"description\":\"The International Center for Community Land Trusts is a not-for-profit nongovernmental organization established in 2018 to promote and to support community land trusts and similar strategies of community-led development on community-owned land in countries throughout the world.\",\"email\":\"info@communitylandtrust.net\",\"legalName\":\"International Center for Community Land Trusts\",\"foundingDate\":\"2018-12-01\",\"taxID\":\"84-3858933\",\"numberOfEmployees\":{\"@type\":\"QuantitativeValue\",\"minValue\":\"1\",\"maxValue\":\"10\"}}]}<\/script>\n<!-- \/ Yoast SEO Premium plugin. -->","yoast_head_json":{"title":"Agricultura engajada na comunidade - International Center for Community Land Trusts","robots":{"index":"index","follow":"follow","max-snippet":"max-snippet:-1","max-image-preview":"max-image-preview:large","max-video-preview":"max-video-preview:-1"},"canonical":"https:\/\/www.cltweb.org\/pt-br\/biblioteca-de-recursos\/agricultura\/conceitos-chave\/agricultura-engajada-na-comunidade\/","og_locale":"pt_BR","og_type":"article","og_title":"Agricultura engajada na comunidade","og_description":"Fora das cidades, os agricultores podem trabalhar em suas terras sem muitas preocupa\u00e7\u00f5es com seus vizinhos. Por\u00e9m, em ambientes urbanos, os vizinhos est\u00e3o muito mais pr\u00f3ximos &#8211; os agricultores urbanos [&hellip;]","og_url":"https:\/\/www.cltweb.org\/pt-br\/biblioteca-de-recursos\/agricultura\/conceitos-chave\/agricultura-engajada-na-comunidade\/","og_site_name":"International Center for Community Land Trusts","article_publisher":"https:\/\/www.facebook.com\/cltcenter","article_modified_time":"2025-02-03T19:38:08+00:00","twitter_card":"summary_large_image","twitter_site":"@Center4CLTs","twitter_misc":{"Est. tempo de leitura":"3 minutos"},"schema":{"@context":"https:\/\/schema.org","@graph":[{"@type":"WebPage","@id":"https:\/\/www.cltweb.org\/pt-br\/biblioteca-de-recursos\/agricultura\/conceitos-chave\/agricultura-engajada-na-comunidade\/","url":"https:\/\/www.cltweb.org\/pt-br\/biblioteca-de-recursos\/agricultura\/conceitos-chave\/agricultura-engajada-na-comunidade\/","name":"Agricultura engajada na comunidade - International Center for Community Land Trusts","isPartOf":{"@id":"https:\/\/www.cltweb.org\/pt-br\/#website"},"datePublished":"2025-02-02T20:39:31+00:00","dateModified":"2025-02-03T19:38:08+00:00","breadcrumb":{"@id":"https:\/\/www.cltweb.org\/pt-br\/biblioteca-de-recursos\/agricultura\/conceitos-chave\/agricultura-engajada-na-comunidade\/#breadcrumb"},"inLanguage":"pt-BR","potentialAction":[{"@type":"ReadAction","target":["https:\/\/www.cltweb.org\/pt-br\/biblioteca-de-recursos\/agricultura\/conceitos-chave\/agricultura-engajada-na-comunidade\/"]}]},{"@type":"BreadcrumbList","@id":"https:\/\/www.cltweb.org\/pt-br\/biblioteca-de-recursos\/agricultura\/conceitos-chave\/agricultura-engajada-na-comunidade\/#breadcrumb","itemListElement":[{"@type":"ListItem","position":1,"name":"Home","item":"https:\/\/www.cltweb.org\/pt-br\/"},{"@type":"ListItem","position":2,"name":"Biblioteca de recursos","item":"https:\/\/www.cltweb.org\/pt-br\/biblioteca-de-recursos\/"},{"@type":"ListItem","position":3,"name":"Posse de terra para agricultura urbana","item":"https:\/\/www.cltweb.org\/pt-br\/biblioteca-de-recursos\/agricultura\/"},{"@type":"ListItem","position":4,"name":"Conceitos-chave","item":"https:\/\/www.cltweb.org\/pt-br\/biblioteca-de-recursos\/agricultura\/conceitos-chave\/"},{"@type":"ListItem","position":5,"name":"Agricultura engajada na comunidade"}]},{"@type":"WebSite","@id":"https:\/\/www.cltweb.org\/pt-br\/#website","url":"https:\/\/www.cltweb.org\/pt-br\/","name":"International Center for Community Land Trusts","description":"","publisher":{"@id":"https:\/\/www.cltweb.org\/pt-br\/#organization"},"potentialAction":[{"@type":"SearchAction","target":{"@type":"EntryPoint","urlTemplate":"https:\/\/www.cltweb.org\/pt-br\/?s={search_term_string}"},"query-input":{"@type":"PropertyValueSpecification","valueRequired":true,"valueName":"search_term_string"}}],"inLanguage":"pt-BR"},{"@type":"Organization","@id":"https:\/\/www.cltweb.org\/pt-br\/#organization","name":"International Center for Community Land Trusts","url":"https:\/\/www.cltweb.org\/pt-br\/","logo":{"@type":"ImageObject","inLanguage":"pt-BR","@id":"https:\/\/www.cltweb.org\/pt-br\/#\/schema\/logo\/image\/","url":"https:\/\/www.cltweb.org\/wp-content\/uploads\/2024\/11\/New-CLT-Center-Text-logo.png","contentUrl":"https:\/\/www.cltweb.org\/wp-content\/uploads\/2024\/11\/New-CLT-Center-Text-logo.png","width":227,"height":80,"caption":"International Center for Community Land Trusts"},"image":{"@id":"https:\/\/www.cltweb.org\/pt-br\/#\/schema\/logo\/image\/"},"sameAs":["https:\/\/www.facebook.com\/cltcenter","https:\/\/x.com\/Center4CLTs","https:\/\/www.instagram.com\/cltcenter\/","https:\/\/www.linkedin.com\/company\/cltcenter","https:\/\/www.youtube.com\/@centerforcltinnovation5313"],"description":"The International Center for Community Land Trusts is a not-for-profit nongovernmental organization established in 2018 to promote and to support community land trusts and similar strategies of community-led development on community-owned land in countries throughout the world.","email":"info@communitylandtrust.net","legalName":"International Center for Community Land Trusts","foundingDate":"2018-12-01","taxID":"84-3858933","numberOfEmployees":{"@type":"QuantitativeValue","minValue":"1","maxValue":"10"}}]}},"campaignId":"","taxonomy_info":{"category":[{"value":122,"label":"Agricultura"}]},"featured_image_src_large":false,"author_info":{"display_name":"cltredesign_0jp0l4","author_link":"https:\/\/www.cltweb.org\/pt-br\/author\/cltredesign_0jp0l4\/"},"comment_info":0,"jetpack_sharing_enabled":true,"jetpack-related-posts":[{"id":1644,"url":"https:\/\/www.cltweb.org\/pt-br\/biblioteca-de-recursos\/agricultura\/perguntas-estrategicas\/","url_meta":{"origin":8718,"position":0},"title":"Perguntas estrat\u00e9gicas","author":"cltredesign_0jp0l4","date":"29 de julho de 2024","format":false,"excerpt":"Como a terra ser\u00e1 garantida para os agricultores? Embora essa seja a quest\u00e3o central a ser respondida por um modelo de posse de terra, n\u00e3o esperamos que haja uma \u00fanica resposta. Na verdade, como sugerimos na se\u00e7\u00e3o anterior, a terra pode ser garantida de forma diferente para agricultores com diferentes\u2026","rel":"","context":"Em &quot;Agricultura&quot;","block_context":{"text":"Agricultura","link":"https:\/\/www.cltweb.org\/pt-br\/category\/agricultura\/"},"img":{"alt_text":"","src":"","width":0,"height":0},"classes":[]},{"id":2855,"url":"https:\/\/www.cltweb.org\/pt-br\/biblioteca-de-recursos\/agricultura\/conceitos-chave\/protegendo-a-terra-da-especulacao\/","url_meta":{"origin":8718,"position":1},"title":"Protegendo a terra da especula\u00e7\u00e3o","author":"cltredesign_0jp0l4","date":"4 de outubro de 2024","format":false,"excerpt":"Se a terra acess\u00edvel \u00e9 fundamental para a agricultura urbana comercialmente vi\u00e1vel e engajada na comunidade, a quest\u00e3o \u00e9 como proteger a acessibilidade a longo prazo. Isso significa, por um lado, garantir que as fazendas urbanas n\u00e3o sejam desalojadas pelo r\u00e1pido aumento dos pre\u00e7os em um mercado imobili\u00e1rio especulativo e,\u2026","rel":"","context":"Post similar","block_context":{"text":"Post similar","link":""},"img":{"alt_text":"","src":"","width":0,"height":0},"classes":[]},{"id":829,"url":"https:\/\/www.cltweb.org\/pt-br\/biblioteca-de-recursos\/agricultura\/","url_meta":{"origin":8718,"position":2},"title":"Posse de terra para agricultura urbana","author":"cltredesign_0jp0l4","date":"26 de julho de 2024","format":false,"excerpt":"Posse de terra para agricultura urbana Nas cidades dos Estados Unidos, as pessoas est\u00e3o procurando as fazendas urbanas para obter uma ampla gama de benef\u00edcios. As fazendas urbanas fornecem alimentos frescos para os moradores do bairro e para lojas e restaurantes. Elas ajudam a apoiar h\u00e1bitos alimentares saud\u00e1veis e s\u00e3o\u2026","rel":"","context":"Em &quot;Pesquisa&quot;","block_context":{"text":"Pesquisa","link":"https:\/\/www.cltweb.org\/pt-br\/category\/pesquisa\/"},"img":{"alt_text":"","src":"","width":0,"height":0},"classes":[]},{"id":8749,"url":"https:\/\/www.cltweb.org\/pt-br\/biblioteca-de-recursos\/agricultura\/o-modelo-de-servidor-central\/satelites-de-vizinhanca\/","url_meta":{"origin":8718,"position":3},"title":"Sat\u00e9lites de vizinhan\u00e7a","author":"cltredesign_0jp0l4","date":"2 de fevereiro de 2025","format":false,"excerpt":"As organiza\u00e7\u00f5es sat\u00e9lites atuam como a voz da comunidade. Elas podem ser organiza\u00e7\u00f5es sem fins lucrativos existentes (corpora\u00e7\u00f5es de desenvolvimento comunit\u00e1rio, fundos de terras comunit\u00e1rios, etc.), novas empresas ou entidades mais informais. O que elas t\u00eam em comum \u00e9 a capacidade de falar em nome dos bairros em que est\u00e3o\u2026","rel":"","context":"Post similar","block_context":{"text":"Post similar","link":""},"img":{"alt_text":"","src":"","width":0,"height":0},"classes":[]},{"id":1674,"url":"https:\/\/www.cltweb.org\/pt-br\/biblioteca-de-recursos\/agricultura\/desafios\/","url_meta":{"origin":8718,"position":4},"title":"Desafios","author":"cltredesign_0jp0l4","date":"29 de julho de 2024","format":false,"excerpt":"A necessidade de terrenos acess\u00edveis O alto custo das terras urbanas em rela\u00e7\u00e3o \u00e0s rurais representa um grande problema para os aspirantes a agricultores urbanos. Ao contr\u00e1rio dos agricultores rurais, eles est\u00e3o competindo por terras com uma infinidade de outros usu\u00e1rios em potencial, o que, por sua vez, cria press\u00f5es\u2026","rel":"","context":"Em &quot;Agricultura&quot;","block_context":{"text":"Agricultura","link":"https:\/\/www.cltweb.org\/pt-br\/category\/agricultura\/"},"img":{"alt_text":"","src":"","width":0,"height":0},"classes":[]},{"id":8713,"url":"https:\/\/www.cltweb.org\/pt-br\/biblioteca-de-recursos\/agricultura\/conceitos-chave\/respeito-pelo-local\/","url_meta":{"origin":8718,"position":5},"title":"Respeito pelo local","author":"cltredesign_0jp0l4","date":"2 de fevereiro de 2025","format":false,"excerpt":"Ao intervir nesse cen\u00e1rio, os produtores urbanos e seus aliados devem entender que, quando a terra \u00e9 barata, ela \u00e9 barata por um motivo. Um terreno baldio que pode ser um local acess\u00edvel para uma fazenda urbana quase sempre tem uma hist\u00f3ria social e ambiental complicada que est\u00e1 inscrita no\u2026","rel":"","context":"Em &quot;Agricultura&quot;","block_context":{"text":"Agricultura","link":"https:\/\/www.cltweb.org\/pt-br\/category\/agricultura\/"},"img":{"alt_text":"","src":"","width":0,"height":0},"classes":[]}],"_links":{"self":[{"href":"https:\/\/www.cltweb.org\/pt-br\/wp-json\/wp\/v2\/pages\/8718","targetHints":{"allow":["GET"]}}],"collection":[{"href":"https:\/\/www.cltweb.org\/pt-br\/wp-json\/wp\/v2\/pages"}],"about":[{"href":"https:\/\/www.cltweb.org\/pt-br\/wp-json\/wp\/v2\/types\/page"}],"author":[{"embeddable":true,"href":"https:\/\/www.cltweb.org\/pt-br\/wp-json\/wp\/v2\/users\/1"}],"replies":[{"embeddable":true,"href":"https:\/\/www.cltweb.org\/pt-br\/wp-json\/wp\/v2\/comments?post=8718"}],"version-history":[{"count":2,"href":"https:\/\/www.cltweb.org\/pt-br\/wp-json\/wp\/v2\/pages\/8718\/revisions"}],"predecessor-version":[{"id":8863,"href":"https:\/\/www.cltweb.org\/pt-br\/wp-json\/wp\/v2\/pages\/8718\/revisions\/8863"}],"up":[{"embeddable":true,"href":"https:\/\/www.cltweb.org\/pt-br\/wp-json\/wp\/v2\/pages\/1665"}],"wp:attachment":[{"href":"https:\/\/www.cltweb.org\/pt-br\/wp-json\/wp\/v2\/media?parent=8718"}],"wp:term":[{"taxonomy":"category","embeddable":true,"href":"https:\/\/www.cltweb.org\/pt-br\/wp-json\/wp\/v2\/categories?post=8718"},{"taxonomy":"post_tag","embeddable":true,"href":"https:\/\/www.cltweb.org\/pt-br\/wp-json\/wp\/v2\/tags?post=8718"}],"curies":[{"name":"wp","href":"https:\/\/api.w.org\/{rel}","templated":true}]}}