{"id":8725,"date":"2025-02-02T20:47:32","date_gmt":"2025-02-02T20:47:32","guid":{"rendered":"https:\/\/www.cltweb.org\/biblioteca-de-recursos\/agricultura\/o-papel-dos-fundos-fiduciarios\/fundos-fiduciarios-de-espaco-aberto\/"},"modified":"2025-02-03T19:46:59","modified_gmt":"2025-02-03T19:46:59","slug":"fundos-fiduciarios-de-espaco-aberto","status":"publish","type":"page","link":"https:\/\/www.cltweb.org\/pt-br\/biblioteca-de-recursos\/agricultura\/o-papel-dos-fundos-fiduciarios\/fundos-fiduciarios-de-espaco-aberto\/","title":{"rendered":"Fundos fiduci\u00e1rios de espa\u00e7o aberto"},"content":{"rendered":"\n<h2 class=\"wp-block-heading\" id=\"h-neighborspace\">NeighborSpace<\/h2>\n\n<p>O NeighborSpace \u00e9 um fundo de terras que det\u00e9m terras para hortas comunit\u00e1rias e, cada vez mais, fazendas urbanas em Chicago. Foi fundado em 1996 em resposta a uma recomenda\u00e7\u00e3o de um relat\u00f3rio de planejamento da cidade que constatou que Chicago estava em 18\u00ba lugar entre 20 grandes cidades em termos de espa\u00e7o aberto per capita. O NeighborSpace foi criado por um acordo intergovernamental aprovado pelo Conselho da Cidade de Chicago, pelo Conselho de Comiss\u00e1rios do Condado de Cook e pela diretoria do Chicago Park District. Ele funciona como uma organiza\u00e7\u00e3o sem fins lucrativos, mas com apoio e supervis\u00e3o significativos do governo. Cada um dos fundadores governamentais fornece US$ 100.000 por ano em financiamento e tem tr\u00eas assentos na diretoria do NeighborSpace.    <\/p>\n\n<p>Atualmente, o NeighborSpace possui pouco mais de 100 propriedades na cidade de Chicago. A maioria s\u00e3o hortas comunit\u00e1rias, mas, por volta de 2010, o fundo de terras come\u00e7ou a manter propriedades maiores para fazendas urbanas. Isso ocorreu ap\u00f3s a decis\u00e3o da diretoria do NeighborSpace de que a agricultura urbana se encaixava em sua miss\u00e3o, desde que as fazendas n\u00e3o tivessem fins lucrativos, n\u00e3o tivessem estruturas permanentes nos locais do NeighborSpace e n\u00e3o fossem grandes demais para o contexto do bairro. A fazenda da Honore Street em Englewood, um local de quase um acre operado pela Growing Home, tornou-se o primeiro peda\u00e7o de terra cultivada pelo NeighborSpace. Posteriormente, o fundo de terras assumiu a propriedade de 2,5 acres de terra no East Garfield Park, que est\u00e3o sendo cultivados pela Chicago FarmWorks, uma organiza\u00e7\u00e3o sem fins lucrativos que distribui os produtos por meio do Greater Chicagoland Food Depository.    <\/p>\n\n<p>Em 2015, o NeighborSpace come\u00e7ou a facilitar um processo de planejamento para determinar um modelo de posse de terra para fazendas com fins lucrativos em Chicago. Atualmente, as fazendas com fins lucrativos tendem a arrendar terras de propriet\u00e1rios privados. O processo em andamento prev\u00ea que o NeighborSpace ou uma nova entidade manteria a terra em confian\u00e7a para uma cooperativa agr\u00edcola sem fins lucrativos, cujos membros poderiam ser eles mesmos sem fins lucrativos ou com fins lucrativos.  <\/p>\n\n<h2 class=\"wp-block-heading\" id=\"h-new-york-community-garden-land-trusts\">Fundos fiduci\u00e1rios de hortas comunit\u00e1rias de Nova York<\/h2>\n\n<p>Em 1999, a administra\u00e7\u00e3o do prefeito Giuliani anunciou um plano para leiloar mais de cem terrenos de propriedade da cidade que abrigavam hortas comunit\u00e1rias. Os jardineiros e seus aliados se mobilizaram para resistir ao plano, organizando manifesta\u00e7\u00f5es e entrando com a\u00e7\u00f5es judiciais. Em 2002, essas a\u00e7\u00f5es judiciais resultaram em um acordo negociado com a administra\u00e7\u00e3o do prefeito Bloomberg, no qual 69 hortas foram compradas e mantidas em cust\u00f3dia pelo Trust for Public Lands (TPL). O New York Restoration Project (NYRP), uma organiza\u00e7\u00e3o sem fins lucrativos fundada e financiada pela atriz Bette Midler, assumiu a propriedade de dezenas de outros jardins.   <\/p>\n\n<p>Desde ent\u00e3o, a TPL estabeleceu tr\u00eas fideicomissos locais para manter e administrar as hortas: Manhattan Land Trust, Brooklyn-Queens Land Trust e Bronx Land Trust. A diretoria de cada um desses fundos de terras \u00e9 composta por uma mistura de l\u00edderes de hortas comunit\u00e1rias e funcion\u00e1rios de organiza\u00e7\u00f5es sem fins lucrativos da cidade de Nova York. A NYRP assumiu uma miss\u00e3o mais ampla, a de fornecer espa\u00e7o verde para \u00e1reas carentes da cidade, e \u00e9 dirigida n\u00e3o por jardineiros, mas por uma s\u00e9rie de filantropos, empres\u00e1rios e l\u00edderes c\u00edvicos de Nova York. Alguns de seus locais foram reformados com o apoio de empresas como a Target e reduziram o espa\u00e7o dispon\u00edvel para hortas gerenciadas pela comunidade, em favor de parques de bolso organizados.   <\/p>\n","protected":false},"excerpt":{"rendered":"<p>NeighborSpace O NeighborSpace \u00e9 um fundo de terras que det\u00e9m terras para hortas comunit\u00e1rias e, cada vez mais, fazendas urbanas em Chicago. Foi fundado em 1996 em resposta a uma [&hellip;]<\/p>\n","protected":false},"author":1,"featured_media":0,"parent":1655,"menu_order":1,"comment_status":"closed","ping_status":"closed","template":"","meta":{"give_campaign_id":0,"_tec_requires_first_save":true,"_kad_blocks_custom_css":"","_kad_blocks_head_custom_js":"","_kad_blocks_body_custom_js":"","_kad_blocks_footer_custom_js":"","_EventAllDay":false,"_EventTimezone":"","_EventStartDate":"","_EventEndDate":"","_EventStartDateUTC":"","_EventEndDateUTC":"","_EventShowMap":false,"_EventShowMapLink":false,"_EventURL":"","_EventCost":"","_EventCostDescription":"","_EventCurrencySymbol":"","_EventCurrencyCode":"","_EventCurrencyPosition":"","_EventDateTimeSeparator":"","_EventTimeRangeSeparator":"","_EventOrganizerID":[],"_EventVenueID":[],"_OrganizerEmail":"","_OrganizerPhone":"","_OrganizerWebsite":"","_VenueAddress":"","_VenueCity":"","_VenueCountry":"","_VenueProvince":"","_VenueState":"","_VenueZip":"","_VenuePhone":"","_VenueURL":"","_VenueStateProvince":"","_VenueLat":"","_VenueLng":"","_VenueShowMap":false,"_VenueShowMapLink":false,"_tribe_blocks_recurrence_rules":"","_tribe_blocks_recurrence_description":"","_tribe_blocks_recurrence_exclusions":"","footnotes":""},"categories":[122],"tags":[],"class_list":["post-8725","page","type-page","status-publish","hentry","category-agricultura"],"blocksy_meta":[],"yoast_head":"<!-- This site is optimized with the Yoast SEO Premium plugin v27.5 (Yoast SEO v27.5) - https:\/\/yoast.com\/product\/yoast-seo-premium-wordpress\/ -->\n<title>Fundos fiduci\u00e1rios de espa\u00e7o aberto - International Center for Community Land Trusts<\/title>\n<meta name=\"robots\" content=\"index, follow, max-snippet:-1, max-image-preview:large, max-video-preview:-1\" \/>\n<link rel=\"canonical\" href=\"https:\/\/www.cltweb.org\/pt-br\/biblioteca-de-recursos\/agricultura\/o-papel-dos-fundos-fiduciarios\/fundos-fiduciarios-de-espaco-aberto\/\" \/>\n<meta property=\"og:locale\" content=\"pt_BR\" \/>\n<meta property=\"og:type\" content=\"article\" \/>\n<meta property=\"og:title\" content=\"Fundos fiduci\u00e1rios de espa\u00e7o aberto\" \/>\n<meta property=\"og:description\" content=\"NeighborSpace O NeighborSpace \u00e9 um fundo de terras que det\u00e9m terras para hortas comunit\u00e1rias e, cada vez mais, fazendas urbanas em Chicago. Foi fundado em 1996 em resposta a uma [&hellip;]\" \/>\n<meta property=\"og:url\" content=\"https:\/\/www.cltweb.org\/pt-br\/biblioteca-de-recursos\/agricultura\/o-papel-dos-fundos-fiduciarios\/fundos-fiduciarios-de-espaco-aberto\/\" \/>\n<meta property=\"og:site_name\" content=\"International Center for Community Land Trusts\" \/>\n<meta property=\"article:publisher\" content=\"https:\/\/www.facebook.com\/cltcenter\" \/>\n<meta property=\"article:modified_time\" content=\"2025-02-03T19:46:59+00:00\" \/>\n<meta name=\"twitter:card\" content=\"summary_large_image\" \/>\n<meta name=\"twitter:site\" content=\"@Center4CLTs\" \/>\n<meta name=\"twitter:label1\" content=\"Est. tempo de leitura\" \/>\n\t<meta name=\"twitter:data1\" content=\"3 minutos\" \/>\n<script type=\"application\/ld+json\" class=\"yoast-schema-graph\">{\"@context\":\"https:\\\/\\\/schema.org\",\"@graph\":[{\"@type\":\"WebPage\",\"@id\":\"https:\\\/\\\/www.cltweb.org\\\/pt-br\\\/biblioteca-de-recursos\\\/agricultura\\\/o-papel-dos-fundos-fiduciarios\\\/fundos-fiduciarios-de-espaco-aberto\\\/\",\"url\":\"https:\\\/\\\/www.cltweb.org\\\/pt-br\\\/biblioteca-de-recursos\\\/agricultura\\\/o-papel-dos-fundos-fiduciarios\\\/fundos-fiduciarios-de-espaco-aberto\\\/\",\"name\":\"Fundos fiduci\u00e1rios de espa\u00e7o aberto - International Center for Community Land Trusts\",\"isPartOf\":{\"@id\":\"https:\\\/\\\/www.cltweb.org\\\/pt-br\\\/#website\"},\"datePublished\":\"2025-02-02T20:47:32+00:00\",\"dateModified\":\"2025-02-03T19:46:59+00:00\",\"breadcrumb\":{\"@id\":\"https:\\\/\\\/www.cltweb.org\\\/pt-br\\\/biblioteca-de-recursos\\\/agricultura\\\/o-papel-dos-fundos-fiduciarios\\\/fundos-fiduciarios-de-espaco-aberto\\\/#breadcrumb\"},\"inLanguage\":\"pt-BR\",\"potentialAction\":[{\"@type\":\"ReadAction\",\"target\":[\"https:\\\/\\\/www.cltweb.org\\\/pt-br\\\/biblioteca-de-recursos\\\/agricultura\\\/o-papel-dos-fundos-fiduciarios\\\/fundos-fiduciarios-de-espaco-aberto\\\/\"]}]},{\"@type\":\"BreadcrumbList\",\"@id\":\"https:\\\/\\\/www.cltweb.org\\\/pt-br\\\/biblioteca-de-recursos\\\/agricultura\\\/o-papel-dos-fundos-fiduciarios\\\/fundos-fiduciarios-de-espaco-aberto\\\/#breadcrumb\",\"itemListElement\":[{\"@type\":\"ListItem\",\"position\":1,\"name\":\"Home\",\"item\":\"https:\\\/\\\/www.cltweb.org\\\/pt-br\\\/\"},{\"@type\":\"ListItem\",\"position\":2,\"name\":\"Biblioteca de recursos\",\"item\":\"https:\\\/\\\/www.cltweb.org\\\/pt-br\\\/biblioteca-de-recursos\\\/\"},{\"@type\":\"ListItem\",\"position\":3,\"name\":\"Posse de terra para agricultura urbana\",\"item\":\"https:\\\/\\\/www.cltweb.org\\\/pt-br\\\/biblioteca-de-recursos\\\/agricultura\\\/\"},{\"@type\":\"ListItem\",\"position\":4,\"name\":\"O papel dos fundos fiduci\u00e1rios\",\"item\":\"https:\\\/\\\/www.cltweb.org\\\/pt-br\\\/biblioteca-de-recursos\\\/agricultura\\\/o-papel-dos-fundos-fiduciarios\\\/\"},{\"@type\":\"ListItem\",\"position\":5,\"name\":\"Fundos fiduci\u00e1rios de espa\u00e7o aberto\"}]},{\"@type\":\"WebSite\",\"@id\":\"https:\\\/\\\/www.cltweb.org\\\/pt-br\\\/#website\",\"url\":\"https:\\\/\\\/www.cltweb.org\\\/pt-br\\\/\",\"name\":\"International Center for Community Land Trusts\",\"description\":\"\",\"publisher\":{\"@id\":\"https:\\\/\\\/www.cltweb.org\\\/pt-br\\\/#organization\"},\"potentialAction\":[{\"@type\":\"SearchAction\",\"target\":{\"@type\":\"EntryPoint\",\"urlTemplate\":\"https:\\\/\\\/www.cltweb.org\\\/pt-br\\\/?s={search_term_string}\"},\"query-input\":{\"@type\":\"PropertyValueSpecification\",\"valueRequired\":true,\"valueName\":\"search_term_string\"}}],\"inLanguage\":\"pt-BR\"},{\"@type\":\"Organization\",\"@id\":\"https:\\\/\\\/www.cltweb.org\\\/pt-br\\\/#organization\",\"name\":\"International Center for Community Land Trusts\",\"url\":\"https:\\\/\\\/www.cltweb.org\\\/pt-br\\\/\",\"logo\":{\"@type\":\"ImageObject\",\"inLanguage\":\"pt-BR\",\"@id\":\"https:\\\/\\\/www.cltweb.org\\\/pt-br\\\/#\\\/schema\\\/logo\\\/image\\\/\",\"url\":\"https:\\\/\\\/www.cltweb.org\\\/wp-content\\\/uploads\\\/2024\\\/11\\\/New-CLT-Center-Text-logo.png\",\"contentUrl\":\"https:\\\/\\\/www.cltweb.org\\\/wp-content\\\/uploads\\\/2024\\\/11\\\/New-CLT-Center-Text-logo.png\",\"width\":227,\"height\":80,\"caption\":\"International Center for Community Land Trusts\"},\"image\":{\"@id\":\"https:\\\/\\\/www.cltweb.org\\\/pt-br\\\/#\\\/schema\\\/logo\\\/image\\\/\"},\"sameAs\":[\"https:\\\/\\\/www.facebook.com\\\/cltcenter\",\"https:\\\/\\\/x.com\\\/Center4CLTs\",\"https:\\\/\\\/www.instagram.com\\\/cltcenter\\\/\",\"https:\\\/\\\/www.linkedin.com\\\/company\\\/cltcenter\",\"https:\\\/\\\/www.youtube.com\\\/@centerforcltinnovation5313\"],\"description\":\"The International Center for Community Land Trusts is a not-for-profit nongovernmental organization established in 2018 to promote and to support community land trusts and similar strategies of community-led development on community-owned land in countries throughout the world.\",\"email\":\"info@communitylandtrust.net\",\"legalName\":\"International Center for Community Land Trusts\",\"foundingDate\":\"2018-12-01\",\"taxID\":\"84-3858933\",\"numberOfEmployees\":{\"@type\":\"QuantitativeValue\",\"minValue\":\"1\",\"maxValue\":\"10\"}}]}<\/script>\n<!-- \/ Yoast SEO Premium plugin. -->","yoast_head_json":{"title":"Fundos fiduci\u00e1rios de espa\u00e7o aberto - International Center for Community Land Trusts","robots":{"index":"index","follow":"follow","max-snippet":"max-snippet:-1","max-image-preview":"max-image-preview:large","max-video-preview":"max-video-preview:-1"},"canonical":"https:\/\/www.cltweb.org\/pt-br\/biblioteca-de-recursos\/agricultura\/o-papel-dos-fundos-fiduciarios\/fundos-fiduciarios-de-espaco-aberto\/","og_locale":"pt_BR","og_type":"article","og_title":"Fundos fiduci\u00e1rios de espa\u00e7o aberto","og_description":"NeighborSpace O NeighborSpace \u00e9 um fundo de terras que det\u00e9m terras para hortas comunit\u00e1rias e, cada vez mais, fazendas urbanas em Chicago. Foi fundado em 1996 em resposta a uma [&hellip;]","og_url":"https:\/\/www.cltweb.org\/pt-br\/biblioteca-de-recursos\/agricultura\/o-papel-dos-fundos-fiduciarios\/fundos-fiduciarios-de-espaco-aberto\/","og_site_name":"International Center for Community Land Trusts","article_publisher":"https:\/\/www.facebook.com\/cltcenter","article_modified_time":"2025-02-03T19:46:59+00:00","twitter_card":"summary_large_image","twitter_site":"@Center4CLTs","twitter_misc":{"Est. tempo de leitura":"3 minutos"},"schema":{"@context":"https:\/\/schema.org","@graph":[{"@type":"WebPage","@id":"https:\/\/www.cltweb.org\/pt-br\/biblioteca-de-recursos\/agricultura\/o-papel-dos-fundos-fiduciarios\/fundos-fiduciarios-de-espaco-aberto\/","url":"https:\/\/www.cltweb.org\/pt-br\/biblioteca-de-recursos\/agricultura\/o-papel-dos-fundos-fiduciarios\/fundos-fiduciarios-de-espaco-aberto\/","name":"Fundos fiduci\u00e1rios de espa\u00e7o aberto - International Center for Community Land Trusts","isPartOf":{"@id":"https:\/\/www.cltweb.org\/pt-br\/#website"},"datePublished":"2025-02-02T20:47:32+00:00","dateModified":"2025-02-03T19:46:59+00:00","breadcrumb":{"@id":"https:\/\/www.cltweb.org\/pt-br\/biblioteca-de-recursos\/agricultura\/o-papel-dos-fundos-fiduciarios\/fundos-fiduciarios-de-espaco-aberto\/#breadcrumb"},"inLanguage":"pt-BR","potentialAction":[{"@type":"ReadAction","target":["https:\/\/www.cltweb.org\/pt-br\/biblioteca-de-recursos\/agricultura\/o-papel-dos-fundos-fiduciarios\/fundos-fiduciarios-de-espaco-aberto\/"]}]},{"@type":"BreadcrumbList","@id":"https:\/\/www.cltweb.org\/pt-br\/biblioteca-de-recursos\/agricultura\/o-papel-dos-fundos-fiduciarios\/fundos-fiduciarios-de-espaco-aberto\/#breadcrumb","itemListElement":[{"@type":"ListItem","position":1,"name":"Home","item":"https:\/\/www.cltweb.org\/pt-br\/"},{"@type":"ListItem","position":2,"name":"Biblioteca de recursos","item":"https:\/\/www.cltweb.org\/pt-br\/biblioteca-de-recursos\/"},{"@type":"ListItem","position":3,"name":"Posse de terra para agricultura urbana","item":"https:\/\/www.cltweb.org\/pt-br\/biblioteca-de-recursos\/agricultura\/"},{"@type":"ListItem","position":4,"name":"O papel dos fundos fiduci\u00e1rios","item":"https:\/\/www.cltweb.org\/pt-br\/biblioteca-de-recursos\/agricultura\/o-papel-dos-fundos-fiduciarios\/"},{"@type":"ListItem","position":5,"name":"Fundos fiduci\u00e1rios de espa\u00e7o aberto"}]},{"@type":"WebSite","@id":"https:\/\/www.cltweb.org\/pt-br\/#website","url":"https:\/\/www.cltweb.org\/pt-br\/","name":"International Center for Community Land Trusts","description":"","publisher":{"@id":"https:\/\/www.cltweb.org\/pt-br\/#organization"},"potentialAction":[{"@type":"SearchAction","target":{"@type":"EntryPoint","urlTemplate":"https:\/\/www.cltweb.org\/pt-br\/?s={search_term_string}"},"query-input":{"@type":"PropertyValueSpecification","valueRequired":true,"valueName":"search_term_string"}}],"inLanguage":"pt-BR"},{"@type":"Organization","@id":"https:\/\/www.cltweb.org\/pt-br\/#organization","name":"International Center for Community Land Trusts","url":"https:\/\/www.cltweb.org\/pt-br\/","logo":{"@type":"ImageObject","inLanguage":"pt-BR","@id":"https:\/\/www.cltweb.org\/pt-br\/#\/schema\/logo\/image\/","url":"https:\/\/www.cltweb.org\/wp-content\/uploads\/2024\/11\/New-CLT-Center-Text-logo.png","contentUrl":"https:\/\/www.cltweb.org\/wp-content\/uploads\/2024\/11\/New-CLT-Center-Text-logo.png","width":227,"height":80,"caption":"International Center for Community Land Trusts"},"image":{"@id":"https:\/\/www.cltweb.org\/pt-br\/#\/schema\/logo\/image\/"},"sameAs":["https:\/\/www.facebook.com\/cltcenter","https:\/\/x.com\/Center4CLTs","https:\/\/www.instagram.com\/cltcenter\/","https:\/\/www.linkedin.com\/company\/cltcenter","https:\/\/www.youtube.com\/@centerforcltinnovation5313"],"description":"The International Center for Community Land Trusts is a not-for-profit nongovernmental organization established in 2018 to promote and to support community land trusts and similar strategies of community-led development on community-owned land in countries throughout the world.","email":"info@communitylandtrust.net","legalName":"International Center for Community Land Trusts","foundingDate":"2018-12-01","taxID":"84-3858933","numberOfEmployees":{"@type":"QuantitativeValue","minValue":"1","maxValue":"10"}}]}},"campaignId":"","taxonomy_info":{"category":[{"value":122,"label":"Agricultura"}]},"featured_image_src_large":false,"author_info":{"display_name":"cltredesign_0jp0l4","author_link":"https:\/\/www.cltweb.org\/pt-br\/author\/cltredesign_0jp0l4\/"},"comment_info":0,"jetpack_sharing_enabled":true,"jetpack-related-posts":[{"id":8766,"url":"https:\/\/www.cltweb.org\/pt-br\/biblioteca-de-recursos\/agricultura\/o-modelo-de-servidor-central\/estudo-de-caso-neighborspace-chicago-il\/","url_meta":{"origin":8725,"position":0},"title":"Estudo de caso: NeighborSpace (Chicago, IL)","author":"cltredesign_0jp0l4","date":"2 de fevereiro de 2025","format":false,"excerpt":"O NeighborSpace talvez seja a organiza\u00e7\u00e3o existente mais pr\u00f3xima do que pode ser considerado um modelo de land trust de servidor central para a agricultura urbana. Um olhar mais atento \u00e0 hist\u00f3ria e \u00e0 estrutura do NeighborSpace indica como um modelo de servidor central para a agricultura urbana pode ser\u2026","rel":"","context":"Em &quot;Agricultura&quot;","block_context":{"text":"Agricultura","link":"https:\/\/www.cltweb.org\/pt-br\/category\/agricultura\/"},"img":{"alt_text":"","src":"","width":0,"height":0},"classes":[]},{"id":1655,"url":"https:\/\/www.cltweb.org\/pt-br\/biblioteca-de-recursos\/agricultura\/o-papel-dos-fundos-fiduciarios\/","url_meta":{"origin":8725,"position":1},"title":"O papel dos fundos fiduci\u00e1rios","author":"cltredesign_0jp0l4","date":"29 de julho de 2024","format":false,"excerpt":"Nos \u00faltimos trinta anos, o land trust surgiu como um modelo preferido para manter terras para hortas comunit\u00e1rias e fazendas urbanas. Isso reflete a converg\u00eancia de duas tend\u00eancias: a cria\u00e7\u00e3o de fundos fiduci\u00e1rios especializados em espa\u00e7os abertos para conservar terras para hortas comunit\u00e1rias e os movimentos que alguns fundos fiduci\u00e1rios\u2026","rel":"","context":"Em &quot;Agricultura&quot;","block_context":{"text":"Agricultura","link":"https:\/\/www.cltweb.org\/pt-br\/category\/agricultura\/"},"img":{"alt_text":"","src":"https:\/\/i0.wp.com\/www.cltweb.org\/wp-content\/uploads\/2025\/02\/Urban-Farming-Map.jpg?resize=350%2C200&ssl=1","width":350,"height":200,"srcset":"https:\/\/i0.wp.com\/www.cltweb.org\/wp-content\/uploads\/2025\/02\/Urban-Farming-Map.jpg?resize=350%2C200&ssl=1 1x, https:\/\/i0.wp.com\/www.cltweb.org\/wp-content\/uploads\/2025\/02\/Urban-Farming-Map.jpg?resize=525%2C300&ssl=1 1.5x, https:\/\/i0.wp.com\/www.cltweb.org\/wp-content\/uploads\/2025\/02\/Urban-Farming-Map.jpg?resize=700%2C400&ssl=1 2x"},"classes":[]},{"id":8763,"url":"https:\/\/www.cltweb.org\/pt-br\/biblioteca-de-recursos\/agricultura\/o-modelo-de-servidor-central\/um-land-trust-para-fazendas-comerciais-urbanas\/","url_meta":{"origin":8725,"position":2},"title":"Um Land Trust para fazendas comerciais urbanas?","author":"cltredesign_0jp0l4","date":"2 de fevereiro de 2025","format":false,"excerpt":"A manuten\u00e7\u00e3o de terras agr\u00edcolas em um fundo fiduci\u00e1rio serve como um complemento em potencial para modelos de agricultura urbana empresarial e com fins lucrativos. As autoridades das funda\u00e7\u00f5es, em particular, est\u00e3o interessadas no potencial do setor de agricultura urbana para ir al\u00e9m dos modelos de neg\u00f3cios sem fins lucrativos\u2026","rel":"","context":"Em &quot;Agricultura&quot;","block_context":{"text":"Agricultura","link":"https:\/\/www.cltweb.org\/pt-br\/category\/agricultura\/"},"img":{"alt_text":"","src":"","width":0,"height":0},"classes":[]},{"id":3964,"url":"https:\/\/www.cltweb.org\/pt-br\/biblioteca-de-recursos\/estudos-de-caso-clt\/fundo-de-terras-de-athens\/","url_meta":{"origin":8725,"position":3},"title":"Fundo de terras de Athens","author":"cltredesign_0jp0l4","date":"20 de outubro de 2024","format":false,"excerpt":"Estabelecida em 1994 (Athens, Ge\u00f3rgia) Perfil contribu\u00eddo por Nancy Stangle (2015) Por volta de 1993, Skipper StipeMaas e Nancy Stangle faziam parte de um grupo de cerca de 10 fam\u00edlias que estavam estabelecendo uma comunidade em 132 acres perto de Athens, Ge\u00f3rgia. A comunidade baseava-se livremente em um modelo de\u2026","rel":"","context":"Em &quot;Estudos de caso&quot;","block_context":{"text":"Estudos de caso","link":"https:\/\/www.cltweb.org\/pt-br\/category\/estudos-de-caso\/"},"img":{"alt_text":"","src":"","width":0,"height":0},"classes":[]},{"id":8730,"url":"https:\/\/www.cltweb.org\/pt-br\/biblioteca-de-recursos\/agricultura\/o-papel-dos-fundos-fiduciarios\/fundos-fiduciarios-comunitarios\/","url_meta":{"origin":8725,"position":4},"title":"Fundos fiduci\u00e1rios comunit\u00e1rios","author":"cltredesign_0jp0l4","date":"2 de fevereiro de 2025","format":false,"excerpt":"Desde a d\u00e9cada de 1960, o Community Land Trust foi desenvolvido como um suporte para moradias econ\u00f4micas nos Estados Unidos. No setor habitacional, o modelo CLT combina duas inova\u00e7\u00f5es b\u00e1sicas na governan\u00e7a da terra. A primeira inova\u00e7\u00e3o \u00e9 separar a propriedade de uma casa da propriedade do terreno em que\u2026","rel":"","context":"Post similar","block_context":{"text":"Post similar","link":""},"img":{"alt_text":"","src":"","width":0,"height":0},"classes":[]},{"id":4369,"url":"https:\/\/www.cltweb.org\/pt-br\/biblioteca-de-recursos\/entrevistas\/john-emmus-davis\/","url_meta":{"origin":8725,"position":5},"title":"John Emmus Davis (2011)","author":"cltredesign_0jp0l4","date":"22 de outubro de 2024","format":false,"excerpt":"Em 2011, John j\u00e1 estava promovendo o desenvolvimento de fundos fiduci\u00e1rios comunit\u00e1rios h\u00e1 30 anos como escritor, professor e prestador de assist\u00eancia t\u00e9cnica. A evolu\u00e7\u00e3o de seu envolvimento pessoal e profissional com o movimento CLT foi explorada nesta entrevista gravada por Steve Dubb, ent\u00e3o diretor de pesquisa da Democracy Collaborative\u2026","rel":"","context":"Em &quot;Entrevistas&quot;","block_context":{"text":"Entrevistas","link":"https:\/\/www.cltweb.org\/pt-br\/category\/entrevistas-pt-br\/"},"img":{"alt_text":"","src":"","width":0,"height":0},"classes":[]}],"_links":{"self":[{"href":"https:\/\/www.cltweb.org\/pt-br\/wp-json\/wp\/v2\/pages\/8725","targetHints":{"allow":["GET"]}}],"collection":[{"href":"https:\/\/www.cltweb.org\/pt-br\/wp-json\/wp\/v2\/pages"}],"about":[{"href":"https:\/\/www.cltweb.org\/pt-br\/wp-json\/wp\/v2\/types\/page"}],"author":[{"embeddable":true,"href":"https:\/\/www.cltweb.org\/pt-br\/wp-json\/wp\/v2\/users\/1"}],"replies":[{"embeddable":true,"href":"https:\/\/www.cltweb.org\/pt-br\/wp-json\/wp\/v2\/comments?post=8725"}],"version-history":[{"count":2,"href":"https:\/\/www.cltweb.org\/pt-br\/wp-json\/wp\/v2\/pages\/8725\/revisions"}],"predecessor-version":[{"id":8897,"href":"https:\/\/www.cltweb.org\/pt-br\/wp-json\/wp\/v2\/pages\/8725\/revisions\/8897"}],"up":[{"embeddable":true,"href":"https:\/\/www.cltweb.org\/pt-br\/wp-json\/wp\/v2\/pages\/1655"}],"wp:attachment":[{"href":"https:\/\/www.cltweb.org\/pt-br\/wp-json\/wp\/v2\/media?parent=8725"}],"wp:term":[{"taxonomy":"category","embeddable":true,"href":"https:\/\/www.cltweb.org\/pt-br\/wp-json\/wp\/v2\/categories?post=8725"},{"taxonomy":"post_tag","embeddable":true,"href":"https:\/\/www.cltweb.org\/pt-br\/wp-json\/wp\/v2\/tags?post=8725"}],"curies":[{"name":"wp","href":"https:\/\/api.w.org\/{rel}","templated":true}]}}