{"id":8734,"date":"2025-02-02T20:49:14","date_gmt":"2025-02-02T20:49:14","guid":{"rendered":"https:\/\/www.cltweb.org\/biblioteca-de-recursos\/agricultura\/o-papel-dos-fundos-fiduciarios\/fundos-fiduciarios-envolvidos-na-agricultura-urbana\/"},"modified":"2025-02-03T19:50:10","modified_gmt":"2025-02-03T19:50:10","slug":"fundos-fiduciarios-envolvidos-na-agricultura-urbana","status":"publish","type":"page","link":"https:\/\/www.cltweb.org\/pt-br\/biblioteca-de-recursos\/agricultura\/o-papel-dos-fundos-fiduciarios\/fundos-fiduciarios-envolvidos-na-agricultura-urbana\/","title":{"rendered":"Fundos fiduci\u00e1rios envolvidos na agricultura urbana"},"content":{"rendered":"\n<figure class=\"wp-block-table\"><table class=\"has-fixed-layout\"><tbody><tr><td><strong>CIDADE<\/strong><\/td><td><strong>CONFIAN\u00c7A NA TERRA<\/strong><\/td><td><strong>TIPO<\/strong><\/td><\/tr><tr><td>Athens, GA<\/td><td><a href=\"http:\/\/www.athenslandtrust.org\/\" target=\"_blank\" rel=\"noreferrer noopener\">Fundo de terras de Athens<\/a><\/td><td>  CLT<\/td><\/tr><tr><td>Baltimore, MD<\/td><td><a href=\"http:\/\/baltimoregreenspace.org\/\" target=\"_blank\" rel=\"noreferrer noopener\">Espa\u00e7o verde de Baltimore<\/a><\/td><td>Espa\u00e7o aberto<\/td><\/tr><tr><td>Boston, MA<\/td><td><a href=\"https:\/\/thetrustees.org\/places-to-go\/farms-community-gardens\/\" target=\"_blank\" rel=\"noreferrer noopener\">Os curadores de reservas<\/a><\/td><td>Espa\u00e7o aberto<\/td><\/tr><tr><td>Cidade de Nova York, NY<\/td><td><a href=\"http:\/\/www.bronxlandtrust.org\/\" target=\"_blank\" rel=\"noreferrer noopener\">Fundo de terras do Bronx<\/a><\/td><td>Espa\u00e7o aberto<\/td><\/tr><tr><td>Cidade de Nova York, NY<\/td><td><a href=\"http:\/\/www.bqlt.org\/\" target=\"_blank\" rel=\"noreferrer noopener\">Brooklyn Queens Land Trust<\/a><\/td><td>Espa\u00e7o aberto<\/td><\/tr><tr><td>Washington, DC<\/td><td>Fundo de Terras do Jardim Comunit\u00e1rio de Capitol Hill<\/td><td>Espa\u00e7o aberto<\/td><\/tr><tr><td>Boston, MA<\/td><td><a href=\"http:\/\/www.dudleyneighbors.org\/\" target=\"_blank\" rel=\"noreferrer noopener\">Dudley Neighbors, Inc.<\/a><\/td><td>CLT<\/td><\/tr><tr><td>Tacoma, WA<\/td><td><a href=\"https:\/\/www.facebook.com\/tacomaurbanlandtrust\" target=\"_blank\" rel=\"noreferrer noopener\">Fundo de terras urbanas de Tacoma<\/a><\/td><td>Espa\u00e7o aberto<\/td><\/tr><tr><td>Los Angeles, CA<\/td><td><a href=\"http:\/\/www.lanlt.org\/\" target=\"_blank\" rel=\"noreferrer noopener\">Los Angeles Neighborhood Land Trust<\/a><\/td><td>Espa\u00e7o aberto<\/td><\/tr><tr><td>Cidade de Nova York<\/td><td><a href=\"http:\/\/www.manhattanlandtrust.org\/\" target=\"_blank\" rel=\"noreferrer noopener\">Manhattan Land Trust<\/a><\/td><td>Espa\u00e7o aberto<\/td><\/tr><tr><td>Milwaukee, WI<\/td><td><a href=\"https:\/\/www.groundworkmke.org\/\" target=\"_blank\" rel=\"noreferrer noopener\">Groundwork Milwaukee<\/a><\/td><td>Espa\u00e7o aberto<\/td><\/tr><tr><td>Chicago, IL<\/td><td><a href=\"http:\/\/neighbor-space.org\/\" target=\"_blank\" rel=\"noreferrer noopener\">NeighborSpace<\/a><\/td><td>Espa\u00e7o aberto<\/td><\/tr><tr><td>New Haven, CT<\/td><td><a href=\"https:\/\/gathernewhaven.org\/\" target=\"_blank\" rel=\"noreferrer noopener\">Reunir New Haven<\/a><\/td><td>Espa\u00e7o aberto<\/td><\/tr><tr><td>Baltimore, MD e Seattle, WA<\/td><td><a href=\"http:\/\/www.seattle.gov\/neighborhoods\/p-patch-community-gardening\/about-the-p-patch-program\" target=\"_blank\" rel=\"noreferrer noopener\">P-Patch<\/a><\/td><td>Espa\u00e7o aberto<\/td><\/tr><tr><td>Filad\u00e9lfia, PA<\/td><td><a href=\"https:\/\/www.facebook.com\/ngtrust\/\" target=\"_blank\" rel=\"noreferrer noopener\">Neighborhood Gardens Trust<\/a><\/td><td>Espa\u00e7o aberto<\/td><\/tr><tr><td>Albuquerque, NM<\/td><td><a href=\"http:\/\/www.sawmillclt.org\/\" target=\"_blank\" rel=\"noreferrer noopener\">Sawmill Community Land Trust<\/a><\/td><td>CLT<\/td><\/tr><tr><td>Boston, MA<\/td><td><a href=\"https:\/\/en.wikipedia.org\/wiki\/South_End_Lower_Roxbury_Open_Space_Land_Trust\" target=\"_blank\" rel=\"noreferrer noopener\">South End Lower Roxbury Open Space Land Trust<\/a><\/td><td>Espa\u00e7o aberto<\/td><\/tr><tr><td>Providence, RI<\/td><td><a href=\"http:\/\/www.southsideclt.org\/\" target=\"_blank\" rel=\"noreferrer noopener\">Southside Community Land Trust<\/a><\/td><td>CLT<\/td><\/tr><tr><td>Madison, WI<\/td><td><a href=\"http:\/\/affordablehome.org\/\" target=\"_blank\" rel=\"noreferrer noopener\">Troy Gardens (Madison Area Community Land Trust)<\/a><\/td><td>CLT<\/td><\/tr><tr><td>Minneapolis<\/td><td><a href=\"https:\/\/tcalt.wordpress.com\/\" target=\"_blank\" rel=\"noreferrer noopener\">Fundo de terras agr\u00edcolas da comunidade de Twin Cities<\/a><\/td><td>Espa\u00e7o aberto<\/td><\/tr><tr><td>Portland, OR<\/td><td><a href=\"https:\/\/urbanfarmcollective.org\/\" target=\"_blank\" rel=\"noreferrer noopener\">Coletivo de fazendas urbanas<\/a><\/td><td>Espa\u00e7o aberto<\/td><\/tr><tr><td>Worcester, MA<\/td><td><a href=\"http:\/\/www.wcgcdc.org\/\" target=\"_blank\" rel=\"noreferrer noopener\">\u00c1rea comum de Worcester<\/a><\/td><td>Espa\u00e7o aberto<\/td><\/tr><\/tbody><\/table><\/figure>\n","protected":false},"excerpt":{"rendered":"<p>CIDADE CONFIAN\u00c7A NA TERRA TIPO Athens, GA Fundo de terras de Athens CLT Baltimore, MD Espa\u00e7o verde de Baltimore Espa\u00e7o aberto Boston, MA Os curadores de reservas Espa\u00e7o aberto Cidade [&hellip;]<\/p>\n","protected":false},"author":1,"featured_media":0,"parent":1655,"menu_order":3,"comment_status":"closed","ping_status":"closed","template":"","meta":{"give_campaign_id":0,"_tec_requires_first_save":true,"_kad_blocks_custom_css":"","_kad_blocks_head_custom_js":"","_kad_blocks_body_custom_js":"","_kad_blocks_footer_custom_js":"","_EventAllDay":false,"_EventTimezone":"","_EventStartDate":"","_EventEndDate":"","_EventStartDateUTC":"","_EventEndDateUTC":"","_EventShowMap":false,"_EventShowMapLink":false,"_EventURL":"","_EventCost":"","_EventCostDescription":"","_EventCurrencySymbol":"","_EventCurrencyCode":"","_EventCurrencyPosition":"","_EventDateTimeSeparator":"","_EventTimeRangeSeparator":"","_EventOrganizerID":[],"_EventVenueID":[],"_OrganizerEmail":"","_OrganizerPhone":"","_OrganizerWebsite":"","_VenueAddress":"","_VenueCity":"","_VenueCountry":"","_VenueProvince":"","_VenueState":"","_VenueZip":"","_VenuePhone":"","_VenueURL":"","_VenueStateProvince":"","_VenueLat":"","_VenueLng":"","_VenueShowMap":false,"_VenueShowMapLink":false,"_tribe_blocks_recurrence_rules":"","_tribe_blocks_recurrence_description":"","_tribe_blocks_recurrence_exclusions":"","footnotes":""},"categories":[],"tags":[],"class_list":["post-8734","page","type-page","status-publish","hentry"],"blocksy_meta":[],"yoast_head":"<!-- This site is optimized with the Yoast SEO Premium plugin v27.5 (Yoast SEO v27.5) - https:\/\/yoast.com\/product\/yoast-seo-premium-wordpress\/ -->\n<title>Fundos fiduci\u00e1rios envolvidos na agricultura urbana - International Center for Community Land Trusts<\/title>\n<meta name=\"robots\" content=\"index, follow, max-snippet:-1, max-image-preview:large, max-video-preview:-1\" \/>\n<link rel=\"canonical\" href=\"https:\/\/www.cltweb.org\/pt-br\/biblioteca-de-recursos\/agricultura\/o-papel-dos-fundos-fiduciarios\/fundos-fiduciarios-envolvidos-na-agricultura-urbana\/\" \/>\n<meta property=\"og:locale\" content=\"pt_BR\" \/>\n<meta property=\"og:type\" content=\"article\" \/>\n<meta property=\"og:title\" content=\"Fundos fiduci\u00e1rios envolvidos na agricultura urbana\" \/>\n<meta property=\"og:description\" content=\"CIDADE CONFIAN\u00c7A NA TERRA TIPO Athens, GA Fundo de terras de Athens CLT Baltimore, MD Espa\u00e7o verde de Baltimore Espa\u00e7o aberto Boston, MA Os curadores de reservas Espa\u00e7o aberto Cidade [&hellip;]\" \/>\n<meta property=\"og:url\" content=\"https:\/\/www.cltweb.org\/pt-br\/biblioteca-de-recursos\/agricultura\/o-papel-dos-fundos-fiduciarios\/fundos-fiduciarios-envolvidos-na-agricultura-urbana\/\" \/>\n<meta property=\"og:site_name\" content=\"International Center for Community Land Trusts\" \/>\n<meta property=\"article:publisher\" content=\"https:\/\/www.facebook.com\/cltcenter\" \/>\n<meta property=\"article:modified_time\" content=\"2025-02-03T19:50:10+00:00\" \/>\n<meta name=\"twitter:card\" content=\"summary_large_image\" \/>\n<meta name=\"twitter:site\" content=\"@Center4CLTs\" \/>\n<meta name=\"twitter:label1\" content=\"Est. tempo de leitura\" \/>\n\t<meta name=\"twitter:data1\" content=\"1 minuto\" \/>\n<script type=\"application\/ld+json\" class=\"yoast-schema-graph\">{\"@context\":\"https:\\\/\\\/schema.org\",\"@graph\":[{\"@type\":\"WebPage\",\"@id\":\"https:\\\/\\\/www.cltweb.org\\\/pt-br\\\/biblioteca-de-recursos\\\/agricultura\\\/o-papel-dos-fundos-fiduciarios\\\/fundos-fiduciarios-envolvidos-na-agricultura-urbana\\\/\",\"url\":\"https:\\\/\\\/www.cltweb.org\\\/pt-br\\\/biblioteca-de-recursos\\\/agricultura\\\/o-papel-dos-fundos-fiduciarios\\\/fundos-fiduciarios-envolvidos-na-agricultura-urbana\\\/\",\"name\":\"Fundos fiduci\u00e1rios envolvidos na agricultura urbana - International Center for Community Land Trusts\",\"isPartOf\":{\"@id\":\"https:\\\/\\\/www.cltweb.org\\\/pt-br\\\/#website\"},\"datePublished\":\"2025-02-02T20:49:14+00:00\",\"dateModified\":\"2025-02-03T19:50:10+00:00\",\"breadcrumb\":{\"@id\":\"https:\\\/\\\/www.cltweb.org\\\/pt-br\\\/biblioteca-de-recursos\\\/agricultura\\\/o-papel-dos-fundos-fiduciarios\\\/fundos-fiduciarios-envolvidos-na-agricultura-urbana\\\/#breadcrumb\"},\"inLanguage\":\"pt-BR\",\"potentialAction\":[{\"@type\":\"ReadAction\",\"target\":[\"https:\\\/\\\/www.cltweb.org\\\/pt-br\\\/biblioteca-de-recursos\\\/agricultura\\\/o-papel-dos-fundos-fiduciarios\\\/fundos-fiduciarios-envolvidos-na-agricultura-urbana\\\/\"]}]},{\"@type\":\"BreadcrumbList\",\"@id\":\"https:\\\/\\\/www.cltweb.org\\\/pt-br\\\/biblioteca-de-recursos\\\/agricultura\\\/o-papel-dos-fundos-fiduciarios\\\/fundos-fiduciarios-envolvidos-na-agricultura-urbana\\\/#breadcrumb\",\"itemListElement\":[{\"@type\":\"ListItem\",\"position\":1,\"name\":\"Home\",\"item\":\"https:\\\/\\\/www.cltweb.org\\\/pt-br\\\/\"},{\"@type\":\"ListItem\",\"position\":2,\"name\":\"Biblioteca de recursos\",\"item\":\"https:\\\/\\\/www.cltweb.org\\\/pt-br\\\/biblioteca-de-recursos\\\/\"},{\"@type\":\"ListItem\",\"position\":3,\"name\":\"Posse de terra para agricultura urbana\",\"item\":\"https:\\\/\\\/www.cltweb.org\\\/pt-br\\\/biblioteca-de-recursos\\\/agricultura\\\/\"},{\"@type\":\"ListItem\",\"position\":4,\"name\":\"O papel dos fundos fiduci\u00e1rios\",\"item\":\"https:\\\/\\\/www.cltweb.org\\\/pt-br\\\/biblioteca-de-recursos\\\/agricultura\\\/o-papel-dos-fundos-fiduciarios\\\/\"},{\"@type\":\"ListItem\",\"position\":5,\"name\":\"Fundos fiduci\u00e1rios envolvidos na agricultura urbana\"}]},{\"@type\":\"WebSite\",\"@id\":\"https:\\\/\\\/www.cltweb.org\\\/pt-br\\\/#website\",\"url\":\"https:\\\/\\\/www.cltweb.org\\\/pt-br\\\/\",\"name\":\"International Center for Community Land Trusts\",\"description\":\"\",\"publisher\":{\"@id\":\"https:\\\/\\\/www.cltweb.org\\\/pt-br\\\/#organization\"},\"potentialAction\":[{\"@type\":\"SearchAction\",\"target\":{\"@type\":\"EntryPoint\",\"urlTemplate\":\"https:\\\/\\\/www.cltweb.org\\\/pt-br\\\/?s={search_term_string}\"},\"query-input\":{\"@type\":\"PropertyValueSpecification\",\"valueRequired\":true,\"valueName\":\"search_term_string\"}}],\"inLanguage\":\"pt-BR\"},{\"@type\":\"Organization\",\"@id\":\"https:\\\/\\\/www.cltweb.org\\\/pt-br\\\/#organization\",\"name\":\"International Center for Community Land Trusts\",\"url\":\"https:\\\/\\\/www.cltweb.org\\\/pt-br\\\/\",\"logo\":{\"@type\":\"ImageObject\",\"inLanguage\":\"pt-BR\",\"@id\":\"https:\\\/\\\/www.cltweb.org\\\/pt-br\\\/#\\\/schema\\\/logo\\\/image\\\/\",\"url\":\"https:\\\/\\\/www.cltweb.org\\\/wp-content\\\/uploads\\\/2024\\\/11\\\/New-CLT-Center-Text-logo.png\",\"contentUrl\":\"https:\\\/\\\/www.cltweb.org\\\/wp-content\\\/uploads\\\/2024\\\/11\\\/New-CLT-Center-Text-logo.png\",\"width\":227,\"height\":80,\"caption\":\"International Center for Community Land Trusts\"},\"image\":{\"@id\":\"https:\\\/\\\/www.cltweb.org\\\/pt-br\\\/#\\\/schema\\\/logo\\\/image\\\/\"},\"sameAs\":[\"https:\\\/\\\/www.facebook.com\\\/cltcenter\",\"https:\\\/\\\/x.com\\\/Center4CLTs\",\"https:\\\/\\\/www.instagram.com\\\/cltcenter\\\/\",\"https:\\\/\\\/www.linkedin.com\\\/company\\\/cltcenter\",\"https:\\\/\\\/www.youtube.com\\\/@centerforcltinnovation5313\"],\"description\":\"The International Center for Community Land Trusts is a not-for-profit nongovernmental organization established in 2018 to promote and to support community land trusts and similar strategies of community-led development on community-owned land in countries throughout the world.\",\"email\":\"info@communitylandtrust.net\",\"legalName\":\"International Center for Community Land Trusts\",\"foundingDate\":\"2018-12-01\",\"taxID\":\"84-3858933\",\"numberOfEmployees\":{\"@type\":\"QuantitativeValue\",\"minValue\":\"1\",\"maxValue\":\"10\"}}]}<\/script>\n<!-- \/ Yoast SEO Premium plugin. -->","yoast_head_json":{"title":"Fundos fiduci\u00e1rios envolvidos na agricultura urbana - International Center for Community Land Trusts","robots":{"index":"index","follow":"follow","max-snippet":"max-snippet:-1","max-image-preview":"max-image-preview:large","max-video-preview":"max-video-preview:-1"},"canonical":"https:\/\/www.cltweb.org\/pt-br\/biblioteca-de-recursos\/agricultura\/o-papel-dos-fundos-fiduciarios\/fundos-fiduciarios-envolvidos-na-agricultura-urbana\/","og_locale":"pt_BR","og_type":"article","og_title":"Fundos fiduci\u00e1rios envolvidos na agricultura urbana","og_description":"CIDADE CONFIAN\u00c7A NA TERRA TIPO Athens, GA Fundo de terras de Athens CLT Baltimore, MD Espa\u00e7o verde de Baltimore Espa\u00e7o aberto Boston, MA Os curadores de reservas Espa\u00e7o aberto Cidade [&hellip;]","og_url":"https:\/\/www.cltweb.org\/pt-br\/biblioteca-de-recursos\/agricultura\/o-papel-dos-fundos-fiduciarios\/fundos-fiduciarios-envolvidos-na-agricultura-urbana\/","og_site_name":"International Center for Community Land Trusts","article_publisher":"https:\/\/www.facebook.com\/cltcenter","article_modified_time":"2025-02-03T19:50:10+00:00","twitter_card":"summary_large_image","twitter_site":"@Center4CLTs","twitter_misc":{"Est. tempo de leitura":"1 minuto"},"schema":{"@context":"https:\/\/schema.org","@graph":[{"@type":"WebPage","@id":"https:\/\/www.cltweb.org\/pt-br\/biblioteca-de-recursos\/agricultura\/o-papel-dos-fundos-fiduciarios\/fundos-fiduciarios-envolvidos-na-agricultura-urbana\/","url":"https:\/\/www.cltweb.org\/pt-br\/biblioteca-de-recursos\/agricultura\/o-papel-dos-fundos-fiduciarios\/fundos-fiduciarios-envolvidos-na-agricultura-urbana\/","name":"Fundos fiduci\u00e1rios envolvidos na agricultura urbana - International Center for Community Land Trusts","isPartOf":{"@id":"https:\/\/www.cltweb.org\/pt-br\/#website"},"datePublished":"2025-02-02T20:49:14+00:00","dateModified":"2025-02-03T19:50:10+00:00","breadcrumb":{"@id":"https:\/\/www.cltweb.org\/pt-br\/biblioteca-de-recursos\/agricultura\/o-papel-dos-fundos-fiduciarios\/fundos-fiduciarios-envolvidos-na-agricultura-urbana\/#breadcrumb"},"inLanguage":"pt-BR","potentialAction":[{"@type":"ReadAction","target":["https:\/\/www.cltweb.org\/pt-br\/biblioteca-de-recursos\/agricultura\/o-papel-dos-fundos-fiduciarios\/fundos-fiduciarios-envolvidos-na-agricultura-urbana\/"]}]},{"@type":"BreadcrumbList","@id":"https:\/\/www.cltweb.org\/pt-br\/biblioteca-de-recursos\/agricultura\/o-papel-dos-fundos-fiduciarios\/fundos-fiduciarios-envolvidos-na-agricultura-urbana\/#breadcrumb","itemListElement":[{"@type":"ListItem","position":1,"name":"Home","item":"https:\/\/www.cltweb.org\/pt-br\/"},{"@type":"ListItem","position":2,"name":"Biblioteca de recursos","item":"https:\/\/www.cltweb.org\/pt-br\/biblioteca-de-recursos\/"},{"@type":"ListItem","position":3,"name":"Posse de terra para agricultura urbana","item":"https:\/\/www.cltweb.org\/pt-br\/biblioteca-de-recursos\/agricultura\/"},{"@type":"ListItem","position":4,"name":"O papel dos fundos fiduci\u00e1rios","item":"https:\/\/www.cltweb.org\/pt-br\/biblioteca-de-recursos\/agricultura\/o-papel-dos-fundos-fiduciarios\/"},{"@type":"ListItem","position":5,"name":"Fundos fiduci\u00e1rios envolvidos na agricultura urbana"}]},{"@type":"WebSite","@id":"https:\/\/www.cltweb.org\/pt-br\/#website","url":"https:\/\/www.cltweb.org\/pt-br\/","name":"International Center for Community Land Trusts","description":"","publisher":{"@id":"https:\/\/www.cltweb.org\/pt-br\/#organization"},"potentialAction":[{"@type":"SearchAction","target":{"@type":"EntryPoint","urlTemplate":"https:\/\/www.cltweb.org\/pt-br\/?s={search_term_string}"},"query-input":{"@type":"PropertyValueSpecification","valueRequired":true,"valueName":"search_term_string"}}],"inLanguage":"pt-BR"},{"@type":"Organization","@id":"https:\/\/www.cltweb.org\/pt-br\/#organization","name":"International Center for Community Land Trusts","url":"https:\/\/www.cltweb.org\/pt-br\/","logo":{"@type":"ImageObject","inLanguage":"pt-BR","@id":"https:\/\/www.cltweb.org\/pt-br\/#\/schema\/logo\/image\/","url":"https:\/\/www.cltweb.org\/wp-content\/uploads\/2024\/11\/New-CLT-Center-Text-logo.png","contentUrl":"https:\/\/www.cltweb.org\/wp-content\/uploads\/2024\/11\/New-CLT-Center-Text-logo.png","width":227,"height":80,"caption":"International Center for Community Land Trusts"},"image":{"@id":"https:\/\/www.cltweb.org\/pt-br\/#\/schema\/logo\/image\/"},"sameAs":["https:\/\/www.facebook.com\/cltcenter","https:\/\/x.com\/Center4CLTs","https:\/\/www.instagram.com\/cltcenter\/","https:\/\/www.linkedin.com\/company\/cltcenter","https:\/\/www.youtube.com\/@centerforcltinnovation5313"],"description":"The International Center for Community Land Trusts is a not-for-profit nongovernmental organization established in 2018 to promote and to support community land trusts and similar strategies of community-led development on community-owned land in countries throughout the world.","email":"info@communitylandtrust.net","legalName":"International Center for Community Land Trusts","foundingDate":"2018-12-01","taxID":"84-3858933","numberOfEmployees":{"@type":"QuantitativeValue","minValue":"1","maxValue":"10"}}]}},"campaignId":"","taxonomy_info":[],"featured_image_src_large":false,"author_info":{"display_name":"cltredesign_0jp0l4","author_link":"https:\/\/www.cltweb.org\/pt-br\/author\/cltredesign_0jp0l4\/"},"comment_info":0,"jetpack_sharing_enabled":true,"jetpack-related-posts":[{"id":4356,"url":"https:\/\/www.cltweb.org\/pt-br\/biblioteca-de-recursos\/entrevistas\/pioneiros-de-novas-comunidades\/","url_meta":{"origin":8734,"position":0},"title":"Pioneiros de novas comunidades (1971)","author":"cltredesign_0jp0l4","date":"22 de outubro de 2024","format":false,"excerpt":"Ao longo dos anos, alguns l\u00edderes de alto n\u00edvel da New Communities Inc. (NCI) foram apresentados em publica\u00e7\u00f5es e filmes. As vozes de participantes menos conhecidos dessa hist\u00f3ria inspiradora raramente foram ouvidas. Uma exce\u00e7\u00e3o \u00e9 uma rara entrevista conduzida por Ed Feaver em 1971, um ano ap\u00f3s a New Communities\u2026","rel":"","context":"Em &quot;Entrevistas&quot;","block_context":{"text":"Entrevistas","link":"https:\/\/www.cltweb.org\/pt-br\/category\/entrevistas-pt-br\/"},"img":{"alt_text":"","src":"","width":0,"height":0},"classes":[]},{"id":8725,"url":"https:\/\/www.cltweb.org\/pt-br\/biblioteca-de-recursos\/agricultura\/o-papel-dos-fundos-fiduciarios\/fundos-fiduciarios-de-espaco-aberto\/","url_meta":{"origin":8734,"position":1},"title":"Fundos fiduci\u00e1rios de espa\u00e7o aberto","author":"cltredesign_0jp0l4","date":"2 de fevereiro de 2025","format":false,"excerpt":"NeighborSpace O NeighborSpace \u00e9 um fundo de terras que det\u00e9m terras para hortas comunit\u00e1rias e, cada vez mais, fazendas urbanas em Chicago. Foi fundado em 1996 em resposta a uma recomenda\u00e7\u00e3o de um relat\u00f3rio de planejamento da cidade que constatou que Chicago estava em 18\u00ba lugar entre 20 grandes cidades\u2026","rel":"","context":"Em &quot;Agricultura&quot;","block_context":{"text":"Agricultura","link":"https:\/\/www.cltweb.org\/pt-br\/category\/agricultura\/"},"img":{"alt_text":"","src":"","width":0,"height":0},"classes":[]},{"id":1765,"url":"https:\/\/www.cltweb.org\/pt-br\/biblioteca-de-recursos\/linha-do-tempo-do-movimento-clt\/","url_meta":{"origin":8734,"position":2},"title":"Linha do tempo do movimento CLT","author":"cltredesign_0jp0l4","date":"26 de julho de 2024","format":false,"excerpt":"O International Center for Community Land Trusts construiu uma linha do tempo que tra\u00e7a o pedigree intelectual e pol\u00edtico do movimento internacional de community land trust. O CLT moderno \u00e9 derivado da New Communities Inc., um prot\u00f3tipo pioneiro na d\u00e9cada de 1970 por ativistas dos direitos civis afro-americanos nos Estados\u2026","rel":"","context":"Em &quot;Hist\u00f3ria do movimento&quot;","block_context":{"text":"Hist\u00f3ria do movimento","link":"https:\/\/www.cltweb.org\/pt-br\/category\/historia-do-movimento\/"},"img":{"alt_text":"","src":"","width":0,"height":0},"classes":[]},{"id":873,"url":"https:\/\/www.cltweb.org\/pt-br\/biblioteca-de-recursos\/o-que-e-um-clt\/","url_meta":{"origin":8734,"position":3},"title":"O que \u00e9 um Community Land Trust?","author":"cltredesign_0jp0l4","date":"26 de julho de 2024","format":false,"excerpt":"Um community land trust(CLT) \u00e9 uma corpora\u00e7\u00e3o sem fins lucrativos que det\u00e9m terras em nome de uma comunidade local, ao mesmo tempo em que atua como administrador de longo prazo de moradias acess\u00edveis, jardins comunit\u00e1rios, edif\u00edcios c\u00edvicos, espa\u00e7os comerciais e outros ativos comunit\u00e1rios em nome de uma comunidade. Os fundos\u2026","rel":"","context":"Em &quot;Biblioteca de recursos&quot;","block_context":{"text":"Biblioteca de recursos","link":"https:\/\/www.cltweb.org\/pt-br\/category\/biblioteca-de-recursos\/"},"img":{"alt_text":"","src":"","width":0,"height":0},"classes":[]},{"id":4520,"url":"https:\/\/www.cltweb.org\/pt-br\/biblioteca-de-recursos\/entrevistas\/liz-alden-wily-2020\/","url_meta":{"origin":8734,"position":4},"title":"Liz Alden Wily (2020)","author":"cltredesign_0jp0l4","date":"22 de outubro de 2024","format":false,"excerpt":"Liz Alden Wily, PhD (Ci\u00eancia Pol\u00edtica), \u00e9 especialista em posse de terra e trabalha como pesquisadora, consultora t\u00e9cnica e profissional em posse de terra comunit\u00e1ria. Ela j\u00e1 trabalhou com essa quest\u00e3o em aproximadamente vinte pa\u00edses. Ela contribuiu com um cap\u00edtulo do livro On Common Ground intitulado \"Challenges for the New\u2026","rel":"","context":"Em &quot;Entrevistas&quot;","block_context":{"text":"Entrevistas","link":"https:\/\/www.cltweb.org\/pt-br\/category\/entrevistas-pt-br\/"},"img":{"alt_text":"","src":"","width":0,"height":0},"classes":[]},{"id":9980,"url":"https:\/\/www.cltweb.org\/pt-br\/terra-nostra-press\/catalogo\/nossa-terra-nossa-luta\/","url_meta":{"origin":8734,"position":5},"title":"Nossa Terra Nossa Sobreviv\u00eancia","author":"cltredesign_0jp0l4","date":"20 de outubro de 2025","format":false,"excerpt":"NOVA PUBLICA\u00c7\u00c3O (21 de outubro de 2025)Our Land, Our Survival Por Line Algoed PAPERBACK ISBN: 9798986177649 ($14.99 US) EBOOK ISBN: 9798986177656 ($9.99 US) 222 p\u00e1ginas Em Our Land, Our Survival (Nossa Terra, Nossa Sobreviv\u00eancia), a autora Line Algoed explora o papel vital da terra comunit\u00e1ria na prote\u00e7\u00e3o das comunidades e\u2026","rel":"","context":"Em &quot;Cat\u00e1logo&quot;","block_context":{"text":"Cat\u00e1logo","link":"https:\/\/www.cltweb.org\/pt-br\/category\/catalogo\/"},"img":{"alt_text":"Capa de Our Land Our Struggle (Nossa terra, nossa luta)","src":"https:\/\/i0.wp.com\/www.cltweb.org\/wp-content\/uploads\/2025\/10\/Cover-for-Our-Land-Our-Struggle-final.jpg?resize=350%2C200&ssl=1","width":350,"height":200,"srcset":"https:\/\/i0.wp.com\/www.cltweb.org\/wp-content\/uploads\/2025\/10\/Cover-for-Our-Land-Our-Struggle-final.jpg?resize=350%2C200&ssl=1 1x, https:\/\/i0.wp.com\/www.cltweb.org\/wp-content\/uploads\/2025\/10\/Cover-for-Our-Land-Our-Struggle-final.jpg?resize=525%2C300&ssl=1 1.5x, https:\/\/i0.wp.com\/www.cltweb.org\/wp-content\/uploads\/2025\/10\/Cover-for-Our-Land-Our-Struggle-final.jpg?resize=700%2C400&ssl=1 2x, https:\/\/i0.wp.com\/www.cltweb.org\/wp-content\/uploads\/2025\/10\/Cover-for-Our-Land-Our-Struggle-final.jpg?resize=1050%2C600&ssl=1 3x, https:\/\/i0.wp.com\/www.cltweb.org\/wp-content\/uploads\/2025\/10\/Cover-for-Our-Land-Our-Struggle-final.jpg?resize=1400%2C800&ssl=1 4x"},"classes":[]}],"_links":{"self":[{"href":"https:\/\/www.cltweb.org\/pt-br\/wp-json\/wp\/v2\/pages\/8734","targetHints":{"allow":["GET"]}}],"collection":[{"href":"https:\/\/www.cltweb.org\/pt-br\/wp-json\/wp\/v2\/pages"}],"about":[{"href":"https:\/\/www.cltweb.org\/pt-br\/wp-json\/wp\/v2\/types\/page"}],"author":[{"embeddable":true,"href":"https:\/\/www.cltweb.org\/pt-br\/wp-json\/wp\/v2\/users\/1"}],"replies":[{"embeddable":true,"href":"https:\/\/www.cltweb.org\/pt-br\/wp-json\/wp\/v2\/comments?post=8734"}],"version-history":[{"count":2,"href":"https:\/\/www.cltweb.org\/pt-br\/wp-json\/wp\/v2\/pages\/8734\/revisions"}],"predecessor-version":[{"id":8921,"href":"https:\/\/www.cltweb.org\/pt-br\/wp-json\/wp\/v2\/pages\/8734\/revisions\/8921"}],"up":[{"embeddable":true,"href":"https:\/\/www.cltweb.org\/pt-br\/wp-json\/wp\/v2\/pages\/1655"}],"wp:attachment":[{"href":"https:\/\/www.cltweb.org\/pt-br\/wp-json\/wp\/v2\/media?parent=8734"}],"wp:term":[{"taxonomy":"category","embeddable":true,"href":"https:\/\/www.cltweb.org\/pt-br\/wp-json\/wp\/v2\/categories?post=8734"},{"taxonomy":"post_tag","embeddable":true,"href":"https:\/\/www.cltweb.org\/pt-br\/wp-json\/wp\/v2\/tags?post=8734"}],"curies":[{"name":"wp","href":"https:\/\/api.w.org\/{rel}","templated":true}]}}