{"id":8793,"date":"2025-02-02T21:14:08","date_gmt":"2025-02-02T21:14:08","guid":{"rendered":"https:\/\/www.cltweb.org\/biblioteca-de-recursos\/agricultura\/recursos-adicionais\/ferramentas\/"},"modified":"2025-02-03T20:29:30","modified_gmt":"2025-02-03T20:29:30","slug":"ferramentas","status":"publish","type":"page","link":"https:\/\/www.cltweb.org\/pt-br\/biblioteca-de-recursos\/agricultura\/recursos-adicionais\/ferramentas\/","title":{"rendered":"Ferramentas"},"content":{"rendered":"","protected":false},"excerpt":{"rendered":"","protected":false},"author":1,"featured_media":0,"parent":1645,"menu_order":5,"comment_status":"closed","ping_status":"closed","template":"","meta":{"give_campaign_id":0,"_tec_requires_first_save":true,"_kad_blocks_custom_css":"","_kad_blocks_head_custom_js":"","_kad_blocks_body_custom_js":"","_kad_blocks_footer_custom_js":"","_EventAllDay":false,"_EventTimezone":"","_EventStartDate":"","_EventEndDate":"","_EventStartDateUTC":"","_EventEndDateUTC":"","_EventShowMap":false,"_EventShowMapLink":false,"_EventURL":"","_EventCost":"","_EventCostDescription":"","_EventCurrencySymbol":"","_EventCurrencyCode":"","_EventCurrencyPosition":"","_EventDateTimeSeparator":"","_EventTimeRangeSeparator":"","_EventOrganizerID":[],"_EventVenueID":[],"_OrganizerEmail":"","_OrganizerPhone":"","_OrganizerWebsite":"","_VenueAddress":"","_VenueCity":"","_VenueCountry":"","_VenueProvince":"","_VenueState":"","_VenueZip":"","_VenuePhone":"","_VenueURL":"","_VenueStateProvince":"","_VenueLat":"","_VenueLng":"","_VenueShowMap":false,"_VenueShowMapLink":false,"_tribe_blocks_recurrence_rules":"","_tribe_blocks_recurrence_description":"","_tribe_blocks_recurrence_exclusions":"","footnotes":""},"categories":[122],"tags":[],"class_list":["post-8793","page","type-page","status-publish","hentry","category-agricultura"],"blocksy_meta":[],"yoast_head":"<!-- This site is optimized with the Yoast SEO Premium plugin v27.5 (Yoast SEO v27.5) - https:\/\/yoast.com\/product\/yoast-seo-premium-wordpress\/ -->\n<title>Ferramentas - International Center for Community Land Trusts<\/title>\n<meta name=\"robots\" content=\"index, follow, max-snippet:-1, max-image-preview:large, max-video-preview:-1\" \/>\n<link rel=\"canonical\" href=\"https:\/\/www.cltweb.org\/pt-br\/biblioteca-de-recursos\/agricultura\/recursos-adicionais\/ferramentas\/\" \/>\n<meta property=\"og:locale\" content=\"pt_BR\" \/>\n<meta property=\"og:type\" content=\"article\" \/>\n<meta property=\"og:title\" content=\"Ferramentas\" \/>\n<meta property=\"og:url\" content=\"https:\/\/www.cltweb.org\/pt-br\/biblioteca-de-recursos\/agricultura\/recursos-adicionais\/ferramentas\/\" \/>\n<meta property=\"og:site_name\" content=\"International Center for Community Land Trusts\" \/>\n<meta property=\"article:publisher\" content=\"https:\/\/www.facebook.com\/cltcenter\" \/>\n<meta property=\"article:modified_time\" content=\"2025-02-03T20:29:30+00:00\" \/>\n<meta name=\"twitter:card\" content=\"summary_large_image\" \/>\n<meta name=\"twitter:site\" content=\"@Center4CLTs\" \/>\n<script type=\"application\/ld+json\" class=\"yoast-schema-graph\">{\"@context\":\"https:\\\/\\\/schema.org\",\"@graph\":[{\"@type\":\"WebPage\",\"@id\":\"https:\\\/\\\/www.cltweb.org\\\/pt-br\\\/biblioteca-de-recursos\\\/agricultura\\\/recursos-adicionais\\\/ferramentas\\\/\",\"url\":\"https:\\\/\\\/www.cltweb.org\\\/pt-br\\\/biblioteca-de-recursos\\\/agricultura\\\/recursos-adicionais\\\/ferramentas\\\/\",\"name\":\"Ferramentas - International Center for Community Land Trusts\",\"isPartOf\":{\"@id\":\"https:\\\/\\\/www.cltweb.org\\\/pt-br\\\/#website\"},\"datePublished\":\"2025-02-02T21:14:08+00:00\",\"dateModified\":\"2025-02-03T20:29:30+00:00\",\"breadcrumb\":{\"@id\":\"https:\\\/\\\/www.cltweb.org\\\/pt-br\\\/biblioteca-de-recursos\\\/agricultura\\\/recursos-adicionais\\\/ferramentas\\\/#breadcrumb\"},\"inLanguage\":\"pt-BR\",\"potentialAction\":[{\"@type\":\"ReadAction\",\"target\":[\"https:\\\/\\\/www.cltweb.org\\\/pt-br\\\/biblioteca-de-recursos\\\/agricultura\\\/recursos-adicionais\\\/ferramentas\\\/\"]}]},{\"@type\":\"BreadcrumbList\",\"@id\":\"https:\\\/\\\/www.cltweb.org\\\/pt-br\\\/biblioteca-de-recursos\\\/agricultura\\\/recursos-adicionais\\\/ferramentas\\\/#breadcrumb\",\"itemListElement\":[{\"@type\":\"ListItem\",\"position\":1,\"name\":\"Home\",\"item\":\"https:\\\/\\\/www.cltweb.org\\\/pt-br\\\/\"},{\"@type\":\"ListItem\",\"position\":2,\"name\":\"Biblioteca de recursos\",\"item\":\"https:\\\/\\\/www.cltweb.org\\\/pt-br\\\/biblioteca-de-recursos\\\/\"},{\"@type\":\"ListItem\",\"position\":3,\"name\":\"Posse de terra para agricultura urbana\",\"item\":\"https:\\\/\\\/www.cltweb.org\\\/pt-br\\\/biblioteca-de-recursos\\\/agricultura\\\/\"},{\"@type\":\"ListItem\",\"position\":4,\"name\":\"Recursos adicionais\",\"item\":\"https:\\\/\\\/www.cltweb.org\\\/pt-br\\\/biblioteca-de-recursos\\\/agricultura\\\/recursos-adicionais\\\/\"},{\"@type\":\"ListItem\",\"position\":5,\"name\":\"Ferramentas\"}]},{\"@type\":\"WebSite\",\"@id\":\"https:\\\/\\\/www.cltweb.org\\\/pt-br\\\/#website\",\"url\":\"https:\\\/\\\/www.cltweb.org\\\/pt-br\\\/\",\"name\":\"International Center for Community Land Trusts\",\"description\":\"\",\"publisher\":{\"@id\":\"https:\\\/\\\/www.cltweb.org\\\/pt-br\\\/#organization\"},\"potentialAction\":[{\"@type\":\"SearchAction\",\"target\":{\"@type\":\"EntryPoint\",\"urlTemplate\":\"https:\\\/\\\/www.cltweb.org\\\/pt-br\\\/?s={search_term_string}\"},\"query-input\":{\"@type\":\"PropertyValueSpecification\",\"valueRequired\":true,\"valueName\":\"search_term_string\"}}],\"inLanguage\":\"pt-BR\"},{\"@type\":\"Organization\",\"@id\":\"https:\\\/\\\/www.cltweb.org\\\/pt-br\\\/#organization\",\"name\":\"International Center for Community Land Trusts\",\"url\":\"https:\\\/\\\/www.cltweb.org\\\/pt-br\\\/\",\"logo\":{\"@type\":\"ImageObject\",\"inLanguage\":\"pt-BR\",\"@id\":\"https:\\\/\\\/www.cltweb.org\\\/pt-br\\\/#\\\/schema\\\/logo\\\/image\\\/\",\"url\":\"https:\\\/\\\/www.cltweb.org\\\/wp-content\\\/uploads\\\/2024\\\/11\\\/New-CLT-Center-Text-logo.png\",\"contentUrl\":\"https:\\\/\\\/www.cltweb.org\\\/wp-content\\\/uploads\\\/2024\\\/11\\\/New-CLT-Center-Text-logo.png\",\"width\":227,\"height\":80,\"caption\":\"International Center for Community Land Trusts\"},\"image\":{\"@id\":\"https:\\\/\\\/www.cltweb.org\\\/pt-br\\\/#\\\/schema\\\/logo\\\/image\\\/\"},\"sameAs\":[\"https:\\\/\\\/www.facebook.com\\\/cltcenter\",\"https:\\\/\\\/x.com\\\/Center4CLTs\",\"https:\\\/\\\/www.instagram.com\\\/cltcenter\\\/\",\"https:\\\/\\\/www.linkedin.com\\\/company\\\/cltcenter\",\"https:\\\/\\\/www.youtube.com\\\/@centerforcltinnovation5313\"],\"description\":\"The International Center for Community Land Trusts is a not-for-profit nongovernmental organization established in 2018 to promote and to support community land trusts and similar strategies of community-led development on community-owned land in countries throughout the world.\",\"email\":\"info@communitylandtrust.net\",\"legalName\":\"International Center for Community Land Trusts\",\"foundingDate\":\"2018-12-01\",\"taxID\":\"84-3858933\",\"numberOfEmployees\":{\"@type\":\"QuantitativeValue\",\"minValue\":\"1\",\"maxValue\":\"10\"}}]}<\/script>\n<!-- \/ Yoast SEO Premium plugin. -->","yoast_head_json":{"title":"Ferramentas - International Center for Community Land Trusts","robots":{"index":"index","follow":"follow","max-snippet":"max-snippet:-1","max-image-preview":"max-image-preview:large","max-video-preview":"max-video-preview:-1"},"canonical":"https:\/\/www.cltweb.org\/pt-br\/biblioteca-de-recursos\/agricultura\/recursos-adicionais\/ferramentas\/","og_locale":"pt_BR","og_type":"article","og_title":"Ferramentas","og_url":"https:\/\/www.cltweb.org\/pt-br\/biblioteca-de-recursos\/agricultura\/recursos-adicionais\/ferramentas\/","og_site_name":"International Center for Community Land Trusts","article_publisher":"https:\/\/www.facebook.com\/cltcenter","article_modified_time":"2025-02-03T20:29:30+00:00","twitter_card":"summary_large_image","twitter_site":"@Center4CLTs","schema":{"@context":"https:\/\/schema.org","@graph":[{"@type":"WebPage","@id":"https:\/\/www.cltweb.org\/pt-br\/biblioteca-de-recursos\/agricultura\/recursos-adicionais\/ferramentas\/","url":"https:\/\/www.cltweb.org\/pt-br\/biblioteca-de-recursos\/agricultura\/recursos-adicionais\/ferramentas\/","name":"Ferramentas - International Center for Community Land Trusts","isPartOf":{"@id":"https:\/\/www.cltweb.org\/pt-br\/#website"},"datePublished":"2025-02-02T21:14:08+00:00","dateModified":"2025-02-03T20:29:30+00:00","breadcrumb":{"@id":"https:\/\/www.cltweb.org\/pt-br\/biblioteca-de-recursos\/agricultura\/recursos-adicionais\/ferramentas\/#breadcrumb"},"inLanguage":"pt-BR","potentialAction":[{"@type":"ReadAction","target":["https:\/\/www.cltweb.org\/pt-br\/biblioteca-de-recursos\/agricultura\/recursos-adicionais\/ferramentas\/"]}]},{"@type":"BreadcrumbList","@id":"https:\/\/www.cltweb.org\/pt-br\/biblioteca-de-recursos\/agricultura\/recursos-adicionais\/ferramentas\/#breadcrumb","itemListElement":[{"@type":"ListItem","position":1,"name":"Home","item":"https:\/\/www.cltweb.org\/pt-br\/"},{"@type":"ListItem","position":2,"name":"Biblioteca de recursos","item":"https:\/\/www.cltweb.org\/pt-br\/biblioteca-de-recursos\/"},{"@type":"ListItem","position":3,"name":"Posse de terra para agricultura urbana","item":"https:\/\/www.cltweb.org\/pt-br\/biblioteca-de-recursos\/agricultura\/"},{"@type":"ListItem","position":4,"name":"Recursos adicionais","item":"https:\/\/www.cltweb.org\/pt-br\/biblioteca-de-recursos\/agricultura\/recursos-adicionais\/"},{"@type":"ListItem","position":5,"name":"Ferramentas"}]},{"@type":"WebSite","@id":"https:\/\/www.cltweb.org\/pt-br\/#website","url":"https:\/\/www.cltweb.org\/pt-br\/","name":"International Center for Community Land Trusts","description":"","publisher":{"@id":"https:\/\/www.cltweb.org\/pt-br\/#organization"},"potentialAction":[{"@type":"SearchAction","target":{"@type":"EntryPoint","urlTemplate":"https:\/\/www.cltweb.org\/pt-br\/?s={search_term_string}"},"query-input":{"@type":"PropertyValueSpecification","valueRequired":true,"valueName":"search_term_string"}}],"inLanguage":"pt-BR"},{"@type":"Organization","@id":"https:\/\/www.cltweb.org\/pt-br\/#organization","name":"International Center for Community Land Trusts","url":"https:\/\/www.cltweb.org\/pt-br\/","logo":{"@type":"ImageObject","inLanguage":"pt-BR","@id":"https:\/\/www.cltweb.org\/pt-br\/#\/schema\/logo\/image\/","url":"https:\/\/www.cltweb.org\/wp-content\/uploads\/2024\/11\/New-CLT-Center-Text-logo.png","contentUrl":"https:\/\/www.cltweb.org\/wp-content\/uploads\/2024\/11\/New-CLT-Center-Text-logo.png","width":227,"height":80,"caption":"International Center for Community Land Trusts"},"image":{"@id":"https:\/\/www.cltweb.org\/pt-br\/#\/schema\/logo\/image\/"},"sameAs":["https:\/\/www.facebook.com\/cltcenter","https:\/\/x.com\/Center4CLTs","https:\/\/www.instagram.com\/cltcenter\/","https:\/\/www.linkedin.com\/company\/cltcenter","https:\/\/www.youtube.com\/@centerforcltinnovation5313"],"description":"The International Center for Community Land Trusts is a not-for-profit nongovernmental organization established in 2018 to promote and to support community land trusts and similar strategies of community-led development on community-owned land in countries throughout the world.","email":"info@communitylandtrust.net","legalName":"International Center for Community Land Trusts","foundingDate":"2018-12-01","taxID":"84-3858933","numberOfEmployees":{"@type":"QuantitativeValue","minValue":"1","maxValue":"10"}}]}},"campaignId":"","taxonomy_info":{"category":[{"value":122,"label":"Agricultura"}]},"featured_image_src_large":false,"author_info":{"display_name":"cltredesign_0jp0l4","author_link":"https:\/\/www.cltweb.org\/pt-br\/author\/cltredesign_0jp0l4\/"},"comment_info":0,"jetpack_sharing_enabled":true,"jetpack-related-posts":[{"id":1645,"url":"https:\/\/www.cltweb.org\/pt-br\/biblioteca-de-recursos\/agricultura\/recursos-adicionais\/","url_meta":{"origin":8793,"position":0},"title":"Recursos adicionais","author":"cltredesign_0jp0l4","date":"29 de julho de 2024","format":false,"excerpt":"Esta se\u00e7\u00e3o fornece uma variedade de ferramentas que ser\u00e3o \u00fateis na implementa\u00e7\u00e3o de abordagens baseadas em CLT para a agricultura urbana, bem como para qualquer pessoa interessada em garantir a posse da terra a longo prazo para a agricultura urbana. Fornecemos nove estudos de caso de CLTs envolvidos em projetos\u2026","rel":"","context":"Em &quot;Agricultura&quot;","block_context":{"text":"Agricultura","link":"https:\/\/www.cltweb.org\/pt-br\/category\/agricultura\/"},"img":{"alt_text":"","src":"","width":0,"height":0},"classes":[]},{"id":9001,"url":"https:\/\/www.cltweb.org\/pt-br\/biblioteca-de-recursos\/agricultura\/recursos-adicionais\/como-os-clts-asseguram-e-protegem-a-terra\/servidoes\/","url_meta":{"origin":8793,"position":1},"title":"Servid\u00f5es","author":"cltredesign_0jp0l4","date":"3 de fevereiro de 2025","format":false,"excerpt":"As servid\u00f5es de conserva\u00e7\u00e3o s\u00e3o restri\u00e7\u00f5es volunt\u00e1rias que limitam permanentemente os tipos de usos permitidos na terra. Elas s\u00e3o mantidas por entidades externas ao titular. Esses acordos s\u00e3o frequentemente usados como uma ferramenta de planejamento tribut\u00e1rio. Um propriet\u00e1rio de terras concede uma servid\u00e3o a uma entidade p\u00fablica ou privada sem\u2026","rel":"","context":"Em &quot;Agricultura&quot;","block_context":{"text":"Agricultura","link":"https:\/\/www.cltweb.org\/pt-br\/category\/agricultura\/"},"img":{"alt_text":"","src":"","width":0,"height":0},"classes":[]},{"id":8993,"url":"https:\/\/www.cltweb.org\/pt-br\/biblioteca-de-recursos\/agricultura\/recursos-adicionais\/como-os-clts-asseguram-e-protegem-a-terra\/restricoes-de-escritura\/","url_meta":{"origin":8793,"position":2},"title":"Restri\u00e7\u00f5es de escritura","author":"cltredesign_0jp0l4","date":"3 de fevereiro de 2025","format":false,"excerpt":"As restri\u00e7\u00f5es de escritura (tamb\u00e9m conhecidas como \"conv\u00eanios de escritura\" ou \"conv\u00eanios restritivos\") s\u00e3o uma ferramenta comum para impor limita\u00e7\u00f5es ao uso da terra e s\u00e3o frequentemente exigidas pelos financiadores.7 Os financiadores s\u00e3o motivados a monitorar essas restri\u00e7\u00f5es para proteger seus investimentos, e os benefici\u00e1rios de financiamento s\u00e3o motivados a\u2026","rel":"","context":"Em &quot;Agricultura&quot;","block_context":{"text":"Agricultura","link":"https:\/\/www.cltweb.org\/pt-br\/category\/agricultura\/"},"img":{"alt_text":"","src":"","width":0,"height":0},"classes":[]},{"id":8730,"url":"https:\/\/www.cltweb.org\/pt-br\/biblioteca-de-recursos\/agricultura\/o-papel-dos-fundos-fiduciarios\/fundos-fiduciarios-comunitarios\/","url_meta":{"origin":8793,"position":3},"title":"Fundos fiduci\u00e1rios comunit\u00e1rios","author":"cltredesign_0jp0l4","date":"2 de fevereiro de 2025","format":false,"excerpt":"Desde a d\u00e9cada de 1960, o Community Land Trust foi desenvolvido como um suporte para moradias econ\u00f4micas nos Estados Unidos. No setor habitacional, o modelo CLT combina duas inova\u00e7\u00f5es b\u00e1sicas na governan\u00e7a da terra. A primeira inova\u00e7\u00e3o \u00e9 separar a propriedade de uma casa da propriedade do terreno em que\u2026","rel":"","context":"Post similar","block_context":{"text":"Post similar","link":""},"img":{"alt_text":"","src":"","width":0,"height":0},"classes":[]},{"id":1651,"url":"https:\/\/www.cltweb.org\/es\/biblioteca-de-recursos\/agricultura\/recursos-adicionales\/","url_meta":{"origin":8793,"position":4},"title":"Recursos adicionales","author":"cltredesign_0jp0l4","date":"29 de julho de 2024","format":false,"excerpt":"Esta secci\u00f3n proporciona una serie de herramientas que ser\u00e1n \u00fatiles para poner en pr\u00e1ctica enfoques de agricultura urbana basados en CLT, as\u00ed como para cualquier persona interesada en garantizar la tenencia de la tierra a largo plazo para la agricultura urbana. Hemos presentado nueve estudios de casos de CLT implicados\u2026","rel":"","context":"Em &quot;Agricultura&quot;","block_context":{"text":"Agricultura","link":"https:\/\/www.cltweb.org\/es\/category\/agricultura-es\/"},"img":{"alt_text":"","src":"","width":0,"height":0},"classes":[]},{"id":8792,"url":"https:\/\/www.cltweb.org\/es\/biblioteca-de-recursos\/agricultura\/recursos-adicionales\/herramientas\/","url_meta":{"origin":8793,"position":5},"title":"Herramientas","author":"cltredesign_0jp0l4","date":"2 de fevereiro de 2025","format":false,"excerpt":"","rel":"","context":"Em &quot;Agricultura&quot;","block_context":{"text":"Agricultura","link":"https:\/\/www.cltweb.org\/es\/category\/agricultura-es\/"},"img":{"alt_text":"","src":"","width":0,"height":0},"classes":[]}],"_links":{"self":[{"href":"https:\/\/www.cltweb.org\/pt-br\/wp-json\/wp\/v2\/pages\/8793","targetHints":{"allow":["GET"]}}],"collection":[{"href":"https:\/\/www.cltweb.org\/pt-br\/wp-json\/wp\/v2\/pages"}],"about":[{"href":"https:\/\/www.cltweb.org\/pt-br\/wp-json\/wp\/v2\/types\/page"}],"author":[{"embeddable":true,"href":"https:\/\/www.cltweb.org\/pt-br\/wp-json\/wp\/v2\/users\/1"}],"replies":[{"embeddable":true,"href":"https:\/\/www.cltweb.org\/pt-br\/wp-json\/wp\/v2\/comments?post=8793"}],"version-history":[{"count":1,"href":"https:\/\/www.cltweb.org\/pt-br\/wp-json\/wp\/v2\/pages\/8793\/revisions"}],"predecessor-version":[{"id":9025,"href":"https:\/\/www.cltweb.org\/pt-br\/wp-json\/wp\/v2\/pages\/8793\/revisions\/9025"}],"up":[{"embeddable":true,"href":"https:\/\/www.cltweb.org\/pt-br\/wp-json\/wp\/v2\/pages\/1645"}],"wp:attachment":[{"href":"https:\/\/www.cltweb.org\/pt-br\/wp-json\/wp\/v2\/media?parent=8793"}],"wp:term":[{"taxonomy":"category","embeddable":true,"href":"https:\/\/www.cltweb.org\/pt-br\/wp-json\/wp\/v2\/categories?post=8793"},{"taxonomy":"post_tag","embeddable":true,"href":"https:\/\/www.cltweb.org\/pt-br\/wp-json\/wp\/v2\/tags?post=8793"}],"curies":[{"name":"wp","href":"https:\/\/api.w.org\/{rel}","templated":true}]}}