{"id":8993,"date":"2025-02-03T20:04:49","date_gmt":"2025-02-03T20:04:49","guid":{"rendered":"https:\/\/www.cltweb.org\/biblioteca-de-recursos\/agricultura\/recursos-adicionais\/como-os-clts-asseguram-e-protegem-a-terra\/restricoes-de-escritura\/"},"modified":"2025-02-03T20:06:04","modified_gmt":"2025-02-03T20:06:04","slug":"restricoes-de-escritura","status":"publish","type":"page","link":"https:\/\/www.cltweb.org\/pt-br\/biblioteca-de-recursos\/agricultura\/recursos-adicionais\/como-os-clts-asseguram-e-protegem-a-terra\/restricoes-de-escritura\/","title":{"rendered":"Restri\u00e7\u00f5es de escritura"},"content":{"rendered":"\n<p>As restri\u00e7\u00f5es de escritura (tamb\u00e9m conhecidas como &#8220;conv\u00eanios de escritura&#8221; ou &#8220;conv\u00eanios restritivos&#8221;) s\u00e3o uma ferramenta comum para impor limita\u00e7\u00f5es ao uso da terra e s\u00e3o frequentemente exigidas pelos financiadores.7 Os financiadores s\u00e3o motivados a monitorar essas restri\u00e7\u00f5es para proteger seus investimentos, e os benefici\u00e1rios de financiamento s\u00e3o motivados a cumprir as restri\u00e7\u00f5es para evitar o pagamento de subs\u00eddios ou empr\u00e9stimos. Os benefici\u00e1rios tamb\u00e9m querem manter a boa reputa\u00e7\u00e3o para futuras oportunidades de financiamento. Por exemplo, o <a href=\"https:\/\/drive.google.com\/file\/d\/0B-QVTxoYndp3UGk1Tk0zLTFGN1k\/view?usp=sharing&amp;resourcekey=0-5pWkJ3VWMdnVSA_f2hZqAQ\" target=\"_blank\" rel=\"noreferrer noopener\">Madison Area CLT<\/a> foi obrigado a conceder uma restri\u00e7\u00e3o de escritura \u00e0 cidade como condi\u00e7\u00e3o para financiar a parcela de conserva\u00e7\u00e3o de 26 acres em Troy Gardens, restringindo o uso da terra exclusivamente para conserva\u00e7\u00e3o e agricultura. O n\u00e3o cumprimento dos termos da restri\u00e7\u00e3o de escritura provocaria o reembolso imediato de todos os fundos de subs\u00eddio fornecidos pela cidade de Madison.    <\/p>\n\n<p>Embora uma restri\u00e7\u00e3o de escritura possa ser eficaz para garantir que a terra seja restrita a determinados usos (nesse caso, agr\u00edcolas), ela n\u00e3o oferece necessariamente seguran\u00e7a de posse para o produtor ou fazendeiro. Al\u00e9m disso, a efic\u00e1cia das restri\u00e7\u00f5es de escritura depende de sua aplica\u00e7\u00e3o pelo agente administrador. Os riscos de n\u00e3o conformidade com as restri\u00e7\u00f5es s\u00e3o mais altos no momento da transfer\u00eancia do t\u00edtulo, seja por desaten\u00e7\u00e3o da empresa de t\u00edtulos ou por desconsidera\u00e7\u00e3o do comprador e do vendedor.  <\/p>\n","protected":false},"excerpt":{"rendered":"<p>As restri\u00e7\u00f5es de escritura (tamb\u00e9m conhecidas como &#8220;conv\u00eanios de escritura&#8221; ou &#8220;conv\u00eanios restritivos&#8221;) s\u00e3o uma ferramenta comum para impor limita\u00e7\u00f5es ao uso da terra e s\u00e3o frequentemente exigidas pelos financiadores.7 [&hellip;]<\/p>\n","protected":false},"author":1,"featured_media":0,"parent":8780,"menu_order":0,"comment_status":"closed","ping_status":"closed","template":"","meta":{"give_campaign_id":0,"_tec_requires_first_save":true,"_kad_blocks_custom_css":"","_kad_blocks_head_custom_js":"","_kad_blocks_body_custom_js":"","_kad_blocks_footer_custom_js":"","_EventAllDay":false,"_EventTimezone":"","_EventStartDate":"","_EventEndDate":"","_EventStartDateUTC":"","_EventEndDateUTC":"","_EventShowMap":false,"_EventShowMapLink":false,"_EventURL":"","_EventCost":"","_EventCostDescription":"","_EventCurrencySymbol":"","_EventCurrencyCode":"","_EventCurrencyPosition":"","_EventDateTimeSeparator":"","_EventTimeRangeSeparator":"","_EventOrganizerID":[],"_EventVenueID":[],"_OrganizerEmail":"","_OrganizerPhone":"","_OrganizerWebsite":"","_VenueAddress":"","_VenueCity":"","_VenueCountry":"","_VenueProvince":"","_VenueState":"","_VenueZip":"","_VenuePhone":"","_VenueURL":"","_VenueStateProvince":"","_VenueLat":"","_VenueLng":"","_VenueShowMap":false,"_VenueShowMapLink":false,"_tribe_blocks_recurrence_rules":"","_tribe_blocks_recurrence_description":"","_tribe_blocks_recurrence_exclusions":"","footnotes":""},"categories":[122],"tags":[],"class_list":["post-8993","page","type-page","status-publish","hentry","category-agricultura"],"blocksy_meta":[],"yoast_head":"<!-- This site is optimized with the Yoast SEO Premium plugin v27.5 (Yoast SEO v27.5) - https:\/\/yoast.com\/product\/yoast-seo-premium-wordpress\/ -->\n<title>Restri\u00e7\u00f5es de escritura - International Center for Community Land Trusts<\/title>\n<meta name=\"robots\" content=\"index, follow, max-snippet:-1, max-image-preview:large, max-video-preview:-1\" \/>\n<link rel=\"canonical\" href=\"https:\/\/www.cltweb.org\/pt-br\/biblioteca-de-recursos\/agricultura\/recursos-adicionais\/como-os-clts-asseguram-e-protegem-a-terra\/restricoes-de-escritura\/\" \/>\n<meta property=\"og:locale\" content=\"pt_BR\" \/>\n<meta property=\"og:type\" content=\"article\" \/>\n<meta property=\"og:title\" content=\"Restri\u00e7\u00f5es de escritura\" \/>\n<meta property=\"og:description\" content=\"As restri\u00e7\u00f5es de escritura (tamb\u00e9m conhecidas como &#8220;conv\u00eanios de escritura&#8221; ou &#8220;conv\u00eanios restritivos&#8221;) s\u00e3o uma ferramenta comum para impor limita\u00e7\u00f5es ao uso da terra e s\u00e3o frequentemente exigidas pelos financiadores.7 [&hellip;]\" \/>\n<meta property=\"og:url\" content=\"https:\/\/www.cltweb.org\/pt-br\/biblioteca-de-recursos\/agricultura\/recursos-adicionais\/como-os-clts-asseguram-e-protegem-a-terra\/restricoes-de-escritura\/\" \/>\n<meta property=\"og:site_name\" content=\"International Center for Community Land Trusts\" \/>\n<meta property=\"article:publisher\" content=\"https:\/\/www.facebook.com\/cltcenter\" \/>\n<meta property=\"article:modified_time\" content=\"2025-02-03T20:06:04+00:00\" \/>\n<meta name=\"twitter:card\" content=\"summary_large_image\" \/>\n<meta name=\"twitter:site\" content=\"@Center4CLTs\" \/>\n<meta name=\"twitter:label1\" content=\"Est. tempo de leitura\" \/>\n\t<meta name=\"twitter:data1\" content=\"1 minuto\" \/>\n<script type=\"application\/ld+json\" class=\"yoast-schema-graph\">{\"@context\":\"https:\\\/\\\/schema.org\",\"@graph\":[{\"@type\":\"WebPage\",\"@id\":\"https:\\\/\\\/www.cltweb.org\\\/pt-br\\\/biblioteca-de-recursos\\\/agricultura\\\/recursos-adicionais\\\/como-os-clts-asseguram-e-protegem-a-terra\\\/restricoes-de-escritura\\\/\",\"url\":\"https:\\\/\\\/www.cltweb.org\\\/pt-br\\\/biblioteca-de-recursos\\\/agricultura\\\/recursos-adicionais\\\/como-os-clts-asseguram-e-protegem-a-terra\\\/restricoes-de-escritura\\\/\",\"name\":\"Restri\u00e7\u00f5es de escritura - International Center for Community Land Trusts\",\"isPartOf\":{\"@id\":\"https:\\\/\\\/www.cltweb.org\\\/pt-br\\\/#website\"},\"datePublished\":\"2025-02-03T20:04:49+00:00\",\"dateModified\":\"2025-02-03T20:06:04+00:00\",\"breadcrumb\":{\"@id\":\"https:\\\/\\\/www.cltweb.org\\\/pt-br\\\/biblioteca-de-recursos\\\/agricultura\\\/recursos-adicionais\\\/como-os-clts-asseguram-e-protegem-a-terra\\\/restricoes-de-escritura\\\/#breadcrumb\"},\"inLanguage\":\"pt-BR\",\"potentialAction\":[{\"@type\":\"ReadAction\",\"target\":[\"https:\\\/\\\/www.cltweb.org\\\/pt-br\\\/biblioteca-de-recursos\\\/agricultura\\\/recursos-adicionais\\\/como-os-clts-asseguram-e-protegem-a-terra\\\/restricoes-de-escritura\\\/\"]}]},{\"@type\":\"BreadcrumbList\",\"@id\":\"https:\\\/\\\/www.cltweb.org\\\/pt-br\\\/biblioteca-de-recursos\\\/agricultura\\\/recursos-adicionais\\\/como-os-clts-asseguram-e-protegem-a-terra\\\/restricoes-de-escritura\\\/#breadcrumb\",\"itemListElement\":[{\"@type\":\"ListItem\",\"position\":1,\"name\":\"Home\",\"item\":\"https:\\\/\\\/www.cltweb.org\\\/pt-br\\\/\"},{\"@type\":\"ListItem\",\"position\":2,\"name\":\"Biblioteca de recursos\",\"item\":\"https:\\\/\\\/www.cltweb.org\\\/pt-br\\\/biblioteca-de-recursos\\\/\"},{\"@type\":\"ListItem\",\"position\":3,\"name\":\"Posse de terra para agricultura urbana\",\"item\":\"https:\\\/\\\/www.cltweb.org\\\/pt-br\\\/biblioteca-de-recursos\\\/agricultura\\\/\"},{\"@type\":\"ListItem\",\"position\":4,\"name\":\"Recursos adicionais\",\"item\":\"https:\\\/\\\/www.cltweb.org\\\/pt-br\\\/biblioteca-de-recursos\\\/agricultura\\\/recursos-adicionais\\\/\"},{\"@type\":\"ListItem\",\"position\":5,\"name\":\"Como os CLTs asseguram e protegem a terra\",\"item\":\"https:\\\/\\\/www.cltweb.org\\\/pt-br\\\/biblioteca-de-recursos\\\/agricultura\\\/recursos-adicionais\\\/como-os-clts-asseguram-e-protegem-a-terra\\\/\"},{\"@type\":\"ListItem\",\"position\":6,\"name\":\"Restri\u00e7\u00f5es de escritura\"}]},{\"@type\":\"WebSite\",\"@id\":\"https:\\\/\\\/www.cltweb.org\\\/pt-br\\\/#website\",\"url\":\"https:\\\/\\\/www.cltweb.org\\\/pt-br\\\/\",\"name\":\"International Center for Community Land Trusts\",\"description\":\"\",\"publisher\":{\"@id\":\"https:\\\/\\\/www.cltweb.org\\\/pt-br\\\/#organization\"},\"potentialAction\":[{\"@type\":\"SearchAction\",\"target\":{\"@type\":\"EntryPoint\",\"urlTemplate\":\"https:\\\/\\\/www.cltweb.org\\\/pt-br\\\/?s={search_term_string}\"},\"query-input\":{\"@type\":\"PropertyValueSpecification\",\"valueRequired\":true,\"valueName\":\"search_term_string\"}}],\"inLanguage\":\"pt-BR\"},{\"@type\":\"Organization\",\"@id\":\"https:\\\/\\\/www.cltweb.org\\\/pt-br\\\/#organization\",\"name\":\"International Center for Community Land Trusts\",\"url\":\"https:\\\/\\\/www.cltweb.org\\\/pt-br\\\/\",\"logo\":{\"@type\":\"ImageObject\",\"inLanguage\":\"pt-BR\",\"@id\":\"https:\\\/\\\/www.cltweb.org\\\/pt-br\\\/#\\\/schema\\\/logo\\\/image\\\/\",\"url\":\"https:\\\/\\\/www.cltweb.org\\\/wp-content\\\/uploads\\\/2024\\\/11\\\/New-CLT-Center-Text-logo.png\",\"contentUrl\":\"https:\\\/\\\/www.cltweb.org\\\/wp-content\\\/uploads\\\/2024\\\/11\\\/New-CLT-Center-Text-logo.png\",\"width\":227,\"height\":80,\"caption\":\"International Center for Community Land Trusts\"},\"image\":{\"@id\":\"https:\\\/\\\/www.cltweb.org\\\/pt-br\\\/#\\\/schema\\\/logo\\\/image\\\/\"},\"sameAs\":[\"https:\\\/\\\/www.facebook.com\\\/cltcenter\",\"https:\\\/\\\/x.com\\\/Center4CLTs\",\"https:\\\/\\\/www.instagram.com\\\/cltcenter\\\/\",\"https:\\\/\\\/www.linkedin.com\\\/company\\\/cltcenter\",\"https:\\\/\\\/www.youtube.com\\\/@centerforcltinnovation5313\"],\"description\":\"The International Center for Community Land Trusts is a not-for-profit nongovernmental organization established in 2018 to promote and to support community land trusts and similar strategies of community-led development on community-owned land in countries throughout the world.\",\"email\":\"info@communitylandtrust.net\",\"legalName\":\"International Center for Community Land Trusts\",\"foundingDate\":\"2018-12-01\",\"taxID\":\"84-3858933\",\"numberOfEmployees\":{\"@type\":\"QuantitativeValue\",\"minValue\":\"1\",\"maxValue\":\"10\"}}]}<\/script>\n<!-- \/ Yoast SEO Premium plugin. -->","yoast_head_json":{"title":"Restri\u00e7\u00f5es de escritura - International Center for Community Land Trusts","robots":{"index":"index","follow":"follow","max-snippet":"max-snippet:-1","max-image-preview":"max-image-preview:large","max-video-preview":"max-video-preview:-1"},"canonical":"https:\/\/www.cltweb.org\/pt-br\/biblioteca-de-recursos\/agricultura\/recursos-adicionais\/como-os-clts-asseguram-e-protegem-a-terra\/restricoes-de-escritura\/","og_locale":"pt_BR","og_type":"article","og_title":"Restri\u00e7\u00f5es de escritura","og_description":"As restri\u00e7\u00f5es de escritura (tamb\u00e9m conhecidas como &#8220;conv\u00eanios de escritura&#8221; ou &#8220;conv\u00eanios restritivos&#8221;) s\u00e3o uma ferramenta comum para impor limita\u00e7\u00f5es ao uso da terra e s\u00e3o frequentemente exigidas pelos financiadores.7 [&hellip;]","og_url":"https:\/\/www.cltweb.org\/pt-br\/biblioteca-de-recursos\/agricultura\/recursos-adicionais\/como-os-clts-asseguram-e-protegem-a-terra\/restricoes-de-escritura\/","og_site_name":"International Center for Community Land Trusts","article_publisher":"https:\/\/www.facebook.com\/cltcenter","article_modified_time":"2025-02-03T20:06:04+00:00","twitter_card":"summary_large_image","twitter_site":"@Center4CLTs","twitter_misc":{"Est. tempo de leitura":"1 minuto"},"schema":{"@context":"https:\/\/schema.org","@graph":[{"@type":"WebPage","@id":"https:\/\/www.cltweb.org\/pt-br\/biblioteca-de-recursos\/agricultura\/recursos-adicionais\/como-os-clts-asseguram-e-protegem-a-terra\/restricoes-de-escritura\/","url":"https:\/\/www.cltweb.org\/pt-br\/biblioteca-de-recursos\/agricultura\/recursos-adicionais\/como-os-clts-asseguram-e-protegem-a-terra\/restricoes-de-escritura\/","name":"Restri\u00e7\u00f5es de escritura - International Center for Community Land Trusts","isPartOf":{"@id":"https:\/\/www.cltweb.org\/pt-br\/#website"},"datePublished":"2025-02-03T20:04:49+00:00","dateModified":"2025-02-03T20:06:04+00:00","breadcrumb":{"@id":"https:\/\/www.cltweb.org\/pt-br\/biblioteca-de-recursos\/agricultura\/recursos-adicionais\/como-os-clts-asseguram-e-protegem-a-terra\/restricoes-de-escritura\/#breadcrumb"},"inLanguage":"pt-BR","potentialAction":[{"@type":"ReadAction","target":["https:\/\/www.cltweb.org\/pt-br\/biblioteca-de-recursos\/agricultura\/recursos-adicionais\/como-os-clts-asseguram-e-protegem-a-terra\/restricoes-de-escritura\/"]}]},{"@type":"BreadcrumbList","@id":"https:\/\/www.cltweb.org\/pt-br\/biblioteca-de-recursos\/agricultura\/recursos-adicionais\/como-os-clts-asseguram-e-protegem-a-terra\/restricoes-de-escritura\/#breadcrumb","itemListElement":[{"@type":"ListItem","position":1,"name":"Home","item":"https:\/\/www.cltweb.org\/pt-br\/"},{"@type":"ListItem","position":2,"name":"Biblioteca de recursos","item":"https:\/\/www.cltweb.org\/pt-br\/biblioteca-de-recursos\/"},{"@type":"ListItem","position":3,"name":"Posse de terra para agricultura urbana","item":"https:\/\/www.cltweb.org\/pt-br\/biblioteca-de-recursos\/agricultura\/"},{"@type":"ListItem","position":4,"name":"Recursos adicionais","item":"https:\/\/www.cltweb.org\/pt-br\/biblioteca-de-recursos\/agricultura\/recursos-adicionais\/"},{"@type":"ListItem","position":5,"name":"Como os CLTs asseguram e protegem a terra","item":"https:\/\/www.cltweb.org\/pt-br\/biblioteca-de-recursos\/agricultura\/recursos-adicionais\/como-os-clts-asseguram-e-protegem-a-terra\/"},{"@type":"ListItem","position":6,"name":"Restri\u00e7\u00f5es de escritura"}]},{"@type":"WebSite","@id":"https:\/\/www.cltweb.org\/pt-br\/#website","url":"https:\/\/www.cltweb.org\/pt-br\/","name":"International Center for Community Land Trusts","description":"","publisher":{"@id":"https:\/\/www.cltweb.org\/pt-br\/#organization"},"potentialAction":[{"@type":"SearchAction","target":{"@type":"EntryPoint","urlTemplate":"https:\/\/www.cltweb.org\/pt-br\/?s={search_term_string}"},"query-input":{"@type":"PropertyValueSpecification","valueRequired":true,"valueName":"search_term_string"}}],"inLanguage":"pt-BR"},{"@type":"Organization","@id":"https:\/\/www.cltweb.org\/pt-br\/#organization","name":"International Center for Community Land Trusts","url":"https:\/\/www.cltweb.org\/pt-br\/","logo":{"@type":"ImageObject","inLanguage":"pt-BR","@id":"https:\/\/www.cltweb.org\/pt-br\/#\/schema\/logo\/image\/","url":"https:\/\/www.cltweb.org\/wp-content\/uploads\/2024\/11\/New-CLT-Center-Text-logo.png","contentUrl":"https:\/\/www.cltweb.org\/wp-content\/uploads\/2024\/11\/New-CLT-Center-Text-logo.png","width":227,"height":80,"caption":"International Center for Community Land Trusts"},"image":{"@id":"https:\/\/www.cltweb.org\/pt-br\/#\/schema\/logo\/image\/"},"sameAs":["https:\/\/www.facebook.com\/cltcenter","https:\/\/x.com\/Center4CLTs","https:\/\/www.instagram.com\/cltcenter\/","https:\/\/www.linkedin.com\/company\/cltcenter","https:\/\/www.youtube.com\/@centerforcltinnovation5313"],"description":"The International Center for Community Land Trusts is a not-for-profit nongovernmental organization established in 2018 to promote and to support community land trusts and similar strategies of community-led development on community-owned land in countries throughout the world.","email":"info@communitylandtrust.net","legalName":"International Center for Community Land Trusts","foundingDate":"2018-12-01","taxID":"84-3858933","numberOfEmployees":{"@type":"QuantitativeValue","minValue":"1","maxValue":"10"}}]}},"campaignId":"","taxonomy_info":{"category":[{"value":122,"label":"Agricultura"}]},"featured_image_src_large":false,"author_info":{"display_name":"cltredesign_0jp0l4","author_link":"https:\/\/www.cltweb.org\/pt-br\/author\/cltredesign_0jp0l4\/"},"comment_info":0,"jetpack_sharing_enabled":true,"jetpack-related-posts":[{"id":9001,"url":"https:\/\/www.cltweb.org\/pt-br\/biblioteca-de-recursos\/agricultura\/recursos-adicionais\/como-os-clts-asseguram-e-protegem-a-terra\/servidoes\/","url_meta":{"origin":8993,"position":0},"title":"Servid\u00f5es","author":"cltredesign_0jp0l4","date":"3 de fevereiro de 2025","format":false,"excerpt":"As servid\u00f5es de conserva\u00e7\u00e3o s\u00e3o restri\u00e7\u00f5es volunt\u00e1rias que limitam permanentemente os tipos de usos permitidos na terra. Elas s\u00e3o mantidas por entidades externas ao titular. Esses acordos s\u00e3o frequentemente usados como uma ferramenta de planejamento tribut\u00e1rio. Um propriet\u00e1rio de terras concede uma servid\u00e3o a uma entidade p\u00fablica ou privada sem\u2026","rel":"","context":"Em &quot;Agricultura&quot;","block_context":{"text":"Agricultura","link":"https:\/\/www.cltweb.org\/pt-br\/category\/agricultura\/"},"img":{"alt_text":"","src":"","width":0,"height":0},"classes":[]},{"id":8978,"url":"https:\/\/www.cltweb.org\/pt-br\/biblioteca-de-recursos\/agricultura\/recursos-adicionais\/como-os-clts-asseguram-e-protegem-a-terra\/propriedade-de-taxa-simples\/","url_meta":{"origin":8993,"position":1},"title":"Propriedade de taxa simples","author":"cltredesign_0jp0l4","date":"3 de fevereiro de 2025","format":false,"excerpt":"A propriedade simples permite que um CLT detenha o maior n\u00famero de \"paus\" no conjunto de direitos de propriedade e oferece um alto n\u00edvel de seguran\u00e7a da terra, desde que todos os pagamentos de hipoteca e obriga\u00e7\u00f5es fiscais sejam cumpridos. Nas \u00e1reas urbanas, as \u00e1reas agr\u00edcolas geralmente est\u00e3o localizadas em\u2026","rel":"","context":"Em &quot;Agricultura&quot;","block_context":{"text":"Agricultura","link":"https:\/\/www.cltweb.org\/pt-br\/category\/agricultura\/"},"img":{"alt_text":"","src":"","width":0,"height":0},"classes":[]},{"id":8991,"url":"https:\/\/www.cltweb.org\/es\/biblioteca-de-recursos\/agricultura\/recursos-adicionales\/como-aseguran-y-protegen-los-clt-la-tierra\/restricciones-de-escritura\/","url_meta":{"origin":8993,"position":2},"title":"Restricciones de escritura","author":"cltredesign_0jp0l4","date":"3 de fevereiro de 2025","format":false,"excerpt":"Las restricciones de las escrituras (tambi\u00e9n conocidas como \"pactos de escritura\" o \"pactos restrictivos\") son una herramienta habitual para imponer limitaciones a los usos de la tierra y, con frecuencia, son exigidas por los financiadores de subvenciones.7 Los financiadores est\u00e1n motivados para controlar estas restricciones con el fin de proteger\u2026","rel":"","context":"Em &quot;Agricultura&quot;","block_context":{"text":"Agricultura","link":"https:\/\/www.cltweb.org\/es\/category\/agricultura-es\/"},"img":{"alt_text":"","src":"","width":0,"height":0},"classes":[]},{"id":8744,"url":"https:\/\/www.cltweb.org\/pt-br\/biblioteca-de-recursos\/agricultura\/o-modelo-de-servidor-central\/a-entidade-do-servidor-central\/","url_meta":{"origin":8993,"position":3},"title":"A entidade do servidor central","author":"cltredesign_0jp0l4","date":"2 de fevereiro de 2025","format":false,"excerpt":"A entidade do servidor central far\u00e1 o \"trabalho pesado\" que est\u00e1 al\u00e9m da capacidade das pequenas organiza\u00e7\u00f5es de bairro, especialmente quando elas est\u00e3o em sua fase inicial. Com experi\u00eancia em uso da terra e transa\u00e7\u00f5es imobili\u00e1rias, o servidor central pode negociar habilmente com o governo local para garantir terras de\u2026","rel":"","context":"Em &quot;Agricultura&quot;","block_context":{"text":"Agricultura","link":"https:\/\/www.cltweb.org\/pt-br\/category\/agricultura\/"},"img":{"alt_text":"","src":"","width":0,"height":0},"classes":[]},{"id":9018,"url":"https:\/\/www.cltweb.org\/pt-br\/biblioteca-de-recursos\/agricultura\/recursos-adicionais\/como-os-clts-asseguram-e-protegem-a-terra\/tabela-de-resumo\/","url_meta":{"origin":8993,"position":4},"title":"Tabela de resumo","author":"cltredesign_0jp0l4","date":"3 de fevereiro de 2025","format":false,"excerpt":"ACORDO DE POSSEEXEMPLOS DE ORGANIZA\u00c7\u00d5ESVANTAGENSDESVANTAGENSTaxa simplesCCHC, DNI, Durham CLT, Madison Area CLT, Sawmill CLT, Southside CLTseguran\u00e7a de longo prazocusto de aquisi\u00e7\u00e3o, tributa\u00e7\u00e3o da propriedade, obriga\u00e7\u00f5es de gerenciamentoAluguel de terrenoAthens Land Trust, Madison Area CLT, Southside CLTbaixo custo, alto n\u00edvel de controlecomplexidade jur\u00eddica, custos de transa\u00e7\u00e3oRestri\u00e7\u00f5es de escritura\u00c1rea de Madison CLTde\u2026","rel":"","context":"Em &quot;Agricultura&quot;","block_context":{"text":"Agricultura","link":"https:\/\/www.cltweb.org\/pt-br\/category\/agricultura\/"},"img":{"alt_text":"","src":"","width":0,"height":0},"classes":[]},{"id":1664,"url":"https:\/\/www.cltweb.org\/pt-br\/biblioteca-de-recursos\/agricultura\/o-papel-das-organizacoes-sem-fins-lucrativos\/","url_meta":{"origin":8993,"position":5},"title":"O papel das organiza\u00e7\u00f5es sem fins lucrativos","author":"cltredesign_0jp0l4","date":"29 de julho de 2024","format":false,"excerpt":"Como em outras \u00e1reas do desenvolvimento econ\u00f4mico comunit\u00e1rio, o setor sem fins lucrativos tem um papel especial a desempenhar quando se trata de dar o pontap\u00e9 inicial na agricultura urbana. A agricultura urbana \u00e9 uma abordagem de custo relativamente baixo para a revitaliza\u00e7\u00e3o da comunidade, com o custo do investimento\u2026","rel":"","context":"Em &quot;Agricultura&quot;","block_context":{"text":"Agricultura","link":"https:\/\/www.cltweb.org\/pt-br\/category\/agricultura\/"},"img":{"alt_text":"","src":"","width":0,"height":0},"classes":[]}],"_links":{"self":[{"href":"https:\/\/www.cltweb.org\/pt-br\/wp-json\/wp\/v2\/pages\/8993","targetHints":{"allow":["GET"]}}],"collection":[{"href":"https:\/\/www.cltweb.org\/pt-br\/wp-json\/wp\/v2\/pages"}],"about":[{"href":"https:\/\/www.cltweb.org\/pt-br\/wp-json\/wp\/v2\/types\/page"}],"author":[{"embeddable":true,"href":"https:\/\/www.cltweb.org\/pt-br\/wp-json\/wp\/v2\/users\/1"}],"replies":[{"embeddable":true,"href":"https:\/\/www.cltweb.org\/pt-br\/wp-json\/wp\/v2\/comments?post=8993"}],"version-history":[{"count":1,"href":"https:\/\/www.cltweb.org\/pt-br\/wp-json\/wp\/v2\/pages\/8993\/revisions"}],"predecessor-version":[{"id":8994,"href":"https:\/\/www.cltweb.org\/pt-br\/wp-json\/wp\/v2\/pages\/8993\/revisions\/8994"}],"up":[{"embeddable":true,"href":"https:\/\/www.cltweb.org\/pt-br\/wp-json\/wp\/v2\/pages\/8780"}],"wp:attachment":[{"href":"https:\/\/www.cltweb.org\/pt-br\/wp-json\/wp\/v2\/media?parent=8993"}],"wp:term":[{"taxonomy":"category","embeddable":true,"href":"https:\/\/www.cltweb.org\/pt-br\/wp-json\/wp\/v2\/categories?post=8993"},{"taxonomy":"post_tag","embeddable":true,"href":"https:\/\/www.cltweb.org\/pt-br\/wp-json\/wp\/v2\/tags?post=8993"}],"curies":[{"name":"wp","href":"https:\/\/api.w.org\/{rel}","templated":true}]}}