{"id":9441,"date":"2025-05-19T16:48:14","date_gmt":"2025-05-19T16:48:14","guid":{"rendered":"https:\/\/www.cltweb.org\/sobre-nos\/oportunidades-de-carreira\/"},"modified":"2025-05-19T17:03:27","modified_gmt":"2025-05-19T17:03:27","slug":"oportunidades-de-carreira","status":"publish","type":"page","link":"https:\/\/www.cltweb.org\/pt-br\/sobre-nos\/oportunidades-de-carreira\/","title":{"rendered":"Oportunidades de carreira"},"content":{"rendered":"<style>.kb-posts-id-9437_127006-da .entry.loop-entry .entry-header .entry-title{font-size:26px;}.kb-posts-id-9437_127006-da .kb-post-list-item{display:grid;}<\/style><ul class=\"wp-block-kadence-posts kb-posts kadence-posts-list kb-posts-id-9437_127006-da content-wrap grid-cols kb-posts-style-boxed grid-sm-col-1 grid-lg-col-1 item-image-style-beside\"><li class=\"kb-post-list-item\">\n\t<article class=\"entry content-bg loop-entry post-9447 page type-page status-publish hentry category-empregos\">\n\t\t\t\t<div class=\"entry-content-wrap\">\n\t\t\t<header class=\"entry-header\">\n\t<h2 class=\"entry-title\"><a href=\"https:\/\/www.cltweb.org\/pt-br\/sobre-nos\/oportunidades-de-carreira\/consultor-de-desenvolvimento\/\" rel=\"bookmark\">Consultor de desenvolvimento<\/a><\/h2><\/header><!-- .entry-header -->\n\t<div class=\"entry-summary\">\n\t\t<p>Estamos buscando um consultor de desenvolvimento experiente para ajudar a liderar nossos esfor\u00e7os de capta\u00e7\u00e3o de recursos. Esse cargo contratado trabalhar\u00e1 vinte (20) horas por semana em estreita colabora\u00e7\u00e3o com nosso Diretor Executivo, Diretor de Comunica\u00e7\u00f5es, consultores de projetos, bem como membros do conselho que estejam ativamente envolvidos em esfor\u00e7os de capta\u00e7\u00e3o de recursos com foco na constru\u00e7\u00e3o de relacionamentos com financiadores dentro e fora dos EUA que levem ao apoio tanto para iniciativas de programas quanto para opera\u00e7\u00f5es. Os candidatos de fora dos EUA s\u00e3o incentivados a se inscrever.    <\/p>\n\t<\/div><!-- .entry-summary -->\n\t<footer class=\"entry-footer\">\n\t\t\t<div class=\"entry-actions\">\n\t\t\t<p class=\"more-link-wrap\">\n\t\t\t\t<a href=\"https:\/\/www.cltweb.org\/pt-br\/sobre-nos\/oportunidades-de-carreira\/consultor-de-desenvolvimento\/\" class=\"post-more-link\">\n\t\t\t\t\tRead More<span class=\"screen-reader-text\"> Consultor de desenvolvimento<\/span><span class=\"kadence-svg-iconset svg-baseline\"><svg aria-hidden=\"true\" class=\"kadence-svg-icon kadence-arrow-right-alt-svg\" fill=\"currentColor\" version=\"1.1\" xmlns=\"http:\/\/www.w3.org\/2000\/svg\" width=\"27\" height=\"28\" viewBox=\"0 0 27 28\"><title>Continue<\/title><path d=\"M27 13.953c0 0.141-0.063 0.281-0.156 0.375l-6 5.531c-0.156 0.141-0.359 0.172-0.547 0.094-0.172-0.078-0.297-0.25-0.297-0.453v-3.5h-19.5c-0.281 0-0.5-0.219-0.5-0.5v-3c0-0.281 0.219-0.5 0.5-0.5h19.5v-3.5c0-0.203 0.109-0.375 0.297-0.453s0.391-0.047 0.547 0.078l6 5.469c0.094 0.094 0.156 0.219 0.156 0.359v0z\"><\/path>\n\t\t\t<\/svg><\/span>\t\t\t\t<\/a>\n\t\t\t<\/p>\n\t\t<\/div><!-- .entry-actions -->\n\t\t<\/footer><!-- .entry-footer -->\t\t<\/div>\n\t<\/article>\n<\/li>\n<\/ul>","protected":false},"excerpt":{"rendered":"","protected":false},"author":1,"featured_media":0,"parent":947,"menu_order":0,"comment_status":"closed","ping_status":"closed","template":"","meta":{"give_campaign_id":0,"_tec_requires_first_save":true,"_kad_blocks_custom_css":"","_kad_blocks_head_custom_js":"","_kad_blocks_body_custom_js":"","_kad_blocks_footer_custom_js":"","_EventAllDay":false,"_EventTimezone":"","_EventStartDate":"","_EventEndDate":"","_EventStartDateUTC":"","_EventEndDateUTC":"","_EventShowMap":false,"_EventShowMapLink":false,"_EventURL":"","_EventCost":"","_EventCostDescription":"","_EventCurrencySymbol":"","_EventCurrencyCode":"","_EventCurrencyPosition":"","_EventDateTimeSeparator":"","_EventTimeRangeSeparator":"","_EventOrganizerID":[],"_EventVenueID":[],"_OrganizerEmail":"","_OrganizerPhone":"","_OrganizerWebsite":"","_VenueAddress":"","_VenueCity":"","_VenueCountry":"","_VenueProvince":"","_VenueState":"","_VenueZip":"","_VenuePhone":"","_VenueURL":"","_VenueStateProvince":"","_VenueLat":"","_VenueLng":"","_VenueShowMap":false,"_VenueShowMapLink":false,"_tribe_blocks_recurrence_rules":"","_tribe_blocks_recurrence_description":"","_tribe_blocks_recurrence_exclusions":"","footnotes":""},"categories":[],"tags":[],"class_list":["post-9441","page","type-page","status-publish","hentry"],"blocksy_meta":[],"yoast_head":"<!-- This site is optimized with the Yoast SEO Premium plugin v27.4 (Yoast SEO v27.4) - https:\/\/yoast.com\/product\/yoast-seo-premium-wordpress\/ -->\n<title>Oportunidades de carreira - International Center for Community Land Trusts<\/title>\n<meta name=\"robots\" content=\"index, follow, max-snippet:-1, max-image-preview:large, max-video-preview:-1\" \/>\n<link rel=\"canonical\" href=\"https:\/\/www.cltweb.org\/pt-br\/sobre-nos\/oportunidades-de-carreira\/\" \/>\n<meta property=\"og:locale\" content=\"pt_BR\" \/>\n<meta property=\"og:type\" content=\"article\" \/>\n<meta property=\"og:title\" content=\"Oportunidades de carreira\" \/>\n<meta property=\"og:url\" content=\"https:\/\/www.cltweb.org\/pt-br\/sobre-nos\/oportunidades-de-carreira\/\" \/>\n<meta property=\"og:site_name\" content=\"International Center for Community Land Trusts\" \/>\n<meta property=\"article:publisher\" content=\"https:\/\/www.facebook.com\/cltcenter\" \/>\n<meta property=\"article:modified_time\" content=\"2025-05-19T17:03:27+00:00\" \/>\n<meta name=\"twitter:card\" content=\"summary_large_image\" \/>\n<meta name=\"twitter:site\" content=\"@Center4CLTs\" \/>\n<script type=\"application\/ld+json\" class=\"yoast-schema-graph\">{\"@context\":\"https:\\\/\\\/schema.org\",\"@graph\":[{\"@type\":\"WebPage\",\"@id\":\"https:\\\/\\\/www.cltweb.org\\\/pt-br\\\/sobre-nos\\\/oportunidades-de-carreira\\\/\",\"url\":\"https:\\\/\\\/www.cltweb.org\\\/pt-br\\\/sobre-nos\\\/oportunidades-de-carreira\\\/\",\"name\":\"Oportunidades de carreira - International Center for Community Land Trusts\",\"isPartOf\":{\"@id\":\"https:\\\/\\\/www.cltweb.org\\\/pt-br\\\/#website\"},\"datePublished\":\"2025-05-19T16:48:14+00:00\",\"dateModified\":\"2025-05-19T17:03:27+00:00\",\"breadcrumb\":{\"@id\":\"https:\\\/\\\/www.cltweb.org\\\/pt-br\\\/sobre-nos\\\/oportunidades-de-carreira\\\/#breadcrumb\"},\"inLanguage\":\"pt-BR\",\"potentialAction\":[{\"@type\":\"ReadAction\",\"target\":[\"https:\\\/\\\/www.cltweb.org\\\/pt-br\\\/sobre-nos\\\/oportunidades-de-carreira\\\/\"]}]},{\"@type\":\"BreadcrumbList\",\"@id\":\"https:\\\/\\\/www.cltweb.org\\\/pt-br\\\/sobre-nos\\\/oportunidades-de-carreira\\\/#breadcrumb\",\"itemListElement\":[{\"@type\":\"ListItem\",\"position\":1,\"name\":\"Home\",\"item\":\"https:\\\/\\\/www.cltweb.org\\\/pt-br\\\/\"},{\"@type\":\"ListItem\",\"position\":2,\"name\":\"Sobre n\u00f3s\",\"item\":\"https:\\\/\\\/www.cltweb.org\\\/pt-br\\\/sobre-nos\\\/\"},{\"@type\":\"ListItem\",\"position\":3,\"name\":\"Oportunidades de carreira\"}]},{\"@type\":\"WebSite\",\"@id\":\"https:\\\/\\\/www.cltweb.org\\\/pt-br\\\/#website\",\"url\":\"https:\\\/\\\/www.cltweb.org\\\/pt-br\\\/\",\"name\":\"International Center for Community Land Trusts\",\"description\":\"\",\"publisher\":{\"@id\":\"https:\\\/\\\/www.cltweb.org\\\/pt-br\\\/#organization\"},\"potentialAction\":[{\"@type\":\"SearchAction\",\"target\":{\"@type\":\"EntryPoint\",\"urlTemplate\":\"https:\\\/\\\/www.cltweb.org\\\/pt-br\\\/?s={search_term_string}\"},\"query-input\":{\"@type\":\"PropertyValueSpecification\",\"valueRequired\":true,\"valueName\":\"search_term_string\"}}],\"inLanguage\":\"pt-BR\"},{\"@type\":\"Organization\",\"@id\":\"https:\\\/\\\/www.cltweb.org\\\/pt-br\\\/#organization\",\"name\":\"International Center for Community Land Trusts\",\"url\":\"https:\\\/\\\/www.cltweb.org\\\/pt-br\\\/\",\"logo\":{\"@type\":\"ImageObject\",\"inLanguage\":\"pt-BR\",\"@id\":\"https:\\\/\\\/www.cltweb.org\\\/pt-br\\\/#\\\/schema\\\/logo\\\/image\\\/\",\"url\":\"https:\\\/\\\/www.cltweb.org\\\/wp-content\\\/uploads\\\/2024\\\/11\\\/New-CLT-Center-Text-logo.png\",\"contentUrl\":\"https:\\\/\\\/www.cltweb.org\\\/wp-content\\\/uploads\\\/2024\\\/11\\\/New-CLT-Center-Text-logo.png\",\"width\":227,\"height\":80,\"caption\":\"International Center for Community Land Trusts\"},\"image\":{\"@id\":\"https:\\\/\\\/www.cltweb.org\\\/pt-br\\\/#\\\/schema\\\/logo\\\/image\\\/\"},\"sameAs\":[\"https:\\\/\\\/www.facebook.com\\\/cltcenter\",\"https:\\\/\\\/x.com\\\/Center4CLTs\",\"https:\\\/\\\/www.instagram.com\\\/cltcenter\\\/\",\"https:\\\/\\\/www.linkedin.com\\\/company\\\/cltcenter\",\"https:\\\/\\\/www.youtube.com\\\/@centerforcltinnovation5313\"],\"description\":\"The International Center for Community Land Trusts is a not-for-profit nongovernmental organization established in 2018 to promote and to support community land trusts and similar strategies of community-led development on community-owned land in countries throughout the world.\",\"email\":\"info@communitylandtrust.net\",\"legalName\":\"International Center for Community Land Trusts\",\"foundingDate\":\"2018-12-01\",\"taxID\":\"84-3858933\",\"numberOfEmployees\":{\"@type\":\"QuantitativeValue\",\"minValue\":\"1\",\"maxValue\":\"10\"}}]}<\/script>\n<!-- \/ Yoast SEO Premium plugin. -->","yoast_head_json":{"title":"Oportunidades de carreira - International Center for Community Land Trusts","robots":{"index":"index","follow":"follow","max-snippet":"max-snippet:-1","max-image-preview":"max-image-preview:large","max-video-preview":"max-video-preview:-1"},"canonical":"https:\/\/www.cltweb.org\/pt-br\/sobre-nos\/oportunidades-de-carreira\/","og_locale":"pt_BR","og_type":"article","og_title":"Oportunidades de carreira","og_url":"https:\/\/www.cltweb.org\/pt-br\/sobre-nos\/oportunidades-de-carreira\/","og_site_name":"International Center for Community Land Trusts","article_publisher":"https:\/\/www.facebook.com\/cltcenter","article_modified_time":"2025-05-19T17:03:27+00:00","twitter_card":"summary_large_image","twitter_site":"@Center4CLTs","schema":{"@context":"https:\/\/schema.org","@graph":[{"@type":"WebPage","@id":"https:\/\/www.cltweb.org\/pt-br\/sobre-nos\/oportunidades-de-carreira\/","url":"https:\/\/www.cltweb.org\/pt-br\/sobre-nos\/oportunidades-de-carreira\/","name":"Oportunidades de carreira - International Center for Community Land Trusts","isPartOf":{"@id":"https:\/\/www.cltweb.org\/pt-br\/#website"},"datePublished":"2025-05-19T16:48:14+00:00","dateModified":"2025-05-19T17:03:27+00:00","breadcrumb":{"@id":"https:\/\/www.cltweb.org\/pt-br\/sobre-nos\/oportunidades-de-carreira\/#breadcrumb"},"inLanguage":"pt-BR","potentialAction":[{"@type":"ReadAction","target":["https:\/\/www.cltweb.org\/pt-br\/sobre-nos\/oportunidades-de-carreira\/"]}]},{"@type":"BreadcrumbList","@id":"https:\/\/www.cltweb.org\/pt-br\/sobre-nos\/oportunidades-de-carreira\/#breadcrumb","itemListElement":[{"@type":"ListItem","position":1,"name":"Home","item":"https:\/\/www.cltweb.org\/pt-br\/"},{"@type":"ListItem","position":2,"name":"Sobre n\u00f3s","item":"https:\/\/www.cltweb.org\/pt-br\/sobre-nos\/"},{"@type":"ListItem","position":3,"name":"Oportunidades de carreira"}]},{"@type":"WebSite","@id":"https:\/\/www.cltweb.org\/pt-br\/#website","url":"https:\/\/www.cltweb.org\/pt-br\/","name":"International Center for Community Land Trusts","description":"","publisher":{"@id":"https:\/\/www.cltweb.org\/pt-br\/#organization"},"potentialAction":[{"@type":"SearchAction","target":{"@type":"EntryPoint","urlTemplate":"https:\/\/www.cltweb.org\/pt-br\/?s={search_term_string}"},"query-input":{"@type":"PropertyValueSpecification","valueRequired":true,"valueName":"search_term_string"}}],"inLanguage":"pt-BR"},{"@type":"Organization","@id":"https:\/\/www.cltweb.org\/pt-br\/#organization","name":"International Center for Community Land Trusts","url":"https:\/\/www.cltweb.org\/pt-br\/","logo":{"@type":"ImageObject","inLanguage":"pt-BR","@id":"https:\/\/www.cltweb.org\/pt-br\/#\/schema\/logo\/image\/","url":"https:\/\/www.cltweb.org\/wp-content\/uploads\/2024\/11\/New-CLT-Center-Text-logo.png","contentUrl":"https:\/\/www.cltweb.org\/wp-content\/uploads\/2024\/11\/New-CLT-Center-Text-logo.png","width":227,"height":80,"caption":"International Center for Community Land Trusts"},"image":{"@id":"https:\/\/www.cltweb.org\/pt-br\/#\/schema\/logo\/image\/"},"sameAs":["https:\/\/www.facebook.com\/cltcenter","https:\/\/x.com\/Center4CLTs","https:\/\/www.instagram.com\/cltcenter\/","https:\/\/www.linkedin.com\/company\/cltcenter","https:\/\/www.youtube.com\/@centerforcltinnovation5313"],"description":"The International Center for Community Land Trusts is a not-for-profit nongovernmental organization established in 2018 to promote and to support community land trusts and similar strategies of community-led development on community-owned land in countries throughout the world.","email":"info@communitylandtrust.net","legalName":"International Center for Community Land Trusts","foundingDate":"2018-12-01","taxID":"84-3858933","numberOfEmployees":{"@type":"QuantitativeValue","minValue":"1","maxValue":"10"}}]}},"campaignId":"","taxonomy_info":[],"featured_image_src_large":false,"author_info":{"display_name":"cltredesign_0jp0l4","author_link":"https:\/\/www.cltweb.org\/pt-br\/author\/cltredesign_0jp0l4\/"},"comment_info":0,"jetpack_sharing_enabled":true,"jetpack-related-posts":[{"id":9447,"url":"https:\/\/www.cltweb.org\/pt-br\/sobre-nos\/oportunidades-de-carreira\/consultor-de-desenvolvimento\/","url_meta":{"origin":9441,"position":0},"title":"Consultor de desenvolvimento","author":"cltredesign_0jp0l4","date":"19 de maio de 2025","format":false,"excerpt":"Estamos buscando um consultor de desenvolvimento experiente para ajudar a liderar nossos esfor\u00e7os de capta\u00e7\u00e3o de recursos. Esse cargo contratado trabalhar\u00e1 vinte (20) horas por semana em estreita colabora\u00e7\u00e3o com nosso Diretor Executivo, Diretor de Comunica\u00e7\u00f5es, consultores de projetos, bem como membros do conselho que estejam ativamente envolvidos em esfor\u00e7os\u2026","rel":"","context":"Em &quot;Empregos&quot;","block_context":{"text":"Empregos","link":"https:\/\/www.cltweb.org\/pt-br\/category\/empregos\/"},"img":{"alt_text":"","src":"","width":0,"height":0},"classes":[]},{"id":2855,"url":"https:\/\/www.cltweb.org\/pt-br\/biblioteca-de-recursos\/agricultura\/conceitos-chave\/protegendo-a-terra-da-especulacao\/","url_meta":{"origin":9441,"position":1},"title":"Protegendo a terra da especula\u00e7\u00e3o","author":"cltredesign_0jp0l4","date":"4 de outubro de 2024","format":false,"excerpt":"Se a terra acess\u00edvel \u00e9 fundamental para a agricultura urbana comercialmente vi\u00e1vel e engajada na comunidade, a quest\u00e3o \u00e9 como proteger a acessibilidade a longo prazo. Isso significa, por um lado, garantir que as fazendas urbanas n\u00e3o sejam desalojadas pelo r\u00e1pido aumento dos pre\u00e7os em um mercado imobili\u00e1rio especulativo e,\u2026","rel":"","context":"Post similar","block_context":{"text":"Post similar","link":""},"img":{"alt_text":"","src":"","width":0,"height":0},"classes":[]},{"id":1513,"url":"https:\/\/www.cltweb.org\/es\/biblioteca-de-recursos\/dia-mundial-clt\/","url_meta":{"origin":9441,"position":2},"title":"D\u00eda Mundial CLT","author":"cltredesign_0jp0l4","date":"26 de julho de 2024","format":false,"excerpt":"Reserva la fecha para el a\u00f1o que viene: \u00a116-17 de mayo de 2025! Como celebraci\u00f3n anual, los objetivos principales del D\u00eda Mundial del CLT son celebrar, promover y amplificar el movimiento global del CLT. Es una oportunidad para poner de relieve nuestra diversa comunidad de CLT, mostrar proyectos impactantes a\u2026","rel":"","context":"Em &quot;CLT en el mundo&quot;","block_context":{"text":"CLT en el mundo","link":"https:\/\/www.cltweb.org\/es\/category\/clt-en-el-mundo\/"},"img":{"alt_text":"Logotipo del D\u00eda Mundial del CLT","src":"https:\/\/i0.wp.com\/www.cltweb.org\/wp-content\/uploads\/2024\/11\/WCLTD-Logo-No-Year.png?resize=350%2C200&ssl=1","width":350,"height":200},"classes":[]},{"id":1508,"url":"https:\/\/www.cltweb.org\/pt-br\/biblioteca-de-recursos\/dia-mundial-da-clt\/","url_meta":{"origin":9441,"position":3},"title":"Dia Mundial da CLT","author":"cltredesign_0jp0l4","date":"26 de julho de 2024","format":false,"excerpt":"Reserve a data para o pr\u00f3ximo ano: 16 e 17 de maio de 2025! Como uma comemora\u00e7\u00e3o anual, os principais objetivos do Dia Mundial da CLT s\u00e3o celebrar, promover e ampliar o movimento global da CLT. \u00c9 uma oportunidade de destacar nossa comunidade diversificada de CLT, mostrar projetos impactantes para\u2026","rel":"","context":"Em &quot;CLTs em todo o mundo&quot;","block_context":{"text":"CLTs em todo o mundo","link":"https:\/\/www.cltweb.org\/pt-br\/category\/clts-em-todo-o-mundo\/"},"img":{"alt_text":"World CLT Day Logo","src":"https:\/\/i0.wp.com\/www.cltweb.org\/wp-content\/uploads\/2024\/11\/WCLTD-Logo-No-Year.png?resize=350%2C200&ssl=1","width":350,"height":200},"classes":[]},{"id":2854,"url":"https:\/\/www.cltweb.org\/es\/biblioteca-de-recursos\/agricultura\/conceptos-clave\/blindar-la-tierra-de-la-especulacion\/","url_meta":{"origin":9441,"position":4},"title":"Blindar la tierra de la especulaci\u00f3n","author":"cltredesign_0jp0l4","date":"4 de outubro de 2024","format":false,"excerpt":"Si el suelo asequible es clave para una agricultura urbana comercialmente viable y comprometida con la comunidad, la cuesti\u00f3n es c\u00f3mo proteger la asequibilidad a largo plazo. Esto significa, por un lado, garantizar que las granjas urbanas no se vean desplazadas por el r\u00e1pido aumento de los precios en un\u2026","rel":"","context":"Post similar","block_context":{"text":"Post similar","link":""},"img":{"alt_text":"","src":"","width":0,"height":0},"classes":[]},{"id":9445,"url":"https:\/\/www.cltweb.org\/es\/sobre-nosotros\/oportunidades-profesionales\/consultor-de-desarrollo\/","url_meta":{"origin":9441,"position":5},"title":"Consultor de desarrollo","author":"cltredesign_0jp0l4","date":"19 de maio de 2025","format":false,"excerpt":"Buscamos un consultor de desarrollo experimentado que nos ayude a dirigir nuestros esfuerzos de recaudaci\u00f3n de fondos. Este puesto contratado trabajar\u00e1 veinte (20) horas a la semana en estrecha colaboraci\u00f3n con nuestro Director Ejecutivo, Director de Comunicaciones, consultores de proyectos, as\u00ed como miembros del consejo que participan activamente en los\u2026","rel":"","context":"Em &quot;Empleo&quot;","block_context":{"text":"Empleo","link":"https:\/\/www.cltweb.org\/es\/category\/empleo\/"},"img":{"alt_text":"","src":"","width":0,"height":0},"classes":[]}],"_links":{"self":[{"href":"https:\/\/www.cltweb.org\/pt-br\/wp-json\/wp\/v2\/pages\/9441","targetHints":{"allow":["GET"]}}],"collection":[{"href":"https:\/\/www.cltweb.org\/pt-br\/wp-json\/wp\/v2\/pages"}],"about":[{"href":"https:\/\/www.cltweb.org\/pt-br\/wp-json\/wp\/v2\/types\/page"}],"author":[{"embeddable":true,"href":"https:\/\/www.cltweb.org\/pt-br\/wp-json\/wp\/v2\/users\/1"}],"replies":[{"embeddable":true,"href":"https:\/\/www.cltweb.org\/pt-br\/wp-json\/wp\/v2\/comments?post=9441"}],"version-history":[{"count":4,"href":"https:\/\/www.cltweb.org\/pt-br\/wp-json\/wp\/v2\/pages\/9441\/revisions"}],"predecessor-version":[{"id":9472,"href":"https:\/\/www.cltweb.org\/pt-br\/wp-json\/wp\/v2\/pages\/9441\/revisions\/9472"}],"up":[{"embeddable":true,"href":"https:\/\/www.cltweb.org\/pt-br\/wp-json\/wp\/v2\/pages\/947"}],"wp:attachment":[{"href":"https:\/\/www.cltweb.org\/pt-br\/wp-json\/wp\/v2\/media?parent=9441"}],"wp:term":[{"taxonomy":"category","embeddable":true,"href":"https:\/\/www.cltweb.org\/pt-br\/wp-json\/wp\/v2\/categories?post=9441"},{"taxonomy":"post_tag","embeddable":true,"href":"https:\/\/www.cltweb.org\/pt-br\/wp-json\/wp\/v2\/tags?post=9441"}],"curies":[{"name":"wp","href":"https:\/\/api.w.org\/{rel}","templated":true}]}}